{"id":313104,"date":"2020-03-12T11:04:22","date_gmt":"2020-03-12T11:04:22","guid":{"rendered":"https:\/\/www.purejewels.com\/?post_type=product&#038;p=313104"},"modified":"2026-01-23T06:22:31","modified_gmt":"2026-01-23T06:22:31","slug":"22ct-gold-jali-kadas-6","status":"publish","type":"product","link":"https:\/\/www.purejewels.com\/de\/product\/22ct-gold-jali-kadas-6\/","title":{"rendered":"22ct Gold kontinuierliche Jali Akzent Armreifen Paar"},"content":{"rendered":"<p>Gestaltung<\/p>\n<p>Dieses Armreifenpaar zeichnet sich durch ein ununterbrochenes Jali-Muster aus, das flie\u00dfend um den Umfang herum verl\u00e4uft und ein Gef\u00fchl von Rhythmus und Bewegung vermittelt. In regelm\u00e4\u00dfigen Abst\u00e4nden werden goldene Akzente gesetzt, um dem Design Tiefe und Struktur zu verleihen und einen subtilen Schwerpunkt zu setzen, w\u00e4hrend die visuelle Kontinuit\u00e4t erhalten bleibt. Die Gesamtform ist anmutig, leicht und selbstbewusst modern.<\/p>\n<p>Handwerkliches K\u00f6nnen<\/p>\n<p>Diese handgefertigten Armreifen aus 22-kar\u00e4tigem Gold zeigen pr\u00e4zise Jali-Arbeiten, die durch sorgf\u00e4ltiges Schneiden und Finishing erreicht werden. Die modellierten Akzentdetails sind nahtlos integriert, um die Festigkeit zu erh\u00f6hen, ohne die Zartheit zu beeintr\u00e4chtigen. Die glatten Innenfl\u00e4chen sorgen f\u00fcr ein angenehmes Tragegef\u00fchl im Alltag, und jedes St\u00fcck ist im Vereinigten K\u00f6nigreich f\u00fcr die Reinheitspr\u00fcfung gepunzt.<\/p>\n<p>Styling &amp; Geschenkartikel<\/p>\n<p>Diese vielseitig einsetzbaren Armreifen lassen sich m\u00fchelos im Alltag und zu besonderen Anl\u00e4ssen tragen. Tragen Sie sie als Paar f\u00fcr ein komponiertes Statement oder kombinieren Sie sie mit schlichteren Goldarmb\u00e4ndern f\u00fcr zus\u00e4tzliche Textur. Ein elegantes Geschenk f\u00fcr Geburtstage, Jahrestage und andere wichtige Anl\u00e4sse, das eine raffinierte Interpretation des traditionellen Goldschmucks darstellt.<\/p>","protected":false},"excerpt":{"rendered":"<ul>\n<li>Paar (zwei Kadas) von 22ct Gold Braut oder Party tragen Kadas -<\/li>\n<li>(Wenn Sie ein Kada wollen, fragen Sie bitte im Chat nach - der hier angegebene Preis ist f\u00fcr zwei Kadas)<\/li>\n<li>Kada 1 Wt . 13.5 gms<\/li>\n<li>Kada 2 Wt . 13.5 gms<\/li>\n<li>Gesamtgewicht: 27,0 g<\/li>\n<li>Gr\u00f6\u00dfe: 2,6 Zoll Innendurchmesser. F\u00fcr weitere Gr\u00f6\u00dfen bitte anfragen<\/li>\n<li>Sku 32354, 32355<\/li>\n<li>Dies sind hohle Kadas<\/li>\n<li>Alle unsere 22 Karat Goldschmuckst\u00fccke sind vom London Assay Office gestempelt.<\/li>\n<li>Mit Pr\u00e4sentationsbox<\/li>\n<li>Lieferung inbegriffen<\/li>\n<li>Alle Preise inklusive Mehrwertsteuer<\/li>\n<li>Kontaktieren Sie uns \/ chatten Sie mit uns f\u00fcr ein Live-Video des Produkts<\/li>\n<li><\/li>\n<\/ul>","protected":false},"featured_media":312468,"comment_status":"closed","ping_status":"closed","template":"","meta":{"_eb_attr":"","_crsspst_to_jayantr4sg-hostcom":false},"product_brand":[],"product_cat":[1659,252,1570,1573,1574],"product_tag":[],"class_list":{"0":"post-313104","1":"product","2":"type-product","3":"status-publish","4":"has-post-thumbnail","6":"product_cat-bridal-and-party-wear-gold-kada-bangle","7":"product_cat-jali-collections","8":"product_cat-mothers-day-gifts","9":"product_cat-wedding-gifts","10":"product_cat-womens-jewellery","12":"first","13":"outofstock","14":"taxable","15":"shipping-taxable","16":"product-type-grouped","17":"add-to-wishlist-before_image"},"yoast_head":"<!-- This site is optimized with the Yoast SEO plugin v27.3 - https:\/\/yoast.com\/product\/yoast-seo-wordpress\/ -->\n<title>22ct Gold Continuous Jali Bangles | Online at PureJewels UK<\/title>\n<meta name=\"description\" content=\"Shop the 22ct Gold Continuous Jali Bangles from PureJewels UK. Featuring flowing jali detailing with sculpted gold accents, this handcrafted pair offers everyday elegance in radiant gold.\" \/>\n<meta name=\"robots\" content=\"index, follow, max-snippet:-1, max-image-preview:large, max-video-preview:-1\" \/>\n<link rel=\"canonical\" href=\"https:\/\/www.purejewels.com\/de\/produkt-2\/22ct-gold-jali-kadas-6\/\" \/>\n<meta property=\"og:locale\" content=\"de_DE\" \/>\n<meta property=\"og:type\" content=\"article\" \/>\n<meta property=\"og:title\" content=\"22ct Gold Continuous Jali Bangles | Online at PureJewels UK\" \/>\n<meta property=\"og:description\" content=\"Shop the 22ct Gold Continuous Jali Bangles from PureJewels UK. Featuring flowing jali detailing with sculpted gold accents, this handcrafted pair offers everyday elegance in radiant gold.\" \/>\n<meta property=\"og:url\" content=\"https:\/\/www.purejewels.com\/de\/produkt-2\/22ct-gold-jali-kadas-6\/\" \/>\n<meta property=\"og:site_name\" content=\"PureJewels UK\" \/>\n<meta property=\"article:modified_time\" content=\"2026-01-23T06:22:31+00:00\" \/>\n<meta property=\"og:image\" content=\"https:\/\/static.purejewels.com\/wp-content\/uploads\/2020\/01\/32346_32348.jpg\" \/>\n\t<meta property=\"og:image:width\" content=\"1000\" \/>\n\t<meta property=\"og:image:height\" content=\"1000\" \/>\n\t<meta property=\"og:image:type\" content=\"image\/jpeg\" \/>\n<meta name=\"twitter:card\" content=\"summary_large_image\" \/>\n<meta name=\"twitter:label1\" content=\"Gesch\u00e4tzte Lesezeit\" \/>\n\t<meta name=\"twitter:data1\" content=\"1\u00a0Minute\" \/>\n<script type=\"application\/ld+json\" class=\"yoast-schema-graph\">{\"@context\":\"https:\\\/\\\/schema.org\",\"@graph\":[{\"@type\":[\"WebPage\",\"ItemPage\"],\"@id\":\"https:\\\/\\\/www.purejewels.com\\\/product\\\/22ct-gold-jali-kadas-6\\\/\",\"url\":\"https:\\\/\\\/www.purejewels.com\\\/product\\\/22ct-gold-jali-kadas-6\\\/\",\"name\":\"22ct Gold Continuous Jali Bangles | Online at PureJewels UK\",\"isPartOf\":{\"@id\":\"https:\\\/\\\/www.purejewels.com\\\/#website\"},\"primaryImageOfPage\":{\"@id\":\"https:\\\/\\\/www.purejewels.com\\\/product\\\/22ct-gold-jali-kadas-6\\\/#primaryimage\"},\"image\":{\"@id\":\"https:\\\/\\\/www.purejewels.com\\\/product\\\/22ct-gold-jali-kadas-6\\\/#primaryimage\"},\"thumbnailUrl\":\"https:\\\/\\\/static.purejewels.com\\\/wp-content\\\/uploads\\\/2020\\\/01\\\/32346_32348.jpg\",\"datePublished\":\"2020-03-12T11:04:22+00:00\",\"dateModified\":\"2026-01-23T06:22:31+00:00\",\"description\":\"Shop the 22ct Gold Continuous Jali Bangles from PureJewels UK. Featuring flowing jali detailing with sculpted gold accents, this handcrafted pair offers everyday elegance in radiant gold.\",\"breadcrumb\":{\"@id\":\"https:\\\/\\\/www.purejewels.com\\\/product\\\/22ct-gold-jali-kadas-6\\\/#breadcrumb\"},\"inLanguage\":\"de\",\"potentialAction\":[{\"@type\":\"ReadAction\",\"target\":[\"https:\\\/\\\/www.purejewels.com\\\/product\\\/22ct-gold-jali-kadas-6\\\/\"]}]},{\"@type\":\"ImageObject\",\"inLanguage\":\"de\",\"@id\":\"https:\\\/\\\/www.purejewels.com\\\/product\\\/22ct-gold-jali-kadas-6\\\/#primaryimage\",\"url\":\"https:\\\/\\\/static.purejewels.com\\\/wp-content\\\/uploads\\\/2020\\\/01\\\/32346_32348.jpg\",\"contentUrl\":\"https:\\\/\\\/static.purejewels.com\\\/wp-content\\\/uploads\\\/2020\\\/01\\\/32346_32348.jpg\",\"width\":1000,\"height\":1000,\"caption\":\"32346_32348\"},{\"@type\":\"BreadcrumbList\",\"@id\":\"https:\\\/\\\/www.purejewels.com\\\/product\\\/22ct-gold-jali-kadas-6\\\/#breadcrumb\",\"itemListElement\":[{\"@type\":\"ListItem\",\"position\":1,\"name\":\"Home\",\"item\":\"https:\\\/\\\/www.purejewels.com\\\/\"},{\"@type\":\"ListItem\",\"position\":2,\"name\":\"Shop\",\"item\":\"https:\\\/\\\/www.purejewels.com\\\/shop\\\/\"},{\"@type\":\"ListItem\",\"position\":3,\"name\":\"22ct Gold Continuous Jali Accent Bangles Pair\"}]},{\"@type\":\"WebSite\",\"@id\":\"https:\\\/\\\/www.purejewels.com\\\/#website\",\"url\":\"https:\\\/\\\/www.purejewels.com\\\/\",\"name\":\"PureJewels UK\",\"description\":\"Share the Love\",\"publisher\":{\"@id\":\"https:\\\/\\\/www.purejewels.com\\\/#organization\"},\"potentialAction\":[{\"@type\":\"SearchAction\",\"target\":{\"@type\":\"EntryPoint\",\"urlTemplate\":\"https:\\\/\\\/www.purejewels.com\\\/?s={search_term_string}\"},\"query-input\":{\"@type\":\"PropertyValueSpecification\",\"valueRequired\":true,\"valueName\":\"search_term_string\"}}],\"inLanguage\":\"de\"},{\"@type\":\"Organization\",\"@id\":\"https:\\\/\\\/www.purejewels.com\\\/#organization\",\"name\":\"PureJewels UK\",\"url\":\"https:\\\/\\\/www.purejewels.com\\\/\",\"logo\":{\"@type\":\"ImageObject\",\"inLanguage\":\"de\",\"@id\":\"https:\\\/\\\/www.purejewels.com\\\/#\\\/schema\\\/logo\\\/image\\\/\",\"url\":\"https:\\\/\\\/static.purejewels.com\\\/wp-content\\\/uploads\\\/2020\\\/11\\\/Logo-PJ-New-1.png\",\"contentUrl\":\"https:\\\/\\\/static.purejewels.com\\\/wp-content\\\/uploads\\\/2020\\\/11\\\/Logo-PJ-New-1.png\",\"width\":150,\"height\":80,\"caption\":\"PureJewels UK\"},\"image\":{\"@id\":\"https:\\\/\\\/www.purejewels.com\\\/#\\\/schema\\\/logo\\\/image\\\/\"}}]}<\/script>\n<!-- \/ Yoast SEO plugin. -->","yoast_head_json":{"title":"22ct Gold kontinuierliche Jali Armreifen | Online bei PureJewels UK","description":"Kaufen Sie die 22ct Gold Continuous Jali Bangles von PureJewels UK. Mit flie\u00dfenden Jali-Details und geformten Goldakzenten bietet dieses handgefertigte Paar allt\u00e4gliche Eleganz in strahlendem Gold.","robots":{"index":"index","follow":"follow","max-snippet":"max-snippet:-1","max-image-preview":"max-image-preview:large","max-video-preview":"max-video-preview:-1"},"canonical":"https:\/\/www.purejewels.com\/de\/produkt-2\/22ct-gold-jali-kadas-6\/","og_locale":"de_DE","og_type":"article","og_title":"22ct Gold Continuous Jali Bangles | Online at PureJewels UK","og_description":"Shop the 22ct Gold Continuous Jali Bangles from PureJewels UK. Featuring flowing jali detailing with sculpted gold accents, this handcrafted pair offers everyday elegance in radiant gold.","og_url":"https:\/\/www.purejewels.com\/de\/produkt-2\/22ct-gold-jali-kadas-6\/","og_site_name":"PureJewels UK","article_modified_time":"2026-01-23T06:22:31+00:00","og_image":[{"width":1000,"height":1000,"url":"https:\/\/static.purejewels.com\/wp-content\/uploads\/2020\/01\/32346_32348.jpg","type":"image\/jpeg"}],"twitter_card":"summary_large_image","twitter_misc":{"Gesch\u00e4tzte Lesezeit":"1\u00a0Minute"},"schema":{"@context":"https:\/\/schema.org","@graph":[{"@type":["WebPage","ItemPage"],"@id":"https:\/\/www.purejewels.com\/product\/22ct-gold-jali-kadas-6\/","url":"https:\/\/www.purejewels.com\/product\/22ct-gold-jali-kadas-6\/","name":"22ct Gold kontinuierliche Jali Armreifen | Online bei PureJewels UK","isPartOf":{"@id":"https:\/\/www.purejewels.com\/#website"},"primaryImageOfPage":{"@id":"https:\/\/www.purejewels.com\/product\/22ct-gold-jali-kadas-6\/#primaryimage"},"image":{"@id":"https:\/\/www.purejewels.com\/product\/22ct-gold-jali-kadas-6\/#primaryimage"},"thumbnailUrl":"https:\/\/static.purejewels.com\/wp-content\/uploads\/2020\/01\/32346_32348.jpg","datePublished":"2020-03-12T11:04:22+00:00","dateModified":"2026-01-23T06:22:31+00:00","description":"Kaufen Sie die 22ct Gold Continuous Jali Bangles von PureJewels UK. Mit flie\u00dfenden Jali-Details und geformten Goldakzenten bietet dieses handgefertigte Paar allt\u00e4gliche Eleganz in strahlendem Gold.","breadcrumb":{"@id":"https:\/\/www.purejewels.com\/product\/22ct-gold-jali-kadas-6\/#breadcrumb"},"inLanguage":"de","potentialAction":[{"@type":"ReadAction","target":["https:\/\/www.purejewels.com\/product\/22ct-gold-jali-kadas-6\/"]}]},{"@type":"ImageObject","inLanguage":"de","@id":"https:\/\/www.purejewels.com\/product\/22ct-gold-jali-kadas-6\/#primaryimage","url":"https:\/\/static.purejewels.com\/wp-content\/uploads\/2020\/01\/32346_32348.jpg","contentUrl":"https:\/\/static.purejewels.com\/wp-content\/uploads\/2020\/01\/32346_32348.jpg","width":1000,"height":1000,"caption":"32346_32348"},{"@type":"BreadcrumbList","@id":"https:\/\/www.purejewels.com\/product\/22ct-gold-jali-kadas-6\/#breadcrumb","itemListElement":[{"@type":"ListItem","position":1,"name":"Home","item":"https:\/\/www.purejewels.com\/"},{"@type":"ListItem","position":2,"name":"Shop","item":"https:\/\/www.purejewels.com\/shop\/"},{"@type":"ListItem","position":3,"name":"22ct Gold Continuous Jali Accent Bangles Pair"}]},{"@type":"WebSite","@id":"https:\/\/www.purejewels.com\/#website","url":"https:\/\/www.purejewels.com\/","name":"PureJewels UK","description":"Teile die Liebe","publisher":{"@id":"https:\/\/www.purejewels.com\/#organization"},"potentialAction":[{"@type":"SearchAction","target":{"@type":"EntryPoint","urlTemplate":"https:\/\/www.purejewels.com\/?s={search_term_string}"},"query-input":{"@type":"PropertyValueSpecification","valueRequired":true,"valueName":"search_term_string"}}],"inLanguage":"de"},{"@type":"Organization","@id":"https:\/\/www.purejewels.com\/#organization","name":"PureJewels UK","url":"https:\/\/www.purejewels.com\/","logo":{"@type":"ImageObject","inLanguage":"de","@id":"https:\/\/www.purejewels.com\/#\/schema\/logo\/image\/","url":"https:\/\/static.purejewels.com\/wp-content\/uploads\/2020\/11\/Logo-PJ-New-1.png","contentUrl":"https:\/\/static.purejewels.com\/wp-content\/uploads\/2020\/11\/Logo-PJ-New-1.png","width":150,"height":80,"caption":"PureJewels UK"},"image":{"@id":"https:\/\/www.purejewels.com\/#\/schema\/logo\/image\/"}}]}},"_links":{"self":[{"href":"https:\/\/www.purejewels.com\/de\/wp-json\/wp\/v2\/product\/313104","targetHints":{"allow":["GET"]}}],"collection":[{"href":"https:\/\/www.purejewels.com\/de\/wp-json\/wp\/v2\/product"}],"about":[{"href":"https:\/\/www.purejewels.com\/de\/wp-json\/wp\/v2\/types\/product"}],"replies":[{"embeddable":true,"href":"https:\/\/www.purejewels.com\/de\/wp-json\/wp\/v2\/comments?post=313104"}],"version-history":[{"count":3,"href":"https:\/\/www.purejewels.com\/de\/wp-json\/wp\/v2\/product\/313104\/revisions"}],"predecessor-version":[{"id":425148,"href":"https:\/\/www.purejewels.com\/de\/wp-json\/wp\/v2\/product\/313104\/revisions\/425148"}],"wp:featuredmedia":[{"embeddable":true,"href":"https:\/\/www.purejewels.com\/de\/wp-json\/wp\/v2\/media\/312468"}],"wp:attachment":[{"href":"https:\/\/www.purejewels.com\/de\/wp-json\/wp\/v2\/media?parent=313104"}],"wp:term":[{"taxonomy":"product_brand","embeddable":true,"href":"https:\/\/www.purejewels.com\/de\/wp-json\/wp\/v2\/product_brand?post=313104"},{"taxonomy":"product_cat","embeddable":true,"href":"https:\/\/www.purejewels.com\/de\/wp-json\/wp\/v2\/product_cat?post=313104"},{"taxonomy":"product_tag","embeddable":true,"href":"https:\/\/www.purejewels.com\/de\/wp-json\/wp\/v2\/product_tag?post=313104"}],"curies":[{"name":"wp","href":"https:\/\/api.w.org\/{rel}","templated":true}]}}