{"id":313195,"date":"2020-03-23T12:34:58","date_gmt":"2020-03-23T12:34:58","guid":{"rendered":"https:\/\/www.purejewels.com\/?post_type=product&#038;p=313195"},"modified":"2025-09-16T12:34:57","modified_gmt":"2025-09-16T11:34:57","slug":"22ct-stern-ohrstecker-stern-ohrringe","status":"publish","type":"product","link":"https:\/\/www.purejewels.com\/de\/product\/22ct-star-stud-star-earrings\/","title":{"rendered":"22ct Stern Ohrstecker Stern Ohrringe"},"content":{"rendered":"<p data-start=\"187\" data-end=\"456\">Verleihen Sie Ihrem Alltagslook einen himmlischen Glanz mit diesen charmanten <strong data-start=\"253\" data-end=\"278\">CZ Stern-Bolzen <a href=\"https:\/\/www.purejewels.com\/de\/product-category\/22ct-gold-jewellery\/gold-earrings\/\">Ohrringe<\/a><\/strong>. Jeder der polierten, goldfarbenen Ohrstecker ist mit einem zarten, f\u00fcnfzackigen Stern mit schimmernden Zirkoniasteinen besetzt, die bei jeder Bewegung das Licht einfangen.<\/p>\n<p data-start=\"458\" data-end=\"696\">Diese leichten und bequemen, vielseitigen Ohrstecker sind perfekt f\u00fcr das t\u00e4gliche Tragen oder als verspielter Akzent f\u00fcr Abendlooks. Ihr zeitloses Sternendesign macht sie zu einem idealen Geschenk f\u00fcr alle Altersgruppen und symbolisiert Licht, F\u00fchrung und einen Hauch von Magie.<\/p>","protected":false},"excerpt":{"rendered":"<ul>\n<li>22ct Stern Ohrstecker Stern Ohrringe<\/li>\n<li>mit Cz-Steinen<\/li>\n<li>Wt. 2.2 gms<\/li>\n<li>SKU. 30866<\/li>\n<li>Alle Preise inklusive Mehrwertsteuer<\/li>\n<li>22ct Gold gestempelt von London Assay Office<\/li>\n<li>Mit Pr\u00e4sentationsbox<\/li>\n<li>Lieferung inbegriffen<\/li>\n<li>Live-Chat mit uns f\u00fcr die Verf\u00fcgbarkeit und mehr Bilder von \u00e4hnlichen Designs derzeit auf Lager<\/li>\n<\/ul>","protected":false},"featured_media":315519,"comment_status":"closed","ping_status":"closed","template":"","meta":{"_eb_attr":"","_crsspst_to_jayantr4sg-hostcom":false},"product_brand":[],"product_cat":[1254,1229],"product_tag":[],"class_list":{"0":"post-313195","1":"product","2":"type-product","3":"status-publish","4":"has-post-thumbnail","6":"product_cat-gold-earrings","7":"product_cat-22ct-gold-jewellery","9":"first","10":"outofstock","11":"taxable","12":"shipping-taxable","13":"product-type-simple","14":"add-to-wishlist-before_image"},"yoast_head":"<!-- This site is optimized with the Yoast SEO plugin v27.3 - https:\/\/yoast.com\/product\/yoast-seo-wordpress\/ -->\n<title>Shop 22ct Star Stud Star Earrings | Earrings | PureJewels<\/title>\n<meta name=\"description\" content=\"Browse our beautiful collection of Real Gold Earrings from Purejewels, Specialists in Diamond, Platinum, 22ct 22kt gold.\" \/>\n<meta name=\"robots\" content=\"index, follow, max-snippet:-1, max-image-preview:large, max-video-preview:-1\" \/>\n<link rel=\"canonical\" href=\"https:\/\/www.purejewels.com\/de\/produkt-2\/22ct-stern-ohrstecker-stern-ohrringe\/\" \/>\n<meta property=\"og:locale\" content=\"de_DE\" \/>\n<meta property=\"og:type\" content=\"article\" \/>\n<meta property=\"og:title\" content=\"Shop 22ct Star Stud Star Earrings | Earrings | PureJewels\" \/>\n<meta property=\"og:description\" content=\"Browse our beautiful collection of Real Gold Earrings from Purejewels, Specialists in Diamond, Platinum, 22ct 22kt gold.\" \/>\n<meta property=\"og:url\" content=\"https:\/\/www.purejewels.com\/de\/produkt-2\/22ct-stern-ohrstecker-stern-ohrringe\/\" \/>\n<meta property=\"og:site_name\" content=\"PureJewels UK\" \/>\n<meta property=\"article:modified_time\" content=\"2025-09-16T11:34:57+00:00\" \/>\n<meta property=\"og:image\" content=\"https:\/\/www.purejewels.com\/wp-content\/uploads\/2020\/07\/175517981-1.jpg\" \/>\n\t<meta property=\"og:image:width\" content=\"450\" \/>\n\t<meta property=\"og:image:height\" content=\"450\" \/>\n\t<meta property=\"og:image:type\" content=\"image\/jpeg\" \/>\n<meta name=\"twitter:card\" content=\"summary_large_image\" \/>\n<script type=\"application\/ld+json\" class=\"yoast-schema-graph\">{\"@context\":\"https:\\\/\\\/schema.org\",\"@graph\":[{\"@type\":[\"WebPage\",\"ItemPage\"],\"@id\":\"https:\\\/\\\/www.purejewels.com\\\/product\\\/22ct-star-stud-star-earrings\\\/\",\"url\":\"https:\\\/\\\/www.purejewels.com\\\/product\\\/22ct-star-stud-star-earrings\\\/\",\"name\":\"Shop 22ct Star Stud Star Earrings | Earrings | PureJewels\",\"isPartOf\":{\"@id\":\"https:\\\/\\\/www.purejewels.com\\\/#website\"},\"primaryImageOfPage\":{\"@id\":\"https:\\\/\\\/www.purejewels.com\\\/product\\\/22ct-star-stud-star-earrings\\\/#primaryimage\"},\"image\":{\"@id\":\"https:\\\/\\\/www.purejewels.com\\\/product\\\/22ct-star-stud-star-earrings\\\/#primaryimage\"},\"thumbnailUrl\":\"https:\\\/\\\/static.purejewels.com\\\/wp-content\\\/uploads\\\/2020\\\/07\\\/175517981-1.jpg\",\"datePublished\":\"2020-03-23T12:34:58+00:00\",\"dateModified\":\"2025-09-16T11:34:57+00:00\",\"description\":\"Browse our beautiful collection of Real Gold Earrings from Purejewels, Specialists in Diamond, Platinum, 22ct 22kt gold.\",\"breadcrumb\":{\"@id\":\"https:\\\/\\\/www.purejewels.com\\\/product\\\/22ct-star-stud-star-earrings\\\/#breadcrumb\"},\"inLanguage\":\"de\",\"potentialAction\":[{\"@type\":\"ReadAction\",\"target\":[\"https:\\\/\\\/www.purejewels.com\\\/product\\\/22ct-star-stud-star-earrings\\\/\"]}]},{\"@type\":\"ImageObject\",\"inLanguage\":\"de\",\"@id\":\"https:\\\/\\\/www.purejewels.com\\\/product\\\/22ct-star-stud-star-earrings\\\/#primaryimage\",\"url\":\"https:\\\/\\\/static.purejewels.com\\\/wp-content\\\/uploads\\\/2020\\\/07\\\/175517981-1.jpg\",\"contentUrl\":\"https:\\\/\\\/static.purejewels.com\\\/wp-content\\\/uploads\\\/2020\\\/07\\\/175517981-1.jpg\",\"width\":450,\"height\":450},{\"@type\":\"BreadcrumbList\",\"@id\":\"https:\\\/\\\/www.purejewels.com\\\/product\\\/22ct-star-stud-star-earrings\\\/#breadcrumb\",\"itemListElement\":[{\"@type\":\"ListItem\",\"position\":1,\"name\":\"Home\",\"item\":\"https:\\\/\\\/www.purejewels.com\\\/\"},{\"@type\":\"ListItem\",\"position\":2,\"name\":\"Shop\",\"item\":\"https:\\\/\\\/www.purejewels.com\\\/shop\\\/\"},{\"@type\":\"ListItem\",\"position\":3,\"name\":\"22ct Star Stud Star Earrings\"}]},{\"@type\":\"WebSite\",\"@id\":\"https:\\\/\\\/www.purejewels.com\\\/#website\",\"url\":\"https:\\\/\\\/www.purejewels.com\\\/\",\"name\":\"PureJewels UK\",\"description\":\"Share the Love\",\"publisher\":{\"@id\":\"https:\\\/\\\/www.purejewels.com\\\/#organization\"},\"potentialAction\":[{\"@type\":\"SearchAction\",\"target\":{\"@type\":\"EntryPoint\",\"urlTemplate\":\"https:\\\/\\\/www.purejewels.com\\\/?s={search_term_string}\"},\"query-input\":{\"@type\":\"PropertyValueSpecification\",\"valueRequired\":true,\"valueName\":\"search_term_string\"}}],\"inLanguage\":\"de\"},{\"@type\":\"Organization\",\"@id\":\"https:\\\/\\\/www.purejewels.com\\\/#organization\",\"name\":\"PureJewels UK\",\"url\":\"https:\\\/\\\/www.purejewels.com\\\/\",\"logo\":{\"@type\":\"ImageObject\",\"inLanguage\":\"de\",\"@id\":\"https:\\\/\\\/www.purejewels.com\\\/#\\\/schema\\\/logo\\\/image\\\/\",\"url\":\"https:\\\/\\\/static.purejewels.com\\\/wp-content\\\/uploads\\\/2020\\\/11\\\/Logo-PJ-New-1.png\",\"contentUrl\":\"https:\\\/\\\/static.purejewels.com\\\/wp-content\\\/uploads\\\/2020\\\/11\\\/Logo-PJ-New-1.png\",\"width\":150,\"height\":80,\"caption\":\"PureJewels UK\"},\"image\":{\"@id\":\"https:\\\/\\\/www.purejewels.com\\\/#\\\/schema\\\/logo\\\/image\\\/\"}}]}<\/script>\n<!-- \/ Yoast SEO plugin. -->","yoast_head_json":{"title":"Shop 22ct Stern Ohrstecker Stern Ohrringe | Ohrringe | PureJewels","description":"St\u00f6bern Sie in unserer sch\u00f6nen Kollektion von Ohrringen aus echtem Gold von Purejewels, den Spezialisten f\u00fcr Diamanten, Platin, 22ct 22kt Gold.","robots":{"index":"index","follow":"follow","max-snippet":"max-snippet:-1","max-image-preview":"max-image-preview:large","max-video-preview":"max-video-preview:-1"},"canonical":"https:\/\/www.purejewels.com\/de\/produkt-2\/22ct-stern-ohrstecker-stern-ohrringe\/","og_locale":"de_DE","og_type":"article","og_title":"Shop 22ct Star Stud Star Earrings | Earrings | PureJewels","og_description":"Browse our beautiful collection of Real Gold Earrings from Purejewels, Specialists in Diamond, Platinum, 22ct 22kt gold.","og_url":"https:\/\/www.purejewels.com\/de\/produkt-2\/22ct-stern-ohrstecker-stern-ohrringe\/","og_site_name":"PureJewels UK","article_modified_time":"2025-09-16T11:34:57+00:00","og_image":[{"width":450,"height":450,"url":"https:\/\/www.purejewels.com\/wp-content\/uploads\/2020\/07\/175517981-1.jpg","type":"image\/jpeg"}],"twitter_card":"summary_large_image","schema":{"@context":"https:\/\/schema.org","@graph":[{"@type":["WebPage","ItemPage"],"@id":"https:\/\/www.purejewels.com\/product\/22ct-star-stud-star-earrings\/","url":"https:\/\/www.purejewels.com\/product\/22ct-star-stud-star-earrings\/","name":"Shop 22ct Stern Ohrstecker Stern Ohrringe | Ohrringe | PureJewels","isPartOf":{"@id":"https:\/\/www.purejewels.com\/#website"},"primaryImageOfPage":{"@id":"https:\/\/www.purejewels.com\/product\/22ct-star-stud-star-earrings\/#primaryimage"},"image":{"@id":"https:\/\/www.purejewels.com\/product\/22ct-star-stud-star-earrings\/#primaryimage"},"thumbnailUrl":"https:\/\/static.purejewels.com\/wp-content\/uploads\/2020\/07\/175517981-1.jpg","datePublished":"2020-03-23T12:34:58+00:00","dateModified":"2025-09-16T11:34:57+00:00","description":"St\u00f6bern Sie in unserer sch\u00f6nen Kollektion von Ohrringen aus echtem Gold von Purejewels, den Spezialisten f\u00fcr Diamanten, Platin, 22ct 22kt Gold.","breadcrumb":{"@id":"https:\/\/www.purejewels.com\/product\/22ct-star-stud-star-earrings\/#breadcrumb"},"inLanguage":"de","potentialAction":[{"@type":"ReadAction","target":["https:\/\/www.purejewels.com\/product\/22ct-star-stud-star-earrings\/"]}]},{"@type":"ImageObject","inLanguage":"de","@id":"https:\/\/www.purejewels.com\/product\/22ct-star-stud-star-earrings\/#primaryimage","url":"https:\/\/static.purejewels.com\/wp-content\/uploads\/2020\/07\/175517981-1.jpg","contentUrl":"https:\/\/static.purejewels.com\/wp-content\/uploads\/2020\/07\/175517981-1.jpg","width":450,"height":450},{"@type":"BreadcrumbList","@id":"https:\/\/www.purejewels.com\/product\/22ct-star-stud-star-earrings\/#breadcrumb","itemListElement":[{"@type":"ListItem","position":1,"name":"Home","item":"https:\/\/www.purejewels.com\/"},{"@type":"ListItem","position":2,"name":"Shop","item":"https:\/\/www.purejewels.com\/shop\/"},{"@type":"ListItem","position":3,"name":"22ct Star Stud Star Earrings"}]},{"@type":"WebSite","@id":"https:\/\/www.purejewels.com\/#website","url":"https:\/\/www.purejewels.com\/","name":"PureJewels UK","description":"Teile die Liebe","publisher":{"@id":"https:\/\/www.purejewels.com\/#organization"},"potentialAction":[{"@type":"SearchAction","target":{"@type":"EntryPoint","urlTemplate":"https:\/\/www.purejewels.com\/?s={search_term_string}"},"query-input":{"@type":"PropertyValueSpecification","valueRequired":true,"valueName":"search_term_string"}}],"inLanguage":"de"},{"@type":"Organization","@id":"https:\/\/www.purejewels.com\/#organization","name":"PureJewels UK","url":"https:\/\/www.purejewels.com\/","logo":{"@type":"ImageObject","inLanguage":"de","@id":"https:\/\/www.purejewels.com\/#\/schema\/logo\/image\/","url":"https:\/\/static.purejewels.com\/wp-content\/uploads\/2020\/11\/Logo-PJ-New-1.png","contentUrl":"https:\/\/static.purejewels.com\/wp-content\/uploads\/2020\/11\/Logo-PJ-New-1.png","width":150,"height":80,"caption":"PureJewels UK"},"image":{"@id":"https:\/\/www.purejewels.com\/#\/schema\/logo\/image\/"}}]}},"_links":{"self":[{"href":"https:\/\/www.purejewels.com\/de\/wp-json\/wp\/v2\/product\/313195","targetHints":{"allow":["GET"]}}],"collection":[{"href":"https:\/\/www.purejewels.com\/de\/wp-json\/wp\/v2\/product"}],"about":[{"href":"https:\/\/www.purejewels.com\/de\/wp-json\/wp\/v2\/types\/product"}],"replies":[{"embeddable":true,"href":"https:\/\/www.purejewels.com\/de\/wp-json\/wp\/v2\/comments?post=313195"}],"version-history":[{"count":1,"href":"https:\/\/www.purejewels.com\/de\/wp-json\/wp\/v2\/product\/313195\/revisions"}],"predecessor-version":[{"id":415470,"href":"https:\/\/www.purejewels.com\/de\/wp-json\/wp\/v2\/product\/313195\/revisions\/415470"}],"wp:featuredmedia":[{"embeddable":true,"href":"https:\/\/www.purejewels.com\/de\/wp-json\/wp\/v2\/media\/315519"}],"wp:attachment":[{"href":"https:\/\/www.purejewels.com\/de\/wp-json\/wp\/v2\/media?parent=313195"}],"wp:term":[{"taxonomy":"product_brand","embeddable":true,"href":"https:\/\/www.purejewels.com\/de\/wp-json\/wp\/v2\/product_brand?post=313195"},{"taxonomy":"product_cat","embeddable":true,"href":"https:\/\/www.purejewels.com\/de\/wp-json\/wp\/v2\/product_cat?post=313195"},{"taxonomy":"product_tag","embeddable":true,"href":"https:\/\/www.purejewels.com\/de\/wp-json\/wp\/v2\/product_tag?post=313195"}],"curies":[{"name":"wp","href":"https:\/\/api.w.org\/{rel}","templated":true}]}}