{"id":313728,"date":"2020-04-21T11:07:09","date_gmt":"2020-04-21T10:07:09","guid":{"rendered":"https:\/\/www.purejewels.com\/?post_type=product&#038;p=313728"},"modified":"2026-01-06T09:51:07","modified_gmt":"2026-01-06T09:51:07","slug":"22-kt-indisches-gold-baby-armband-31023","status":"publish","type":"product","link":"https:\/\/www.purejewels.com\/de\/product\/22ct-indian-gold-baby-bracelet-31023\/","title":{"rendered":"22 Karat Gold Babyarmband \u2013 Leichtgewicht f\u00fcr die Kleinen"},"content":{"rendered":"<p><strong>Gestaltung<\/strong><\/p>\n<p>Dieses entz\u00fcckende Babyarmband wurde sorgf\u00e4ltig aus reinem 22-kar\u00e4tigem Gold gefertigt, wobei sowohl Eleganz als auch Komfort im Vordergrund standen. Durch sein minimalistisches Design eignet es sich sowohl f\u00fcr Jungen als auch f\u00fcr M\u00e4dchen, und dank seiner zierlichen Struktur liegt es sanft am Handgelenk des Babys an.<\/p>\n<p><strong>Handwerkliches K\u00f6nnen<\/strong><\/p>\n<p>Das Armband wurde von erfahrenen Handwerkern fachm\u00e4nnisch gefertigt und verf\u00fcgt \u00fcber abgerundete Kanten und eine glatte Oberfl\u00e4che, um Hautirritationen zu vermeiden. Es besteht aus hypoallergenem Gold und verf\u00fcgt \u00fcber einen sicheren und dennoch einfach zu bedienenden Verschluss. Es ist so konzipiert, dass es sanft zur empfindlichen Babyhaut ist und gleichzeitig sein luxuri\u00f6ses Aussehen beh\u00e4lt.<\/p>\n<p><strong>Stil<\/strong><\/p>\n<p>Ob als Geschenk zur Babyparty, zur Namensgebung oder zum Geburtstag \u2013 dieses Armband ist ein zeitloses Zeichen der Liebe und des Segens. Es ist leicht und stilvoll und kann t\u00e4glich getragen oder als wertvolles Andenken f\u00fcr die kommenden Jahre aufbewahrt werden. Eine perfekte Mischung aus Sentimentalit\u00e4t und Stil von PureJewels.<\/p>","protected":false},"excerpt":{"rendered":"<p>Ein zartes Armband aus 22 Karat Gold, speziell f\u00fcr Babys gefertigt \u2013 sicher, glatt und bequem f\u00fcr den t\u00e4glichen Gebrauch.<\/p>\n<ul>\n<li>22ct Gold Armband f\u00fcr neugeborenes Baby.<\/li>\n<li>Geeignet f\u00fcr Kinder, Kinder, Kind, Kleinkind, Neugeborene.<\/li>\n<li>22 Karat Goldschmuck mit Punzierung f\u00fcr Kinder.<\/li>\n<li>Ungef\u00e4hre L\u00e4nge: 5 Zoll<\/li>\n<li>Gewicht : 2.2 g<\/li>\n<li>SKU. 31023<\/li>\n<li>Alle Preise inklusive Mehrwertsteuer<\/li>\n<li>22ct Gold gestempelt von London Assay Office<\/li>\n<li>Mit Pr\u00e4sentationsbox<\/li>\n<li>Lieferung inbegriffen<\/li>\n<li>Live-Chat mit uns f\u00fcr die Verf\u00fcgbarkeit und mehr Bilder von \u00e4hnlichen Designs derzeit auf Lager<\/li>\n<\/ul>","protected":false},"featured_media":315474,"comment_status":"closed","ping_status":"closed","template":"","meta":{"_eb_attr":"","_crsspst_to_jayantr4sg-hostcom":false},"product_brand":[],"product_cat":[1576,1436],"product_tag":[],"class_list":{"0":"post-313728","1":"product","2":"type-product","3":"status-publish","4":"has-post-thumbnail","6":"product_cat-childrens-jewellery","7":"product_cat-kids-bracelet-kada","9":"first","10":"outofstock","11":"featured","12":"taxable","13":"shipping-taxable","14":"product-type-simple","15":"add-to-wishlist-before_image"},"yoast_head":"<!-- This site is optimized with the Yoast SEO plugin v27.6 - https:\/\/yoast.com\/product\/yoast-seo-wordpress\/ -->\n<title>22ct Gold Baby Bracelet for Boys &amp; Girls | PureJewels UK<\/title>\n<meta name=\"description\" content=\"Discover PureJewels&#039; 22ct Gold Baby Bracelet \u2013 a lightweight, comfortable, and safe gold bracelet specially designed for newborns and toddlers.\" \/>\n<meta name=\"robots\" content=\"index, follow, max-snippet:-1, max-image-preview:large, max-video-preview:-1\" \/>\n<link rel=\"canonical\" href=\"https:\/\/www.purejewels.com\/de\/produkt-2\/22-kt-indisches-gold-baby-armband-31023\/\" \/>\n<meta property=\"og:locale\" content=\"de_DE\" \/>\n<meta property=\"og:type\" content=\"article\" \/>\n<meta property=\"og:title\" content=\"22ct Gold Baby Bracelet for Boys &amp; Girls | PureJewels UK\" \/>\n<meta property=\"og:description\" content=\"Discover PureJewels&#039; 22ct Gold Baby Bracelet \u2013 a lightweight, comfortable, and safe gold bracelet specially designed for newborns and toddlers.\" \/>\n<meta property=\"og:url\" content=\"https:\/\/www.purejewels.com\/de\/produkt-2\/22-kt-indisches-gold-baby-armband-31023\/\" \/>\n<meta property=\"og:site_name\" content=\"PureJewels UK\" \/>\n<meta property=\"article:modified_time\" content=\"2026-01-06T09:51:07+00:00\" \/>\n<meta property=\"og:image\" content=\"https:\/\/static.purejewels.com\/wp-content\/uploads\/2020\/04\/22984_1_r.png\" \/>\n\t<meta property=\"og:image:width\" content=\"1000\" \/>\n\t<meta property=\"og:image:height\" content=\"1000\" \/>\n\t<meta property=\"og:image:type\" content=\"image\/png\" \/>\n<meta name=\"twitter:card\" content=\"summary_large_image\" \/>\n<meta name=\"twitter:label1\" content=\"Gesch\u00e4tzte Lesezeit\" \/>\n\t<meta name=\"twitter:data1\" content=\"1\u00a0Minute\" \/>\n<script type=\"application\/ld+json\" class=\"yoast-schema-graph\">{\"@context\":\"https:\\\/\\\/schema.org\",\"@graph\":[{\"@type\":[\"WebPage\",\"ItemPage\"],\"@id\":\"https:\\\/\\\/www.purejewels.com\\\/product\\\/22ct-indian-gold-baby-bracelet-31023\\\/\",\"url\":\"https:\\\/\\\/www.purejewels.com\\\/product\\\/22ct-indian-gold-baby-bracelet-31023\\\/\",\"name\":\"22ct Gold Baby Bracelet for Boys & Girls | PureJewels UK\",\"isPartOf\":{\"@id\":\"https:\\\/\\\/www.purejewels.com\\\/#website\"},\"primaryImageOfPage\":{\"@id\":\"https:\\\/\\\/www.purejewels.com\\\/product\\\/22ct-indian-gold-baby-bracelet-31023\\\/#primaryimage\"},\"image\":{\"@id\":\"https:\\\/\\\/www.purejewels.com\\\/product\\\/22ct-indian-gold-baby-bracelet-31023\\\/#primaryimage\"},\"thumbnailUrl\":\"https:\\\/\\\/static.purejewels.com\\\/wp-content\\\/uploads\\\/2020\\\/04\\\/22984_1_r.png\",\"datePublished\":\"2020-04-21T10:07:09+00:00\",\"dateModified\":\"2026-01-06T09:51:07+00:00\",\"description\":\"Discover PureJewels' 22ct Gold Baby Bracelet \u2013 a lightweight, comfortable, and safe gold bracelet specially designed for newborns and toddlers.\",\"breadcrumb\":{\"@id\":\"https:\\\/\\\/www.purejewels.com\\\/product\\\/22ct-indian-gold-baby-bracelet-31023\\\/#breadcrumb\"},\"inLanguage\":\"de\",\"potentialAction\":[{\"@type\":\"ReadAction\",\"target\":[\"https:\\\/\\\/www.purejewels.com\\\/product\\\/22ct-indian-gold-baby-bracelet-31023\\\/\"]}]},{\"@type\":\"ImageObject\",\"inLanguage\":\"de\",\"@id\":\"https:\\\/\\\/www.purejewels.com\\\/product\\\/22ct-indian-gold-baby-bracelet-31023\\\/#primaryimage\",\"url\":\"https:\\\/\\\/static.purejewels.com\\\/wp-content\\\/uploads\\\/2020\\\/04\\\/22984_1_r.png\",\"contentUrl\":\"https:\\\/\\\/static.purejewels.com\\\/wp-content\\\/uploads\\\/2020\\\/04\\\/22984_1_r.png\",\"width\":1000,\"height\":1000},{\"@type\":\"BreadcrumbList\",\"@id\":\"https:\\\/\\\/www.purejewels.com\\\/product\\\/22ct-indian-gold-baby-bracelet-31023\\\/#breadcrumb\",\"itemListElement\":[{\"@type\":\"ListItem\",\"position\":1,\"name\":\"Home\",\"item\":\"https:\\\/\\\/www.purejewels.com\\\/\"},{\"@type\":\"ListItem\",\"position\":2,\"name\":\"Shop\",\"item\":\"https:\\\/\\\/www.purejewels.com\\\/shop\\\/\"},{\"@type\":\"ListItem\",\"position\":3,\"name\":\"22ct Gold Baby Bracelet \u2013 Lightweight for Little Ones\"}]},{\"@type\":\"WebSite\",\"@id\":\"https:\\\/\\\/www.purejewels.com\\\/#website\",\"url\":\"https:\\\/\\\/www.purejewels.com\\\/\",\"name\":\"PureJewels UK\",\"description\":\"Share the Love\",\"publisher\":{\"@id\":\"https:\\\/\\\/www.purejewels.com\\\/#organization\"},\"potentialAction\":[{\"@type\":\"SearchAction\",\"target\":{\"@type\":\"EntryPoint\",\"urlTemplate\":\"https:\\\/\\\/www.purejewels.com\\\/?s={search_term_string}\"},\"query-input\":{\"@type\":\"PropertyValueSpecification\",\"valueRequired\":true,\"valueName\":\"search_term_string\"}}],\"inLanguage\":\"de\"},{\"@type\":\"Organization\",\"@id\":\"https:\\\/\\\/www.purejewels.com\\\/#organization\",\"name\":\"PureJewels UK\",\"url\":\"https:\\\/\\\/www.purejewels.com\\\/\",\"logo\":{\"@type\":\"ImageObject\",\"inLanguage\":\"de\",\"@id\":\"https:\\\/\\\/www.purejewels.com\\\/#\\\/schema\\\/logo\\\/image\\\/\",\"url\":\"https:\\\/\\\/static.purejewels.com\\\/wp-content\\\/uploads\\\/2020\\\/11\\\/Logo-PJ-New-1.png\",\"contentUrl\":\"https:\\\/\\\/static.purejewels.com\\\/wp-content\\\/uploads\\\/2020\\\/11\\\/Logo-PJ-New-1.png\",\"width\":150,\"height\":80,\"caption\":\"PureJewels UK\"},\"image\":{\"@id\":\"https:\\\/\\\/www.purejewels.com\\\/#\\\/schema\\\/logo\\\/image\\\/\"}}]}<\/script>\n<!-- \/ Yoast SEO plugin. -->","yoast_head_json":{"title":"22 Karat Goldarmband f\u00fcr Jungen und M\u00e4dchen | PureJewels UK","description":"Entdecken Sie das 22-kar\u00e4tige Babyarmband von PureJewels \u2013 ein leichtes, bequemes und sicheres Goldarmband, das speziell f\u00fcr Neugeborene und Kleinkinder entwickelt wurde.","robots":{"index":"index","follow":"follow","max-snippet":"max-snippet:-1","max-image-preview":"max-image-preview:large","max-video-preview":"max-video-preview:-1"},"canonical":"https:\/\/www.purejewels.com\/de\/produkt-2\/22-kt-indisches-gold-baby-armband-31023\/","og_locale":"de_DE","og_type":"article","og_title":"22ct Gold Baby Bracelet for Boys & Girls | PureJewels UK","og_description":"Discover PureJewels' 22ct Gold Baby Bracelet \u2013 a lightweight, comfortable, and safe gold bracelet specially designed for newborns and toddlers.","og_url":"https:\/\/www.purejewels.com\/de\/produkt-2\/22-kt-indisches-gold-baby-armband-31023\/","og_site_name":"PureJewels UK","article_modified_time":"2026-01-06T09:51:07+00:00","og_image":[{"width":1000,"height":1000,"url":"https:\/\/static.purejewels.com\/wp-content\/uploads\/2020\/04\/22984_1_r.png","type":"image\/png"}],"twitter_card":"summary_large_image","twitter_misc":{"Gesch\u00e4tzte Lesezeit":"1\u00a0Minute"},"schema":{"@context":"https:\/\/schema.org","@graph":[{"@type":["WebPage","ItemPage"],"@id":"https:\/\/www.purejewels.com\/product\/22ct-indian-gold-baby-bracelet-31023\/","url":"https:\/\/www.purejewels.com\/product\/22ct-indian-gold-baby-bracelet-31023\/","name":"22 Karat Goldarmband f\u00fcr Jungen und M\u00e4dchen | PureJewels UK","isPartOf":{"@id":"https:\/\/www.purejewels.com\/#website"},"primaryImageOfPage":{"@id":"https:\/\/www.purejewels.com\/product\/22ct-indian-gold-baby-bracelet-31023\/#primaryimage"},"image":{"@id":"https:\/\/www.purejewels.com\/product\/22ct-indian-gold-baby-bracelet-31023\/#primaryimage"},"thumbnailUrl":"https:\/\/static.purejewels.com\/wp-content\/uploads\/2020\/04\/22984_1_r.png","datePublished":"2020-04-21T10:07:09+00:00","dateModified":"2026-01-06T09:51:07+00:00","description":"Entdecken Sie das 22-kar\u00e4tige Babyarmband von PureJewels \u2013 ein leichtes, bequemes und sicheres Goldarmband, das speziell f\u00fcr Neugeborene und Kleinkinder entwickelt wurde.","breadcrumb":{"@id":"https:\/\/www.purejewels.com\/product\/22ct-indian-gold-baby-bracelet-31023\/#breadcrumb"},"inLanguage":"de","potentialAction":[{"@type":"ReadAction","target":["https:\/\/www.purejewels.com\/product\/22ct-indian-gold-baby-bracelet-31023\/"]}]},{"@type":"ImageObject","inLanguage":"de","@id":"https:\/\/www.purejewels.com\/product\/22ct-indian-gold-baby-bracelet-31023\/#primaryimage","url":"https:\/\/static.purejewels.com\/wp-content\/uploads\/2020\/04\/22984_1_r.png","contentUrl":"https:\/\/static.purejewels.com\/wp-content\/uploads\/2020\/04\/22984_1_r.png","width":1000,"height":1000},{"@type":"BreadcrumbList","@id":"https:\/\/www.purejewels.com\/product\/22ct-indian-gold-baby-bracelet-31023\/#breadcrumb","itemListElement":[{"@type":"ListItem","position":1,"name":"Home","item":"https:\/\/www.purejewels.com\/"},{"@type":"ListItem","position":2,"name":"Shop","item":"https:\/\/www.purejewels.com\/shop\/"},{"@type":"ListItem","position":3,"name":"22ct Gold Baby Bracelet \u2013 Lightweight for Little Ones"}]},{"@type":"WebSite","@id":"https:\/\/www.purejewels.com\/#website","url":"https:\/\/www.purejewels.com\/","name":"PureJewels UK","description":"Teile die Liebe","publisher":{"@id":"https:\/\/www.purejewels.com\/#organization"},"potentialAction":[{"@type":"SearchAction","target":{"@type":"EntryPoint","urlTemplate":"https:\/\/www.purejewels.com\/?s={search_term_string}"},"query-input":{"@type":"PropertyValueSpecification","valueRequired":true,"valueName":"search_term_string"}}],"inLanguage":"de"},{"@type":"Organization","@id":"https:\/\/www.purejewels.com\/#organization","name":"PureJewels UK","url":"https:\/\/www.purejewels.com\/","logo":{"@type":"ImageObject","inLanguage":"de","@id":"https:\/\/www.purejewels.com\/#\/schema\/logo\/image\/","url":"https:\/\/static.purejewels.com\/wp-content\/uploads\/2020\/11\/Logo-PJ-New-1.png","contentUrl":"https:\/\/static.purejewels.com\/wp-content\/uploads\/2020\/11\/Logo-PJ-New-1.png","width":150,"height":80,"caption":"PureJewels UK"},"image":{"@id":"https:\/\/www.purejewels.com\/#\/schema\/logo\/image\/"}}]}},"_links":{"self":[{"href":"https:\/\/www.purejewels.com\/de\/wp-json\/wp\/v2\/product\/313728","targetHints":{"allow":["GET"]}}],"collection":[{"href":"https:\/\/www.purejewels.com\/de\/wp-json\/wp\/v2\/product"}],"about":[{"href":"https:\/\/www.purejewels.com\/de\/wp-json\/wp\/v2\/types\/product"}],"replies":[{"embeddable":true,"href":"https:\/\/www.purejewels.com\/de\/wp-json\/wp\/v2\/comments?post=313728"}],"version-history":[{"count":2,"href":"https:\/\/www.purejewels.com\/de\/wp-json\/wp\/v2\/product\/313728\/revisions"}],"predecessor-version":[{"id":424098,"href":"https:\/\/www.purejewels.com\/de\/wp-json\/wp\/v2\/product\/313728\/revisions\/424098"}],"wp:featuredmedia":[{"embeddable":true,"href":"https:\/\/www.purejewels.com\/de\/wp-json\/wp\/v2\/media\/315474"}],"wp:attachment":[{"href":"https:\/\/www.purejewels.com\/de\/wp-json\/wp\/v2\/media?parent=313728"}],"wp:term":[{"taxonomy":"product_brand","embeddable":true,"href":"https:\/\/www.purejewels.com\/de\/wp-json\/wp\/v2\/product_brand?post=313728"},{"taxonomy":"product_cat","embeddable":true,"href":"https:\/\/www.purejewels.com\/de\/wp-json\/wp\/v2\/product_cat?post=313728"},{"taxonomy":"product_tag","embeddable":true,"href":"https:\/\/www.purejewels.com\/de\/wp-json\/wp\/v2\/product_tag?post=313728"}],"curies":[{"name":"wp","href":"https:\/\/api.w.org\/{rel}","templated":true}]}}