{"id":313729,"date":"2020-04-21T12:16:23","date_gmt":"2020-04-21T11:16:23","guid":{"rendered":"https:\/\/www.purejewels.com\/?post_type=product&#038;p=313729"},"modified":"2026-01-06T09:51:07","modified_gmt":"2026-01-06T09:51:07","slug":"22-kt-indisches-gold-baby-armband-5","status":"publish","type":"product","link":"https:\/\/www.purejewels.com\/de\/product\/22ct-indian-gold-baby-bracelet-5\/","title":{"rendered":"22ct Indian Gold Baby Armband"},"content":{"rendered":"<p data-start=\"541\" data-end=\"991\"><strong data-start=\"541\" data-end=\"559\">Designkonzept<\/strong><\/p>\n<p data-start=\"541\" data-end=\"991\">Dieses Babyarmband, das auf eine uralte indische Tradition zur\u00fcckgeht, ist nicht nur ein Schmuckst\u00fcck, sondern auch ein Symbol f\u00fcr Schutz und Segen. Das abwechselnde Muster aus schwarzen Perlen und polierten Goldkugeln spiegelt die kulturelle Bedeutung wider, Negatives abzuwehren und gleichzeitig neue Anf\u00e4nge zu feiern. Das zentrale Motiv ist mit geschnitzten goldenen Details versehen, die F\u00fclle und Freude symbolisieren und es zu einem gesch\u00e4tzten Geschenk f\u00fcr Neugeborene und Kleinkinder machen.<\/p>\n<p data-start=\"998\" data-end=\"1423\"><strong data-start=\"998\" data-end=\"1015\">Handwerkliches K\u00f6nnen<\/strong><\/p>\n<p data-start=\"998\" data-end=\"1423\">Dieses handgefertigte Armband aus reinem 22-kar\u00e4tigem Gold ist sowohl leicht als auch sicher - ideal f\u00fcr zarte Babyhaut. Die feinen Details jeder einzelnen Goldperle, gepaart mit den polierten schwarzen Akzenten, zeugen von akribischer Kunstfertigkeit. Ein Schraubverschluss sorgt f\u00fcr zus\u00e4tzliche Sicherheit und gew\u00e4hrleistet, dass das Armband den ganzen Tag \u00fcber bequem an seinem Platz bleibt. Es ist mit einem Punzierungszeichen f\u00fcr Reinheit und Echtheit versehen und ist ein Andenken, das Bestand hat.<\/p>\n<p data-start=\"1430\" data-end=\"1782\"><strong data-start=\"1430\" data-end=\"1447\">Styling-Ideen<\/strong><\/p>\n<p data-start=\"1430\" data-end=\"1782\">Dieses Armband eignet sich perfekt f\u00fcr Namensgebungszeremonien, Geburtstage oder als liebevolles Geschenk von Gro\u00dfeltern und Paten. Es kann t\u00e4glich getragen oder f\u00fcr besondere Anl\u00e4sse reserviert werden, kombiniert mit traditioneller Kleidung oder weicher Babykleidung aus Baumwolle. In sp\u00e4teren Jahren kann es als Erinnerungsst\u00fcck aufbewahrt oder sogar zu einem Anh\u00e4nger umfunktioniert werden.<\/p>","protected":false},"excerpt":{"rendered":"<ul>\n<li>22ct Gold Mania Schmuck Armband f\u00fcr neugeborenes Baby.<\/li>\n<li>Geeignet f\u00fcr Kinder, Kinder, Kind, Kleinkind, Neugeborene.<\/li>\n<li>22 Karat Goldschmuck mit Punzierung f\u00fcr Kinder.<\/li>\n<li>Ungef\u00e4hre L\u00e4nge: 5,5 Zoll oder 14 cm.<\/li>\n<li>Gewicht : 2,7 g<\/li>\n<li>SKU. 32708<\/li>\n<li>Alle Preise inklusive Mehrwertsteuer<\/li>\n<li>22ct Gold gestempelt von London Assay Office<\/li>\n<li>Mit Pr\u00e4sentationsbox<\/li>\n<li>Lieferung inbegriffen<\/li>\n<li>Live-Chat mit uns f\u00fcr die Verf\u00fcgbarkeit und mehr Bilder von \u00e4hnlichen Designs derzeit auf Lager<\/li>\n<\/ul>","protected":false},"featured_media":302449,"comment_status":"closed","ping_status":"closed","template":"","meta":{"_eb_attr":"","_crsspst_to_jayantr4sg-hostcom":false},"product_brand":[],"product_cat":[1576,1436],"product_tag":[1546],"class_list":{"0":"post-313729","1":"product","2":"type-product","3":"status-publish","4":"has-post-thumbnail","6":"product_cat-childrens-jewellery","7":"product_cat-kids-bracelet-kada","8":"product_tag-children","10":"first","11":"outofstock","12":"featured","13":"taxable","14":"shipping-taxable","15":"product-type-variable","16":"add-to-wishlist-before_image"},"yoast_head":"<!-- This site is optimized with the Yoast SEO plugin v27.3 - https:\/\/yoast.com\/product\/yoast-seo-wordpress\/ -->\n<title>22ct Indian Gold Baby Bracelet | PureJewels UK<\/title>\n<meta name=\"description\" content=\"Shop PureJewels&#039; 22ct Indian Gold Baby Bracelet \u2013 a beautiful and traditional gold bracelet designed especially for infants with secure and safe craftsmanship.\" \/>\n<meta name=\"robots\" content=\"index, follow, max-snippet:-1, max-image-preview:large, max-video-preview:-1\" \/>\n<link rel=\"canonical\" href=\"https:\/\/www.purejewels.com\/de\/produkt-2\/22-kt-indisches-gold-baby-armband-5\/\" \/>\n<meta property=\"og:locale\" content=\"de_DE\" \/>\n<meta property=\"og:type\" content=\"article\" \/>\n<meta property=\"og:title\" content=\"22ct Indian Gold Baby Bracelet | PureJewels UK\" \/>\n<meta property=\"og:description\" content=\"Shop PureJewels&#039; 22ct Indian Gold Baby Bracelet \u2013 a beautiful and traditional gold bracelet designed especially for infants with secure and safe craftsmanship.\" \/>\n<meta property=\"og:url\" content=\"https:\/\/www.purejewels.com\/de\/produkt-2\/22-kt-indisches-gold-baby-armband-5\/\" \/>\n<meta property=\"og:site_name\" content=\"PureJewels UK\" \/>\n<meta property=\"article:modified_time\" content=\"2026-01-06T09:51:07+00:00\" \/>\n<meta property=\"og:image\" content=\"https:\/\/static.purejewels.com\/wp-content\/uploads\/2018\/08\/27205-1.png\" \/>\n\t<meta property=\"og:image:width\" content=\"1000\" \/>\n\t<meta property=\"og:image:height\" content=\"1000\" \/>\n\t<meta property=\"og:image:type\" content=\"image\/png\" \/>\n<meta name=\"twitter:card\" content=\"summary_large_image\" \/>\n<meta name=\"twitter:label1\" content=\"Gesch\u00e4tzte Lesezeit\" \/>\n\t<meta name=\"twitter:data1\" content=\"2\u00a0Minuten\" \/>\n<script type=\"application\/ld+json\" class=\"yoast-schema-graph\">{\"@context\":\"https:\\\/\\\/schema.org\",\"@graph\":[{\"@type\":[\"WebPage\",\"ItemPage\"],\"@id\":\"https:\\\/\\\/www.purejewels.com\\\/product\\\/22ct-indian-gold-baby-bracelet-5\\\/\",\"url\":\"https:\\\/\\\/www.purejewels.com\\\/product\\\/22ct-indian-gold-baby-bracelet-5\\\/\",\"name\":\"22ct Indian Gold Baby Bracelet | PureJewels UK\",\"isPartOf\":{\"@id\":\"https:\\\/\\\/www.purejewels.com\\\/#website\"},\"primaryImageOfPage\":{\"@id\":\"https:\\\/\\\/www.purejewels.com\\\/product\\\/22ct-indian-gold-baby-bracelet-5\\\/#primaryimage\"},\"image\":{\"@id\":\"https:\\\/\\\/www.purejewels.com\\\/product\\\/22ct-indian-gold-baby-bracelet-5\\\/#primaryimage\"},\"thumbnailUrl\":\"https:\\\/\\\/static.purejewels.com\\\/wp-content\\\/uploads\\\/2018\\\/08\\\/27205-1.png\",\"datePublished\":\"2020-04-21T11:16:23+00:00\",\"dateModified\":\"2026-01-06T09:51:07+00:00\",\"description\":\"Shop PureJewels' 22ct Indian Gold Baby Bracelet \u2013 a beautiful and traditional gold bracelet designed especially for infants with secure and safe craftsmanship.\",\"breadcrumb\":{\"@id\":\"https:\\\/\\\/www.purejewels.com\\\/product\\\/22ct-indian-gold-baby-bracelet-5\\\/#breadcrumb\"},\"inLanguage\":\"de\",\"potentialAction\":[{\"@type\":\"ReadAction\",\"target\":[\"https:\\\/\\\/www.purejewels.com\\\/product\\\/22ct-indian-gold-baby-bracelet-5\\\/\"]}]},{\"@type\":\"ImageObject\",\"inLanguage\":\"de\",\"@id\":\"https:\\\/\\\/www.purejewels.com\\\/product\\\/22ct-indian-gold-baby-bracelet-5\\\/#primaryimage\",\"url\":\"https:\\\/\\\/static.purejewels.com\\\/wp-content\\\/uploads\\\/2018\\\/08\\\/27205-1.png\",\"contentUrl\":\"https:\\\/\\\/static.purejewels.com\\\/wp-content\\\/uploads\\\/2018\\\/08\\\/27205-1.png\",\"width\":1000,\"height\":1000,\"caption\":\"27205-1\"},{\"@type\":\"BreadcrumbList\",\"@id\":\"https:\\\/\\\/www.purejewels.com\\\/product\\\/22ct-indian-gold-baby-bracelet-5\\\/#breadcrumb\",\"itemListElement\":[{\"@type\":\"ListItem\",\"position\":1,\"name\":\"Home\",\"item\":\"https:\\\/\\\/www.purejewels.com\\\/\"},{\"@type\":\"ListItem\",\"position\":2,\"name\":\"Shop\",\"item\":\"https:\\\/\\\/www.purejewels.com\\\/shop\\\/\"},{\"@type\":\"ListItem\",\"position\":3,\"name\":\"22ct Indian Gold Baby Bracelet\"}]},{\"@type\":\"WebSite\",\"@id\":\"https:\\\/\\\/www.purejewels.com\\\/#website\",\"url\":\"https:\\\/\\\/www.purejewels.com\\\/\",\"name\":\"PureJewels UK\",\"description\":\"Share the Love\",\"publisher\":{\"@id\":\"https:\\\/\\\/www.purejewels.com\\\/#organization\"},\"potentialAction\":[{\"@type\":\"SearchAction\",\"target\":{\"@type\":\"EntryPoint\",\"urlTemplate\":\"https:\\\/\\\/www.purejewels.com\\\/?s={search_term_string}\"},\"query-input\":{\"@type\":\"PropertyValueSpecification\",\"valueRequired\":true,\"valueName\":\"search_term_string\"}}],\"inLanguage\":\"de\"},{\"@type\":\"Organization\",\"@id\":\"https:\\\/\\\/www.purejewels.com\\\/#organization\",\"name\":\"PureJewels UK\",\"url\":\"https:\\\/\\\/www.purejewels.com\\\/\",\"logo\":{\"@type\":\"ImageObject\",\"inLanguage\":\"de\",\"@id\":\"https:\\\/\\\/www.purejewels.com\\\/#\\\/schema\\\/logo\\\/image\\\/\",\"url\":\"https:\\\/\\\/static.purejewels.com\\\/wp-content\\\/uploads\\\/2020\\\/11\\\/Logo-PJ-New-1.png\",\"contentUrl\":\"https:\\\/\\\/static.purejewels.com\\\/wp-content\\\/uploads\\\/2020\\\/11\\\/Logo-PJ-New-1.png\",\"width\":150,\"height\":80,\"caption\":\"PureJewels UK\"},\"image\":{\"@id\":\"https:\\\/\\\/www.purejewels.com\\\/#\\\/schema\\\/logo\\\/image\\\/\"}}]}<\/script>\n<!-- \/ Yoast SEO plugin. -->","yoast_head_json":{"title":"22 Karat indisches Gold Babyarmband | PureJewels UK","description":"Entdecken Sie das Babyarmband aus 22 Karat indischem Gold von PureJewels \u2013 ein wundersch\u00f6nes, traditionelles Goldarmband, das speziell f\u00fcr Kleinkinder entworfen wurde und sich durch sichere und zuverl\u00e4ssige Verarbeitung auszeichnet.","robots":{"index":"index","follow":"follow","max-snippet":"max-snippet:-1","max-image-preview":"max-image-preview:large","max-video-preview":"max-video-preview:-1"},"canonical":"https:\/\/www.purejewels.com\/de\/produkt-2\/22-kt-indisches-gold-baby-armband-5\/","og_locale":"de_DE","og_type":"article","og_title":"22ct Indian Gold Baby Bracelet | PureJewels UK","og_description":"Shop PureJewels' 22ct Indian Gold Baby Bracelet \u2013 a beautiful and traditional gold bracelet designed especially for infants with secure and safe craftsmanship.","og_url":"https:\/\/www.purejewels.com\/de\/produkt-2\/22-kt-indisches-gold-baby-armband-5\/","og_site_name":"PureJewels UK","article_modified_time":"2026-01-06T09:51:07+00:00","og_image":[{"width":1000,"height":1000,"url":"https:\/\/static.purejewels.com\/wp-content\/uploads\/2018\/08\/27205-1.png","type":"image\/png"}],"twitter_card":"summary_large_image","twitter_misc":{"Gesch\u00e4tzte Lesezeit":"2\u00a0Minuten"},"schema":{"@context":"https:\/\/schema.org","@graph":[{"@type":["WebPage","ItemPage"],"@id":"https:\/\/www.purejewels.com\/product\/22ct-indian-gold-baby-bracelet-5\/","url":"https:\/\/www.purejewels.com\/product\/22ct-indian-gold-baby-bracelet-5\/","name":"22 Karat indisches Gold Babyarmband | PureJewels UK","isPartOf":{"@id":"https:\/\/www.purejewels.com\/#website"},"primaryImageOfPage":{"@id":"https:\/\/www.purejewels.com\/product\/22ct-indian-gold-baby-bracelet-5\/#primaryimage"},"image":{"@id":"https:\/\/www.purejewels.com\/product\/22ct-indian-gold-baby-bracelet-5\/#primaryimage"},"thumbnailUrl":"https:\/\/static.purejewels.com\/wp-content\/uploads\/2018\/08\/27205-1.png","datePublished":"2020-04-21T11:16:23+00:00","dateModified":"2026-01-06T09:51:07+00:00","description":"Entdecken Sie das Babyarmband aus 22 Karat indischem Gold von PureJewels \u2013 ein wundersch\u00f6nes, traditionelles Goldarmband, das speziell f\u00fcr Kleinkinder entworfen wurde und sich durch sichere und zuverl\u00e4ssige Verarbeitung auszeichnet.","breadcrumb":{"@id":"https:\/\/www.purejewels.com\/product\/22ct-indian-gold-baby-bracelet-5\/#breadcrumb"},"inLanguage":"de","potentialAction":[{"@type":"ReadAction","target":["https:\/\/www.purejewels.com\/product\/22ct-indian-gold-baby-bracelet-5\/"]}]},{"@type":"ImageObject","inLanguage":"de","@id":"https:\/\/www.purejewels.com\/product\/22ct-indian-gold-baby-bracelet-5\/#primaryimage","url":"https:\/\/static.purejewels.com\/wp-content\/uploads\/2018\/08\/27205-1.png","contentUrl":"https:\/\/static.purejewels.com\/wp-content\/uploads\/2018\/08\/27205-1.png","width":1000,"height":1000,"caption":"27205-1"},{"@type":"BreadcrumbList","@id":"https:\/\/www.purejewels.com\/product\/22ct-indian-gold-baby-bracelet-5\/#breadcrumb","itemListElement":[{"@type":"ListItem","position":1,"name":"Home","item":"https:\/\/www.purejewels.com\/"},{"@type":"ListItem","position":2,"name":"Shop","item":"https:\/\/www.purejewels.com\/shop\/"},{"@type":"ListItem","position":3,"name":"22ct Indian Gold Baby Bracelet"}]},{"@type":"WebSite","@id":"https:\/\/www.purejewels.com\/#website","url":"https:\/\/www.purejewels.com\/","name":"PureJewels UK","description":"Teile die Liebe","publisher":{"@id":"https:\/\/www.purejewels.com\/#organization"},"potentialAction":[{"@type":"SearchAction","target":{"@type":"EntryPoint","urlTemplate":"https:\/\/www.purejewels.com\/?s={search_term_string}"},"query-input":{"@type":"PropertyValueSpecification","valueRequired":true,"valueName":"search_term_string"}}],"inLanguage":"de"},{"@type":"Organization","@id":"https:\/\/www.purejewels.com\/#organization","name":"PureJewels UK","url":"https:\/\/www.purejewels.com\/","logo":{"@type":"ImageObject","inLanguage":"de","@id":"https:\/\/www.purejewels.com\/#\/schema\/logo\/image\/","url":"https:\/\/static.purejewels.com\/wp-content\/uploads\/2020\/11\/Logo-PJ-New-1.png","contentUrl":"https:\/\/static.purejewels.com\/wp-content\/uploads\/2020\/11\/Logo-PJ-New-1.png","width":150,"height":80,"caption":"PureJewels UK"},"image":{"@id":"https:\/\/www.purejewels.com\/#\/schema\/logo\/image\/"}}]}},"_links":{"self":[{"href":"https:\/\/www.purejewels.com\/de\/wp-json\/wp\/v2\/product\/313729","targetHints":{"allow":["GET"]}}],"collection":[{"href":"https:\/\/www.purejewels.com\/de\/wp-json\/wp\/v2\/product"}],"about":[{"href":"https:\/\/www.purejewels.com\/de\/wp-json\/wp\/v2\/types\/product"}],"replies":[{"embeddable":true,"href":"https:\/\/www.purejewels.com\/de\/wp-json\/wp\/v2\/comments?post=313729"}],"version-history":[{"count":1,"href":"https:\/\/www.purejewels.com\/de\/wp-json\/wp\/v2\/product\/313729\/revisions"}],"predecessor-version":[{"id":418230,"href":"https:\/\/www.purejewels.com\/de\/wp-json\/wp\/v2\/product\/313729\/revisions\/418230"}],"wp:featuredmedia":[{"embeddable":true,"href":"https:\/\/www.purejewels.com\/de\/wp-json\/wp\/v2\/media\/302449"}],"wp:attachment":[{"href":"https:\/\/www.purejewels.com\/de\/wp-json\/wp\/v2\/media?parent=313729"}],"wp:term":[{"taxonomy":"product_brand","embeddable":true,"href":"https:\/\/www.purejewels.com\/de\/wp-json\/wp\/v2\/product_brand?post=313729"},{"taxonomy":"product_cat","embeddable":true,"href":"https:\/\/www.purejewels.com\/de\/wp-json\/wp\/v2\/product_cat?post=313729"},{"taxonomy":"product_tag","embeddable":true,"href":"https:\/\/www.purejewels.com\/de\/wp-json\/wp\/v2\/product_tag?post=313729"}],"curies":[{"name":"wp","href":"https:\/\/api.w.org\/{rel}","templated":true}]}}