{"id":313812,"date":"2020-05-06T11:41:30","date_gmt":"2020-05-06T10:41:30","guid":{"rendered":"https:\/\/www.purejewels.com\/?post_type=product&#038;p=313812"},"modified":"2026-01-19T07:57:58","modified_gmt":"2026-01-19T07:57:58","slug":"1-0-gramm-feingoldbarren-in-24ct","status":"publish","type":"product","link":"https:\/\/www.purejewels.com\/de\/product\/1-0-gram-fine-gold-bar-in-24ct\/","title":{"rendered":"24ct Gold 1,0 Gramm Feingoldbarren"},"content":{"rendered":"<p>Wir stellen Ihnen den exquisiten 1,0 Gramm Feingoldbarren in 24ct von PureJewels UK vor. Dieser Goldbarren wird von der renommierten Baird &amp; Co Mint hergestellt, die die h\u00f6chste Qualit\u00e4t und Reinheit von Feingold gew\u00e4hrleistet. Jeder Barren wiegt 1 Gramm und besteht aus 999,9 Feingold, was ihn zu einer wertvollen Erg\u00e4nzung f\u00fcr jedes Anlageportfolio oder jede Sammlung macht.<\/p>\n<p>Dieser atemberaubende Goldbarren wird in einer sch\u00f6nen Geschenkbox geliefert, die sich perfekt zum Verschenken oder Aufbewahren eignet. Mit einem 15-t\u00e4gigen R\u00fcckgaberecht k\u00f6nnen Sie beruhigt einkaufen, denn Ihre Zufriedenheit ist garantiert.<\/p>\n<p>Suchen Sie nach einer anderen Gewichtsoption? Kontaktieren Sie uns und entdecken Sie unser Angebot an <a href=\"https:\/\/www.purejewels.com\/de\/product\/24ct-gold-minted-bar-in-5grm\/\">24 Karat Gold<\/a> Barren in verschiedenen Gr\u00f6\u00dfen. Egal, ob Sie ein erfahrener Investor oder ein Erstk\u00e4ufer sind, unser sicheres Online-Zahlungssystem und die kostenlose, verfolgbare Lieferung machen den Kauf von Goldbarren einfach und bequem.<\/p>\n<p>Lassen Sie sich diese Gelegenheit nicht entgehen, ein St\u00fcck reines Gold in seiner edelsten Form zu besitzen. Investieren Sie noch heute in den 1,0-Gramm-Feingoldbarren in 24 Karat und genie\u00dfen Sie die Sicherheit und das Prestige, das der Besitz von Edelmetallen mit sich bringt.<\/p>","protected":false},"excerpt":{"rendered":"<p>Ein Ein-Gramm-Barren aus feinem 24-kar\u00e4tigem Gold der f\u00fchrenden M\u00fcnzanstalt Baird &amp; Co.<\/p>\n<div class=\"field_weight\">\n<div class=\"field_weight\">\n<div>GEWICHT: 1 g<\/div>\n<\/div>\n<div class=\"field_metal\">\n<div>METALL: Feingold<\/div>\n<\/div>\n<div class=\"field_finish\">\n<div>FERTIGUNG: 999,9<\/div>\n<\/div>\n<\/div>\n<div>R\u00dcCKGABE: 14 Tage R\u00fcckgaberecht.<\/div>\n<div>VERPACKUNG: Kommt mit einer Geschenkbox<\/div>\n<p>Kontaktieren Sie uns, um 24ct Goldbarren in verschiedenen Gewichtsklassen zu kaufen.<\/p>\n<div><\/div>\n<div><\/div>","protected":false},"featured_media":313813,"comment_status":"closed","ping_status":"closed","template":"","meta":{"_eb_attr":"","_crsspst_to_jayantr4sg-hostcom":false},"product_brand":[],"product_cat":[1473,1646],"product_tag":[1836,1837],"class_list":{"0":"post-313812","1":"product","2":"type-product","3":"status-publish","4":"has-post-thumbnail","6":"product_cat-bars-coins","7":"product_cat-gold-bars","8":"product_tag-24ct-gold","9":"product_tag-gold-bars","11":"first","12":"outofstock","13":"product-type-simple","14":"add-to-wishlist-before_image"},"yoast_head":"<!-- This site is optimized with the Yoast SEO plugin v27.3 - https:\/\/yoast.com\/product\/yoast-seo-wordpress\/ -->\n<title>24ct Gold 1.0 Gram Fine Gold Bar - PureJewels UK<\/title>\n<meta name=\"robots\" content=\"index, follow, max-snippet:-1, max-image-preview:large, max-video-preview:-1\" \/>\n<link rel=\"canonical\" href=\"https:\/\/www.purejewels.com\/de\/produkt-2\/1-0-gramm-feingoldbarren-in-24ct\/\" \/>\n<meta property=\"og:locale\" content=\"de_DE\" \/>\n<meta property=\"og:type\" content=\"article\" \/>\n<meta property=\"og:title\" content=\"24ct Gold 1.0 Gram Fine Gold Bar - PureJewels UK\" \/>\n<meta property=\"og:description\" content=\"A One Gram bullion bar of fine 24-karat Gold by leading Baird &amp; Co Mint   WEIGHT: 1 g   METAL: Fine gold   FINISH: 999.9   RETURNS: 14 days returns policy. PACKAGING: Comes with a gift box Contact us to buy 24ct Gold bar in different weight-band.\" \/>\n<meta property=\"og:url\" content=\"https:\/\/www.purejewels.com\/de\/produkt-2\/1-0-gramm-feingoldbarren-in-24ct\/\" \/>\n<meta property=\"og:site_name\" content=\"PureJewels UK\" \/>\n<meta property=\"article:modified_time\" content=\"2026-01-19T07:57:58+00:00\" \/>\n<meta property=\"og:image\" content=\"https:\/\/static.purejewels.com\/wp-content\/uploads\/2020\/05\/Baird-Co-1gm-bar-e1588764067840.jpg\" \/>\n\t<meta property=\"og:image:width\" content=\"628\" \/>\n\t<meta property=\"og:image:height\" content=\"544\" \/>\n\t<meta property=\"og:image:type\" content=\"image\/jpeg\" \/>\n<meta name=\"twitter:card\" content=\"summary_large_image\" \/>\n<meta name=\"twitter:label1\" content=\"Gesch\u00e4tzte Lesezeit\" \/>\n\t<meta name=\"twitter:data1\" content=\"1\u00a0Minute\" \/>\n<script type=\"application\/ld+json\" class=\"yoast-schema-graph\">{\"@context\":\"https:\\\/\\\/schema.org\",\"@graph\":[{\"@type\":[\"WebPage\",\"ItemPage\"],\"@id\":\"https:\\\/\\\/www.purejewels.com\\\/product\\\/1-0-gram-fine-gold-bar-in-24ct\\\/\",\"url\":\"https:\\\/\\\/www.purejewels.com\\\/product\\\/1-0-gram-fine-gold-bar-in-24ct\\\/\",\"name\":\"24ct Gold 1.0 Gram Fine Gold Bar - PureJewels UK\",\"isPartOf\":{\"@id\":\"https:\\\/\\\/www.purejewels.com\\\/#website\"},\"primaryImageOfPage\":{\"@id\":\"https:\\\/\\\/www.purejewels.com\\\/product\\\/1-0-gram-fine-gold-bar-in-24ct\\\/#primaryimage\"},\"image\":{\"@id\":\"https:\\\/\\\/www.purejewels.com\\\/product\\\/1-0-gram-fine-gold-bar-in-24ct\\\/#primaryimage\"},\"thumbnailUrl\":\"https:\\\/\\\/static.purejewels.com\\\/wp-content\\\/uploads\\\/2020\\\/05\\\/Baird-Co-1gm-bar-e1588764067840.jpg\",\"datePublished\":\"2020-05-06T10:41:30+00:00\",\"dateModified\":\"2026-01-19T07:57:58+00:00\",\"breadcrumb\":{\"@id\":\"https:\\\/\\\/www.purejewels.com\\\/product\\\/1-0-gram-fine-gold-bar-in-24ct\\\/#breadcrumb\"},\"inLanguage\":\"de\",\"potentialAction\":[{\"@type\":\"ReadAction\",\"target\":[\"https:\\\/\\\/www.purejewels.com\\\/product\\\/1-0-gram-fine-gold-bar-in-24ct\\\/\"]}]},{\"@type\":\"ImageObject\",\"inLanguage\":\"de\",\"@id\":\"https:\\\/\\\/www.purejewels.com\\\/product\\\/1-0-gram-fine-gold-bar-in-24ct\\\/#primaryimage\",\"url\":\"https:\\\/\\\/static.purejewels.com\\\/wp-content\\\/uploads\\\/2020\\\/05\\\/Baird-Co-1gm-bar-e1588764067840.jpg\",\"contentUrl\":\"https:\\\/\\\/static.purejewels.com\\\/wp-content\\\/uploads\\\/2020\\\/05\\\/Baird-Co-1gm-bar-e1588764067840.jpg\",\"width\":628,\"height\":544,\"caption\":\"baird bar\"},{\"@type\":\"BreadcrumbList\",\"@id\":\"https:\\\/\\\/www.purejewels.com\\\/product\\\/1-0-gram-fine-gold-bar-in-24ct\\\/#breadcrumb\",\"itemListElement\":[{\"@type\":\"ListItem\",\"position\":1,\"name\":\"Home\",\"item\":\"https:\\\/\\\/www.purejewels.com\\\/\"},{\"@type\":\"ListItem\",\"position\":2,\"name\":\"Shop\",\"item\":\"https:\\\/\\\/www.purejewels.com\\\/shop\\\/\"},{\"@type\":\"ListItem\",\"position\":3,\"name\":\"24ct Gold 1.0 Gram Fine Gold Bar\"}]},{\"@type\":\"WebSite\",\"@id\":\"https:\\\/\\\/www.purejewels.com\\\/#website\",\"url\":\"https:\\\/\\\/www.purejewels.com\\\/\",\"name\":\"PureJewels UK\",\"description\":\"Share the Love\",\"publisher\":{\"@id\":\"https:\\\/\\\/www.purejewels.com\\\/#organization\"},\"potentialAction\":[{\"@type\":\"SearchAction\",\"target\":{\"@type\":\"EntryPoint\",\"urlTemplate\":\"https:\\\/\\\/www.purejewels.com\\\/?s={search_term_string}\"},\"query-input\":{\"@type\":\"PropertyValueSpecification\",\"valueRequired\":true,\"valueName\":\"search_term_string\"}}],\"inLanguage\":\"de\"},{\"@type\":\"Organization\",\"@id\":\"https:\\\/\\\/www.purejewels.com\\\/#organization\",\"name\":\"PureJewels UK\",\"url\":\"https:\\\/\\\/www.purejewels.com\\\/\",\"logo\":{\"@type\":\"ImageObject\",\"inLanguage\":\"de\",\"@id\":\"https:\\\/\\\/www.purejewels.com\\\/#\\\/schema\\\/logo\\\/image\\\/\",\"url\":\"https:\\\/\\\/static.purejewels.com\\\/wp-content\\\/uploads\\\/2020\\\/11\\\/Logo-PJ-New-1.png\",\"contentUrl\":\"https:\\\/\\\/static.purejewels.com\\\/wp-content\\\/uploads\\\/2020\\\/11\\\/Logo-PJ-New-1.png\",\"width\":150,\"height\":80,\"caption\":\"PureJewels UK\"},\"image\":{\"@id\":\"https:\\\/\\\/www.purejewels.com\\\/#\\\/schema\\\/logo\\\/image\\\/\"}}]}<\/script>\n<!-- \/ Yoast SEO plugin. -->","yoast_head_json":{"title":"24ct Gold 1.0 Gramm Feingold Barren - PureJewels UK","robots":{"index":"index","follow":"follow","max-snippet":"max-snippet:-1","max-image-preview":"max-image-preview:large","max-video-preview":"max-video-preview:-1"},"canonical":"https:\/\/www.purejewels.com\/de\/produkt-2\/1-0-gramm-feingoldbarren-in-24ct\/","og_locale":"de_DE","og_type":"article","og_title":"24ct Gold 1.0 Gram Fine Gold Bar - PureJewels UK","og_description":"A One Gram bullion bar of fine 24-karat Gold by leading Baird &amp; Co Mint   WEIGHT: 1 g   METAL: Fine gold   FINISH: 999.9   RETURNS: 14 days returns policy. PACKAGING: Comes with a gift box Contact us to buy 24ct Gold bar in different weight-band.","og_url":"https:\/\/www.purejewels.com\/de\/produkt-2\/1-0-gramm-feingoldbarren-in-24ct\/","og_site_name":"PureJewels UK","article_modified_time":"2026-01-19T07:57:58+00:00","og_image":[{"width":628,"height":544,"url":"https:\/\/static.purejewels.com\/wp-content\/uploads\/2020\/05\/Baird-Co-1gm-bar-e1588764067840.jpg","type":"image\/jpeg"}],"twitter_card":"summary_large_image","twitter_misc":{"Gesch\u00e4tzte Lesezeit":"1\u00a0Minute"},"schema":{"@context":"https:\/\/schema.org","@graph":[{"@type":["WebPage","ItemPage"],"@id":"https:\/\/www.purejewels.com\/product\/1-0-gram-fine-gold-bar-in-24ct\/","url":"https:\/\/www.purejewels.com\/product\/1-0-gram-fine-gold-bar-in-24ct\/","name":"24ct Gold 1.0 Gramm Feingold Barren - PureJewels UK","isPartOf":{"@id":"https:\/\/www.purejewels.com\/#website"},"primaryImageOfPage":{"@id":"https:\/\/www.purejewels.com\/product\/1-0-gram-fine-gold-bar-in-24ct\/#primaryimage"},"image":{"@id":"https:\/\/www.purejewels.com\/product\/1-0-gram-fine-gold-bar-in-24ct\/#primaryimage"},"thumbnailUrl":"https:\/\/static.purejewels.com\/wp-content\/uploads\/2020\/05\/Baird-Co-1gm-bar-e1588764067840.jpg","datePublished":"2020-05-06T10:41:30+00:00","dateModified":"2026-01-19T07:57:58+00:00","breadcrumb":{"@id":"https:\/\/www.purejewels.com\/product\/1-0-gram-fine-gold-bar-in-24ct\/#breadcrumb"},"inLanguage":"de","potentialAction":[{"@type":"ReadAction","target":["https:\/\/www.purejewels.com\/product\/1-0-gram-fine-gold-bar-in-24ct\/"]}]},{"@type":"ImageObject","inLanguage":"de","@id":"https:\/\/www.purejewels.com\/product\/1-0-gram-fine-gold-bar-in-24ct\/#primaryimage","url":"https:\/\/static.purejewels.com\/wp-content\/uploads\/2020\/05\/Baird-Co-1gm-bar-e1588764067840.jpg","contentUrl":"https:\/\/static.purejewels.com\/wp-content\/uploads\/2020\/05\/Baird-Co-1gm-bar-e1588764067840.jpg","width":628,"height":544,"caption":"baird bar"},{"@type":"BreadcrumbList","@id":"https:\/\/www.purejewels.com\/product\/1-0-gram-fine-gold-bar-in-24ct\/#breadcrumb","itemListElement":[{"@type":"ListItem","position":1,"name":"Home","item":"https:\/\/www.purejewels.com\/"},{"@type":"ListItem","position":2,"name":"Shop","item":"https:\/\/www.purejewels.com\/shop\/"},{"@type":"ListItem","position":3,"name":"24ct Gold 1.0 Gram Fine Gold Bar"}]},{"@type":"WebSite","@id":"https:\/\/www.purejewels.com\/#website","url":"https:\/\/www.purejewels.com\/","name":"PureJewels UK","description":"Teile die Liebe","publisher":{"@id":"https:\/\/www.purejewels.com\/#organization"},"potentialAction":[{"@type":"SearchAction","target":{"@type":"EntryPoint","urlTemplate":"https:\/\/www.purejewels.com\/?s={search_term_string}"},"query-input":{"@type":"PropertyValueSpecification","valueRequired":true,"valueName":"search_term_string"}}],"inLanguage":"de"},{"@type":"Organization","@id":"https:\/\/www.purejewels.com\/#organization","name":"PureJewels UK","url":"https:\/\/www.purejewels.com\/","logo":{"@type":"ImageObject","inLanguage":"de","@id":"https:\/\/www.purejewels.com\/#\/schema\/logo\/image\/","url":"https:\/\/static.purejewels.com\/wp-content\/uploads\/2020\/11\/Logo-PJ-New-1.png","contentUrl":"https:\/\/static.purejewels.com\/wp-content\/uploads\/2020\/11\/Logo-PJ-New-1.png","width":150,"height":80,"caption":"PureJewels UK"},"image":{"@id":"https:\/\/www.purejewels.com\/#\/schema\/logo\/image\/"}}]}},"_links":{"self":[{"href":"https:\/\/www.purejewels.com\/de\/wp-json\/wp\/v2\/product\/313812","targetHints":{"allow":["GET"]}}],"collection":[{"href":"https:\/\/www.purejewels.com\/de\/wp-json\/wp\/v2\/product"}],"about":[{"href":"https:\/\/www.purejewels.com\/de\/wp-json\/wp\/v2\/types\/product"}],"replies":[{"embeddable":true,"href":"https:\/\/www.purejewels.com\/de\/wp-json\/wp\/v2\/comments?post=313812"}],"version-history":[{"count":3,"href":"https:\/\/www.purejewels.com\/de\/wp-json\/wp\/v2\/product\/313812\/revisions"}],"predecessor-version":[{"id":424979,"href":"https:\/\/www.purejewels.com\/de\/wp-json\/wp\/v2\/product\/313812\/revisions\/424979"}],"wp:featuredmedia":[{"embeddable":true,"href":"https:\/\/www.purejewels.com\/de\/wp-json\/wp\/v2\/media\/313813"}],"wp:attachment":[{"href":"https:\/\/www.purejewels.com\/de\/wp-json\/wp\/v2\/media?parent=313812"}],"wp:term":[{"taxonomy":"product_brand","embeddable":true,"href":"https:\/\/www.purejewels.com\/de\/wp-json\/wp\/v2\/product_brand?post=313812"},{"taxonomy":"product_cat","embeddable":true,"href":"https:\/\/www.purejewels.com\/de\/wp-json\/wp\/v2\/product_cat?post=313812"},{"taxonomy":"product_tag","embeddable":true,"href":"https:\/\/www.purejewels.com\/de\/wp-json\/wp\/v2\/product_tag?post=313812"}],"curies":[{"name":"wp","href":"https:\/\/api.w.org\/{rel}","templated":true}]}}