{"id":313938,"date":"2020-05-15T11:47:17","date_gmt":"2020-05-15T10:47:17","guid":{"rendered":"https:\/\/www.purejewels.com\/?post_type=product&#038;p=313938"},"modified":"2026-01-06T09:51:08","modified_gmt":"2026-01-06T09:51:08","slug":"22ct-gold-indischen-baby-armband-30978","status":"publish","type":"product","link":"https:\/\/www.purejewels.com\/de\/product\/22ct-gold-indian-baby-bracelet-30978\/","title":{"rendered":"22 Karat Gold Indisches Baby-Armband"},"content":{"rendered":"<p>Sie suchen nach einem sch\u00f6nen und traditionellen Schmuckst\u00fcck f\u00fcr Ihr Kind? Unser indisches Babyarmband aus 22 Karat Gold ist die perfekte Wahl. Aus reinem 22-kar\u00e4tigem Gold gefertigt, ist dieses Armband nicht nur wundersch\u00f6n, sondern auch ein zeitloses Schmuckst\u00fcck, an dem man sich noch viele Jahre erfreuen kann.<\/p>\n<p>Dieses indische Babyarmband aus 22 Karat Gold ist vom London Assay Office gepunzt, was seine Echtheit und Qualit\u00e4t garantiert. Mit einer ungef\u00e4hren L\u00e4nge von 14 cm ist dieses Armband f\u00fcr Neugeborene und Kinder geeignet. Mit einem Gewicht von 2,8 Gramm ist es leicht und angenehm f\u00fcr Ihr Kind zu tragen.<\/p>\n<p>Jedes Armband wird mit einer Pr\u00e4sentationsbox geliefert und ist somit ein ideales Geschenk f\u00fcr Geburtstage, Babypartys oder andere besondere Anl\u00e4sse. Mit kostenloser Lieferung und sicherer Online-Zahlung ist der Kauf dieses sch\u00f6nen Schmuckst\u00fccks einfach und bequem.<\/p>\n<p>Lassen Sie sich dieses exquisite indische Baby-Armband aus 22 Karat Gold nicht entgehen. Bestellen Sie jetzt und verleihen Sie der Garderobe Ihres Kindes einen Hauch von Eleganz.<\/p>","protected":false},"excerpt":{"rendered":"<ul>\n<li>\n<ul>\n<li>22ct\u00a0<span id=\"urn:enhancement-301745b4\" class=\"textannotation disambiguated wl-thing\">Gold<\/span>\u00a0Manie\u00a0<span id=\"urn:enhancement-2a812725\" class=\"textannotation disambiguated wl-thing\">Schmuck<\/span>\u00a0<span id=\"urn:enhancement-2ca179c3\" class=\"textannotation disambiguated wl-thing\">Armband<\/span>\u00a0f\u00fcr neugeborene Babys.<\/li>\n<li>Geeignet f\u00fcr Kinder, Kinder, Kind, Kleinkind, Neugeborene.<\/li>\n<li>22ct gestempelt\u00a0<span id=\"urn:enhancement-5639b38e\" class=\"textannotation\">Kinder<\/span>\u00a0<span id=\"urn:enhancement-65df83c7\" class=\"textannotation disambiguated wl-thing\">Gold<\/span>\u00a0<span id=\"urn:enhancement-1fcc1e7e\" class=\"textannotation disambiguated wl-thing\">Schmuck<\/span>.<\/li>\n<li>Ungef\u00e4hre L\u00e4nge: 5,5 Zoll oder 14 cm.<\/li>\n<li>Gewicht : 2.8 g<\/li>\n<li><span id=\"urn:enhancement-3e08e4a9\" class=\"textannotation\">SKU<\/span>.\u00a030978<\/li>\n<li>Alle Preise inklusive Mehrwertsteuer<\/li>\n<li>22ct\u00a0<span id=\"urn:enhancement-801c326e\" class=\"textannotation disambiguated wl-thing\">Gold<\/span>\u00a0Gepunzt von London\u00a0<span id=\"urn:enhancement-7fe373bd\" class=\"textannotation disambiguated wl-thing\">Pr\u00fcfstelle<\/span><\/li>\n<li>Kommt mit Pr\u00e4sentation\u00a0<span id=\"urn:enhancement-98f5e3fd\" class=\"textannotation\">Box<\/span><\/li>\n<li><span id=\"urn:enhancement-615ae4cf\" class=\"textannotation\">Lieferung<\/span>\u00a0Eingeschlossen<\/li>\n<li>Live-Chat mit uns f\u00fcr die Verf\u00fcgbarkeit und mehr Bilder von \u00e4hnlichen Designs derzeit in\u00a0<span id=\"urn:enhancement-973ef42f\" class=\"textannotation\">Aktie<\/span><\/li>\n<\/ul>\n<\/li>\n<\/ul>","protected":false},"featured_media":314658,"comment_status":"closed","ping_status":"closed","template":"","meta":{"_eb_attr":"","_crsspst_to_jayantr4sg-hostcom":false},"product_brand":[],"product_cat":[1576,1324,1436],"product_tag":[],"class_list":{"0":"post-313938","1":"product","2":"type-product","3":"status-publish","4":"has-post-thumbnail","6":"product_cat-childrens-jewellery","7":"product_cat-gold-bracelet","8":"product_cat-kids-bracelet-kada","10":"first","11":"outofstock","12":"taxable","13":"shipping-taxable","14":"product-type-simple","15":"add-to-wishlist-before_image"},"yoast_head":"<!-- This site is optimized with the Yoast SEO plugin v27.3 - https:\/\/yoast.com\/product\/yoast-seo-wordpress\/ -->\n<title>22ct Gold Indian Baby Bracelet - PureJewels UK<\/title>\n<meta name=\"robots\" content=\"index, follow, max-snippet:-1, max-image-preview:large, max-video-preview:-1\" \/>\n<link rel=\"canonical\" href=\"https:\/\/www.purejewels.com\/de\/produkt-2\/22ct-gold-indischen-baby-armband-30978\/\" \/>\n<meta property=\"og:locale\" content=\"de_DE\" \/>\n<meta property=\"og:type\" content=\"article\" \/>\n<meta property=\"og:title\" content=\"22ct Gold Indian Baby Bracelet - PureJewels UK\" \/>\n<meta property=\"og:description\" content=\"22ct\u00a0Gold\u00a0mania\u00a0jewellery\u00a0bracelet\u00a0for new born baby.  Suitable for kids, Children, Child, Infant, New Born.  22ct Hallmarked\u00a0Kids\u00a0gold\u00a0jewellery.  Approximate Length : 5.5 Inches or 14cm.  Wt : 2.8 gms  SKU.\u00a030978  All prices include VAT  22ct\u00a0Gold\u00a0Hallmarked by London\u00a0Assay Office  Comes With Presentation\u00a0Box  Delivery\u00a0Included  Live chat with us for availability and more images of similar designs currently in\u00a0stock\" \/>\n<meta property=\"og:url\" content=\"https:\/\/www.purejewels.com\/de\/produkt-2\/22ct-gold-indischen-baby-armband-30978\/\" \/>\n<meta property=\"og:site_name\" content=\"PureJewels UK\" \/>\n<meta property=\"article:modified_time\" content=\"2026-01-06T09:51:08+00:00\" \/>\n<meta property=\"og:image\" content=\"https:\/\/www.purejewels.com\/wp-content\/uploads\/2020\/06\/image174399691.jpg\" \/>\n\t<meta property=\"og:image:width\" content=\"1000\" \/>\n\t<meta property=\"og:image:height\" content=\"1000\" \/>\n\t<meta property=\"og:image:type\" content=\"image\/jpeg\" \/>\n<meta name=\"twitter:card\" content=\"summary_large_image\" \/>\n<meta name=\"twitter:label1\" content=\"Gesch\u00e4tzte Lesezeit\" \/>\n\t<meta name=\"twitter:data1\" content=\"1\u00a0Minute\" \/>\n<script type=\"application\/ld+json\" class=\"yoast-schema-graph\">{\"@context\":\"https:\\\/\\\/schema.org\",\"@graph\":[{\"@type\":[\"WebPage\",\"ItemPage\"],\"@id\":\"https:\\\/\\\/www.purejewels.com\\\/product\\\/22ct-gold-indian-baby-bracelet-30978\\\/\",\"url\":\"https:\\\/\\\/www.purejewels.com\\\/product\\\/22ct-gold-indian-baby-bracelet-30978\\\/\",\"name\":\"22ct Gold Indian Baby Bracelet - PureJewels UK\",\"isPartOf\":{\"@id\":\"https:\\\/\\\/www.purejewels.com\\\/#website\"},\"primaryImageOfPage\":{\"@id\":\"https:\\\/\\\/www.purejewels.com\\\/product\\\/22ct-gold-indian-baby-bracelet-30978\\\/#primaryimage\"},\"image\":{\"@id\":\"https:\\\/\\\/www.purejewels.com\\\/product\\\/22ct-gold-indian-baby-bracelet-30978\\\/#primaryimage\"},\"thumbnailUrl\":\"https:\\\/\\\/static.purejewels.com\\\/wp-content\\\/uploads\\\/2020\\\/06\\\/image174399691.jpg\",\"datePublished\":\"2020-05-15T10:47:17+00:00\",\"dateModified\":\"2026-01-06T09:51:08+00:00\",\"breadcrumb\":{\"@id\":\"https:\\\/\\\/www.purejewels.com\\\/product\\\/22ct-gold-indian-baby-bracelet-30978\\\/#breadcrumb\"},\"inLanguage\":\"de\",\"potentialAction\":[{\"@type\":\"ReadAction\",\"target\":[\"https:\\\/\\\/www.purejewels.com\\\/product\\\/22ct-gold-indian-baby-bracelet-30978\\\/\"]}]},{\"@type\":\"ImageObject\",\"inLanguage\":\"de\",\"@id\":\"https:\\\/\\\/www.purejewels.com\\\/product\\\/22ct-gold-indian-baby-bracelet-30978\\\/#primaryimage\",\"url\":\"https:\\\/\\\/static.purejewels.com\\\/wp-content\\\/uploads\\\/2020\\\/06\\\/image174399691.jpg\",\"contentUrl\":\"https:\\\/\\\/static.purejewels.com\\\/wp-content\\\/uploads\\\/2020\\\/06\\\/image174399691.jpg\",\"width\":1000,\"height\":1000,\"caption\":\"22ct Gold Light Black Beads Baby Bracelet YGBT027\"},{\"@type\":\"BreadcrumbList\",\"@id\":\"https:\\\/\\\/www.purejewels.com\\\/product\\\/22ct-gold-indian-baby-bracelet-30978\\\/#breadcrumb\",\"itemListElement\":[{\"@type\":\"ListItem\",\"position\":1,\"name\":\"Home\",\"item\":\"https:\\\/\\\/www.purejewels.com\\\/\"},{\"@type\":\"ListItem\",\"position\":2,\"name\":\"Shop\",\"item\":\"https:\\\/\\\/www.purejewels.com\\\/shop\\\/\"},{\"@type\":\"ListItem\",\"position\":3,\"name\":\"22ct Gold Indian Baby Bracelet\"}]},{\"@type\":\"WebSite\",\"@id\":\"https:\\\/\\\/www.purejewels.com\\\/#website\",\"url\":\"https:\\\/\\\/www.purejewels.com\\\/\",\"name\":\"PureJewels UK\",\"description\":\"Share the Love\",\"publisher\":{\"@id\":\"https:\\\/\\\/www.purejewels.com\\\/#organization\"},\"potentialAction\":[{\"@type\":\"SearchAction\",\"target\":{\"@type\":\"EntryPoint\",\"urlTemplate\":\"https:\\\/\\\/www.purejewels.com\\\/?s={search_term_string}\"},\"query-input\":{\"@type\":\"PropertyValueSpecification\",\"valueRequired\":true,\"valueName\":\"search_term_string\"}}],\"inLanguage\":\"de\"},{\"@type\":\"Organization\",\"@id\":\"https:\\\/\\\/www.purejewels.com\\\/#organization\",\"name\":\"PureJewels UK\",\"url\":\"https:\\\/\\\/www.purejewels.com\\\/\",\"logo\":{\"@type\":\"ImageObject\",\"inLanguage\":\"de\",\"@id\":\"https:\\\/\\\/www.purejewels.com\\\/#\\\/schema\\\/logo\\\/image\\\/\",\"url\":\"https:\\\/\\\/static.purejewels.com\\\/wp-content\\\/uploads\\\/2020\\\/11\\\/Logo-PJ-New-1.png\",\"contentUrl\":\"https:\\\/\\\/static.purejewels.com\\\/wp-content\\\/uploads\\\/2020\\\/11\\\/Logo-PJ-New-1.png\",\"width\":150,\"height\":80,\"caption\":\"PureJewels UK\"},\"image\":{\"@id\":\"https:\\\/\\\/www.purejewels.com\\\/#\\\/schema\\\/logo\\\/image\\\/\"}}]}<\/script>\n<!-- \/ Yoast SEO plugin. -->","yoast_head_json":{"title":"22ct Gold indischen Baby-Armband - PureJewels UK","robots":{"index":"index","follow":"follow","max-snippet":"max-snippet:-1","max-image-preview":"max-image-preview:large","max-video-preview":"max-video-preview:-1"},"canonical":"https:\/\/www.purejewels.com\/de\/produkt-2\/22ct-gold-indischen-baby-armband-30978\/","og_locale":"de_DE","og_type":"article","og_title":"22ct Gold Indian Baby Bracelet - PureJewels UK","og_description":"22ct\u00a0Gold\u00a0mania\u00a0jewellery\u00a0bracelet\u00a0for new born baby.  Suitable for kids, Children, Child, Infant, New Born.  22ct Hallmarked\u00a0Kids\u00a0gold\u00a0jewellery.  Approximate Length : 5.5 Inches or 14cm.  Wt : 2.8 gms  SKU.\u00a030978  All prices include VAT  22ct\u00a0Gold\u00a0Hallmarked by London\u00a0Assay Office  Comes With Presentation\u00a0Box  Delivery\u00a0Included  Live chat with us for availability and more images of similar designs currently in\u00a0stock","og_url":"https:\/\/www.purejewels.com\/de\/produkt-2\/22ct-gold-indischen-baby-armband-30978\/","og_site_name":"PureJewels UK","article_modified_time":"2026-01-06T09:51:08+00:00","og_image":[{"width":1000,"height":1000,"url":"https:\/\/www.purejewels.com\/wp-content\/uploads\/2020\/06\/image174399691.jpg","type":"image\/jpeg"}],"twitter_card":"summary_large_image","twitter_misc":{"Gesch\u00e4tzte Lesezeit":"1\u00a0Minute"},"schema":{"@context":"https:\/\/schema.org","@graph":[{"@type":["WebPage","ItemPage"],"@id":"https:\/\/www.purejewels.com\/product\/22ct-gold-indian-baby-bracelet-30978\/","url":"https:\/\/www.purejewels.com\/product\/22ct-gold-indian-baby-bracelet-30978\/","name":"22ct Gold indischen Baby-Armband - PureJewels UK","isPartOf":{"@id":"https:\/\/www.purejewels.com\/#website"},"primaryImageOfPage":{"@id":"https:\/\/www.purejewels.com\/product\/22ct-gold-indian-baby-bracelet-30978\/#primaryimage"},"image":{"@id":"https:\/\/www.purejewels.com\/product\/22ct-gold-indian-baby-bracelet-30978\/#primaryimage"},"thumbnailUrl":"https:\/\/static.purejewels.com\/wp-content\/uploads\/2020\/06\/image174399691.jpg","datePublished":"2020-05-15T10:47:17+00:00","dateModified":"2026-01-06T09:51:08+00:00","breadcrumb":{"@id":"https:\/\/www.purejewels.com\/product\/22ct-gold-indian-baby-bracelet-30978\/#breadcrumb"},"inLanguage":"de","potentialAction":[{"@type":"ReadAction","target":["https:\/\/www.purejewels.com\/product\/22ct-gold-indian-baby-bracelet-30978\/"]}]},{"@type":"ImageObject","inLanguage":"de","@id":"https:\/\/www.purejewels.com\/product\/22ct-gold-indian-baby-bracelet-30978\/#primaryimage","url":"https:\/\/static.purejewels.com\/wp-content\/uploads\/2020\/06\/image174399691.jpg","contentUrl":"https:\/\/static.purejewels.com\/wp-content\/uploads\/2020\/06\/image174399691.jpg","width":1000,"height":1000,"caption":"22ct Gold Light Black Beads Baby Bracelet YGBT027"},{"@type":"BreadcrumbList","@id":"https:\/\/www.purejewels.com\/product\/22ct-gold-indian-baby-bracelet-30978\/#breadcrumb","itemListElement":[{"@type":"ListItem","position":1,"name":"Home","item":"https:\/\/www.purejewels.com\/"},{"@type":"ListItem","position":2,"name":"Shop","item":"https:\/\/www.purejewels.com\/shop\/"},{"@type":"ListItem","position":3,"name":"22ct Gold Indian Baby Bracelet"}]},{"@type":"WebSite","@id":"https:\/\/www.purejewels.com\/#website","url":"https:\/\/www.purejewels.com\/","name":"PureJewels UK","description":"Teile die Liebe","publisher":{"@id":"https:\/\/www.purejewels.com\/#organization"},"potentialAction":[{"@type":"SearchAction","target":{"@type":"EntryPoint","urlTemplate":"https:\/\/www.purejewels.com\/?s={search_term_string}"},"query-input":{"@type":"PropertyValueSpecification","valueRequired":true,"valueName":"search_term_string"}}],"inLanguage":"de"},{"@type":"Organization","@id":"https:\/\/www.purejewels.com\/#organization","name":"PureJewels UK","url":"https:\/\/www.purejewels.com\/","logo":{"@type":"ImageObject","inLanguage":"de","@id":"https:\/\/www.purejewels.com\/#\/schema\/logo\/image\/","url":"https:\/\/static.purejewels.com\/wp-content\/uploads\/2020\/11\/Logo-PJ-New-1.png","contentUrl":"https:\/\/static.purejewels.com\/wp-content\/uploads\/2020\/11\/Logo-PJ-New-1.png","width":150,"height":80,"caption":"PureJewels UK"},"image":{"@id":"https:\/\/www.purejewels.com\/#\/schema\/logo\/image\/"}}]}},"_links":{"self":[{"href":"https:\/\/www.purejewels.com\/de\/wp-json\/wp\/v2\/product\/313938","targetHints":{"allow":["GET"]}}],"collection":[{"href":"https:\/\/www.purejewels.com\/de\/wp-json\/wp\/v2\/product"}],"about":[{"href":"https:\/\/www.purejewels.com\/de\/wp-json\/wp\/v2\/types\/product"}],"replies":[{"embeddable":true,"href":"https:\/\/www.purejewels.com\/de\/wp-json\/wp\/v2\/comments?post=313938"}],"version-history":[{"count":1,"href":"https:\/\/www.purejewels.com\/de\/wp-json\/wp\/v2\/product\/313938\/revisions"}],"predecessor-version":[{"id":420638,"href":"https:\/\/www.purejewels.com\/de\/wp-json\/wp\/v2\/product\/313938\/revisions\/420638"}],"wp:featuredmedia":[{"embeddable":true,"href":"https:\/\/www.purejewels.com\/de\/wp-json\/wp\/v2\/media\/314658"}],"wp:attachment":[{"href":"https:\/\/www.purejewels.com\/de\/wp-json\/wp\/v2\/media?parent=313938"}],"wp:term":[{"taxonomy":"product_brand","embeddable":true,"href":"https:\/\/www.purejewels.com\/de\/wp-json\/wp\/v2\/product_brand?post=313938"},{"taxonomy":"product_cat","embeddable":true,"href":"https:\/\/www.purejewels.com\/de\/wp-json\/wp\/v2\/product_cat?post=313938"},{"taxonomy":"product_tag","embeddable":true,"href":"https:\/\/www.purejewels.com\/de\/wp-json\/wp\/v2\/product_tag?post=313938"}],"curies":[{"name":"wp","href":"https:\/\/api.w.org\/{rel}","templated":true}]}}