{"id":314027,"date":"2020-05-16T12:24:47","date_gmt":"2020-05-16T11:24:47","guid":{"rendered":"https:\/\/www.purejewels.com\/?post_type=product&#038;p=314027"},"modified":"2026-03-05T06:29:08","modified_gmt":"2026-03-05T06:29:08","slug":"22ct-gold-id-armband-fur-neugeborenes-baby-32813","status":"publish","type":"product","link":"https:\/\/www.purejewels.com\/de\/product\/22ct-gold-id-bracelet-for-new-born-baby-32813\/","title":{"rendered":"Erstes Armband f\u00fcr neugeborenes Baby"},"content":{"rendered":"<p>Wir stellen unser wundersch\u00f6nes ID-Armband aus 22 Karat Gold vor, das speziell f\u00fcr Neugeborene entworfen wurde. Dieses gepunzte <a href=\"https:\/\/www.purejewels.com\/de\/produkt-kategorie\/fur-wen-wann\/kinderschmuck-2\/\">Goldschmuck f\u00fcr Kinder<\/a> St\u00fcck ist das perfekte erste Armband f\u00fcr Ihr Kind und symbolisiert Liebe und Schutz. Mit einer ungef\u00e4hren L\u00e4nge von 14 cm und einem Gewicht von 6 g ist dieses Armband f\u00fcr Kinder jeden Alters geeignet, von S\u00e4uglingen bis zu Kindern.<\/p>\n<p>Jedes Armband wird in sorgf\u00e4ltiger Handarbeit hergestellt und vom London Assay Office gepunzt, um die h\u00f6chste Qualit\u00e4t und Reinheit des Goldes zu gew\u00e4hrleisten. Es wird in einer sch\u00f6nen Geschenkbox geliefert und ist somit ein ideales Geschenk f\u00fcr einen Neuank\u00f6mmling oder einen besonderen Anlass.<\/p>\n<p>Bestellen Sie jetzt und erfreuen Sie sich an diesem zeitlosen Schmuckst\u00fcck, an dem Sie noch viele Jahre Freude haben werden.<\/p>","protected":false},"excerpt":{"rendered":"<ul>\n<li>22ct\u00a0<span id=\"urn:enhancement-301745b4\" class=\"textannotation disambiguated wl-thing\">Gold<\/span>\u00a0ID\u00a0<span id=\"urn:enhancement-2ca179c3\" class=\"textannotation disambiguated wl-thing\">Armband<\/span>\u00a0f\u00fcr neugeborene Babys.<\/li>\n<li>Geeignet f\u00fcr Kinder, Kinder, Kind, Kleinkind, Neugeborene.<\/li>\n<li>22ct gestempelt <a href=\"https:\/\/www.purejewels.com\/de\/produkt-kategorie\/fur-wen-wann\/kinderschmuck-2\/\">f\u00fcr Kinder\u00a0<span id=\"urn:enhancement-65df83c7\" class=\"textannotation disambiguated wl-thing\">Gold<\/span>\u00a0<span id=\"urn:enhancement-5c7f2281\" class=\"textannotation disambiguated wl-thing\">Schmuck<\/span><\/a>.<\/li>\n<li>Ungef\u00e4hre L\u00e4nge: 5,5 Zoll oder 14 cm.<\/li>\n<li>Gewicht: 6 g<\/li>\n<li>SKU. 32813<\/li>\n<li>Alle Preise inklusive Mehrwertsteuer<\/li>\n<li>22ct\u00a0<span id=\"urn:enhancement-c044716f\" class=\"textannotation disambiguated wl-thing\">Gold<\/span>\u00a0Gepunzt von London\u00a0<span id=\"urn:enhancement-b7e6cfa9\" class=\"textannotation\">Pr\u00fcfstelle<\/span><\/li>\n<li>Kommt mit Pr\u00e4sentation\u00a0<span id=\"urn:enhancement-c34789f5\" class=\"textannotation\">Box<\/span><\/li>\n<li><span id=\"urn:enhancement-5f3c76c7\" class=\"textannotation\">Lieferung<\/span>\u00a0Eingeschlossen<\/li>\n<li>Live-Chat mit uns f\u00fcr die Verf\u00fcgbarkeit und mehr Bilder von \u00e4hnlichen Designs derzeit in\u00a0<span id=\"urn:enhancement-269520ff\" class=\"textannotation\">Aktie<\/span><\/li>\n<\/ul>","protected":false},"featured_media":314666,"comment_status":"closed","ping_status":"closed","template":"","meta":{"_eb_attr":"","_crsspst_to_jayantr4sg-hostcom":true},"product_brand":[],"product_cat":[1576,1324,1436],"product_tag":[],"class_list":{"0":"post-314027","1":"product","2":"type-product","3":"status-publish","4":"has-post-thumbnail","6":"product_cat-childrens-jewellery","7":"product_cat-gold-bracelet","8":"product_cat-kids-bracelet-kada","10":"first","11":"outofstock","12":"taxable","13":"shipping-taxable","14":"product-type-simple","15":"add-to-wishlist-before_image"},"yoast_head":"<!-- This site is optimized with the Yoast SEO plugin v27.3 - https:\/\/yoast.com\/product\/yoast-seo-wordpress\/ -->\n<title>22ct Hallmarked children&#039;s\u00a0gold\u00a0jewellery | PureJewels UK<\/title>\n<meta name=\"description\" content=\"Shop our exquisite collection of 22ct gold ID bracelets for newborn babies. Order your 22ct gold ID bracelet for newborn baby today\" \/>\n<meta name=\"robots\" content=\"index, follow, max-snippet:-1, max-image-preview:large, max-video-preview:-1\" \/>\n<link rel=\"canonical\" href=\"https:\/\/www.purejewels.com\/de\/produkt-2\/22ct-gold-id-armband-fur-neugeborenes-baby-32813\/\" \/>\n<meta property=\"og:locale\" content=\"de_DE\" \/>\n<meta property=\"og:type\" content=\"article\" \/>\n<meta property=\"og:title\" content=\"22ct Hallmarked children&#039;s\u00a0gold\u00a0jewellery | PureJewels UK\" \/>\n<meta property=\"og:description\" content=\"Shop our exquisite collection of 22ct gold ID bracelets for newborn babies. Order your 22ct gold ID bracelet for newborn baby today\" \/>\n<meta property=\"og:url\" content=\"https:\/\/www.purejewels.com\/de\/produkt-2\/22ct-gold-id-armband-fur-neugeborenes-baby-32813\/\" \/>\n<meta property=\"og:site_name\" content=\"PureJewels UK\" \/>\n<meta property=\"article:modified_time\" content=\"2026-03-05T06:29:08+00:00\" \/>\n<meta property=\"og:image\" content=\"https:\/\/static.purejewels.com\/wp-content\/uploads\/2020\/06\/image174417056.jpg\" \/>\n\t<meta property=\"og:image:width\" content=\"1000\" \/>\n\t<meta property=\"og:image:height\" content=\"1000\" \/>\n\t<meta property=\"og:image:type\" content=\"image\/jpeg\" \/>\n<meta name=\"twitter:card\" content=\"summary_large_image\" \/>\n<meta name=\"twitter:label1\" content=\"Gesch\u00e4tzte Lesezeit\" \/>\n\t<meta name=\"twitter:data1\" content=\"1\u00a0Minute\" \/>\n<script type=\"application\/ld+json\" class=\"yoast-schema-graph\">{\"@context\":\"https:\\\/\\\/schema.org\",\"@graph\":[{\"@type\":[\"WebPage\",\"ItemPage\"],\"@id\":\"https:\\\/\\\/www.purejewels.com\\\/product\\\/22ct-gold-id-bracelet-for-new-born-baby-32813\\\/\",\"url\":\"https:\\\/\\\/www.purejewels.com\\\/product\\\/22ct-gold-id-bracelet-for-new-born-baby-32813\\\/\",\"name\":\"22ct Hallmarked children's\u00a0gold\u00a0jewellery | PureJewels UK\",\"isPartOf\":{\"@id\":\"https:\\\/\\\/www.purejewels.com\\\/#website\"},\"primaryImageOfPage\":{\"@id\":\"https:\\\/\\\/www.purejewels.com\\\/product\\\/22ct-gold-id-bracelet-for-new-born-baby-32813\\\/#primaryimage\"},\"image\":{\"@id\":\"https:\\\/\\\/www.purejewels.com\\\/product\\\/22ct-gold-id-bracelet-for-new-born-baby-32813\\\/#primaryimage\"},\"thumbnailUrl\":\"https:\\\/\\\/static.purejewels.com\\\/wp-content\\\/uploads\\\/2020\\\/06\\\/image174417056.jpg\",\"datePublished\":\"2020-05-16T11:24:47+00:00\",\"dateModified\":\"2026-03-05T06:29:08+00:00\",\"description\":\"Shop our exquisite collection of 22ct gold ID bracelets for newborn babies. Order your 22ct gold ID bracelet for newborn baby today\",\"breadcrumb\":{\"@id\":\"https:\\\/\\\/www.purejewels.com\\\/product\\\/22ct-gold-id-bracelet-for-new-born-baby-32813\\\/#breadcrumb\"},\"inLanguage\":\"de\",\"potentialAction\":[{\"@type\":\"ReadAction\",\"target\":[\"https:\\\/\\\/www.purejewels.com\\\/product\\\/22ct-gold-id-bracelet-for-new-born-baby-32813\\\/\"]}]},{\"@type\":\"ImageObject\",\"inLanguage\":\"de\",\"@id\":\"https:\\\/\\\/www.purejewels.com\\\/product\\\/22ct-gold-id-bracelet-for-new-born-baby-32813\\\/#primaryimage\",\"url\":\"https:\\\/\\\/static.purejewels.com\\\/wp-content\\\/uploads\\\/2020\\\/06\\\/image174417056.jpg\",\"contentUrl\":\"https:\\\/\\\/static.purejewels.com\\\/wp-content\\\/uploads\\\/2020\\\/06\\\/image174417056.jpg\",\"width\":1000,\"height\":1000,\"caption\":\"22ct Gold Light ID Baby Bracelet YGBT055\"},{\"@type\":\"BreadcrumbList\",\"@id\":\"https:\\\/\\\/www.purejewels.com\\\/product\\\/22ct-gold-id-bracelet-for-new-born-baby-32813\\\/#breadcrumb\",\"itemListElement\":[{\"@type\":\"ListItem\",\"position\":1,\"name\":\"Home\",\"item\":\"https:\\\/\\\/www.purejewels.com\\\/\"},{\"@type\":\"ListItem\",\"position\":2,\"name\":\"Shop\",\"item\":\"https:\\\/\\\/www.purejewels.com\\\/shop\\\/\"},{\"@type\":\"ListItem\",\"position\":3,\"name\":\"First Bracelet for new born baby\"}]},{\"@type\":\"WebSite\",\"@id\":\"https:\\\/\\\/www.purejewels.com\\\/#website\",\"url\":\"https:\\\/\\\/www.purejewels.com\\\/\",\"name\":\"PureJewels UK\",\"description\":\"Share the Love\",\"publisher\":{\"@id\":\"https:\\\/\\\/www.purejewels.com\\\/#organization\"},\"potentialAction\":[{\"@type\":\"SearchAction\",\"target\":{\"@type\":\"EntryPoint\",\"urlTemplate\":\"https:\\\/\\\/www.purejewels.com\\\/?s={search_term_string}\"},\"query-input\":{\"@type\":\"PropertyValueSpecification\",\"valueRequired\":true,\"valueName\":\"search_term_string\"}}],\"inLanguage\":\"de\"},{\"@type\":\"Organization\",\"@id\":\"https:\\\/\\\/www.purejewels.com\\\/#organization\",\"name\":\"PureJewels UK\",\"url\":\"https:\\\/\\\/www.purejewels.com\\\/\",\"logo\":{\"@type\":\"ImageObject\",\"inLanguage\":\"de\",\"@id\":\"https:\\\/\\\/www.purejewels.com\\\/#\\\/schema\\\/logo\\\/image\\\/\",\"url\":\"https:\\\/\\\/static.purejewels.com\\\/wp-content\\\/uploads\\\/2020\\\/11\\\/Logo-PJ-New-1.png\",\"contentUrl\":\"https:\\\/\\\/static.purejewels.com\\\/wp-content\\\/uploads\\\/2020\\\/11\\\/Logo-PJ-New-1.png\",\"width\":150,\"height\":80,\"caption\":\"PureJewels UK\"},\"image\":{\"@id\":\"https:\\\/\\\/www.purejewels.com\\\/#\\\/schema\\\/logo\\\/image\\\/\"}}]}<\/script>\n<!-- \/ Yoast SEO plugin. -->","yoast_head_json":{"title":"22ct Goldschmuck f\u00fcr Kinder mit Punzierung | PureJewels UK","description":"St\u00f6bern Sie in unserer exquisiten Kollektion von ID-Armb\u00e4ndern aus 22 Karat Gold f\u00fcr Neugeborene. Bestellen Sie Ihr ID-Armband aus 22 Karat Gold f\u00fcr Neugeborene noch heute","robots":{"index":"index","follow":"follow","max-snippet":"max-snippet:-1","max-image-preview":"max-image-preview:large","max-video-preview":"max-video-preview:-1"},"canonical":"https:\/\/www.purejewels.com\/de\/produkt-2\/22ct-gold-id-armband-fur-neugeborenes-baby-32813\/","og_locale":"de_DE","og_type":"article","og_title":"22ct Hallmarked children's\u00a0gold\u00a0jewellery | PureJewels UK","og_description":"Shop our exquisite collection of 22ct gold ID bracelets for newborn babies. Order your 22ct gold ID bracelet for newborn baby today","og_url":"https:\/\/www.purejewels.com\/de\/produkt-2\/22ct-gold-id-armband-fur-neugeborenes-baby-32813\/","og_site_name":"PureJewels UK","article_modified_time":"2026-03-05T06:29:08+00:00","og_image":[{"width":1000,"height":1000,"url":"https:\/\/static.purejewels.com\/wp-content\/uploads\/2020\/06\/image174417056.jpg","type":"image\/jpeg"}],"twitter_card":"summary_large_image","twitter_misc":{"Gesch\u00e4tzte Lesezeit":"1\u00a0Minute"},"schema":{"@context":"https:\/\/schema.org","@graph":[{"@type":["WebPage","ItemPage"],"@id":"https:\/\/www.purejewels.com\/product\/22ct-gold-id-bracelet-for-new-born-baby-32813\/","url":"https:\/\/www.purejewels.com\/product\/22ct-gold-id-bracelet-for-new-born-baby-32813\/","name":"22ct Goldschmuck f\u00fcr Kinder mit Punzierung | PureJewels UK","isPartOf":{"@id":"https:\/\/www.purejewels.com\/#website"},"primaryImageOfPage":{"@id":"https:\/\/www.purejewels.com\/product\/22ct-gold-id-bracelet-for-new-born-baby-32813\/#primaryimage"},"image":{"@id":"https:\/\/www.purejewels.com\/product\/22ct-gold-id-bracelet-for-new-born-baby-32813\/#primaryimage"},"thumbnailUrl":"https:\/\/static.purejewels.com\/wp-content\/uploads\/2020\/06\/image174417056.jpg","datePublished":"2020-05-16T11:24:47+00:00","dateModified":"2026-03-05T06:29:08+00:00","description":"St\u00f6bern Sie in unserer exquisiten Kollektion von ID-Armb\u00e4ndern aus 22 Karat Gold f\u00fcr Neugeborene. Bestellen Sie Ihr ID-Armband aus 22 Karat Gold f\u00fcr Neugeborene noch heute","breadcrumb":{"@id":"https:\/\/www.purejewels.com\/product\/22ct-gold-id-bracelet-for-new-born-baby-32813\/#breadcrumb"},"inLanguage":"de","potentialAction":[{"@type":"ReadAction","target":["https:\/\/www.purejewels.com\/product\/22ct-gold-id-bracelet-for-new-born-baby-32813\/"]}]},{"@type":"ImageObject","inLanguage":"de","@id":"https:\/\/www.purejewels.com\/product\/22ct-gold-id-bracelet-for-new-born-baby-32813\/#primaryimage","url":"https:\/\/static.purejewels.com\/wp-content\/uploads\/2020\/06\/image174417056.jpg","contentUrl":"https:\/\/static.purejewels.com\/wp-content\/uploads\/2020\/06\/image174417056.jpg","width":1000,"height":1000,"caption":"22ct Gold Light ID Baby Bracelet YGBT055"},{"@type":"BreadcrumbList","@id":"https:\/\/www.purejewels.com\/product\/22ct-gold-id-bracelet-for-new-born-baby-32813\/#breadcrumb","itemListElement":[{"@type":"ListItem","position":1,"name":"Home","item":"https:\/\/www.purejewels.com\/"},{"@type":"ListItem","position":2,"name":"Shop","item":"https:\/\/www.purejewels.com\/shop\/"},{"@type":"ListItem","position":3,"name":"First Bracelet for new born baby"}]},{"@type":"WebSite","@id":"https:\/\/www.purejewels.com\/#website","url":"https:\/\/www.purejewels.com\/","name":"PureJewels UK","description":"Teile die Liebe","publisher":{"@id":"https:\/\/www.purejewels.com\/#organization"},"potentialAction":[{"@type":"SearchAction","target":{"@type":"EntryPoint","urlTemplate":"https:\/\/www.purejewels.com\/?s={search_term_string}"},"query-input":{"@type":"PropertyValueSpecification","valueRequired":true,"valueName":"search_term_string"}}],"inLanguage":"de"},{"@type":"Organization","@id":"https:\/\/www.purejewels.com\/#organization","name":"PureJewels UK","url":"https:\/\/www.purejewels.com\/","logo":{"@type":"ImageObject","inLanguage":"de","@id":"https:\/\/www.purejewels.com\/#\/schema\/logo\/image\/","url":"https:\/\/static.purejewels.com\/wp-content\/uploads\/2020\/11\/Logo-PJ-New-1.png","contentUrl":"https:\/\/static.purejewels.com\/wp-content\/uploads\/2020\/11\/Logo-PJ-New-1.png","width":150,"height":80,"caption":"PureJewels UK"},"image":{"@id":"https:\/\/www.purejewels.com\/#\/schema\/logo\/image\/"}}]}},"_links":{"self":[{"href":"https:\/\/www.purejewels.com\/de\/wp-json\/wp\/v2\/product\/314027","targetHints":{"allow":["GET"]}}],"collection":[{"href":"https:\/\/www.purejewels.com\/de\/wp-json\/wp\/v2\/product"}],"about":[{"href":"https:\/\/www.purejewels.com\/de\/wp-json\/wp\/v2\/types\/product"}],"replies":[{"embeddable":true,"href":"https:\/\/www.purejewels.com\/de\/wp-json\/wp\/v2\/comments?post=314027"}],"version-history":[{"count":3,"href":"https:\/\/www.purejewels.com\/de\/wp-json\/wp\/v2\/product\/314027\/revisions"}],"predecessor-version":[{"id":426613,"href":"https:\/\/www.purejewels.com\/de\/wp-json\/wp\/v2\/product\/314027\/revisions\/426613"}],"wp:featuredmedia":[{"embeddable":true,"href":"https:\/\/www.purejewels.com\/de\/wp-json\/wp\/v2\/media\/314666"}],"wp:attachment":[{"href":"https:\/\/www.purejewels.com\/de\/wp-json\/wp\/v2\/media?parent=314027"}],"wp:term":[{"taxonomy":"product_brand","embeddable":true,"href":"https:\/\/www.purejewels.com\/de\/wp-json\/wp\/v2\/product_brand?post=314027"},{"taxonomy":"product_cat","embeddable":true,"href":"https:\/\/www.purejewels.com\/de\/wp-json\/wp\/v2\/product_cat?post=314027"},{"taxonomy":"product_tag","embeddable":true,"href":"https:\/\/www.purejewels.com\/de\/wp-json\/wp\/v2\/product_tag?post=314027"}],"curies":[{"name":"wp","href":"https:\/\/api.w.org\/{rel}","templated":true}]}}