{"id":314044,"date":"2020-05-16T13:51:02","date_gmt":"2020-05-16T12:51:02","guid":{"rendered":"https:\/\/www.purejewels.com\/?post_type=product&#038;p=314044"},"modified":"2026-03-31T11:24:33","modified_gmt":"2026-03-31T10:24:33","slug":"q-3","status":"publish","type":"product","link":"https:\/\/www.purejewels.com\/de\/product\/q-3\/","title":{"rendered":"22ct Gold Perlenarmband mit Rhodium Baby-Armband"},"content":{"rendered":"<p>Dieses Armband besteht aus gleichm\u00e4\u00dfig verteilten Perlen, die abwechselnd mit warmem Gold und rhodinierten Oberfl\u00e4chen versehen sind, wodurch ein subtiles Wechselspiel der Farbt\u00f6ne entsteht. Der Kontrast verleiht dem Design Tiefe und sorgt gleichzeitig f\u00fcr einen klaren und ausgewogenen Look. Seine feine Struktur verleiht ihm eine leichte, raffinierte Pr\u00e4senz am Handgelenk.<\/p>","protected":false},"excerpt":{"rendered":"<ul>\n<li>22 <span id=\"urn:enhancement-ff536c78\" class=\"textannotation\">Karat<\/span> <span id=\"urn:enhancement-96ae9148\" class=\"textannotation disambiguated wl-thing\">Gold<\/span> Baby-Armband f\u00fcr neugeborene Babys.<\/li>\n<li>mit einer <span id=\"urn:enhancement-ac5db594\" class=\"textannotation disambiguated wl-thing\">Rhodium<\/span> beenden.<\/li>\n<li>Geeignet f\u00fcr Kinder, Kinder, Kind, Kleinkind, Neugeborene.<\/li>\n<li>22ct gestempelt <span id=\"urn:enhancement-c8709b77\" class=\"textannotation\">Kinder<\/span> <span id=\"urn:enhancement-ca444174\" class=\"textannotation disambiguated wl-thing\">Gold<\/span> <span id=\"urn:enhancement-af768d2a\" class=\"textannotation disambiguated wl-thing\">Schmuck<\/span>.<\/li>\n<li>Ungef\u00e4hre L\u00e4nge: 5 Zoll<\/li>\n<li>Gewicht : 3.2 gr.<\/li>\n<li>SKU.  32555<\/li>\n<li>Alle Preise inklusive Mehrwertsteuer<\/li>\n<li>22ct <span id=\"urn:enhancement-ab31bb0a\" class=\"textannotation disambiguated wl-thing\">Gold<\/span>&nbsp;Gepunzt von London <span id=\"urn:enhancement-7fe42079\" class=\"textannotation\">Pr\u00fcfstelle<\/span><\/li>\n<li>Mit Pr\u00e4sentationsbox<\/li>\n<li>Lieferung inbegriffen<\/li>\n<li>Live-Chat mit uns f\u00fcr die Verf\u00fcgbarkeit und mehr Bilder von \u00e4hnlichen Designs derzeit in <span id=\"urn:enhancement-973eb2cb\" class=\"textannotation\">Aktie<\/span><\/li>\n<\/ul>","protected":false},"featured_media":314051,"comment_status":"closed","ping_status":"closed","template":"","meta":{"_eb_attr":"","_crsspst_to_jayantr4sg-hostcom":false},"product_brand":[],"product_cat":[1576,1324,1436],"product_tag":[],"class_list":{"0":"post-314044","1":"product","2":"type-product","3":"status-publish","4":"has-post-thumbnail","6":"product_cat-childrens-jewellery","7":"product_cat-gold-bracelet","8":"product_cat-kids-bracelet-kada","10":"first","11":"outofstock","12":"taxable","13":"shipping-taxable","14":"product-type-simple","15":"add-to-wishlist-before_image"},"yoast_head":"<!-- This site is optimized with the Yoast SEO plugin v27.3 - https:\/\/yoast.com\/product\/yoast-seo-wordpress\/ -->\n<title>22ct Gold Bead Bracelet with Rhodium Baby Bracelet in UK<\/title>\n<meta name=\"description\" content=\"Shop a 22ct gold bead bracelet with rhodium accents. Hallmarked in the UK for assured purity and refined everyday wear.\" \/>\n<meta name=\"robots\" content=\"index, follow, max-snippet:-1, max-image-preview:large, max-video-preview:-1\" \/>\n<link rel=\"canonical\" href=\"https:\/\/www.purejewels.com\/de\/produkt-2\/q-3\/\" \/>\n<meta property=\"og:locale\" content=\"de_DE\" \/>\n<meta property=\"og:type\" content=\"article\" \/>\n<meta property=\"og:title\" content=\"22ct Gold Bead Bracelet with Rhodium Baby Bracelet in UK\" \/>\n<meta property=\"og:description\" content=\"Shop a 22ct gold bead bracelet with rhodium accents. Hallmarked in the UK for assured purity and refined everyday wear.\" \/>\n<meta property=\"og:url\" content=\"https:\/\/www.purejewels.com\/de\/produkt-2\/q-3\/\" \/>\n<meta property=\"og:site_name\" content=\"PureJewels UK\" \/>\n<meta property=\"article:modified_time\" content=\"2026-03-31T10:24:33+00:00\" \/>\n<meta property=\"og:image\" content=\"https:\/\/static.purejewels.com\/wp-content\/uploads\/2020\/05\/167018851.jpg\" \/>\n\t<meta property=\"og:image:width\" content=\"300\" \/>\n\t<meta property=\"og:image:height\" content=\"300\" \/>\n\t<meta property=\"og:image:type\" content=\"image\/jpeg\" \/>\n<meta name=\"twitter:card\" content=\"summary_large_image\" \/>\n<meta name=\"twitter:label1\" content=\"Gesch\u00e4tzte Lesezeit\" \/>\n\t<meta name=\"twitter:data1\" content=\"1\u00a0Minute\" \/>\n<script type=\"application\/ld+json\" class=\"yoast-schema-graph\">{\"@context\":\"https:\\\/\\\/schema.org\",\"@graph\":[{\"@type\":[\"WebPage\",\"ItemPage\"],\"@id\":\"https:\\\/\\\/www.purejewels.com\\\/product\\\/q-3\\\/\",\"url\":\"https:\\\/\\\/www.purejewels.com\\\/product\\\/q-3\\\/\",\"name\":\"22ct Gold Bead Bracelet with Rhodium Baby Bracelet in UK\",\"isPartOf\":{\"@id\":\"https:\\\/\\\/www.purejewels.com\\\/#website\"},\"primaryImageOfPage\":{\"@id\":\"https:\\\/\\\/www.purejewels.com\\\/product\\\/q-3\\\/#primaryimage\"},\"image\":{\"@id\":\"https:\\\/\\\/www.purejewels.com\\\/product\\\/q-3\\\/#primaryimage\"},\"thumbnailUrl\":\"https:\\\/\\\/static.purejewels.com\\\/wp-content\\\/uploads\\\/2020\\\/05\\\/167018851.jpg\",\"datePublished\":\"2020-05-16T12:51:02+00:00\",\"dateModified\":\"2026-03-31T10:24:33+00:00\",\"description\":\"Shop a 22ct gold bead bracelet with rhodium accents. Hallmarked in the UK for assured purity and refined everyday wear.\",\"breadcrumb\":{\"@id\":\"https:\\\/\\\/www.purejewels.com\\\/product\\\/q-3\\\/#breadcrumb\"},\"inLanguage\":\"de\",\"potentialAction\":[{\"@type\":\"ReadAction\",\"target\":[\"https:\\\/\\\/www.purejewels.com\\\/product\\\/q-3\\\/\"]}]},{\"@type\":\"ImageObject\",\"inLanguage\":\"de\",\"@id\":\"https:\\\/\\\/www.purejewels.com\\\/product\\\/q-3\\\/#primaryimage\",\"url\":\"https:\\\/\\\/static.purejewels.com\\\/wp-content\\\/uploads\\\/2020\\\/05\\\/167018851.jpg\",\"contentUrl\":\"https:\\\/\\\/static.purejewels.com\\\/wp-content\\\/uploads\\\/2020\\\/05\\\/167018851.jpg\",\"width\":300,\"height\":300,\"caption\":\"22ct Gold Baby Bracelet Yellow and Rhodium Beads YGBT051\"},{\"@type\":\"BreadcrumbList\",\"@id\":\"https:\\\/\\\/www.purejewels.com\\\/product\\\/q-3\\\/#breadcrumb\",\"itemListElement\":[{\"@type\":\"ListItem\",\"position\":1,\"name\":\"Home\",\"item\":\"https:\\\/\\\/www.purejewels.com\\\/\"},{\"@type\":\"ListItem\",\"position\":2,\"name\":\"Shop\",\"item\":\"https:\\\/\\\/www.purejewels.com\\\/shop\\\/\"},{\"@type\":\"ListItem\",\"position\":3,\"name\":\"22ct Gold Bead Bracelet with Rhodium Baby Bracelet\"}]},{\"@type\":\"WebSite\",\"@id\":\"https:\\\/\\\/www.purejewels.com\\\/#website\",\"url\":\"https:\\\/\\\/www.purejewels.com\\\/\",\"name\":\"PureJewels UK\",\"description\":\"Share the Love\",\"publisher\":{\"@id\":\"https:\\\/\\\/www.purejewels.com\\\/#organization\"},\"potentialAction\":[{\"@type\":\"SearchAction\",\"target\":{\"@type\":\"EntryPoint\",\"urlTemplate\":\"https:\\\/\\\/www.purejewels.com\\\/?s={search_term_string}\"},\"query-input\":{\"@type\":\"PropertyValueSpecification\",\"valueRequired\":true,\"valueName\":\"search_term_string\"}}],\"inLanguage\":\"de\"},{\"@type\":\"Organization\",\"@id\":\"https:\\\/\\\/www.purejewels.com\\\/#organization\",\"name\":\"PureJewels UK\",\"url\":\"https:\\\/\\\/www.purejewels.com\\\/\",\"logo\":{\"@type\":\"ImageObject\",\"inLanguage\":\"de\",\"@id\":\"https:\\\/\\\/www.purejewels.com\\\/#\\\/schema\\\/logo\\\/image\\\/\",\"url\":\"https:\\\/\\\/static.purejewels.com\\\/wp-content\\\/uploads\\\/2020\\\/11\\\/Logo-PJ-New-1.png\",\"contentUrl\":\"https:\\\/\\\/static.purejewels.com\\\/wp-content\\\/uploads\\\/2020\\\/11\\\/Logo-PJ-New-1.png\",\"width\":150,\"height\":80,\"caption\":\"PureJewels UK\"},\"image\":{\"@id\":\"https:\\\/\\\/www.purejewels.com\\\/#\\\/schema\\\/logo\\\/image\\\/\"}}]}<\/script>\n<!-- \/ Yoast SEO plugin. -->","yoast_head_json":{"title":"22ct Gold Bead Bracelet mit Rhodium Baby Armband in UK","description":"Kaufen Sie ein Perlenarmband aus 22 Karat Gold mit Rhodium-Akzenten. Gepunzt in Gro\u00dfbritannien f\u00fcr garantierte Reinheit und raffinierte Alltagskleidung.","robots":{"index":"index","follow":"follow","max-snippet":"max-snippet:-1","max-image-preview":"max-image-preview:large","max-video-preview":"max-video-preview:-1"},"canonical":"https:\/\/www.purejewels.com\/de\/produkt-2\/q-3\/","og_locale":"de_DE","og_type":"article","og_title":"22ct Gold Bead Bracelet with Rhodium Baby Bracelet in UK","og_description":"Shop a 22ct gold bead bracelet with rhodium accents. Hallmarked in the UK for assured purity and refined everyday wear.","og_url":"https:\/\/www.purejewels.com\/de\/produkt-2\/q-3\/","og_site_name":"PureJewels UK","article_modified_time":"2026-03-31T10:24:33+00:00","og_image":[{"width":300,"height":300,"url":"https:\/\/static.purejewels.com\/wp-content\/uploads\/2020\/05\/167018851.jpg","type":"image\/jpeg"}],"twitter_card":"summary_large_image","twitter_misc":{"Gesch\u00e4tzte Lesezeit":"1\u00a0Minute"},"schema":{"@context":"https:\/\/schema.org","@graph":[{"@type":["WebPage","ItemPage"],"@id":"https:\/\/www.purejewels.com\/product\/q-3\/","url":"https:\/\/www.purejewels.com\/product\/q-3\/","name":"22ct Gold Bead Bracelet mit Rhodium Baby Armband in UK","isPartOf":{"@id":"https:\/\/www.purejewels.com\/#website"},"primaryImageOfPage":{"@id":"https:\/\/www.purejewels.com\/product\/q-3\/#primaryimage"},"image":{"@id":"https:\/\/www.purejewels.com\/product\/q-3\/#primaryimage"},"thumbnailUrl":"https:\/\/static.purejewels.com\/wp-content\/uploads\/2020\/05\/167018851.jpg","datePublished":"2020-05-16T12:51:02+00:00","dateModified":"2026-03-31T10:24:33+00:00","description":"Kaufen Sie ein Perlenarmband aus 22 Karat Gold mit Rhodium-Akzenten. Gepunzt in Gro\u00dfbritannien f\u00fcr garantierte Reinheit und raffinierte Alltagskleidung.","breadcrumb":{"@id":"https:\/\/www.purejewels.com\/product\/q-3\/#breadcrumb"},"inLanguage":"de","potentialAction":[{"@type":"ReadAction","target":["https:\/\/www.purejewels.com\/product\/q-3\/"]}]},{"@type":"ImageObject","inLanguage":"de","@id":"https:\/\/www.purejewels.com\/product\/q-3\/#primaryimage","url":"https:\/\/static.purejewels.com\/wp-content\/uploads\/2020\/05\/167018851.jpg","contentUrl":"https:\/\/static.purejewels.com\/wp-content\/uploads\/2020\/05\/167018851.jpg","width":300,"height":300,"caption":"22ct Gold Baby Bracelet Yellow and Rhodium Beads YGBT051"},{"@type":"BreadcrumbList","@id":"https:\/\/www.purejewels.com\/product\/q-3\/#breadcrumb","itemListElement":[{"@type":"ListItem","position":1,"name":"Home","item":"https:\/\/www.purejewels.com\/"},{"@type":"ListItem","position":2,"name":"Shop","item":"https:\/\/www.purejewels.com\/shop\/"},{"@type":"ListItem","position":3,"name":"22ct Gold Bead Bracelet with Rhodium Baby Bracelet"}]},{"@type":"WebSite","@id":"https:\/\/www.purejewels.com\/#website","url":"https:\/\/www.purejewels.com\/","name":"PureJewels UK","description":"Teile die Liebe","publisher":{"@id":"https:\/\/www.purejewels.com\/#organization"},"potentialAction":[{"@type":"SearchAction","target":{"@type":"EntryPoint","urlTemplate":"https:\/\/www.purejewels.com\/?s={search_term_string}"},"query-input":{"@type":"PropertyValueSpecification","valueRequired":true,"valueName":"search_term_string"}}],"inLanguage":"de"},{"@type":"Organization","@id":"https:\/\/www.purejewels.com\/#organization","name":"PureJewels UK","url":"https:\/\/www.purejewels.com\/","logo":{"@type":"ImageObject","inLanguage":"de","@id":"https:\/\/www.purejewels.com\/#\/schema\/logo\/image\/","url":"https:\/\/static.purejewels.com\/wp-content\/uploads\/2020\/11\/Logo-PJ-New-1.png","contentUrl":"https:\/\/static.purejewels.com\/wp-content\/uploads\/2020\/11\/Logo-PJ-New-1.png","width":150,"height":80,"caption":"PureJewels UK"},"image":{"@id":"https:\/\/www.purejewels.com\/#\/schema\/logo\/image\/"}}]}},"_links":{"self":[{"href":"https:\/\/www.purejewels.com\/de\/wp-json\/wp\/v2\/product\/314044","targetHints":{"allow":["GET"]}}],"collection":[{"href":"https:\/\/www.purejewels.com\/de\/wp-json\/wp\/v2\/product"}],"about":[{"href":"https:\/\/www.purejewels.com\/de\/wp-json\/wp\/v2\/types\/product"}],"replies":[{"embeddable":true,"href":"https:\/\/www.purejewels.com\/de\/wp-json\/wp\/v2\/comments?post=314044"}],"version-history":[{"count":2,"href":"https:\/\/www.purejewels.com\/de\/wp-json\/wp\/v2\/product\/314044\/revisions"}],"predecessor-version":[{"id":427922,"href":"https:\/\/www.purejewels.com\/de\/wp-json\/wp\/v2\/product\/314044\/revisions\/427922"}],"wp:featuredmedia":[{"embeddable":true,"href":"https:\/\/www.purejewels.com\/de\/wp-json\/wp\/v2\/media\/314051"}],"wp:attachment":[{"href":"https:\/\/www.purejewels.com\/de\/wp-json\/wp\/v2\/media?parent=314044"}],"wp:term":[{"taxonomy":"product_brand","embeddable":true,"href":"https:\/\/www.purejewels.com\/de\/wp-json\/wp\/v2\/product_brand?post=314044"},{"taxonomy":"product_cat","embeddable":true,"href":"https:\/\/www.purejewels.com\/de\/wp-json\/wp\/v2\/product_cat?post=314044"},{"taxonomy":"product_tag","embeddable":true,"href":"https:\/\/www.purejewels.com\/de\/wp-json\/wp\/v2\/product_tag?post=314044"}],"curies":[{"name":"wp","href":"https:\/\/api.w.org\/{rel}","templated":true}]}}