{"id":314078,"date":"2020-05-17T12:29:54","date_gmt":"2020-05-17T11:29:54","guid":{"rendered":"https:\/\/www.purejewels.com\/?post_type=product&#038;p=314078"},"modified":"2026-02-03T07:55:05","modified_gmt":"2026-02-03T07:55:05","slug":"22ct-gold-916-indischer-baby-armreif","status":"publish","type":"product","link":"https:\/\/www.purejewels.com\/de\/product\/22ct-gold-916-indian-baby-bangle\/","title":{"rendered":"22ct Gold indischen Baby Bead Armreif mit Dual-Tone"},"content":{"rendered":"<p>Gestaltung<\/p>\n<p>Dieser elegante Baby-Armreif hat eine schlanke, goldene Form, die von einer zentralen, strukturierten Goldperle hervorgehoben und von kleineren, zweifarbigen Akzentperlen flankiert wird. Die ausgewogenen Abst\u00e4nde und das glatte Profil erzeugen einen sanften Rhythmus um das Handgelenk und machen ihn leicht, raffiniert und alltagstauglich.<\/p>\n<p>Handwerkliches K\u00f6nnen<\/p>\n<p>Der aus massivem 22-kar\u00e4tigem Gold handgefertigte Armreif wurde mit Blick auf Komfort und Haltbarkeit f\u00fcr junge Tr\u00e4gerinnen entworfen. Jede Perle ist sorgf\u00e4ltig verarbeitet, um eine subtile, reflektierende Textur ohne scharfe Kanten zu erhalten. Der sichere Verschluss sorgt f\u00fcr ein angenehmes Tragegef\u00fchl, und jedes St\u00fcck ist in Gro\u00dfbritannien f\u00fcr die Reinheitspr\u00fcfung gepunzt.<\/p>\n<p>Styling &amp; Geschenkartikel<\/p>\n<p>Dieser Armreif eignet sich perfekt als bedeutungsvolles Geschenk f\u00fcr Neugeborene, Namensgebungsfeiern, Geburtstage oder famili\u00e4re Meilensteine. Er ist so konzipiert, dass er m\u00fchelos allein oder in Kombination mit anderem feinen Babyschmuck getragen werden kann. Ein zeitloses Andenken, das sowohl kulturelle Bedeutung als auch Alltagstauglichkeit besitzt.<\/p>","protected":false},"excerpt":{"rendered":"<p>Ein zarter Armreif aus 22-kar\u00e4tigem Gold mit feinen Perlendetails und sanften zweifarbigen Akzenten, der f\u00fcr den t\u00e4glichen Komfort konzipiert ist.<\/p>\n<ul>\n<li>22ct\u00a0<span id=\"urn:enhancement-417ef494\" class=\"textannotation\">Gold<\/span>\u00a0Indisch\u00a0<span id=\"urn:enhancement-cc506d12\" class=\"textannotation\">Baby<\/span>\u00a0Armreif.<\/li>\n<li>Geeignet f\u00fcr Kinder, Kinder, Kind, Kleinkind,\u00a0<span id=\"urn:enhancement-c2793498\" class=\"textannotation\">Neugeborene<\/span>.<\/li>\n<li>Gewicht: 3,1 g<\/li>\n<li><span id=\"urn:enhancement-de5a811e\" class=\"textannotation\">SKU<\/span>. 32034<\/li>\n<li>B\u00e4lle mit\u00a0<span id=\"urn:enhancement-6c63b01b\" class=\"textannotation\">Rhodium<\/span>\u00a0Poliert<\/li>\n<li>Alle Preise inklusive Mehrwertsteuer<\/li>\n<li>22ct\u00a0<span id=\"urn:enhancement-741ab7b3\" class=\"textannotation\">Gold<\/span>\u00a0Gepunzt von London\u00a0<span id=\"urn:enhancement-7fe374e9\" class=\"textannotation\">Pr\u00fcfstelle<\/span><\/li>\n<li>Mit Pr\u00e4sentationsbox<\/li>\n<li>Lieferung inbegriffen<\/li>\n<li>Live-Chat mit uns f\u00fcr die Verf\u00fcgbarkeit und mehr Bilder von \u00e4hnlichen Designs derzeit in\u00a0<span id=\"urn:enhancement-973e073b\" class=\"textannotation\">Aktie<\/span><\/li>\n<\/ul>","protected":false},"featured_media":314690,"comment_status":"closed","ping_status":"closed","template":"","meta":{"_eb_attr":"","_crsspst_to_jayantr4sg-hostcom":true},"product_brand":[],"product_cat":[1576,1324,1436],"product_tag":[],"class_list":{"0":"post-314078","1":"product","2":"type-product","3":"status-publish","4":"has-post-thumbnail","6":"product_cat-childrens-jewellery","7":"product_cat-gold-bracelet","8":"product_cat-kids-bracelet-kada","10":"first","11":"outofstock","12":"taxable","13":"shipping-taxable","14":"product-type-simple","15":"add-to-wishlist-before_image"},"yoast_head":"<!-- This site is optimized with the Yoast SEO plugin v27.3 - https:\/\/yoast.com\/product\/yoast-seo-wordpress\/ -->\n<title>22ct Gold Indian Baby Bead Bangle | Hallmarked | PureJewels UK<\/title>\n<meta name=\"description\" content=\"Shop the 22ct Gold Indian Baby Bead Bangle from PureJewels. Featuring fine gold beads with subtle dual-tone accents, handcrafted and UK hallmarked.\" \/>\n<meta name=\"robots\" content=\"index, follow, max-snippet:-1, max-image-preview:large, max-video-preview:-1\" \/>\n<link rel=\"canonical\" href=\"https:\/\/www.purejewels.com\/de\/produkt-2\/22ct-gold-916-indischer-baby-armreif\/\" \/>\n<meta property=\"og:locale\" content=\"de_DE\" \/>\n<meta property=\"og:type\" content=\"article\" \/>\n<meta property=\"og:title\" content=\"22ct Gold Indian Baby Bead Bangle | Hallmarked | PureJewels UK\" \/>\n<meta property=\"og:description\" content=\"Shop the 22ct Gold Indian Baby Bead Bangle from PureJewels. Featuring fine gold beads with subtle dual-tone accents, handcrafted and UK hallmarked.\" \/>\n<meta property=\"og:url\" content=\"https:\/\/www.purejewels.com\/de\/produkt-2\/22ct-gold-916-indischer-baby-armreif\/\" \/>\n<meta property=\"og:site_name\" content=\"PureJewels UK\" \/>\n<meta property=\"article:modified_time\" content=\"2026-02-03T07:55:05+00:00\" \/>\n<meta property=\"og:image\" content=\"https:\/\/static.purejewels.com\/wp-content\/uploads\/2020\/06\/image174417624.jpg\" \/>\n\t<meta property=\"og:image:width\" content=\"1000\" \/>\n\t<meta property=\"og:image:height\" content=\"1000\" \/>\n\t<meta property=\"og:image:type\" content=\"image\/jpeg\" \/>\n<meta name=\"twitter:card\" content=\"summary_large_image\" \/>\n<meta name=\"twitter:label1\" content=\"Gesch\u00e4tzte Lesezeit\" \/>\n\t<meta name=\"twitter:data1\" content=\"1\u00a0Minute\" \/>\n<script type=\"application\/ld+json\" class=\"yoast-schema-graph\">{\"@context\":\"https:\\\/\\\/schema.org\",\"@graph\":[{\"@type\":[\"WebPage\",\"ItemPage\"],\"@id\":\"https:\\\/\\\/www.purejewels.com\\\/product\\\/22ct-gold-916-indian-baby-bangle\\\/\",\"url\":\"https:\\\/\\\/www.purejewels.com\\\/product\\\/22ct-gold-916-indian-baby-bangle\\\/\",\"name\":\"22ct Gold Indian Baby Bead Bangle | Hallmarked | PureJewels UK\",\"isPartOf\":{\"@id\":\"https:\\\/\\\/www.purejewels.com\\\/#website\"},\"primaryImageOfPage\":{\"@id\":\"https:\\\/\\\/www.purejewels.com\\\/product\\\/22ct-gold-916-indian-baby-bangle\\\/#primaryimage\"},\"image\":{\"@id\":\"https:\\\/\\\/www.purejewels.com\\\/product\\\/22ct-gold-916-indian-baby-bangle\\\/#primaryimage\"},\"thumbnailUrl\":\"https:\\\/\\\/static.purejewels.com\\\/wp-content\\\/uploads\\\/2020\\\/06\\\/image174417624.jpg\",\"datePublished\":\"2020-05-17T11:29:54+00:00\",\"dateModified\":\"2026-02-03T07:55:05+00:00\",\"description\":\"Shop the 22ct Gold Indian Baby Bead Bangle from PureJewels. Featuring fine gold beads with subtle dual-tone accents, handcrafted and UK hallmarked.\",\"breadcrumb\":{\"@id\":\"https:\\\/\\\/www.purejewels.com\\\/product\\\/22ct-gold-916-indian-baby-bangle\\\/#breadcrumb\"},\"inLanguage\":\"de\",\"potentialAction\":[{\"@type\":\"ReadAction\",\"target\":[\"https:\\\/\\\/www.purejewels.com\\\/product\\\/22ct-gold-916-indian-baby-bangle\\\/\"]}]},{\"@type\":\"ImageObject\",\"inLanguage\":\"de\",\"@id\":\"https:\\\/\\\/www.purejewels.com\\\/product\\\/22ct-gold-916-indian-baby-bangle\\\/#primaryimage\",\"url\":\"https:\\\/\\\/static.purejewels.com\\\/wp-content\\\/uploads\\\/2020\\\/06\\\/image174417624.jpg\",\"contentUrl\":\"https:\\\/\\\/static.purejewels.com\\\/wp-content\\\/uploads\\\/2020\\\/06\\\/image174417624.jpg\",\"width\":1000,\"height\":1000,\"caption\":\"22ct Gold Baby Bangle Wired Ball YGBB045\"},{\"@type\":\"BreadcrumbList\",\"@id\":\"https:\\\/\\\/www.purejewels.com\\\/product\\\/22ct-gold-916-indian-baby-bangle\\\/#breadcrumb\",\"itemListElement\":[{\"@type\":\"ListItem\",\"position\":1,\"name\":\"Home\",\"item\":\"https:\\\/\\\/www.purejewels.com\\\/\"},{\"@type\":\"ListItem\",\"position\":2,\"name\":\"Shop\",\"item\":\"https:\\\/\\\/www.purejewels.com\\\/shop\\\/\"},{\"@type\":\"ListItem\",\"position\":3,\"name\":\"22ct Gold Indian Baby Bead Bangle with Dual-Tone\"}]},{\"@type\":\"WebSite\",\"@id\":\"https:\\\/\\\/www.purejewels.com\\\/#website\",\"url\":\"https:\\\/\\\/www.purejewels.com\\\/\",\"name\":\"PureJewels UK\",\"description\":\"Share the Love\",\"publisher\":{\"@id\":\"https:\\\/\\\/www.purejewels.com\\\/#organization\"},\"potentialAction\":[{\"@type\":\"SearchAction\",\"target\":{\"@type\":\"EntryPoint\",\"urlTemplate\":\"https:\\\/\\\/www.purejewels.com\\\/?s={search_term_string}\"},\"query-input\":{\"@type\":\"PropertyValueSpecification\",\"valueRequired\":true,\"valueName\":\"search_term_string\"}}],\"inLanguage\":\"de\"},{\"@type\":\"Organization\",\"@id\":\"https:\\\/\\\/www.purejewels.com\\\/#organization\",\"name\":\"PureJewels UK\",\"url\":\"https:\\\/\\\/www.purejewels.com\\\/\",\"logo\":{\"@type\":\"ImageObject\",\"inLanguage\":\"de\",\"@id\":\"https:\\\/\\\/www.purejewels.com\\\/#\\\/schema\\\/logo\\\/image\\\/\",\"url\":\"https:\\\/\\\/static.purejewels.com\\\/wp-content\\\/uploads\\\/2020\\\/11\\\/Logo-PJ-New-1.png\",\"contentUrl\":\"https:\\\/\\\/static.purejewels.com\\\/wp-content\\\/uploads\\\/2020\\\/11\\\/Logo-PJ-New-1.png\",\"width\":150,\"height\":80,\"caption\":\"PureJewels UK\"},\"image\":{\"@id\":\"https:\\\/\\\/www.purejewels.com\\\/#\\\/schema\\\/logo\\\/image\\\/\"}}]}<\/script>\n<!-- \/ Yoast SEO plugin. -->","yoast_head_json":{"title":"22ct Gold indischen Baby Bead Armreif | Hallmarked | PureJewels UK","description":"Kaufen Sie den 22ct Gold Indian Baby Bead Bangle von PureJewels. Mit feinen Goldperlen mit subtilen zweifarbigen Akzenten, handgefertigt und UK gestempelt.","robots":{"index":"index","follow":"follow","max-snippet":"max-snippet:-1","max-image-preview":"max-image-preview:large","max-video-preview":"max-video-preview:-1"},"canonical":"https:\/\/www.purejewels.com\/de\/produkt-2\/22ct-gold-916-indischer-baby-armreif\/","og_locale":"de_DE","og_type":"article","og_title":"22ct Gold Indian Baby Bead Bangle | Hallmarked | PureJewels UK","og_description":"Shop the 22ct Gold Indian Baby Bead Bangle from PureJewels. Featuring fine gold beads with subtle dual-tone accents, handcrafted and UK hallmarked.","og_url":"https:\/\/www.purejewels.com\/de\/produkt-2\/22ct-gold-916-indischer-baby-armreif\/","og_site_name":"PureJewels UK","article_modified_time":"2026-02-03T07:55:05+00:00","og_image":[{"width":1000,"height":1000,"url":"https:\/\/static.purejewels.com\/wp-content\/uploads\/2020\/06\/image174417624.jpg","type":"image\/jpeg"}],"twitter_card":"summary_large_image","twitter_misc":{"Gesch\u00e4tzte Lesezeit":"1\u00a0Minute"},"schema":{"@context":"https:\/\/schema.org","@graph":[{"@type":["WebPage","ItemPage"],"@id":"https:\/\/www.purejewels.com\/product\/22ct-gold-916-indian-baby-bangle\/","url":"https:\/\/www.purejewels.com\/product\/22ct-gold-916-indian-baby-bangle\/","name":"22ct Gold indischen Baby Bead Armreif | Hallmarked | PureJewels UK","isPartOf":{"@id":"https:\/\/www.purejewels.com\/#website"},"primaryImageOfPage":{"@id":"https:\/\/www.purejewels.com\/product\/22ct-gold-916-indian-baby-bangle\/#primaryimage"},"image":{"@id":"https:\/\/www.purejewels.com\/product\/22ct-gold-916-indian-baby-bangle\/#primaryimage"},"thumbnailUrl":"https:\/\/static.purejewels.com\/wp-content\/uploads\/2020\/06\/image174417624.jpg","datePublished":"2020-05-17T11:29:54+00:00","dateModified":"2026-02-03T07:55:05+00:00","description":"Kaufen Sie den 22ct Gold Indian Baby Bead Bangle von PureJewels. Mit feinen Goldperlen mit subtilen zweifarbigen Akzenten, handgefertigt und UK gestempelt.","breadcrumb":{"@id":"https:\/\/www.purejewels.com\/product\/22ct-gold-916-indian-baby-bangle\/#breadcrumb"},"inLanguage":"de","potentialAction":[{"@type":"ReadAction","target":["https:\/\/www.purejewels.com\/product\/22ct-gold-916-indian-baby-bangle\/"]}]},{"@type":"ImageObject","inLanguage":"de","@id":"https:\/\/www.purejewels.com\/product\/22ct-gold-916-indian-baby-bangle\/#primaryimage","url":"https:\/\/static.purejewels.com\/wp-content\/uploads\/2020\/06\/image174417624.jpg","contentUrl":"https:\/\/static.purejewels.com\/wp-content\/uploads\/2020\/06\/image174417624.jpg","width":1000,"height":1000,"caption":"22ct Gold Baby Bangle Wired Ball YGBB045"},{"@type":"BreadcrumbList","@id":"https:\/\/www.purejewels.com\/product\/22ct-gold-916-indian-baby-bangle\/#breadcrumb","itemListElement":[{"@type":"ListItem","position":1,"name":"Home","item":"https:\/\/www.purejewels.com\/"},{"@type":"ListItem","position":2,"name":"Shop","item":"https:\/\/www.purejewels.com\/shop\/"},{"@type":"ListItem","position":3,"name":"22ct Gold Indian Baby Bead Bangle with Dual-Tone"}]},{"@type":"WebSite","@id":"https:\/\/www.purejewels.com\/#website","url":"https:\/\/www.purejewels.com\/","name":"PureJewels UK","description":"Teile die Liebe","publisher":{"@id":"https:\/\/www.purejewels.com\/#organization"},"potentialAction":[{"@type":"SearchAction","target":{"@type":"EntryPoint","urlTemplate":"https:\/\/www.purejewels.com\/?s={search_term_string}"},"query-input":{"@type":"PropertyValueSpecification","valueRequired":true,"valueName":"search_term_string"}}],"inLanguage":"de"},{"@type":"Organization","@id":"https:\/\/www.purejewels.com\/#organization","name":"PureJewels UK","url":"https:\/\/www.purejewels.com\/","logo":{"@type":"ImageObject","inLanguage":"de","@id":"https:\/\/www.purejewels.com\/#\/schema\/logo\/image\/","url":"https:\/\/static.purejewels.com\/wp-content\/uploads\/2020\/11\/Logo-PJ-New-1.png","contentUrl":"https:\/\/static.purejewels.com\/wp-content\/uploads\/2020\/11\/Logo-PJ-New-1.png","width":150,"height":80,"caption":"PureJewels UK"},"image":{"@id":"https:\/\/www.purejewels.com\/#\/schema\/logo\/image\/"}}]}},"_links":{"self":[{"href":"https:\/\/www.purejewels.com\/de\/wp-json\/wp\/v2\/product\/314078","targetHints":{"allow":["GET"]}}],"collection":[{"href":"https:\/\/www.purejewels.com\/de\/wp-json\/wp\/v2\/product"}],"about":[{"href":"https:\/\/www.purejewels.com\/de\/wp-json\/wp\/v2\/types\/product"}],"replies":[{"embeddable":true,"href":"https:\/\/www.purejewels.com\/de\/wp-json\/wp\/v2\/comments?post=314078"}],"version-history":[{"count":3,"href":"https:\/\/www.purejewels.com\/de\/wp-json\/wp\/v2\/product\/314078\/revisions"}],"predecessor-version":[{"id":425565,"href":"https:\/\/www.purejewels.com\/de\/wp-json\/wp\/v2\/product\/314078\/revisions\/425565"}],"wp:featuredmedia":[{"embeddable":true,"href":"https:\/\/www.purejewels.com\/de\/wp-json\/wp\/v2\/media\/314690"}],"wp:attachment":[{"href":"https:\/\/www.purejewels.com\/de\/wp-json\/wp\/v2\/media?parent=314078"}],"wp:term":[{"taxonomy":"product_brand","embeddable":true,"href":"https:\/\/www.purejewels.com\/de\/wp-json\/wp\/v2\/product_brand?post=314078"},{"taxonomy":"product_cat","embeddable":true,"href":"https:\/\/www.purejewels.com\/de\/wp-json\/wp\/v2\/product_cat?post=314078"},{"taxonomy":"product_tag","embeddable":true,"href":"https:\/\/www.purejewels.com\/de\/wp-json\/wp\/v2\/product_tag?post=314078"}],"curies":[{"name":"wp","href":"https:\/\/api.w.org\/{rel}","templated":true}]}}