{"id":314085,"date":"2020-05-17T12:57:54","date_gmt":"2020-05-17T11:57:54","guid":{"rendered":"https:\/\/www.purejewels.com\/?post_type=product&#038;p=314085"},"modified":"2026-02-03T07:51:05","modified_gmt":"2026-02-03T07:51:05","slug":"baby-armreif-aus-22-karat-gold-32038","status":"publish","type":"product","link":"https:\/\/www.purejewels.com\/de\/product\/22ct-gold-baby-bangle-32038\/","title":{"rendered":"22ct Gold Feines Perlenarmband mit Rhodium-Akzenten"},"content":{"rendered":"<p>Gestaltung<\/p>\n<p>Dieses minimalistische Armband zeichnet sich durch seine schmale Goldkette aus, die von drei fein gearbeiteten Perlen unterbrochen wird. Eine zentrale, polierte Goldperle wird von zwei rhodinierten Akzenten flankiert, die einen ruhigen Kontrast schaffen, der leicht, modern und m\u00fchelos tragbar wirkt.<\/p>\n<p>Handwerkliches K\u00f6nnen<\/p>\n<p>Das in Handarbeit aus massivem 22-kar\u00e4tigem Gold gefertigte Armband ist so konzipiert, dass es sich bequem und flie\u00dfend am Handgelenk tragen l\u00e4sst. Die Perlen sind pr\u00e4zise verarbeitet, um eine weiche, reflektierende Textur zu erzielen, w\u00e4hrend der sichere Verschluss f\u00fcr einen hohen Tragekomfort sorgt. Jedes St\u00fcck ist in Gro\u00dfbritannien gepunzt, was die Reinheit und Qualit\u00e4t des Goldes best\u00e4tigt.<\/p>\n<p>Styling &amp; Geschenkartikel<\/p>\n<p>Dieses Armband ist ideal f\u00fcr den Alltag und l\u00e4sst sich wunderbar mit feinen Ketten oder Armreifen kombinieren, kann aber auch allein getragen werden, um einen subtilen Akzent zu setzen. Es ist ein durchdachtes Geschenk f\u00fcr Geburtstage, Jahrestage oder pers\u00f6nliche Meilensteine und eignet sich f\u00fcr alle, die dezentes Design und sinnvolle Handwerkskunst sch\u00e4tzen.<\/p>","protected":false},"excerpt":{"rendered":"<p>Ein zartes Armband aus 22-kar\u00e4tigem Gold mit Akzenten aus poliertem Gold und rhodinierten Perlen f\u00fcr raffinierte Eleganz im Alltag.<\/p>\n<ul>\n<li>22ct <span id=\"urn:enhancement-417ef494\" class=\"textannotation\">Gold<\/span> <span id=\"urn:enhancement-cc506d12\" class=\"textannotation\">Baby<\/span> <span id=\"urn:enhancement-71e36295\" class=\"textannotation\">Armreif<\/span>.<\/li>\n<li>Geeignet f\u00fcr Kinder, Kinder, Kind, Kleinkind, <span id=\"urn:enhancement-2702fbe3\" class=\"textannotation\">Neugeborene<\/span>.<\/li>\n<li>22ct gestempelt <span id=\"urn:enhancement-afba58b6\" class=\"textannotation\">Kinder<\/span> <span id=\"urn:enhancement-a980f045\" class=\"textannotation\">Gold<\/span> <span id=\"urn:enhancement-de595b5b\" class=\"textannotation\">Schmuck<\/span>.<\/li>\n<li>Gew.3 gm<\/li>\n<li><span id=\"urn:enhancement-6f1842ec\" class=\"textannotation\">SKU<\/span> .32038<\/li>\n<li>Alle <span id=\"urn:enhancement-eb5a2711\" class=\"textannotation\">Preise<\/span> einschlie\u00dflich Mehrwertsteuer<\/li>\n<li>22ct <span id=\"urn:enhancement-4d7b275b\" class=\"textannotation\">Gold<\/span>\u00a0Gepunzt von London <span id=\"urn:enhancement-7fe36049\" class=\"textannotation\">Pr\u00fcfstelle<\/span><\/li>\n<li>Mit Pr\u00e4sentationsbox<\/li>\n<li>Lieferung inbegriffen<\/li>\n<li>Live-Chat mit uns f\u00fcr die Verf\u00fcgbarkeit und mehr Bilder von \u00e4hnlichen Designs derzeit in <span id=\"urn:enhancement-973df29b\" class=\"textannotation\">Aktie<\/span><\/li>\n<\/ul>","protected":false},"featured_media":314715,"comment_status":"closed","ping_status":"closed","template":"","meta":{"_eb_attr":"","_crsspst_to_jayantr4sg-hostcom":false},"product_brand":[],"product_cat":[1576,1526,1436],"product_tag":[1546],"class_list":{"0":"post-314085","1":"product","2":"type-product","3":"status-publish","4":"has-post-thumbnail","6":"product_cat-childrens-jewellery","7":"product_cat-kids-bangles","8":"product_cat-kids-bracelet-kada","9":"product_tag-children","11":"first","12":"outofstock","13":"taxable","14":"shipping-taxable","15":"product-type-simple","16":"add-to-wishlist-before_image"},"yoast_head":"<!-- This site is optimized with the Yoast SEO plugin v27.3 - https:\/\/yoast.com\/product\/yoast-seo-wordpress\/ -->\n<title>22ct Fine Bead Bracelet with Rhodium | Online at PureJewels UK<\/title>\n<meta name=\"description\" content=\"Shop the 22ct Gold Fine Bead Bracelet from PureJewels. Featuring subtle gold and rhodium-finished beads on a slender chain, hallmarked in the UK.\" \/>\n<meta name=\"robots\" content=\"index, follow, max-snippet:-1, max-image-preview:large, max-video-preview:-1\" \/>\n<link rel=\"canonical\" href=\"https:\/\/www.purejewels.com\/de\/produkt-2\/baby-armreif-aus-22-karat-gold-32038\/\" \/>\n<meta property=\"og:locale\" content=\"de_DE\" \/>\n<meta property=\"og:type\" content=\"article\" \/>\n<meta property=\"og:title\" content=\"22ct Fine Bead Bracelet with Rhodium | Online at PureJewels UK\" \/>\n<meta property=\"og:description\" content=\"Shop the 22ct Gold Fine Bead Bracelet from PureJewels. Featuring subtle gold and rhodium-finished beads on a slender chain, hallmarked in the UK.\" \/>\n<meta property=\"og:url\" content=\"https:\/\/www.purejewels.com\/de\/produkt-2\/baby-armreif-aus-22-karat-gold-32038\/\" \/>\n<meta property=\"og:site_name\" content=\"PureJewels UK\" \/>\n<meta property=\"article:modified_time\" content=\"2026-02-03T07:51:05+00:00\" \/>\n<meta property=\"og:image\" content=\"https:\/\/static.purejewels.com\/wp-content\/uploads\/2020\/06\/image174422253.jpg\" \/>\n\t<meta property=\"og:image:width\" content=\"1000\" \/>\n\t<meta property=\"og:image:height\" content=\"1000\" \/>\n\t<meta property=\"og:image:type\" content=\"image\/jpeg\" \/>\n<meta name=\"twitter:card\" content=\"summary_large_image\" \/>\n<meta name=\"twitter:label1\" content=\"Gesch\u00e4tzte Lesezeit\" \/>\n\t<meta name=\"twitter:data1\" content=\"1\u00a0Minute\" \/>\n<script type=\"application\/ld+json\" class=\"yoast-schema-graph\">{\"@context\":\"https:\\\/\\\/schema.org\",\"@graph\":[{\"@type\":[\"WebPage\",\"ItemPage\"],\"@id\":\"https:\\\/\\\/www.purejewels.com\\\/product\\\/22ct-gold-baby-bangle-32038\\\/\",\"url\":\"https:\\\/\\\/www.purejewels.com\\\/product\\\/22ct-gold-baby-bangle-32038\\\/\",\"name\":\"22ct Fine Bead Bracelet with Rhodium | Online at PureJewels UK\",\"isPartOf\":{\"@id\":\"https:\\\/\\\/www.purejewels.com\\\/#website\"},\"primaryImageOfPage\":{\"@id\":\"https:\\\/\\\/www.purejewels.com\\\/product\\\/22ct-gold-baby-bangle-32038\\\/#primaryimage\"},\"image\":{\"@id\":\"https:\\\/\\\/www.purejewels.com\\\/product\\\/22ct-gold-baby-bangle-32038\\\/#primaryimage\"},\"thumbnailUrl\":\"https:\\\/\\\/static.purejewels.com\\\/wp-content\\\/uploads\\\/2020\\\/06\\\/image174422253.jpg\",\"datePublished\":\"2020-05-17T11:57:54+00:00\",\"dateModified\":\"2026-02-03T07:51:05+00:00\",\"description\":\"Shop the 22ct Gold Fine Bead Bracelet from PureJewels. Featuring subtle gold and rhodium-finished beads on a slender chain, hallmarked in the UK.\",\"breadcrumb\":{\"@id\":\"https:\\\/\\\/www.purejewels.com\\\/product\\\/22ct-gold-baby-bangle-32038\\\/#breadcrumb\"},\"inLanguage\":\"de\",\"potentialAction\":[{\"@type\":\"ReadAction\",\"target\":[\"https:\\\/\\\/www.purejewels.com\\\/product\\\/22ct-gold-baby-bangle-32038\\\/\"]}]},{\"@type\":\"ImageObject\",\"inLanguage\":\"de\",\"@id\":\"https:\\\/\\\/www.purejewels.com\\\/product\\\/22ct-gold-baby-bangle-32038\\\/#primaryimage\",\"url\":\"https:\\\/\\\/static.purejewels.com\\\/wp-content\\\/uploads\\\/2020\\\/06\\\/image174422253.jpg\",\"contentUrl\":\"https:\\\/\\\/static.purejewels.com\\\/wp-content\\\/uploads\\\/2020\\\/06\\\/image174422253.jpg\",\"width\":1000,\"height\":1000,\"caption\":\"22ct Gold Baby Bangle Wired Ball YGBB047\"},{\"@type\":\"BreadcrumbList\",\"@id\":\"https:\\\/\\\/www.purejewels.com\\\/product\\\/22ct-gold-baby-bangle-32038\\\/#breadcrumb\",\"itemListElement\":[{\"@type\":\"ListItem\",\"position\":1,\"name\":\"Home\",\"item\":\"https:\\\/\\\/www.purejewels.com\\\/\"},{\"@type\":\"ListItem\",\"position\":2,\"name\":\"Shop\",\"item\":\"https:\\\/\\\/www.purejewels.com\\\/shop\\\/\"},{\"@type\":\"ListItem\",\"position\":3,\"name\":\"22ct Gold Fine Bead Bracelet with Rhodium Accents\"}]},{\"@type\":\"WebSite\",\"@id\":\"https:\\\/\\\/www.purejewels.com\\\/#website\",\"url\":\"https:\\\/\\\/www.purejewels.com\\\/\",\"name\":\"PureJewels UK\",\"description\":\"Share the Love\",\"publisher\":{\"@id\":\"https:\\\/\\\/www.purejewels.com\\\/#organization\"},\"potentialAction\":[{\"@type\":\"SearchAction\",\"target\":{\"@type\":\"EntryPoint\",\"urlTemplate\":\"https:\\\/\\\/www.purejewels.com\\\/?s={search_term_string}\"},\"query-input\":{\"@type\":\"PropertyValueSpecification\",\"valueRequired\":true,\"valueName\":\"search_term_string\"}}],\"inLanguage\":\"de\"},{\"@type\":\"Organization\",\"@id\":\"https:\\\/\\\/www.purejewels.com\\\/#organization\",\"name\":\"PureJewels UK\",\"url\":\"https:\\\/\\\/www.purejewels.com\\\/\",\"logo\":{\"@type\":\"ImageObject\",\"inLanguage\":\"de\",\"@id\":\"https:\\\/\\\/www.purejewels.com\\\/#\\\/schema\\\/logo\\\/image\\\/\",\"url\":\"https:\\\/\\\/static.purejewels.com\\\/wp-content\\\/uploads\\\/2020\\\/11\\\/Logo-PJ-New-1.png\",\"contentUrl\":\"https:\\\/\\\/static.purejewels.com\\\/wp-content\\\/uploads\\\/2020\\\/11\\\/Logo-PJ-New-1.png\",\"width\":150,\"height\":80,\"caption\":\"PureJewels UK\"},\"image\":{\"@id\":\"https:\\\/\\\/www.purejewels.com\\\/#\\\/schema\\\/logo\\\/image\\\/\"}}]}<\/script>\n<!-- \/ Yoast SEO plugin. -->","yoast_head_json":{"title":"22ct Feines Perlenarmband mit Rhodium | Online bei PureJewels UK","description":"Kaufen Sie das 22ct Gold Fine Bead Bracelet von PureJewels. Mit subtilen Gold- und Rhodium-veredelten Perlen an einer schlanken Kette, gestempelt in Gro\u00dfbritannien.","robots":{"index":"index","follow":"follow","max-snippet":"max-snippet:-1","max-image-preview":"max-image-preview:large","max-video-preview":"max-video-preview:-1"},"canonical":"https:\/\/www.purejewels.com\/de\/produkt-2\/baby-armreif-aus-22-karat-gold-32038\/","og_locale":"de_DE","og_type":"article","og_title":"22ct Fine Bead Bracelet with Rhodium | Online at PureJewels UK","og_description":"Shop the 22ct Gold Fine Bead Bracelet from PureJewels. Featuring subtle gold and rhodium-finished beads on a slender chain, hallmarked in the UK.","og_url":"https:\/\/www.purejewels.com\/de\/produkt-2\/baby-armreif-aus-22-karat-gold-32038\/","og_site_name":"PureJewels UK","article_modified_time":"2026-02-03T07:51:05+00:00","og_image":[{"width":1000,"height":1000,"url":"https:\/\/static.purejewels.com\/wp-content\/uploads\/2020\/06\/image174422253.jpg","type":"image\/jpeg"}],"twitter_card":"summary_large_image","twitter_misc":{"Gesch\u00e4tzte Lesezeit":"1\u00a0Minute"},"schema":{"@context":"https:\/\/schema.org","@graph":[{"@type":["WebPage","ItemPage"],"@id":"https:\/\/www.purejewels.com\/product\/22ct-gold-baby-bangle-32038\/","url":"https:\/\/www.purejewels.com\/product\/22ct-gold-baby-bangle-32038\/","name":"22ct Feines Perlenarmband mit Rhodium | Online bei PureJewels UK","isPartOf":{"@id":"https:\/\/www.purejewels.com\/#website"},"primaryImageOfPage":{"@id":"https:\/\/www.purejewels.com\/product\/22ct-gold-baby-bangle-32038\/#primaryimage"},"image":{"@id":"https:\/\/www.purejewels.com\/product\/22ct-gold-baby-bangle-32038\/#primaryimage"},"thumbnailUrl":"https:\/\/static.purejewels.com\/wp-content\/uploads\/2020\/06\/image174422253.jpg","datePublished":"2020-05-17T11:57:54+00:00","dateModified":"2026-02-03T07:51:05+00:00","description":"Kaufen Sie das 22ct Gold Fine Bead Bracelet von PureJewels. Mit subtilen Gold- und Rhodium-veredelten Perlen an einer schlanken Kette, gestempelt in Gro\u00dfbritannien.","breadcrumb":{"@id":"https:\/\/www.purejewels.com\/product\/22ct-gold-baby-bangle-32038\/#breadcrumb"},"inLanguage":"de","potentialAction":[{"@type":"ReadAction","target":["https:\/\/www.purejewels.com\/product\/22ct-gold-baby-bangle-32038\/"]}]},{"@type":"ImageObject","inLanguage":"de","@id":"https:\/\/www.purejewels.com\/product\/22ct-gold-baby-bangle-32038\/#primaryimage","url":"https:\/\/static.purejewels.com\/wp-content\/uploads\/2020\/06\/image174422253.jpg","contentUrl":"https:\/\/static.purejewels.com\/wp-content\/uploads\/2020\/06\/image174422253.jpg","width":1000,"height":1000,"caption":"22ct Gold Baby Bangle Wired Ball YGBB047"},{"@type":"BreadcrumbList","@id":"https:\/\/www.purejewels.com\/product\/22ct-gold-baby-bangle-32038\/#breadcrumb","itemListElement":[{"@type":"ListItem","position":1,"name":"Home","item":"https:\/\/www.purejewels.com\/"},{"@type":"ListItem","position":2,"name":"Shop","item":"https:\/\/www.purejewels.com\/shop\/"},{"@type":"ListItem","position":3,"name":"22ct Gold Fine Bead Bracelet with Rhodium Accents"}]},{"@type":"WebSite","@id":"https:\/\/www.purejewels.com\/#website","url":"https:\/\/www.purejewels.com\/","name":"PureJewels UK","description":"Teile die Liebe","publisher":{"@id":"https:\/\/www.purejewels.com\/#organization"},"potentialAction":[{"@type":"SearchAction","target":{"@type":"EntryPoint","urlTemplate":"https:\/\/www.purejewels.com\/?s={search_term_string}"},"query-input":{"@type":"PropertyValueSpecification","valueRequired":true,"valueName":"search_term_string"}}],"inLanguage":"de"},{"@type":"Organization","@id":"https:\/\/www.purejewels.com\/#organization","name":"PureJewels UK","url":"https:\/\/www.purejewels.com\/","logo":{"@type":"ImageObject","inLanguage":"de","@id":"https:\/\/www.purejewels.com\/#\/schema\/logo\/image\/","url":"https:\/\/static.purejewels.com\/wp-content\/uploads\/2020\/11\/Logo-PJ-New-1.png","contentUrl":"https:\/\/static.purejewels.com\/wp-content\/uploads\/2020\/11\/Logo-PJ-New-1.png","width":150,"height":80,"caption":"PureJewels UK"},"image":{"@id":"https:\/\/www.purejewels.com\/#\/schema\/logo\/image\/"}}]}},"_links":{"self":[{"href":"https:\/\/www.purejewels.com\/de\/wp-json\/wp\/v2\/product\/314085","targetHints":{"allow":["GET"]}}],"collection":[{"href":"https:\/\/www.purejewels.com\/de\/wp-json\/wp\/v2\/product"}],"about":[{"href":"https:\/\/www.purejewels.com\/de\/wp-json\/wp\/v2\/types\/product"}],"replies":[{"embeddable":true,"href":"https:\/\/www.purejewels.com\/de\/wp-json\/wp\/v2\/comments?post=314085"}],"version-history":[{"count":3,"href":"https:\/\/www.purejewels.com\/de\/wp-json\/wp\/v2\/product\/314085\/revisions"}],"predecessor-version":[{"id":425563,"href":"https:\/\/www.purejewels.com\/de\/wp-json\/wp\/v2\/product\/314085\/revisions\/425563"}],"wp:featuredmedia":[{"embeddable":true,"href":"https:\/\/www.purejewels.com\/de\/wp-json\/wp\/v2\/media\/314715"}],"wp:attachment":[{"href":"https:\/\/www.purejewels.com\/de\/wp-json\/wp\/v2\/media?parent=314085"}],"wp:term":[{"taxonomy":"product_brand","embeddable":true,"href":"https:\/\/www.purejewels.com\/de\/wp-json\/wp\/v2\/product_brand?post=314085"},{"taxonomy":"product_cat","embeddable":true,"href":"https:\/\/www.purejewels.com\/de\/wp-json\/wp\/v2\/product_cat?post=314085"},{"taxonomy":"product_tag","embeddable":true,"href":"https:\/\/www.purejewels.com\/de\/wp-json\/wp\/v2\/product_tag?post=314085"}],"curies":[{"name":"wp","href":"https:\/\/api.w.org\/{rel}","templated":true}]}}