{"id":314086,"date":"2020-05-17T12:58:21","date_gmt":"2020-05-17T11:58:21","guid":{"rendered":"https:\/\/www.purejewels.com\/?post_type=product&#038;p=314086"},"modified":"2026-02-03T09:00:28","modified_gmt":"2026-02-03T09:00:28","slug":"baby-armreif-aus-22-karat-916-gold","status":"publish","type":"product","link":"https:\/\/www.purejewels.com\/de\/product\/22carat-916-gold-baby-bangle\/","title":{"rendered":"22ct Gold Baby Trio Bead Armreif"},"content":{"rendered":"<p>Gestaltung<\/p>\n<p>Dieser Baby-Armreif zeichnet sich durch sein schlankes Goldprofil und drei zart facettierte Perlen in der Mitte aus. Die klare, \u00fcbersichtliche Form schafft einen sanften Rhythmus \u00fcber das Band und bietet einen subtilen Charakter, ohne den Komfort oder die Schlichtheit zu beeintr\u00e4chtigen.<\/p>\n<p>Handwerkliches K\u00f6nnen<\/p>\n<p>Der aus massivem 22-kar\u00e4tigem Gold handgefertigte Armreif ist mit glatten Konturen und einer sicheren Schlie\u00dfe versehen, die sich f\u00fcr das t\u00e4gliche Tragen eignet. Jedes St\u00fcck wird im Vereinigten K\u00f6nigreich zur Reinheitszertifizierung gestempelt, was das Engagement von PureJewels f\u00fcr Pr\u00e4zision, Sicherheit und dauerhafte Qualit\u00e4t widerspiegelt.<\/p>\n<p>Styling &amp; Geschenkartikel<\/p>\n<p>Dieser Armreif ist ideal f\u00fcr Namensgebungszeremonien, Geburtstage und bedeutende Meilensteine. Er wurde als Andenken entworfen, das man lange Zeit zu sch\u00e4tzen wei\u00df. Durch seine leichte Form ist er bequem im Alltag zu tragen, w\u00e4hrend sein zeitloses Design daf\u00fcr sorgt, dass er noch lange in Erinnerung bleibt.<\/p>","protected":false},"excerpt":{"rendered":"<p>Ein raffinierter Armreif aus 22-kar\u00e4tigem Gold mit drei fein gearbeiteten Perlendetails, entworfen f\u00fcr allt\u00e4glichen Komfort und dauerhafte Bedeutung.<\/p>\n<ul>\n<li>22ct <span id=\"urn:enhancement-417ef494\" class=\"textannotation\">Gold<\/span> <span id=\"urn:enhancement-cc506d12\" class=\"textannotation\">Baby<\/span> <span id=\"urn:enhancement-71e36295\" class=\"textannotation\">Armreif<\/span>.<\/li>\n<li>Geeignet f\u00fcr Kinder, Kinder, Kind, Kleinkind, <span id=\"urn:enhancement-2702fbe3\" class=\"textannotation\">Neugeborene<\/span>.<\/li>\n<li>Gewicht: 2,9 g<\/li>\n<li><span id=\"urn:enhancement-6f1842ec\" class=\"textannotation\">SKU<\/span> .32039<\/li>\n<li>Alle <span id=\"urn:enhancement-eb5a2711\" class=\"textannotation\">Preise<\/span> einschlie\u00dflich Mehrwertsteuer<\/li>\n<li>22ct <span id=\"urn:enhancement-4d7b275b\" class=\"textannotation\">Gold<\/span>\u00a0Gepunzt von London <span id=\"urn:enhancement-7fe36049\" class=\"textannotation\">Pr\u00fcfstelle<\/span><\/li>\n<li>Mit Pr\u00e4sentationsbox<\/li>\n<li>Lieferung inbegriffen<\/li>\n<li>Live-Chat mit uns f\u00fcr die Verf\u00fcgbarkeit und mehr Bilder von \u00e4hnlichen Designs derzeit in <span id=\"urn:enhancement-973df29b\" class=\"textannotation\">Aktie<\/span><\/li>\n<\/ul>","protected":false},"featured_media":314688,"comment_status":"closed","ping_status":"closed","template":"","meta":{"_eb_attr":"","_crsspst_to_jayantr4sg-hostcom":false},"product_brand":[],"product_cat":[1576,1324,1526,1436],"product_tag":[1546],"class_list":{"0":"post-314086","1":"product","2":"type-product","3":"status-publish","4":"has-post-thumbnail","6":"product_cat-childrens-jewellery","7":"product_cat-gold-bracelet","8":"product_cat-kids-bangles","9":"product_cat-kids-bracelet-kada","10":"product_tag-children","12":"first","13":"outofstock","14":"taxable","15":"shipping-taxable","16":"product-type-simple","17":"add-to-wishlist-before_image"},"yoast_head":"<!-- This site is optimized with the Yoast SEO plugin v27.3 - https:\/\/yoast.com\/product\/yoast-seo-wordpress\/ -->\n<title>22ct Baby Bangle with Bead Detail | UK Hallmarked | PureJewels<\/title>\n<meta name=\"description\" content=\"Discover the 22ct Gold Baby Trio Bead Bangle from PureJewels. Featuring a fine gold band with three bead accents, handcrafted and UK hallmarked.\" \/>\n<meta name=\"robots\" content=\"index, follow, max-snippet:-1, max-image-preview:large, max-video-preview:-1\" \/>\n<link rel=\"canonical\" href=\"https:\/\/www.purejewels.com\/de\/produkt-2\/baby-armreif-aus-22-karat-916-gold\/\" \/>\n<meta property=\"og:locale\" content=\"de_DE\" \/>\n<meta property=\"og:type\" content=\"article\" \/>\n<meta property=\"og:title\" content=\"22ct Baby Bangle with Bead Detail | UK Hallmarked | PureJewels\" \/>\n<meta property=\"og:description\" content=\"Discover the 22ct Gold Baby Trio Bead Bangle from PureJewels. Featuring a fine gold band with three bead accents, handcrafted and UK hallmarked.\" \/>\n<meta property=\"og:url\" content=\"https:\/\/www.purejewels.com\/de\/produkt-2\/baby-armreif-aus-22-karat-916-gold\/\" \/>\n<meta property=\"og:site_name\" content=\"PureJewels UK\" \/>\n<meta property=\"article:modified_time\" content=\"2026-02-03T09:00:28+00:00\" \/>\n<meta property=\"og:image\" content=\"https:\/\/static.purejewels.com\/wp-content\/uploads\/2020\/06\/image174417541.jpg\" \/>\n\t<meta property=\"og:image:width\" content=\"1000\" \/>\n\t<meta property=\"og:image:height\" content=\"1000\" \/>\n\t<meta property=\"og:image:type\" content=\"image\/jpeg\" \/>\n<meta name=\"twitter:card\" content=\"summary_large_image\" \/>\n<meta name=\"twitter:label1\" content=\"Gesch\u00e4tzte Lesezeit\" \/>\n\t<meta name=\"twitter:data1\" content=\"1\u00a0Minute\" \/>\n<script type=\"application\/ld+json\" class=\"yoast-schema-graph\">{\"@context\":\"https:\\\/\\\/schema.org\",\"@graph\":[{\"@type\":[\"WebPage\",\"ItemPage\"],\"@id\":\"https:\\\/\\\/www.purejewels.com\\\/product\\\/22carat-916-gold-baby-bangle\\\/\",\"url\":\"https:\\\/\\\/www.purejewels.com\\\/product\\\/22carat-916-gold-baby-bangle\\\/\",\"name\":\"22ct Baby Bangle with Bead Detail | UK Hallmarked | PureJewels\",\"isPartOf\":{\"@id\":\"https:\\\/\\\/www.purejewels.com\\\/#website\"},\"primaryImageOfPage\":{\"@id\":\"https:\\\/\\\/www.purejewels.com\\\/product\\\/22carat-916-gold-baby-bangle\\\/#primaryimage\"},\"image\":{\"@id\":\"https:\\\/\\\/www.purejewels.com\\\/product\\\/22carat-916-gold-baby-bangle\\\/#primaryimage\"},\"thumbnailUrl\":\"https:\\\/\\\/static.purejewels.com\\\/wp-content\\\/uploads\\\/2020\\\/06\\\/image174417541.jpg\",\"datePublished\":\"2020-05-17T11:58:21+00:00\",\"dateModified\":\"2026-02-03T09:00:28+00:00\",\"description\":\"Discover the 22ct Gold Baby Trio Bead Bangle from PureJewels. Featuring a fine gold band with three bead accents, handcrafted and UK hallmarked.\",\"breadcrumb\":{\"@id\":\"https:\\\/\\\/www.purejewels.com\\\/product\\\/22carat-916-gold-baby-bangle\\\/#breadcrumb\"},\"inLanguage\":\"de\",\"potentialAction\":[{\"@type\":\"ReadAction\",\"target\":[\"https:\\\/\\\/www.purejewels.com\\\/product\\\/22carat-916-gold-baby-bangle\\\/\"]}]},{\"@type\":\"ImageObject\",\"inLanguage\":\"de\",\"@id\":\"https:\\\/\\\/www.purejewels.com\\\/product\\\/22carat-916-gold-baby-bangle\\\/#primaryimage\",\"url\":\"https:\\\/\\\/static.purejewels.com\\\/wp-content\\\/uploads\\\/2020\\\/06\\\/image174417541.jpg\",\"contentUrl\":\"https:\\\/\\\/static.purejewels.com\\\/wp-content\\\/uploads\\\/2020\\\/06\\\/image174417541.jpg\",\"width\":1000,\"height\":1000,\"caption\":\"22ct Gold Baby Bangle Wired Ball YGBB047\"},{\"@type\":\"BreadcrumbList\",\"@id\":\"https:\\\/\\\/www.purejewels.com\\\/product\\\/22carat-916-gold-baby-bangle\\\/#breadcrumb\",\"itemListElement\":[{\"@type\":\"ListItem\",\"position\":1,\"name\":\"Home\",\"item\":\"https:\\\/\\\/www.purejewels.com\\\/\"},{\"@type\":\"ListItem\",\"position\":2,\"name\":\"Shop\",\"item\":\"https:\\\/\\\/www.purejewels.com\\\/shop\\\/\"},{\"@type\":\"ListItem\",\"position\":3,\"name\":\"22ct Gold Baby Trio Bead Bangle\"}]},{\"@type\":\"WebSite\",\"@id\":\"https:\\\/\\\/www.purejewels.com\\\/#website\",\"url\":\"https:\\\/\\\/www.purejewels.com\\\/\",\"name\":\"PureJewels UK\",\"description\":\"Share the Love\",\"publisher\":{\"@id\":\"https:\\\/\\\/www.purejewels.com\\\/#organization\"},\"potentialAction\":[{\"@type\":\"SearchAction\",\"target\":{\"@type\":\"EntryPoint\",\"urlTemplate\":\"https:\\\/\\\/www.purejewels.com\\\/?s={search_term_string}\"},\"query-input\":{\"@type\":\"PropertyValueSpecification\",\"valueRequired\":true,\"valueName\":\"search_term_string\"}}],\"inLanguage\":\"de\"},{\"@type\":\"Organization\",\"@id\":\"https:\\\/\\\/www.purejewels.com\\\/#organization\",\"name\":\"PureJewels UK\",\"url\":\"https:\\\/\\\/www.purejewels.com\\\/\",\"logo\":{\"@type\":\"ImageObject\",\"inLanguage\":\"de\",\"@id\":\"https:\\\/\\\/www.purejewels.com\\\/#\\\/schema\\\/logo\\\/image\\\/\",\"url\":\"https:\\\/\\\/static.purejewels.com\\\/wp-content\\\/uploads\\\/2020\\\/11\\\/Logo-PJ-New-1.png\",\"contentUrl\":\"https:\\\/\\\/static.purejewels.com\\\/wp-content\\\/uploads\\\/2020\\\/11\\\/Logo-PJ-New-1.png\",\"width\":150,\"height\":80,\"caption\":\"PureJewels UK\"},\"image\":{\"@id\":\"https:\\\/\\\/www.purejewels.com\\\/#\\\/schema\\\/logo\\\/image\\\/\"}}]}<\/script>\n<!-- \/ Yoast SEO plugin. -->","yoast_head_json":{"title":"22ct Baby Armreif mit Perle Detail | UK gepunzt | PureJewels","description":"Entdecken Sie die 22ct Gold Baby Trio Bead Bangle von PureJewels. Ausgestattet mit einem feinen Goldband mit drei Perlen Akzente, handgefertigt und UK gestempelt.","robots":{"index":"index","follow":"follow","max-snippet":"max-snippet:-1","max-image-preview":"max-image-preview:large","max-video-preview":"max-video-preview:-1"},"canonical":"https:\/\/www.purejewels.com\/de\/produkt-2\/baby-armreif-aus-22-karat-916-gold\/","og_locale":"de_DE","og_type":"article","og_title":"22ct Baby Bangle with Bead Detail | UK Hallmarked | PureJewels","og_description":"Discover the 22ct Gold Baby Trio Bead Bangle from PureJewels. Featuring a fine gold band with three bead accents, handcrafted and UK hallmarked.","og_url":"https:\/\/www.purejewels.com\/de\/produkt-2\/baby-armreif-aus-22-karat-916-gold\/","og_site_name":"PureJewels UK","article_modified_time":"2026-02-03T09:00:28+00:00","og_image":[{"width":1000,"height":1000,"url":"https:\/\/static.purejewels.com\/wp-content\/uploads\/2020\/06\/image174417541.jpg","type":"image\/jpeg"}],"twitter_card":"summary_large_image","twitter_misc":{"Gesch\u00e4tzte Lesezeit":"1\u00a0Minute"},"schema":{"@context":"https:\/\/schema.org","@graph":[{"@type":["WebPage","ItemPage"],"@id":"https:\/\/www.purejewels.com\/product\/22carat-916-gold-baby-bangle\/","url":"https:\/\/www.purejewels.com\/product\/22carat-916-gold-baby-bangle\/","name":"22ct Baby Armreif mit Perle Detail | UK gepunzt | PureJewels","isPartOf":{"@id":"https:\/\/www.purejewels.com\/#website"},"primaryImageOfPage":{"@id":"https:\/\/www.purejewels.com\/product\/22carat-916-gold-baby-bangle\/#primaryimage"},"image":{"@id":"https:\/\/www.purejewels.com\/product\/22carat-916-gold-baby-bangle\/#primaryimage"},"thumbnailUrl":"https:\/\/static.purejewels.com\/wp-content\/uploads\/2020\/06\/image174417541.jpg","datePublished":"2020-05-17T11:58:21+00:00","dateModified":"2026-02-03T09:00:28+00:00","description":"Entdecken Sie die 22ct Gold Baby Trio Bead Bangle von PureJewels. Ausgestattet mit einem feinen Goldband mit drei Perlen Akzente, handgefertigt und UK gestempelt.","breadcrumb":{"@id":"https:\/\/www.purejewels.com\/product\/22carat-916-gold-baby-bangle\/#breadcrumb"},"inLanguage":"de","potentialAction":[{"@type":"ReadAction","target":["https:\/\/www.purejewels.com\/product\/22carat-916-gold-baby-bangle\/"]}]},{"@type":"ImageObject","inLanguage":"de","@id":"https:\/\/www.purejewels.com\/product\/22carat-916-gold-baby-bangle\/#primaryimage","url":"https:\/\/static.purejewels.com\/wp-content\/uploads\/2020\/06\/image174417541.jpg","contentUrl":"https:\/\/static.purejewels.com\/wp-content\/uploads\/2020\/06\/image174417541.jpg","width":1000,"height":1000,"caption":"22ct Gold Baby Bangle Wired Ball YGBB047"},{"@type":"BreadcrumbList","@id":"https:\/\/www.purejewels.com\/product\/22carat-916-gold-baby-bangle\/#breadcrumb","itemListElement":[{"@type":"ListItem","position":1,"name":"Home","item":"https:\/\/www.purejewels.com\/"},{"@type":"ListItem","position":2,"name":"Shop","item":"https:\/\/www.purejewels.com\/shop\/"},{"@type":"ListItem","position":3,"name":"22ct Gold Baby Trio Bead Bangle"}]},{"@type":"WebSite","@id":"https:\/\/www.purejewels.com\/#website","url":"https:\/\/www.purejewels.com\/","name":"PureJewels UK","description":"Teile die Liebe","publisher":{"@id":"https:\/\/www.purejewels.com\/#organization"},"potentialAction":[{"@type":"SearchAction","target":{"@type":"EntryPoint","urlTemplate":"https:\/\/www.purejewels.com\/?s={search_term_string}"},"query-input":{"@type":"PropertyValueSpecification","valueRequired":true,"valueName":"search_term_string"}}],"inLanguage":"de"},{"@type":"Organization","@id":"https:\/\/www.purejewels.com\/#organization","name":"PureJewels UK","url":"https:\/\/www.purejewels.com\/","logo":{"@type":"ImageObject","inLanguage":"de","@id":"https:\/\/www.purejewels.com\/#\/schema\/logo\/image\/","url":"https:\/\/static.purejewels.com\/wp-content\/uploads\/2020\/11\/Logo-PJ-New-1.png","contentUrl":"https:\/\/static.purejewels.com\/wp-content\/uploads\/2020\/11\/Logo-PJ-New-1.png","width":150,"height":80,"caption":"PureJewels UK"},"image":{"@id":"https:\/\/www.purejewels.com\/#\/schema\/logo\/image\/"}}]}},"_links":{"self":[{"href":"https:\/\/www.purejewels.com\/de\/wp-json\/wp\/v2\/product\/314086","targetHints":{"allow":["GET"]}}],"collection":[{"href":"https:\/\/www.purejewels.com\/de\/wp-json\/wp\/v2\/product"}],"about":[{"href":"https:\/\/www.purejewels.com\/de\/wp-json\/wp\/v2\/types\/product"}],"replies":[{"embeddable":true,"href":"https:\/\/www.purejewels.com\/de\/wp-json\/wp\/v2\/comments?post=314086"}],"version-history":[{"count":3,"href":"https:\/\/www.purejewels.com\/de\/wp-json\/wp\/v2\/product\/314086\/revisions"}],"predecessor-version":[{"id":425574,"href":"https:\/\/www.purejewels.com\/de\/wp-json\/wp\/v2\/product\/314086\/revisions\/425574"}],"wp:featuredmedia":[{"embeddable":true,"href":"https:\/\/www.purejewels.com\/de\/wp-json\/wp\/v2\/media\/314688"}],"wp:attachment":[{"href":"https:\/\/www.purejewels.com\/de\/wp-json\/wp\/v2\/media?parent=314086"}],"wp:term":[{"taxonomy":"product_brand","embeddable":true,"href":"https:\/\/www.purejewels.com\/de\/wp-json\/wp\/v2\/product_brand?post=314086"},{"taxonomy":"product_cat","embeddable":true,"href":"https:\/\/www.purejewels.com\/de\/wp-json\/wp\/v2\/product_cat?post=314086"},{"taxonomy":"product_tag","embeddable":true,"href":"https:\/\/www.purejewels.com\/de\/wp-json\/wp\/v2\/product_tag?post=314086"}],"curies":[{"name":"wp","href":"https:\/\/api.w.org\/{rel}","templated":true}]}}