{"id":314424,"date":"2020-06-01T17:12:29","date_gmt":"2020-06-01T16:12:29","guid":{"rendered":"https:\/\/www.purejewels.com\/?post_type=product&#038;p=314424"},"modified":"2026-02-03T09:37:02","modified_gmt":"2026-02-03T09:37:02","slug":"22-karat-gold-einfach-jali-kada","status":"publish","type":"product","link":"https:\/\/www.purejewels.com\/de\/product\/22ct-gold-single-jali-kada\/","title":{"rendered":"22ct Gold Jali Sphere Einzel Kada"},"content":{"rendered":"<p>Gestaltung<\/p>\n<p>Dieses Kada aus der Kollektion Jali ist von Rhythmus, Struktur und Gleichgewicht inspiriert. Die glatte, kreisf\u00f6rmige Form wird durch goldene Kugeln unterstrichen, w\u00e4hrend feine Oberfl\u00e4chendetails eine ruhige Tiefe verleihen. Das Design wirkt architektonisch und doch weich und zelebriert die Form eher durch Wiederholung als durch Ornamente.<\/p>\n<p>Handwerkliches K\u00f6nnen<\/p>\n<p>Die handgefertigte Kada aus massivem 22-kar\u00e4tigem Gold ist sorgf\u00e4ltig geformt und strukturiert, um sowohl optischen Reichtum als auch Alltagstauglichkeit zu gew\u00e4hrleisten. Jedes St\u00fcck ist mit einem warmen Goldglanz versehen und im Vereinigten K\u00f6nigreich zur Zertifizierung der Reinheit gepunzt, was das Engagement von PureJewels f\u00fcr Authentizit\u00e4t und Handwerk widerspiegelt.<\/p>\n<p>Styling &amp; Geschenkartikel<\/p>\n<p>Dieses Kada ist so konzipiert, dass es sowohl im Alltag als auch bei besonderen Anl\u00e4ssen getragen werden kann. Es passt sowohl zu traditionellen Ensembles als auch zu modernen Silhouetten. Es ist ein bedeutungsvolles Geschenk f\u00fcr Geburtstage, Jahrestage oder pers\u00f6nliche Meilensteine und eine zeitlose Erg\u00e4nzung f\u00fcr jede Schmucksammlung.<\/p>","protected":false},"excerpt":{"rendered":"<ul>\n<li>Einzelne 22ct Gold Jali Filigree Kada - der hier angegebene Preis ist f\u00fcr eine einzelne Kada<\/li>\n<li>Es ist ein hohler filigraner Kada aus 22 Karat Gelbgold<\/li>\n<li>Sku 31734<\/li>\n<li>Wt: 12.1g<\/li>\n<li>Durchmesser 3,6 mm<\/li>\n<li>Gr\u00f6\u00dfe: 2,6 Zoll.<\/li>\n<li>Bitte fragen Sie nach weiteren Gr\u00f6\u00dfen<\/li>\n<li>22ct Gold gestempelt von London Assay Office<\/li>\n<li>Mit Pr\u00e4sentationsbox<\/li>\n<li>Lieferung inbegriffen<\/li>\n<li>Alle Preise inklusive Mehrwertsteuer<\/li>\n<li>Live-Chat mit<\/li>\n<\/ul>","protected":false},"featured_media":314425,"comment_status":"closed","ping_status":"closed","template":"","meta":{"_eb_attr":"","_crsspst_to_jayantr4sg-hostcom":false},"product_brand":[],"product_cat":[1233,1657],"product_tag":[],"class_list":{"0":"post-314424","1":"product","2":"type-product","3":"status-publish","4":"has-post-thumbnail","6":"product_cat-gold-bangles","7":"product_cat-single-bangle","9":"first","10":"outofstock","11":"taxable","12":"shipping-taxable","13":"product-type-simple","14":"add-to-wishlist-before_image"},"yoast_head":"<!-- This site is optimized with the Yoast SEO plugin v27.3 - https:\/\/yoast.com\/product\/yoast-seo-wordpress\/ -->\n<title>22ct Gold Jali Sphere Kada | UK Hallmarked | PureJewels<\/title>\n<meta name=\"description\" content=\"Shop the 22ct Gold Jali Sphere Kada from PureJewels\u2019 Jali Collection. Featuring textured gold spheres and a handcrafted finish, UK hallmarked.\" \/>\n<meta name=\"robots\" content=\"index, follow, max-snippet:-1, max-image-preview:large, max-video-preview:-1\" \/>\n<link rel=\"canonical\" href=\"https:\/\/www.purejewels.com\/de\/produkt-2\/22-karat-gold-einfach-jali-kada\/\" \/>\n<meta property=\"og:locale\" content=\"de_DE\" \/>\n<meta property=\"og:type\" content=\"article\" \/>\n<meta property=\"og:title\" content=\"22ct Gold Jali Sphere Kada | UK Hallmarked | PureJewels\" \/>\n<meta property=\"og:description\" content=\"Shop the 22ct Gold Jali Sphere Kada from PureJewels\u2019 Jali Collection. Featuring textured gold spheres and a handcrafted finish, UK hallmarked.\" \/>\n<meta property=\"og:url\" content=\"https:\/\/www.purejewels.com\/de\/produkt-2\/22-karat-gold-einfach-jali-kada\/\" \/>\n<meta property=\"og:site_name\" content=\"PureJewels UK\" \/>\n<meta property=\"article:modified_time\" content=\"2026-02-03T09:37:02+00:00\" \/>\n<meta property=\"og:image\" content=\"https:\/\/static.purejewels.com\/wp-content\/uploads\/2020\/06\/31733-300x300-1.jpg\" \/>\n\t<meta property=\"og:image:width\" content=\"300\" \/>\n\t<meta property=\"og:image:height\" content=\"300\" \/>\n\t<meta property=\"og:image:type\" content=\"image\/jpeg\" \/>\n<meta name=\"twitter:card\" content=\"summary_large_image\" \/>\n<meta name=\"twitter:label1\" content=\"Gesch\u00e4tzte Lesezeit\" \/>\n\t<meta name=\"twitter:data1\" content=\"1\u00a0Minute\" \/>\n<script type=\"application\/ld+json\" class=\"yoast-schema-graph\">{\"@context\":\"https:\\\/\\\/schema.org\",\"@graph\":[{\"@type\":[\"WebPage\",\"ItemPage\"],\"@id\":\"https:\\\/\\\/www.purejewels.com\\\/product\\\/22ct-gold-single-jali-kada\\\/\",\"url\":\"https:\\\/\\\/www.purejewels.com\\\/product\\\/22ct-gold-single-jali-kada\\\/\",\"name\":\"22ct Gold Jali Sphere Kada | UK Hallmarked | PureJewels\",\"isPartOf\":{\"@id\":\"https:\\\/\\\/www.purejewels.com\\\/#website\"},\"primaryImageOfPage\":{\"@id\":\"https:\\\/\\\/www.purejewels.com\\\/product\\\/22ct-gold-single-jali-kada\\\/#primaryimage\"},\"image\":{\"@id\":\"https:\\\/\\\/www.purejewels.com\\\/product\\\/22ct-gold-single-jali-kada\\\/#primaryimage\"},\"thumbnailUrl\":\"https:\\\/\\\/static.purejewels.com\\\/wp-content\\\/uploads\\\/2020\\\/06\\\/31733-300x300-1.jpg\",\"datePublished\":\"2020-06-01T16:12:29+00:00\",\"dateModified\":\"2026-02-03T09:37:02+00:00\",\"description\":\"Shop the 22ct Gold Jali Sphere Kada from PureJewels\u2019 Jali Collection. Featuring textured gold spheres and a handcrafted finish, UK hallmarked.\",\"breadcrumb\":{\"@id\":\"https:\\\/\\\/www.purejewels.com\\\/product\\\/22ct-gold-single-jali-kada\\\/#breadcrumb\"},\"inLanguage\":\"de\",\"potentialAction\":[{\"@type\":\"ReadAction\",\"target\":[\"https:\\\/\\\/www.purejewels.com\\\/product\\\/22ct-gold-single-jali-kada\\\/\"]}]},{\"@type\":\"ImageObject\",\"inLanguage\":\"de\",\"@id\":\"https:\\\/\\\/www.purejewels.com\\\/product\\\/22ct-gold-single-jali-kada\\\/#primaryimage\",\"url\":\"https:\\\/\\\/static.purejewels.com\\\/wp-content\\\/uploads\\\/2020\\\/06\\\/31733-300x300-1.jpg\",\"contentUrl\":\"https:\\\/\\\/static.purejewels.com\\\/wp-content\\\/uploads\\\/2020\\\/06\\\/31733-300x300-1.jpg\",\"width\":300,\"height\":300},{\"@type\":\"BreadcrumbList\",\"@id\":\"https:\\\/\\\/www.purejewels.com\\\/product\\\/22ct-gold-single-jali-kada\\\/#breadcrumb\",\"itemListElement\":[{\"@type\":\"ListItem\",\"position\":1,\"name\":\"Home\",\"item\":\"https:\\\/\\\/www.purejewels.com\\\/\"},{\"@type\":\"ListItem\",\"position\":2,\"name\":\"Shop\",\"item\":\"https:\\\/\\\/www.purejewels.com\\\/shop\\\/\"},{\"@type\":\"ListItem\",\"position\":3,\"name\":\"22ct Gold Jali Sphere Single Kada\"}]},{\"@type\":\"WebSite\",\"@id\":\"https:\\\/\\\/www.purejewels.com\\\/#website\",\"url\":\"https:\\\/\\\/www.purejewels.com\\\/\",\"name\":\"PureJewels UK\",\"description\":\"Share the Love\",\"publisher\":{\"@id\":\"https:\\\/\\\/www.purejewels.com\\\/#organization\"},\"potentialAction\":[{\"@type\":\"SearchAction\",\"target\":{\"@type\":\"EntryPoint\",\"urlTemplate\":\"https:\\\/\\\/www.purejewels.com\\\/?s={search_term_string}\"},\"query-input\":{\"@type\":\"PropertyValueSpecification\",\"valueRequired\":true,\"valueName\":\"search_term_string\"}}],\"inLanguage\":\"de\"},{\"@type\":\"Organization\",\"@id\":\"https:\\\/\\\/www.purejewels.com\\\/#organization\",\"name\":\"PureJewels UK\",\"url\":\"https:\\\/\\\/www.purejewels.com\\\/\",\"logo\":{\"@type\":\"ImageObject\",\"inLanguage\":\"de\",\"@id\":\"https:\\\/\\\/www.purejewels.com\\\/#\\\/schema\\\/logo\\\/image\\\/\",\"url\":\"https:\\\/\\\/static.purejewels.com\\\/wp-content\\\/uploads\\\/2020\\\/11\\\/Logo-PJ-New-1.png\",\"contentUrl\":\"https:\\\/\\\/static.purejewels.com\\\/wp-content\\\/uploads\\\/2020\\\/11\\\/Logo-PJ-New-1.png\",\"width\":150,\"height\":80,\"caption\":\"PureJewels UK\"},\"image\":{\"@id\":\"https:\\\/\\\/www.purejewels.com\\\/#\\\/schema\\\/logo\\\/image\\\/\"}}]}<\/script>\n<!-- \/ Yoast SEO plugin. -->","yoast_head_json":{"title":"22ct Gold Jali Sphere Kada | UK gepunzt | PureJewels","description":"Kaufen Sie die 22ct Gold Jali Sphere Kada aus PureJewels\u2019 Jali Collection. Mit strukturierten Goldkugeln und einem handgefertigten Finish, UK-gepunzt.","robots":{"index":"index","follow":"follow","max-snippet":"max-snippet:-1","max-image-preview":"max-image-preview:large","max-video-preview":"max-video-preview:-1"},"canonical":"https:\/\/www.purejewels.com\/de\/produkt-2\/22-karat-gold-einfach-jali-kada\/","og_locale":"de_DE","og_type":"article","og_title":"22ct Gold Jali Sphere Kada | UK Hallmarked | PureJewels","og_description":"Shop the 22ct Gold Jali Sphere Kada from PureJewels\u2019 Jali Collection. Featuring textured gold spheres and a handcrafted finish, UK hallmarked.","og_url":"https:\/\/www.purejewels.com\/de\/produkt-2\/22-karat-gold-einfach-jali-kada\/","og_site_name":"PureJewels UK","article_modified_time":"2026-02-03T09:37:02+00:00","og_image":[{"width":300,"height":300,"url":"https:\/\/static.purejewels.com\/wp-content\/uploads\/2020\/06\/31733-300x300-1.jpg","type":"image\/jpeg"}],"twitter_card":"summary_large_image","twitter_misc":{"Gesch\u00e4tzte Lesezeit":"1\u00a0Minute"},"schema":{"@context":"https:\/\/schema.org","@graph":[{"@type":["WebPage","ItemPage"],"@id":"https:\/\/www.purejewels.com\/product\/22ct-gold-single-jali-kada\/","url":"https:\/\/www.purejewels.com\/product\/22ct-gold-single-jali-kada\/","name":"22ct Gold Jali Sphere Kada | UK gepunzt | PureJewels","isPartOf":{"@id":"https:\/\/www.purejewels.com\/#website"},"primaryImageOfPage":{"@id":"https:\/\/www.purejewels.com\/product\/22ct-gold-single-jali-kada\/#primaryimage"},"image":{"@id":"https:\/\/www.purejewels.com\/product\/22ct-gold-single-jali-kada\/#primaryimage"},"thumbnailUrl":"https:\/\/static.purejewels.com\/wp-content\/uploads\/2020\/06\/31733-300x300-1.jpg","datePublished":"2020-06-01T16:12:29+00:00","dateModified":"2026-02-03T09:37:02+00:00","description":"Kaufen Sie die 22ct Gold Jali Sphere Kada aus PureJewels\u2019 Jali Collection. Mit strukturierten Goldkugeln und einem handgefertigten Finish, UK-gepunzt.","breadcrumb":{"@id":"https:\/\/www.purejewels.com\/product\/22ct-gold-single-jali-kada\/#breadcrumb"},"inLanguage":"de","potentialAction":[{"@type":"ReadAction","target":["https:\/\/www.purejewels.com\/product\/22ct-gold-single-jali-kada\/"]}]},{"@type":"ImageObject","inLanguage":"de","@id":"https:\/\/www.purejewels.com\/product\/22ct-gold-single-jali-kada\/#primaryimage","url":"https:\/\/static.purejewels.com\/wp-content\/uploads\/2020\/06\/31733-300x300-1.jpg","contentUrl":"https:\/\/static.purejewels.com\/wp-content\/uploads\/2020\/06\/31733-300x300-1.jpg","width":300,"height":300},{"@type":"BreadcrumbList","@id":"https:\/\/www.purejewels.com\/product\/22ct-gold-single-jali-kada\/#breadcrumb","itemListElement":[{"@type":"ListItem","position":1,"name":"Home","item":"https:\/\/www.purejewels.com\/"},{"@type":"ListItem","position":2,"name":"Shop","item":"https:\/\/www.purejewels.com\/shop\/"},{"@type":"ListItem","position":3,"name":"22ct Gold Jali Sphere Single Kada"}]},{"@type":"WebSite","@id":"https:\/\/www.purejewels.com\/#website","url":"https:\/\/www.purejewels.com\/","name":"PureJewels UK","description":"Teile die Liebe","publisher":{"@id":"https:\/\/www.purejewels.com\/#organization"},"potentialAction":[{"@type":"SearchAction","target":{"@type":"EntryPoint","urlTemplate":"https:\/\/www.purejewels.com\/?s={search_term_string}"},"query-input":{"@type":"PropertyValueSpecification","valueRequired":true,"valueName":"search_term_string"}}],"inLanguage":"de"},{"@type":"Organization","@id":"https:\/\/www.purejewels.com\/#organization","name":"PureJewels UK","url":"https:\/\/www.purejewels.com\/","logo":{"@type":"ImageObject","inLanguage":"de","@id":"https:\/\/www.purejewels.com\/#\/schema\/logo\/image\/","url":"https:\/\/static.purejewels.com\/wp-content\/uploads\/2020\/11\/Logo-PJ-New-1.png","contentUrl":"https:\/\/static.purejewels.com\/wp-content\/uploads\/2020\/11\/Logo-PJ-New-1.png","width":150,"height":80,"caption":"PureJewels UK"},"image":{"@id":"https:\/\/www.purejewels.com\/#\/schema\/logo\/image\/"}}]}},"_links":{"self":[{"href":"https:\/\/www.purejewels.com\/de\/wp-json\/wp\/v2\/product\/314424","targetHints":{"allow":["GET"]}}],"collection":[{"href":"https:\/\/www.purejewels.com\/de\/wp-json\/wp\/v2\/product"}],"about":[{"href":"https:\/\/www.purejewels.com\/de\/wp-json\/wp\/v2\/types\/product"}],"replies":[{"embeddable":true,"href":"https:\/\/www.purejewels.com\/de\/wp-json\/wp\/v2\/comments?post=314424"}],"version-history":[{"count":2,"href":"https:\/\/www.purejewels.com\/de\/wp-json\/wp\/v2\/product\/314424\/revisions"}],"predecessor-version":[{"id":425586,"href":"https:\/\/www.purejewels.com\/de\/wp-json\/wp\/v2\/product\/314424\/revisions\/425586"}],"wp:featuredmedia":[{"embeddable":true,"href":"https:\/\/www.purejewels.com\/de\/wp-json\/wp\/v2\/media\/314425"}],"wp:attachment":[{"href":"https:\/\/www.purejewels.com\/de\/wp-json\/wp\/v2\/media?parent=314424"}],"wp:term":[{"taxonomy":"product_brand","embeddable":true,"href":"https:\/\/www.purejewels.com\/de\/wp-json\/wp\/v2\/product_brand?post=314424"},{"taxonomy":"product_cat","embeddable":true,"href":"https:\/\/www.purejewels.com\/de\/wp-json\/wp\/v2\/product_cat?post=314424"},{"taxonomy":"product_tag","embeddable":true,"href":"https:\/\/www.purejewels.com\/de\/wp-json\/wp\/v2\/product_tag?post=314424"}],"curies":[{"name":"wp","href":"https:\/\/api.w.org\/{rel}","templated":true}]}}