{"id":314612,"date":"2020-06-11T07:25:18","date_gmt":"2020-06-11T06:25:18","guid":{"rendered":"https:\/\/www.purejewels.com\/?post_type=product&#038;p=314612"},"modified":"2026-03-23T05:51:05","modified_gmt":"2026-03-23T05:51:05","slug":"22ct-gold-indische-damenarmbander","status":"publish","type":"product","link":"https:\/\/www.purejewels.com\/de\/product\/22ct-gold-indian-ladies-bracelets\/","title":{"rendered":"Indisches Armband aus 22 Karat Gold mit Goldperlen"},"content":{"rendered":"<p>Diese exquisite 22ct <a href=\"https:\/\/www.purejewels.com\/de\/produkt-kategorie\/22-karatiger-goldschmuck\/goldarmband\/damenarmband\/\" target=\"_blank\" rel=\"noopener\">Indisches Goldarmband<\/a> ist ein wahres Meisterwerk, das jedem Outfit einen Hauch von Eleganz verleiht. Dieses mit Goldperlen gefertigte Armband ist ein Symbol f\u00fcr Luxus und Raffinesse. Das komplizierte Design und die feine Handwerkskunst machen dieses Armband zu einem Muss f\u00fcr jeden Schmuckliebhaber.<\/p>\n<p>Mit einem Gewicht von 9,1 Gramm ist dieses Armband leicht und den ganzen Tag \u00fcber bequem zu tragen. Das atemberaubende Design zieht garantiert alle Blicke auf sich und ist ein Statement, wo immer Sie hingehen. Ganz gleich, ob Sie ein besonderes Geschenk f\u00fcr einen geliebten Menschen suchen oder sich selbst etwas Besonderes g\u00f6nnen m\u00f6chten, dieses Armband aus indischem Gold ist die perfekte Wahl.<\/p>\n<p>Alle unsere Produkte sind vom London Assay Office gestempelt, was die Reinheit und Qualit\u00e4t des Goldes garantiert. Jedes Armband wird in einer Pr\u00e4sentationsbox geliefert und eignet sich somit zum Verschenken. Lassen Sie sich dieses zeitlose indische Schmuckst\u00fcck nicht entgehen - bestellen Sie jetzt und verleihen Sie Ihrer Sammlung einen Hauch von Glamour.<\/p>","protected":false},"excerpt":{"rendered":"<ul>\n<li>22ct Gold Armb\u00e4nder Indisch<\/li>\n<li>Damenarmband aus Goldperlen<\/li>\n<li>Wt. 9.1 gms<\/li>\n<li><span id=\"urn:enhancement-60289049\" class=\"textannotation\">SKU<\/span>. 30653<\/li>\n<li>Alle\u00a0<span id=\"urn:enhancement-2f0e4369\" class=\"textannotation\">Preise<\/span>\u00a0einschlie\u00dflich Mehrwertsteuer<\/li>\n<li>Alle unsere Produkte sind von London gepunzt\u00a0<span id=\"urn:enhancement-3647d2d7\" class=\"textannotation\">Pr\u00fcfstelle<\/span><\/li>\n<li>Kommt mit\u00a0<span id=\"urn:enhancement-51f253dc\" class=\"textannotation\">Pr\u00e4sentation<\/span>\u00a0Box<\/li>\n<li>Lieferung inbegriffen<\/li>\n<li>Kontaktieren Sie uns \/ Live-Chat mit uns f\u00fcr Video von Indian\u00a0<span id=\"urn:enhancement-af98c0a0\" class=\"textannotation\">Gold<\/span>\u00a0<span id=\"urn:enhancement-8408aebd\" class=\"textannotation\">Armband<\/span>\u00a0Designs f\u00fcr Damen<\/li>\n<\/ul>","protected":false},"featured_media":314642,"comment_status":"closed","ping_status":"closed","template":"","meta":{"_eb_attr":"","_crsspst_to_jayantr4sg-hostcom":true},"product_brand":[],"product_cat":[1791,1559,1324,1627,1570,1575,1573,1574],"product_tag":[1554],"class_list":{"0":"post-314612","1":"product","2":"type-product","3":"status-publish","4":"has-post-thumbnail","6":"product_cat-anniversary-gifts","7":"product_cat-birthday-gifts","8":"product_cat-gold-bracelet","9":"product_cat-ladies-bracelet","10":"product_cat-mothers-day-gifts","11":"product_cat-teenage-jewellery","12":"product_cat-wedding-gifts","13":"product_cat-womens-jewellery","14":"product_tag-beaded-bracelet","16":"first","17":"outofstock","18":"taxable","19":"shipping-taxable","20":"product-type-simple","21":"add-to-wishlist-before_image"},"yoast_head":"<!-- This site is optimized with the Yoast SEO plugin v27.3 - https:\/\/yoast.com\/product\/yoast-seo-wordpress\/ -->\n<title>22ct Gold Bracelets Indian Bracelet with Gold Beads | PureJewels<\/title>\n<meta name=\"description\" content=\"Indulge in the allure of Indian craftsmanship. Order online our 22ct Gold Bracelet, a stunning ladies&#039; accessory adorned with gold beads.\" \/>\n<meta name=\"robots\" content=\"index, follow, max-snippet:-1, max-image-preview:large, max-video-preview:-1\" \/>\n<link rel=\"canonical\" href=\"https:\/\/www.purejewels.com\/de\/produkt-2\/22ct-gold-indische-damenarmbander\/\" \/>\n<meta property=\"og:locale\" content=\"de_DE\" \/>\n<meta property=\"og:type\" content=\"article\" \/>\n<meta property=\"og:title\" content=\"22ct Gold Bracelets Indian Bracelet with Gold Beads | PureJewels\" \/>\n<meta property=\"og:description\" content=\"Indulge in the allure of Indian craftsmanship. Order online our 22ct Gold Bracelet, a stunning ladies&#039; accessory adorned with gold beads.\" \/>\n<meta property=\"og:url\" content=\"https:\/\/www.purejewels.com\/de\/produkt-2\/22ct-gold-indische-damenarmbander\/\" \/>\n<meta property=\"og:site_name\" content=\"PureJewels UK\" \/>\n<meta property=\"article:modified_time\" content=\"2026-03-23T05:51:05+00:00\" \/>\n<meta property=\"og:image\" content=\"https:\/\/static.purejewels.com\/wp-content\/uploads\/2020\/06\/image174391495.jpg\" \/>\n\t<meta property=\"og:image:width\" content=\"1000\" \/>\n\t<meta property=\"og:image:height\" content=\"1000\" \/>\n\t<meta property=\"og:image:type\" content=\"image\/jpeg\" \/>\n<meta name=\"twitter:card\" content=\"summary_large_image\" \/>\n<meta name=\"twitter:label1\" content=\"Gesch\u00e4tzte Lesezeit\" \/>\n\t<meta name=\"twitter:data1\" content=\"1\u00a0Minute\" \/>\n<script type=\"application\/ld+json\" class=\"yoast-schema-graph\">{\"@context\":\"https:\\\/\\\/schema.org\",\"@graph\":[{\"@type\":[\"WebPage\",\"ItemPage\"],\"@id\":\"https:\\\/\\\/www.purejewels.com\\\/product\\\/22ct-gold-indian-ladies-bracelets\\\/\",\"url\":\"https:\\\/\\\/www.purejewels.com\\\/product\\\/22ct-gold-indian-ladies-bracelets\\\/\",\"name\":\"22ct Gold Bracelets Indian Bracelet with Gold Beads | PureJewels\",\"isPartOf\":{\"@id\":\"https:\\\/\\\/www.purejewels.com\\\/#website\"},\"primaryImageOfPage\":{\"@id\":\"https:\\\/\\\/www.purejewels.com\\\/product\\\/22ct-gold-indian-ladies-bracelets\\\/#primaryimage\"},\"image\":{\"@id\":\"https:\\\/\\\/www.purejewels.com\\\/product\\\/22ct-gold-indian-ladies-bracelets\\\/#primaryimage\"},\"thumbnailUrl\":\"https:\\\/\\\/static.purejewels.com\\\/wp-content\\\/uploads\\\/2020\\\/06\\\/image174391495.jpg\",\"datePublished\":\"2020-06-11T06:25:18+00:00\",\"dateModified\":\"2026-03-23T05:51:05+00:00\",\"description\":\"Indulge in the allure of Indian craftsmanship. Order online our 22ct Gold Bracelet, a stunning ladies' accessory adorned with gold beads.\",\"breadcrumb\":{\"@id\":\"https:\\\/\\\/www.purejewels.com\\\/product\\\/22ct-gold-indian-ladies-bracelets\\\/#breadcrumb\"},\"inLanguage\":\"de\",\"potentialAction\":[{\"@type\":\"ReadAction\",\"target\":[\"https:\\\/\\\/www.purejewels.com\\\/product\\\/22ct-gold-indian-ladies-bracelets\\\/\"]}]},{\"@type\":\"ImageObject\",\"inLanguage\":\"de\",\"@id\":\"https:\\\/\\\/www.purejewels.com\\\/product\\\/22ct-gold-indian-ladies-bracelets\\\/#primaryimage\",\"url\":\"https:\\\/\\\/static.purejewels.com\\\/wp-content\\\/uploads\\\/2020\\\/06\\\/image174391495.jpg\",\"contentUrl\":\"https:\\\/\\\/static.purejewels.com\\\/wp-content\\\/uploads\\\/2020\\\/06\\\/image174391495.jpg\",\"width\":1000,\"height\":1000,\"caption\":\"22ct Gold Medium Ball Ladies Bracelet YGBR018\"},{\"@type\":\"BreadcrumbList\",\"@id\":\"https:\\\/\\\/www.purejewels.com\\\/product\\\/22ct-gold-indian-ladies-bracelets\\\/#breadcrumb\",\"itemListElement\":[{\"@type\":\"ListItem\",\"position\":1,\"name\":\"Home\",\"item\":\"https:\\\/\\\/www.purejewels.com\\\/\"},{\"@type\":\"ListItem\",\"position\":2,\"name\":\"Shop\",\"item\":\"https:\\\/\\\/www.purejewels.com\\\/shop\\\/\"},{\"@type\":\"ListItem\",\"position\":3,\"name\":\"22ct Gold Indian Bracelet with Gold Beads\"}]},{\"@type\":\"WebSite\",\"@id\":\"https:\\\/\\\/www.purejewels.com\\\/#website\",\"url\":\"https:\\\/\\\/www.purejewels.com\\\/\",\"name\":\"PureJewels UK\",\"description\":\"Share the Love\",\"publisher\":{\"@id\":\"https:\\\/\\\/www.purejewels.com\\\/#organization\"},\"potentialAction\":[{\"@type\":\"SearchAction\",\"target\":{\"@type\":\"EntryPoint\",\"urlTemplate\":\"https:\\\/\\\/www.purejewels.com\\\/?s={search_term_string}\"},\"query-input\":{\"@type\":\"PropertyValueSpecification\",\"valueRequired\":true,\"valueName\":\"search_term_string\"}}],\"inLanguage\":\"de\"},{\"@type\":\"Organization\",\"@id\":\"https:\\\/\\\/www.purejewels.com\\\/#organization\",\"name\":\"PureJewels UK\",\"url\":\"https:\\\/\\\/www.purejewels.com\\\/\",\"logo\":{\"@type\":\"ImageObject\",\"inLanguage\":\"de\",\"@id\":\"https:\\\/\\\/www.purejewels.com\\\/#\\\/schema\\\/logo\\\/image\\\/\",\"url\":\"https:\\\/\\\/static.purejewels.com\\\/wp-content\\\/uploads\\\/2020\\\/11\\\/Logo-PJ-New-1.png\",\"contentUrl\":\"https:\\\/\\\/static.purejewels.com\\\/wp-content\\\/uploads\\\/2020\\\/11\\\/Logo-PJ-New-1.png\",\"width\":150,\"height\":80,\"caption\":\"PureJewels UK\"},\"image\":{\"@id\":\"https:\\\/\\\/www.purejewels.com\\\/#\\\/schema\\\/logo\\\/image\\\/\"}}]}<\/script>\n<!-- \/ Yoast SEO plugin. -->","yoast_head_json":{"title":"22ct Gold Armb\u00e4nder Indisches Armband mit Goldperlen | PureJewels","description":"Lassen Sie sich vom Charme indischer Handwerkskunst verzaubern. Bestellen Sie online unser 22-kar\u00e4tiges Goldarmband, ein atemberaubendes Accessoire f\u00fcr Damen, das mit Goldperlen verziert ist.","robots":{"index":"index","follow":"follow","max-snippet":"max-snippet:-1","max-image-preview":"max-image-preview:large","max-video-preview":"max-video-preview:-1"},"canonical":"https:\/\/www.purejewels.com\/de\/produkt-2\/22ct-gold-indische-damenarmbander\/","og_locale":"de_DE","og_type":"article","og_title":"22ct Gold Bracelets Indian Bracelet with Gold Beads | PureJewels","og_description":"Indulge in the allure of Indian craftsmanship. Order online our 22ct Gold Bracelet, a stunning ladies' accessory adorned with gold beads.","og_url":"https:\/\/www.purejewels.com\/de\/produkt-2\/22ct-gold-indische-damenarmbander\/","og_site_name":"PureJewels UK","article_modified_time":"2026-03-23T05:51:05+00:00","og_image":[{"width":1000,"height":1000,"url":"https:\/\/static.purejewels.com\/wp-content\/uploads\/2020\/06\/image174391495.jpg","type":"image\/jpeg"}],"twitter_card":"summary_large_image","twitter_misc":{"Gesch\u00e4tzte Lesezeit":"1\u00a0Minute"},"schema":{"@context":"https:\/\/schema.org","@graph":[{"@type":["WebPage","ItemPage"],"@id":"https:\/\/www.purejewels.com\/product\/22ct-gold-indian-ladies-bracelets\/","url":"https:\/\/www.purejewels.com\/product\/22ct-gold-indian-ladies-bracelets\/","name":"22ct Gold Armb\u00e4nder Indisches Armband mit Goldperlen | PureJewels","isPartOf":{"@id":"https:\/\/www.purejewels.com\/#website"},"primaryImageOfPage":{"@id":"https:\/\/www.purejewels.com\/product\/22ct-gold-indian-ladies-bracelets\/#primaryimage"},"image":{"@id":"https:\/\/www.purejewels.com\/product\/22ct-gold-indian-ladies-bracelets\/#primaryimage"},"thumbnailUrl":"https:\/\/static.purejewels.com\/wp-content\/uploads\/2020\/06\/image174391495.jpg","datePublished":"2020-06-11T06:25:18+00:00","dateModified":"2026-03-23T05:51:05+00:00","description":"Lassen Sie sich vom Charme indischer Handwerkskunst verzaubern. Bestellen Sie online unser 22-kar\u00e4tiges Goldarmband, ein atemberaubendes Accessoire f\u00fcr Damen, das mit Goldperlen verziert ist.","breadcrumb":{"@id":"https:\/\/www.purejewels.com\/product\/22ct-gold-indian-ladies-bracelets\/#breadcrumb"},"inLanguage":"de","potentialAction":[{"@type":"ReadAction","target":["https:\/\/www.purejewels.com\/product\/22ct-gold-indian-ladies-bracelets\/"]}]},{"@type":"ImageObject","inLanguage":"de","@id":"https:\/\/www.purejewels.com\/product\/22ct-gold-indian-ladies-bracelets\/#primaryimage","url":"https:\/\/static.purejewels.com\/wp-content\/uploads\/2020\/06\/image174391495.jpg","contentUrl":"https:\/\/static.purejewels.com\/wp-content\/uploads\/2020\/06\/image174391495.jpg","width":1000,"height":1000,"caption":"22ct Gold Medium Ball Ladies Bracelet YGBR018"},{"@type":"BreadcrumbList","@id":"https:\/\/www.purejewels.com\/product\/22ct-gold-indian-ladies-bracelets\/#breadcrumb","itemListElement":[{"@type":"ListItem","position":1,"name":"Home","item":"https:\/\/www.purejewels.com\/"},{"@type":"ListItem","position":2,"name":"Shop","item":"https:\/\/www.purejewels.com\/shop\/"},{"@type":"ListItem","position":3,"name":"22ct Gold Indian Bracelet with Gold Beads"}]},{"@type":"WebSite","@id":"https:\/\/www.purejewels.com\/#website","url":"https:\/\/www.purejewels.com\/","name":"PureJewels UK","description":"Teile die Liebe","publisher":{"@id":"https:\/\/www.purejewels.com\/#organization"},"potentialAction":[{"@type":"SearchAction","target":{"@type":"EntryPoint","urlTemplate":"https:\/\/www.purejewels.com\/?s={search_term_string}"},"query-input":{"@type":"PropertyValueSpecification","valueRequired":true,"valueName":"search_term_string"}}],"inLanguage":"de"},{"@type":"Organization","@id":"https:\/\/www.purejewels.com\/#organization","name":"PureJewels UK","url":"https:\/\/www.purejewels.com\/","logo":{"@type":"ImageObject","inLanguage":"de","@id":"https:\/\/www.purejewels.com\/#\/schema\/logo\/image\/","url":"https:\/\/static.purejewels.com\/wp-content\/uploads\/2020\/11\/Logo-PJ-New-1.png","contentUrl":"https:\/\/static.purejewels.com\/wp-content\/uploads\/2020\/11\/Logo-PJ-New-1.png","width":150,"height":80,"caption":"PureJewels UK"},"image":{"@id":"https:\/\/www.purejewels.com\/#\/schema\/logo\/image\/"}}]}},"_links":{"self":[{"href":"https:\/\/www.purejewels.com\/de\/wp-json\/wp\/v2\/product\/314612","targetHints":{"allow":["GET"]}}],"collection":[{"href":"https:\/\/www.purejewels.com\/de\/wp-json\/wp\/v2\/product"}],"about":[{"href":"https:\/\/www.purejewels.com\/de\/wp-json\/wp\/v2\/types\/product"}],"replies":[{"embeddable":true,"href":"https:\/\/www.purejewels.com\/de\/wp-json\/wp\/v2\/comments?post=314612"}],"version-history":[{"count":3,"href":"https:\/\/www.purejewels.com\/de\/wp-json\/wp\/v2\/product\/314612\/revisions"}],"predecessor-version":[{"id":427445,"href":"https:\/\/www.purejewels.com\/de\/wp-json\/wp\/v2\/product\/314612\/revisions\/427445"}],"wp:featuredmedia":[{"embeddable":true,"href":"https:\/\/www.purejewels.com\/de\/wp-json\/wp\/v2\/media\/314642"}],"wp:attachment":[{"href":"https:\/\/www.purejewels.com\/de\/wp-json\/wp\/v2\/media?parent=314612"}],"wp:term":[{"taxonomy":"product_brand","embeddable":true,"href":"https:\/\/www.purejewels.com\/de\/wp-json\/wp\/v2\/product_brand?post=314612"},{"taxonomy":"product_cat","embeddable":true,"href":"https:\/\/www.purejewels.com\/de\/wp-json\/wp\/v2\/product_cat?post=314612"},{"taxonomy":"product_tag","embeddable":true,"href":"https:\/\/www.purejewels.com\/de\/wp-json\/wp\/v2\/product_tag?post=314612"}],"curies":[{"name":"wp","href":"https:\/\/api.w.org\/{rel}","templated":true}]}}