{"id":315306,"date":"2020-06-23T13:35:53","date_gmt":"2020-06-23T12:35:53","guid":{"rendered":"https:\/\/www.purejewels.com\/product\/22ct-gold-bangles-15-1gm\/"},"modified":"2026-01-10T16:14:08","modified_gmt":"2026-01-10T16:14:08","slug":"armreifen-aus-22-karat-gold-32320","status":"publish","type":"product","link":"https:\/\/www.purejewels.com\/de\/product\/22ct-gold-bangles-32320\/","title":{"rendered":"22ct Gold Armreifen 32320"},"content":{"rendered":"<ul>\n<li>Armreif aus 22 Karat Gold (916) mit Rhodiumpolitur<\/li>\n<li>Gr\u00f6\u00dfe: 2,6 Zoll Innendurchmesser. Bitte fragen Sie nach weiteren Gr\u00f6\u00dfen<\/li>\n<li>SKU 32320<\/li>\n<li>&nbsp;Wt. 15.1 gms<\/li>\n<li>Bitte beachten Sie, dass der hier angegebene Preis f\u00fcr eine <a href=\"https:\/\/www.purejewels.com\/de\/product\/22ct-gold-single-bangle-2\/\">Einzelner Armreif<\/a> ( Bitte chatten Sie mit uns, um ein Paar zu kaufen)<\/li>\n<\/ul>","protected":false},"excerpt":{"rendered":"<ul>\n<li>Armreif aus 22 Karat Gold (916) mit Rhodiumpolitur<\/li>\n<li>Gr\u00f6\u00dfe: 2,6 Zoll Innendurchmesser. Bitte fragen Sie nach weiteren Gr\u00f6\u00dfen<\/li>\n<li>SKU 32320<\/li>\n<li>&nbsp;Wt. 15.1 gms<\/li>\n<li>Bitte beachten Sie, dass der hier angegebene Preis f\u00fcr einen einzelnen Armreif gilt (bitte chatten Sie mit uns, um ein Paar zu kaufen)<\/li>\n<li>Alle Preise inklusive Mehrwertsteuer<\/li>\n<li>Alle unsere Produkte sind vom London Assay Office gestempelt.<\/li>\n<li>Alle Sets werden mit Pr\u00e4sentationsbox geliefert<\/li>\n<li>Lieferung inbegriffen<\/li>\n<li>Live-Chat mit uns f\u00fcr die Verf\u00fcgbarkeit und mehr Bilder von \u00e4hnlichen Designs derzeit auf Lager<\/li>\n<\/ul>","protected":false},"featured_media":315312,"comment_status":"open","ping_status":"closed","template":"","meta":{"_eb_attr":"","_crsspst_to_jayantr4sg-hostcom":false},"product_brand":[],"product_cat":[1233,1657],"product_tag":[],"class_list":{"0":"post-315306","1":"product","2":"type-product","3":"status-publish","4":"has-post-thumbnail","6":"product_cat-gold-bangles","7":"product_cat-single-bangle","9":"first","10":"outofstock","11":"taxable","12":"shipping-taxable","13":"product-type-simple","14":"add-to-wishlist-before_image"},"yoast_head":"<!-- This site is optimized with the Yoast SEO plugin v27.3 - https:\/\/yoast.com\/product\/yoast-seo-wordpress\/ -->\n<title>22ct Gold Bangles 32320 - PureJewels UK<\/title>\n<meta name=\"robots\" content=\"index, follow, max-snippet:-1, max-image-preview:large, max-video-preview:-1\" \/>\n<link rel=\"canonical\" href=\"https:\/\/www.purejewels.com\/de\/produkt-2\/armreifen-aus-22-karat-gold-32320\/\" \/>\n<meta property=\"og:locale\" content=\"de_DE\" \/>\n<meta property=\"og:type\" content=\"article\" \/>\n<meta property=\"og:title\" content=\"22ct Gold Bangles 32320 - PureJewels UK\" \/>\n<meta property=\"og:description\" content=\"22carat&nbsp;Gold&nbsp;Bangle&nbsp;(916) with Rhodium PolishSize: 2.6 Inches inside diameter. Please enquire for additional sizesSKU 32320&nbsp;Wt. 15.1 gmsPlease Note price quoted here is for a Single Bangle ( Please chat with us to buy a Pair)All prices include VATAll our products are hallmarked by London Assay OfficeAll set comes with presentation BoxDelivery IncludedLive chat with us for availability and more images of similar designs currently in stock\" \/>\n<meta property=\"og:url\" content=\"https:\/\/www.purejewels.com\/de\/produkt-2\/armreifen-aus-22-karat-gold-32320\/\" \/>\n<meta property=\"og:site_name\" content=\"PureJewels UK\" \/>\n<meta property=\"article:modified_time\" content=\"2026-01-10T16:14:08+00:00\" \/>\n<meta property=\"og:image\" content=\"https:\/\/www.purejewels.com\/wp-content\/uploads\/2020\/06\/27620.png\" \/>\n\t<meta property=\"og:image:width\" content=\"1000\" \/>\n\t<meta property=\"og:image:height\" content=\"1000\" \/>\n\t<meta property=\"og:image:type\" content=\"image\/png\" \/>\n<meta name=\"twitter:card\" content=\"summary_large_image\" \/>\n<script type=\"application\/ld+json\" class=\"yoast-schema-graph\">{\"@context\":\"https:\\\/\\\/schema.org\",\"@graph\":[{\"@type\":[\"WebPage\",\"ItemPage\"],\"@id\":\"https:\\\/\\\/www.purejewels.com\\\/product\\\/22ct-gold-bangles-32320\\\/\",\"url\":\"https:\\\/\\\/www.purejewels.com\\\/product\\\/22ct-gold-bangles-32320\\\/\",\"name\":\"22ct Gold Bangles 32320 - PureJewels UK\",\"isPartOf\":{\"@id\":\"https:\\\/\\\/www.purejewels.com\\\/#website\"},\"primaryImageOfPage\":{\"@id\":\"https:\\\/\\\/www.purejewels.com\\\/product\\\/22ct-gold-bangles-32320\\\/#primaryimage\"},\"image\":{\"@id\":\"https:\\\/\\\/www.purejewels.com\\\/product\\\/22ct-gold-bangles-32320\\\/#primaryimage\"},\"thumbnailUrl\":\"https:\\\/\\\/static.purejewels.com\\\/wp-content\\\/uploads\\\/2020\\\/06\\\/27620.png\",\"datePublished\":\"2020-06-23T12:35:53+00:00\",\"dateModified\":\"2026-01-10T16:14:08+00:00\",\"breadcrumb\":{\"@id\":\"https:\\\/\\\/www.purejewels.com\\\/product\\\/22ct-gold-bangles-32320\\\/#breadcrumb\"},\"inLanguage\":\"de\",\"potentialAction\":[{\"@type\":\"ReadAction\",\"target\":[\"https:\\\/\\\/www.purejewels.com\\\/product\\\/22ct-gold-bangles-32320\\\/\"]}]},{\"@type\":\"ImageObject\",\"inLanguage\":\"de\",\"@id\":\"https:\\\/\\\/www.purejewels.com\\\/product\\\/22ct-gold-bangles-32320\\\/#primaryimage\",\"url\":\"https:\\\/\\\/static.purejewels.com\\\/wp-content\\\/uploads\\\/2020\\\/06\\\/27620.png\",\"contentUrl\":\"https:\\\/\\\/static.purejewels.com\\\/wp-content\\\/uploads\\\/2020\\\/06\\\/27620.png\",\"width\":1000,\"height\":1000},{\"@type\":\"BreadcrumbList\",\"@id\":\"https:\\\/\\\/www.purejewels.com\\\/product\\\/22ct-gold-bangles-32320\\\/#breadcrumb\",\"itemListElement\":[{\"@type\":\"ListItem\",\"position\":1,\"name\":\"Home\",\"item\":\"https:\\\/\\\/www.purejewels.com\\\/\"},{\"@type\":\"ListItem\",\"position\":2,\"name\":\"Shop\",\"item\":\"https:\\\/\\\/www.purejewels.com\\\/shop\\\/\"},{\"@type\":\"ListItem\",\"position\":3,\"name\":\"22ct Gold Bangles 32320\"}]},{\"@type\":\"WebSite\",\"@id\":\"https:\\\/\\\/www.purejewels.com\\\/#website\",\"url\":\"https:\\\/\\\/www.purejewels.com\\\/\",\"name\":\"PureJewels UK\",\"description\":\"Share the Love\",\"publisher\":{\"@id\":\"https:\\\/\\\/www.purejewels.com\\\/#organization\"},\"potentialAction\":[{\"@type\":\"SearchAction\",\"target\":{\"@type\":\"EntryPoint\",\"urlTemplate\":\"https:\\\/\\\/www.purejewels.com\\\/?s={search_term_string}\"},\"query-input\":{\"@type\":\"PropertyValueSpecification\",\"valueRequired\":true,\"valueName\":\"search_term_string\"}}],\"inLanguage\":\"de\"},{\"@type\":\"Organization\",\"@id\":\"https:\\\/\\\/www.purejewels.com\\\/#organization\",\"name\":\"PureJewels UK\",\"url\":\"https:\\\/\\\/www.purejewels.com\\\/\",\"logo\":{\"@type\":\"ImageObject\",\"inLanguage\":\"de\",\"@id\":\"https:\\\/\\\/www.purejewels.com\\\/#\\\/schema\\\/logo\\\/image\\\/\",\"url\":\"https:\\\/\\\/static.purejewels.com\\\/wp-content\\\/uploads\\\/2020\\\/11\\\/Logo-PJ-New-1.png\",\"contentUrl\":\"https:\\\/\\\/static.purejewels.com\\\/wp-content\\\/uploads\\\/2020\\\/11\\\/Logo-PJ-New-1.png\",\"width\":150,\"height\":80,\"caption\":\"PureJewels UK\"},\"image\":{\"@id\":\"https:\\\/\\\/www.purejewels.com\\\/#\\\/schema\\\/logo\\\/image\\\/\"}}]}<\/script>\n<!-- \/ Yoast SEO plugin. -->","yoast_head_json":{"title":"22ct Gold Armreifen 32320 - PureJewels UK","robots":{"index":"index","follow":"follow","max-snippet":"max-snippet:-1","max-image-preview":"max-image-preview:large","max-video-preview":"max-video-preview:-1"},"canonical":"https:\/\/www.purejewels.com\/de\/produkt-2\/armreifen-aus-22-karat-gold-32320\/","og_locale":"de_DE","og_type":"article","og_title":"22ct Gold Bangles 32320 - PureJewels UK","og_description":"22carat&nbsp;Gold&nbsp;Bangle&nbsp;(916) with Rhodium PolishSize: 2.6 Inches inside diameter. Please enquire for additional sizesSKU 32320&nbsp;Wt. 15.1 gmsPlease Note price quoted here is for a Single Bangle ( Please chat with us to buy a Pair)All prices include VATAll our products are hallmarked by London Assay OfficeAll set comes with presentation BoxDelivery IncludedLive chat with us for availability and more images of similar designs currently in stock","og_url":"https:\/\/www.purejewels.com\/de\/produkt-2\/armreifen-aus-22-karat-gold-32320\/","og_site_name":"PureJewels UK","article_modified_time":"2026-01-10T16:14:08+00:00","og_image":[{"width":1000,"height":1000,"url":"https:\/\/www.purejewels.com\/wp-content\/uploads\/2020\/06\/27620.png","type":"image\/png"}],"twitter_card":"summary_large_image","schema":{"@context":"https:\/\/schema.org","@graph":[{"@type":["WebPage","ItemPage"],"@id":"https:\/\/www.purejewels.com\/product\/22ct-gold-bangles-32320\/","url":"https:\/\/www.purejewels.com\/product\/22ct-gold-bangles-32320\/","name":"22ct Gold Armreifen 32320 - PureJewels UK","isPartOf":{"@id":"https:\/\/www.purejewels.com\/#website"},"primaryImageOfPage":{"@id":"https:\/\/www.purejewels.com\/product\/22ct-gold-bangles-32320\/#primaryimage"},"image":{"@id":"https:\/\/www.purejewels.com\/product\/22ct-gold-bangles-32320\/#primaryimage"},"thumbnailUrl":"https:\/\/static.purejewels.com\/wp-content\/uploads\/2020\/06\/27620.png","datePublished":"2020-06-23T12:35:53+00:00","dateModified":"2026-01-10T16:14:08+00:00","breadcrumb":{"@id":"https:\/\/www.purejewels.com\/product\/22ct-gold-bangles-32320\/#breadcrumb"},"inLanguage":"de","potentialAction":[{"@type":"ReadAction","target":["https:\/\/www.purejewels.com\/product\/22ct-gold-bangles-32320\/"]}]},{"@type":"ImageObject","inLanguage":"de","@id":"https:\/\/www.purejewels.com\/product\/22ct-gold-bangles-32320\/#primaryimage","url":"https:\/\/static.purejewels.com\/wp-content\/uploads\/2020\/06\/27620.png","contentUrl":"https:\/\/static.purejewels.com\/wp-content\/uploads\/2020\/06\/27620.png","width":1000,"height":1000},{"@type":"BreadcrumbList","@id":"https:\/\/www.purejewels.com\/product\/22ct-gold-bangles-32320\/#breadcrumb","itemListElement":[{"@type":"ListItem","position":1,"name":"Home","item":"https:\/\/www.purejewels.com\/"},{"@type":"ListItem","position":2,"name":"Shop","item":"https:\/\/www.purejewels.com\/shop\/"},{"@type":"ListItem","position":3,"name":"22ct Gold Bangles 32320"}]},{"@type":"WebSite","@id":"https:\/\/www.purejewels.com\/#website","url":"https:\/\/www.purejewels.com\/","name":"PureJewels UK","description":"Teile die Liebe","publisher":{"@id":"https:\/\/www.purejewels.com\/#organization"},"potentialAction":[{"@type":"SearchAction","target":{"@type":"EntryPoint","urlTemplate":"https:\/\/www.purejewels.com\/?s={search_term_string}"},"query-input":{"@type":"PropertyValueSpecification","valueRequired":true,"valueName":"search_term_string"}}],"inLanguage":"de"},{"@type":"Organization","@id":"https:\/\/www.purejewels.com\/#organization","name":"PureJewels UK","url":"https:\/\/www.purejewels.com\/","logo":{"@type":"ImageObject","inLanguage":"de","@id":"https:\/\/www.purejewels.com\/#\/schema\/logo\/image\/","url":"https:\/\/static.purejewels.com\/wp-content\/uploads\/2020\/11\/Logo-PJ-New-1.png","contentUrl":"https:\/\/static.purejewels.com\/wp-content\/uploads\/2020\/11\/Logo-PJ-New-1.png","width":150,"height":80,"caption":"PureJewels UK"},"image":{"@id":"https:\/\/www.purejewels.com\/#\/schema\/logo\/image\/"}}]}},"_links":{"self":[{"href":"https:\/\/www.purejewels.com\/de\/wp-json\/wp\/v2\/product\/315306","targetHints":{"allow":["GET"]}}],"collection":[{"href":"https:\/\/www.purejewels.com\/de\/wp-json\/wp\/v2\/product"}],"about":[{"href":"https:\/\/www.purejewels.com\/de\/wp-json\/wp\/v2\/types\/product"}],"replies":[{"embeddable":true,"href":"https:\/\/www.purejewels.com\/de\/wp-json\/wp\/v2\/comments?post=315306"}],"version-history":[{"count":0,"href":"https:\/\/www.purejewels.com\/de\/wp-json\/wp\/v2\/product\/315306\/revisions"}],"wp:featuredmedia":[{"embeddable":true,"href":"https:\/\/www.purejewels.com\/de\/wp-json\/wp\/v2\/media\/315312"}],"wp:attachment":[{"href":"https:\/\/www.purejewels.com\/de\/wp-json\/wp\/v2\/media?parent=315306"}],"wp:term":[{"taxonomy":"product_brand","embeddable":true,"href":"https:\/\/www.purejewels.com\/de\/wp-json\/wp\/v2\/product_brand?post=315306"},{"taxonomy":"product_cat","embeddable":true,"href":"https:\/\/www.purejewels.com\/de\/wp-json\/wp\/v2\/product_cat?post=315306"},{"taxonomy":"product_tag","embeddable":true,"href":"https:\/\/www.purejewels.com\/de\/wp-json\/wp\/v2\/product_tag?post=315306"}],"curies":[{"name":"wp","href":"https:\/\/api.w.org\/{rel}","templated":true}]}}