{"id":315953,"date":"2020-07-14T12:21:15","date_gmt":"2020-07-14T11:21:15","guid":{"rendered":"https:\/\/www.purejewels.com\/product\/rosettes-collection-22ct-gold-necklace-40-5gm\/"},"modified":"2026-01-06T11:32:24","modified_gmt":"2026-01-06T11:32:24","slug":"22-karat-teen-lada-rani-haar-in-rosetten-sammlung-32900","status":"publish","type":"product","link":"https:\/\/www.purejewels.com\/de\/product\/22-carat-teen-lada-rani-haar-in-rosettes-collection-32900\/","title":{"rendered":"22 Karat Teen Lada Rani Haar"},"content":{"rendered":"<ul>\n<li>Wt. 40.5 gms<\/li>\n<li>SKU.32900<\/li>\n<\/ul>","protected":false},"excerpt":{"rendered":"<ul>\n<li>22 Karat Teen Lada Rani Haar in Rosetten Kollektion<\/li>\n<li>Wt. 40.5 gms<\/li>\n<li>SKU.32900<\/li>\n<li>Alle Preise inklusive Mehrwertsteuer<\/li>\n<li>22ct Gold gestempelt von London Assay Office<\/li>\n<li>Mit Pr\u00e4sentationsbox<\/li>\n<li>Lieferung inbegriffen<\/li>\n<li>Live-Chat mit uns f\u00fcr die Verf\u00fcgbarkeit und mehr Bilder von \u00e4hnlichen Designs derzeit auf Lager<\/li>\n<li>Erkunden Sie \u00e4hnliche Halskette<\/li>\n<\/ul>","protected":false},"featured_media":315955,"comment_status":"closed","ping_status":"closed","template":"","meta":{"_eb_attr":"","_crsspst_to_jayantr4sg-hostcom":false},"product_brand":[],"product_cat":[1780,1782,1253,1777,1779,1656],"product_tag":[],"class_list":{"0":"post-315953","1":"product","2":"type-product","3":"status-publish","4":"has-post-thumbnail","6":"product_cat-antique-style-necklaces","7":"product_cat-choker-necklaces","8":"product_cat-gold-necklaces","9":"product_cat-long-necklaces","10":"product_cat-mala-style-necklaces","11":"product_cat-rosettes-collections","13":"first","14":"onbackorder","15":"taxable","16":"shipping-taxable","17":"product-type-simple","18":"add-to-wishlist-before_image"},"yoast_head":"<!-- This site is optimized with the Yoast SEO plugin v27.3 - https:\/\/yoast.com\/product\/yoast-seo-wordpress\/ -->\n<title>22 Carat Teen Lada Rani Haar - PureJewels UK<\/title>\n<meta name=\"robots\" content=\"index, follow, max-snippet:-1, max-image-preview:large, max-video-preview:-1\" \/>\n<link rel=\"canonical\" href=\"https:\/\/www.purejewels.com\/de\/produkt-2\/22-karat-teen-lada-rani-haar-in-rosetten-sammlung-32900\/\" \/>\n<meta property=\"og:locale\" content=\"de_DE\" \/>\n<meta property=\"og:type\" content=\"article\" \/>\n<meta property=\"og:title\" content=\"22 Carat Teen Lada Rani Haar - PureJewels UK\" \/>\n<meta property=\"og:description\" content=\"22 Carat Teen Lada Rani Haar in Rosettes Collection  Wt.\u00a040.5 gms  SKU.32900  All prices include VAT  22ct Gold\u00a0Hallmarked by London Assay Office  Comes With Presentation Box  Delivery Included  Live chat with us for availability and more images of similar designs currently in stock  Explore similar Necklace\" \/>\n<meta property=\"og:url\" content=\"https:\/\/www.purejewels.com\/de\/produkt-2\/22-karat-teen-lada-rani-haar-in-rosetten-sammlung-32900\/\" \/>\n<meta property=\"og:site_name\" content=\"PureJewels UK\" \/>\n<meta property=\"article:modified_time\" content=\"2026-01-06T11:32:24+00:00\" \/>\n<meta property=\"og:image\" content=\"https:\/\/static.purejewels.com\/wp-content\/uploads\/2020\/07\/image176096767.jpg\" \/>\n\t<meta property=\"og:image:width\" content=\"1000\" \/>\n\t<meta property=\"og:image:height\" content=\"1000\" \/>\n\t<meta property=\"og:image:type\" content=\"image\/jpeg\" \/>\n<meta name=\"twitter:card\" content=\"summary_large_image\" \/>\n<script type=\"application\/ld+json\" class=\"yoast-schema-graph\">{\"@context\":\"https:\\\/\\\/schema.org\",\"@graph\":[{\"@type\":[\"WebPage\",\"ItemPage\"],\"@id\":\"https:\\\/\\\/www.purejewels.com\\\/product\\\/22-carat-teen-lada-rani-haar-in-rosettes-collection-32900\\\/\",\"url\":\"https:\\\/\\\/www.purejewels.com\\\/product\\\/22-carat-teen-lada-rani-haar-in-rosettes-collection-32900\\\/\",\"name\":\"22 Carat Teen Lada Rani Haar - PureJewels UK\",\"isPartOf\":{\"@id\":\"https:\\\/\\\/www.purejewels.com\\\/#website\"},\"primaryImageOfPage\":{\"@id\":\"https:\\\/\\\/www.purejewels.com\\\/product\\\/22-carat-teen-lada-rani-haar-in-rosettes-collection-32900\\\/#primaryimage\"},\"image\":{\"@id\":\"https:\\\/\\\/www.purejewels.com\\\/product\\\/22-carat-teen-lada-rani-haar-in-rosettes-collection-32900\\\/#primaryimage\"},\"thumbnailUrl\":\"https:\\\/\\\/static.purejewels.com\\\/wp-content\\\/uploads\\\/2020\\\/07\\\/image176096767.jpg\",\"datePublished\":\"2020-07-14T11:21:15+00:00\",\"dateModified\":\"2026-01-06T11:32:24+00:00\",\"breadcrumb\":{\"@id\":\"https:\\\/\\\/www.purejewels.com\\\/product\\\/22-carat-teen-lada-rani-haar-in-rosettes-collection-32900\\\/#breadcrumb\"},\"inLanguage\":\"de\",\"potentialAction\":[{\"@type\":\"ReadAction\",\"target\":[\"https:\\\/\\\/www.purejewels.com\\\/product\\\/22-carat-teen-lada-rani-haar-in-rosettes-collection-32900\\\/\"]}]},{\"@type\":\"ImageObject\",\"inLanguage\":\"de\",\"@id\":\"https:\\\/\\\/www.purejewels.com\\\/product\\\/22-carat-teen-lada-rani-haar-in-rosettes-collection-32900\\\/#primaryimage\",\"url\":\"https:\\\/\\\/static.purejewels.com\\\/wp-content\\\/uploads\\\/2020\\\/07\\\/image176096767.jpg\",\"contentUrl\":\"https:\\\/\\\/static.purejewels.com\\\/wp-content\\\/uploads\\\/2020\\\/07\\\/image176096767.jpg\",\"width\":1000,\"height\":1000,\"caption\":\"Rosettes 22ct Heavy Teenlada Haar with a Drop Pendant Necklace RSNC046\"},{\"@type\":\"BreadcrumbList\",\"@id\":\"https:\\\/\\\/www.purejewels.com\\\/product\\\/22-carat-teen-lada-rani-haar-in-rosettes-collection-32900\\\/#breadcrumb\",\"itemListElement\":[{\"@type\":\"ListItem\",\"position\":1,\"name\":\"Home\",\"item\":\"https:\\\/\\\/www.purejewels.com\\\/\"},{\"@type\":\"ListItem\",\"position\":2,\"name\":\"Shop\",\"item\":\"https:\\\/\\\/www.purejewels.com\\\/shop\\\/\"},{\"@type\":\"ListItem\",\"position\":3,\"name\":\"22 Carat Teen Lada Rani Haar\"}]},{\"@type\":\"WebSite\",\"@id\":\"https:\\\/\\\/www.purejewels.com\\\/#website\",\"url\":\"https:\\\/\\\/www.purejewels.com\\\/\",\"name\":\"PureJewels UK\",\"description\":\"Share the Love\",\"publisher\":{\"@id\":\"https:\\\/\\\/www.purejewels.com\\\/#organization\"},\"potentialAction\":[{\"@type\":\"SearchAction\",\"target\":{\"@type\":\"EntryPoint\",\"urlTemplate\":\"https:\\\/\\\/www.purejewels.com\\\/?s={search_term_string}\"},\"query-input\":{\"@type\":\"PropertyValueSpecification\",\"valueRequired\":true,\"valueName\":\"search_term_string\"}}],\"inLanguage\":\"de\"},{\"@type\":\"Organization\",\"@id\":\"https:\\\/\\\/www.purejewels.com\\\/#organization\",\"name\":\"PureJewels UK\",\"url\":\"https:\\\/\\\/www.purejewels.com\\\/\",\"logo\":{\"@type\":\"ImageObject\",\"inLanguage\":\"de\",\"@id\":\"https:\\\/\\\/www.purejewels.com\\\/#\\\/schema\\\/logo\\\/image\\\/\",\"url\":\"https:\\\/\\\/static.purejewels.com\\\/wp-content\\\/uploads\\\/2020\\\/11\\\/Logo-PJ-New-1.png\",\"contentUrl\":\"https:\\\/\\\/static.purejewels.com\\\/wp-content\\\/uploads\\\/2020\\\/11\\\/Logo-PJ-New-1.png\",\"width\":150,\"height\":80,\"caption\":\"PureJewels UK\"},\"image\":{\"@id\":\"https:\\\/\\\/www.purejewels.com\\\/#\\\/schema\\\/logo\\\/image\\\/\"}}]}<\/script>\n<!-- \/ Yoast SEO plugin. -->","yoast_head_json":{"title":"22 Karat Teen Lada Rani Haar - PureJewels UK","robots":{"index":"index","follow":"follow","max-snippet":"max-snippet:-1","max-image-preview":"max-image-preview:large","max-video-preview":"max-video-preview:-1"},"canonical":"https:\/\/www.purejewels.com\/de\/produkt-2\/22-karat-teen-lada-rani-haar-in-rosetten-sammlung-32900\/","og_locale":"de_DE","og_type":"article","og_title":"22 Carat Teen Lada Rani Haar - PureJewels UK","og_description":"22 Carat Teen Lada Rani Haar in Rosettes Collection  Wt.\u00a040.5 gms  SKU.32900  All prices include VAT  22ct Gold\u00a0Hallmarked by London Assay Office  Comes With Presentation Box  Delivery Included  Live chat with us for availability and more images of similar designs currently in stock  Explore similar Necklace","og_url":"https:\/\/www.purejewels.com\/de\/produkt-2\/22-karat-teen-lada-rani-haar-in-rosetten-sammlung-32900\/","og_site_name":"PureJewels UK","article_modified_time":"2026-01-06T11:32:24+00:00","og_image":[{"width":1000,"height":1000,"url":"https:\/\/static.purejewels.com\/wp-content\/uploads\/2020\/07\/image176096767.jpg","type":"image\/jpeg"}],"twitter_card":"summary_large_image","schema":{"@context":"https:\/\/schema.org","@graph":[{"@type":["WebPage","ItemPage"],"@id":"https:\/\/www.purejewels.com\/product\/22-carat-teen-lada-rani-haar-in-rosettes-collection-32900\/","url":"https:\/\/www.purejewels.com\/product\/22-carat-teen-lada-rani-haar-in-rosettes-collection-32900\/","name":"22 Karat Teen Lada Rani Haar - PureJewels UK","isPartOf":{"@id":"https:\/\/www.purejewels.com\/#website"},"primaryImageOfPage":{"@id":"https:\/\/www.purejewels.com\/product\/22-carat-teen-lada-rani-haar-in-rosettes-collection-32900\/#primaryimage"},"image":{"@id":"https:\/\/www.purejewels.com\/product\/22-carat-teen-lada-rani-haar-in-rosettes-collection-32900\/#primaryimage"},"thumbnailUrl":"https:\/\/static.purejewels.com\/wp-content\/uploads\/2020\/07\/image176096767.jpg","datePublished":"2020-07-14T11:21:15+00:00","dateModified":"2026-01-06T11:32:24+00:00","breadcrumb":{"@id":"https:\/\/www.purejewels.com\/product\/22-carat-teen-lada-rani-haar-in-rosettes-collection-32900\/#breadcrumb"},"inLanguage":"de","potentialAction":[{"@type":"ReadAction","target":["https:\/\/www.purejewels.com\/product\/22-carat-teen-lada-rani-haar-in-rosettes-collection-32900\/"]}]},{"@type":"ImageObject","inLanguage":"de","@id":"https:\/\/www.purejewels.com\/product\/22-carat-teen-lada-rani-haar-in-rosettes-collection-32900\/#primaryimage","url":"https:\/\/static.purejewels.com\/wp-content\/uploads\/2020\/07\/image176096767.jpg","contentUrl":"https:\/\/static.purejewels.com\/wp-content\/uploads\/2020\/07\/image176096767.jpg","width":1000,"height":1000,"caption":"Rosettes 22ct Heavy Teenlada Haar with a Drop Pendant Necklace RSNC046"},{"@type":"BreadcrumbList","@id":"https:\/\/www.purejewels.com\/product\/22-carat-teen-lada-rani-haar-in-rosettes-collection-32900\/#breadcrumb","itemListElement":[{"@type":"ListItem","position":1,"name":"Home","item":"https:\/\/www.purejewels.com\/"},{"@type":"ListItem","position":2,"name":"Shop","item":"https:\/\/www.purejewels.com\/shop\/"},{"@type":"ListItem","position":3,"name":"22 Carat Teen Lada Rani Haar"}]},{"@type":"WebSite","@id":"https:\/\/www.purejewels.com\/#website","url":"https:\/\/www.purejewels.com\/","name":"PureJewels UK","description":"Teile die Liebe","publisher":{"@id":"https:\/\/www.purejewels.com\/#organization"},"potentialAction":[{"@type":"SearchAction","target":{"@type":"EntryPoint","urlTemplate":"https:\/\/www.purejewels.com\/?s={search_term_string}"},"query-input":{"@type":"PropertyValueSpecification","valueRequired":true,"valueName":"search_term_string"}}],"inLanguage":"de"},{"@type":"Organization","@id":"https:\/\/www.purejewels.com\/#organization","name":"PureJewels UK","url":"https:\/\/www.purejewels.com\/","logo":{"@type":"ImageObject","inLanguage":"de","@id":"https:\/\/www.purejewels.com\/#\/schema\/logo\/image\/","url":"https:\/\/static.purejewels.com\/wp-content\/uploads\/2020\/11\/Logo-PJ-New-1.png","contentUrl":"https:\/\/static.purejewels.com\/wp-content\/uploads\/2020\/11\/Logo-PJ-New-1.png","width":150,"height":80,"caption":"PureJewels UK"},"image":{"@id":"https:\/\/www.purejewels.com\/#\/schema\/logo\/image\/"}}]}},"_links":{"self":[{"href":"https:\/\/www.purejewels.com\/de\/wp-json\/wp\/v2\/product\/315953","targetHints":{"allow":["GET"]}}],"collection":[{"href":"https:\/\/www.purejewels.com\/de\/wp-json\/wp\/v2\/product"}],"about":[{"href":"https:\/\/www.purejewels.com\/de\/wp-json\/wp\/v2\/types\/product"}],"replies":[{"embeddable":true,"href":"https:\/\/www.purejewels.com\/de\/wp-json\/wp\/v2\/comments?post=315953"}],"version-history":[{"count":2,"href":"https:\/\/www.purejewels.com\/de\/wp-json\/wp\/v2\/product\/315953\/revisions"}],"predecessor-version":[{"id":388522,"href":"https:\/\/www.purejewels.com\/de\/wp-json\/wp\/v2\/product\/315953\/revisions\/388522"}],"wp:featuredmedia":[{"embeddable":true,"href":"https:\/\/www.purejewels.com\/de\/wp-json\/wp\/v2\/media\/315955"}],"wp:attachment":[{"href":"https:\/\/www.purejewels.com\/de\/wp-json\/wp\/v2\/media?parent=315953"}],"wp:term":[{"taxonomy":"product_brand","embeddable":true,"href":"https:\/\/www.purejewels.com\/de\/wp-json\/wp\/v2\/product_brand?post=315953"},{"taxonomy":"product_cat","embeddable":true,"href":"https:\/\/www.purejewels.com\/de\/wp-json\/wp\/v2\/product_cat?post=315953"},{"taxonomy":"product_tag","embeddable":true,"href":"https:\/\/www.purejewels.com\/de\/wp-json\/wp\/v2\/product_tag?post=315953"}],"curies":[{"name":"wp","href":"https:\/\/api.w.org\/{rel}","templated":true}]}}