{"id":316395,"date":"2024-10-15T05:20:49","date_gmt":"2024-10-15T04:20:49","guid":{"rendered":"https:\/\/www.purejewels.com\/product\/rosettes-collection-22ct-gold-kada-27-8gm\/"},"modified":"2026-01-19T10:40:14","modified_gmt":"2026-01-19T10:40:14","slug":"22ct-sonnenaufgang-gold-kada-49746","status":"publish","type":"product","link":"https:\/\/www.purejewels.com\/de\/product\/22ct-sunrise-gold-kada-49746\/","title":{"rendered":"22ct Sunrise Gold Kada | Rosetten Kollektion"},"content":{"rendered":"<p><span data-offset-key=\"8pdte-25-0\">Diese<\/span><span data-offset-key=\"8pdte-26-0\"> 22<\/span><span data-offset-key=\"8pdte-27-0\"> Auto<\/span><span data-offset-key=\"8pdte-28-0\">unter<\/span><span data-offset-key=\"8pdte-29-0\"> Anpassen<\/span><span data-offset-key=\"8pdte-30-0\">f\u00e4hig<\/span><span data-offset-key=\"8pdte-31-0\"> Gold<\/span><span data-offset-key=\"8pdte-32-0\"> K<\/span><span data-offset-key=\"8pdte-33-0\">ada<\/span><span data-offset-key=\"8pdte-38-0\">\u00a0ist<\/span><span data-offset-key=\"8pdte-39-0\"> die<\/span><span data-offset-key=\"8pdte-40-0\"> perfekt<\/span><span data-offset-key=\"8pdte-41-0\"> Zusatz<\/span><span data-offset-key=\"8pdte-42-0\"> zu<\/span><span data-offset-key=\"8pdte-43-0\"> Ihr<\/span><span data-offset-key=\"8pdte-44-0\"> Schmuck<\/span><span data-offset-key=\"8pdte-45-0\"> Sammlung<\/span><span data-offset-key=\"8pdte-46-0\">!<\/span><span data-offset-key=\"8pdte-47-0\"> Handwerk<\/span><span data-offset-key=\"8pdte-48-0\">ed<\/span><span data-offset-key=\"8pdte-49-0\"> mit<\/span><span data-offset-key=\"8pdte-50-0\"> die<\/span><span data-offset-key=\"8pdte-51-0\"> die<\/span><span data-offset-key=\"8pdte-52-0\"> Briefmarke<\/span><span data-offset-key=\"8pdte-53-0\">ing<\/span><span data-offset-key=\"8pdte-54-0\"> Technik<\/span><span data-offset-key=\"8pdte-55-0\">,<\/span><span data-offset-key=\"8pdte-56-0\"> diese<\/span><span data-offset-key=\"8pdte-57-0\"> Kada<\/span><span data-offset-key=\"8pdte-59-0\">\u00a0Merkmale<\/span><span data-offset-key=\"8pdte-60-0\"> eine<\/span><span data-offset-key=\"8pdte-61-0\"> Auge<\/span><span data-offset-key=\"8pdte-62-0\">\u2013<\/span><span data-offset-key=\"8pdte-63-0\">fangen, <\/span><span data-offset-key=\"8pdte-69-0\">dass<\/span><span data-offset-key=\"8pdte-70-0\"> wird<\/span><span data-offset-key=\"8pdte-71-0\"> machen.<\/span><span data-offset-key=\"8pdte-72-0\"> a<\/span><span data-offset-key=\"8pdte-73-0\"> Anweisung<\/span><span data-offset-key=\"8pdte-74-0\"> wo immer<\/span><span data-offset-key=\"8pdte-75-0\"> Sie<\/span><span data-offset-key=\"8pdte-76-0\"> gehen.<\/span><span data-offset-key=\"8pdte-77-0\">.<\/span><span data-offset-key=\"8pdte-78-0\"> Seine<\/span><span data-offset-key=\"8pdte-79-0\"> Verschlungene<\/span><span data-offset-key=\"8pdte-80-0\"> Entwurf<\/span><span data-offset-key=\"8pdte-81-0\"> f\u00fcgt  hinzu.<\/span><span data-offset-key=\"8pdte-82-0\"> a<\/span><span data-offset-key=\"8pdte-83-0\"> ber\u00fchren.<\/span><span data-offset-key=\"8pdte-84-0\"> von<\/span><span data-offset-key=\"8pdte-85-0\"> Raffinesse<\/span><span data-offset-key=\"8pdte-86-0\"> zu<\/span><span data-offset-key=\"8pdte-87-0\"> jede<\/span><span data-offset-key=\"8pdte-88-0\"> Outfit<\/span><span data-offset-key=\"8pdte-89-0\">,<\/span><span data-offset-key=\"8pdte-90-0\"> w\u00e4hrend<\/span><span data-offset-key=\"8pdte-91-0\"> seine<\/span><span data-offset-key=\"8pdte-92-0\"> einstellbar<\/span><span data-offset-key=\"8pdte-93-0\"> Gr\u00f6\u00dfe<\/span><span data-offset-key=\"8pdte-94-0\"> gew\u00e4hrleistet<\/span><span data-offset-key=\"8pdte-95-0\"> bequem<\/span><span data-offset-key=\"8pdte-96-0\"> tragen<\/span><span data-offset-key=\"8pdte-97-0\">.<\/span><span data-offset-key=\"8pdte-98-0\"> Es<\/span><span data-offset-key=\"8pdte-99-0\">'s<\/span><span data-offset-key=\"8pdte-100-0\"> a<\/span><span data-offset-key=\"8pdte-101-0\"> zeitlos<\/span><span data-offset-key=\"8pdte-102-0\"> St\u00fcck<\/span><span data-offset-key=\"8pdte-103-0\"> dass<\/span><span data-offset-key=\"8pdte-104-0\"> Sie<\/span><span data-offset-key=\"8pdte-105-0\">wird<\/span><span data-offset-key=\"8pdte-106-0\"> Liebe<\/span><span data-offset-key=\"8pdte-107-0\"> mit<\/span><span data-offset-key=\"8pdte-108-0\"> f\u00fcr<\/span><span data-offset-key=\"8pdte-109-0\"> Jahre<\/span><span data-offset-key=\"8pdte-110-0\"> zu<\/span><span data-offset-key=\"8pdte-111-0\"> kommen<\/span><span data-offset-key=\"8pdte-112-0\">.<\/span><span data-offset-key=\"8pdte-113-0\"> Behandeln Sie<\/span><span data-offset-key=\"8pdte-114-0\"> selbst<\/span><span data-offset-key=\"8pdte-115-0\"> oder<\/span><span data-offset-key=\"8pdte-116-0\"> \u00dcberraschung<\/span><span data-offset-key=\"8pdte-117-0\"> a<\/span><span data-offset-key=\"8pdte-118-0\"> liebte<\/span><span data-offset-key=\"8pdte-119-0\"> eine<\/span><span data-offset-key=\"8pdte-120-0\"> mit<\/span><span data-offset-key=\"8pdte-121-0\"> diese<\/span><span data-offset-key=\"8pdte-122-0\"> luxuri\u00f6s<\/span><span data-offset-key=\"8pdte-123-0\"> Kada<\/span><span data-offset-key=\"8pdte-125-0\">\u00a0und<\/span><span data-offset-key=\"8pdte-126-0\"> anzeigen<\/span><span data-offset-key=\"8pdte-127-0\"> sie<\/span><span data-offset-key=\"8pdte-128-0\"> nur<\/span><span data-offset-key=\"8pdte-129-0\"> wie<\/span><span data-offset-key=\"8pdte-130-0\"> viel<\/span><span data-offset-key=\"8pdte-131-0\"> Sie<\/span><span data-offset-key=\"8pdte-132-0\"> Pflege<\/span><span data-offset-key=\"8pdte-133-0\">.<\/span><\/p>","protected":false},"excerpt":{"rendered":"<table class=\"sh_desc\">\n<tbody>\n<tr>\n<td>Art des Armreifs<\/td>\n<td>Brautmode Kada<\/td>\n<\/tr>\n<tr>\n<td>SKU<\/td>\n<td>49746<\/td>\n<\/tr>\n<tr>\n<td>Gewicht<\/td>\n<td>24,9 Gramm<\/td>\n<\/tr>\n<tr>\n<td>Metall<\/td>\n<td>22ct Sonnenaufgang Gold<\/td>\n<\/tr>\n<tr>\n<td>Armreif Gr\u00f6\u00dfe<\/td>\n<td>2.3 (Gr\u00f6\u00dfen bitte anfragen)<\/td>\n<\/tr>\n<tr>\n<td>Wahrzeichen<\/td>\n<td>22ct Gold gestempelt von London Assay Office<\/td>\n<\/tr>\n<tr>\n<td>Entgelte<\/td>\n<td>Lieferung und Mehrwertsteuer inbegriffen<\/td>\n<\/tr>\n<tr>\n<td>Verpackung<\/td>\n<td>Mit Pr\u00e4sentationsbox<\/td>\n<\/tr>\n<tr>\n<td>Mehr Informationen<\/td>\n<td>\n<ul>\n<li>Hinweis: Der hier angegebene Preis gilt f\u00fcr einen einzelnen Kada-Armreif.<\/li>\n<li>Live-Chat mit uns f\u00fcr Verf\u00fcgbarkeit und mehr Bilder<\/li>\n<\/ul>\n<\/td>\n<\/tr>\n<\/tbody>\n<\/table>","protected":false},"featured_media":374083,"comment_status":"closed","ping_status":"closed","template":"","meta":{"_eb_attr":"","_crsspst_to_jayantr4sg-hostcom":false},"product_brand":[],"product_cat":[1233,1229,5347,5271,5273,1656,5353,1657,1574,5349],"product_tag":[],"class_list":{"0":"post-316395","1":"product","2":"type-product","3":"status-publish","4":"has-post-thumbnail","6":"product_cat-gold-bangles","7":"product_cat-22ct-gold-jewellery","8":"product_cat-shop-by-metal","9":"product_cat-occasion-wear-bangles","10":"product_cat-22ct-gold-poncha-bracelet","11":"product_cat-rosettes-collections","12":"product_cat-shop-by","13":"product_cat-single-bangle","14":"product_cat-womens-jewellery","15":"product_cat-yellow-gold-jewellery","17":"first","18":"onbackorder","19":"taxable","20":"shipping-taxable","21":"product-type-simple","22":"add-to-wishlist-before_image"},"yoast_head":"<!-- This site is optimized with the Yoast SEO plugin v27.6 - https:\/\/yoast.com\/product\/yoast-seo-wordpress\/ -->\n<title>22 Carat Adjustable Sunrise Gold Kada | PureJewels UK<\/title>\n<meta name=\"description\" content=\"This stunning 22ct Gold Kada has been crafted using the die stamping technique. It is adjustable and suitable for both formal and casual occasions.\" \/>\n<meta name=\"robots\" content=\"index, follow, max-snippet:-1, max-image-preview:large, max-video-preview:-1\" \/>\n<link rel=\"canonical\" href=\"https:\/\/www.purejewels.com\/de\/produkt-2\/22ct-sonnenaufgang-gold-kada-49746\/\" \/>\n<meta property=\"og:locale\" content=\"de_DE\" \/>\n<meta property=\"og:type\" content=\"article\" \/>\n<meta property=\"og:title\" content=\"22 Carat Adjustable Sunrise Gold Kada | PureJewels UK\" \/>\n<meta property=\"og:description\" content=\"This stunning 22ct Gold Kada has been crafted using the die stamping technique. It is adjustable and suitable for both formal and casual occasions.\" \/>\n<meta property=\"og:url\" content=\"https:\/\/www.purejewels.com\/de\/produkt-2\/22ct-sonnenaufgang-gold-kada-49746\/\" \/>\n<meta property=\"og:site_name\" content=\"PureJewels UK\" \/>\n<meta property=\"article:modified_time\" content=\"2026-01-19T10:40:14+00:00\" \/>\n<meta property=\"og:image\" content=\"https:\/\/static.purejewels.com\/wp-content\/uploads\/2023\/02\/44066-1.png\" \/>\n\t<meta property=\"og:image:width\" content=\"1000\" \/>\n\t<meta property=\"og:image:height\" content=\"1000\" \/>\n\t<meta property=\"og:image:type\" content=\"image\/png\" \/>\n<meta name=\"twitter:card\" content=\"summary_large_image\" \/>\n<script type=\"application\/ld+json\" class=\"yoast-schema-graph\">{\"@context\":\"https:\\\/\\\/schema.org\",\"@graph\":[{\"@type\":[\"WebPage\",\"ItemPage\"],\"@id\":\"https:\\\/\\\/www.purejewels.com\\\/product\\\/22ct-sunrise-gold-kada-49746\\\/\",\"url\":\"https:\\\/\\\/www.purejewels.com\\\/product\\\/22ct-sunrise-gold-kada-49746\\\/\",\"name\":\"22 Carat Adjustable Sunrise Gold Kada | PureJewels UK\",\"isPartOf\":{\"@id\":\"https:\\\/\\\/www.purejewels.com\\\/#website\"},\"primaryImageOfPage\":{\"@id\":\"https:\\\/\\\/www.purejewels.com\\\/product\\\/22ct-sunrise-gold-kada-49746\\\/#primaryimage\"},\"image\":{\"@id\":\"https:\\\/\\\/www.purejewels.com\\\/product\\\/22ct-sunrise-gold-kada-49746\\\/#primaryimage\"},\"thumbnailUrl\":\"https:\\\/\\\/static.purejewels.com\\\/wp-content\\\/uploads\\\/2023\\\/02\\\/44066-1.png\",\"datePublished\":\"2024-10-15T04:20:49+00:00\",\"dateModified\":\"2026-01-19T10:40:14+00:00\",\"description\":\"This stunning 22ct Gold Kada has been crafted using the die stamping technique. It is adjustable and suitable for both formal and casual occasions.\",\"breadcrumb\":{\"@id\":\"https:\\\/\\\/www.purejewels.com\\\/product\\\/22ct-sunrise-gold-kada-49746\\\/#breadcrumb\"},\"inLanguage\":\"de\",\"potentialAction\":[{\"@type\":\"ReadAction\",\"target\":[\"https:\\\/\\\/www.purejewels.com\\\/product\\\/22ct-sunrise-gold-kada-49746\\\/\"]}]},{\"@type\":\"ImageObject\",\"inLanguage\":\"de\",\"@id\":\"https:\\\/\\\/www.purejewels.com\\\/product\\\/22ct-sunrise-gold-kada-49746\\\/#primaryimage\",\"url\":\"https:\\\/\\\/static.purejewels.com\\\/wp-content\\\/uploads\\\/2023\\\/02\\\/44066-1.png\",\"contentUrl\":\"https:\\\/\\\/static.purejewels.com\\\/wp-content\\\/uploads\\\/2023\\\/02\\\/44066-1.png\",\"width\":1000,\"height\":1000,\"caption\":\"22ct Gold Kada\"},{\"@type\":\"BreadcrumbList\",\"@id\":\"https:\\\/\\\/www.purejewels.com\\\/product\\\/22ct-sunrise-gold-kada-49746\\\/#breadcrumb\",\"itemListElement\":[{\"@type\":\"ListItem\",\"position\":1,\"name\":\"Home\",\"item\":\"https:\\\/\\\/www.purejewels.com\\\/\"},{\"@type\":\"ListItem\",\"position\":2,\"name\":\"Shop\",\"item\":\"https:\\\/\\\/www.purejewels.com\\\/shop\\\/\"},{\"@type\":\"ListItem\",\"position\":3,\"name\":\"22ct Sunrise Gold Kada | Rosettes Collection\"}]},{\"@type\":\"WebSite\",\"@id\":\"https:\\\/\\\/www.purejewels.com\\\/#website\",\"url\":\"https:\\\/\\\/www.purejewels.com\\\/\",\"name\":\"PureJewels UK\",\"description\":\"Share the Love\",\"publisher\":{\"@id\":\"https:\\\/\\\/www.purejewels.com\\\/#organization\"},\"potentialAction\":[{\"@type\":\"SearchAction\",\"target\":{\"@type\":\"EntryPoint\",\"urlTemplate\":\"https:\\\/\\\/www.purejewels.com\\\/?s={search_term_string}\"},\"query-input\":{\"@type\":\"PropertyValueSpecification\",\"valueRequired\":true,\"valueName\":\"search_term_string\"}}],\"inLanguage\":\"de\"},{\"@type\":\"Organization\",\"@id\":\"https:\\\/\\\/www.purejewels.com\\\/#organization\",\"name\":\"PureJewels UK\",\"url\":\"https:\\\/\\\/www.purejewels.com\\\/\",\"logo\":{\"@type\":\"ImageObject\",\"inLanguage\":\"de\",\"@id\":\"https:\\\/\\\/www.purejewels.com\\\/#\\\/schema\\\/logo\\\/image\\\/\",\"url\":\"https:\\\/\\\/static.purejewels.com\\\/wp-content\\\/uploads\\\/2020\\\/11\\\/Logo-PJ-New-1.png\",\"contentUrl\":\"https:\\\/\\\/static.purejewels.com\\\/wp-content\\\/uploads\\\/2020\\\/11\\\/Logo-PJ-New-1.png\",\"width\":150,\"height\":80,\"caption\":\"PureJewels UK\"},\"image\":{\"@id\":\"https:\\\/\\\/www.purejewels.com\\\/#\\\/schema\\\/logo\\\/image\\\/\"}}]}<\/script>\n<!-- \/ Yoast SEO plugin. -->","yoast_head_json":{"title":"22 Karat einstellbare Sunrise Gold Kada | PureJewels UK","description":"Diese atemberaubende Kada aus 22 Karat Gold wurde mit der Pr\u00e4getechnik hergestellt. Sie ist verstellbar und eignet sich sowohl f\u00fcr formelle als auch f\u00fcr legere Anl\u00e4sse.","robots":{"index":"index","follow":"follow","max-snippet":"max-snippet:-1","max-image-preview":"max-image-preview:large","max-video-preview":"max-video-preview:-1"},"canonical":"https:\/\/www.purejewels.com\/de\/produkt-2\/22ct-sonnenaufgang-gold-kada-49746\/","og_locale":"de_DE","og_type":"article","og_title":"22 Carat Adjustable Sunrise Gold Kada | PureJewels UK","og_description":"This stunning 22ct Gold Kada has been crafted using the die stamping technique. It is adjustable and suitable for both formal and casual occasions.","og_url":"https:\/\/www.purejewels.com\/de\/produkt-2\/22ct-sonnenaufgang-gold-kada-49746\/","og_site_name":"PureJewels UK","article_modified_time":"2026-01-19T10:40:14+00:00","og_image":[{"width":1000,"height":1000,"url":"https:\/\/static.purejewels.com\/wp-content\/uploads\/2023\/02\/44066-1.png","type":"image\/png"}],"twitter_card":"summary_large_image","schema":{"@context":"https:\/\/schema.org","@graph":[{"@type":["WebPage","ItemPage"],"@id":"https:\/\/www.purejewels.com\/product\/22ct-sunrise-gold-kada-49746\/","url":"https:\/\/www.purejewels.com\/product\/22ct-sunrise-gold-kada-49746\/","name":"22 Karat einstellbare Sunrise Gold Kada | PureJewels UK","isPartOf":{"@id":"https:\/\/www.purejewels.com\/#website"},"primaryImageOfPage":{"@id":"https:\/\/www.purejewels.com\/product\/22ct-sunrise-gold-kada-49746\/#primaryimage"},"image":{"@id":"https:\/\/www.purejewels.com\/product\/22ct-sunrise-gold-kada-49746\/#primaryimage"},"thumbnailUrl":"https:\/\/static.purejewels.com\/wp-content\/uploads\/2023\/02\/44066-1.png","datePublished":"2024-10-15T04:20:49+00:00","dateModified":"2026-01-19T10:40:14+00:00","description":"Diese atemberaubende Kada aus 22 Karat Gold wurde mit der Pr\u00e4getechnik hergestellt. Sie ist verstellbar und eignet sich sowohl f\u00fcr formelle als auch f\u00fcr legere Anl\u00e4sse.","breadcrumb":{"@id":"https:\/\/www.purejewels.com\/product\/22ct-sunrise-gold-kada-49746\/#breadcrumb"},"inLanguage":"de","potentialAction":[{"@type":"ReadAction","target":["https:\/\/www.purejewels.com\/product\/22ct-sunrise-gold-kada-49746\/"]}]},{"@type":"ImageObject","inLanguage":"de","@id":"https:\/\/www.purejewels.com\/product\/22ct-sunrise-gold-kada-49746\/#primaryimage","url":"https:\/\/static.purejewels.com\/wp-content\/uploads\/2023\/02\/44066-1.png","contentUrl":"https:\/\/static.purejewels.com\/wp-content\/uploads\/2023\/02\/44066-1.png","width":1000,"height":1000,"caption":"22ct Gold Kada"},{"@type":"BreadcrumbList","@id":"https:\/\/www.purejewels.com\/product\/22ct-sunrise-gold-kada-49746\/#breadcrumb","itemListElement":[{"@type":"ListItem","position":1,"name":"Home","item":"https:\/\/www.purejewels.com\/"},{"@type":"ListItem","position":2,"name":"Shop","item":"https:\/\/www.purejewels.com\/shop\/"},{"@type":"ListItem","position":3,"name":"22ct Sunrise Gold Kada | Rosettes Collection"}]},{"@type":"WebSite","@id":"https:\/\/www.purejewels.com\/#website","url":"https:\/\/www.purejewels.com\/","name":"PureJewels UK","description":"Teile die Liebe","publisher":{"@id":"https:\/\/www.purejewels.com\/#organization"},"potentialAction":[{"@type":"SearchAction","target":{"@type":"EntryPoint","urlTemplate":"https:\/\/www.purejewels.com\/?s={search_term_string}"},"query-input":{"@type":"PropertyValueSpecification","valueRequired":true,"valueName":"search_term_string"}}],"inLanguage":"de"},{"@type":"Organization","@id":"https:\/\/www.purejewels.com\/#organization","name":"PureJewels UK","url":"https:\/\/www.purejewels.com\/","logo":{"@type":"ImageObject","inLanguage":"de","@id":"https:\/\/www.purejewels.com\/#\/schema\/logo\/image\/","url":"https:\/\/static.purejewels.com\/wp-content\/uploads\/2020\/11\/Logo-PJ-New-1.png","contentUrl":"https:\/\/static.purejewels.com\/wp-content\/uploads\/2020\/11\/Logo-PJ-New-1.png","width":150,"height":80,"caption":"PureJewels UK"},"image":{"@id":"https:\/\/www.purejewels.com\/#\/schema\/logo\/image\/"}}]}},"_links":{"self":[{"href":"https:\/\/www.purejewels.com\/de\/wp-json\/wp\/v2\/product\/316395","targetHints":{"allow":["GET"]}}],"collection":[{"href":"https:\/\/www.purejewels.com\/de\/wp-json\/wp\/v2\/product"}],"about":[{"href":"https:\/\/www.purejewels.com\/de\/wp-json\/wp\/v2\/types\/product"}],"replies":[{"embeddable":true,"href":"https:\/\/www.purejewels.com\/de\/wp-json\/wp\/v2\/comments?post=316395"}],"version-history":[{"count":4,"href":"https:\/\/www.purejewels.com\/de\/wp-json\/wp\/v2\/product\/316395\/revisions"}],"predecessor-version":[{"id":396344,"href":"https:\/\/www.purejewels.com\/de\/wp-json\/wp\/v2\/product\/316395\/revisions\/396344"}],"wp:featuredmedia":[{"embeddable":true,"href":"https:\/\/www.purejewels.com\/de\/wp-json\/wp\/v2\/media\/374083"}],"wp:attachment":[{"href":"https:\/\/www.purejewels.com\/de\/wp-json\/wp\/v2\/media?parent=316395"}],"wp:term":[{"taxonomy":"product_brand","embeddable":true,"href":"https:\/\/www.purejewels.com\/de\/wp-json\/wp\/v2\/product_brand?post=316395"},{"taxonomy":"product_cat","embeddable":true,"href":"https:\/\/www.purejewels.com\/de\/wp-json\/wp\/v2\/product_cat?post=316395"},{"taxonomy":"product_tag","embeddable":true,"href":"https:\/\/www.purejewels.com\/de\/wp-json\/wp\/v2\/product_tag?post=316395"}],"curies":[{"name":"wp","href":"https:\/\/api.w.org\/{rel}","templated":true}]}}