{"id":316407,"date":"2020-08-04T12:12:24","date_gmt":"2020-08-04T11:12:24","guid":{"rendered":"https:\/\/www.purejewels.com\/product\/jali-collection-22ct-gold-kada-20-9gm\/"},"modified":"2026-01-23T10:41:57","modified_gmt":"2026-01-23T10:41:57","slug":"jali-collection-22-kt-gold-kada-20-9gm","status":"publish","type":"product","link":"https:\/\/www.purejewels.com\/de\/product\/jali-collection-22ct-gold-kada-20-9gm\/","title":{"rendered":"22ct Gold Textured Heritage Armreifen (Paar)"},"content":{"rendered":"<p>Gestaltung<\/p>\n<p>Diese Armreifen zeichnen sich durch eine raffinierte lineare Textur aus, die entlang der Au\u00dfenfl\u00e4che verl\u00e4uft und mit subtilen geometrischen Akzenten unterbrochen wird, die Rhythmus und Tiefe verleihen. Das sanft gerundete Profil schafft eine ausgewogene Silhouette, die es den Details erlaubt, das Licht einzufangen, ohne die Form zu erdr\u00fccken. Als passendes Paar bieten sie eine harmonische Mischung aus Ornamentik und Zur\u00fcckhaltung.<\/p>\n<p>Handwerkliches K\u00f6nnen<\/p>\n<p>Jeder Armreif wird in Handarbeit aus 22-kar\u00e4tigem Gold hergestellt und sorgf\u00e4ltig bearbeitet, um eine gleichm\u00e4\u00dfige Textur und eine klare Definition \u00fcber die gesamte L\u00e4nge zu erzielen. Traditionelle Techniken werden verwendet, um die geschichteten Details aufzubauen und die nat\u00fcrliche W\u00e4rme und den Glanz des Goldes zu verst\u00e4rken. Jedes St\u00fcck wird im Vereinigten K\u00f6nigreich mit einem Feingehaltsstempel versehen, der das Engagement von PureJewels f\u00fcr Qualit\u00e4t und Authentizit\u00e4t widerspiegelt.<\/p>\n<p>Styling &amp; Geschenkartikel<\/p>\n<p>Diese vielseitigen und langlebigen Armreifen k\u00f6nnen zusammen getragen werden, um ein einheitliches Erscheinungsbild zu schaffen, oder mit feineren Armb\u00e4ndern kombiniert werden, um einen mehrschichtigen Look zu erzielen. Sie eignen sich gleicherma\u00dfen f\u00fcr den Alltag, festliche Anl\u00e4sse und Hochzeiten und sind ein sch\u00f6nes Geschenk f\u00fcr Jubil\u00e4en, Feiern und wichtige Meilensteine.<\/p>","protected":false},"excerpt":{"rendered":"<ul>\n<li>22 Karat Gold Jali kada<\/li>\n<li>Gr\u00f6\u00dfe: 2,5 Zoll Innendurchmesser. F\u00fcr weitere Gr\u00f6\u00dfen bitte anfragen<\/li>\n<li>SKU 32952<\/li>\n<li>Wt. 20.9 gms<\/li>\n<li>Bitte beachten Sie, dass der hier angegebene Preis f\u00fcr ein einzelnes Kada gilt (bitte chatten Sie mit uns, um ein Paar zu kaufen)<\/li>\n<li>Alle Preise inklusive Mehrwertsteuer<\/li>\n<li>Alle unsere Produkte sind vom London Assay Office gestempelt.<\/li>\n<li>Alle Sets werden mit Pr\u00e4sentationsbox geliefert<\/li>\n<li>Lieferung inbegriffen<\/li>\n<li>Live-Chat mit uns f\u00fcr die Verf\u00fcgbarkeit und mehr Bilder von pakistanischen Schmuck-Designs derzeit auf Lager<\/li>\n<\/ul>","protected":false},"featured_media":316432,"comment_status":"closed","ping_status":"closed","template":"","meta":{"_eb_attr":"","_crsspst_to_jayantr4sg-hostcom":false},"product_brand":[],"product_cat":[1791,1658,1659,1233,252,1573,1574],"product_tag":[],"class_list":{"0":"post-316407","1":"product","2":"type-product","3":"status-publish","4":"has-post-thumbnail","6":"product_cat-anniversary-gifts","7":"product_cat-bangle-sets","8":"product_cat-bridal-and-party-wear-gold-kada-bangle","9":"product_cat-gold-bangles","10":"product_cat-jali-collections","11":"product_cat-wedding-gifts","12":"product_cat-womens-jewellery","14":"first","15":"outofstock","16":"taxable","17":"shipping-taxable","18":"product-type-simple","19":"add-to-wishlist-before_image"},"yoast_head":"<!-- This site is optimized with the Yoast SEO plugin v27.5 - https:\/\/yoast.com\/product\/yoast-seo-wordpress\/ -->\n<title>22ct Gold Textured Bangles | Handcrafted Pair | PureJewels<\/title>\n<meta name=\"description\" content=\"Shop this pair of 22ct gold textured bangles from PureJewels. Featuring intricate linear detailing and a softly sculpted profile, handcrafted and UK hallmarked.\" \/>\n<meta name=\"robots\" content=\"index, follow, max-snippet:-1, max-image-preview:large, max-video-preview:-1\" \/>\n<link rel=\"canonical\" href=\"https:\/\/www.purejewels.com\/de\/produkt-2\/jali-collection-22-kt-gold-kada-20-9gm\/\" \/>\n<meta property=\"og:locale\" content=\"de_DE\" \/>\n<meta property=\"og:type\" content=\"article\" \/>\n<meta property=\"og:title\" content=\"22ct Gold Textured Bangles | Handcrafted Pair | PureJewels\" \/>\n<meta property=\"og:description\" content=\"Shop this pair of 22ct gold textured bangles from PureJewels. Featuring intricate linear detailing and a softly sculpted profile, handcrafted and UK hallmarked.\" \/>\n<meta property=\"og:url\" content=\"https:\/\/www.purejewels.com\/de\/produkt-2\/jali-collection-22-kt-gold-kada-20-9gm\/\" \/>\n<meta property=\"og:site_name\" content=\"PureJewels UK\" \/>\n<meta property=\"article:modified_time\" content=\"2026-01-23T10:41:57+00:00\" \/>\n<meta property=\"og:image\" content=\"https:\/\/static.purejewels.com\/wp-content\/uploads\/2020\/08\/image179605229.jpg\" \/>\n\t<meta property=\"og:image:width\" content=\"1000\" \/>\n\t<meta property=\"og:image:height\" content=\"1000\" \/>\n\t<meta property=\"og:image:type\" content=\"image\/jpeg\" \/>\n<meta name=\"twitter:card\" content=\"summary_large_image\" \/>\n<meta name=\"twitter:label1\" content=\"Gesch\u00e4tzte Lesezeit\" \/>\n\t<meta name=\"twitter:data1\" content=\"1\u00a0Minute\" \/>\n<script type=\"application\/ld+json\" class=\"yoast-schema-graph\">{\"@context\":\"https:\\\/\\\/schema.org\",\"@graph\":[{\"@type\":[\"WebPage\",\"ItemPage\"],\"@id\":\"https:\\\/\\\/www.purejewels.com\\\/product\\\/jali-collection-22ct-gold-kada-20-9gm\\\/\",\"url\":\"https:\\\/\\\/www.purejewels.com\\\/product\\\/jali-collection-22ct-gold-kada-20-9gm\\\/\",\"name\":\"22ct Gold Textured Bangles | Handcrafted Pair | PureJewels\",\"isPartOf\":{\"@id\":\"https:\\\/\\\/www.purejewels.com\\\/#website\"},\"primaryImageOfPage\":{\"@id\":\"https:\\\/\\\/www.purejewels.com\\\/product\\\/jali-collection-22ct-gold-kada-20-9gm\\\/#primaryimage\"},\"image\":{\"@id\":\"https:\\\/\\\/www.purejewels.com\\\/product\\\/jali-collection-22ct-gold-kada-20-9gm\\\/#primaryimage\"},\"thumbnailUrl\":\"https:\\\/\\\/static.purejewels.com\\\/wp-content\\\/uploads\\\/2020\\\/08\\\/image179605229.jpg\",\"datePublished\":\"2020-08-04T11:12:24+00:00\",\"dateModified\":\"2026-01-23T10:41:57+00:00\",\"description\":\"Shop this pair of 22ct gold textured bangles from PureJewels. Featuring intricate linear detailing and a softly sculpted profile, handcrafted and UK hallmarked.\",\"breadcrumb\":{\"@id\":\"https:\\\/\\\/www.purejewels.com\\\/product\\\/jali-collection-22ct-gold-kada-20-9gm\\\/#breadcrumb\"},\"inLanguage\":\"de\",\"potentialAction\":[{\"@type\":\"ReadAction\",\"target\":[\"https:\\\/\\\/www.purejewels.com\\\/product\\\/jali-collection-22ct-gold-kada-20-9gm\\\/\"]}]},{\"@type\":\"ImageObject\",\"inLanguage\":\"de\",\"@id\":\"https:\\\/\\\/www.purejewels.com\\\/product\\\/jali-collection-22ct-gold-kada-20-9gm\\\/#primaryimage\",\"url\":\"https:\\\/\\\/static.purejewels.com\\\/wp-content\\\/uploads\\\/2020\\\/08\\\/image179605229.jpg\",\"contentUrl\":\"https:\\\/\\\/static.purejewels.com\\\/wp-content\\\/uploads\\\/2020\\\/08\\\/image179605229.jpg\",\"width\":1000,\"height\":1000,\"caption\":\"Jali 22ct Medium Flat Filligree Kada JLKD599\"},{\"@type\":\"BreadcrumbList\",\"@id\":\"https:\\\/\\\/www.purejewels.com\\\/product\\\/jali-collection-22ct-gold-kada-20-9gm\\\/#breadcrumb\",\"itemListElement\":[{\"@type\":\"ListItem\",\"position\":1,\"name\":\"Home\",\"item\":\"https:\\\/\\\/www.purejewels.com\\\/\"},{\"@type\":\"ListItem\",\"position\":2,\"name\":\"Shop\",\"item\":\"https:\\\/\\\/www.purejewels.com\\\/shop\\\/\"},{\"@type\":\"ListItem\",\"position\":3,\"name\":\"22ct Gold Textured Heritage Bangles (Pair)\"}]},{\"@type\":\"WebSite\",\"@id\":\"https:\\\/\\\/www.purejewels.com\\\/#website\",\"url\":\"https:\\\/\\\/www.purejewels.com\\\/\",\"name\":\"PureJewels UK\",\"description\":\"Share the Love\",\"publisher\":{\"@id\":\"https:\\\/\\\/www.purejewels.com\\\/#organization\"},\"potentialAction\":[{\"@type\":\"SearchAction\",\"target\":{\"@type\":\"EntryPoint\",\"urlTemplate\":\"https:\\\/\\\/www.purejewels.com\\\/?s={search_term_string}\"},\"query-input\":{\"@type\":\"PropertyValueSpecification\",\"valueRequired\":true,\"valueName\":\"search_term_string\"}}],\"inLanguage\":\"de\"},{\"@type\":\"Organization\",\"@id\":\"https:\\\/\\\/www.purejewels.com\\\/#organization\",\"name\":\"PureJewels UK\",\"url\":\"https:\\\/\\\/www.purejewels.com\\\/\",\"logo\":{\"@type\":\"ImageObject\",\"inLanguage\":\"de\",\"@id\":\"https:\\\/\\\/www.purejewels.com\\\/#\\\/schema\\\/logo\\\/image\\\/\",\"url\":\"https:\\\/\\\/static.purejewels.com\\\/wp-content\\\/uploads\\\/2020\\\/11\\\/Logo-PJ-New-1.png\",\"contentUrl\":\"https:\\\/\\\/static.purejewels.com\\\/wp-content\\\/uploads\\\/2020\\\/11\\\/Logo-PJ-New-1.png\",\"width\":150,\"height\":80,\"caption\":\"PureJewels UK\"},\"image\":{\"@id\":\"https:\\\/\\\/www.purejewels.com\\\/#\\\/schema\\\/logo\\\/image\\\/\"}}]}<\/script>\n<!-- \/ Yoast SEO plugin. -->","yoast_head_json":{"title":"22ct Gold Textured Armreifen | Handcrafted Pair | PureJewels","description":"Kaufen Sie dieses Paar strukturierter Armreifen aus 22 Karat Gold von PureJewels. Mit komplizierten linearen Details und einem sanft geformten Profil, handgefertigt und UK-gepunzt.","robots":{"index":"index","follow":"follow","max-snippet":"max-snippet:-1","max-image-preview":"max-image-preview:large","max-video-preview":"max-video-preview:-1"},"canonical":"https:\/\/www.purejewels.com\/de\/produkt-2\/jali-collection-22-kt-gold-kada-20-9gm\/","og_locale":"de_DE","og_type":"article","og_title":"22ct Gold Textured Bangles | Handcrafted Pair | PureJewels","og_description":"Shop this pair of 22ct gold textured bangles from PureJewels. Featuring intricate linear detailing and a softly sculpted profile, handcrafted and UK hallmarked.","og_url":"https:\/\/www.purejewels.com\/de\/produkt-2\/jali-collection-22-kt-gold-kada-20-9gm\/","og_site_name":"PureJewels UK","article_modified_time":"2026-01-23T10:41:57+00:00","og_image":[{"width":1000,"height":1000,"url":"https:\/\/static.purejewels.com\/wp-content\/uploads\/2020\/08\/image179605229.jpg","type":"image\/jpeg"}],"twitter_card":"summary_large_image","twitter_misc":{"Gesch\u00e4tzte Lesezeit":"1\u00a0Minute"},"schema":{"@context":"https:\/\/schema.org","@graph":[{"@type":["WebPage","ItemPage"],"@id":"https:\/\/www.purejewels.com\/product\/jali-collection-22ct-gold-kada-20-9gm\/","url":"https:\/\/www.purejewels.com\/product\/jali-collection-22ct-gold-kada-20-9gm\/","name":"22ct Gold Textured Armreifen | Handcrafted Pair | PureJewels","isPartOf":{"@id":"https:\/\/www.purejewels.com\/#website"},"primaryImageOfPage":{"@id":"https:\/\/www.purejewels.com\/product\/jali-collection-22ct-gold-kada-20-9gm\/#primaryimage"},"image":{"@id":"https:\/\/www.purejewels.com\/product\/jali-collection-22ct-gold-kada-20-9gm\/#primaryimage"},"thumbnailUrl":"https:\/\/static.purejewels.com\/wp-content\/uploads\/2020\/08\/image179605229.jpg","datePublished":"2020-08-04T11:12:24+00:00","dateModified":"2026-01-23T10:41:57+00:00","description":"Kaufen Sie dieses Paar strukturierter Armreifen aus 22 Karat Gold von PureJewels. Mit komplizierten linearen Details und einem sanft geformten Profil, handgefertigt und UK-gepunzt.","breadcrumb":{"@id":"https:\/\/www.purejewels.com\/product\/jali-collection-22ct-gold-kada-20-9gm\/#breadcrumb"},"inLanguage":"de","potentialAction":[{"@type":"ReadAction","target":["https:\/\/www.purejewels.com\/product\/jali-collection-22ct-gold-kada-20-9gm\/"]}]},{"@type":"ImageObject","inLanguage":"de","@id":"https:\/\/www.purejewels.com\/product\/jali-collection-22ct-gold-kada-20-9gm\/#primaryimage","url":"https:\/\/static.purejewels.com\/wp-content\/uploads\/2020\/08\/image179605229.jpg","contentUrl":"https:\/\/static.purejewels.com\/wp-content\/uploads\/2020\/08\/image179605229.jpg","width":1000,"height":1000,"caption":"Jali 22ct Medium Flat Filligree Kada JLKD599"},{"@type":"BreadcrumbList","@id":"https:\/\/www.purejewels.com\/product\/jali-collection-22ct-gold-kada-20-9gm\/#breadcrumb","itemListElement":[{"@type":"ListItem","position":1,"name":"Home","item":"https:\/\/www.purejewels.com\/"},{"@type":"ListItem","position":2,"name":"Shop","item":"https:\/\/www.purejewels.com\/shop\/"},{"@type":"ListItem","position":3,"name":"22ct Gold Textured Heritage Bangles (Pair)"}]},{"@type":"WebSite","@id":"https:\/\/www.purejewels.com\/#website","url":"https:\/\/www.purejewels.com\/","name":"PureJewels UK","description":"Teile die Liebe","publisher":{"@id":"https:\/\/www.purejewels.com\/#organization"},"potentialAction":[{"@type":"SearchAction","target":{"@type":"EntryPoint","urlTemplate":"https:\/\/www.purejewels.com\/?s={search_term_string}"},"query-input":{"@type":"PropertyValueSpecification","valueRequired":true,"valueName":"search_term_string"}}],"inLanguage":"de"},{"@type":"Organization","@id":"https:\/\/www.purejewels.com\/#organization","name":"PureJewels UK","url":"https:\/\/www.purejewels.com\/","logo":{"@type":"ImageObject","inLanguage":"de","@id":"https:\/\/www.purejewels.com\/#\/schema\/logo\/image\/","url":"https:\/\/static.purejewels.com\/wp-content\/uploads\/2020\/11\/Logo-PJ-New-1.png","contentUrl":"https:\/\/static.purejewels.com\/wp-content\/uploads\/2020\/11\/Logo-PJ-New-1.png","width":150,"height":80,"caption":"PureJewels UK"},"image":{"@id":"https:\/\/www.purejewels.com\/#\/schema\/logo\/image\/"}}]}},"_links":{"self":[{"href":"https:\/\/www.purejewels.com\/de\/wp-json\/wp\/v2\/product\/316407","targetHints":{"allow":["GET"]}}],"collection":[{"href":"https:\/\/www.purejewels.com\/de\/wp-json\/wp\/v2\/product"}],"about":[{"href":"https:\/\/www.purejewels.com\/de\/wp-json\/wp\/v2\/types\/product"}],"replies":[{"embeddable":true,"href":"https:\/\/www.purejewels.com\/de\/wp-json\/wp\/v2\/comments?post=316407"}],"version-history":[{"count":2,"href":"https:\/\/www.purejewels.com\/de\/wp-json\/wp\/v2\/product\/316407\/revisions"}],"predecessor-version":[{"id":425185,"href":"https:\/\/www.purejewels.com\/de\/wp-json\/wp\/v2\/product\/316407\/revisions\/425185"}],"wp:featuredmedia":[{"embeddable":true,"href":"https:\/\/www.purejewels.com\/de\/wp-json\/wp\/v2\/media\/316432"}],"wp:attachment":[{"href":"https:\/\/www.purejewels.com\/de\/wp-json\/wp\/v2\/media?parent=316407"}],"wp:term":[{"taxonomy":"product_brand","embeddable":true,"href":"https:\/\/www.purejewels.com\/de\/wp-json\/wp\/v2\/product_brand?post=316407"},{"taxonomy":"product_cat","embeddable":true,"href":"https:\/\/www.purejewels.com\/de\/wp-json\/wp\/v2\/product_cat?post=316407"},{"taxonomy":"product_tag","embeddable":true,"href":"https:\/\/www.purejewels.com\/de\/wp-json\/wp\/v2\/product_tag?post=316407"}],"curies":[{"name":"wp","href":"https:\/\/api.w.org\/{rel}","templated":true}]}}