{"id":316490,"date":"2020-08-07T10:21:30","date_gmt":"2020-08-07T09:21:30","guid":{"rendered":"https:\/\/www.purejewels.com\/product\/22ct-gold-earring-4-9-gm\/"},"modified":"2026-01-22T10:57:18","modified_gmt":"2026-01-22T10:57:18","slug":"22-karat-gold-ohrring-32593","status":"publish","type":"product","link":"https:\/\/www.purejewels.com\/de\/product\/22ct-gold-earring-32593\/","title":{"rendered":"22ct Gold verdrehte Tropfenohrringe mit wei\u00dfem CZ"},"content":{"rendered":"<p>Gestaltung<\/p>\n<p>Diese Tropfenohrringe haben eine skulpturale, gedrehte Form, die ein Gef\u00fchl von Bewegung und Rhythmus vermittelt. Reihen wei\u00dfer Zirkonia verlaufen in der Mitte, umrahmt von warmen Goldr\u00e4ndern, die die flie\u00dfende Form betonen. Das Design, das mit einem polierten goldenen Kugelbolzen abgeschlossen ist, schafft ein Gleichgewicht zwischen Weichheit und Struktur f\u00fcr ein elegantes vertikales Profil.<\/p>\n<p>Handwerkliches K\u00f6nnen<\/p>\n<p>Jeder Ohrring wird in Handarbeit aus reichem 22-kar\u00e4tigem Gold gefertigt und sorgf\u00e4ltig geformt, um die Symmetrie und den flie\u00dfenden Verlauf der Drehung zu erhalten. Pr\u00e4zise eingefasste wei\u00dfe Zirkonia sorgen f\u00fcr einen besonderen Blickfang und ein raffiniertes, dezentes Finish. Jedes St\u00fcck wird im Vereinigten K\u00f6nigreich mit einem Feingehaltsstempel versehen, um Qualit\u00e4t und Authentizit\u00e4t zu gew\u00e4hrleisten.<\/p>\n<p>Styling &amp; Geschenkartikel<\/p>\n<p>Diese Ohrringe, die das Dekollet\u00e9 verl\u00e4ngern, passen sowohl zu allt\u00e4glichen als auch zu besonderen Anl\u00e4ssen. Ihr sanftes Funkeln macht sie ideal f\u00fcr festliche Anl\u00e4sse, Abendveranstaltungen und aufmerksame Geschenke f\u00fcr Geburtstage, Jubil\u00e4en und Feiern. Ein vielseitiges Statement, das ohne \u00dcbertreibung elegant wirkt.<\/p>","protected":false},"excerpt":{"rendered":"<ul>\n<li>22 Karat Gold-Ohrring<\/li>\n<li>Mit Rhodium-Politur<\/li>\n<li>Wt. 4.9 gms<\/li>\n<li>SKU. 32593<\/li>\n<li>Alle Preise inklusive Mehrwertsteuer<\/li>\n<li>Gold gestempelt von London Assay Office<\/li>\n<li>22 Karat Gold Ohrring kommt mit Geschenkbox<\/li>\n<li>Lieferung inbegriffen<\/li>\n<li>Live-Chat mit uns f\u00fcr die Verf\u00fcgbarkeit und mehr Bilder von \u00e4hnlichen Designs derzeit auf Lager<\/li>\n<\/ul>","protected":false},"featured_media":314277,"comment_status":"closed","ping_status":"closed","template":"","meta":{"_eb_attr":"","_crsspst_to_jayantr4sg-hostcom":false},"product_brand":[],"product_cat":[1791,1559,1685,1254,1573,1574],"product_tag":[1430,66],"class_list":{"0":"post-316490","1":"product","2":"type-product","3":"status-publish","4":"has-post-thumbnail","6":"product_cat-anniversary-gifts","7":"product_cat-birthday-gifts","8":"product_cat-drop-earrings","9":"product_cat-gold-earrings","10":"product_cat-wedding-gifts","11":"product_cat-womens-jewellery","12":"product_tag-diwali-gift","13":"product_tag-earrings","15":"first","16":"outofstock","17":"taxable","18":"shipping-taxable","19":"product-type-simple","20":"add-to-wishlist-before_image"},"yoast_head":"<!-- This site is optimized with the Yoast SEO plugin v27.3 - https:\/\/yoast.com\/product\/yoast-seo-wordpress\/ -->\n<title>22ct Gold Twisted Drop Earrings with White CZ | PureJewels UK<\/title>\n<meta name=\"description\" content=\"Shop handcrafted 22ct gold twisted drop earrings set with white cubic zirconia, designed with fluid movement and elegant contrast.\" \/>\n<meta name=\"robots\" content=\"index, follow, max-snippet:-1, max-image-preview:large, max-video-preview:-1\" \/>\n<link rel=\"canonical\" href=\"https:\/\/www.purejewels.com\/de\/produkt-2\/22-karat-gold-ohrring-32593\/\" \/>\n<meta property=\"og:locale\" content=\"de_DE\" \/>\n<meta property=\"og:type\" content=\"article\" \/>\n<meta property=\"og:title\" content=\"22ct Gold Twisted Drop Earrings with White CZ | PureJewels UK\" \/>\n<meta property=\"og:description\" content=\"Shop handcrafted 22ct gold twisted drop earrings set with white cubic zirconia, designed with fluid movement and elegant contrast.\" \/>\n<meta property=\"og:url\" content=\"https:\/\/www.purejewels.com\/de\/produkt-2\/22-karat-gold-ohrring-32593\/\" \/>\n<meta property=\"og:site_name\" content=\"PureJewels UK\" \/>\n<meta property=\"article:modified_time\" content=\"2026-01-22T10:57:18+00:00\" \/>\n<meta property=\"og:image\" content=\"https:\/\/static.purejewels.com\/wp-content\/uploads\/2020\/05\/171228304.jpg\" \/>\n\t<meta property=\"og:image:width\" content=\"1000\" \/>\n\t<meta property=\"og:image:height\" content=\"1000\" \/>\n\t<meta property=\"og:image:type\" content=\"image\/jpeg\" \/>\n<meta name=\"twitter:card\" content=\"summary_large_image\" \/>\n<meta name=\"twitter:label1\" content=\"Gesch\u00e4tzte Lesezeit\" \/>\n\t<meta name=\"twitter:data1\" content=\"1\u00a0Minute\" \/>\n<script type=\"application\/ld+json\" class=\"yoast-schema-graph\">{\"@context\":\"https:\\\/\\\/schema.org\",\"@graph\":[{\"@type\":[\"WebPage\",\"ItemPage\"],\"@id\":\"https:\\\/\\\/www.purejewels.com\\\/product\\\/22ct-gold-earring-32593\\\/\",\"url\":\"https:\\\/\\\/www.purejewels.com\\\/product\\\/22ct-gold-earring-32593\\\/\",\"name\":\"22ct Gold Twisted Drop Earrings with White CZ | PureJewels UK\",\"isPartOf\":{\"@id\":\"https:\\\/\\\/www.purejewels.com\\\/#website\"},\"primaryImageOfPage\":{\"@id\":\"https:\\\/\\\/www.purejewels.com\\\/product\\\/22ct-gold-earring-32593\\\/#primaryimage\"},\"image\":{\"@id\":\"https:\\\/\\\/www.purejewels.com\\\/product\\\/22ct-gold-earring-32593\\\/#primaryimage\"},\"thumbnailUrl\":\"https:\\\/\\\/static.purejewels.com\\\/wp-content\\\/uploads\\\/2020\\\/05\\\/171228304.jpg\",\"datePublished\":\"2020-08-07T09:21:30+00:00\",\"dateModified\":\"2026-01-22T10:57:18+00:00\",\"description\":\"Shop handcrafted 22ct gold twisted drop earrings set with white cubic zirconia, designed with fluid movement and elegant contrast.\",\"breadcrumb\":{\"@id\":\"https:\\\/\\\/www.purejewels.com\\\/product\\\/22ct-gold-earring-32593\\\/#breadcrumb\"},\"inLanguage\":\"de\",\"potentialAction\":[{\"@type\":\"ReadAction\",\"target\":[\"https:\\\/\\\/www.purejewels.com\\\/product\\\/22ct-gold-earring-32593\\\/\"]}]},{\"@type\":\"ImageObject\",\"inLanguage\":\"de\",\"@id\":\"https:\\\/\\\/www.purejewels.com\\\/product\\\/22ct-gold-earring-32593\\\/#primaryimage\",\"url\":\"https:\\\/\\\/static.purejewels.com\\\/wp-content\\\/uploads\\\/2020\\\/05\\\/171228304.jpg\",\"contentUrl\":\"https:\\\/\\\/static.purejewels.com\\\/wp-content\\\/uploads\\\/2020\\\/05\\\/171228304.jpg\",\"width\":1000,\"height\":1000,\"caption\":\"32593\"},{\"@type\":\"BreadcrumbList\",\"@id\":\"https:\\\/\\\/www.purejewels.com\\\/product\\\/22ct-gold-earring-32593\\\/#breadcrumb\",\"itemListElement\":[{\"@type\":\"ListItem\",\"position\":1,\"name\":\"Home\",\"item\":\"https:\\\/\\\/www.purejewels.com\\\/\"},{\"@type\":\"ListItem\",\"position\":2,\"name\":\"Shop\",\"item\":\"https:\\\/\\\/www.purejewels.com\\\/shop\\\/\"},{\"@type\":\"ListItem\",\"position\":3,\"name\":\"22ct Gold Twisted Drop Earrings with White CZ\"}]},{\"@type\":\"WebSite\",\"@id\":\"https:\\\/\\\/www.purejewels.com\\\/#website\",\"url\":\"https:\\\/\\\/www.purejewels.com\\\/\",\"name\":\"PureJewels UK\",\"description\":\"Share the Love\",\"publisher\":{\"@id\":\"https:\\\/\\\/www.purejewels.com\\\/#organization\"},\"potentialAction\":[{\"@type\":\"SearchAction\",\"target\":{\"@type\":\"EntryPoint\",\"urlTemplate\":\"https:\\\/\\\/www.purejewels.com\\\/?s={search_term_string}\"},\"query-input\":{\"@type\":\"PropertyValueSpecification\",\"valueRequired\":true,\"valueName\":\"search_term_string\"}}],\"inLanguage\":\"de\"},{\"@type\":\"Organization\",\"@id\":\"https:\\\/\\\/www.purejewels.com\\\/#organization\",\"name\":\"PureJewels UK\",\"url\":\"https:\\\/\\\/www.purejewels.com\\\/\",\"logo\":{\"@type\":\"ImageObject\",\"inLanguage\":\"de\",\"@id\":\"https:\\\/\\\/www.purejewels.com\\\/#\\\/schema\\\/logo\\\/image\\\/\",\"url\":\"https:\\\/\\\/static.purejewels.com\\\/wp-content\\\/uploads\\\/2020\\\/11\\\/Logo-PJ-New-1.png\",\"contentUrl\":\"https:\\\/\\\/static.purejewels.com\\\/wp-content\\\/uploads\\\/2020\\\/11\\\/Logo-PJ-New-1.png\",\"width\":150,\"height\":80,\"caption\":\"PureJewels UK\"},\"image\":{\"@id\":\"https:\\\/\\\/www.purejewels.com\\\/#\\\/schema\\\/logo\\\/image\\\/\"}}]}<\/script>\n<!-- \/ Yoast SEO plugin. -->","yoast_head_json":{"title":"22ct Gold Twisted Drop Ohrringe mit wei\u00dfen CZ | PureJewels UK","description":"Shoppen Sie handgefertigte, gedrehte Ohrringe aus 22 Karat Gold mit wei\u00dfen Zirkonia, die mit flie\u00dfenden Bewegungen und eleganten Kontrasten gestaltet sind.","robots":{"index":"index","follow":"follow","max-snippet":"max-snippet:-1","max-image-preview":"max-image-preview:large","max-video-preview":"max-video-preview:-1"},"canonical":"https:\/\/www.purejewels.com\/de\/produkt-2\/22-karat-gold-ohrring-32593\/","og_locale":"de_DE","og_type":"article","og_title":"22ct Gold Twisted Drop Earrings with White CZ | PureJewels UK","og_description":"Shop handcrafted 22ct gold twisted drop earrings set with white cubic zirconia, designed with fluid movement and elegant contrast.","og_url":"https:\/\/www.purejewels.com\/de\/produkt-2\/22-karat-gold-ohrring-32593\/","og_site_name":"PureJewels UK","article_modified_time":"2026-01-22T10:57:18+00:00","og_image":[{"width":1000,"height":1000,"url":"https:\/\/static.purejewels.com\/wp-content\/uploads\/2020\/05\/171228304.jpg","type":"image\/jpeg"}],"twitter_card":"summary_large_image","twitter_misc":{"Gesch\u00e4tzte Lesezeit":"1\u00a0Minute"},"schema":{"@context":"https:\/\/schema.org","@graph":[{"@type":["WebPage","ItemPage"],"@id":"https:\/\/www.purejewels.com\/product\/22ct-gold-earring-32593\/","url":"https:\/\/www.purejewels.com\/product\/22ct-gold-earring-32593\/","name":"22ct Gold Twisted Drop Ohrringe mit wei\u00dfen CZ | PureJewels UK","isPartOf":{"@id":"https:\/\/www.purejewels.com\/#website"},"primaryImageOfPage":{"@id":"https:\/\/www.purejewels.com\/product\/22ct-gold-earring-32593\/#primaryimage"},"image":{"@id":"https:\/\/www.purejewels.com\/product\/22ct-gold-earring-32593\/#primaryimage"},"thumbnailUrl":"https:\/\/static.purejewels.com\/wp-content\/uploads\/2020\/05\/171228304.jpg","datePublished":"2020-08-07T09:21:30+00:00","dateModified":"2026-01-22T10:57:18+00:00","description":"Shoppen Sie handgefertigte, gedrehte Ohrringe aus 22 Karat Gold mit wei\u00dfen Zirkonia, die mit flie\u00dfenden Bewegungen und eleganten Kontrasten gestaltet sind.","breadcrumb":{"@id":"https:\/\/www.purejewels.com\/product\/22ct-gold-earring-32593\/#breadcrumb"},"inLanguage":"de","potentialAction":[{"@type":"ReadAction","target":["https:\/\/www.purejewels.com\/product\/22ct-gold-earring-32593\/"]}]},{"@type":"ImageObject","inLanguage":"de","@id":"https:\/\/www.purejewels.com\/product\/22ct-gold-earring-32593\/#primaryimage","url":"https:\/\/static.purejewels.com\/wp-content\/uploads\/2020\/05\/171228304.jpg","contentUrl":"https:\/\/static.purejewels.com\/wp-content\/uploads\/2020\/05\/171228304.jpg","width":1000,"height":1000,"caption":"32593"},{"@type":"BreadcrumbList","@id":"https:\/\/www.purejewels.com\/product\/22ct-gold-earring-32593\/#breadcrumb","itemListElement":[{"@type":"ListItem","position":1,"name":"Home","item":"https:\/\/www.purejewels.com\/"},{"@type":"ListItem","position":2,"name":"Shop","item":"https:\/\/www.purejewels.com\/shop\/"},{"@type":"ListItem","position":3,"name":"22ct Gold Twisted Drop Earrings with White CZ"}]},{"@type":"WebSite","@id":"https:\/\/www.purejewels.com\/#website","url":"https:\/\/www.purejewels.com\/","name":"PureJewels UK","description":"Teile die Liebe","publisher":{"@id":"https:\/\/www.purejewels.com\/#organization"},"potentialAction":[{"@type":"SearchAction","target":{"@type":"EntryPoint","urlTemplate":"https:\/\/www.purejewels.com\/?s={search_term_string}"},"query-input":{"@type":"PropertyValueSpecification","valueRequired":true,"valueName":"search_term_string"}}],"inLanguage":"de"},{"@type":"Organization","@id":"https:\/\/www.purejewels.com\/#organization","name":"PureJewels UK","url":"https:\/\/www.purejewels.com\/","logo":{"@type":"ImageObject","inLanguage":"de","@id":"https:\/\/www.purejewels.com\/#\/schema\/logo\/image\/","url":"https:\/\/static.purejewels.com\/wp-content\/uploads\/2020\/11\/Logo-PJ-New-1.png","contentUrl":"https:\/\/static.purejewels.com\/wp-content\/uploads\/2020\/11\/Logo-PJ-New-1.png","width":150,"height":80,"caption":"PureJewels UK"},"image":{"@id":"https:\/\/www.purejewels.com\/#\/schema\/logo\/image\/"}}]}},"_links":{"self":[{"href":"https:\/\/www.purejewels.com\/de\/wp-json\/wp\/v2\/product\/316490","targetHints":{"allow":["GET"]}}],"collection":[{"href":"https:\/\/www.purejewels.com\/de\/wp-json\/wp\/v2\/product"}],"about":[{"href":"https:\/\/www.purejewels.com\/de\/wp-json\/wp\/v2\/types\/product"}],"replies":[{"embeddable":true,"href":"https:\/\/www.purejewels.com\/de\/wp-json\/wp\/v2\/comments?post=316490"}],"version-history":[{"count":3,"href":"https:\/\/www.purejewels.com\/de\/wp-json\/wp\/v2\/product\/316490\/revisions"}],"predecessor-version":[{"id":425114,"href":"https:\/\/www.purejewels.com\/de\/wp-json\/wp\/v2\/product\/316490\/revisions\/425114"}],"wp:featuredmedia":[{"embeddable":true,"href":"https:\/\/www.purejewels.com\/de\/wp-json\/wp\/v2\/media\/314277"}],"wp:attachment":[{"href":"https:\/\/www.purejewels.com\/de\/wp-json\/wp\/v2\/media?parent=316490"}],"wp:term":[{"taxonomy":"product_brand","embeddable":true,"href":"https:\/\/www.purejewels.com\/de\/wp-json\/wp\/v2\/product_brand?post=316490"},{"taxonomy":"product_cat","embeddable":true,"href":"https:\/\/www.purejewels.com\/de\/wp-json\/wp\/v2\/product_cat?post=316490"},{"taxonomy":"product_tag","embeddable":true,"href":"https:\/\/www.purejewels.com\/de\/wp-json\/wp\/v2\/product_tag?post=316490"}],"curies":[{"name":"wp","href":"https:\/\/api.w.org\/{rel}","templated":true}]}}