{"id":316513,"date":"2020-08-07T13:19:40","date_gmt":"2020-08-07T12:19:40","guid":{"rendered":"https:\/\/www.purejewels.com\/product\/22ct-gold-earring-16gm\/"},"modified":"2026-01-06T06:53:35","modified_gmt":"2026-01-06T06:53:35","slug":"22-karat-gold-indische-ohrringe-32882","status":"publish","type":"product","link":"https:\/\/www.purejewels.com\/de\/product\/22-carat-gold-indian-earrings-32882\/","title":{"rendered":"22 Karat Gold Indische Ohrringe(916)"},"content":{"rendered":"<p>Diese atemberaubenden indischen Jumkha-Ohrringe aus 22 Karat Gold sind ein Muss f\u00fcr jede Schmucksammlung. Die Ohrringe sind aus feinstem Gold gefertigt, mit synthetischen Polki-Steinen besetzt und haben ein wundersch\u00f6nes antikes Finish. Mit einem Gewicht von 16 Gramm sind diese Ohrringe ein echter Hingucker, egal wo Sie hingehen.<\/p>\n<p>Alle unsere Produkte sind vom London Assay Office gepunzt, um ihre Echtheit und Qualit\u00e4t zu gew\u00e4hrleisten. Jedes Paar Ohrringe wird mit einer Pr\u00e4sentationsbox geliefert und ist somit das perfekte Geschenk f\u00fcr einen geliebten Menschen oder eine besondere Freude f\u00fcr Sie selbst.<\/p>\n<p>Bei PureJewels UK bieten wir eine kostenlose, verfolgbare Lieferung f\u00fcr alle Bestellungen und sichere Online-Zahlungen f\u00fcr Ihren Seelenfrieden. Lassen Sie sich diese exquisiten Ohrringe nicht entgehen - bestellen Sie jetzt und f\u00fcgen Sie Ihrer Garderobe einen Hauch von indischer Eleganz hinzu.<\/p>","protected":false},"excerpt":{"rendered":"<ul>\n<li>Indische Jumkha-Ohrringe aus 22 Karat Gold<\/li>\n<li>Besetzt mit synthetischen Polki-Steinen und antikem Finish<\/li>\n<li>Wt. 16 gms<\/li>\n<li>SKU. 32882<\/li>\n<li>Alle Preise inklusive Mehrwertsteuer<\/li>\n<li>Alle unsere Produkte sind vom London Assay Office gestempelt.<\/li>\n<li>Mit Pr\u00e4sentationsbox<\/li>\n<li>Lieferung inbegriffen<\/li>\n<li>Chatten Sie mit uns, um die gesamte neue Palette von Bridal Gold Halskette und Ohrring gesetzt UK in unserem Gesch\u00e4ft in Forest Gate, London, UK zu sehen<\/li>\n<\/ul>","protected":false},"featured_media":316534,"comment_status":"closed","ping_status":"closed","template":"","meta":{"_eb_attr":"","_crsspst_to_jayantr4sg-hostcom":false},"product_brand":[],"product_cat":[1791,256,1254,1578,1573,1574],"product_tag":[4122],"class_list":{"0":"post-316513","1":"product","2":"type-product","3":"status-publish","4":"has-post-thumbnail","6":"product_cat-anniversary-gifts","7":"product_cat-anusha-collections","8":"product_cat-gold-earrings","9":"product_cat-jhumkha-earrings","10":"product_cat-wedding-gifts","11":"product_cat-womens-jewellery","12":"product_tag-earrings-for-sale","14":"first","15":"outofstock","16":"sale","17":"taxable","18":"shipping-taxable","19":"product-type-simple","20":"add-to-wishlist-before_image"},"yoast_head":"<!-- This site is optimized with the Yoast SEO plugin v27.3 - https:\/\/yoast.com\/product\/yoast-seo-wordpress\/ -->\n<title>22 Carat Gold Indian Jumkha Earrings | PureJewels UK<\/title>\n<meta name=\"description\" content=\"Buy online 22 Carat Gold Indian Jumkha Earrings Studded with Synthetic Polki stones and Antique Finish. Order your 22 Carat Gold Indian Jumkha Earrings today.\" \/>\n<meta name=\"robots\" content=\"index, follow, max-snippet:-1, max-image-preview:large, max-video-preview:-1\" \/>\n<link rel=\"canonical\" href=\"https:\/\/www.purejewels.com\/de\/produkt-2\/22-karat-gold-indische-ohrringe-32882\/\" \/>\n<meta property=\"og:locale\" content=\"de_DE\" \/>\n<meta property=\"og:type\" content=\"article\" \/>\n<meta property=\"og:title\" content=\"22 Carat Gold Indian Jumkha Earrings | PureJewels UK\" \/>\n<meta property=\"og:description\" content=\"Buy online 22 Carat Gold Indian Jumkha Earrings Studded with Synthetic Polki stones and Antique Finish. Order your 22 Carat Gold Indian Jumkha Earrings today.\" \/>\n<meta property=\"og:url\" content=\"https:\/\/www.purejewels.com\/de\/produkt-2\/22-karat-gold-indische-ohrringe-32882\/\" \/>\n<meta property=\"og:site_name\" content=\"PureJewels UK\" \/>\n<meta property=\"article:modified_time\" content=\"2026-01-06T06:53:35+00:00\" \/>\n<meta property=\"og:image\" content=\"https:\/\/www.purejewels.com\/wp-content\/uploads\/2020\/08\/image180537048.jpg\" \/>\n\t<meta property=\"og:image:width\" content=\"1000\" \/>\n\t<meta property=\"og:image:height\" content=\"1000\" \/>\n\t<meta property=\"og:image:type\" content=\"image\/jpeg\" \/>\n<meta name=\"twitter:card\" content=\"summary_large_image\" \/>\n<meta name=\"twitter:label1\" content=\"Gesch\u00e4tzte Lesezeit\" \/>\n\t<meta name=\"twitter:data1\" content=\"1\u00a0Minute\" \/>\n<script type=\"application\/ld+json\" class=\"yoast-schema-graph\">{\"@context\":\"https:\\\/\\\/schema.org\",\"@graph\":[{\"@type\":[\"WebPage\",\"ItemPage\"],\"@id\":\"https:\\\/\\\/www.purejewels.com\\\/product\\\/22-carat-gold-indian-earrings-32882\\\/\",\"url\":\"https:\\\/\\\/www.purejewels.com\\\/product\\\/22-carat-gold-indian-earrings-32882\\\/\",\"name\":\"22 Carat Gold Indian Jumkha Earrings | PureJewels UK\",\"isPartOf\":{\"@id\":\"https:\\\/\\\/www.purejewels.com\\\/#website\"},\"primaryImageOfPage\":{\"@id\":\"https:\\\/\\\/www.purejewels.com\\\/product\\\/22-carat-gold-indian-earrings-32882\\\/#primaryimage\"},\"image\":{\"@id\":\"https:\\\/\\\/www.purejewels.com\\\/product\\\/22-carat-gold-indian-earrings-32882\\\/#primaryimage\"},\"thumbnailUrl\":\"https:\\\/\\\/static.purejewels.com\\\/wp-content\\\/uploads\\\/2020\\\/08\\\/image180537048.jpg\",\"datePublished\":\"2020-08-07T12:19:40+00:00\",\"dateModified\":\"2026-01-06T06:53:35+00:00\",\"description\":\"Buy online 22 Carat Gold Indian Jumkha Earrings Studded with Synthetic Polki stones and Antique Finish. Order your 22 Carat Gold Indian Jumkha Earrings today.\",\"breadcrumb\":{\"@id\":\"https:\\\/\\\/www.purejewels.com\\\/product\\\/22-carat-gold-indian-earrings-32882\\\/#breadcrumb\"},\"inLanguage\":\"de\",\"potentialAction\":[{\"@type\":\"ReadAction\",\"target\":[\"https:\\\/\\\/www.purejewels.com\\\/product\\\/22-carat-gold-indian-earrings-32882\\\/\"]}]},{\"@type\":\"ImageObject\",\"inLanguage\":\"de\",\"@id\":\"https:\\\/\\\/www.purejewels.com\\\/product\\\/22-carat-gold-indian-earrings-32882\\\/#primaryimage\",\"url\":\"https:\\\/\\\/static.purejewels.com\\\/wp-content\\\/uploads\\\/2020\\\/08\\\/image180537048.jpg\",\"contentUrl\":\"https:\\\/\\\/static.purejewels.com\\\/wp-content\\\/uploads\\\/2020\\\/08\\\/image180537048.jpg\",\"width\":1000,\"height\":1000,\"caption\":\"22ct Anusha Earring\\\/16gm\"},{\"@type\":\"BreadcrumbList\",\"@id\":\"https:\\\/\\\/www.purejewels.com\\\/product\\\/22-carat-gold-indian-earrings-32882\\\/#breadcrumb\",\"itemListElement\":[{\"@type\":\"ListItem\",\"position\":1,\"name\":\"Home\",\"item\":\"https:\\\/\\\/www.purejewels.com\\\/\"},{\"@type\":\"ListItem\",\"position\":2,\"name\":\"Shop\",\"item\":\"https:\\\/\\\/www.purejewels.com\\\/shop\\\/\"},{\"@type\":\"ListItem\",\"position\":3,\"name\":\"22 Carat Gold Indian Earrings(916)\"}]},{\"@type\":\"WebSite\",\"@id\":\"https:\\\/\\\/www.purejewels.com\\\/#website\",\"url\":\"https:\\\/\\\/www.purejewels.com\\\/\",\"name\":\"PureJewels UK\",\"description\":\"Share the Love\",\"publisher\":{\"@id\":\"https:\\\/\\\/www.purejewels.com\\\/#organization\"},\"potentialAction\":[{\"@type\":\"SearchAction\",\"target\":{\"@type\":\"EntryPoint\",\"urlTemplate\":\"https:\\\/\\\/www.purejewels.com\\\/?s={search_term_string}\"},\"query-input\":{\"@type\":\"PropertyValueSpecification\",\"valueRequired\":true,\"valueName\":\"search_term_string\"}}],\"inLanguage\":\"de\"},{\"@type\":\"Organization\",\"@id\":\"https:\\\/\\\/www.purejewels.com\\\/#organization\",\"name\":\"PureJewels UK\",\"url\":\"https:\\\/\\\/www.purejewels.com\\\/\",\"logo\":{\"@type\":\"ImageObject\",\"inLanguage\":\"de\",\"@id\":\"https:\\\/\\\/www.purejewels.com\\\/#\\\/schema\\\/logo\\\/image\\\/\",\"url\":\"https:\\\/\\\/static.purejewels.com\\\/wp-content\\\/uploads\\\/2020\\\/11\\\/Logo-PJ-New-1.png\",\"contentUrl\":\"https:\\\/\\\/static.purejewels.com\\\/wp-content\\\/uploads\\\/2020\\\/11\\\/Logo-PJ-New-1.png\",\"width\":150,\"height\":80,\"caption\":\"PureJewels UK\"},\"image\":{\"@id\":\"https:\\\/\\\/www.purejewels.com\\\/#\\\/schema\\\/logo\\\/image\\\/\"}}]}<\/script>\n<!-- \/ Yoast SEO plugin. -->","yoast_head_json":{"title":"22 Karat Gold indische Jumkha-Ohrringe | PureJewels UK","description":"Kaufen Sie online indische Jumkha-Ohrringe aus 22 Karat Gold, besetzt mit synthetischen Polki-Steinen und antikem Finish. Bestellen Sie Ihre indischen Jumkha-Ohrringe aus 22 Karat Gold noch heute.","robots":{"index":"index","follow":"follow","max-snippet":"max-snippet:-1","max-image-preview":"max-image-preview:large","max-video-preview":"max-video-preview:-1"},"canonical":"https:\/\/www.purejewels.com\/de\/produkt-2\/22-karat-gold-indische-ohrringe-32882\/","og_locale":"de_DE","og_type":"article","og_title":"22 Carat Gold Indian Jumkha Earrings | PureJewels UK","og_description":"Buy online 22 Carat Gold Indian Jumkha Earrings Studded with Synthetic Polki stones and Antique Finish. Order your 22 Carat Gold Indian Jumkha Earrings today.","og_url":"https:\/\/www.purejewels.com\/de\/produkt-2\/22-karat-gold-indische-ohrringe-32882\/","og_site_name":"PureJewels UK","article_modified_time":"2026-01-06T06:53:35+00:00","og_image":[{"width":1000,"height":1000,"url":"https:\/\/www.purejewels.com\/wp-content\/uploads\/2020\/08\/image180537048.jpg","type":"image\/jpeg"}],"twitter_card":"summary_large_image","twitter_misc":{"Gesch\u00e4tzte Lesezeit":"1\u00a0Minute"},"schema":{"@context":"https:\/\/schema.org","@graph":[{"@type":["WebPage","ItemPage"],"@id":"https:\/\/www.purejewels.com\/product\/22-carat-gold-indian-earrings-32882\/","url":"https:\/\/www.purejewels.com\/product\/22-carat-gold-indian-earrings-32882\/","name":"22 Karat Gold indische Jumkha-Ohrringe | PureJewels UK","isPartOf":{"@id":"https:\/\/www.purejewels.com\/#website"},"primaryImageOfPage":{"@id":"https:\/\/www.purejewels.com\/product\/22-carat-gold-indian-earrings-32882\/#primaryimage"},"image":{"@id":"https:\/\/www.purejewels.com\/product\/22-carat-gold-indian-earrings-32882\/#primaryimage"},"thumbnailUrl":"https:\/\/static.purejewels.com\/wp-content\/uploads\/2020\/08\/image180537048.jpg","datePublished":"2020-08-07T12:19:40+00:00","dateModified":"2026-01-06T06:53:35+00:00","description":"Kaufen Sie online indische Jumkha-Ohrringe aus 22 Karat Gold, besetzt mit synthetischen Polki-Steinen und antikem Finish. Bestellen Sie Ihre indischen Jumkha-Ohrringe aus 22 Karat Gold noch heute.","breadcrumb":{"@id":"https:\/\/www.purejewels.com\/product\/22-carat-gold-indian-earrings-32882\/#breadcrumb"},"inLanguage":"de","potentialAction":[{"@type":"ReadAction","target":["https:\/\/www.purejewels.com\/product\/22-carat-gold-indian-earrings-32882\/"]}]},{"@type":"ImageObject","inLanguage":"de","@id":"https:\/\/www.purejewels.com\/product\/22-carat-gold-indian-earrings-32882\/#primaryimage","url":"https:\/\/static.purejewels.com\/wp-content\/uploads\/2020\/08\/image180537048.jpg","contentUrl":"https:\/\/static.purejewels.com\/wp-content\/uploads\/2020\/08\/image180537048.jpg","width":1000,"height":1000,"caption":"22ct Anusha Earring\/16gm"},{"@type":"BreadcrumbList","@id":"https:\/\/www.purejewels.com\/product\/22-carat-gold-indian-earrings-32882\/#breadcrumb","itemListElement":[{"@type":"ListItem","position":1,"name":"Home","item":"https:\/\/www.purejewels.com\/"},{"@type":"ListItem","position":2,"name":"Shop","item":"https:\/\/www.purejewels.com\/shop\/"},{"@type":"ListItem","position":3,"name":"22 Carat Gold Indian Earrings(916)"}]},{"@type":"WebSite","@id":"https:\/\/www.purejewels.com\/#website","url":"https:\/\/www.purejewels.com\/","name":"PureJewels UK","description":"Teile die Liebe","publisher":{"@id":"https:\/\/www.purejewels.com\/#organization"},"potentialAction":[{"@type":"SearchAction","target":{"@type":"EntryPoint","urlTemplate":"https:\/\/www.purejewels.com\/?s={search_term_string}"},"query-input":{"@type":"PropertyValueSpecification","valueRequired":true,"valueName":"search_term_string"}}],"inLanguage":"de"},{"@type":"Organization","@id":"https:\/\/www.purejewels.com\/#organization","name":"PureJewels UK","url":"https:\/\/www.purejewels.com\/","logo":{"@type":"ImageObject","inLanguage":"de","@id":"https:\/\/www.purejewels.com\/#\/schema\/logo\/image\/","url":"https:\/\/static.purejewels.com\/wp-content\/uploads\/2020\/11\/Logo-PJ-New-1.png","contentUrl":"https:\/\/static.purejewels.com\/wp-content\/uploads\/2020\/11\/Logo-PJ-New-1.png","width":150,"height":80,"caption":"PureJewels UK"},"image":{"@id":"https:\/\/www.purejewels.com\/#\/schema\/logo\/image\/"}}]}},"_links":{"self":[{"href":"https:\/\/www.purejewels.com\/de\/wp-json\/wp\/v2\/product\/316513","targetHints":{"allow":["GET"]}}],"collection":[{"href":"https:\/\/www.purejewels.com\/de\/wp-json\/wp\/v2\/product"}],"about":[{"href":"https:\/\/www.purejewels.com\/de\/wp-json\/wp\/v2\/types\/product"}],"replies":[{"embeddable":true,"href":"https:\/\/www.purejewels.com\/de\/wp-json\/wp\/v2\/comments?post=316513"}],"version-history":[{"count":1,"href":"https:\/\/www.purejewels.com\/de\/wp-json\/wp\/v2\/product\/316513\/revisions"}],"predecessor-version":[{"id":420543,"href":"https:\/\/www.purejewels.com\/de\/wp-json\/wp\/v2\/product\/316513\/revisions\/420543"}],"wp:featuredmedia":[{"embeddable":true,"href":"https:\/\/www.purejewels.com\/de\/wp-json\/wp\/v2\/media\/316534"}],"wp:attachment":[{"href":"https:\/\/www.purejewels.com\/de\/wp-json\/wp\/v2\/media?parent=316513"}],"wp:term":[{"taxonomy":"product_brand","embeddable":true,"href":"https:\/\/www.purejewels.com\/de\/wp-json\/wp\/v2\/product_brand?post=316513"},{"taxonomy":"product_cat","embeddable":true,"href":"https:\/\/www.purejewels.com\/de\/wp-json\/wp\/v2\/product_cat?post=316513"},{"taxonomy":"product_tag","embeddable":true,"href":"https:\/\/www.purejewels.com\/de\/wp-json\/wp\/v2\/product_tag?post=316513"}],"curies":[{"name":"wp","href":"https:\/\/api.w.org\/{rel}","templated":true}]}}