{"id":316518,"date":"2020-08-07T14:13:42","date_gmt":"2020-08-07T13:13:42","guid":{"rendered":"https:\/\/www.purejewels.com\/product\/22ct-gold-earring-12-6gm\/"},"modified":"2026-01-06T06:58:57","modified_gmt":"2026-01-06T06:58:57","slug":"asiatische-gold-ohrringe-uk-32886","status":"publish","type":"product","link":"https:\/\/www.purejewels.com\/de\/product\/asian-gold-earrings-uk-32886\/","title":{"rendered":"Echtgold-Ohrringe UK"},"content":{"rendered":"<h3>Erbe<\/h3>\n<p>Ohr <strong>Stollen<\/strong> sind m\u00fchelos, gewagt und wundersch\u00f6n. Sie sind im Grunde kleinere Versionen von l\u00e4ngeren <a href=\"https:\/\/www.purejewels.com\/de\/product-category\/22ct-gold-jewellery\/gold-earrings\/\">Ohrringe<\/a> die unter die Ohrl\u00e4ppchen fallen. Sie sind so gestaltet, dass sie Ihre Ohrl\u00e4ppchen m\u00fchelos bedecken, ohne zu viel Aufsehen zu erregen. Ohrstecker haben heutzutage auch eine kleine zus\u00e4tzliche L\u00e4nge in Form eines Anh\u00e4ngers oder eines Steintropfens.<\/p>\n<h3>Gestaltung<\/h3>\n<p>Diese asiatischen <a href=\"https:\/\/www.purejewels.com\/de\/elegance-of-sold-gold\/\">Echtes Gold<\/a> <strong>Ohrringe<\/strong> sind abwechslungsreiche Versionen von kleinen Ohrsteckern. Sie sind elegant und setzen einen k\u00fchnen und doch subtilen Akzent. Das Design beginnt mit einem runden Element, das von vorne gew\u00f6lbt ist. Die Oberfl\u00e4che dieses Elements wurde auf der gesamten Fl\u00e4che sehr fein poliert und mit einem hochgl\u00e4nzenden Finish versehen und dar\u00fcber hinaus mit sch\u00f6nen, mit Polki verkrusteten Spannzangen bedeckt. Das Element wird von einem gerippten Golddraht gefolgt, der die majest\u00e4tische Kugel sch\u00f6n baumelnd h\u00e4lt. Diese feine Kugel, die am unteren Ende baumelt, ist mit elegant gl\u00e4nzenden, mit Polki verkrusteten Spannzangen verziert. Passend dazu haben wir eine wundersch\u00f6ne Hasli-Halskette, die Sie sich nicht entgehen lassen sollten, wenn Sie nach unten scrollen.<\/p>\n<h3>Stil<\/h3>\n<p>Wir haben einige der besten <a href=\"https:\/\/www.purejewels.com\/de\/armari-collection\/\">goldene Ohrringe<\/a> UK-Designs auf unserer Website, aus denen Sie ganz einfach ausw\u00e4hlen k\u00f6nnen. Dieses hinrei\u00dfende Paar sorgt f\u00fcr Gespr\u00e4chsstoff. Perfekt f\u00fcr alle Ihre schicke Ensembles, Seiden Sarees und alle Ihre Partei Ensembles. Live-Chat mit uns, um die gesamte neue Palette der asiatischen Gold-Ohrringe mit Polki-Steinen in unserem Gesch\u00e4ft in Forest Gate, London, UK<\/p>","protected":false},"excerpt":{"rendered":"<ul>\n<li>Asiatische Gold-Ohrringe UK<\/li>\n<li>Anusha-Ohrring mit synthetischen Polki-Steinen<\/li>\n<li>Wt. 12,6 g<\/li>\n<li>SKU. 32886<\/li>\n<li>Alle unsere Produkte sind vom London Assay Office gestempelt.<\/li>\n<li>Kommt mit Pr\u00e4sentation Box<\/li>\n<li>Lieferung inbegriffen<\/li>\n<li>Alle Preise inklusive Mehrwertsteuer<\/li>\n<li>Live-Chat mit uns, um die gesamte neue Palette der asiatischen Gold-Ohrringe mit Polki-Steinen in unserem Gesch\u00e4ft in Forest Gate, London, UK<\/li>\n<\/ul>","protected":false},"featured_media":316538,"comment_status":"closed","ping_status":"closed","template":"","meta":{"_eb_attr":"","_crsspst_to_jayantr4sg-hostcom":false},"product_brand":[],"product_cat":[256,5315,1685,1254,1573,1574],"product_tag":[],"class_list":{"0":"post-316518","1":"product","2":"type-product","3":"status-publish","4":"has-post-thumbnail","6":"product_cat-anusha-collections","7":"product_cat-bridal-and-wedding-earrings","8":"product_cat-drop-earrings","9":"product_cat-gold-earrings","10":"product_cat-wedding-gifts","11":"product_cat-womens-jewellery","13":"first","14":"outofstock","15":"sale","16":"taxable","17":"shipping-taxable","18":"product-type-simple","19":"add-to-wishlist-before_image"},"yoast_head":"<!-- This site is optimized with the Yoast SEO plugin v27.3 - https:\/\/yoast.com\/product\/yoast-seo-wordpress\/ -->\n<title>Buy Real Gold Earrings UK - \u00a3950.00 (SKU:32886)<\/title>\n<meta name=\"description\" content=\"Purejewels - Specialists in Diamond, Platinum, 22ct 22kt gold jewellery for all occasions. Real Gold Earrings UK \u00a3950.00\" \/>\n<meta name=\"robots\" content=\"index, follow, max-snippet:-1, max-image-preview:large, max-video-preview:-1\" \/>\n<link rel=\"canonical\" href=\"https:\/\/www.purejewels.com\/de\/produkt-2\/asiatische-gold-ohrringe-uk-32886\/\" \/>\n<meta property=\"og:locale\" content=\"de_DE\" \/>\n<meta property=\"og:type\" content=\"article\" \/>\n<meta property=\"og:title\" content=\"Buy Real Gold Earrings UK - \u00a3950.00 (SKU:32886)\" \/>\n<meta property=\"og:description\" content=\"Purejewels - Specialists in Diamond, Platinum, 22ct 22kt gold jewellery for all occasions. Real Gold Earrings UK \u00a3950.00\" \/>\n<meta property=\"og:url\" content=\"https:\/\/www.purejewels.com\/de\/produkt-2\/asiatische-gold-ohrringe-uk-32886\/\" \/>\n<meta property=\"og:site_name\" content=\"PureJewels UK\" \/>\n<meta property=\"article:modified_time\" content=\"2026-01-06T06:58:57+00:00\" \/>\n<meta property=\"og:image\" content=\"https:\/\/www.purejewels.com\/wp-content\/uploads\/2020\/08\/image180544082.jpg\" \/>\n\t<meta property=\"og:image:width\" content=\"1000\" \/>\n\t<meta property=\"og:image:height\" content=\"1000\" \/>\n\t<meta property=\"og:image:type\" content=\"image\/jpeg\" \/>\n<meta name=\"twitter:card\" content=\"summary_large_image\" \/>\n<meta name=\"twitter:label1\" content=\"Gesch\u00e4tzte Lesezeit\" \/>\n\t<meta name=\"twitter:data1\" content=\"1\u00a0Minute\" \/>\n<script type=\"application\/ld+json\" class=\"yoast-schema-graph\">{\"@context\":\"https:\\\/\\\/schema.org\",\"@graph\":[{\"@type\":[\"WebPage\",\"ItemPage\"],\"@id\":\"https:\\\/\\\/www.purejewels.com\\\/product\\\/asian-gold-earrings-uk-32886\\\/\",\"url\":\"https:\\\/\\\/www.purejewels.com\\\/product\\\/asian-gold-earrings-uk-32886\\\/\",\"name\":\"Buy Real Gold Earrings UK - \u00a3950.00 (SKU:32886)\",\"isPartOf\":{\"@id\":\"https:\\\/\\\/www.purejewels.com\\\/#website\"},\"primaryImageOfPage\":{\"@id\":\"https:\\\/\\\/www.purejewels.com\\\/product\\\/asian-gold-earrings-uk-32886\\\/#primaryimage\"},\"image\":{\"@id\":\"https:\\\/\\\/www.purejewels.com\\\/product\\\/asian-gold-earrings-uk-32886\\\/#primaryimage\"},\"thumbnailUrl\":\"https:\\\/\\\/static.purejewels.com\\\/wp-content\\\/uploads\\\/2020\\\/08\\\/image180544082.jpg\",\"datePublished\":\"2020-08-07T13:13:42+00:00\",\"dateModified\":\"2026-01-06T06:58:57+00:00\",\"description\":\"Purejewels - Specialists in Diamond, Platinum, 22ct 22kt gold jewellery for all occasions. Real Gold Earrings UK \u00a3950.00\",\"breadcrumb\":{\"@id\":\"https:\\\/\\\/www.purejewels.com\\\/product\\\/asian-gold-earrings-uk-32886\\\/#breadcrumb\"},\"inLanguage\":\"de\",\"potentialAction\":[{\"@type\":\"ReadAction\",\"target\":[\"https:\\\/\\\/www.purejewels.com\\\/product\\\/asian-gold-earrings-uk-32886\\\/\"]}]},{\"@type\":\"ImageObject\",\"inLanguage\":\"de\",\"@id\":\"https:\\\/\\\/www.purejewels.com\\\/product\\\/asian-gold-earrings-uk-32886\\\/#primaryimage\",\"url\":\"https:\\\/\\\/static.purejewels.com\\\/wp-content\\\/uploads\\\/2020\\\/08\\\/image180544082.jpg\",\"contentUrl\":\"https:\\\/\\\/static.purejewels.com\\\/wp-content\\\/uploads\\\/2020\\\/08\\\/image180544082.jpg\",\"width\":1000,\"height\":1000,\"caption\":\"22ct Anusha Earring\\\/12.6gm\"},{\"@type\":\"BreadcrumbList\",\"@id\":\"https:\\\/\\\/www.purejewels.com\\\/product\\\/asian-gold-earrings-uk-32886\\\/#breadcrumb\",\"itemListElement\":[{\"@type\":\"ListItem\",\"position\":1,\"name\":\"Home\",\"item\":\"https:\\\/\\\/www.purejewels.com\\\/\"},{\"@type\":\"ListItem\",\"position\":2,\"name\":\"Shop\",\"item\":\"https:\\\/\\\/www.purejewels.com\\\/shop\\\/\"},{\"@type\":\"ListItem\",\"position\":3,\"name\":\"Real Gold Earrings UK\"}]},{\"@type\":\"WebSite\",\"@id\":\"https:\\\/\\\/www.purejewels.com\\\/#website\",\"url\":\"https:\\\/\\\/www.purejewels.com\\\/\",\"name\":\"PureJewels UK\",\"description\":\"Share the Love\",\"publisher\":{\"@id\":\"https:\\\/\\\/www.purejewels.com\\\/#organization\"},\"potentialAction\":[{\"@type\":\"SearchAction\",\"target\":{\"@type\":\"EntryPoint\",\"urlTemplate\":\"https:\\\/\\\/www.purejewels.com\\\/?s={search_term_string}\"},\"query-input\":{\"@type\":\"PropertyValueSpecification\",\"valueRequired\":true,\"valueName\":\"search_term_string\"}}],\"inLanguage\":\"de\"},{\"@type\":\"Organization\",\"@id\":\"https:\\\/\\\/www.purejewels.com\\\/#organization\",\"name\":\"PureJewels UK\",\"url\":\"https:\\\/\\\/www.purejewels.com\\\/\",\"logo\":{\"@type\":\"ImageObject\",\"inLanguage\":\"de\",\"@id\":\"https:\\\/\\\/www.purejewels.com\\\/#\\\/schema\\\/logo\\\/image\\\/\",\"url\":\"https:\\\/\\\/static.purejewels.com\\\/wp-content\\\/uploads\\\/2020\\\/11\\\/Logo-PJ-New-1.png\",\"contentUrl\":\"https:\\\/\\\/static.purejewels.com\\\/wp-content\\\/uploads\\\/2020\\\/11\\\/Logo-PJ-New-1.png\",\"width\":150,\"height\":80,\"caption\":\"PureJewels UK\"},\"image\":{\"@id\":\"https:\\\/\\\/www.purejewels.com\\\/#\\\/schema\\\/logo\\\/image\\\/\"}}]}<\/script>\n<!-- \/ Yoast SEO plugin. -->","yoast_head_json":{"title":"Echtgold-Ohrringe UK kaufen - \u00a3950.00 (SKU:32886)","description":"Purejewels - Spezialist f\u00fcr Diamant-, Platin-, 22ct 22kt Goldschmuck f\u00fcr alle Gelegenheiten. Echtgold-Ohrringe UK \u00a3950.00","robots":{"index":"index","follow":"follow","max-snippet":"max-snippet:-1","max-image-preview":"max-image-preview:large","max-video-preview":"max-video-preview:-1"},"canonical":"https:\/\/www.purejewels.com\/de\/produkt-2\/asiatische-gold-ohrringe-uk-32886\/","og_locale":"de_DE","og_type":"article","og_title":"Buy Real Gold Earrings UK - \u00a3950.00 (SKU:32886)","og_description":"Purejewels - Specialists in Diamond, Platinum, 22ct 22kt gold jewellery for all occasions. Real Gold Earrings UK \u00a3950.00","og_url":"https:\/\/www.purejewels.com\/de\/produkt-2\/asiatische-gold-ohrringe-uk-32886\/","og_site_name":"PureJewels UK","article_modified_time":"2026-01-06T06:58:57+00:00","og_image":[{"width":1000,"height":1000,"url":"https:\/\/www.purejewels.com\/wp-content\/uploads\/2020\/08\/image180544082.jpg","type":"image\/jpeg"}],"twitter_card":"summary_large_image","twitter_misc":{"Gesch\u00e4tzte Lesezeit":"1\u00a0Minute"},"schema":{"@context":"https:\/\/schema.org","@graph":[{"@type":["WebPage","ItemPage"],"@id":"https:\/\/www.purejewels.com\/product\/asian-gold-earrings-uk-32886\/","url":"https:\/\/www.purejewels.com\/product\/asian-gold-earrings-uk-32886\/","name":"Echtgold-Ohrringe UK kaufen - \u00a3950.00 (SKU:32886)","isPartOf":{"@id":"https:\/\/www.purejewels.com\/#website"},"primaryImageOfPage":{"@id":"https:\/\/www.purejewels.com\/product\/asian-gold-earrings-uk-32886\/#primaryimage"},"image":{"@id":"https:\/\/www.purejewels.com\/product\/asian-gold-earrings-uk-32886\/#primaryimage"},"thumbnailUrl":"https:\/\/static.purejewels.com\/wp-content\/uploads\/2020\/08\/image180544082.jpg","datePublished":"2020-08-07T13:13:42+00:00","dateModified":"2026-01-06T06:58:57+00:00","description":"Purejewels - Spezialist f\u00fcr Diamant-, Platin-, 22ct 22kt Goldschmuck f\u00fcr alle Gelegenheiten. Echtgold-Ohrringe UK \u00a3950.00","breadcrumb":{"@id":"https:\/\/www.purejewels.com\/product\/asian-gold-earrings-uk-32886\/#breadcrumb"},"inLanguage":"de","potentialAction":[{"@type":"ReadAction","target":["https:\/\/www.purejewels.com\/product\/asian-gold-earrings-uk-32886\/"]}]},{"@type":"ImageObject","inLanguage":"de","@id":"https:\/\/www.purejewels.com\/product\/asian-gold-earrings-uk-32886\/#primaryimage","url":"https:\/\/static.purejewels.com\/wp-content\/uploads\/2020\/08\/image180544082.jpg","contentUrl":"https:\/\/static.purejewels.com\/wp-content\/uploads\/2020\/08\/image180544082.jpg","width":1000,"height":1000,"caption":"22ct Anusha Earring\/12.6gm"},{"@type":"BreadcrumbList","@id":"https:\/\/www.purejewels.com\/product\/asian-gold-earrings-uk-32886\/#breadcrumb","itemListElement":[{"@type":"ListItem","position":1,"name":"Home","item":"https:\/\/www.purejewels.com\/"},{"@type":"ListItem","position":2,"name":"Shop","item":"https:\/\/www.purejewels.com\/shop\/"},{"@type":"ListItem","position":3,"name":"Real Gold Earrings UK"}]},{"@type":"WebSite","@id":"https:\/\/www.purejewels.com\/#website","url":"https:\/\/www.purejewels.com\/","name":"PureJewels UK","description":"Teile die Liebe","publisher":{"@id":"https:\/\/www.purejewels.com\/#organization"},"potentialAction":[{"@type":"SearchAction","target":{"@type":"EntryPoint","urlTemplate":"https:\/\/www.purejewels.com\/?s={search_term_string}"},"query-input":{"@type":"PropertyValueSpecification","valueRequired":true,"valueName":"search_term_string"}}],"inLanguage":"de"},{"@type":"Organization","@id":"https:\/\/www.purejewels.com\/#organization","name":"PureJewels UK","url":"https:\/\/www.purejewels.com\/","logo":{"@type":"ImageObject","inLanguage":"de","@id":"https:\/\/www.purejewels.com\/#\/schema\/logo\/image\/","url":"https:\/\/static.purejewels.com\/wp-content\/uploads\/2020\/11\/Logo-PJ-New-1.png","contentUrl":"https:\/\/static.purejewels.com\/wp-content\/uploads\/2020\/11\/Logo-PJ-New-1.png","width":150,"height":80,"caption":"PureJewels UK"},"image":{"@id":"https:\/\/www.purejewels.com\/#\/schema\/logo\/image\/"}}]}},"_links":{"self":[{"href":"https:\/\/www.purejewels.com\/de\/wp-json\/wp\/v2\/product\/316518","targetHints":{"allow":["GET"]}}],"collection":[{"href":"https:\/\/www.purejewels.com\/de\/wp-json\/wp\/v2\/product"}],"about":[{"href":"https:\/\/www.purejewels.com\/de\/wp-json\/wp\/v2\/types\/product"}],"replies":[{"embeddable":true,"href":"https:\/\/www.purejewels.com\/de\/wp-json\/wp\/v2\/comments?post=316518"}],"version-history":[{"count":0,"href":"https:\/\/www.purejewels.com\/de\/wp-json\/wp\/v2\/product\/316518\/revisions"}],"wp:featuredmedia":[{"embeddable":true,"href":"https:\/\/www.purejewels.com\/de\/wp-json\/wp\/v2\/media\/316538"}],"wp:attachment":[{"href":"https:\/\/www.purejewels.com\/de\/wp-json\/wp\/v2\/media?parent=316518"}],"wp:term":[{"taxonomy":"product_brand","embeddable":true,"href":"https:\/\/www.purejewels.com\/de\/wp-json\/wp\/v2\/product_brand?post=316518"},{"taxonomy":"product_cat","embeddable":true,"href":"https:\/\/www.purejewels.com\/de\/wp-json\/wp\/v2\/product_cat?post=316518"},{"taxonomy":"product_tag","embeddable":true,"href":"https:\/\/www.purejewels.com\/de\/wp-json\/wp\/v2\/product_tag?post=316518"}],"curies":[{"name":"wp","href":"https:\/\/api.w.org\/{rel}","templated":true}]}}