{"id":316637,"date":"2020-08-13T12:30:35","date_gmt":"2020-08-13T11:30:35","guid":{"rendered":"https:\/\/www.purejewels.com\/product\/22ct-gold-baby-bracelet-ygbt039\/"},"modified":"2026-01-06T09:51:21","modified_gmt":"2026-01-06T09:51:21","slug":"22ct-gold-baby-armband-33041","status":"publish","type":"product","link":"https:\/\/www.purejewels.com\/de\/product\/22ct-gold-baby-bracelet-33041\/","title":{"rendered":"22 Karat Gold Babyarmband mit schwarzen Perlen"},"content":{"rendered":"<p>Dieses wundersch\u00f6n gearbeitete Babyarmband aus 22 Karat Gold verbindet zeitlose Tradition mit sanftem Design und ist damit ein ideales Schmuckst\u00fcck f\u00fcr S\u00e4uglinge und Kleinkinder. Auf dem Armband wechseln sich polierte Goldelemente und klassische schwarze Perlen ab, die Schutz und kulturelles Erbe symbolisieren.<\/p>\n<p>Die leichte Struktur und der sichere Verschluss sorgen f\u00fcr einen bequemen Sitz an zarten Handgelenken und geben den Eltern ein beruhigendes Gef\u00fchl. Die glatte Oberfl\u00e4che und die abgerundeten Details machen sie sowohl f\u00fcr den Alltag als auch f\u00fcr besondere Anl\u00e4sse geeignet.<\/p>\n<p>Als bedeutungsvolles Andenken eignet sich dieses Babyarmband perfekt als Geschenk f\u00fcr Namensgebungszeremonien, Geburtstage oder religi\u00f6se Meilensteine und bietet sowohl Eleganz als auch sentimentalen Wert in reinem 22-kar\u00e4tigem Gold.<\/p>","protected":false},"excerpt":{"rendered":"<p>Ein zartes Babyarmband aus 22-kar\u00e4tigem Gold, verziert mit traditionellen schwarzen Perlen, das f\u00fcr Komfort, Sicherheit und das t\u00e4gliche Tragen gefertigt wurde.<\/p>\n<ul>\n<li>22ct Gold Mania Schmuck Armband f\u00fcr neugeborenes Baby.<\/li>\n<li>Geeignet f\u00fcr Kinder, Kinder, Kind, Kleinkind, Neugeborene.<\/li>\n<li>22 Karat Goldschmuck mit Punzierung f\u00fcr Kinder.<\/li>\n<li>Ungef\u00e4hre L\u00e4nge: 5,5 Zoll oder 14 cm.<\/li>\n<li>Gewicht : 2,5 g<\/li>\n<li>SKU. 33041<\/li>\n<li>Alle Preise inklusive Mehrwertsteuer<\/li>\n<li>22ct Gold gestempelt von London Assay Office<\/li>\n<li>Mit Pr\u00e4sentationsbox<\/li>\n<li>Lieferung inbegriffen<\/li>\n<li>Live-Chat mit uns f\u00fcr die Verf\u00fcgbarkeit und mehr Bilder von \u00e4hnlichen Designs derzeit auf Lager<\/li>\n<\/ul>","protected":false},"featured_media":316639,"comment_status":"closed","ping_status":"closed","template":"","meta":{"_eb_attr":"","_crsspst_to_jayantr4sg-hostcom":true},"product_brand":[],"product_cat":[1576,1324,1436],"product_tag":[1546],"class_list":{"0":"post-316637","1":"product","2":"type-product","3":"status-publish","4":"has-post-thumbnail","6":"product_cat-childrens-jewellery","7":"product_cat-gold-bracelet","8":"product_cat-kids-bracelet-kada","9":"product_tag-children","11":"first","12":"outofstock","13":"taxable","14":"shipping-taxable","15":"product-type-simple","16":"add-to-wishlist-before_image"},"yoast_head":"<!-- This site is optimized with the Yoast SEO plugin v27.3 - https:\/\/yoast.com\/product\/yoast-seo-wordpress\/ -->\n<title>22ct Baby Bracelet with Black Beads | Traditional Infant Jewellery<\/title>\n<meta name=\"description\" content=\"Shop a charming 22ct gold baby bracelet featuring classic black beads and secure clasp. A timeless gift for newborns and special milestones.\" \/>\n<meta name=\"robots\" content=\"index, follow, max-snippet:-1, max-image-preview:large, max-video-preview:-1\" \/>\n<link rel=\"canonical\" href=\"https:\/\/www.purejewels.com\/de\/produkt-2\/22ct-gold-baby-armband-33041\/\" \/>\n<meta property=\"og:locale\" content=\"de_DE\" \/>\n<meta property=\"og:type\" content=\"article\" \/>\n<meta property=\"og:title\" content=\"22ct Baby Bracelet with Black Beads | Traditional Infant Jewellery\" \/>\n<meta property=\"og:description\" content=\"Shop a charming 22ct gold baby bracelet featuring classic black beads and secure clasp. A timeless gift for newborns and special milestones.\" \/>\n<meta property=\"og:url\" content=\"https:\/\/www.purejewels.com\/de\/produkt-2\/22ct-gold-baby-armband-33041\/\" \/>\n<meta property=\"og:site_name\" content=\"PureJewels UK\" \/>\n<meta property=\"article:modified_time\" content=\"2026-01-06T09:51:21+00:00\" \/>\n<meta property=\"og:image\" content=\"https:\/\/static.purejewels.com\/wp-content\/uploads\/2020\/08\/image181029903.jpg\" \/>\n\t<meta property=\"og:image:width\" content=\"1000\" \/>\n\t<meta property=\"og:image:height\" content=\"1000\" \/>\n\t<meta property=\"og:image:type\" content=\"image\/jpeg\" \/>\n<meta name=\"twitter:card\" content=\"summary_large_image\" \/>\n<meta name=\"twitter:label1\" content=\"Gesch\u00e4tzte Lesezeit\" \/>\n\t<meta name=\"twitter:data1\" content=\"1\u00a0Minute\" \/>\n<script type=\"application\/ld+json\" class=\"yoast-schema-graph\">{\"@context\":\"https:\\\/\\\/schema.org\",\"@graph\":[{\"@type\":[\"WebPage\",\"ItemPage\"],\"@id\":\"https:\\\/\\\/www.purejewels.com\\\/product\\\/22ct-gold-baby-bracelet-33041\\\/\",\"url\":\"https:\\\/\\\/www.purejewels.com\\\/product\\\/22ct-gold-baby-bracelet-33041\\\/\",\"name\":\"22ct Baby Bracelet with Black Beads | Traditional Infant Jewellery\",\"isPartOf\":{\"@id\":\"https:\\\/\\\/www.purejewels.com\\\/#website\"},\"primaryImageOfPage\":{\"@id\":\"https:\\\/\\\/www.purejewels.com\\\/product\\\/22ct-gold-baby-bracelet-33041\\\/#primaryimage\"},\"image\":{\"@id\":\"https:\\\/\\\/www.purejewels.com\\\/product\\\/22ct-gold-baby-bracelet-33041\\\/#primaryimage\"},\"thumbnailUrl\":\"https:\\\/\\\/static.purejewels.com\\\/wp-content\\\/uploads\\\/2020\\\/08\\\/image181029903.jpg\",\"datePublished\":\"2020-08-13T11:30:35+00:00\",\"dateModified\":\"2026-01-06T09:51:21+00:00\",\"description\":\"Shop a charming 22ct gold baby bracelet featuring classic black beads and secure clasp. A timeless gift for newborns and special milestones.\",\"breadcrumb\":{\"@id\":\"https:\\\/\\\/www.purejewels.com\\\/product\\\/22ct-gold-baby-bracelet-33041\\\/#breadcrumb\"},\"inLanguage\":\"de\",\"potentialAction\":[{\"@type\":\"ReadAction\",\"target\":[\"https:\\\/\\\/www.purejewels.com\\\/product\\\/22ct-gold-baby-bracelet-33041\\\/\"]}]},{\"@type\":\"ImageObject\",\"inLanguage\":\"de\",\"@id\":\"https:\\\/\\\/www.purejewels.com\\\/product\\\/22ct-gold-baby-bracelet-33041\\\/#primaryimage\",\"url\":\"https:\\\/\\\/static.purejewels.com\\\/wp-content\\\/uploads\\\/2020\\\/08\\\/image181029903.jpg\",\"contentUrl\":\"https:\\\/\\\/static.purejewels.com\\\/wp-content\\\/uploads\\\/2020\\\/08\\\/image181029903.jpg\",\"width\":1000,\"height\":1000,\"caption\":\"22ct Gold Baby Bracelet YGBT039\"},{\"@type\":\"BreadcrumbList\",\"@id\":\"https:\\\/\\\/www.purejewels.com\\\/product\\\/22ct-gold-baby-bracelet-33041\\\/#breadcrumb\",\"itemListElement\":[{\"@type\":\"ListItem\",\"position\":1,\"name\":\"Home\",\"item\":\"https:\\\/\\\/www.purejewels.com\\\/\"},{\"@type\":\"ListItem\",\"position\":2,\"name\":\"Shop\",\"item\":\"https:\\\/\\\/www.purejewels.com\\\/shop\\\/\"},{\"@type\":\"ListItem\",\"position\":3,\"name\":\"22ct Gold Baby Bracelet with Black Beads\"}]},{\"@type\":\"WebSite\",\"@id\":\"https:\\\/\\\/www.purejewels.com\\\/#website\",\"url\":\"https:\\\/\\\/www.purejewels.com\\\/\",\"name\":\"PureJewels UK\",\"description\":\"Share the Love\",\"publisher\":{\"@id\":\"https:\\\/\\\/www.purejewels.com\\\/#organization\"},\"potentialAction\":[{\"@type\":\"SearchAction\",\"target\":{\"@type\":\"EntryPoint\",\"urlTemplate\":\"https:\\\/\\\/www.purejewels.com\\\/?s={search_term_string}\"},\"query-input\":{\"@type\":\"PropertyValueSpecification\",\"valueRequired\":true,\"valueName\":\"search_term_string\"}}],\"inLanguage\":\"de\"},{\"@type\":\"Organization\",\"@id\":\"https:\\\/\\\/www.purejewels.com\\\/#organization\",\"name\":\"PureJewels UK\",\"url\":\"https:\\\/\\\/www.purejewels.com\\\/\",\"logo\":{\"@type\":\"ImageObject\",\"inLanguage\":\"de\",\"@id\":\"https:\\\/\\\/www.purejewels.com\\\/#\\\/schema\\\/logo\\\/image\\\/\",\"url\":\"https:\\\/\\\/static.purejewels.com\\\/wp-content\\\/uploads\\\/2020\\\/11\\\/Logo-PJ-New-1.png\",\"contentUrl\":\"https:\\\/\\\/static.purejewels.com\\\/wp-content\\\/uploads\\\/2020\\\/11\\\/Logo-PJ-New-1.png\",\"width\":150,\"height\":80,\"caption\":\"PureJewels UK\"},\"image\":{\"@id\":\"https:\\\/\\\/www.purejewels.com\\\/#\\\/schema\\\/logo\\\/image\\\/\"}}]}<\/script>\n<!-- \/ Yoast SEO plugin. -->","yoast_head_json":{"title":"22 Karat Babyarmband mit schwarzen Perlen | Traditioneller Babyschmuck","description":"Kaufen Sie ein bezauberndes Babyarmband aus 22 Karat Gold mit klassischen schwarzen Perlen und sicherem Verschluss. Ein zeitloses Geschenk f\u00fcr Neugeborene und besondere Meilensteine.","robots":{"index":"index","follow":"follow","max-snippet":"max-snippet:-1","max-image-preview":"max-image-preview:large","max-video-preview":"max-video-preview:-1"},"canonical":"https:\/\/www.purejewels.com\/de\/produkt-2\/22ct-gold-baby-armband-33041\/","og_locale":"de_DE","og_type":"article","og_title":"22ct Baby Bracelet with Black Beads | Traditional Infant Jewellery","og_description":"Shop a charming 22ct gold baby bracelet featuring classic black beads and secure clasp. A timeless gift for newborns and special milestones.","og_url":"https:\/\/www.purejewels.com\/de\/produkt-2\/22ct-gold-baby-armband-33041\/","og_site_name":"PureJewels UK","article_modified_time":"2026-01-06T09:51:21+00:00","og_image":[{"width":1000,"height":1000,"url":"https:\/\/static.purejewels.com\/wp-content\/uploads\/2020\/08\/image181029903.jpg","type":"image\/jpeg"}],"twitter_card":"summary_large_image","twitter_misc":{"Gesch\u00e4tzte Lesezeit":"1\u00a0Minute"},"schema":{"@context":"https:\/\/schema.org","@graph":[{"@type":["WebPage","ItemPage"],"@id":"https:\/\/www.purejewels.com\/product\/22ct-gold-baby-bracelet-33041\/","url":"https:\/\/www.purejewels.com\/product\/22ct-gold-baby-bracelet-33041\/","name":"22 Karat Babyarmband mit schwarzen Perlen | Traditioneller Babyschmuck","isPartOf":{"@id":"https:\/\/www.purejewels.com\/#website"},"primaryImageOfPage":{"@id":"https:\/\/www.purejewels.com\/product\/22ct-gold-baby-bracelet-33041\/#primaryimage"},"image":{"@id":"https:\/\/www.purejewels.com\/product\/22ct-gold-baby-bracelet-33041\/#primaryimage"},"thumbnailUrl":"https:\/\/static.purejewels.com\/wp-content\/uploads\/2020\/08\/image181029903.jpg","datePublished":"2020-08-13T11:30:35+00:00","dateModified":"2026-01-06T09:51:21+00:00","description":"Kaufen Sie ein bezauberndes Babyarmband aus 22 Karat Gold mit klassischen schwarzen Perlen und sicherem Verschluss. Ein zeitloses Geschenk f\u00fcr Neugeborene und besondere Meilensteine.","breadcrumb":{"@id":"https:\/\/www.purejewels.com\/product\/22ct-gold-baby-bracelet-33041\/#breadcrumb"},"inLanguage":"de","potentialAction":[{"@type":"ReadAction","target":["https:\/\/www.purejewels.com\/product\/22ct-gold-baby-bracelet-33041\/"]}]},{"@type":"ImageObject","inLanguage":"de","@id":"https:\/\/www.purejewels.com\/product\/22ct-gold-baby-bracelet-33041\/#primaryimage","url":"https:\/\/static.purejewels.com\/wp-content\/uploads\/2020\/08\/image181029903.jpg","contentUrl":"https:\/\/static.purejewels.com\/wp-content\/uploads\/2020\/08\/image181029903.jpg","width":1000,"height":1000,"caption":"22ct Gold Baby Bracelet YGBT039"},{"@type":"BreadcrumbList","@id":"https:\/\/www.purejewels.com\/product\/22ct-gold-baby-bracelet-33041\/#breadcrumb","itemListElement":[{"@type":"ListItem","position":1,"name":"Home","item":"https:\/\/www.purejewels.com\/"},{"@type":"ListItem","position":2,"name":"Shop","item":"https:\/\/www.purejewels.com\/shop\/"},{"@type":"ListItem","position":3,"name":"22ct Gold Baby Bracelet with Black Beads"}]},{"@type":"WebSite","@id":"https:\/\/www.purejewels.com\/#website","url":"https:\/\/www.purejewels.com\/","name":"PureJewels UK","description":"Teile die Liebe","publisher":{"@id":"https:\/\/www.purejewels.com\/#organization"},"potentialAction":[{"@type":"SearchAction","target":{"@type":"EntryPoint","urlTemplate":"https:\/\/www.purejewels.com\/?s={search_term_string}"},"query-input":{"@type":"PropertyValueSpecification","valueRequired":true,"valueName":"search_term_string"}}],"inLanguage":"de"},{"@type":"Organization","@id":"https:\/\/www.purejewels.com\/#organization","name":"PureJewels UK","url":"https:\/\/www.purejewels.com\/","logo":{"@type":"ImageObject","inLanguage":"de","@id":"https:\/\/www.purejewels.com\/#\/schema\/logo\/image\/","url":"https:\/\/static.purejewels.com\/wp-content\/uploads\/2020\/11\/Logo-PJ-New-1.png","contentUrl":"https:\/\/static.purejewels.com\/wp-content\/uploads\/2020\/11\/Logo-PJ-New-1.png","width":150,"height":80,"caption":"PureJewels UK"},"image":{"@id":"https:\/\/www.purejewels.com\/#\/schema\/logo\/image\/"}}]}},"_links":{"self":[{"href":"https:\/\/www.purejewels.com\/de\/wp-json\/wp\/v2\/product\/316637","targetHints":{"allow":["GET"]}}],"collection":[{"href":"https:\/\/www.purejewels.com\/de\/wp-json\/wp\/v2\/product"}],"about":[{"href":"https:\/\/www.purejewels.com\/de\/wp-json\/wp\/v2\/types\/product"}],"replies":[{"embeddable":true,"href":"https:\/\/www.purejewels.com\/de\/wp-json\/wp\/v2\/comments?post=316637"}],"version-history":[{"count":3,"href":"https:\/\/www.purejewels.com\/de\/wp-json\/wp\/v2\/product\/316637\/revisions"}],"predecessor-version":[{"id":424207,"href":"https:\/\/www.purejewels.com\/de\/wp-json\/wp\/v2\/product\/316637\/revisions\/424207"}],"wp:featuredmedia":[{"embeddable":true,"href":"https:\/\/www.purejewels.com\/de\/wp-json\/wp\/v2\/media\/316639"}],"wp:attachment":[{"href":"https:\/\/www.purejewels.com\/de\/wp-json\/wp\/v2\/media?parent=316637"}],"wp:term":[{"taxonomy":"product_brand","embeddable":true,"href":"https:\/\/www.purejewels.com\/de\/wp-json\/wp\/v2\/product_brand?post=316637"},{"taxonomy":"product_cat","embeddable":true,"href":"https:\/\/www.purejewels.com\/de\/wp-json\/wp\/v2\/product_cat?post=316637"},{"taxonomy":"product_tag","embeddable":true,"href":"https:\/\/www.purejewels.com\/de\/wp-json\/wp\/v2\/product_tag?post=316637"}],"curies":[{"name":"wp","href":"https:\/\/api.w.org\/{rel}","templated":true}]}}