{"id":316804,"date":"2020-08-19T10:54:59","date_gmt":"2020-08-19T09:54:59","guid":{"rendered":"https:\/\/www.purejewels.com\/?post_type=product&#038;p=316804"},"modified":"2026-01-23T06:16:54","modified_gmt":"2026-01-23T06:16:54","slug":"22-kt-gold-jali-kadas-32351-32352","status":"publish","type":"product","link":"https:\/\/www.purejewels.com\/de\/product\/22ct-gold-jali-kadas-32351-32352\/","title":{"rendered":"22ct Gold Sculpted Jali Detail Armreifen Paar"},"content":{"rendered":"<p>Gestaltung<\/p>\n<p>Diese Armreifen zeichnen sich durch ein durchgehendes Jali-Muster aus, das nahtlos um die Form herumflie\u00dft und von skulpturalen Goldakzenten unterbrochen wird, die Struktur und Rhythmus verleihen. Die durchbrochenen Details vermitteln ein Gef\u00fchl von Leichtigkeit, w\u00e4hrend das abgerundete Profil dem Design eine starke, selbstbewusste Pr\u00e4senz verleiht. Das Ergebnis ist ein harmonisches Gleichgewicht zwischen Komplexit\u00e4t und k\u00fchner Form.<\/p>\n<p>Handwerkliches K\u00f6nnen<\/p>\n<p>Jeder Armreif ist aus 22-kar\u00e4tigem Gold handgefertigt und zeichnet sich durch pr\u00e4zise Jali-Arbeiten aus, die mit au\u00dfergew\u00f6hnlicher Kontrolle und Best\u00e4ndigkeit ausgef\u00fchrt werden. Die skulpturalen Akzentuierungselemente sind sorgf\u00e4ltig integriert, um die Haltbarkeit und den visuellen Kontrast zu verbessern. Die glatten Innenfl\u00e4chen sorgen f\u00fcr hohen Tragekomfort, und jedes St\u00fcck ist in Gro\u00dfbritannien mit einem Reinheitszertifikat versehen.<\/p>\n<p>Styling &amp; Geschenkartikel<\/p>\n<p>Diese vielseitigen und ausdrucksstarken Armreifen k\u00f6nnen als einzelnes Paar f\u00fcr den Alltag getragen oder mit feineren Armreifen f\u00fcr festliche Anl\u00e4sse kombiniert werden. Ihre raffinierten Jali-Details machen sie zu einem durchdachten Geschenk f\u00fcr Hochzeiten, Jubil\u00e4en und wichtige Meilensteine und bieten einen zeitgem\u00e4\u00dfen Ausdruck von traditionellem Goldschmuck.<\/p>","protected":false},"excerpt":{"rendered":"<ul>\n<li>Paar (zwei Kadas) von 22ct\u00a0<span id=\"urn:enhancement-1de23387\" class=\"textannotation\">Gold<\/span>\u00a0Braut- oder Partykleidung Kadas -<\/li>\n<li>(Wenn Sie ein Kada wollen, fragen Sie bitte im Chat nach - der hier angegebene Preis ist f\u00fcr zwei Kadas)<\/li>\n<li>SKU 32351 \u00a0<span id=\"urn:enhancement-df881483\" class=\"textannotation\">Gewicht<\/span>\u00a0 . 20,6 g<\/li>\n<li>SKU 32352 \u00a0<span id=\"urn:enhancement-b73cc724\" class=\"textannotation\">Gewicht<\/span>\u00a0. 20,2 g<\/li>\n<li>Insgesamt\u00a0<span id=\"urn:enhancement-6449218c\" class=\"textannotation\">Gewicht<\/span>\u00a0. 40,8 g<\/li>\n<li>Gr\u00f6\u00dfe: 2,7 Zoll Innendurchmesser. Bitte fragen Sie nach weiteren Gr\u00f6\u00dfen<\/li>\n<li>Dies sind hohle Kadas<\/li>\n<li>Alle unsere 22\u00a0<span id=\"urn:enhancement-228d88f5\" class=\"textannotation\">Karat<\/span>\u00a0<span id=\"urn:enhancement-fd8087e5\" class=\"textannotation\">Gold<\/span>\u00a0<span id=\"urn:enhancement-6a8517a8\" class=\"textannotation\">Schmuck<\/span>\u00a0werden von London gestempelt\u00a0<span id=\"urn:enhancement-22685708\" class=\"textannotation\">Pr\u00fcfstelle<\/span><\/li>\n<li>Mit Pr\u00e4sentationsbox<\/li>\n<li>Lieferung inbegriffen<\/li>\n<li>Alle Preise inklusive Mehrwertsteuer<\/li>\n<li>Kontaktieren Sie uns \/ chatten Sie mit uns f\u00fcr Live-Video von\u00a0<span id=\"urn:enhancement-7f5b9b21\" class=\"textannotation\">Produkt<\/span><\/li>\n<\/ul>","protected":false},"featured_media":312466,"comment_status":"closed","ping_status":"closed","template":"","meta":{"_eb_attr":"","_crsspst_to_jayantr4sg-hostcom":true},"product_brand":[],"product_cat":[1658,1659],"product_tag":[],"class_list":{"0":"post-316804","1":"product","2":"type-product","3":"status-publish","4":"has-post-thumbnail","6":"product_cat-bangle-sets","7":"product_cat-bridal-and-party-wear-gold-kada-bangle","9":"first","10":"outofstock","11":"taxable","12":"shipping-taxable","13":"product-type-grouped","14":"add-to-wishlist-before_image"},"yoast_head":"<!-- This site is optimized with the Yoast SEO plugin v27.3 - https:\/\/yoast.com\/product\/yoast-seo-wordpress\/ -->\n<title>Online 22ct Gold Sculpted Jali Bangles | PureJewels UK<\/title>\n<meta name=\"description\" content=\"Shop the 22ct Gold Sculpted Jali Bangles from PureJewels UK. Featuring continuous jali detailing with sculpted gold accents, this handcrafted pair celebrates balance, texture and tradition in radiant gold.\" \/>\n<meta name=\"robots\" content=\"index, follow, max-snippet:-1, max-image-preview:large, max-video-preview:-1\" \/>\n<link rel=\"canonical\" href=\"https:\/\/www.purejewels.com\/de\/produkt-2\/22-kt-gold-jali-kadas-32351-32352\/\" \/>\n<meta property=\"og:locale\" content=\"de_DE\" \/>\n<meta property=\"og:type\" content=\"article\" \/>\n<meta property=\"og:title\" content=\"Online 22ct Gold Sculpted Jali Bangles | PureJewels UK\" \/>\n<meta property=\"og:description\" content=\"Shop the 22ct Gold Sculpted Jali Bangles from PureJewels UK. Featuring continuous jali detailing with sculpted gold accents, this handcrafted pair celebrates balance, texture and tradition in radiant gold.\" \/>\n<meta property=\"og:url\" content=\"https:\/\/www.purejewels.com\/de\/produkt-2\/22-kt-gold-jali-kadas-32351-32352\/\" \/>\n<meta property=\"og:site_name\" content=\"PureJewels UK\" \/>\n<meta property=\"article:modified_time\" content=\"2026-01-23T06:16:54+00:00\" \/>\n<meta property=\"og:image\" content=\"https:\/\/static.purejewels.com\/wp-content\/uploads\/2020\/01\/32343_32344.jpg\" \/>\n\t<meta property=\"og:image:width\" content=\"1000\" \/>\n\t<meta property=\"og:image:height\" content=\"1000\" \/>\n\t<meta property=\"og:image:type\" content=\"image\/jpeg\" \/>\n<meta name=\"twitter:card\" content=\"summary_large_image\" \/>\n<meta name=\"twitter:label1\" content=\"Gesch\u00e4tzte Lesezeit\" \/>\n\t<meta name=\"twitter:data1\" content=\"1\u00a0Minute\" \/>\n<script type=\"application\/ld+json\" class=\"yoast-schema-graph\">{\"@context\":\"https:\\\/\\\/schema.org\",\"@graph\":[{\"@type\":[\"WebPage\",\"ItemPage\"],\"@id\":\"https:\\\/\\\/www.purejewels.com\\\/product\\\/22ct-gold-jali-kadas-32351-32352\\\/\",\"url\":\"https:\\\/\\\/www.purejewels.com\\\/product\\\/22ct-gold-jali-kadas-32351-32352\\\/\",\"name\":\"Online 22ct Gold Sculpted Jali Bangles | PureJewels UK\",\"isPartOf\":{\"@id\":\"https:\\\/\\\/www.purejewels.com\\\/#website\"},\"primaryImageOfPage\":{\"@id\":\"https:\\\/\\\/www.purejewels.com\\\/product\\\/22ct-gold-jali-kadas-32351-32352\\\/#primaryimage\"},\"image\":{\"@id\":\"https:\\\/\\\/www.purejewels.com\\\/product\\\/22ct-gold-jali-kadas-32351-32352\\\/#primaryimage\"},\"thumbnailUrl\":\"https:\\\/\\\/static.purejewels.com\\\/wp-content\\\/uploads\\\/2020\\\/01\\\/32343_32344.jpg\",\"datePublished\":\"2020-08-19T09:54:59+00:00\",\"dateModified\":\"2026-01-23T06:16:54+00:00\",\"description\":\"Shop the 22ct Gold Sculpted Jali Bangles from PureJewels UK. Featuring continuous jali detailing with sculpted gold accents, this handcrafted pair celebrates balance, texture and tradition in radiant gold.\",\"breadcrumb\":{\"@id\":\"https:\\\/\\\/www.purejewels.com\\\/product\\\/22ct-gold-jali-kadas-32351-32352\\\/#breadcrumb\"},\"inLanguage\":\"de\",\"potentialAction\":[{\"@type\":\"ReadAction\",\"target\":[\"https:\\\/\\\/www.purejewels.com\\\/product\\\/22ct-gold-jali-kadas-32351-32352\\\/\"]}]},{\"@type\":\"ImageObject\",\"inLanguage\":\"de\",\"@id\":\"https:\\\/\\\/www.purejewels.com\\\/product\\\/22ct-gold-jali-kadas-32351-32352\\\/#primaryimage\",\"url\":\"https:\\\/\\\/static.purejewels.com\\\/wp-content\\\/uploads\\\/2020\\\/01\\\/32343_32344.jpg\",\"contentUrl\":\"https:\\\/\\\/static.purejewels.com\\\/wp-content\\\/uploads\\\/2020\\\/01\\\/32343_32344.jpg\",\"width\":1000,\"height\":1000,\"caption\":\"32343_32344\"},{\"@type\":\"BreadcrumbList\",\"@id\":\"https:\\\/\\\/www.purejewels.com\\\/product\\\/22ct-gold-jali-kadas-32351-32352\\\/#breadcrumb\",\"itemListElement\":[{\"@type\":\"ListItem\",\"position\":1,\"name\":\"Home\",\"item\":\"https:\\\/\\\/www.purejewels.com\\\/\"},{\"@type\":\"ListItem\",\"position\":2,\"name\":\"Shop\",\"item\":\"https:\\\/\\\/www.purejewels.com\\\/shop\\\/\"},{\"@type\":\"ListItem\",\"position\":3,\"name\":\"22ct Gold Sculpted Jali Detail Bangles Pair\"}]},{\"@type\":\"WebSite\",\"@id\":\"https:\\\/\\\/www.purejewels.com\\\/#website\",\"url\":\"https:\\\/\\\/www.purejewels.com\\\/\",\"name\":\"PureJewels UK\",\"description\":\"Share the Love\",\"publisher\":{\"@id\":\"https:\\\/\\\/www.purejewels.com\\\/#organization\"},\"potentialAction\":[{\"@type\":\"SearchAction\",\"target\":{\"@type\":\"EntryPoint\",\"urlTemplate\":\"https:\\\/\\\/www.purejewels.com\\\/?s={search_term_string}\"},\"query-input\":{\"@type\":\"PropertyValueSpecification\",\"valueRequired\":true,\"valueName\":\"search_term_string\"}}],\"inLanguage\":\"de\"},{\"@type\":\"Organization\",\"@id\":\"https:\\\/\\\/www.purejewels.com\\\/#organization\",\"name\":\"PureJewels UK\",\"url\":\"https:\\\/\\\/www.purejewels.com\\\/\",\"logo\":{\"@type\":\"ImageObject\",\"inLanguage\":\"de\",\"@id\":\"https:\\\/\\\/www.purejewels.com\\\/#\\\/schema\\\/logo\\\/image\\\/\",\"url\":\"https:\\\/\\\/static.purejewels.com\\\/wp-content\\\/uploads\\\/2020\\\/11\\\/Logo-PJ-New-1.png\",\"contentUrl\":\"https:\\\/\\\/static.purejewels.com\\\/wp-content\\\/uploads\\\/2020\\\/11\\\/Logo-PJ-New-1.png\",\"width\":150,\"height\":80,\"caption\":\"PureJewels UK\"},\"image\":{\"@id\":\"https:\\\/\\\/www.purejewels.com\\\/#\\\/schema\\\/logo\\\/image\\\/\"}}]}<\/script>\n<!-- \/ Yoast SEO plugin. -->","yoast_head_json":{"title":"Online 22ct Gold Geformte Jali Armreifen | PureJewels UK","description":"Kaufen Sie die 22ct Gold Sculpted Jali Bangles von PureJewels UK. Mit durchgehenden Jali-Details und skulpturalen Goldakzenten zelebriert dieses handgefertigte Paar Balance, Textur und Tradition in strahlendem Gold.","robots":{"index":"index","follow":"follow","max-snippet":"max-snippet:-1","max-image-preview":"max-image-preview:large","max-video-preview":"max-video-preview:-1"},"canonical":"https:\/\/www.purejewels.com\/de\/produkt-2\/22-kt-gold-jali-kadas-32351-32352\/","og_locale":"de_DE","og_type":"article","og_title":"Online 22ct Gold Sculpted Jali Bangles | PureJewels UK","og_description":"Shop the 22ct Gold Sculpted Jali Bangles from PureJewels UK. Featuring continuous jali detailing with sculpted gold accents, this handcrafted pair celebrates balance, texture and tradition in radiant gold.","og_url":"https:\/\/www.purejewels.com\/de\/produkt-2\/22-kt-gold-jali-kadas-32351-32352\/","og_site_name":"PureJewels UK","article_modified_time":"2026-01-23T06:16:54+00:00","og_image":[{"width":1000,"height":1000,"url":"https:\/\/static.purejewels.com\/wp-content\/uploads\/2020\/01\/32343_32344.jpg","type":"image\/jpeg"}],"twitter_card":"summary_large_image","twitter_misc":{"Gesch\u00e4tzte Lesezeit":"1\u00a0Minute"},"schema":{"@context":"https:\/\/schema.org","@graph":[{"@type":["WebPage","ItemPage"],"@id":"https:\/\/www.purejewels.com\/product\/22ct-gold-jali-kadas-32351-32352\/","url":"https:\/\/www.purejewels.com\/product\/22ct-gold-jali-kadas-32351-32352\/","name":"Online 22ct Gold Geformte Jali Armreifen | PureJewels UK","isPartOf":{"@id":"https:\/\/www.purejewels.com\/#website"},"primaryImageOfPage":{"@id":"https:\/\/www.purejewels.com\/product\/22ct-gold-jali-kadas-32351-32352\/#primaryimage"},"image":{"@id":"https:\/\/www.purejewels.com\/product\/22ct-gold-jali-kadas-32351-32352\/#primaryimage"},"thumbnailUrl":"https:\/\/static.purejewels.com\/wp-content\/uploads\/2020\/01\/32343_32344.jpg","datePublished":"2020-08-19T09:54:59+00:00","dateModified":"2026-01-23T06:16:54+00:00","description":"Kaufen Sie die 22ct Gold Sculpted Jali Bangles von PureJewels UK. Mit durchgehenden Jali-Details und skulpturalen Goldakzenten zelebriert dieses handgefertigte Paar Balance, Textur und Tradition in strahlendem Gold.","breadcrumb":{"@id":"https:\/\/www.purejewels.com\/product\/22ct-gold-jali-kadas-32351-32352\/#breadcrumb"},"inLanguage":"de","potentialAction":[{"@type":"ReadAction","target":["https:\/\/www.purejewels.com\/product\/22ct-gold-jali-kadas-32351-32352\/"]}]},{"@type":"ImageObject","inLanguage":"de","@id":"https:\/\/www.purejewels.com\/product\/22ct-gold-jali-kadas-32351-32352\/#primaryimage","url":"https:\/\/static.purejewels.com\/wp-content\/uploads\/2020\/01\/32343_32344.jpg","contentUrl":"https:\/\/static.purejewels.com\/wp-content\/uploads\/2020\/01\/32343_32344.jpg","width":1000,"height":1000,"caption":"32343_32344"},{"@type":"BreadcrumbList","@id":"https:\/\/www.purejewels.com\/product\/22ct-gold-jali-kadas-32351-32352\/#breadcrumb","itemListElement":[{"@type":"ListItem","position":1,"name":"Home","item":"https:\/\/www.purejewels.com\/"},{"@type":"ListItem","position":2,"name":"Shop","item":"https:\/\/www.purejewels.com\/shop\/"},{"@type":"ListItem","position":3,"name":"22ct Gold Sculpted Jali Detail Bangles Pair"}]},{"@type":"WebSite","@id":"https:\/\/www.purejewels.com\/#website","url":"https:\/\/www.purejewels.com\/","name":"PureJewels UK","description":"Teile die Liebe","publisher":{"@id":"https:\/\/www.purejewels.com\/#organization"},"potentialAction":[{"@type":"SearchAction","target":{"@type":"EntryPoint","urlTemplate":"https:\/\/www.purejewels.com\/?s={search_term_string}"},"query-input":{"@type":"PropertyValueSpecification","valueRequired":true,"valueName":"search_term_string"}}],"inLanguage":"de"},{"@type":"Organization","@id":"https:\/\/www.purejewels.com\/#organization","name":"PureJewels UK","url":"https:\/\/www.purejewels.com\/","logo":{"@type":"ImageObject","inLanguage":"de","@id":"https:\/\/www.purejewels.com\/#\/schema\/logo\/image\/","url":"https:\/\/static.purejewels.com\/wp-content\/uploads\/2020\/11\/Logo-PJ-New-1.png","contentUrl":"https:\/\/static.purejewels.com\/wp-content\/uploads\/2020\/11\/Logo-PJ-New-1.png","width":150,"height":80,"caption":"PureJewels UK"},"image":{"@id":"https:\/\/www.purejewels.com\/#\/schema\/logo\/image\/"}}]}},"_links":{"self":[{"href":"https:\/\/www.purejewels.com\/de\/wp-json\/wp\/v2\/product\/316804","targetHints":{"allow":["GET"]}}],"collection":[{"href":"https:\/\/www.purejewels.com\/de\/wp-json\/wp\/v2\/product"}],"about":[{"href":"https:\/\/www.purejewels.com\/de\/wp-json\/wp\/v2\/types\/product"}],"replies":[{"embeddable":true,"href":"https:\/\/www.purejewels.com\/de\/wp-json\/wp\/v2\/comments?post=316804"}],"version-history":[{"count":2,"href":"https:\/\/www.purejewels.com\/de\/wp-json\/wp\/v2\/product\/316804\/revisions"}],"predecessor-version":[{"id":425146,"href":"https:\/\/www.purejewels.com\/de\/wp-json\/wp\/v2\/product\/316804\/revisions\/425146"}],"wp:featuredmedia":[{"embeddable":true,"href":"https:\/\/www.purejewels.com\/de\/wp-json\/wp\/v2\/media\/312466"}],"wp:attachment":[{"href":"https:\/\/www.purejewels.com\/de\/wp-json\/wp\/v2\/media?parent=316804"}],"wp:term":[{"taxonomy":"product_brand","embeddable":true,"href":"https:\/\/www.purejewels.com\/de\/wp-json\/wp\/v2\/product_brand?post=316804"},{"taxonomy":"product_cat","embeddable":true,"href":"https:\/\/www.purejewels.com\/de\/wp-json\/wp\/v2\/product_cat?post=316804"},{"taxonomy":"product_tag","embeddable":true,"href":"https:\/\/www.purejewels.com\/de\/wp-json\/wp\/v2\/product_tag?post=316804"}],"curies":[{"name":"wp","href":"https:\/\/api.w.org\/{rel}","templated":true}]}}