{"id":316850,"date":"2020-08-20T09:27:16","date_gmt":"2020-08-20T08:27:16","guid":{"rendered":"https:\/\/www.purejewels.com\/product\/platinum-earring-1-4gm-diamond-0-30ct\/"},"modified":"2026-03-17T05:03:49","modified_gmt":"2026-03-17T05:03:49","slug":"platin-ohrring-33067","status":"publish","type":"product","link":"https:\/\/www.purejewels.com\/de\/product\/platinum-earring-33067\/","title":{"rendered":"Platin-Ohrring"},"content":{"rendered":"<p><strong>Designkonzept<\/strong><\/p>\n<p>Diese diamantenen Solit\u00e4r-Ohrstecker verk\u00f6rpern zeitlose Schlichtheit und Eleganz. Jeder runde Brillant wird in einer klassischen Vier-Zacken-Fassung gehalten, die ein Maximum an Licht durch den Stein hindurchl\u00e4sst. Das klare, minimale Design konzentriert sich ganz auf die Sch\u00f6nheit des Diamanten und schafft ein raffiniertes Schmuckst\u00fcck, das nie aus der Mode kommt.<\/p>\n<p><strong>Handwerkliches K\u00f6nnen<\/strong><\/p>\n<p>Diese fachm\u00e4nnisch aus Platin gefertigten Ohrringe sind mit Diamanten von insgesamt 0,30 Karat besetzt, die in der Farbe F G und der Reinheit VS1 eingestuft sind. Die Vier-Zacken-Fassung h\u00e4lt jeden Diamanten sicher und sorgt f\u00fcr au\u00dfergew\u00f6hnliche Brillanz und Feuer. Platin bietet sowohl Festigkeit als auch Haltbarkeit und ist damit das ideale Edelmetall f\u00fcr Diamantschmuck, der t\u00e4glich getragen werden soll.<\/p>\n<p><strong>Styling-Ideen<\/strong><\/p>\n<p>Diese eleganten Solit\u00e4r-Diamantohrringe sind m\u00fchelos vielseitig einsetzbar. Tragen Sie sie als allt\u00e4gliche Diamant-Ohrstecker f\u00fcr einen raffinierten, minimalistischen Look oder kombinieren Sie sie mit Diamant-Halsketten und -Armb\u00e4ndern f\u00fcr besondere Anl\u00e4sse. Ihr zeitloses Design passt sowohl zu legeren als auch zu formellen Anl\u00e4ssen und macht sie zu einer unverzichtbaren Erg\u00e4nzung jeder Schmucksammlung.<\/p>","protected":false},"excerpt":{"rendered":"<p>Klassische Solit\u00e4r-Ohrstecker aus Platin mit 0,30 Karat Brillanten in einer raffinierten vierzackigen Fassung. Ein zeitloses Design, das die nat\u00fcrliche Brillanz feiner Diamanten hervorhebt.<\/p>\n<ul>\n<li><strong>Material:<\/strong> Platin<\/li>\n<li><strong>Wahrzeichen:\u00a0<\/strong>Britisches G\u00fctesiegel<\/li>\n<li><strong>Diamant Gewicht<\/strong> : 0,30 Karat, Farbe F_G, Reinheit VS1<\/li>\n<li><strong>Zertifikat<\/strong>. SGLJL61125B<\/li>\n<li><strong>Bruttogewicht: <\/strong>1.4 Gms<\/li>\n<li><strong>SKU: <\/strong>33067<\/li>\n<\/ul>\n<p><strong><br \/>\nPreis und Lieferung:\u00a0<\/strong>Inklusive Mehrwertsteuer und Lieferkosten<\/p>\n<p><strong><a href=\"https:\/\/www.purejewels.com\/de\/ruckgabepolitik\/\">R\u00fcckgabepolitik<\/a><\/strong><\/p>\n<p>&nbsp;<\/p>","protected":false},"featured_media":298062,"comment_status":"closed","ping_status":"closed","template":"","meta":{"_eb_attr":"","_crsspst_to_jayantr4sg-hostcom":true},"product_brand":[],"product_cat":[1791,1559,1794,1254,1577,1574],"product_tag":[1455],"class_list":{"0":"post-316850","1":"product","2":"type-product","3":"status-publish","4":"has-post-thumbnail","6":"product_cat-anniversary-gifts","7":"product_cat-birthday-gifts","8":"product_cat-christmas-gifts","9":"product_cat-gold-earrings","10":"product_cat-stud-earrings","11":"product_cat-womens-jewellery","12":"product_tag-diamond-studs","14":"first","15":"outofstock","16":"taxable","17":"shipping-taxable","18":"product-type-simple","19":"add-to-wishlist-before_image"},"yoast_head":"<!-- This site is optimized with the Yoast SEO plugin v27.3 - https:\/\/yoast.com\/product\/yoast-seo-wordpress\/ -->\n<title>Shop online Platinum Diamond Solitaire Stud Earrings 0.30ct<\/title>\n<meta name=\"description\" content=\"Shop platinum diamond solitaire stud earrings featuring 0.30ct diamonds graded F G colour and VS1 clarity. A timeless diamond earring design for everyday elegance.\" \/>\n<meta name=\"robots\" content=\"index, follow, max-snippet:-1, max-image-preview:large, max-video-preview:-1\" \/>\n<link rel=\"canonical\" href=\"https:\/\/www.purejewels.com\/de\/produkt-2\/platin-ohrring-33067\/\" \/>\n<meta property=\"og:locale\" content=\"de_DE\" \/>\n<meta property=\"og:type\" content=\"article\" \/>\n<meta property=\"og:title\" content=\"Shop online Platinum Diamond Solitaire Stud Earrings 0.30ct\" \/>\n<meta property=\"og:description\" content=\"Shop platinum diamond solitaire stud earrings featuring 0.30ct diamonds graded F G colour and VS1 clarity. A timeless diamond earring design for everyday elegance.\" \/>\n<meta property=\"og:url\" content=\"https:\/\/www.purejewels.com\/de\/produkt-2\/platin-ohrring-33067\/\" \/>\n<meta property=\"og:site_name\" content=\"PureJewels UK\" \/>\n<meta property=\"article:modified_time\" content=\"2026-03-17T05:03:49+00:00\" \/>\n<meta property=\"og:image\" content=\"https:\/\/static.purejewels.com\/wp-content\/uploads\/2017\/12\/17168-2-1.png\" \/>\n\t<meta property=\"og:image:width\" content=\"1000\" \/>\n\t<meta property=\"og:image:height\" content=\"1000\" \/>\n\t<meta property=\"og:image:type\" content=\"image\/png\" \/>\n<meta name=\"twitter:card\" content=\"summary_large_image\" \/>\n<meta name=\"twitter:label1\" content=\"Gesch\u00e4tzte Lesezeit\" \/>\n\t<meta name=\"twitter:data1\" content=\"1\u00a0Minute\" \/>\n<script type=\"application\/ld+json\" class=\"yoast-schema-graph\">{\"@context\":\"https:\\\/\\\/schema.org\",\"@graph\":[{\"@type\":[\"WebPage\",\"ItemPage\"],\"@id\":\"https:\\\/\\\/www.purejewels.com\\\/product\\\/platinum-earring-33067\\\/\",\"url\":\"https:\\\/\\\/www.purejewels.com\\\/product\\\/platinum-earring-33067\\\/\",\"name\":\"Shop online Platinum Diamond Solitaire Stud Earrings 0.30ct\",\"isPartOf\":{\"@id\":\"https:\\\/\\\/www.purejewels.com\\\/#website\"},\"primaryImageOfPage\":{\"@id\":\"https:\\\/\\\/www.purejewels.com\\\/product\\\/platinum-earring-33067\\\/#primaryimage\"},\"image\":{\"@id\":\"https:\\\/\\\/www.purejewels.com\\\/product\\\/platinum-earring-33067\\\/#primaryimage\"},\"thumbnailUrl\":\"https:\\\/\\\/static.purejewels.com\\\/wp-content\\\/uploads\\\/2017\\\/12\\\/17168-2-1.png\",\"datePublished\":\"2020-08-20T08:27:16+00:00\",\"dateModified\":\"2026-03-17T05:03:49+00:00\",\"description\":\"Shop platinum diamond solitaire stud earrings featuring 0.30ct diamonds graded F G colour and VS1 clarity. A timeless diamond earring design for everyday elegance.\",\"breadcrumb\":{\"@id\":\"https:\\\/\\\/www.purejewels.com\\\/product\\\/platinum-earring-33067\\\/#breadcrumb\"},\"inLanguage\":\"de\",\"potentialAction\":[{\"@type\":\"ReadAction\",\"target\":[\"https:\\\/\\\/www.purejewels.com\\\/product\\\/platinum-earring-33067\\\/\"]}]},{\"@type\":\"ImageObject\",\"inLanguage\":\"de\",\"@id\":\"https:\\\/\\\/www.purejewels.com\\\/product\\\/platinum-earring-33067\\\/#primaryimage\",\"url\":\"https:\\\/\\\/static.purejewels.com\\\/wp-content\\\/uploads\\\/2017\\\/12\\\/17168-2-1.png\",\"contentUrl\":\"https:\\\/\\\/static.purejewels.com\\\/wp-content\\\/uploads\\\/2017\\\/12\\\/17168-2-1.png\",\"width\":1000,\"height\":1000,\"caption\":\"17168-2\"},{\"@type\":\"BreadcrumbList\",\"@id\":\"https:\\\/\\\/www.purejewels.com\\\/product\\\/platinum-earring-33067\\\/#breadcrumb\",\"itemListElement\":[{\"@type\":\"ListItem\",\"position\":1,\"name\":\"Home\",\"item\":\"https:\\\/\\\/www.purejewels.com\\\/\"},{\"@type\":\"ListItem\",\"position\":2,\"name\":\"Shop\",\"item\":\"https:\\\/\\\/www.purejewels.com\\\/shop\\\/\"},{\"@type\":\"ListItem\",\"position\":3,\"name\":\"Platinum Earring\"}]},{\"@type\":\"WebSite\",\"@id\":\"https:\\\/\\\/www.purejewels.com\\\/#website\",\"url\":\"https:\\\/\\\/www.purejewels.com\\\/\",\"name\":\"PureJewels UK\",\"description\":\"Share the Love\",\"publisher\":{\"@id\":\"https:\\\/\\\/www.purejewels.com\\\/#organization\"},\"potentialAction\":[{\"@type\":\"SearchAction\",\"target\":{\"@type\":\"EntryPoint\",\"urlTemplate\":\"https:\\\/\\\/www.purejewels.com\\\/?s={search_term_string}\"},\"query-input\":{\"@type\":\"PropertyValueSpecification\",\"valueRequired\":true,\"valueName\":\"search_term_string\"}}],\"inLanguage\":\"de\"},{\"@type\":\"Organization\",\"@id\":\"https:\\\/\\\/www.purejewels.com\\\/#organization\",\"name\":\"PureJewels UK\",\"url\":\"https:\\\/\\\/www.purejewels.com\\\/\",\"logo\":{\"@type\":\"ImageObject\",\"inLanguage\":\"de\",\"@id\":\"https:\\\/\\\/www.purejewels.com\\\/#\\\/schema\\\/logo\\\/image\\\/\",\"url\":\"https:\\\/\\\/static.purejewels.com\\\/wp-content\\\/uploads\\\/2020\\\/11\\\/Logo-PJ-New-1.png\",\"contentUrl\":\"https:\\\/\\\/static.purejewels.com\\\/wp-content\\\/uploads\\\/2020\\\/11\\\/Logo-PJ-New-1.png\",\"width\":150,\"height\":80,\"caption\":\"PureJewels UK\"},\"image\":{\"@id\":\"https:\\\/\\\/www.purejewels.com\\\/#\\\/schema\\\/logo\\\/image\\\/\"}}]}<\/script>\n<!-- \/ Yoast SEO plugin. -->","yoast_head_json":{"title":"Online einkaufen Platin Diamant Solit\u00e4r Ohrstecker 0,30ct","description":"Kaufen Sie Platin-Diamant-Solit\u00e4r-Ohrstecker mit 0,30 Karat Diamanten der Farbe F G und der Reinheit VS1. Ein zeitloses Design f\u00fcr elegante Ohrringe f\u00fcr jeden Tag.","robots":{"index":"index","follow":"follow","max-snippet":"max-snippet:-1","max-image-preview":"max-image-preview:large","max-video-preview":"max-video-preview:-1"},"canonical":"https:\/\/www.purejewels.com\/de\/produkt-2\/platin-ohrring-33067\/","og_locale":"de_DE","og_type":"article","og_title":"Shop online Platinum Diamond Solitaire Stud Earrings 0.30ct","og_description":"Shop platinum diamond solitaire stud earrings featuring 0.30ct diamonds graded F G colour and VS1 clarity. A timeless diamond earring design for everyday elegance.","og_url":"https:\/\/www.purejewels.com\/de\/produkt-2\/platin-ohrring-33067\/","og_site_name":"PureJewels UK","article_modified_time":"2026-03-17T05:03:49+00:00","og_image":[{"width":1000,"height":1000,"url":"https:\/\/static.purejewels.com\/wp-content\/uploads\/2017\/12\/17168-2-1.png","type":"image\/png"}],"twitter_card":"summary_large_image","twitter_misc":{"Gesch\u00e4tzte Lesezeit":"1\u00a0Minute"},"schema":{"@context":"https:\/\/schema.org","@graph":[{"@type":["WebPage","ItemPage"],"@id":"https:\/\/www.purejewels.com\/product\/platinum-earring-33067\/","url":"https:\/\/www.purejewels.com\/product\/platinum-earring-33067\/","name":"Online einkaufen Platin Diamant Solit\u00e4r Ohrstecker 0,30ct","isPartOf":{"@id":"https:\/\/www.purejewels.com\/#website"},"primaryImageOfPage":{"@id":"https:\/\/www.purejewels.com\/product\/platinum-earring-33067\/#primaryimage"},"image":{"@id":"https:\/\/www.purejewels.com\/product\/platinum-earring-33067\/#primaryimage"},"thumbnailUrl":"https:\/\/static.purejewels.com\/wp-content\/uploads\/2017\/12\/17168-2-1.png","datePublished":"2020-08-20T08:27:16+00:00","dateModified":"2026-03-17T05:03:49+00:00","description":"Kaufen Sie Platin-Diamant-Solit\u00e4r-Ohrstecker mit 0,30 Karat Diamanten der Farbe F G und der Reinheit VS1. Ein zeitloses Design f\u00fcr elegante Ohrringe f\u00fcr jeden Tag.","breadcrumb":{"@id":"https:\/\/www.purejewels.com\/product\/platinum-earring-33067\/#breadcrumb"},"inLanguage":"de","potentialAction":[{"@type":"ReadAction","target":["https:\/\/www.purejewels.com\/product\/platinum-earring-33067\/"]}]},{"@type":"ImageObject","inLanguage":"de","@id":"https:\/\/www.purejewels.com\/product\/platinum-earring-33067\/#primaryimage","url":"https:\/\/static.purejewels.com\/wp-content\/uploads\/2017\/12\/17168-2-1.png","contentUrl":"https:\/\/static.purejewels.com\/wp-content\/uploads\/2017\/12\/17168-2-1.png","width":1000,"height":1000,"caption":"17168-2"},{"@type":"BreadcrumbList","@id":"https:\/\/www.purejewels.com\/product\/platinum-earring-33067\/#breadcrumb","itemListElement":[{"@type":"ListItem","position":1,"name":"Home","item":"https:\/\/www.purejewels.com\/"},{"@type":"ListItem","position":2,"name":"Shop","item":"https:\/\/www.purejewels.com\/shop\/"},{"@type":"ListItem","position":3,"name":"Platinum Earring"}]},{"@type":"WebSite","@id":"https:\/\/www.purejewels.com\/#website","url":"https:\/\/www.purejewels.com\/","name":"PureJewels UK","description":"Teile die Liebe","publisher":{"@id":"https:\/\/www.purejewels.com\/#organization"},"potentialAction":[{"@type":"SearchAction","target":{"@type":"EntryPoint","urlTemplate":"https:\/\/www.purejewels.com\/?s={search_term_string}"},"query-input":{"@type":"PropertyValueSpecification","valueRequired":true,"valueName":"search_term_string"}}],"inLanguage":"de"},{"@type":"Organization","@id":"https:\/\/www.purejewels.com\/#organization","name":"PureJewels UK","url":"https:\/\/www.purejewels.com\/","logo":{"@type":"ImageObject","inLanguage":"de","@id":"https:\/\/www.purejewels.com\/#\/schema\/logo\/image\/","url":"https:\/\/static.purejewels.com\/wp-content\/uploads\/2020\/11\/Logo-PJ-New-1.png","contentUrl":"https:\/\/static.purejewels.com\/wp-content\/uploads\/2020\/11\/Logo-PJ-New-1.png","width":150,"height":80,"caption":"PureJewels UK"},"image":{"@id":"https:\/\/www.purejewels.com\/#\/schema\/logo\/image\/"}}]}},"_links":{"self":[{"href":"https:\/\/www.purejewels.com\/de\/wp-json\/wp\/v2\/product\/316850","targetHints":{"allow":["GET"]}}],"collection":[{"href":"https:\/\/www.purejewels.com\/de\/wp-json\/wp\/v2\/product"}],"about":[{"href":"https:\/\/www.purejewels.com\/de\/wp-json\/wp\/v2\/types\/product"}],"replies":[{"embeddable":true,"href":"https:\/\/www.purejewels.com\/de\/wp-json\/wp\/v2\/comments?post=316850"}],"version-history":[{"count":3,"href":"https:\/\/www.purejewels.com\/de\/wp-json\/wp\/v2\/product\/316850\/revisions"}],"predecessor-version":[{"id":427209,"href":"https:\/\/www.purejewels.com\/de\/wp-json\/wp\/v2\/product\/316850\/revisions\/427209"}],"wp:featuredmedia":[{"embeddable":true,"href":"https:\/\/www.purejewels.com\/de\/wp-json\/wp\/v2\/media\/298062"}],"wp:attachment":[{"href":"https:\/\/www.purejewels.com\/de\/wp-json\/wp\/v2\/media?parent=316850"}],"wp:term":[{"taxonomy":"product_brand","embeddable":true,"href":"https:\/\/www.purejewels.com\/de\/wp-json\/wp\/v2\/product_brand?post=316850"},{"taxonomy":"product_cat","embeddable":true,"href":"https:\/\/www.purejewels.com\/de\/wp-json\/wp\/v2\/product_cat?post=316850"},{"taxonomy":"product_tag","embeddable":true,"href":"https:\/\/www.purejewels.com\/de\/wp-json\/wp\/v2\/product_tag?post=316850"}],"curies":[{"name":"wp","href":"https:\/\/api.w.org\/{rel}","templated":true}]}}