{"id":316885,"date":"2020-08-25T11:17:57","date_gmt":"2020-08-25T10:17:57","guid":{"rendered":"https:\/\/www.purejewels.com\/product\/armari-collection-22ct-gold-kada-24-3-gm\/"},"modified":"2026-01-10T16:14:12","modified_gmt":"2026-01-10T16:14:12","slug":"armari-kollektion-22-kt-gold-kada-32724","status":"publish","type":"product","link":"https:\/\/www.purejewels.com\/de\/product\/armari-collection-22ct-gold-kada-32724\/","title":{"rendered":"Armari Sammlung 22ct Gold Kada"},"content":{"rendered":"<ul>\n<li>Sku 32724<\/li>\n<li>Gewicht:24,3<\/li>\n<\/ul>","protected":false},"excerpt":{"rendered":"<ul>\n<li>22ct Asian Gold Kada( Bitte chatten Sie mit uns, um ein Paar zu kaufen)<\/li>\n<li>Kada aus unserer Armari Kollektion<\/li>\n<li>Mit synthetischen Polki-Steinen<\/li>\n<li>Sku 32724<\/li>\n<li>Gewicht:24,3<\/li>\n<li>Alle Preise inklusive Mehrwertsteuer<\/li>\n<li>Alle unsere Produkte sind vom London Assay Office gestempelt.<\/li>\n<li>Alle Sets werden mit Pr\u00e4sentationsbox geliefert<\/li>\n<li>Lieferung inbegriffen<\/li>\n<li>Live-Chat mit uns f\u00fcr die Verf\u00fcgbarkeit und mehr Bilder von \u00e4hnlichen Designs derzeit auf Lager<\/li>\n<\/ul>","protected":false},"featured_media":316887,"comment_status":"closed","ping_status":"closed","template":"","meta":{"_eb_attr":"","_crsspst_to_jayantr4sg-hostcom":false},"product_brand":[],"product_cat":[245,1659,1233,1657,1573,1574],"product_tag":[],"class_list":{"0":"post-316885","1":"product","2":"type-product","3":"status-publish","4":"has-post-thumbnail","6":"product_cat-armari-collections","7":"product_cat-bridal-and-party-wear-gold-kada-bangle","8":"product_cat-gold-bangles","9":"product_cat-single-bangle","10":"product_cat-wedding-gifts","11":"product_cat-womens-jewellery","13":"first","14":"outofstock","15":"taxable","16":"shipping-taxable","17":"product-type-simple","18":"add-to-wishlist-before_image"},"yoast_head":"<!-- This site is optimized with the Yoast SEO plugin v27.3 - https:\/\/yoast.com\/product\/yoast-seo-wordpress\/ -->\n<title>Armari Collection 22ct Gold Kada - PureJewels UK<\/title>\n<meta name=\"robots\" content=\"index, follow, max-snippet:-1, max-image-preview:large, max-video-preview:-1\" \/>\n<link rel=\"canonical\" href=\"https:\/\/www.purejewels.com\/de\/produkt-2\/armari-kollektion-22-kt-gold-kada-32724\/\" \/>\n<meta property=\"og:locale\" content=\"de_DE\" \/>\n<meta property=\"og:type\" content=\"article\" \/>\n<meta property=\"og:title\" content=\"Armari Collection 22ct Gold Kada - PureJewels UK\" \/>\n<meta property=\"og:description\" content=\"22ct Asian Gold Kada( Please chat with us to buy a Pair)  Kada from our Armari Collection  With Synthetic Polki Stones  Sku 32724  Wt:24.3  All prices include VAT  All our products are hallmarked by London Assay Office  All set comes with presentation Box  Delivery Included  Live chat with us for availability and more images of similar designs currently in stock\" \/>\n<meta property=\"og:url\" content=\"https:\/\/www.purejewels.com\/de\/produkt-2\/armari-kollektion-22-kt-gold-kada-32724\/\" \/>\n<meta property=\"og:site_name\" content=\"PureJewels UK\" \/>\n<meta property=\"article:modified_time\" content=\"2026-01-10T16:14:12+00:00\" \/>\n<meta property=\"og:image\" content=\"https:\/\/www.purejewels.com\/wp-content\/uploads\/2020\/08\/image182645959.jpg\" \/>\n\t<meta property=\"og:image:width\" content=\"1000\" \/>\n\t<meta property=\"og:image:height\" content=\"1000\" \/>\n\t<meta property=\"og:image:type\" content=\"image\/jpeg\" \/>\n<meta name=\"twitter:card\" content=\"summary_large_image\" \/>\n<script type=\"application\/ld+json\" class=\"yoast-schema-graph\">{\"@context\":\"https:\\\/\\\/schema.org\",\"@graph\":[{\"@type\":[\"WebPage\",\"ItemPage\"],\"@id\":\"https:\\\/\\\/www.purejewels.com\\\/product\\\/armari-collection-22ct-gold-kada-32724\\\/\",\"url\":\"https:\\\/\\\/www.purejewels.com\\\/product\\\/armari-collection-22ct-gold-kada-32724\\\/\",\"name\":\"Armari Collection 22ct Gold Kada - PureJewels UK\",\"isPartOf\":{\"@id\":\"https:\\\/\\\/www.purejewels.com\\\/#website\"},\"primaryImageOfPage\":{\"@id\":\"https:\\\/\\\/www.purejewels.com\\\/product\\\/armari-collection-22ct-gold-kada-32724\\\/#primaryimage\"},\"image\":{\"@id\":\"https:\\\/\\\/www.purejewels.com\\\/product\\\/armari-collection-22ct-gold-kada-32724\\\/#primaryimage\"},\"thumbnailUrl\":\"https:\\\/\\\/static.purejewels.com\\\/wp-content\\\/uploads\\\/2020\\\/08\\\/image182645959.jpg\",\"datePublished\":\"2020-08-25T10:17:57+00:00\",\"dateModified\":\"2026-01-10T16:14:12+00:00\",\"breadcrumb\":{\"@id\":\"https:\\\/\\\/www.purejewels.com\\\/product\\\/armari-collection-22ct-gold-kada-32724\\\/#breadcrumb\"},\"inLanguage\":\"de\",\"potentialAction\":[{\"@type\":\"ReadAction\",\"target\":[\"https:\\\/\\\/www.purejewels.com\\\/product\\\/armari-collection-22ct-gold-kada-32724\\\/\"]}]},{\"@type\":\"ImageObject\",\"inLanguage\":\"de\",\"@id\":\"https:\\\/\\\/www.purejewels.com\\\/product\\\/armari-collection-22ct-gold-kada-32724\\\/#primaryimage\",\"url\":\"https:\\\/\\\/static.purejewels.com\\\/wp-content\\\/uploads\\\/2020\\\/08\\\/image182645959.jpg\",\"contentUrl\":\"https:\\\/\\\/static.purejewels.com\\\/wp-content\\\/uploads\\\/2020\\\/08\\\/image182645959.jpg\",\"width\":1000,\"height\":1000,\"caption\":\"Armari Collection 22ct Gold Polki Kada Pair Available ARKD057\"},{\"@type\":\"BreadcrumbList\",\"@id\":\"https:\\\/\\\/www.purejewels.com\\\/product\\\/armari-collection-22ct-gold-kada-32724\\\/#breadcrumb\",\"itemListElement\":[{\"@type\":\"ListItem\",\"position\":1,\"name\":\"Home\",\"item\":\"https:\\\/\\\/www.purejewels.com\\\/\"},{\"@type\":\"ListItem\",\"position\":2,\"name\":\"Shop\",\"item\":\"https:\\\/\\\/www.purejewels.com\\\/shop\\\/\"},{\"@type\":\"ListItem\",\"position\":3,\"name\":\"Armari Collection 22ct Gold Kada\"}]},{\"@type\":\"WebSite\",\"@id\":\"https:\\\/\\\/www.purejewels.com\\\/#website\",\"url\":\"https:\\\/\\\/www.purejewels.com\\\/\",\"name\":\"PureJewels UK\",\"description\":\"Share the Love\",\"publisher\":{\"@id\":\"https:\\\/\\\/www.purejewels.com\\\/#organization\"},\"potentialAction\":[{\"@type\":\"SearchAction\",\"target\":{\"@type\":\"EntryPoint\",\"urlTemplate\":\"https:\\\/\\\/www.purejewels.com\\\/?s={search_term_string}\"},\"query-input\":{\"@type\":\"PropertyValueSpecification\",\"valueRequired\":true,\"valueName\":\"search_term_string\"}}],\"inLanguage\":\"de\"},{\"@type\":\"Organization\",\"@id\":\"https:\\\/\\\/www.purejewels.com\\\/#organization\",\"name\":\"PureJewels UK\",\"url\":\"https:\\\/\\\/www.purejewels.com\\\/\",\"logo\":{\"@type\":\"ImageObject\",\"inLanguage\":\"de\",\"@id\":\"https:\\\/\\\/www.purejewels.com\\\/#\\\/schema\\\/logo\\\/image\\\/\",\"url\":\"https:\\\/\\\/static.purejewels.com\\\/wp-content\\\/uploads\\\/2020\\\/11\\\/Logo-PJ-New-1.png\",\"contentUrl\":\"https:\\\/\\\/static.purejewels.com\\\/wp-content\\\/uploads\\\/2020\\\/11\\\/Logo-PJ-New-1.png\",\"width\":150,\"height\":80,\"caption\":\"PureJewels UK\"},\"image\":{\"@id\":\"https:\\\/\\\/www.purejewels.com\\\/#\\\/schema\\\/logo\\\/image\\\/\"}}]}<\/script>\n<!-- \/ Yoast SEO plugin. -->","yoast_head_json":{"title":"Armari Sammlung 22ct Gold Kada - PureJewels UK","robots":{"index":"index","follow":"follow","max-snippet":"max-snippet:-1","max-image-preview":"max-image-preview:large","max-video-preview":"max-video-preview:-1"},"canonical":"https:\/\/www.purejewels.com\/de\/produkt-2\/armari-kollektion-22-kt-gold-kada-32724\/","og_locale":"de_DE","og_type":"article","og_title":"Armari Collection 22ct Gold Kada - PureJewels UK","og_description":"22ct Asian Gold Kada( Please chat with us to buy a Pair)  Kada from our Armari Collection  With Synthetic Polki Stones  Sku 32724  Wt:24.3  All prices include VAT  All our products are hallmarked by London Assay Office  All set comes with presentation Box  Delivery Included  Live chat with us for availability and more images of similar designs currently in stock","og_url":"https:\/\/www.purejewels.com\/de\/produkt-2\/armari-kollektion-22-kt-gold-kada-32724\/","og_site_name":"PureJewels UK","article_modified_time":"2026-01-10T16:14:12+00:00","og_image":[{"width":1000,"height":1000,"url":"https:\/\/www.purejewels.com\/wp-content\/uploads\/2020\/08\/image182645959.jpg","type":"image\/jpeg"}],"twitter_card":"summary_large_image","schema":{"@context":"https:\/\/schema.org","@graph":[{"@type":["WebPage","ItemPage"],"@id":"https:\/\/www.purejewels.com\/product\/armari-collection-22ct-gold-kada-32724\/","url":"https:\/\/www.purejewels.com\/product\/armari-collection-22ct-gold-kada-32724\/","name":"Armari Sammlung 22ct Gold Kada - PureJewels UK","isPartOf":{"@id":"https:\/\/www.purejewels.com\/#website"},"primaryImageOfPage":{"@id":"https:\/\/www.purejewels.com\/product\/armari-collection-22ct-gold-kada-32724\/#primaryimage"},"image":{"@id":"https:\/\/www.purejewels.com\/product\/armari-collection-22ct-gold-kada-32724\/#primaryimage"},"thumbnailUrl":"https:\/\/static.purejewels.com\/wp-content\/uploads\/2020\/08\/image182645959.jpg","datePublished":"2020-08-25T10:17:57+00:00","dateModified":"2026-01-10T16:14:12+00:00","breadcrumb":{"@id":"https:\/\/www.purejewels.com\/product\/armari-collection-22ct-gold-kada-32724\/#breadcrumb"},"inLanguage":"de","potentialAction":[{"@type":"ReadAction","target":["https:\/\/www.purejewels.com\/product\/armari-collection-22ct-gold-kada-32724\/"]}]},{"@type":"ImageObject","inLanguage":"de","@id":"https:\/\/www.purejewels.com\/product\/armari-collection-22ct-gold-kada-32724\/#primaryimage","url":"https:\/\/static.purejewels.com\/wp-content\/uploads\/2020\/08\/image182645959.jpg","contentUrl":"https:\/\/static.purejewels.com\/wp-content\/uploads\/2020\/08\/image182645959.jpg","width":1000,"height":1000,"caption":"Armari Collection 22ct Gold Polki Kada Pair Available ARKD057"},{"@type":"BreadcrumbList","@id":"https:\/\/www.purejewels.com\/product\/armari-collection-22ct-gold-kada-32724\/#breadcrumb","itemListElement":[{"@type":"ListItem","position":1,"name":"Home","item":"https:\/\/www.purejewels.com\/"},{"@type":"ListItem","position":2,"name":"Shop","item":"https:\/\/www.purejewels.com\/shop\/"},{"@type":"ListItem","position":3,"name":"Armari Collection 22ct Gold Kada"}]},{"@type":"WebSite","@id":"https:\/\/www.purejewels.com\/#website","url":"https:\/\/www.purejewels.com\/","name":"PureJewels UK","description":"Teile die Liebe","publisher":{"@id":"https:\/\/www.purejewels.com\/#organization"},"potentialAction":[{"@type":"SearchAction","target":{"@type":"EntryPoint","urlTemplate":"https:\/\/www.purejewels.com\/?s={search_term_string}"},"query-input":{"@type":"PropertyValueSpecification","valueRequired":true,"valueName":"search_term_string"}}],"inLanguage":"de"},{"@type":"Organization","@id":"https:\/\/www.purejewels.com\/#organization","name":"PureJewels UK","url":"https:\/\/www.purejewels.com\/","logo":{"@type":"ImageObject","inLanguage":"de","@id":"https:\/\/www.purejewels.com\/#\/schema\/logo\/image\/","url":"https:\/\/static.purejewels.com\/wp-content\/uploads\/2020\/11\/Logo-PJ-New-1.png","contentUrl":"https:\/\/static.purejewels.com\/wp-content\/uploads\/2020\/11\/Logo-PJ-New-1.png","width":150,"height":80,"caption":"PureJewels UK"},"image":{"@id":"https:\/\/www.purejewels.com\/#\/schema\/logo\/image\/"}}]}},"_links":{"self":[{"href":"https:\/\/www.purejewels.com\/de\/wp-json\/wp\/v2\/product\/316885","targetHints":{"allow":["GET"]}}],"collection":[{"href":"https:\/\/www.purejewels.com\/de\/wp-json\/wp\/v2\/product"}],"about":[{"href":"https:\/\/www.purejewels.com\/de\/wp-json\/wp\/v2\/types\/product"}],"replies":[{"embeddable":true,"href":"https:\/\/www.purejewels.com\/de\/wp-json\/wp\/v2\/comments?post=316885"}],"version-history":[{"count":1,"href":"https:\/\/www.purejewels.com\/de\/wp-json\/wp\/v2\/product\/316885\/revisions"}],"predecessor-version":[{"id":383923,"href":"https:\/\/www.purejewels.com\/de\/wp-json\/wp\/v2\/product\/316885\/revisions\/383923"}],"wp:featuredmedia":[{"embeddable":true,"href":"https:\/\/www.purejewels.com\/de\/wp-json\/wp\/v2\/media\/316887"}],"wp:attachment":[{"href":"https:\/\/www.purejewels.com\/de\/wp-json\/wp\/v2\/media?parent=316885"}],"wp:term":[{"taxonomy":"product_brand","embeddable":true,"href":"https:\/\/www.purejewels.com\/de\/wp-json\/wp\/v2\/product_brand?post=316885"},{"taxonomy":"product_cat","embeddable":true,"href":"https:\/\/www.purejewels.com\/de\/wp-json\/wp\/v2\/product_cat?post=316885"},{"taxonomy":"product_tag","embeddable":true,"href":"https:\/\/www.purejewels.com\/de\/wp-json\/wp\/v2\/product_tag?post=316885"}],"curies":[{"name":"wp","href":"https:\/\/api.w.org\/{rel}","templated":true}]}}