{"id":317057,"date":"2020-09-07T08:41:51","date_gmt":"2020-09-07T07:41:51","guid":{"rendered":"https:\/\/www.purejewels.com\/product\/22ct-gold-earring-4-9gm\/"},"modified":"2026-01-06T06:58:59","modified_gmt":"2026-01-06T06:58:59","slug":"asiatische-gold-ohrringe-de-32969","status":"publish","type":"product","link":"https:\/\/www.purejewels.com\/de\/product\/asian-gold-earrings-uk-32969\/","title":{"rendered":"Asiatische Gold-Ohrringe UK"},"content":{"rendered":"<p>M\u00f6chten Sie Ihrem Outfit einen Hauch von Eleganz verleihen? Dann sind Sie bei unserer atemberaubenden Kollektion asiatischer Goldohrringe genau richtig. Diese Ohrringe aus 22 Karat echtem Gold mit Rhodiumbeschichtung f\u00fcr einen luxuri\u00f6sen Glanz sind das perfekte Accessoire f\u00fcr jeden Anlass.<\/p>\n<p>Jeder Ohrring wiegt 4,9 Gramm und ist 3,8 cm lang, was sie zu einem auff\u00e4lligen Accessoire macht, das \u00fcberall f\u00fcr Aufsehen sorgt. Unsere Goldohrringe sind vom London Assay Office punziert, was ihre Echtheit und Qualit\u00e4t garantiert.<\/p>\n<p>Ob Sie sich selbst eine Freude machen oder nach dem perfekten Geschenk f\u00fcr einen geliebten Menschen suchen, unsere asiatischen Goldohrringe werden in einer wundersch\u00f6nen Geschenkbox geliefert und sind somit ein ganz besonderes Geschenk.<\/p>\n<p>Verpassen Sie nicht die Gelegenheit, sich mit unseren asiatischen Goldohrringen ein St\u00fcck Luxus zu sichern. Bestellen Sie noch heute und verleihen Sie Ihrer Schmuckkollektion einen Hauch von Glamour.<\/p>","protected":false},"excerpt":{"rendered":"<div class=\"woocommerce-product-details__short-description\">\n<ul>\n<li>22 Karat Gold-Ohrring mit Rhodium-Finish<\/li>\n<li>Wt. 4.9 gms<\/li>\n<li>SKU. 32969<\/li>\n<li>L\u00e4nge 1,5 Zoll<\/li>\n<li>Alle Preise inklusive Mehrwertsteuer<\/li>\n<li>Gold gestempelt von London Assay Office<\/li>\n<li>22 Karat Gold Ohrring kommt mit Geschenkbox<\/li>\n<li>Lieferung inbegriffen<\/li>\n<li>Live-Chat mit uns f\u00fcr die Verf\u00fcgbarkeit und mehr Bilder von \u00e4hnlichen Designs derzeit auf Lager<\/li>\n<\/ul>\n<\/div>\n<p>&nbsp;<\/p>","protected":false},"featured_media":317230,"comment_status":"closed","ping_status":"closed","template":"","meta":{"_eb_attr":"","_crsspst_to_jayantr4sg-hostcom":false},"product_brand":[],"product_cat":[1791,1559,1794,1685,1254,1574],"product_tag":[4122],"class_list":{"0":"post-317057","1":"product","2":"type-product","3":"status-publish","4":"has-post-thumbnail","6":"product_cat-anniversary-gifts","7":"product_cat-birthday-gifts","8":"product_cat-christmas-gifts","9":"product_cat-drop-earrings","10":"product_cat-gold-earrings","11":"product_cat-womens-jewellery","12":"product_tag-earrings-for-sale","14":"first","15":"outofstock","16":"sale","17":"taxable","18":"shipping-taxable","19":"product-type-simple","20":"add-to-wishlist-before_image"},"yoast_head":"<!-- This site is optimized with the Yoast SEO plugin v27.3 - https:\/\/yoast.com\/product\/yoast-seo-wordpress\/ -->\n<title>Buy online 22 carat Real Gold Earrings UK | PureJewels<\/title>\n<meta name=\"description\" content=\"Browse and shop our 22 Carat Real Gold Earring with Rhodium finish. 22 Carat Gold Earring Comes With Presentation Box.\" \/>\n<meta name=\"robots\" content=\"index, follow, max-snippet:-1, max-image-preview:large, max-video-preview:-1\" \/>\n<link rel=\"canonical\" href=\"https:\/\/www.purejewels.com\/de\/produkt-2\/asiatische-gold-ohrringe-de-32969\/\" \/>\n<meta property=\"og:locale\" content=\"de_DE\" \/>\n<meta property=\"og:type\" content=\"article\" \/>\n<meta property=\"og:title\" content=\"Buy online 22 carat Real Gold Earrings UK | PureJewels\" \/>\n<meta property=\"og:description\" content=\"Browse and shop our 22 Carat Real Gold Earring with Rhodium finish. 22 Carat Gold Earring Comes With Presentation Box.\" \/>\n<meta property=\"og:url\" content=\"https:\/\/www.purejewels.com\/de\/produkt-2\/asiatische-gold-ohrringe-de-32969\/\" \/>\n<meta property=\"og:site_name\" content=\"PureJewels UK\" \/>\n<meta property=\"article:modified_time\" content=\"2026-01-06T06:58:59+00:00\" \/>\n<meta property=\"og:image\" content=\"https:\/\/www.purejewels.com\/wp-content\/uploads\/2020\/09\/image185469773.jpg\" \/>\n\t<meta property=\"og:image:width\" content=\"1000\" \/>\n\t<meta property=\"og:image:height\" content=\"1000\" \/>\n\t<meta property=\"og:image:type\" content=\"image\/jpeg\" \/>\n<meta name=\"twitter:card\" content=\"summary_large_image\" \/>\n<meta name=\"twitter:label1\" content=\"Gesch\u00e4tzte Lesezeit\" \/>\n\t<meta name=\"twitter:data1\" content=\"1\u00a0Minute\" \/>\n<script type=\"application\/ld+json\" class=\"yoast-schema-graph\">{\"@context\":\"https:\\\/\\\/schema.org\",\"@graph\":[{\"@type\":[\"WebPage\",\"ItemPage\"],\"@id\":\"https:\\\/\\\/www.purejewels.com\\\/product\\\/asian-gold-earrings-uk-32969\\\/\",\"url\":\"https:\\\/\\\/www.purejewels.com\\\/product\\\/asian-gold-earrings-uk-32969\\\/\",\"name\":\"Buy online 22 carat Real Gold Earrings UK | PureJewels\",\"isPartOf\":{\"@id\":\"https:\\\/\\\/www.purejewels.com\\\/#website\"},\"primaryImageOfPage\":{\"@id\":\"https:\\\/\\\/www.purejewels.com\\\/product\\\/asian-gold-earrings-uk-32969\\\/#primaryimage\"},\"image\":{\"@id\":\"https:\\\/\\\/www.purejewels.com\\\/product\\\/asian-gold-earrings-uk-32969\\\/#primaryimage\"},\"thumbnailUrl\":\"https:\\\/\\\/static.purejewels.com\\\/wp-content\\\/uploads\\\/2020\\\/09\\\/image185469773.jpg\",\"datePublished\":\"2020-09-07T07:41:51+00:00\",\"dateModified\":\"2026-01-06T06:58:59+00:00\",\"description\":\"Browse and shop our 22 Carat Real Gold Earring with Rhodium finish. 22 Carat Gold Earring Comes With Presentation Box.\",\"breadcrumb\":{\"@id\":\"https:\\\/\\\/www.purejewels.com\\\/product\\\/asian-gold-earrings-uk-32969\\\/#breadcrumb\"},\"inLanguage\":\"de\",\"potentialAction\":[{\"@type\":\"ReadAction\",\"target\":[\"https:\\\/\\\/www.purejewels.com\\\/product\\\/asian-gold-earrings-uk-32969\\\/\"]}]},{\"@type\":\"ImageObject\",\"inLanguage\":\"de\",\"@id\":\"https:\\\/\\\/www.purejewels.com\\\/product\\\/asian-gold-earrings-uk-32969\\\/#primaryimage\",\"url\":\"https:\\\/\\\/static.purejewels.com\\\/wp-content\\\/uploads\\\/2020\\\/09\\\/image185469773.jpg\",\"contentUrl\":\"https:\\\/\\\/static.purejewels.com\\\/wp-content\\\/uploads\\\/2020\\\/09\\\/image185469773.jpg\",\"width\":1000,\"height\":1000,\"caption\":\"22ct Gold Light Flat Earring YGER283\"},{\"@type\":\"BreadcrumbList\",\"@id\":\"https:\\\/\\\/www.purejewels.com\\\/product\\\/asian-gold-earrings-uk-32969\\\/#breadcrumb\",\"itemListElement\":[{\"@type\":\"ListItem\",\"position\":1,\"name\":\"Home\",\"item\":\"https:\\\/\\\/www.purejewels.com\\\/\"},{\"@type\":\"ListItem\",\"position\":2,\"name\":\"Shop\",\"item\":\"https:\\\/\\\/www.purejewels.com\\\/shop\\\/\"},{\"@type\":\"ListItem\",\"position\":3,\"name\":\"Asian Gold Earrings UK\"}]},{\"@type\":\"WebSite\",\"@id\":\"https:\\\/\\\/www.purejewels.com\\\/#website\",\"url\":\"https:\\\/\\\/www.purejewels.com\\\/\",\"name\":\"PureJewels UK\",\"description\":\"Share the Love\",\"publisher\":{\"@id\":\"https:\\\/\\\/www.purejewels.com\\\/#organization\"},\"potentialAction\":[{\"@type\":\"SearchAction\",\"target\":{\"@type\":\"EntryPoint\",\"urlTemplate\":\"https:\\\/\\\/www.purejewels.com\\\/?s={search_term_string}\"},\"query-input\":{\"@type\":\"PropertyValueSpecification\",\"valueRequired\":true,\"valueName\":\"search_term_string\"}}],\"inLanguage\":\"de\"},{\"@type\":\"Organization\",\"@id\":\"https:\\\/\\\/www.purejewels.com\\\/#organization\",\"name\":\"PureJewels UK\",\"url\":\"https:\\\/\\\/www.purejewels.com\\\/\",\"logo\":{\"@type\":\"ImageObject\",\"inLanguage\":\"de\",\"@id\":\"https:\\\/\\\/www.purejewels.com\\\/#\\\/schema\\\/logo\\\/image\\\/\",\"url\":\"https:\\\/\\\/static.purejewels.com\\\/wp-content\\\/uploads\\\/2020\\\/11\\\/Logo-PJ-New-1.png\",\"contentUrl\":\"https:\\\/\\\/static.purejewels.com\\\/wp-content\\\/uploads\\\/2020\\\/11\\\/Logo-PJ-New-1.png\",\"width\":150,\"height\":80,\"caption\":\"PureJewels UK\"},\"image\":{\"@id\":\"https:\\\/\\\/www.purejewels.com\\\/#\\\/schema\\\/logo\\\/image\\\/\"}}]}<\/script>\n<!-- \/ Yoast SEO plugin. -->","yoast_head_json":{"title":"Online 22 Karat Echtgold Ohrringe UK kaufen | PureJewels","description":"St\u00f6bern und kaufen Sie unsere 22 Karat Echtgold Ohrring mit Rhodium-Finish. 22 Karat Gold Ohrring kommt mit Geschenkbox.","robots":{"index":"index","follow":"follow","max-snippet":"max-snippet:-1","max-image-preview":"max-image-preview:large","max-video-preview":"max-video-preview:-1"},"canonical":"https:\/\/www.purejewels.com\/de\/produkt-2\/asiatische-gold-ohrringe-de-32969\/","og_locale":"de_DE","og_type":"article","og_title":"Buy online 22 carat Real Gold Earrings UK | PureJewels","og_description":"Browse and shop our 22 Carat Real Gold Earring with Rhodium finish. 22 Carat Gold Earring Comes With Presentation Box.","og_url":"https:\/\/www.purejewels.com\/de\/produkt-2\/asiatische-gold-ohrringe-de-32969\/","og_site_name":"PureJewels UK","article_modified_time":"2026-01-06T06:58:59+00:00","og_image":[{"width":1000,"height":1000,"url":"https:\/\/www.purejewels.com\/wp-content\/uploads\/2020\/09\/image185469773.jpg","type":"image\/jpeg"}],"twitter_card":"summary_large_image","twitter_misc":{"Gesch\u00e4tzte Lesezeit":"1\u00a0Minute"},"schema":{"@context":"https:\/\/schema.org","@graph":[{"@type":["WebPage","ItemPage"],"@id":"https:\/\/www.purejewels.com\/product\/asian-gold-earrings-uk-32969\/","url":"https:\/\/www.purejewels.com\/product\/asian-gold-earrings-uk-32969\/","name":"Online 22 Karat Echtgold Ohrringe UK kaufen | PureJewels","isPartOf":{"@id":"https:\/\/www.purejewels.com\/#website"},"primaryImageOfPage":{"@id":"https:\/\/www.purejewels.com\/product\/asian-gold-earrings-uk-32969\/#primaryimage"},"image":{"@id":"https:\/\/www.purejewels.com\/product\/asian-gold-earrings-uk-32969\/#primaryimage"},"thumbnailUrl":"https:\/\/static.purejewels.com\/wp-content\/uploads\/2020\/09\/image185469773.jpg","datePublished":"2020-09-07T07:41:51+00:00","dateModified":"2026-01-06T06:58:59+00:00","description":"St\u00f6bern und kaufen Sie unsere 22 Karat Echtgold Ohrring mit Rhodium-Finish. 22 Karat Gold Ohrring kommt mit Geschenkbox.","breadcrumb":{"@id":"https:\/\/www.purejewels.com\/product\/asian-gold-earrings-uk-32969\/#breadcrumb"},"inLanguage":"de","potentialAction":[{"@type":"ReadAction","target":["https:\/\/www.purejewels.com\/product\/asian-gold-earrings-uk-32969\/"]}]},{"@type":"ImageObject","inLanguage":"de","@id":"https:\/\/www.purejewels.com\/product\/asian-gold-earrings-uk-32969\/#primaryimage","url":"https:\/\/static.purejewels.com\/wp-content\/uploads\/2020\/09\/image185469773.jpg","contentUrl":"https:\/\/static.purejewels.com\/wp-content\/uploads\/2020\/09\/image185469773.jpg","width":1000,"height":1000,"caption":"22ct Gold Light Flat Earring YGER283"},{"@type":"BreadcrumbList","@id":"https:\/\/www.purejewels.com\/product\/asian-gold-earrings-uk-32969\/#breadcrumb","itemListElement":[{"@type":"ListItem","position":1,"name":"Home","item":"https:\/\/www.purejewels.com\/"},{"@type":"ListItem","position":2,"name":"Shop","item":"https:\/\/www.purejewels.com\/shop\/"},{"@type":"ListItem","position":3,"name":"Asian Gold Earrings UK"}]},{"@type":"WebSite","@id":"https:\/\/www.purejewels.com\/#website","url":"https:\/\/www.purejewels.com\/","name":"PureJewels UK","description":"Teile die Liebe","publisher":{"@id":"https:\/\/www.purejewels.com\/#organization"},"potentialAction":[{"@type":"SearchAction","target":{"@type":"EntryPoint","urlTemplate":"https:\/\/www.purejewels.com\/?s={search_term_string}"},"query-input":{"@type":"PropertyValueSpecification","valueRequired":true,"valueName":"search_term_string"}}],"inLanguage":"de"},{"@type":"Organization","@id":"https:\/\/www.purejewels.com\/#organization","name":"PureJewels UK","url":"https:\/\/www.purejewels.com\/","logo":{"@type":"ImageObject","inLanguage":"de","@id":"https:\/\/www.purejewels.com\/#\/schema\/logo\/image\/","url":"https:\/\/static.purejewels.com\/wp-content\/uploads\/2020\/11\/Logo-PJ-New-1.png","contentUrl":"https:\/\/static.purejewels.com\/wp-content\/uploads\/2020\/11\/Logo-PJ-New-1.png","width":150,"height":80,"caption":"PureJewels UK"},"image":{"@id":"https:\/\/www.purejewels.com\/#\/schema\/logo\/image\/"}}]}},"_links":{"self":[{"href":"https:\/\/www.purejewels.com\/de\/wp-json\/wp\/v2\/product\/317057","targetHints":{"allow":["GET"]}}],"collection":[{"href":"https:\/\/www.purejewels.com\/de\/wp-json\/wp\/v2\/product"}],"about":[{"href":"https:\/\/www.purejewels.com\/de\/wp-json\/wp\/v2\/types\/product"}],"replies":[{"embeddable":true,"href":"https:\/\/www.purejewels.com\/de\/wp-json\/wp\/v2\/comments?post=317057"}],"version-history":[{"count":2,"href":"https:\/\/www.purejewels.com\/de\/wp-json\/wp\/v2\/product\/317057\/revisions"}],"predecessor-version":[{"id":420912,"href":"https:\/\/www.purejewels.com\/de\/wp-json\/wp\/v2\/product\/317057\/revisions\/420912"}],"wp:featuredmedia":[{"embeddable":true,"href":"https:\/\/www.purejewels.com\/de\/wp-json\/wp\/v2\/media\/317230"}],"wp:attachment":[{"href":"https:\/\/www.purejewels.com\/de\/wp-json\/wp\/v2\/media?parent=317057"}],"wp:term":[{"taxonomy":"product_brand","embeddable":true,"href":"https:\/\/www.purejewels.com\/de\/wp-json\/wp\/v2\/product_brand?post=317057"},{"taxonomy":"product_cat","embeddable":true,"href":"https:\/\/www.purejewels.com\/de\/wp-json\/wp\/v2\/product_cat?post=317057"},{"taxonomy":"product_tag","embeddable":true,"href":"https:\/\/www.purejewels.com\/de\/wp-json\/wp\/v2\/product_tag?post=317057"}],"curies":[{"name":"wp","href":"https:\/\/api.w.org\/{rel}","templated":true}]}}