{"id":317201,"date":"2020-09-14T12:33:47","date_gmt":"2020-09-14T11:33:47","guid":{"rendered":"https:\/\/www.purejewels.com\/product\/22ct-gold-baby-bangle-10gm\/"},"modified":"2026-03-13T06:03:31","modified_gmt":"2026-03-13T06:03:31","slug":"baby-armreif-aus-22-karat-gold-49218","status":"publish","type":"product","link":"https:\/\/www.purejewels.com\/de\/product\/22ct-gold-baby-bangle-49218\/","title":{"rendered":"22ct Gelbgold D geformt Baby Kada"},"content":{"rendered":"<p>Der Baby-Kada aus 22 Karat Gelbgold ist ein zeitloses Schmuckst\u00fcck, das die ersten kostbaren Momente des Lebens zelebriert. Mit seiner glatt polierten Oberfl\u00e4che und den sanften Konturen bietet dieser elegante Armreif Komfort und Haltbarkeit f\u00fcr kleine Handgelenke. Der warme Glanz des reinen Goldes spiegelt die traditionelle Handwerkskunst wider und macht ihn zu einem bedeutungsvollen Erinnerungsst\u00fcck, an das man sich noch viele Jahre lang erinnern wird.<\/p>\n<h3 data-section-id=\"1qj9e1g\" data-start=\"1128\" data-end=\"1148\">Designkonzept<\/h3>\n<p data-start=\"1149\" data-end=\"1326\">Inspiriert von traditionellem Babyschmuck, symbolisiert die schlichte runde Form Schutz, Liebe und Kontinuit\u00e4t. Das sauber polierte Design unterstreicht die nat\u00fcrliche Sch\u00f6nheit des reinen Goldes.<\/p>\n<h3 data-section-id=\"n147pz\" data-start=\"1333\" data-end=\"1352\">Handwerkliches K\u00f6nnen<\/h3>\n<p data-start=\"1353\" data-end=\"1558\">Die fachm\u00e4nnisch aus hochreinem 22-kar\u00e4tigem Gelbgold gefertigte Kada zeichnet sich durch eine glatte Oberfl\u00e4che und eine ausgewogene Formgebung aus, um Komfort und Haltbarkeit zu gew\u00e4hrleisten. Jedes St\u00fcck zeugt von sorgf\u00e4ltiger Goldschmiedekunst und Liebe zum Detail.<\/p>\n<h3 data-section-id=\"lvxqx6\" data-start=\"1565\" data-end=\"1583\">Styling-Tipps<\/h3>\n<p data-start=\"1584\" data-end=\"1773\" data-is-last-node=\"\" data-is-only-node=\"\">Ein sinnvolles Geschenk f\u00fcr Neugeborene und besondere Meilensteine.<br data-start=\"1650\" data-end=\"1653\" \/>Kombinieren Sie sie mit einem Baby-Armband oder -Anh\u00e4nger f\u00fcr ein koordiniertes Set.<br data-start=\"1712\" data-end=\"1715\" \/>Ein zeitloses Andenken, das \u00fcber Generationen hinweg bewahrt werden kann.<\/p>","protected":false},"excerpt":{"rendered":"<p>Ein klassischer Baby-Kada aus 22-kar\u00e4tigem Gelbgold mit einer glatten, polierten Oberfl\u00e4che, die f\u00fcr Komfort und t\u00e4gliches Tragen konzipiert ist.<\/p>\n<ul>\n<li>Baby-Armreifen in 22\u00a0<span id=\"urn:enhancement-12aa0076\" class=\"textannotation\">Karat<\/span>\u00a0<span id=\"urn:enhancement-379dd17f\" class=\"textannotation\">Gold<\/span><\/li>\n<li>Geeignet f\u00fcr Kinder, Kinder, Kind<\/li>\n<li>Wt. 8.40 gms<\/li>\n<li>SKU. 49351<\/li>\n<li>Kann auf Bestellung in verschiedenen Gr\u00f6\u00dfen angefertigt werden.<\/li>\n<li>Alle Preise inklusive Mehrwertsteuer<\/li>\n<li>Alle unsere\u00a0<span id=\"urn:enhancement-9c9d9bf7\" class=\"textannotation\">Produkte<\/span>\u00a0werden von London gestempelt\u00a0<span id=\"urn:enhancement-dd08badb\" class=\"textannotation\">Pr\u00fcfstelle<\/span><\/li>\n<li>Mit Pr\u00e4sentationsbox<\/li>\n<li>Lieferung inbegriffen<\/li>\n<li>Live-Chat mit uns f\u00fcr die Verf\u00fcgbarkeit und mehr Bilder von \u00e4hnlichen Baby Kara Designs derzeit in\u00a0<span id=\"urn:enhancement-398ac0ac\" class=\"textannotation\">Aktie<\/span><\/li>\n<\/ul>","protected":false},"featured_media":317203,"comment_status":"closed","ping_status":"closed","template":"","meta":{"_eb_attr":"","_crsspst_to_jayantr4sg-hostcom":false},"product_brand":[],"product_cat":[1576,1229,1526,1436,5943],"product_tag":[],"class_list":{"0":"post-317201","1":"product","2":"type-product","3":"status-publish","4":"has-post-thumbnail","6":"product_cat-childrens-jewellery","7":"product_cat-22ct-gold-jewellery","8":"product_cat-kids-bangles","9":"product_cat-kids-bracelet-kada","10":"product_cat-kids-jewellery","12":"first","13":"instock","14":"taxable","15":"shipping-taxable","16":"purchasable","17":"product-type-simple","18":"add-to-wishlist-before_image"},"yoast_head":"<!-- This site is optimized with the Yoast SEO plugin v27.6 - https:\/\/yoast.com\/product\/yoast-seo-wordpress\/ -->\n<title>Baby Kada 22ct Yellow Gold PureJewels London<\/title>\n<meta name=\"description\" content=\"Discover a baby kada crafted in 22ct yellow gold. A timeless and elegant gold bangle designed as a meaningful gift for newborns and children.\" \/>\n<meta name=\"robots\" content=\"index, follow, max-snippet:-1, max-image-preview:large, max-video-preview:-1\" \/>\n<link rel=\"canonical\" href=\"https:\/\/www.purejewels.com\/de\/produkt-2\/baby-armreif-aus-22-karat-gold-49218\/\" \/>\n<meta property=\"og:locale\" content=\"de_DE\" \/>\n<meta property=\"og:type\" content=\"article\" \/>\n<meta property=\"og:title\" content=\"Baby Kada 22ct Yellow Gold PureJewels London\" \/>\n<meta property=\"og:description\" content=\"Discover a baby kada crafted in 22ct yellow gold. A timeless and elegant gold bangle designed as a meaningful gift for newborns and children.\" \/>\n<meta property=\"og:url\" content=\"https:\/\/www.purejewels.com\/de\/produkt-2\/baby-armreif-aus-22-karat-gold-49218\/\" \/>\n<meta property=\"og:site_name\" content=\"PureJewels UK\" \/>\n<meta property=\"article:modified_time\" content=\"2026-03-13T06:03:31+00:00\" \/>\n<meta property=\"og:image\" content=\"https:\/\/static.purejewels.com\/wp-content\/uploads\/2020\/09\/image185358520.jpg\" \/>\n\t<meta property=\"og:image:width\" content=\"1000\" \/>\n\t<meta property=\"og:image:height\" content=\"1000\" \/>\n\t<meta property=\"og:image:type\" content=\"image\/jpeg\" \/>\n<meta name=\"twitter:card\" content=\"summary_large_image\" \/>\n<meta name=\"twitter:label1\" content=\"Gesch\u00e4tzte Lesezeit\" \/>\n\t<meta name=\"twitter:data1\" content=\"1\u00a0Minute\" \/>\n<script type=\"application\/ld+json\" class=\"yoast-schema-graph\">{\"@context\":\"https:\\\/\\\/schema.org\",\"@graph\":[{\"@type\":[\"WebPage\",\"ItemPage\"],\"@id\":\"https:\\\/\\\/www.purejewels.com\\\/product\\\/22ct-gold-baby-bangle-49218\\\/\",\"url\":\"https:\\\/\\\/www.purejewels.com\\\/product\\\/22ct-gold-baby-bangle-49218\\\/\",\"name\":\"Baby Kada 22ct Yellow Gold PureJewels London\",\"isPartOf\":{\"@id\":\"https:\\\/\\\/www.purejewels.com\\\/#website\"},\"primaryImageOfPage\":{\"@id\":\"https:\\\/\\\/www.purejewels.com\\\/product\\\/22ct-gold-baby-bangle-49218\\\/#primaryimage\"},\"image\":{\"@id\":\"https:\\\/\\\/www.purejewels.com\\\/product\\\/22ct-gold-baby-bangle-49218\\\/#primaryimage\"},\"thumbnailUrl\":\"https:\\\/\\\/static.purejewels.com\\\/wp-content\\\/uploads\\\/2020\\\/09\\\/image185358520.jpg\",\"datePublished\":\"2020-09-14T11:33:47+00:00\",\"dateModified\":\"2026-03-13T06:03:31+00:00\",\"description\":\"Discover a baby kada crafted in 22ct yellow gold. A timeless and elegant gold bangle designed as a meaningful gift for newborns and children.\",\"breadcrumb\":{\"@id\":\"https:\\\/\\\/www.purejewels.com\\\/product\\\/22ct-gold-baby-bangle-49218\\\/#breadcrumb\"},\"inLanguage\":\"de\",\"potentialAction\":[{\"@type\":\"ReadAction\",\"target\":[\"https:\\\/\\\/www.purejewels.com\\\/product\\\/22ct-gold-baby-bangle-49218\\\/\"]}]},{\"@type\":\"ImageObject\",\"inLanguage\":\"de\",\"@id\":\"https:\\\/\\\/www.purejewels.com\\\/product\\\/22ct-gold-baby-bangle-49218\\\/#primaryimage\",\"url\":\"https:\\\/\\\/static.purejewels.com\\\/wp-content\\\/uploads\\\/2020\\\/09\\\/image185358520.jpg\",\"contentUrl\":\"https:\\\/\\\/static.purejewels.com\\\/wp-content\\\/uploads\\\/2020\\\/09\\\/image185358520.jpg\",\"width\":1000,\"height\":1000,\"caption\":\"22ct Gold Medium Kara Baby Bangle YGBB031\"},{\"@type\":\"BreadcrumbList\",\"@id\":\"https:\\\/\\\/www.purejewels.com\\\/product\\\/22ct-gold-baby-bangle-49218\\\/#breadcrumb\",\"itemListElement\":[{\"@type\":\"ListItem\",\"position\":1,\"name\":\"Home\",\"item\":\"https:\\\/\\\/www.purejewels.com\\\/\"},{\"@type\":\"ListItem\",\"position\":2,\"name\":\"Shop\",\"item\":\"https:\\\/\\\/www.purejewels.com\\\/shop\\\/\"},{\"@type\":\"ListItem\",\"position\":3,\"name\":\"22ct Yellow Gold D Shaped Baby Kada\"}]},{\"@type\":\"WebSite\",\"@id\":\"https:\\\/\\\/www.purejewels.com\\\/#website\",\"url\":\"https:\\\/\\\/www.purejewels.com\\\/\",\"name\":\"PureJewels UK\",\"description\":\"Share the Love\",\"publisher\":{\"@id\":\"https:\\\/\\\/www.purejewels.com\\\/#organization\"},\"potentialAction\":[{\"@type\":\"SearchAction\",\"target\":{\"@type\":\"EntryPoint\",\"urlTemplate\":\"https:\\\/\\\/www.purejewels.com\\\/?s={search_term_string}\"},\"query-input\":{\"@type\":\"PropertyValueSpecification\",\"valueRequired\":true,\"valueName\":\"search_term_string\"}}],\"inLanguage\":\"de\"},{\"@type\":\"Organization\",\"@id\":\"https:\\\/\\\/www.purejewels.com\\\/#organization\",\"name\":\"PureJewels UK\",\"url\":\"https:\\\/\\\/www.purejewels.com\\\/\",\"logo\":{\"@type\":\"ImageObject\",\"inLanguage\":\"de\",\"@id\":\"https:\\\/\\\/www.purejewels.com\\\/#\\\/schema\\\/logo\\\/image\\\/\",\"url\":\"https:\\\/\\\/static.purejewels.com\\\/wp-content\\\/uploads\\\/2020\\\/11\\\/Logo-PJ-New-1.png\",\"contentUrl\":\"https:\\\/\\\/static.purejewels.com\\\/wp-content\\\/uploads\\\/2020\\\/11\\\/Logo-PJ-New-1.png\",\"width\":150,\"height\":80,\"caption\":\"PureJewels UK\"},\"image\":{\"@id\":\"https:\\\/\\\/www.purejewels.com\\\/#\\\/schema\\\/logo\\\/image\\\/\"}}]}<\/script>\n<!-- \/ Yoast SEO plugin. -->","yoast_head_json":{"title":"Baby Kada 22ct Gelbgold PureJewels London","description":"Entdecken Sie eine Baby-Kada aus 22 Karat Gelbgold. Ein zeitloser und eleganter Goldarmreif, der als bedeutungsvolles Geschenk f\u00fcr Neugeborene und Kinder gedacht ist.","robots":{"index":"index","follow":"follow","max-snippet":"max-snippet:-1","max-image-preview":"max-image-preview:large","max-video-preview":"max-video-preview:-1"},"canonical":"https:\/\/www.purejewels.com\/de\/produkt-2\/baby-armreif-aus-22-karat-gold-49218\/","og_locale":"de_DE","og_type":"article","og_title":"Baby Kada 22ct Yellow Gold PureJewels London","og_description":"Discover a baby kada crafted in 22ct yellow gold. A timeless and elegant gold bangle designed as a meaningful gift for newborns and children.","og_url":"https:\/\/www.purejewels.com\/de\/produkt-2\/baby-armreif-aus-22-karat-gold-49218\/","og_site_name":"PureJewels UK","article_modified_time":"2026-03-13T06:03:31+00:00","og_image":[{"width":1000,"height":1000,"url":"https:\/\/static.purejewels.com\/wp-content\/uploads\/2020\/09\/image185358520.jpg","type":"image\/jpeg"}],"twitter_card":"summary_large_image","twitter_misc":{"Gesch\u00e4tzte Lesezeit":"1\u00a0Minute"},"schema":{"@context":"https:\/\/schema.org","@graph":[{"@type":["WebPage","ItemPage"],"@id":"https:\/\/www.purejewels.com\/product\/22ct-gold-baby-bangle-49218\/","url":"https:\/\/www.purejewels.com\/product\/22ct-gold-baby-bangle-49218\/","name":"Baby Kada 22ct Gelbgold PureJewels London","isPartOf":{"@id":"https:\/\/www.purejewels.com\/#website"},"primaryImageOfPage":{"@id":"https:\/\/www.purejewels.com\/product\/22ct-gold-baby-bangle-49218\/#primaryimage"},"image":{"@id":"https:\/\/www.purejewels.com\/product\/22ct-gold-baby-bangle-49218\/#primaryimage"},"thumbnailUrl":"https:\/\/static.purejewels.com\/wp-content\/uploads\/2020\/09\/image185358520.jpg","datePublished":"2020-09-14T11:33:47+00:00","dateModified":"2026-03-13T06:03:31+00:00","description":"Entdecken Sie eine Baby-Kada aus 22 Karat Gelbgold. Ein zeitloser und eleganter Goldarmreif, der als bedeutungsvolles Geschenk f\u00fcr Neugeborene und Kinder gedacht ist.","breadcrumb":{"@id":"https:\/\/www.purejewels.com\/product\/22ct-gold-baby-bangle-49218\/#breadcrumb"},"inLanguage":"de","potentialAction":[{"@type":"ReadAction","target":["https:\/\/www.purejewels.com\/product\/22ct-gold-baby-bangle-49218\/"]}]},{"@type":"ImageObject","inLanguage":"de","@id":"https:\/\/www.purejewels.com\/product\/22ct-gold-baby-bangle-49218\/#primaryimage","url":"https:\/\/static.purejewels.com\/wp-content\/uploads\/2020\/09\/image185358520.jpg","contentUrl":"https:\/\/static.purejewels.com\/wp-content\/uploads\/2020\/09\/image185358520.jpg","width":1000,"height":1000,"caption":"22ct Gold Medium Kara Baby Bangle YGBB031"},{"@type":"BreadcrumbList","@id":"https:\/\/www.purejewels.com\/product\/22ct-gold-baby-bangle-49218\/#breadcrumb","itemListElement":[{"@type":"ListItem","position":1,"name":"Home","item":"https:\/\/www.purejewels.com\/"},{"@type":"ListItem","position":2,"name":"Shop","item":"https:\/\/www.purejewels.com\/shop\/"},{"@type":"ListItem","position":3,"name":"22ct Yellow Gold D Shaped Baby Kada"}]},{"@type":"WebSite","@id":"https:\/\/www.purejewels.com\/#website","url":"https:\/\/www.purejewels.com\/","name":"PureJewels UK","description":"Teile die Liebe","publisher":{"@id":"https:\/\/www.purejewels.com\/#organization"},"potentialAction":[{"@type":"SearchAction","target":{"@type":"EntryPoint","urlTemplate":"https:\/\/www.purejewels.com\/?s={search_term_string}"},"query-input":{"@type":"PropertyValueSpecification","valueRequired":true,"valueName":"search_term_string"}}],"inLanguage":"de"},{"@type":"Organization","@id":"https:\/\/www.purejewels.com\/#organization","name":"PureJewels UK","url":"https:\/\/www.purejewels.com\/","logo":{"@type":"ImageObject","inLanguage":"de","@id":"https:\/\/www.purejewels.com\/#\/schema\/logo\/image\/","url":"https:\/\/static.purejewels.com\/wp-content\/uploads\/2020\/11\/Logo-PJ-New-1.png","contentUrl":"https:\/\/static.purejewels.com\/wp-content\/uploads\/2020\/11\/Logo-PJ-New-1.png","width":150,"height":80,"caption":"PureJewels UK"},"image":{"@id":"https:\/\/www.purejewels.com\/#\/schema\/logo\/image\/"}}]}},"_links":{"self":[{"href":"https:\/\/www.purejewels.com\/de\/wp-json\/wp\/v2\/product\/317201","targetHints":{"allow":["GET"]}}],"collection":[{"href":"https:\/\/www.purejewels.com\/de\/wp-json\/wp\/v2\/product"}],"about":[{"href":"https:\/\/www.purejewels.com\/de\/wp-json\/wp\/v2\/types\/product"}],"replies":[{"embeddable":true,"href":"https:\/\/www.purejewels.com\/de\/wp-json\/wp\/v2\/comments?post=317201"}],"version-history":[{"count":5,"href":"https:\/\/www.purejewels.com\/de\/wp-json\/wp\/v2\/product\/317201\/revisions"}],"predecessor-version":[{"id":427024,"href":"https:\/\/www.purejewels.com\/de\/wp-json\/wp\/v2\/product\/317201\/revisions\/427024"}],"wp:featuredmedia":[{"embeddable":true,"href":"https:\/\/www.purejewels.com\/de\/wp-json\/wp\/v2\/media\/317203"}],"wp:attachment":[{"href":"https:\/\/www.purejewels.com\/de\/wp-json\/wp\/v2\/media?parent=317201"}],"wp:term":[{"taxonomy":"product_brand","embeddable":true,"href":"https:\/\/www.purejewels.com\/de\/wp-json\/wp\/v2\/product_brand?post=317201"},{"taxonomy":"product_cat","embeddable":true,"href":"https:\/\/www.purejewels.com\/de\/wp-json\/wp\/v2\/product_cat?post=317201"},{"taxonomy":"product_tag","embeddable":true,"href":"https:\/\/www.purejewels.com\/de\/wp-json\/wp\/v2\/product_tag?post=317201"}],"curies":[{"name":"wp","href":"https:\/\/api.w.org\/{rel}","templated":true}]}}