{"id":317209,"date":"2020-09-15T05:55:24","date_gmt":"2020-09-15T04:55:24","guid":{"rendered":"https:\/\/www.purejewels.com\/product\/22ct-gold-ladies-bracelet-6-8-gm\/"},"modified":"2026-01-06T09:44:05","modified_gmt":"2026-01-06T09:44:05","slug":"22ct-gold-damenarmband-32144","status":"publish","type":"product","link":"https:\/\/www.purejewels.com\/de\/product\/22ct-gold-ladies-bracelet-32144\/","title":{"rendered":"22ct Gold Damenarmband 6.8 gm"},"content":{"rendered":"<ul>\n<li>Gewicht 6,8 g<\/li>\n<li>Sku 32144<\/li>\n<\/ul>","protected":false},"excerpt":{"rendered":"<ul>\n<li>22ct\u00a0<span id=\"urn:enhancement-6b5dda1b\" class=\"textannotation\">Gold<\/span>\u00a0Damen-Armband<\/li>\n<li>Gewicht 6,8 g<\/li>\n<li>Sku 32144<\/li>\n<li>L\u00e4nge 7 Zoll<\/li>\n<li>Alle Preise inklusive Mehrwertsteuer<\/li>\n<li>Alle 22\u00a0<span id=\"urn:enhancement-96f8acd8\" class=\"textannotation\">Karat<\/span>\u00a0<span id=\"urn:enhancement-475c5677\" class=\"textannotation\">Gold<\/span>\u00a0Armb\u00e4nder sind von London gestempelt\u00a0<span id=\"urn:enhancement-50f6b5fe\" class=\"textannotation\">Pr\u00fcfstelle<\/span><\/li>\n<li>Alle\u00a0<span id=\"urn:enhancement-a52000c\" class=\"textannotation\">Gold<\/span>\u00a0Armband f\u00fcr Frauen kommt mit Geschenkbox<\/li>\n<li>Lieferung inbegriffen<\/li>\n<li>Live-Chat mit uns f\u00fcr die Verf\u00fcgbarkeit und mehr Bilder von \u00e4hnlichen\u00a0<span id=\"urn:enhancement-bc77c438\" class=\"textannotation\">Entw\u00fcrfe<\/span>\u00a0derzeit in\u00a0<span id=\"urn:enhancement-973deb93\" class=\"textannotation\">Aktie<\/span><\/li>\n<\/ul>","protected":false},"featured_media":317211,"comment_status":"closed","ping_status":"closed","template":"","meta":{"_eb_attr":"","_crsspst_to_jayantr4sg-hostcom":true},"product_brand":[],"product_cat":[1791,1559,1324,1627,1575,1573,1574],"product_tag":[],"class_list":{"0":"post-317209","1":"product","2":"type-product","3":"status-publish","4":"has-post-thumbnail","6":"product_cat-anniversary-gifts","7":"product_cat-birthday-gifts","8":"product_cat-gold-bracelet","9":"product_cat-ladies-bracelet","10":"product_cat-teenage-jewellery","11":"product_cat-wedding-gifts","12":"product_cat-womens-jewellery","14":"first","15":"outofstock","16":"taxable","17":"shipping-taxable","18":"product-type-simple","19":"add-to-wishlist-before_image"},"yoast_head":"<!-- This site is optimized with the Yoast SEO plugin v27.3 - https:\/\/yoast.com\/product\/yoast-seo-wordpress\/ -->\n<title>22ct Gold Ladies Bracelet 6.8 gm - PureJewels UK<\/title>\n<meta name=\"robots\" content=\"index, follow, max-snippet:-1, max-image-preview:large, max-video-preview:-1\" \/>\n<link rel=\"canonical\" href=\"https:\/\/www.purejewels.com\/de\/produkt-2\/22ct-gold-damenarmband-32144\/\" \/>\n<meta property=\"og:locale\" content=\"de_DE\" \/>\n<meta property=\"og:type\" content=\"article\" \/>\n<meta property=\"og:title\" content=\"22ct Gold Ladies Bracelet 6.8 gm - PureJewels UK\" \/>\n<meta property=\"og:description\" content=\"22ct\u00a0Gold\u00a0Ladies Bracelet  Weight 6.8 gms  Sku\u00a032144  Length 7 Inches  All prices include VAT  All 22\u00a0carat\u00a0gold\u00a0bracelets are hallmarked by London\u00a0Assay Office  All\u00a0Gold\u00a0Bracelet for Women Comes With Presentation Box  Delivery Included  Live chat with us for availability and more images of similar\u00a0designs\u00a0currently in\u00a0stock\" \/>\n<meta property=\"og:url\" content=\"https:\/\/www.purejewels.com\/de\/produkt-2\/22ct-gold-damenarmband-32144\/\" \/>\n<meta property=\"og:site_name\" content=\"PureJewels UK\" \/>\n<meta property=\"article:modified_time\" content=\"2026-01-06T09:44:05+00:00\" \/>\n<meta property=\"og:image\" content=\"https:\/\/www.purejewels.com\/wp-content\/uploads\/2020\/09\/image185457667.jpg\" \/>\n\t<meta property=\"og:image:width\" content=\"1000\" \/>\n\t<meta property=\"og:image:height\" content=\"1000\" \/>\n\t<meta property=\"og:image:type\" content=\"image\/jpeg\" \/>\n<meta name=\"twitter:card\" content=\"summary_large_image\" \/>\n<script type=\"application\/ld+json\" class=\"yoast-schema-graph\">{\"@context\":\"https:\\\/\\\/schema.org\",\"@graph\":[{\"@type\":[\"WebPage\",\"ItemPage\"],\"@id\":\"https:\\\/\\\/www.purejewels.com\\\/product\\\/22ct-gold-ladies-bracelet-32144\\\/\",\"url\":\"https:\\\/\\\/www.purejewels.com\\\/product\\\/22ct-gold-ladies-bracelet-32144\\\/\",\"name\":\"22ct Gold Ladies Bracelet 6.8 gm - PureJewels UK\",\"isPartOf\":{\"@id\":\"https:\\\/\\\/www.purejewels.com\\\/#website\"},\"primaryImageOfPage\":{\"@id\":\"https:\\\/\\\/www.purejewels.com\\\/product\\\/22ct-gold-ladies-bracelet-32144\\\/#primaryimage\"},\"image\":{\"@id\":\"https:\\\/\\\/www.purejewels.com\\\/product\\\/22ct-gold-ladies-bracelet-32144\\\/#primaryimage\"},\"thumbnailUrl\":\"https:\\\/\\\/static.purejewels.com\\\/wp-content\\\/uploads\\\/2020\\\/09\\\/image185457667.jpg\",\"datePublished\":\"2020-09-15T04:55:24+00:00\",\"dateModified\":\"2026-01-06T09:44:05+00:00\",\"breadcrumb\":{\"@id\":\"https:\\\/\\\/www.purejewels.com\\\/product\\\/22ct-gold-ladies-bracelet-32144\\\/#breadcrumb\"},\"inLanguage\":\"de\",\"potentialAction\":[{\"@type\":\"ReadAction\",\"target\":[\"https:\\\/\\\/www.purejewels.com\\\/product\\\/22ct-gold-ladies-bracelet-32144\\\/\"]}]},{\"@type\":\"ImageObject\",\"inLanguage\":\"de\",\"@id\":\"https:\\\/\\\/www.purejewels.com\\\/product\\\/22ct-gold-ladies-bracelet-32144\\\/#primaryimage\",\"url\":\"https:\\\/\\\/static.purejewels.com\\\/wp-content\\\/uploads\\\/2020\\\/09\\\/image185457667.jpg\",\"contentUrl\":\"https:\\\/\\\/static.purejewels.com\\\/wp-content\\\/uploads\\\/2020\\\/09\\\/image185457667.jpg\",\"width\":1000,\"height\":1000,\"caption\":\"22ct Gold Ladies Bracelet \u00a0Gold Bead YGBR120\"},{\"@type\":\"BreadcrumbList\",\"@id\":\"https:\\\/\\\/www.purejewels.com\\\/product\\\/22ct-gold-ladies-bracelet-32144\\\/#breadcrumb\",\"itemListElement\":[{\"@type\":\"ListItem\",\"position\":1,\"name\":\"Home\",\"item\":\"https:\\\/\\\/www.purejewels.com\\\/\"},{\"@type\":\"ListItem\",\"position\":2,\"name\":\"Shop\",\"item\":\"https:\\\/\\\/www.purejewels.com\\\/shop\\\/\"},{\"@type\":\"ListItem\",\"position\":3,\"name\":\"22ct Gold Ladies Bracelet 6.8 gm\"}]},{\"@type\":\"WebSite\",\"@id\":\"https:\\\/\\\/www.purejewels.com\\\/#website\",\"url\":\"https:\\\/\\\/www.purejewels.com\\\/\",\"name\":\"PureJewels UK\",\"description\":\"Share the Love\",\"publisher\":{\"@id\":\"https:\\\/\\\/www.purejewels.com\\\/#organization\"},\"potentialAction\":[{\"@type\":\"SearchAction\",\"target\":{\"@type\":\"EntryPoint\",\"urlTemplate\":\"https:\\\/\\\/www.purejewels.com\\\/?s={search_term_string}\"},\"query-input\":{\"@type\":\"PropertyValueSpecification\",\"valueRequired\":true,\"valueName\":\"search_term_string\"}}],\"inLanguage\":\"de\"},{\"@type\":\"Organization\",\"@id\":\"https:\\\/\\\/www.purejewels.com\\\/#organization\",\"name\":\"PureJewels UK\",\"url\":\"https:\\\/\\\/www.purejewels.com\\\/\",\"logo\":{\"@type\":\"ImageObject\",\"inLanguage\":\"de\",\"@id\":\"https:\\\/\\\/www.purejewels.com\\\/#\\\/schema\\\/logo\\\/image\\\/\",\"url\":\"https:\\\/\\\/static.purejewels.com\\\/wp-content\\\/uploads\\\/2020\\\/11\\\/Logo-PJ-New-1.png\",\"contentUrl\":\"https:\\\/\\\/static.purejewels.com\\\/wp-content\\\/uploads\\\/2020\\\/11\\\/Logo-PJ-New-1.png\",\"width\":150,\"height\":80,\"caption\":\"PureJewels UK\"},\"image\":{\"@id\":\"https:\\\/\\\/www.purejewels.com\\\/#\\\/schema\\\/logo\\\/image\\\/\"}}]}<\/script>\n<!-- \/ Yoast SEO plugin. -->","yoast_head_json":{"title":"22ct Gold Damen-Armband 6.8 gm - PureJewels UK","robots":{"index":"index","follow":"follow","max-snippet":"max-snippet:-1","max-image-preview":"max-image-preview:large","max-video-preview":"max-video-preview:-1"},"canonical":"https:\/\/www.purejewels.com\/de\/produkt-2\/22ct-gold-damenarmband-32144\/","og_locale":"de_DE","og_type":"article","og_title":"22ct Gold Ladies Bracelet 6.8 gm - PureJewels UK","og_description":"22ct\u00a0Gold\u00a0Ladies Bracelet  Weight 6.8 gms  Sku\u00a032144  Length 7 Inches  All prices include VAT  All 22\u00a0carat\u00a0gold\u00a0bracelets are hallmarked by London\u00a0Assay Office  All\u00a0Gold\u00a0Bracelet for Women Comes With Presentation Box  Delivery Included  Live chat with us for availability and more images of similar\u00a0designs\u00a0currently in\u00a0stock","og_url":"https:\/\/www.purejewels.com\/de\/produkt-2\/22ct-gold-damenarmband-32144\/","og_site_name":"PureJewels UK","article_modified_time":"2026-01-06T09:44:05+00:00","og_image":[{"width":1000,"height":1000,"url":"https:\/\/www.purejewels.com\/wp-content\/uploads\/2020\/09\/image185457667.jpg","type":"image\/jpeg"}],"twitter_card":"summary_large_image","schema":{"@context":"https:\/\/schema.org","@graph":[{"@type":["WebPage","ItemPage"],"@id":"https:\/\/www.purejewels.com\/product\/22ct-gold-ladies-bracelet-32144\/","url":"https:\/\/www.purejewels.com\/product\/22ct-gold-ladies-bracelet-32144\/","name":"22ct Gold Damen-Armband 6.8 gm - PureJewels UK","isPartOf":{"@id":"https:\/\/www.purejewels.com\/#website"},"primaryImageOfPage":{"@id":"https:\/\/www.purejewels.com\/product\/22ct-gold-ladies-bracelet-32144\/#primaryimage"},"image":{"@id":"https:\/\/www.purejewels.com\/product\/22ct-gold-ladies-bracelet-32144\/#primaryimage"},"thumbnailUrl":"https:\/\/static.purejewels.com\/wp-content\/uploads\/2020\/09\/image185457667.jpg","datePublished":"2020-09-15T04:55:24+00:00","dateModified":"2026-01-06T09:44:05+00:00","breadcrumb":{"@id":"https:\/\/www.purejewels.com\/product\/22ct-gold-ladies-bracelet-32144\/#breadcrumb"},"inLanguage":"de","potentialAction":[{"@type":"ReadAction","target":["https:\/\/www.purejewels.com\/product\/22ct-gold-ladies-bracelet-32144\/"]}]},{"@type":"ImageObject","inLanguage":"de","@id":"https:\/\/www.purejewels.com\/product\/22ct-gold-ladies-bracelet-32144\/#primaryimage","url":"https:\/\/static.purejewels.com\/wp-content\/uploads\/2020\/09\/image185457667.jpg","contentUrl":"https:\/\/static.purejewels.com\/wp-content\/uploads\/2020\/09\/image185457667.jpg","width":1000,"height":1000,"caption":"22ct Gold Ladies Bracelet \u00a0Gold Bead YGBR120"},{"@type":"BreadcrumbList","@id":"https:\/\/www.purejewels.com\/product\/22ct-gold-ladies-bracelet-32144\/#breadcrumb","itemListElement":[{"@type":"ListItem","position":1,"name":"Home","item":"https:\/\/www.purejewels.com\/"},{"@type":"ListItem","position":2,"name":"Shop","item":"https:\/\/www.purejewels.com\/shop\/"},{"@type":"ListItem","position":3,"name":"22ct Gold Ladies Bracelet 6.8 gm"}]},{"@type":"WebSite","@id":"https:\/\/www.purejewels.com\/#website","url":"https:\/\/www.purejewels.com\/","name":"PureJewels UK","description":"Teile die Liebe","publisher":{"@id":"https:\/\/www.purejewels.com\/#organization"},"potentialAction":[{"@type":"SearchAction","target":{"@type":"EntryPoint","urlTemplate":"https:\/\/www.purejewels.com\/?s={search_term_string}"},"query-input":{"@type":"PropertyValueSpecification","valueRequired":true,"valueName":"search_term_string"}}],"inLanguage":"de"},{"@type":"Organization","@id":"https:\/\/www.purejewels.com\/#organization","name":"PureJewels UK","url":"https:\/\/www.purejewels.com\/","logo":{"@type":"ImageObject","inLanguage":"de","@id":"https:\/\/www.purejewels.com\/#\/schema\/logo\/image\/","url":"https:\/\/static.purejewels.com\/wp-content\/uploads\/2020\/11\/Logo-PJ-New-1.png","contentUrl":"https:\/\/static.purejewels.com\/wp-content\/uploads\/2020\/11\/Logo-PJ-New-1.png","width":150,"height":80,"caption":"PureJewels UK"},"image":{"@id":"https:\/\/www.purejewels.com\/#\/schema\/logo\/image\/"}}]}},"_links":{"self":[{"href":"https:\/\/www.purejewels.com\/de\/wp-json\/wp\/v2\/product\/317209","targetHints":{"allow":["GET"]}}],"collection":[{"href":"https:\/\/www.purejewels.com\/de\/wp-json\/wp\/v2\/product"}],"about":[{"href":"https:\/\/www.purejewels.com\/de\/wp-json\/wp\/v2\/types\/product"}],"replies":[{"embeddable":true,"href":"https:\/\/www.purejewels.com\/de\/wp-json\/wp\/v2\/comments?post=317209"}],"version-history":[{"count":1,"href":"https:\/\/www.purejewels.com\/de\/wp-json\/wp\/v2\/product\/317209\/revisions"}],"predecessor-version":[{"id":371571,"href":"https:\/\/www.purejewels.com\/de\/wp-json\/wp\/v2\/product\/317209\/revisions\/371571"}],"wp:featuredmedia":[{"embeddable":true,"href":"https:\/\/www.purejewels.com\/de\/wp-json\/wp\/v2\/media\/317211"}],"wp:attachment":[{"href":"https:\/\/www.purejewels.com\/de\/wp-json\/wp\/v2\/media?parent=317209"}],"wp:term":[{"taxonomy":"product_brand","embeddable":true,"href":"https:\/\/www.purejewels.com\/de\/wp-json\/wp\/v2\/product_brand?post=317209"},{"taxonomy":"product_cat","embeddable":true,"href":"https:\/\/www.purejewels.com\/de\/wp-json\/wp\/v2\/product_cat?post=317209"},{"taxonomy":"product_tag","embeddable":true,"href":"https:\/\/www.purejewels.com\/de\/wp-json\/wp\/v2\/product_tag?post=317209"}],"curies":[{"name":"wp","href":"https:\/\/api.w.org\/{rel}","templated":true}]}}