{"id":317315,"date":"2020-09-17T11:15:09","date_gmt":"2020-09-17T10:15:09","guid":{"rendered":"https:\/\/www.purejewels.com\/product\/22ct-gold-choker-13gm\/"},"modified":"2026-03-17T06:25:10","modified_gmt":"2026-03-17T06:25:10","slug":"goldenes-kropfband-halskette-33055","status":"publish","type":"product","link":"https:\/\/www.purejewels.com\/de\/product\/gold-choker-neckalce-33055\/","title":{"rendered":"22ct Gold Strukturierte Kugel Choker Halskette"},"content":{"rendered":"<p><strong>Designkonzept<\/strong><\/p>\n<p>Die Textured Sphere Choker Necklace ist inspiriert von der Sch\u00f6nheit der Einfachheit und Form. Die zentrale Kugel mit ihrer fein detaillierten Textur steht f\u00fcr Vollst\u00e4ndigkeit und Gleichgewicht, w\u00e4hrend die zarte Kette die schlichte Eleganz unterstreicht. Das Design umarmt Minimalismus mit einer subtilen Aussage, was es sowohl zeitgem\u00e4\u00df als auch zeitlos macht - perfekt f\u00fcr alle, die einen raffinierten, m\u00fchelosen Stil sch\u00e4tzen.<\/p>\n<p><strong>Handwerkliches K\u00f6nnen<\/strong><\/p>\n<p>Diese aus hochreinem 22-kar\u00e4tigem Gold gefertigte Halskette unterstreicht den Reichtum und die W\u00e4rme von Feingold. Die Kugel ist aufw\u00e4ndig strukturiert, um einen weichen, diffusen Schimmer zu erzeugen, w\u00e4hrend die glatt polierten Elemente f\u00fcr Kontrast und Glanz sorgen. Jede Komponente ist sorgf\u00e4ltig verarbeitet, um eine fl\u00fcssige Bewegung und Komfort zu gew\u00e4hrleisten, was das Engagement von PureJewels f\u00fcr Handwerkskunst und Qualit\u00e4t widerspiegelt.<\/p>\n<p><strong>Styling-Ideen<\/strong><\/p>\n<p>Die Textured Sphere Choker Necklace ist ideal f\u00fcr die Eleganz des Alltags. Tragen Sie sie allein f\u00fcr einen klaren, minimalen Look oder kombinieren Sie sie mit l\u00e4ngeren Ketten f\u00fcr einen modernen, kuratierten Stil. Das vielseitige Design passt sowohl zu legeren als auch zu formellen Outfits und ist damit eine zeitlose Erg\u00e4nzung f\u00fcr jede Schmucksammlung.<\/p>","protected":false},"excerpt":{"rendered":"<p>Die 22ct Gold Textured Sphere Choker Necklace besteht aus einer zarten Kette mit einem fein strukturierten goldenen Kugelanh\u00e4nger. Das aus strahlendem 22-kar\u00e4tigem Gold gefertigte St\u00fcck bietet eine moderne, minimale Eleganz f\u00fcr den Alltag.<\/p>\n<ul>\n<li>Metall. 22ct Gold<\/li>\n<li>L\u00e4nge. 17 Zoll<\/li>\n<li>Wt. 13 gms<\/li>\n<li>SKU. 33055<\/li>\n<li>Alle Preise inklusive Mehrwertsteuer<\/li>\n<li>Alle unsere Produkte sind vom London Assay Office gestempelt.<\/li>\n<li>Alle Sets werden mit Pr\u00e4sentationsbox geliefert<\/li>\n<li>Lieferung inbegriffen<\/li>\n<li>Live-Chat mit uns f\u00fcr die Verf\u00fcgbarkeit und mehr Bilder von \u00e4hnlichen Designs von Choker Necklace derzeit auf Lager<\/li>\n<\/ul>","protected":false},"featured_media":317316,"comment_status":"closed","ping_status":"closed","template":"","meta":{"_eb_attr":"","_crsspst_to_jayantr4sg-hostcom":false},"product_brand":[],"product_cat":[1791,1559,1698,1475,1574],"product_tag":[],"class_list":{"0":"post-317315","1":"product","2":"type-product","3":"status-publish","4":"has-post-thumbnail","6":"product_cat-anniversary-gifts","7":"product_cat-birthday-gifts","8":"product_cat-choker-chains","9":"product_cat-gold-chains","10":"product_cat-womens-jewellery","12":"first","13":"outofstock","14":"taxable","15":"shipping-taxable","16":"product-type-simple","17":"add-to-wishlist-before_image"},"yoast_head":"<!-- This site is optimized with the Yoast SEO plugin v27.3 - https:\/\/yoast.com\/product\/yoast-seo-wordpress\/ -->\n<title>Elegant 22ct Gold Choker Necklace with Textured Sphere Pendant<\/title>\n<meta name=\"description\" content=\"Shop the 22ct Gold Textured Sphere Choker Necklace featuring a delicate chain and a textured gold sphere pendant. Free delivery across UK.\" \/>\n<meta name=\"robots\" content=\"index, follow, max-snippet:-1, max-image-preview:large, max-video-preview:-1\" \/>\n<link rel=\"canonical\" href=\"https:\/\/www.purejewels.com\/de\/produkt-2\/goldenes-kropfband-halskette-33055\/\" \/>\n<meta property=\"og:locale\" content=\"de_DE\" \/>\n<meta property=\"og:type\" content=\"article\" \/>\n<meta property=\"og:title\" content=\"Elegant 22ct Gold Choker Necklace with Textured Sphere Pendant\" \/>\n<meta property=\"og:description\" content=\"Shop the 22ct Gold Textured Sphere Choker Necklace featuring a delicate chain and a textured gold sphere pendant. Free delivery across UK.\" \/>\n<meta property=\"og:url\" content=\"https:\/\/www.purejewels.com\/de\/produkt-2\/goldenes-kropfband-halskette-33055\/\" \/>\n<meta property=\"og:site_name\" content=\"PureJewels UK\" \/>\n<meta property=\"article:modified_time\" content=\"2026-03-17T06:25:10+00:00\" \/>\n<meta property=\"og:image\" content=\"https:\/\/static.purejewels.com\/wp-content\/uploads\/2020\/09\/image185749456.jpg\" \/>\n\t<meta property=\"og:image:width\" content=\"1000\" \/>\n\t<meta property=\"og:image:height\" content=\"1000\" \/>\n\t<meta property=\"og:image:type\" content=\"image\/jpeg\" \/>\n<meta name=\"twitter:card\" content=\"summary_large_image\" \/>\n<meta name=\"twitter:label1\" content=\"Gesch\u00e4tzte Lesezeit\" \/>\n\t<meta name=\"twitter:data1\" content=\"1\u00a0Minute\" \/>\n<script type=\"application\/ld+json\" class=\"yoast-schema-graph\">{\"@context\":\"https:\\\/\\\/schema.org\",\"@graph\":[{\"@type\":[\"WebPage\",\"ItemPage\"],\"@id\":\"https:\\\/\\\/www.purejewels.com\\\/product\\\/gold-choker-neckalce-33055\\\/\",\"url\":\"https:\\\/\\\/www.purejewels.com\\\/product\\\/gold-choker-neckalce-33055\\\/\",\"name\":\"Elegant 22ct Gold Choker Necklace with Textured Sphere Pendant\",\"isPartOf\":{\"@id\":\"https:\\\/\\\/www.purejewels.com\\\/#website\"},\"primaryImageOfPage\":{\"@id\":\"https:\\\/\\\/www.purejewels.com\\\/product\\\/gold-choker-neckalce-33055\\\/#primaryimage\"},\"image\":{\"@id\":\"https:\\\/\\\/www.purejewels.com\\\/product\\\/gold-choker-neckalce-33055\\\/#primaryimage\"},\"thumbnailUrl\":\"https:\\\/\\\/static.purejewels.com\\\/wp-content\\\/uploads\\\/2020\\\/09\\\/image185749456.jpg\",\"datePublished\":\"2020-09-17T10:15:09+00:00\",\"dateModified\":\"2026-03-17T06:25:10+00:00\",\"description\":\"Shop the 22ct Gold Textured Sphere Choker Necklace featuring a delicate chain and a textured gold sphere pendant. Free delivery across UK.\",\"breadcrumb\":{\"@id\":\"https:\\\/\\\/www.purejewels.com\\\/product\\\/gold-choker-neckalce-33055\\\/#breadcrumb\"},\"inLanguage\":\"de\",\"potentialAction\":[{\"@type\":\"ReadAction\",\"target\":[\"https:\\\/\\\/www.purejewels.com\\\/product\\\/gold-choker-neckalce-33055\\\/\"]}]},{\"@type\":\"ImageObject\",\"inLanguage\":\"de\",\"@id\":\"https:\\\/\\\/www.purejewels.com\\\/product\\\/gold-choker-neckalce-33055\\\/#primaryimage\",\"url\":\"https:\\\/\\\/static.purejewels.com\\\/wp-content\\\/uploads\\\/2020\\\/09\\\/image185749456.jpg\",\"contentUrl\":\"https:\\\/\\\/static.purejewels.com\\\/wp-content\\\/uploads\\\/2020\\\/09\\\/image185749456.jpg\",\"width\":1000,\"height\":1000,\"caption\":\"22ct Gold Choker Chain YGCK068\"},{\"@type\":\"BreadcrumbList\",\"@id\":\"https:\\\/\\\/www.purejewels.com\\\/product\\\/gold-choker-neckalce-33055\\\/#breadcrumb\",\"itemListElement\":[{\"@type\":\"ListItem\",\"position\":1,\"name\":\"Home\",\"item\":\"https:\\\/\\\/www.purejewels.com\\\/\"},{\"@type\":\"ListItem\",\"position\":2,\"name\":\"Shop\",\"item\":\"https:\\\/\\\/www.purejewels.com\\\/shop\\\/\"},{\"@type\":\"ListItem\",\"position\":3,\"name\":\"22ct Gold Textured Sphere Choker Necklace\"}]},{\"@type\":\"WebSite\",\"@id\":\"https:\\\/\\\/www.purejewels.com\\\/#website\",\"url\":\"https:\\\/\\\/www.purejewels.com\\\/\",\"name\":\"PureJewels UK\",\"description\":\"Share the Love\",\"publisher\":{\"@id\":\"https:\\\/\\\/www.purejewels.com\\\/#organization\"},\"potentialAction\":[{\"@type\":\"SearchAction\",\"target\":{\"@type\":\"EntryPoint\",\"urlTemplate\":\"https:\\\/\\\/www.purejewels.com\\\/?s={search_term_string}\"},\"query-input\":{\"@type\":\"PropertyValueSpecification\",\"valueRequired\":true,\"valueName\":\"search_term_string\"}}],\"inLanguage\":\"de\"},{\"@type\":\"Organization\",\"@id\":\"https:\\\/\\\/www.purejewels.com\\\/#organization\",\"name\":\"PureJewels UK\",\"url\":\"https:\\\/\\\/www.purejewels.com\\\/\",\"logo\":{\"@type\":\"ImageObject\",\"inLanguage\":\"de\",\"@id\":\"https:\\\/\\\/www.purejewels.com\\\/#\\\/schema\\\/logo\\\/image\\\/\",\"url\":\"https:\\\/\\\/static.purejewels.com\\\/wp-content\\\/uploads\\\/2020\\\/11\\\/Logo-PJ-New-1.png\",\"contentUrl\":\"https:\\\/\\\/static.purejewels.com\\\/wp-content\\\/uploads\\\/2020\\\/11\\\/Logo-PJ-New-1.png\",\"width\":150,\"height\":80,\"caption\":\"PureJewels UK\"},\"image\":{\"@id\":\"https:\\\/\\\/www.purejewels.com\\\/#\\\/schema\\\/logo\\\/image\\\/\"}}]}<\/script>\n<!-- \/ Yoast SEO plugin. -->","yoast_head_json":{"title":"Elegante 22ct Gold Choker Halskette mit strukturiertem Kugelanh\u00e4nger","description":"Shoppen Sie die 22ct Gold Textured Sphere Choker Halskette mit einer zarten Kette und einem texturierten goldenen Kugelanh\u00e4nger. Kostenlose Lieferung in Gro\u00dfbritannien.","robots":{"index":"index","follow":"follow","max-snippet":"max-snippet:-1","max-image-preview":"max-image-preview:large","max-video-preview":"max-video-preview:-1"},"canonical":"https:\/\/www.purejewels.com\/de\/produkt-2\/goldenes-kropfband-halskette-33055\/","og_locale":"de_DE","og_type":"article","og_title":"Elegant 22ct Gold Choker Necklace with Textured Sphere Pendant","og_description":"Shop the 22ct Gold Textured Sphere Choker Necklace featuring a delicate chain and a textured gold sphere pendant. Free delivery across UK.","og_url":"https:\/\/www.purejewels.com\/de\/produkt-2\/goldenes-kropfband-halskette-33055\/","og_site_name":"PureJewels UK","article_modified_time":"2026-03-17T06:25:10+00:00","og_image":[{"width":1000,"height":1000,"url":"https:\/\/static.purejewels.com\/wp-content\/uploads\/2020\/09\/image185749456.jpg","type":"image\/jpeg"}],"twitter_card":"summary_large_image","twitter_misc":{"Gesch\u00e4tzte Lesezeit":"1\u00a0Minute"},"schema":{"@context":"https:\/\/schema.org","@graph":[{"@type":["WebPage","ItemPage"],"@id":"https:\/\/www.purejewels.com\/product\/gold-choker-neckalce-33055\/","url":"https:\/\/www.purejewels.com\/product\/gold-choker-neckalce-33055\/","name":"Elegante 22ct Gold Choker Halskette mit strukturiertem Kugelanh\u00e4nger","isPartOf":{"@id":"https:\/\/www.purejewels.com\/#website"},"primaryImageOfPage":{"@id":"https:\/\/www.purejewels.com\/product\/gold-choker-neckalce-33055\/#primaryimage"},"image":{"@id":"https:\/\/www.purejewels.com\/product\/gold-choker-neckalce-33055\/#primaryimage"},"thumbnailUrl":"https:\/\/static.purejewels.com\/wp-content\/uploads\/2020\/09\/image185749456.jpg","datePublished":"2020-09-17T10:15:09+00:00","dateModified":"2026-03-17T06:25:10+00:00","description":"Shoppen Sie die 22ct Gold Textured Sphere Choker Halskette mit einer zarten Kette und einem texturierten goldenen Kugelanh\u00e4nger. Kostenlose Lieferung in Gro\u00dfbritannien.","breadcrumb":{"@id":"https:\/\/www.purejewels.com\/product\/gold-choker-neckalce-33055\/#breadcrumb"},"inLanguage":"de","potentialAction":[{"@type":"ReadAction","target":["https:\/\/www.purejewels.com\/product\/gold-choker-neckalce-33055\/"]}]},{"@type":"ImageObject","inLanguage":"de","@id":"https:\/\/www.purejewels.com\/product\/gold-choker-neckalce-33055\/#primaryimage","url":"https:\/\/static.purejewels.com\/wp-content\/uploads\/2020\/09\/image185749456.jpg","contentUrl":"https:\/\/static.purejewels.com\/wp-content\/uploads\/2020\/09\/image185749456.jpg","width":1000,"height":1000,"caption":"22ct Gold Choker Chain YGCK068"},{"@type":"BreadcrumbList","@id":"https:\/\/www.purejewels.com\/product\/gold-choker-neckalce-33055\/#breadcrumb","itemListElement":[{"@type":"ListItem","position":1,"name":"Home","item":"https:\/\/www.purejewels.com\/"},{"@type":"ListItem","position":2,"name":"Shop","item":"https:\/\/www.purejewels.com\/shop\/"},{"@type":"ListItem","position":3,"name":"22ct Gold Textured Sphere Choker Necklace"}]},{"@type":"WebSite","@id":"https:\/\/www.purejewels.com\/#website","url":"https:\/\/www.purejewels.com\/","name":"PureJewels UK","description":"Teile die Liebe","publisher":{"@id":"https:\/\/www.purejewels.com\/#organization"},"potentialAction":[{"@type":"SearchAction","target":{"@type":"EntryPoint","urlTemplate":"https:\/\/www.purejewels.com\/?s={search_term_string}"},"query-input":{"@type":"PropertyValueSpecification","valueRequired":true,"valueName":"search_term_string"}}],"inLanguage":"de"},{"@type":"Organization","@id":"https:\/\/www.purejewels.com\/#organization","name":"PureJewels UK","url":"https:\/\/www.purejewels.com\/","logo":{"@type":"ImageObject","inLanguage":"de","@id":"https:\/\/www.purejewels.com\/#\/schema\/logo\/image\/","url":"https:\/\/static.purejewels.com\/wp-content\/uploads\/2020\/11\/Logo-PJ-New-1.png","contentUrl":"https:\/\/static.purejewels.com\/wp-content\/uploads\/2020\/11\/Logo-PJ-New-1.png","width":150,"height":80,"caption":"PureJewels UK"},"image":{"@id":"https:\/\/www.purejewels.com\/#\/schema\/logo\/image\/"}}]}},"_links":{"self":[{"href":"https:\/\/www.purejewels.com\/de\/wp-json\/wp\/v2\/product\/317315","targetHints":{"allow":["GET"]}}],"collection":[{"href":"https:\/\/www.purejewels.com\/de\/wp-json\/wp\/v2\/product"}],"about":[{"href":"https:\/\/www.purejewels.com\/de\/wp-json\/wp\/v2\/types\/product"}],"replies":[{"embeddable":true,"href":"https:\/\/www.purejewels.com\/de\/wp-json\/wp\/v2\/comments?post=317315"}],"version-history":[{"count":3,"href":"https:\/\/www.purejewels.com\/de\/wp-json\/wp\/v2\/product\/317315\/revisions"}],"predecessor-version":[{"id":427217,"href":"https:\/\/www.purejewels.com\/de\/wp-json\/wp\/v2\/product\/317315\/revisions\/427217"}],"wp:featuredmedia":[{"embeddable":true,"href":"https:\/\/www.purejewels.com\/de\/wp-json\/wp\/v2\/media\/317316"}],"wp:attachment":[{"href":"https:\/\/www.purejewels.com\/de\/wp-json\/wp\/v2\/media?parent=317315"}],"wp:term":[{"taxonomy":"product_brand","embeddable":true,"href":"https:\/\/www.purejewels.com\/de\/wp-json\/wp\/v2\/product_brand?post=317315"},{"taxonomy":"product_cat","embeddable":true,"href":"https:\/\/www.purejewels.com\/de\/wp-json\/wp\/v2\/product_cat?post=317315"},{"taxonomy":"product_tag","embeddable":true,"href":"https:\/\/www.purejewels.com\/de\/wp-json\/wp\/v2\/product_tag?post=317315"}],"curies":[{"name":"wp","href":"https:\/\/api.w.org\/{rel}","templated":true}]}}