{"id":317337,"date":"2020-09-18T06:02:01","date_gmt":"2020-09-18T05:02:01","guid":{"rendered":"https:\/\/www.purejewels.com\/product\/22ct-gold-earring-11-5gm\/"},"modified":"2026-03-04T12:36:57","modified_gmt":"2026-03-04T12:36:57","slug":"22ct-gold-indische-ohrringe-32884","status":"publish","type":"product","link":"https:\/\/www.purejewels.com\/de\/product\/22ct-gold-indian-earrings-32884\/","title":{"rendered":"22ct Gold indische Ohrringe(916)"},"content":{"rendered":"<h3>Tradition<\/h3>\n<p>In Indien sind Jhumkis bei den Frauen ein beliebtes Schmuckst\u00fcck. <strong>Jhumkis<\/strong> wurden in den fr\u00fchen Jahrhunderten getragen, sind \u00fcber Generationen weitergegeben worden und werden von den heutigen Generationen geliebt. Um diese wundersch\u00f6nen traditionellen Ohr-Accessoires hervorzuheben, haben wir ikonische traditionelle Elemente mit Jhumkis zu diesem Paar zusammengef\u00fchrt. Wenn Sie es also \u00fcbertreiben wollen und dabei trotzdem nicht auf den letzten Dr\u00fccker kommen wollen, haben wir f\u00fcr Sie das Richtige gefunden!<\/p>\n<h3>Gestaltung<\/h3>\n<p>Dieses pr\u00e4zise entworfene Paar goldener indischer <a href=\"https:\/\/www.purejewels.com\/de\/product-category\/22ct-gold-jewellery\/gold-earrings\/\">Ohrringe<\/a> sind in 22K Gold gefasst. Die <a href=\"https:\/\/www.purejewels.com\/de\/product\/22ct-gold-ladies-stud-earring-with-rhodium-finish-46497\/\">Ohrring<\/a> beginnt mit einem schillernden runden Ohrstecker, der mit gl\u00e4nzenden und luxuri\u00f6sen Polkis besetzt ist. Auf den runden Ohrstecker folgt in der Mitte ein tiara\u00e4hnliches, traditionelles Element aus Bl\u00fcten und Bl\u00e4ttern. Diese Elemente sind \u00fcber die gesamte Oberfl\u00e4che ziseliert und haben einen ged\u00e4mpften Goldton mit einigen Tupfern \u00fcppiger Polkis. Dieser indische 22ct <strong><a href=\"https:\/\/www.purejewels.com\/de\/armari-collection\/\">goldene Ohrringe<\/a><\/strong> UK enden mit einzigartig gefertigten Jhumkis. Diese Jhumkis werden von Hand gefertigt und enden mit \u00e4hnlichen floralen Komponenten. Die Jhumkis sind die Stars dieses Designs und baumeln anmutig, was das Paar festlich, k\u00fchn und leicht zugleich macht.<\/p>\n<h3>Stil<\/h3>\n<p>Unser majest\u00e4tisches Paar goldener Ohrringe sorgt daf\u00fcr, dass Sie sich wie ein K\u00f6nig f\u00fchlen, ohne dabei an Subtilit\u00e4t einzub\u00fc\u00dfen, und schafft so das perfekte Gleichgewicht, nach dem Sie vielleicht suchen. Sie k\u00f6nnen sie zu einem ethnischen Tag bei der Arbeit oder Familienfeiern oder sogar zu dem bevorstehenden Diwali-Abend bei der Arbeit tragen, so vielseitig sind sie. Einmal gekauft, k\u00f6nnen diese klassischen Ohrringe zusammen mit anderem 22ct indian gold jewellery uk ein Leben lang aufbewahrt und \u00fcber Generationen hinweg weitergegeben werden.<\/p>","protected":false},"excerpt":{"rendered":"<ul>\n<li>Indische Jumkha-Ohrringe aus 22 Karat Gold<\/li>\n<li>Besetzt mit synthetischen Polki-Steinen<\/li>\n<li>Wt. 11.3 gms<\/li>\n<li>SKU. 44162<\/li>\n<li>Alle Preise inklusive Mehrwertsteuer<\/li>\n<li>Alle unsere Produkte sind vom London Assay Office gestempelt.<\/li>\n<li>Mit Pr\u00e4sentationsbox<\/li>\n<li>Lieferung inbegriffen<\/li>\n<li>Entdecken Sie unsere Kollektion\u00a0<strong>Ohrringe f\u00fcr Braut und Hochzeit<\/strong><\/li>\n<li>Chatten Sie mit uns, um die gesamte neue Palette von Bridal Gold Halskette und Ohrring gesetzt UK in unserem Gesch\u00e4ft in Forest Gate, London, UK zu sehen<\/li>\n<\/ul>","protected":false},"featured_media":317530,"comment_status":"closed","ping_status":"closed","template":"","meta":{"_eb_attr":"","_crsspst_to_jayantr4sg-hostcom":false},"product_brand":[],"product_cat":[256,5315,1254,1229,1578,1570,1573,1574],"product_tag":[66],"class_list":{"0":"post-317337","1":"product","2":"type-product","3":"status-publish","4":"has-post-thumbnail","6":"product_cat-anusha-collections","7":"product_cat-bridal-and-wedding-earrings","8":"product_cat-gold-earrings","9":"product_cat-22ct-gold-jewellery","10":"product_cat-jhumkha-earrings","11":"product_cat-mothers-day-gifts","12":"product_cat-wedding-gifts","13":"product_cat-womens-jewellery","14":"product_tag-earrings","16":"first","17":"instock","18":"sale","19":"taxable","20":"shipping-taxable","21":"purchasable","22":"product-type-simple","23":"add-to-wishlist-before_image"},"yoast_head":"<!-- This site is optimized with the Yoast SEO plugin v27.5 - https:\/\/yoast.com\/product\/yoast-seo-wordpress\/ -->\n<title>22ct Gold Indian Earrings Jhumkha online at PureJewels UK<\/title>\n<meta name=\"robots\" content=\"index, follow, max-snippet:-1, max-image-preview:large, max-video-preview:-1\" \/>\n<link rel=\"canonical\" href=\"https:\/\/www.purejewels.com\/de\/produkt-2\/22ct-gold-indische-ohrringe-32884\/\" \/>\n<meta property=\"og:locale\" content=\"de_DE\" \/>\n<meta property=\"og:type\" content=\"article\" \/>\n<meta property=\"og:title\" content=\"22ct Gold Indian Earrings Jhumkha online at PureJewels UK\" \/>\n<meta property=\"og:description\" content=\"22 Carat Gold Indian Jumkha Earrings  Studded with Synthetic Polki stones  Wt. 11.3 gms  SKU. 44162  All prices include VAT  All Our Products are Hallmarked by London Assay Office  Comes With Presentation Box  Delivery Included  Explore our collection\u00a0bridal and wedding earrings  Chat with us to view the entire new range of Bridal Gold Necklace and Earring set UK available in our store at Forest gate, London,UK\" \/>\n<meta property=\"og:url\" content=\"https:\/\/www.purejewels.com\/de\/produkt-2\/22ct-gold-indische-ohrringe-32884\/\" \/>\n<meta property=\"og:site_name\" content=\"PureJewels UK\" \/>\n<meta property=\"article:modified_time\" content=\"2026-03-04T12:36:57+00:00\" \/>\n<meta property=\"og:image\" content=\"https:\/\/static.purejewels.com\/wp-content\/uploads\/2020\/09\/image186551020.jpg\" \/>\n\t<meta property=\"og:image:width\" content=\"1000\" \/>\n\t<meta property=\"og:image:height\" content=\"1000\" \/>\n\t<meta property=\"og:image:type\" content=\"image\/jpeg\" \/>\n<meta name=\"twitter:card\" content=\"summary_large_image\" \/>\n<meta name=\"twitter:label1\" content=\"Gesch\u00e4tzte Lesezeit\" \/>\n\t<meta name=\"twitter:data1\" content=\"2\u00a0Minuten\" \/>\n<script type=\"application\/ld+json\" class=\"yoast-schema-graph\">{\"@context\":\"https:\\\/\\\/schema.org\",\"@graph\":[{\"@type\":[\"WebPage\",\"ItemPage\"],\"@id\":\"https:\\\/\\\/www.purejewels.com\\\/product\\\/22ct-gold-indian-earrings-32884\\\/\",\"url\":\"https:\\\/\\\/www.purejewels.com\\\/product\\\/22ct-gold-indian-earrings-32884\\\/\",\"name\":\"22ct Gold Indian Earrings Jhumkha online at PureJewels UK\",\"isPartOf\":{\"@id\":\"https:\\\/\\\/www.purejewels.com\\\/#website\"},\"primaryImageOfPage\":{\"@id\":\"https:\\\/\\\/www.purejewels.com\\\/product\\\/22ct-gold-indian-earrings-32884\\\/#primaryimage\"},\"image\":{\"@id\":\"https:\\\/\\\/www.purejewels.com\\\/product\\\/22ct-gold-indian-earrings-32884\\\/#primaryimage\"},\"thumbnailUrl\":\"https:\\\/\\\/static.purejewels.com\\\/wp-content\\\/uploads\\\/2020\\\/09\\\/image186551020.jpg\",\"datePublished\":\"2020-09-18T05:02:01+00:00\",\"dateModified\":\"2026-03-04T12:36:57+00:00\",\"breadcrumb\":{\"@id\":\"https:\\\/\\\/www.purejewels.com\\\/product\\\/22ct-gold-indian-earrings-32884\\\/#breadcrumb\"},\"inLanguage\":\"de\",\"potentialAction\":[{\"@type\":\"ReadAction\",\"target\":[\"https:\\\/\\\/www.purejewels.com\\\/product\\\/22ct-gold-indian-earrings-32884\\\/\"]}]},{\"@type\":\"ImageObject\",\"inLanguage\":\"de\",\"@id\":\"https:\\\/\\\/www.purejewels.com\\\/product\\\/22ct-gold-indian-earrings-32884\\\/#primaryimage\",\"url\":\"https:\\\/\\\/static.purejewels.com\\\/wp-content\\\/uploads\\\/2020\\\/09\\\/image186551020.jpg\",\"contentUrl\":\"https:\\\/\\\/static.purejewels.com\\\/wp-content\\\/uploads\\\/2020\\\/09\\\/image186551020.jpg\",\"width\":1000,\"height\":1000,\"caption\":\"22ct Anusha Earring\\\/11.5gm\"},{\"@type\":\"BreadcrumbList\",\"@id\":\"https:\\\/\\\/www.purejewels.com\\\/product\\\/22ct-gold-indian-earrings-32884\\\/#breadcrumb\",\"itemListElement\":[{\"@type\":\"ListItem\",\"position\":1,\"name\":\"Home\",\"item\":\"https:\\\/\\\/www.purejewels.com\\\/\"},{\"@type\":\"ListItem\",\"position\":2,\"name\":\"Shop\",\"item\":\"https:\\\/\\\/www.purejewels.com\\\/shop\\\/\"},{\"@type\":\"ListItem\",\"position\":3,\"name\":\"22ct Gold Indian Earrings(916)\"}]},{\"@type\":\"WebSite\",\"@id\":\"https:\\\/\\\/www.purejewels.com\\\/#website\",\"url\":\"https:\\\/\\\/www.purejewels.com\\\/\",\"name\":\"PureJewels UK\",\"description\":\"Share the Love\",\"publisher\":{\"@id\":\"https:\\\/\\\/www.purejewels.com\\\/#organization\"},\"potentialAction\":[{\"@type\":\"SearchAction\",\"target\":{\"@type\":\"EntryPoint\",\"urlTemplate\":\"https:\\\/\\\/www.purejewels.com\\\/?s={search_term_string}\"},\"query-input\":{\"@type\":\"PropertyValueSpecification\",\"valueRequired\":true,\"valueName\":\"search_term_string\"}}],\"inLanguage\":\"de\"},{\"@type\":\"Organization\",\"@id\":\"https:\\\/\\\/www.purejewels.com\\\/#organization\",\"name\":\"PureJewels UK\",\"url\":\"https:\\\/\\\/www.purejewels.com\\\/\",\"logo\":{\"@type\":\"ImageObject\",\"inLanguage\":\"de\",\"@id\":\"https:\\\/\\\/www.purejewels.com\\\/#\\\/schema\\\/logo\\\/image\\\/\",\"url\":\"https:\\\/\\\/static.purejewels.com\\\/wp-content\\\/uploads\\\/2020\\\/11\\\/Logo-PJ-New-1.png\",\"contentUrl\":\"https:\\\/\\\/static.purejewels.com\\\/wp-content\\\/uploads\\\/2020\\\/11\\\/Logo-PJ-New-1.png\",\"width\":150,\"height\":80,\"caption\":\"PureJewels UK\"},\"image\":{\"@id\":\"https:\\\/\\\/www.purejewels.com\\\/#\\\/schema\\\/logo\\\/image\\\/\"}}]}<\/script>\n<!-- \/ Yoast SEO plugin. -->","yoast_head_json":{"title":"22ct Gold indische Ohrringe Jhumkha online bei PureJewels UK","robots":{"index":"index","follow":"follow","max-snippet":"max-snippet:-1","max-image-preview":"max-image-preview:large","max-video-preview":"max-video-preview:-1"},"canonical":"https:\/\/www.purejewels.com\/de\/produkt-2\/22ct-gold-indische-ohrringe-32884\/","og_locale":"de_DE","og_type":"article","og_title":"22ct Gold Indian Earrings Jhumkha online at PureJewels UK","og_description":"22 Carat Gold Indian Jumkha Earrings  Studded with Synthetic Polki stones  Wt. 11.3 gms  SKU. 44162  All prices include VAT  All Our Products are Hallmarked by London Assay Office  Comes With Presentation Box  Delivery Included  Explore our collection\u00a0bridal and wedding earrings  Chat with us to view the entire new range of Bridal Gold Necklace and Earring set UK available in our store at Forest gate, London,UK","og_url":"https:\/\/www.purejewels.com\/de\/produkt-2\/22ct-gold-indische-ohrringe-32884\/","og_site_name":"PureJewels UK","article_modified_time":"2026-03-04T12:36:57+00:00","og_image":[{"width":1000,"height":1000,"url":"https:\/\/static.purejewels.com\/wp-content\/uploads\/2020\/09\/image186551020.jpg","type":"image\/jpeg"}],"twitter_card":"summary_large_image","twitter_misc":{"Gesch\u00e4tzte Lesezeit":"2\u00a0Minuten"},"schema":{"@context":"https:\/\/schema.org","@graph":[{"@type":["WebPage","ItemPage"],"@id":"https:\/\/www.purejewels.com\/product\/22ct-gold-indian-earrings-32884\/","url":"https:\/\/www.purejewels.com\/product\/22ct-gold-indian-earrings-32884\/","name":"22ct Gold indische Ohrringe Jhumkha online bei PureJewels UK","isPartOf":{"@id":"https:\/\/www.purejewels.com\/#website"},"primaryImageOfPage":{"@id":"https:\/\/www.purejewels.com\/product\/22ct-gold-indian-earrings-32884\/#primaryimage"},"image":{"@id":"https:\/\/www.purejewels.com\/product\/22ct-gold-indian-earrings-32884\/#primaryimage"},"thumbnailUrl":"https:\/\/static.purejewels.com\/wp-content\/uploads\/2020\/09\/image186551020.jpg","datePublished":"2020-09-18T05:02:01+00:00","dateModified":"2026-03-04T12:36:57+00:00","breadcrumb":{"@id":"https:\/\/www.purejewels.com\/product\/22ct-gold-indian-earrings-32884\/#breadcrumb"},"inLanguage":"de","potentialAction":[{"@type":"ReadAction","target":["https:\/\/www.purejewels.com\/product\/22ct-gold-indian-earrings-32884\/"]}]},{"@type":"ImageObject","inLanguage":"de","@id":"https:\/\/www.purejewels.com\/product\/22ct-gold-indian-earrings-32884\/#primaryimage","url":"https:\/\/static.purejewels.com\/wp-content\/uploads\/2020\/09\/image186551020.jpg","contentUrl":"https:\/\/static.purejewels.com\/wp-content\/uploads\/2020\/09\/image186551020.jpg","width":1000,"height":1000,"caption":"22ct Anusha Earring\/11.5gm"},{"@type":"BreadcrumbList","@id":"https:\/\/www.purejewels.com\/product\/22ct-gold-indian-earrings-32884\/#breadcrumb","itemListElement":[{"@type":"ListItem","position":1,"name":"Home","item":"https:\/\/www.purejewels.com\/"},{"@type":"ListItem","position":2,"name":"Shop","item":"https:\/\/www.purejewels.com\/shop\/"},{"@type":"ListItem","position":3,"name":"22ct Gold Indian Earrings(916)"}]},{"@type":"WebSite","@id":"https:\/\/www.purejewels.com\/#website","url":"https:\/\/www.purejewels.com\/","name":"PureJewels UK","description":"Teile die Liebe","publisher":{"@id":"https:\/\/www.purejewels.com\/#organization"},"potentialAction":[{"@type":"SearchAction","target":{"@type":"EntryPoint","urlTemplate":"https:\/\/www.purejewels.com\/?s={search_term_string}"},"query-input":{"@type":"PropertyValueSpecification","valueRequired":true,"valueName":"search_term_string"}}],"inLanguage":"de"},{"@type":"Organization","@id":"https:\/\/www.purejewels.com\/#organization","name":"PureJewels UK","url":"https:\/\/www.purejewels.com\/","logo":{"@type":"ImageObject","inLanguage":"de","@id":"https:\/\/www.purejewels.com\/#\/schema\/logo\/image\/","url":"https:\/\/static.purejewels.com\/wp-content\/uploads\/2020\/11\/Logo-PJ-New-1.png","contentUrl":"https:\/\/static.purejewels.com\/wp-content\/uploads\/2020\/11\/Logo-PJ-New-1.png","width":150,"height":80,"caption":"PureJewels UK"},"image":{"@id":"https:\/\/www.purejewels.com\/#\/schema\/logo\/image\/"}}]}},"_links":{"self":[{"href":"https:\/\/www.purejewels.com\/de\/wp-json\/wp\/v2\/product\/317337","targetHints":{"allow":["GET"]}}],"collection":[{"href":"https:\/\/www.purejewels.com\/de\/wp-json\/wp\/v2\/product"}],"about":[{"href":"https:\/\/www.purejewels.com\/de\/wp-json\/wp\/v2\/types\/product"}],"replies":[{"embeddable":true,"href":"https:\/\/www.purejewels.com\/de\/wp-json\/wp\/v2\/comments?post=317337"}],"version-history":[{"count":3,"href":"https:\/\/www.purejewels.com\/de\/wp-json\/wp\/v2\/product\/317337\/revisions"}],"predecessor-version":[{"id":413693,"href":"https:\/\/www.purejewels.com\/de\/wp-json\/wp\/v2\/product\/317337\/revisions\/413693"}],"wp:featuredmedia":[{"embeddable":true,"href":"https:\/\/www.purejewels.com\/de\/wp-json\/wp\/v2\/media\/317530"}],"wp:attachment":[{"href":"https:\/\/www.purejewels.com\/de\/wp-json\/wp\/v2\/media?parent=317337"}],"wp:term":[{"taxonomy":"product_brand","embeddable":true,"href":"https:\/\/www.purejewels.com\/de\/wp-json\/wp\/v2\/product_brand?post=317337"},{"taxonomy":"product_cat","embeddable":true,"href":"https:\/\/www.purejewels.com\/de\/wp-json\/wp\/v2\/product_cat?post=317337"},{"taxonomy":"product_tag","embeddable":true,"href":"https:\/\/www.purejewels.com\/de\/wp-json\/wp\/v2\/product_tag?post=317337"}],"curies":[{"name":"wp","href":"https:\/\/api.w.org\/{rel}","templated":true}]}}