{"id":317357,"date":"2020-09-18T08:15:06","date_gmt":"2020-09-18T07:15:06","guid":{"rendered":"https:\/\/www.purejewels.com\/product\/22ct-gold-pendant-5-9gm\/"},"modified":"2026-01-06T07:29:48","modified_gmt":"2026-01-06T07:29:48","slug":"lord-sri-krishna-gold-anhanger-33087","status":"publish","type":"product","link":"https:\/\/www.purejewels.com\/de\/product\/lord-sri-krishna-gold-pendant-33087\/","title":{"rendered":"Krishna Murti Anh\u00e4nger aus 22 Karat Gold"},"content":{"rendered":"<p data-start=\"479\" data-end=\"796\">Der Krishna Murti Anh\u00e4nger aus 22 Karat Gold ist ein heiliges Andenken der Hingabe und f\u00e4ngt die g\u00f6ttliche Anmut von Lord Sri Krishna in einem wundersch\u00f6nen, handemaillierten Portr\u00e4t ein. Eingefasst in einen aufwendig gearbeiteten Goldrahmen, erinnert das Design an einen Miniaturtempel und w\u00fcrdigt damit die spirituellen und k\u00fcnstlerischen Traditionen Indiens.<\/p>\n<p data-start=\"798\" data-end=\"1097\">Dieser Anh\u00e4nger aus reinem 22-kar\u00e4tigem Gold spiegelt die Kunstfertigkeit religi\u00f6ser Schmuckst\u00fccke wider, bei denen jedes Detail \u2013 vom ausdrucksstarken Murti-Bildnis bis hin zur kunstvollen Blumenverzierung \u2013 mit Ehrfurcht gestaltet wurde. Das glatte ovale Emaille wird von einer polierten Kuppel gesch\u00fctzt, die dem Bildnis einen sanften, strahlenden Glanz verleiht.<\/p>\n<p data-start=\"1099\" data-end=\"1436\">Dieser Anh\u00e4nger eignet sich perfekt, um ihn nah am Herzen zu tragen oder zu besonderen Anl\u00e4ssen wie Janmashtami, Hochzeiten oder Neuanf\u00e4ngen zu verschenken. Er hat spirituelle Bedeutung und emotionalen Wert. Kombinieren Sie ihn mit einer schlichten Goldkette f\u00fcr den Alltag oder einer schwereren Fuchsschwanzkette f\u00fcr festliche Anl\u00e4sse. Ein zeitloses Symbol f\u00fcr Liebe, Schutz und Glauben.<\/p>","protected":false},"excerpt":{"rendered":"<p>Feiern Sie Ihre Hingabe mit diesem fein gearbeiteten Krishna-Murti-Anh\u00e4nger aus 22 Karat Gold, der ein g\u00f6ttliches Portr\u00e4t von Lord Sri Krishna zeigt. Eingefasst in einen detailreichen Goldrahmen verk\u00f6rpert er sakrale Kunst, Tradition und zeitlosen Glauben.<\/p>\n<ul>\n<li>Lord Sri Krishna Gold-Anh\u00e4nger<\/li>\n<li>Aus 22 kt indischem Gelbgold<\/li>\n<li>Gewicht. 5,9 Gramm<\/li>\n<li>SKU. 33087<\/li>\n<li>Kette nicht enthalten<\/li>\n<li>Die auf dem Bild gezeigte Kette ist eine <strong>Ackerfuchsschwanzkette<\/strong><\/li>\n<li>Alle unsere Produkte sind vom London Assay Office gestempelt.<\/li>\n<li>Mit Pr\u00e4sentationsbox<\/li>\n<li>Lieferung inbegriffen<\/li>\n<li>Alle Preise inklusive Mehrwertsteuer<\/li>\n<li>Live-Chat mit uns f\u00fcr die Verf\u00fcgbarkeit und mehr Bilder von Hindu Religi\u00f6se Anh\u00e4nger derzeit auf Lager<\/li>\n<\/ul>","protected":false},"featured_media":317543,"comment_status":"closed","ping_status":"closed","template":"","meta":{"_eb_attr":"","_crsspst_to_jayantr4sg-hostcom":true},"product_brand":[],"product_cat":[1255,1572,1768,1701],"product_tag":[],"class_list":{"0":"post-317357","1":"product","2":"type-product","3":"status-publish","4":"has-post-thumbnail","6":"product_cat-gold-pendants","7":"product_cat-mens-jewellery","8":"product_cat-mens-pendants","9":"product_cat-religious-pendants","11":"first","12":"outofstock","13":"taxable","14":"shipping-taxable","15":"product-type-simple","16":"add-to-wishlist-before_image"},"yoast_head":"<!-- This site is optimized with the Yoast SEO plugin v27.3 - https:\/\/yoast.com\/product\/yoast-seo-wordpress\/ -->\n<title>Sacred Krishna Murti Pendant in 22ct Gold \u2013 PureJewels<\/title>\n<meta name=\"description\" content=\"Discover the Krishna Murti Pendant in 22ct gold. Featuring a hand-painted image of Lord Krishna, this sacred gold locket honours devotion and timeless craftsmanship.\" \/>\n<meta name=\"robots\" content=\"index, follow, max-snippet:-1, max-image-preview:large, max-video-preview:-1\" \/>\n<link rel=\"canonical\" href=\"https:\/\/www.purejewels.com\/de\/produkt-2\/lord-sri-krishna-gold-anhanger-33087\/\" \/>\n<meta property=\"og:locale\" content=\"de_DE\" \/>\n<meta property=\"og:type\" content=\"article\" \/>\n<meta property=\"og:title\" content=\"Sacred Krishna Murti Pendant in 22ct Gold \u2013 PureJewels\" \/>\n<meta property=\"og:description\" content=\"Discover the Krishna Murti Pendant in 22ct gold. Featuring a hand-painted image of Lord Krishna, this sacred gold locket honours devotion and timeless craftsmanship.\" \/>\n<meta property=\"og:url\" content=\"https:\/\/www.purejewels.com\/de\/produkt-2\/lord-sri-krishna-gold-anhanger-33087\/\" \/>\n<meta property=\"og:site_name\" content=\"PureJewels UK\" \/>\n<meta property=\"article:modified_time\" content=\"2026-01-06T07:29:48+00:00\" \/>\n<meta property=\"og:image\" content=\"https:\/\/static.purejewels.com\/wp-content\/uploads\/2020\/09\/image186623535.jpg\" \/>\n\t<meta property=\"og:image:width\" content=\"1000\" \/>\n\t<meta property=\"og:image:height\" content=\"1000\" \/>\n\t<meta property=\"og:image:type\" content=\"image\/jpeg\" \/>\n<meta name=\"twitter:card\" content=\"summary_large_image\" \/>\n<meta name=\"twitter:label1\" content=\"Gesch\u00e4tzte Lesezeit\" \/>\n\t<meta name=\"twitter:data1\" content=\"1\u00a0Minute\" \/>\n<script type=\"application\/ld+json\" class=\"yoast-schema-graph\">{\"@context\":\"https:\\\/\\\/schema.org\",\"@graph\":[{\"@type\":[\"WebPage\",\"ItemPage\"],\"@id\":\"https:\\\/\\\/www.purejewels.com\\\/product\\\/lord-sri-krishna-gold-pendant-33087\\\/\",\"url\":\"https:\\\/\\\/www.purejewels.com\\\/product\\\/lord-sri-krishna-gold-pendant-33087\\\/\",\"name\":\"Sacred Krishna Murti Pendant in 22ct Gold \u2013 PureJewels\",\"isPartOf\":{\"@id\":\"https:\\\/\\\/www.purejewels.com\\\/#website\"},\"primaryImageOfPage\":{\"@id\":\"https:\\\/\\\/www.purejewels.com\\\/product\\\/lord-sri-krishna-gold-pendant-33087\\\/#primaryimage\"},\"image\":{\"@id\":\"https:\\\/\\\/www.purejewels.com\\\/product\\\/lord-sri-krishna-gold-pendant-33087\\\/#primaryimage\"},\"thumbnailUrl\":\"https:\\\/\\\/static.purejewels.com\\\/wp-content\\\/uploads\\\/2020\\\/09\\\/image186623535.jpg\",\"datePublished\":\"2020-09-18T07:15:06+00:00\",\"dateModified\":\"2026-01-06T07:29:48+00:00\",\"description\":\"Discover the Krishna Murti Pendant in 22ct gold. Featuring a hand-painted image of Lord Krishna, this sacred gold locket honours devotion and timeless craftsmanship.\",\"breadcrumb\":{\"@id\":\"https:\\\/\\\/www.purejewels.com\\\/product\\\/lord-sri-krishna-gold-pendant-33087\\\/#breadcrumb\"},\"inLanguage\":\"de\",\"potentialAction\":[{\"@type\":\"ReadAction\",\"target\":[\"https:\\\/\\\/www.purejewels.com\\\/product\\\/lord-sri-krishna-gold-pendant-33087\\\/\"]}]},{\"@type\":\"ImageObject\",\"inLanguage\":\"de\",\"@id\":\"https:\\\/\\\/www.purejewels.com\\\/product\\\/lord-sri-krishna-gold-pendant-33087\\\/#primaryimage\",\"url\":\"https:\\\/\\\/static.purejewels.com\\\/wp-content\\\/uploads\\\/2020\\\/09\\\/image186623535.jpg\",\"contentUrl\":\"https:\\\/\\\/static.purejewels.com\\\/wp-content\\\/uploads\\\/2020\\\/09\\\/image186623535.jpg\",\"width\":1000,\"height\":1000,\"caption\":\"22ct Gold Pendant Sri Krishna YGPN166\"},{\"@type\":\"BreadcrumbList\",\"@id\":\"https:\\\/\\\/www.purejewels.com\\\/product\\\/lord-sri-krishna-gold-pendant-33087\\\/#breadcrumb\",\"itemListElement\":[{\"@type\":\"ListItem\",\"position\":1,\"name\":\"Home\",\"item\":\"https:\\\/\\\/www.purejewels.com\\\/\"},{\"@type\":\"ListItem\",\"position\":2,\"name\":\"Shop\",\"item\":\"https:\\\/\\\/www.purejewels.com\\\/shop\\\/\"},{\"@type\":\"ListItem\",\"position\":3,\"name\":\"Krishna Murti Pendant in 22ct Gold\"}]},{\"@type\":\"WebSite\",\"@id\":\"https:\\\/\\\/www.purejewels.com\\\/#website\",\"url\":\"https:\\\/\\\/www.purejewels.com\\\/\",\"name\":\"PureJewels UK\",\"description\":\"Share the Love\",\"publisher\":{\"@id\":\"https:\\\/\\\/www.purejewels.com\\\/#organization\"},\"potentialAction\":[{\"@type\":\"SearchAction\",\"target\":{\"@type\":\"EntryPoint\",\"urlTemplate\":\"https:\\\/\\\/www.purejewels.com\\\/?s={search_term_string}\"},\"query-input\":{\"@type\":\"PropertyValueSpecification\",\"valueRequired\":true,\"valueName\":\"search_term_string\"}}],\"inLanguage\":\"de\"},{\"@type\":\"Organization\",\"@id\":\"https:\\\/\\\/www.purejewels.com\\\/#organization\",\"name\":\"PureJewels UK\",\"url\":\"https:\\\/\\\/www.purejewels.com\\\/\",\"logo\":{\"@type\":\"ImageObject\",\"inLanguage\":\"de\",\"@id\":\"https:\\\/\\\/www.purejewels.com\\\/#\\\/schema\\\/logo\\\/image\\\/\",\"url\":\"https:\\\/\\\/static.purejewels.com\\\/wp-content\\\/uploads\\\/2020\\\/11\\\/Logo-PJ-New-1.png\",\"contentUrl\":\"https:\\\/\\\/static.purejewels.com\\\/wp-content\\\/uploads\\\/2020\\\/11\\\/Logo-PJ-New-1.png\",\"width\":150,\"height\":80,\"caption\":\"PureJewels UK\"},\"image\":{\"@id\":\"https:\\\/\\\/www.purejewels.com\\\/#\\\/schema\\\/logo\\\/image\\\/\"}}]}<\/script>\n<!-- \/ Yoast SEO plugin. -->","yoast_head_json":{"title":"Heiliger Krishna Murti Anh\u00e4nger aus 22 Karat Gold \u2013 PureJewels","description":"Entdecken Sie den Krishna Murti Anh\u00e4nger aus 22 Karat Gold. Mit einem handgemalten Bild von Lord Krishna ziert dieses heilige Goldmedaillon Hingabe und zeitlose Handwerkskunst.","robots":{"index":"index","follow":"follow","max-snippet":"max-snippet:-1","max-image-preview":"max-image-preview:large","max-video-preview":"max-video-preview:-1"},"canonical":"https:\/\/www.purejewels.com\/de\/produkt-2\/lord-sri-krishna-gold-anhanger-33087\/","og_locale":"de_DE","og_type":"article","og_title":"Sacred Krishna Murti Pendant in 22ct Gold \u2013 PureJewels","og_description":"Discover the Krishna Murti Pendant in 22ct gold. Featuring a hand-painted image of Lord Krishna, this sacred gold locket honours devotion and timeless craftsmanship.","og_url":"https:\/\/www.purejewels.com\/de\/produkt-2\/lord-sri-krishna-gold-anhanger-33087\/","og_site_name":"PureJewels UK","article_modified_time":"2026-01-06T07:29:48+00:00","og_image":[{"width":1000,"height":1000,"url":"https:\/\/static.purejewels.com\/wp-content\/uploads\/2020\/09\/image186623535.jpg","type":"image\/jpeg"}],"twitter_card":"summary_large_image","twitter_misc":{"Gesch\u00e4tzte Lesezeit":"1\u00a0Minute"},"schema":{"@context":"https:\/\/schema.org","@graph":[{"@type":["WebPage","ItemPage"],"@id":"https:\/\/www.purejewels.com\/product\/lord-sri-krishna-gold-pendant-33087\/","url":"https:\/\/www.purejewels.com\/product\/lord-sri-krishna-gold-pendant-33087\/","name":"Heiliger Krishna Murti Anh\u00e4nger aus 22 Karat Gold \u2013 PureJewels","isPartOf":{"@id":"https:\/\/www.purejewels.com\/#website"},"primaryImageOfPage":{"@id":"https:\/\/www.purejewels.com\/product\/lord-sri-krishna-gold-pendant-33087\/#primaryimage"},"image":{"@id":"https:\/\/www.purejewels.com\/product\/lord-sri-krishna-gold-pendant-33087\/#primaryimage"},"thumbnailUrl":"https:\/\/static.purejewels.com\/wp-content\/uploads\/2020\/09\/image186623535.jpg","datePublished":"2020-09-18T07:15:06+00:00","dateModified":"2026-01-06T07:29:48+00:00","description":"Entdecken Sie den Krishna Murti Anh\u00e4nger aus 22 Karat Gold. Mit einem handgemalten Bild von Lord Krishna ziert dieses heilige Goldmedaillon Hingabe und zeitlose Handwerkskunst.","breadcrumb":{"@id":"https:\/\/www.purejewels.com\/product\/lord-sri-krishna-gold-pendant-33087\/#breadcrumb"},"inLanguage":"de","potentialAction":[{"@type":"ReadAction","target":["https:\/\/www.purejewels.com\/product\/lord-sri-krishna-gold-pendant-33087\/"]}]},{"@type":"ImageObject","inLanguage":"de","@id":"https:\/\/www.purejewels.com\/product\/lord-sri-krishna-gold-pendant-33087\/#primaryimage","url":"https:\/\/static.purejewels.com\/wp-content\/uploads\/2020\/09\/image186623535.jpg","contentUrl":"https:\/\/static.purejewels.com\/wp-content\/uploads\/2020\/09\/image186623535.jpg","width":1000,"height":1000,"caption":"22ct Gold Pendant Sri Krishna YGPN166"},{"@type":"BreadcrumbList","@id":"https:\/\/www.purejewels.com\/product\/lord-sri-krishna-gold-pendant-33087\/#breadcrumb","itemListElement":[{"@type":"ListItem","position":1,"name":"Home","item":"https:\/\/www.purejewels.com\/"},{"@type":"ListItem","position":2,"name":"Shop","item":"https:\/\/www.purejewels.com\/shop\/"},{"@type":"ListItem","position":3,"name":"Krishna Murti Pendant in 22ct Gold"}]},{"@type":"WebSite","@id":"https:\/\/www.purejewels.com\/#website","url":"https:\/\/www.purejewels.com\/","name":"PureJewels UK","description":"Teile die Liebe","publisher":{"@id":"https:\/\/www.purejewels.com\/#organization"},"potentialAction":[{"@type":"SearchAction","target":{"@type":"EntryPoint","urlTemplate":"https:\/\/www.purejewels.com\/?s={search_term_string}"},"query-input":{"@type":"PropertyValueSpecification","valueRequired":true,"valueName":"search_term_string"}}],"inLanguage":"de"},{"@type":"Organization","@id":"https:\/\/www.purejewels.com\/#organization","name":"PureJewels UK","url":"https:\/\/www.purejewels.com\/","logo":{"@type":"ImageObject","inLanguage":"de","@id":"https:\/\/www.purejewels.com\/#\/schema\/logo\/image\/","url":"https:\/\/static.purejewels.com\/wp-content\/uploads\/2020\/11\/Logo-PJ-New-1.png","contentUrl":"https:\/\/static.purejewels.com\/wp-content\/uploads\/2020\/11\/Logo-PJ-New-1.png","width":150,"height":80,"caption":"PureJewels UK"},"image":{"@id":"https:\/\/www.purejewels.com\/#\/schema\/logo\/image\/"}}]}},"_links":{"self":[{"href":"https:\/\/www.purejewels.com\/de\/wp-json\/wp\/v2\/product\/317357","targetHints":{"allow":["GET"]}}],"collection":[{"href":"https:\/\/www.purejewels.com\/de\/wp-json\/wp\/v2\/product"}],"about":[{"href":"https:\/\/www.purejewels.com\/de\/wp-json\/wp\/v2\/types\/product"}],"replies":[{"embeddable":true,"href":"https:\/\/www.purejewels.com\/de\/wp-json\/wp\/v2\/comments?post=317357"}],"version-history":[{"count":3,"href":"https:\/\/www.purejewels.com\/de\/wp-json\/wp\/v2\/product\/317357\/revisions"}],"predecessor-version":[{"id":423360,"href":"https:\/\/www.purejewels.com\/de\/wp-json\/wp\/v2\/product\/317357\/revisions\/423360"}],"wp:featuredmedia":[{"embeddable":true,"href":"https:\/\/www.purejewels.com\/de\/wp-json\/wp\/v2\/media\/317543"}],"wp:attachment":[{"href":"https:\/\/www.purejewels.com\/de\/wp-json\/wp\/v2\/media?parent=317357"}],"wp:term":[{"taxonomy":"product_brand","embeddable":true,"href":"https:\/\/www.purejewels.com\/de\/wp-json\/wp\/v2\/product_brand?post=317357"},{"taxonomy":"product_cat","embeddable":true,"href":"https:\/\/www.purejewels.com\/de\/wp-json\/wp\/v2\/product_cat?post=317357"},{"taxonomy":"product_tag","embeddable":true,"href":"https:\/\/www.purejewels.com\/de\/wp-json\/wp\/v2\/product_tag?post=317357"}],"curies":[{"name":"wp","href":"https:\/\/api.w.org\/{rel}","templated":true}]}}