{"id":317415,"date":"2020-09-20T17:42:48","date_gmt":"2020-09-20T16:42:48","guid":{"rendered":"https:\/\/www.purejewels.com\/product\/jali-22ct-light-filligree-pendant-jlpn182\/"},"modified":"2026-01-06T08:08:51","modified_gmt":"2026-01-06T08:08:51","slug":"22karatiges-gold-indischer-pfau-anhanger-33191","status":"publish","type":"product","link":"https:\/\/www.purejewels.com\/de\/product\/22carat-gold-indian-peacock-pendant-33191\/","title":{"rendered":"Anh\u00e4nger aus 22 Karat Gold, inspiriert vom Pfau"},"content":{"rendered":"<p>Feiern Sie Eleganz und Tradition mit diesem Anh\u00e4nger aus 22 Karat Gold aus der Jali-Kollektion, der in der abstrakten Form eines Pfaus gestaltet ist \u2013 einem zeitlosen Symbol f\u00fcr Sch\u00f6nheit, Anmut und Erneuerung.<\/p>\n<p>Die obere Kurve des Anh\u00e4ngers, verziert mit tiefblauem Emaille, erinnert sanft an den Bogen des Halses eines Pfaus, w\u00e4hrend das fein detaillierte Filigranmotiv (Jali) die Komplexit\u00e4t seines Gefieders darstellt. Ein kubischer Stein im Brillantschliff sorgt f\u00fcr einen dezenten Glanz, und ein polierter wei\u00dfer Tropfen h\u00e4ngt an der Basis und erinnert an das nat\u00fcrliche Schwingen einer Feder in Bewegung.<\/p>\n<p>Dieses St\u00fcck sch\u00f6pft aus der reichen Tradition der Jali-Kunst der Moguln, deren offenes Gitterdesign Leichtigkeit und Fluidit\u00e4t widerspiegelt. Jedes Element ist sorgf\u00e4ltig handgefertigt, wodurch es sich ideal f\u00fcr kulturelle Feierlichkeiten, spirituelle Symbolik oder raffinierte Eleganz im Alltag eignet.<\/p>","protected":false},"excerpt":{"rendered":"<p>Von einem Pfau inspirierter Anh\u00e4nger aus 22 Karat Gold aus der Jali-Kollektion mit Emaille-Verzierungen, feiner Filigranarbeit und einem anmutigen Tropfenakzent.<\/p>\n<ul>\n<li>22 Karat Gold Indischer Anh\u00e4nger<\/li>\n<li>Geeignet f\u00fcr Alltagskleidung<\/li>\n<li>Wt. 1.8 gms<\/li>\n<li>SKU.  33191<\/li>\n<li>Kette nicht im Preis enthalten<\/li>\n<li>Alle Preise inklusive Mehrwertsteuer<\/li>\n<li>Alle unsere Produkte sind von London gestempelt\u00a0<span id=\"urn:enhancement-7d2af146\" class=\"textannotation\">Pr\u00fcfstelle<\/span><\/li>\n<li>Alle Sets werden mit Pr\u00e4sentationsbox geliefert<\/li>\n<li>Kostenlose Lieferung in ganz Europa\u00a0<span id=\"urn:enhancement-bbb162f2\" class=\"textannotation\">UK<\/span><\/li>\n<li>Kontaktieren Sie uns \/ chatten Sie mit uns und entdecken Sie unser\u00a0<span id=\"urn:enhancement-32269751\" class=\"textannotation\">Gold<\/span>\u00a0Anh\u00e4nger Halskette Indische Kollektion<\/li>\n<\/ul>","protected":false},"featured_media":321741,"comment_status":"closed","ping_status":"closed","template":"","meta":{"_eb_attr":"","_crsspst_to_jayantr4sg-hostcom":false},"product_brand":[],"product_cat":[1791,1559,1793,1770,1255,1767,1570,1575,1569,1573,1574],"product_tag":[],"class_list":{"0":"post-317415","1":"product","2":"type-product","3":"status-publish","4":"has-post-thumbnail","6":"product_cat-anniversary-gifts","7":"product_cat-birthday-gifts","8":"product_cat-diwali-gifts","9":"product_cat-fancy-pendants","10":"product_cat-gold-pendants","11":"product_cat-ladies-pendants","12":"product_cat-mothers-day-gifts","13":"product_cat-teenage-jewellery","14":"product_cat-valentine-day-gifts","15":"product_cat-wedding-gifts","16":"product_cat-womens-jewellery","18":"first","19":"outofstock","20":"taxable","21":"shipping-taxable","22":"product-type-simple","23":"add-to-wishlist-before_image"},"yoast_head":"<!-- This site is optimized with the Yoast SEO plugin v27.3 - https:\/\/yoast.com\/product\/yoast-seo-wordpress\/ -->\n<title>22ct Peacock Pendant | Filigree &amp; Enamel Design in PureJewels<\/title>\n<meta name=\"description\" content=\"Graceful 22ct gold pendant inspired by the peacock, featuring jali filigree, enamel work, and a polished teardrop charm. From PureJewels&#039; Jali Collection.\" \/>\n<meta name=\"robots\" content=\"index, follow, max-snippet:-1, max-image-preview:large, max-video-preview:-1\" \/>\n<link rel=\"canonical\" href=\"https:\/\/www.purejewels.com\/de\/produkt-2\/22karatiges-gold-indischer-pfau-anhanger-33191\/\" \/>\n<meta property=\"og:locale\" content=\"de_DE\" \/>\n<meta property=\"og:type\" content=\"article\" \/>\n<meta property=\"og:title\" content=\"22ct Peacock Pendant | Filigree &amp; Enamel Design in PureJewels\" \/>\n<meta property=\"og:description\" content=\"Graceful 22ct gold pendant inspired by the peacock, featuring jali filigree, enamel work, and a polished teardrop charm. From PureJewels&#039; Jali Collection.\" \/>\n<meta property=\"og:url\" content=\"https:\/\/www.purejewels.com\/de\/produkt-2\/22karatiges-gold-indischer-pfau-anhanger-33191\/\" \/>\n<meta property=\"og:site_name\" content=\"PureJewels UK\" \/>\n<meta property=\"article:modified_time\" content=\"2026-01-06T08:08:51+00:00\" \/>\n<meta property=\"og:image\" content=\"https:\/\/static.purejewels.com\/wp-content\/uploads\/2020\/09\/33191.jpg\" \/>\n\t<meta property=\"og:image:width\" content=\"1000\" \/>\n\t<meta property=\"og:image:height\" content=\"1000\" \/>\n\t<meta property=\"og:image:type\" content=\"image\/jpeg\" \/>\n<meta name=\"twitter:card\" content=\"summary_large_image\" \/>\n<meta name=\"twitter:label1\" content=\"Gesch\u00e4tzte Lesezeit\" \/>\n\t<meta name=\"twitter:data1\" content=\"1\u00a0Minute\" \/>\n<script type=\"application\/ld+json\" class=\"yoast-schema-graph\">{\"@context\":\"https:\\\/\\\/schema.org\",\"@graph\":[{\"@type\":[\"WebPage\",\"ItemPage\"],\"@id\":\"https:\\\/\\\/www.purejewels.com\\\/product\\\/22carat-gold-indian-peacock-pendant-33191\\\/\",\"url\":\"https:\\\/\\\/www.purejewels.com\\\/product\\\/22carat-gold-indian-peacock-pendant-33191\\\/\",\"name\":\"22ct Peacock Pendant | Filigree & Enamel Design in PureJewels\",\"isPartOf\":{\"@id\":\"https:\\\/\\\/www.purejewels.com\\\/#website\"},\"primaryImageOfPage\":{\"@id\":\"https:\\\/\\\/www.purejewels.com\\\/product\\\/22carat-gold-indian-peacock-pendant-33191\\\/#primaryimage\"},\"image\":{\"@id\":\"https:\\\/\\\/www.purejewels.com\\\/product\\\/22carat-gold-indian-peacock-pendant-33191\\\/#primaryimage\"},\"thumbnailUrl\":\"https:\\\/\\\/static.purejewels.com\\\/wp-content\\\/uploads\\\/2020\\\/09\\\/33191.jpg\",\"datePublished\":\"2020-09-20T16:42:48+00:00\",\"dateModified\":\"2026-01-06T08:08:51+00:00\",\"description\":\"Graceful 22ct gold pendant inspired by the peacock, featuring jali filigree, enamel work, and a polished teardrop charm. From PureJewels' Jali Collection.\",\"breadcrumb\":{\"@id\":\"https:\\\/\\\/www.purejewels.com\\\/product\\\/22carat-gold-indian-peacock-pendant-33191\\\/#breadcrumb\"},\"inLanguage\":\"de\",\"potentialAction\":[{\"@type\":\"ReadAction\",\"target\":[\"https:\\\/\\\/www.purejewels.com\\\/product\\\/22carat-gold-indian-peacock-pendant-33191\\\/\"]}]},{\"@type\":\"ImageObject\",\"inLanguage\":\"de\",\"@id\":\"https:\\\/\\\/www.purejewels.com\\\/product\\\/22carat-gold-indian-peacock-pendant-33191\\\/#primaryimage\",\"url\":\"https:\\\/\\\/static.purejewels.com\\\/wp-content\\\/uploads\\\/2020\\\/09\\\/33191.jpg\",\"contentUrl\":\"https:\\\/\\\/static.purejewels.com\\\/wp-content\\\/uploads\\\/2020\\\/09\\\/33191.jpg\",\"width\":1000,\"height\":1000,\"caption\":\"Peacock Pendant\"},{\"@type\":\"BreadcrumbList\",\"@id\":\"https:\\\/\\\/www.purejewels.com\\\/product\\\/22carat-gold-indian-peacock-pendant-33191\\\/#breadcrumb\",\"itemListElement\":[{\"@type\":\"ListItem\",\"position\":1,\"name\":\"Home\",\"item\":\"https:\\\/\\\/www.purejewels.com\\\/\"},{\"@type\":\"ListItem\",\"position\":2,\"name\":\"Shop\",\"item\":\"https:\\\/\\\/www.purejewels.com\\\/shop\\\/\"},{\"@type\":\"ListItem\",\"position\":3,\"name\":\"22ct Gold Peacock-Inspired Pendant\"}]},{\"@type\":\"WebSite\",\"@id\":\"https:\\\/\\\/www.purejewels.com\\\/#website\",\"url\":\"https:\\\/\\\/www.purejewels.com\\\/\",\"name\":\"PureJewels UK\",\"description\":\"Share the Love\",\"publisher\":{\"@id\":\"https:\\\/\\\/www.purejewels.com\\\/#organization\"},\"potentialAction\":[{\"@type\":\"SearchAction\",\"target\":{\"@type\":\"EntryPoint\",\"urlTemplate\":\"https:\\\/\\\/www.purejewels.com\\\/?s={search_term_string}\"},\"query-input\":{\"@type\":\"PropertyValueSpecification\",\"valueRequired\":true,\"valueName\":\"search_term_string\"}}],\"inLanguage\":\"de\"},{\"@type\":\"Organization\",\"@id\":\"https:\\\/\\\/www.purejewels.com\\\/#organization\",\"name\":\"PureJewels UK\",\"url\":\"https:\\\/\\\/www.purejewels.com\\\/\",\"logo\":{\"@type\":\"ImageObject\",\"inLanguage\":\"de\",\"@id\":\"https:\\\/\\\/www.purejewels.com\\\/#\\\/schema\\\/logo\\\/image\\\/\",\"url\":\"https:\\\/\\\/static.purejewels.com\\\/wp-content\\\/uploads\\\/2020\\\/11\\\/Logo-PJ-New-1.png\",\"contentUrl\":\"https:\\\/\\\/static.purejewels.com\\\/wp-content\\\/uploads\\\/2020\\\/11\\\/Logo-PJ-New-1.png\",\"width\":150,\"height\":80,\"caption\":\"PureJewels UK\"},\"image\":{\"@id\":\"https:\\\/\\\/www.purejewels.com\\\/#\\\/schema\\\/logo\\\/image\\\/\"}}]}<\/script>\n<!-- \/ Yoast SEO plugin. -->","yoast_head_json":{"title":"22 Karat Pfauen-Anh\u00e4nger | Filigran- und Emaille-Design von PureJewels","description":"Anmutiger Anh\u00e4nger aus 22 Karat Gold, inspiriert vom Pfau, mit Jali-Filigranarbeit, Emaille und einem polierten Tropfenanh\u00e4nger. Aus der Jali-Kollektion von PureJewels.","robots":{"index":"index","follow":"follow","max-snippet":"max-snippet:-1","max-image-preview":"max-image-preview:large","max-video-preview":"max-video-preview:-1"},"canonical":"https:\/\/www.purejewels.com\/de\/produkt-2\/22karatiges-gold-indischer-pfau-anhanger-33191\/","og_locale":"de_DE","og_type":"article","og_title":"22ct Peacock Pendant | Filigree & Enamel Design in PureJewels","og_description":"Graceful 22ct gold pendant inspired by the peacock, featuring jali filigree, enamel work, and a polished teardrop charm. From PureJewels' Jali Collection.","og_url":"https:\/\/www.purejewels.com\/de\/produkt-2\/22karatiges-gold-indischer-pfau-anhanger-33191\/","og_site_name":"PureJewels UK","article_modified_time":"2026-01-06T08:08:51+00:00","og_image":[{"width":1000,"height":1000,"url":"https:\/\/static.purejewels.com\/wp-content\/uploads\/2020\/09\/33191.jpg","type":"image\/jpeg"}],"twitter_card":"summary_large_image","twitter_misc":{"Gesch\u00e4tzte Lesezeit":"1\u00a0Minute"},"schema":{"@context":"https:\/\/schema.org","@graph":[{"@type":["WebPage","ItemPage"],"@id":"https:\/\/www.purejewels.com\/product\/22carat-gold-indian-peacock-pendant-33191\/","url":"https:\/\/www.purejewels.com\/product\/22carat-gold-indian-peacock-pendant-33191\/","name":"22 Karat Pfauen-Anh\u00e4nger | Filigran- und Emaille-Design von PureJewels","isPartOf":{"@id":"https:\/\/www.purejewels.com\/#website"},"primaryImageOfPage":{"@id":"https:\/\/www.purejewels.com\/product\/22carat-gold-indian-peacock-pendant-33191\/#primaryimage"},"image":{"@id":"https:\/\/www.purejewels.com\/product\/22carat-gold-indian-peacock-pendant-33191\/#primaryimage"},"thumbnailUrl":"https:\/\/static.purejewels.com\/wp-content\/uploads\/2020\/09\/33191.jpg","datePublished":"2020-09-20T16:42:48+00:00","dateModified":"2026-01-06T08:08:51+00:00","description":"Anmutiger Anh\u00e4nger aus 22 Karat Gold, inspiriert vom Pfau, mit Jali-Filigranarbeit, Emaille und einem polierten Tropfenanh\u00e4nger. Aus der Jali-Kollektion von PureJewels.","breadcrumb":{"@id":"https:\/\/www.purejewels.com\/product\/22carat-gold-indian-peacock-pendant-33191\/#breadcrumb"},"inLanguage":"de","potentialAction":[{"@type":"ReadAction","target":["https:\/\/www.purejewels.com\/product\/22carat-gold-indian-peacock-pendant-33191\/"]}]},{"@type":"ImageObject","inLanguage":"de","@id":"https:\/\/www.purejewels.com\/product\/22carat-gold-indian-peacock-pendant-33191\/#primaryimage","url":"https:\/\/static.purejewels.com\/wp-content\/uploads\/2020\/09\/33191.jpg","contentUrl":"https:\/\/static.purejewels.com\/wp-content\/uploads\/2020\/09\/33191.jpg","width":1000,"height":1000,"caption":"Peacock Pendant"},{"@type":"BreadcrumbList","@id":"https:\/\/www.purejewels.com\/product\/22carat-gold-indian-peacock-pendant-33191\/#breadcrumb","itemListElement":[{"@type":"ListItem","position":1,"name":"Home","item":"https:\/\/www.purejewels.com\/"},{"@type":"ListItem","position":2,"name":"Shop","item":"https:\/\/www.purejewels.com\/shop\/"},{"@type":"ListItem","position":3,"name":"22ct Gold Peacock-Inspired Pendant"}]},{"@type":"WebSite","@id":"https:\/\/www.purejewels.com\/#website","url":"https:\/\/www.purejewels.com\/","name":"PureJewels UK","description":"Teile die Liebe","publisher":{"@id":"https:\/\/www.purejewels.com\/#organization"},"potentialAction":[{"@type":"SearchAction","target":{"@type":"EntryPoint","urlTemplate":"https:\/\/www.purejewels.com\/?s={search_term_string}"},"query-input":{"@type":"PropertyValueSpecification","valueRequired":true,"valueName":"search_term_string"}}],"inLanguage":"de"},{"@type":"Organization","@id":"https:\/\/www.purejewels.com\/#organization","name":"PureJewels UK","url":"https:\/\/www.purejewels.com\/","logo":{"@type":"ImageObject","inLanguage":"de","@id":"https:\/\/www.purejewels.com\/#\/schema\/logo\/image\/","url":"https:\/\/static.purejewels.com\/wp-content\/uploads\/2020\/11\/Logo-PJ-New-1.png","contentUrl":"https:\/\/static.purejewels.com\/wp-content\/uploads\/2020\/11\/Logo-PJ-New-1.png","width":150,"height":80,"caption":"PureJewels UK"},"image":{"@id":"https:\/\/www.purejewels.com\/#\/schema\/logo\/image\/"}}]}},"_links":{"self":[{"href":"https:\/\/www.purejewels.com\/de\/wp-json\/wp\/v2\/product\/317415","targetHints":{"allow":["GET"]}}],"collection":[{"href":"https:\/\/www.purejewels.com\/de\/wp-json\/wp\/v2\/product"}],"about":[{"href":"https:\/\/www.purejewels.com\/de\/wp-json\/wp\/v2\/types\/product"}],"replies":[{"embeddable":true,"href":"https:\/\/www.purejewels.com\/de\/wp-json\/wp\/v2\/comments?post=317415"}],"version-history":[{"count":2,"href":"https:\/\/www.purejewels.com\/de\/wp-json\/wp\/v2\/product\/317415\/revisions"}],"predecessor-version":[{"id":423408,"href":"https:\/\/www.purejewels.com\/de\/wp-json\/wp\/v2\/product\/317415\/revisions\/423408"}],"wp:featuredmedia":[{"embeddable":true,"href":"https:\/\/www.purejewels.com\/de\/wp-json\/wp\/v2\/media\/321741"}],"wp:attachment":[{"href":"https:\/\/www.purejewels.com\/de\/wp-json\/wp\/v2\/media?parent=317415"}],"wp:term":[{"taxonomy":"product_brand","embeddable":true,"href":"https:\/\/www.purejewels.com\/de\/wp-json\/wp\/v2\/product_brand?post=317415"},{"taxonomy":"product_cat","embeddable":true,"href":"https:\/\/www.purejewels.com\/de\/wp-json\/wp\/v2\/product_cat?post=317415"},{"taxonomy":"product_tag","embeddable":true,"href":"https:\/\/www.purejewels.com\/de\/wp-json\/wp\/v2\/product_tag?post=317415"}],"curies":[{"name":"wp","href":"https:\/\/api.w.org\/{rel}","templated":true}]}}