{"id":317693,"date":"2020-09-29T11:24:55","date_gmt":"2020-09-29T10:24:55","guid":{"rendered":"https:\/\/www.purejewels.com\/product\/18ct-yellow-gold-nose-pin-0-2gm\/"},"modified":"2022-05-30T08:44:38","modified_gmt":"2022-05-30T07:44:38","slug":"nasenstecker-aus-18-karat-gelbgold-33269","status":"publish","type":"product","link":"https:\/\/www.purejewels.com\/de\/product\/18-carat-yellow-gold-nose-pin-33269\/","title":{"rendered":"Nasenstecker aus 18 Karat Gelbgold"},"content":{"rendered":"<p><strong>Inspiration<\/strong><\/p>\n<p>Dass sich Frauen die Nase piercen lassen, ist seit Jahrhunderten Tradition. Mit der Zeit begannen auch die M\u00e4nner damit, und die Tradition wurde weitergegeben und sogar in den k\u00f6niglichen Familien aufrechterhalten. Man glaubte, dass das Piercing an einer Stelle der Nase angebracht wurde, die f\u00fcr Frauen traditionell symbolisch und biologisch wichtig war. Dar\u00fcber hinaus wurde die Idee, die Nase zu schm\u00fccken, von indischen Frauen und Goldschmieden mit Begeisterung aufgenommen.<\/p>\n<p><strong>Gestaltung<\/strong><\/p>\n<p><strong>D\u00fcnner Nasenring aus Gold<\/strong> Das Vereinigte K\u00f6nigreich ist immer eine Bereicherung f\u00fcr Ihren Look, denn es verleiht ihm einen Hauch von Skurrilit\u00e4t und Kultur. Diese <a href=\"https:\/\/www.purejewels.com\/de\/product\/18-carat-yellow-gold-nose-pin-33271\/\">goldener Nasenstecker<\/a> Indian nimmt Anleihen bei der indischen Architektur sowie bei traditionellen Mustern und Elementen. Das Design dieser goldenen Nasenbrosche von Purejewels beginnt mit einem drachenf\u00f6rmigen Element an der Spitze und wird von einem weiteren \u00e4hnlichen Element gefolgt, das genauso aussieht wie dieses, aber etwas kleiner ist. Das Design ist mit Cubic Zirkonia Steinen besetzt, die hell und brillant wie echte Diamanten gl\u00e4nzen.<\/p>\n<p><strong>Stil<\/strong><\/p>\n<p>Stylen und zeigen Sie unsere reine 22K Nasenstecker mit Ihren traditionellen und schweren indischen Ensembles, w\u00e4hrend Sie sich f\u00fcr einen festlichen Abend herausputzen. Es hat die richtige Menge an bling und sieht wundersch\u00f6n, w\u00e4hrend das Hinzuf\u00fcgen einer Kante, um Ihren Look wegen seiner ungew\u00f6hnlichen Form, die auch macht Sie abheben. Es ist hier f\u00fcr Sie zu gl\u00e4nzen hell, w\u00e4hrend Sie sehen wundersch\u00f6n und subtil zur gleichen Zeit.<\/p>","protected":false},"excerpt":{"rendered":"<ul>\n<li>18ct Gelbgold Nasenpin<\/li>\n<li>Kommt mit Schraubverschluss<\/li>\n<li>Mit kubischem Zirkoniastein<\/li>\n<li>Abmessungen:\n<ul>\n<li>L\u00e4nge des Stiels: 6 mm (ca.)<\/li>\n<li>Durchmesser der Fassung: 3,8 mm (ca.)<\/li>\n<li>Schaftdicke: 0,6 mm (ca.)<\/li>\n<li>Rohrdicke: 0,9 mm (ca.)<\/li>\n<\/ul>\n<\/li>\n<li>Wt. 0.2 gms<\/li>\n<li>SKU. 33269<\/li>\n<li>Mit Pr\u00e4sentationsbox<\/li>\n<li>Kostenlose Lieferung in ganz UK<\/li>\n<li>Alle Preise inklusive Mehrwertsteuer<\/li>\n<li>\"Kontaktieren Sie uns\/Live-Chat mit uns f\u00fcr ein Video des Produkts\".<\/li>\n<\/ul>","protected":false},"featured_media":317753,"comment_status":"closed","ping_status":"closed","template":"","meta":{"_eb_attr":"","_crsspst_to_jayantr4sg-hostcom":false},"product_brand":[],"product_cat":[1711,1463],"product_tag":[],"class_list":{"0":"post-317693","1":"product","2":"type-product","3":"status-publish","4":"has-post-thumbnail","6":"product_cat-gold-nose-studs","7":"product_cat-gold-nose-pins","9":"first","10":"outofstock","11":"taxable","12":"shipping-taxable","13":"product-type-simple","14":"add-to-wishlist-before_image"},"yoast_head":"<!-- This site is optimized with the Yoast SEO plugin v27.3 - https:\/\/yoast.com\/product\/yoast-seo-wordpress\/ -->\n<title>real gold nose rings | shop nose studs in UK<\/title>\n<meta name=\"description\" content=\"Thin Nose Stud | Buy Best white gold Nose Rings. Select from our wide range of jewellry collection. Guaranteed Lowest Price.\" \/>\n<meta name=\"robots\" content=\"index, follow, max-snippet:-1, max-image-preview:large, max-video-preview:-1\" \/>\n<link rel=\"canonical\" href=\"https:\/\/www.purejewels.com\/de\/produkt-2\/nasenstecker-aus-18-karat-gelbgold-33269\/\" \/>\n<meta property=\"og:locale\" content=\"de_DE\" \/>\n<meta property=\"og:type\" content=\"article\" \/>\n<meta property=\"og:title\" content=\"real gold nose rings | shop nose studs in UK\" \/>\n<meta property=\"og:description\" content=\"Thin Nose Stud | Buy Best white gold Nose Rings. Select from our wide range of jewellry collection. Guaranteed Lowest Price.\" \/>\n<meta property=\"og:url\" content=\"https:\/\/www.purejewels.com\/de\/produkt-2\/nasenstecker-aus-18-karat-gelbgold-33269\/\" \/>\n<meta property=\"og:site_name\" content=\"PureJewels UK\" \/>\n<meta property=\"article:modified_time\" content=\"2022-05-30T07:44:38+00:00\" \/>\n<meta property=\"og:image\" content=\"https:\/\/www.purejewels.com\/wp-content\/uploads\/2020\/09\/image186869297.jpg\" \/>\n\t<meta property=\"og:image:width\" content=\"1000\" \/>\n\t<meta property=\"og:image:height\" content=\"1000\" \/>\n\t<meta property=\"og:image:type\" content=\"image\/jpeg\" \/>\n<meta name=\"twitter:card\" content=\"summary_large_image\" \/>\n<meta name=\"twitter:label1\" content=\"Gesch\u00e4tzte Lesezeit\" \/>\n\t<meta name=\"twitter:data1\" content=\"2\u00a0Minuten\" \/>\n<script type=\"application\/ld+json\" class=\"yoast-schema-graph\">{\"@context\":\"https:\\\/\\\/schema.org\",\"@graph\":[{\"@type\":[\"WebPage\",\"ItemPage\"],\"@id\":\"https:\\\/\\\/www.purejewels.com\\\/product\\\/18-carat-yellow-gold-nose-pin-33269\\\/\",\"url\":\"https:\\\/\\\/www.purejewels.com\\\/product\\\/18-carat-yellow-gold-nose-pin-33269\\\/\",\"name\":\"real gold nose rings | shop nose studs in UK\",\"isPartOf\":{\"@id\":\"https:\\\/\\\/www.purejewels.com\\\/#website\"},\"primaryImageOfPage\":{\"@id\":\"https:\\\/\\\/www.purejewels.com\\\/product\\\/18-carat-yellow-gold-nose-pin-33269\\\/#primaryimage\"},\"image\":{\"@id\":\"https:\\\/\\\/www.purejewels.com\\\/product\\\/18-carat-yellow-gold-nose-pin-33269\\\/#primaryimage\"},\"thumbnailUrl\":\"https:\\\/\\\/static.purejewels.com\\\/wp-content\\\/uploads\\\/2020\\\/09\\\/image186869297.jpg\",\"datePublished\":\"2020-09-29T10:24:55+00:00\",\"dateModified\":\"2022-05-30T07:44:38+00:00\",\"description\":\"Thin Nose Stud | Buy Best white gold Nose Rings. Select from our wide range of jewellry collection. Guaranteed Lowest Price.\",\"breadcrumb\":{\"@id\":\"https:\\\/\\\/www.purejewels.com\\\/product\\\/18-carat-yellow-gold-nose-pin-33269\\\/#breadcrumb\"},\"inLanguage\":\"de\",\"potentialAction\":[{\"@type\":\"ReadAction\",\"target\":[\"https:\\\/\\\/www.purejewels.com\\\/product\\\/18-carat-yellow-gold-nose-pin-33269\\\/\"]}]},{\"@type\":\"ImageObject\",\"inLanguage\":\"de\",\"@id\":\"https:\\\/\\\/www.purejewels.com\\\/product\\\/18-carat-yellow-gold-nose-pin-33269\\\/#primaryimage\",\"url\":\"https:\\\/\\\/static.purejewels.com\\\/wp-content\\\/uploads\\\/2020\\\/09\\\/image186869297.jpg\",\"contentUrl\":\"https:\\\/\\\/static.purejewels.com\\\/wp-content\\\/uploads\\\/2020\\\/09\\\/image186869297.jpg\",\"width\":1000,\"height\":1000,\"caption\":\"18ct Yellow Gold White CZ Stone with Screw Back Nose Pin YGNP060\"},{\"@type\":\"BreadcrumbList\",\"@id\":\"https:\\\/\\\/www.purejewels.com\\\/product\\\/18-carat-yellow-gold-nose-pin-33269\\\/#breadcrumb\",\"itemListElement\":[{\"@type\":\"ListItem\",\"position\":1,\"name\":\"Home\",\"item\":\"https:\\\/\\\/www.purejewels.com\\\/\"},{\"@type\":\"ListItem\",\"position\":2,\"name\":\"Shop\",\"item\":\"https:\\\/\\\/www.purejewels.com\\\/shop\\\/\"},{\"@type\":\"ListItem\",\"position\":3,\"name\":\"18 carat Yellow Gold Nose Pin\"}]},{\"@type\":\"WebSite\",\"@id\":\"https:\\\/\\\/www.purejewels.com\\\/#website\",\"url\":\"https:\\\/\\\/www.purejewels.com\\\/\",\"name\":\"PureJewels UK\",\"description\":\"Share the Love\",\"publisher\":{\"@id\":\"https:\\\/\\\/www.purejewels.com\\\/#organization\"},\"potentialAction\":[{\"@type\":\"SearchAction\",\"target\":{\"@type\":\"EntryPoint\",\"urlTemplate\":\"https:\\\/\\\/www.purejewels.com\\\/?s={search_term_string}\"},\"query-input\":{\"@type\":\"PropertyValueSpecification\",\"valueRequired\":true,\"valueName\":\"search_term_string\"}}],\"inLanguage\":\"de\"},{\"@type\":\"Organization\",\"@id\":\"https:\\\/\\\/www.purejewels.com\\\/#organization\",\"name\":\"PureJewels UK\",\"url\":\"https:\\\/\\\/www.purejewels.com\\\/\",\"logo\":{\"@type\":\"ImageObject\",\"inLanguage\":\"de\",\"@id\":\"https:\\\/\\\/www.purejewels.com\\\/#\\\/schema\\\/logo\\\/image\\\/\",\"url\":\"https:\\\/\\\/static.purejewels.com\\\/wp-content\\\/uploads\\\/2020\\\/11\\\/Logo-PJ-New-1.png\",\"contentUrl\":\"https:\\\/\\\/static.purejewels.com\\\/wp-content\\\/uploads\\\/2020\\\/11\\\/Logo-PJ-New-1.png\",\"width\":150,\"height\":80,\"caption\":\"PureJewels UK\"},\"image\":{\"@id\":\"https:\\\/\\\/www.purejewels.com\\\/#\\\/schema\\\/logo\\\/image\\\/\"}}]}<\/script>\n<!-- \/ Yoast SEO plugin. -->","yoast_head_json":{"title":"Nasenringe aus echtem Gold | Shop Nasenstecker in UK","description":"D\u00fcnne Nasenstecker | Beste Nasenringe aus Wei\u00dfgold kaufen. W\u00e4hlen Sie aus unserer breiten Palette von Schmuck-Kollektion. Garantiert niedrigster Preis.","robots":{"index":"index","follow":"follow","max-snippet":"max-snippet:-1","max-image-preview":"max-image-preview:large","max-video-preview":"max-video-preview:-1"},"canonical":"https:\/\/www.purejewels.com\/de\/produkt-2\/nasenstecker-aus-18-karat-gelbgold-33269\/","og_locale":"de_DE","og_type":"article","og_title":"real gold nose rings | shop nose studs in UK","og_description":"Thin Nose Stud | Buy Best white gold Nose Rings. Select from our wide range of jewellry collection. Guaranteed Lowest Price.","og_url":"https:\/\/www.purejewels.com\/de\/produkt-2\/nasenstecker-aus-18-karat-gelbgold-33269\/","og_site_name":"PureJewels UK","article_modified_time":"2022-05-30T07:44:38+00:00","og_image":[{"width":1000,"height":1000,"url":"https:\/\/www.purejewels.com\/wp-content\/uploads\/2020\/09\/image186869297.jpg","type":"image\/jpeg"}],"twitter_card":"summary_large_image","twitter_misc":{"Gesch\u00e4tzte Lesezeit":"2\u00a0Minuten"},"schema":{"@context":"https:\/\/schema.org","@graph":[{"@type":["WebPage","ItemPage"],"@id":"https:\/\/www.purejewels.com\/product\/18-carat-yellow-gold-nose-pin-33269\/","url":"https:\/\/www.purejewels.com\/product\/18-carat-yellow-gold-nose-pin-33269\/","name":"Nasenringe aus echtem Gold | Shop Nasenstecker in UK","isPartOf":{"@id":"https:\/\/www.purejewels.com\/#website"},"primaryImageOfPage":{"@id":"https:\/\/www.purejewels.com\/product\/18-carat-yellow-gold-nose-pin-33269\/#primaryimage"},"image":{"@id":"https:\/\/www.purejewels.com\/product\/18-carat-yellow-gold-nose-pin-33269\/#primaryimage"},"thumbnailUrl":"https:\/\/static.purejewels.com\/wp-content\/uploads\/2020\/09\/image186869297.jpg","datePublished":"2020-09-29T10:24:55+00:00","dateModified":"2022-05-30T07:44:38+00:00","description":"D\u00fcnne Nasenstecker | Beste Nasenringe aus Wei\u00dfgold kaufen. W\u00e4hlen Sie aus unserer breiten Palette von Schmuck-Kollektion. Garantiert niedrigster Preis.","breadcrumb":{"@id":"https:\/\/www.purejewels.com\/product\/18-carat-yellow-gold-nose-pin-33269\/#breadcrumb"},"inLanguage":"de","potentialAction":[{"@type":"ReadAction","target":["https:\/\/www.purejewels.com\/product\/18-carat-yellow-gold-nose-pin-33269\/"]}]},{"@type":"ImageObject","inLanguage":"de","@id":"https:\/\/www.purejewels.com\/product\/18-carat-yellow-gold-nose-pin-33269\/#primaryimage","url":"https:\/\/static.purejewels.com\/wp-content\/uploads\/2020\/09\/image186869297.jpg","contentUrl":"https:\/\/static.purejewels.com\/wp-content\/uploads\/2020\/09\/image186869297.jpg","width":1000,"height":1000,"caption":"18ct Yellow Gold White CZ Stone with Screw Back Nose Pin YGNP060"},{"@type":"BreadcrumbList","@id":"https:\/\/www.purejewels.com\/product\/18-carat-yellow-gold-nose-pin-33269\/#breadcrumb","itemListElement":[{"@type":"ListItem","position":1,"name":"Home","item":"https:\/\/www.purejewels.com\/"},{"@type":"ListItem","position":2,"name":"Shop","item":"https:\/\/www.purejewels.com\/shop\/"},{"@type":"ListItem","position":3,"name":"18 carat Yellow Gold Nose Pin"}]},{"@type":"WebSite","@id":"https:\/\/www.purejewels.com\/#website","url":"https:\/\/www.purejewels.com\/","name":"PureJewels UK","description":"Teile die Liebe","publisher":{"@id":"https:\/\/www.purejewels.com\/#organization"},"potentialAction":[{"@type":"SearchAction","target":{"@type":"EntryPoint","urlTemplate":"https:\/\/www.purejewels.com\/?s={search_term_string}"},"query-input":{"@type":"PropertyValueSpecification","valueRequired":true,"valueName":"search_term_string"}}],"inLanguage":"de"},{"@type":"Organization","@id":"https:\/\/www.purejewels.com\/#organization","name":"PureJewels UK","url":"https:\/\/www.purejewels.com\/","logo":{"@type":"ImageObject","inLanguage":"de","@id":"https:\/\/www.purejewels.com\/#\/schema\/logo\/image\/","url":"https:\/\/static.purejewels.com\/wp-content\/uploads\/2020\/11\/Logo-PJ-New-1.png","contentUrl":"https:\/\/static.purejewels.com\/wp-content\/uploads\/2020\/11\/Logo-PJ-New-1.png","width":150,"height":80,"caption":"PureJewels UK"},"image":{"@id":"https:\/\/www.purejewels.com\/#\/schema\/logo\/image\/"}}]}},"_links":{"self":[{"href":"https:\/\/www.purejewels.com\/de\/wp-json\/wp\/v2\/product\/317693","targetHints":{"allow":["GET"]}}],"collection":[{"href":"https:\/\/www.purejewels.com\/de\/wp-json\/wp\/v2\/product"}],"about":[{"href":"https:\/\/www.purejewels.com\/de\/wp-json\/wp\/v2\/types\/product"}],"replies":[{"embeddable":true,"href":"https:\/\/www.purejewels.com\/de\/wp-json\/wp\/v2\/comments?post=317693"}],"version-history":[{"count":0,"href":"https:\/\/www.purejewels.com\/de\/wp-json\/wp\/v2\/product\/317693\/revisions"}],"wp:featuredmedia":[{"embeddable":true,"href":"https:\/\/www.purejewels.com\/de\/wp-json\/wp\/v2\/media\/317753"}],"wp:attachment":[{"href":"https:\/\/www.purejewels.com\/de\/wp-json\/wp\/v2\/media?parent=317693"}],"wp:term":[{"taxonomy":"product_brand","embeddable":true,"href":"https:\/\/www.purejewels.com\/de\/wp-json\/wp\/v2\/product_brand?post=317693"},{"taxonomy":"product_cat","embeddable":true,"href":"https:\/\/www.purejewels.com\/de\/wp-json\/wp\/v2\/product_cat?post=317693"},{"taxonomy":"product_tag","embeddable":true,"href":"https:\/\/www.purejewels.com\/de\/wp-json\/wp\/v2\/product_tag?post=317693"}],"curies":[{"name":"wp","href":"https:\/\/api.w.org\/{rel}","templated":true}]}}