{"id":317710,"date":"2020-09-29T12:15:20","date_gmt":"2020-09-29T11:15:20","guid":{"rendered":"https:\/\/www.purejewels.com\/product\/18ct-yellow-gold-nose-pin-0-3gm\/"},"modified":"2026-02-02T22:08:13","modified_gmt":"2026-02-02T22:08:13","slug":"indischer-gold-nasenstecker-uk-33273","status":"publish","type":"product","link":"https:\/\/www.purejewels.com\/de\/product\/indian-gold-nose-stud-uk-33273\/","title":{"rendered":"18ct Gold | CZ Stein Nose Stud | 5,9mm dick"},"content":{"rendered":"<p>Suchen Sie nach einem mutigen und stilvollen Nasenring, der ein Statement setzt? Dann ist unser dicker Nasenring aus 18 Karat Gold mit CZ-Steinen genau das Richtige f\u00fcr Sie. Dieser Nasenstecker verf\u00fcgt \u00fcber eine 5,9 mm dicke Fassung, die ihn zu einem auff\u00e4lligen Schmuckst\u00fcck macht, das sicher alle Blicke auf sich zieht.<\/p>\n<p>Dieser Nasenring aus hochwertigem 18-kar\u00e4tigem Gelbgold ist nicht nur stilvoll, sondern auch haltbar und langlebig. Die CZ-Steine verleihen dem Design einen Hauch von Glanz und Glamour und machen ihn perfekt f\u00fcr das t\u00e4gliche Tragen oder besondere Anl\u00e4sse.<\/p>\n<p>Dieser Nasenring wird mit einem Schraubverschluss geliefert, der ein sicheres und bequemes Tragen erm\u00f6glicht. Die L\u00e4nge des Stiels betr\u00e4gt ca. 6 mm, mit einer Stieldicke von 0,6 mm und einer R\u00f6hrchenst\u00e4rke von 0,9 mm. Er wiegt nur 0,3 Gramm und ist damit leicht und einfach zu tragen.<\/p>\n<p>Jeder Nasenring wird mit einer Pr\u00e4sentationsbox und kostenloser Lieferung in ganz Gro\u00dfbritannien geliefert. Erg\u00e4nzen Sie noch heute Ihre Kollektion mit diesem atemberaubenden St\u00fcck und verleihen Sie Ihrem Look einen Hauch von Luxus und Stil.<\/p>","protected":false},"excerpt":{"rendered":"<ul>\n<li>Gold Nose Stud Uk<\/li>\n<li>Nasenstecker aus 18 Karat Gelbgold mit CZ-Steinen<\/li>\n<li>Kommt mit Screw Back<\/li>\n<li>Abmessungen:\n<ul>\n<li>L\u00e4nge des Stiels: 6 mm (ca.)<\/li>\n<li>Durchmesser der Fassung: 5,9 mm (ca.)<\/li>\n<li>Schaftdicke: 0,6 mm (ca.)<\/li>\n<li>Rohrdicke: 0,9 mm (ca.)<\/li>\n<\/ul>\n<\/li>\n<li>Gewicht 0,3 grm<\/li>\n<li>SKU. 33273, 41508<\/li>\n<li>Goldnasenschmuck in der Green Street f\u00fcr den t\u00e4glichen Gebrauch.<\/li>\n<li>Mit Pr\u00e4sentationsbox<\/li>\n<li>Kostenlose Lieferung in ganz UK<\/li>\n<li>Alle Preise inklusive Mehrwertsteuer<\/li>\n<li>Entdecken Sie unsere Kollektion von Diamant-Nasensteckern<\/li>\n<li>\"Kontaktieren Sie uns\/Live-Chat mit uns f\u00fcr ein Video des Produkts\".<\/li>\n<\/ul>","protected":false},"featured_media":345483,"comment_status":"closed","ping_status":"closed","template":"","meta":{"_eb_attr":"","_crsspst_to_jayantr4sg-hostcom":false},"product_brand":[],"product_cat":[5679,1711,5942,1574],"product_tag":[],"class_list":{"0":"post-317710","1":"product","2":"type-product","3":"status-publish","4":"has-post-thumbnail","6":"product_cat-18ct-gold-jewellery","7":"product_cat-gold-nose-studs","8":"product_cat-nose-jewellery","9":"product_cat-womens-jewellery","11":"first","12":"outofstock","13":"taxable","14":"shipping-taxable","15":"product-type-simple","16":"add-to-wishlist-before_image"},"yoast_head":"<!-- This site is optimized with the Yoast SEO plugin v27.3 - https:\/\/yoast.com\/product\/yoast-seo-wordpress\/ -->\n<title>Thin Nose ring | Stylish Nose studs at PureJewels UK<\/title>\n<meta name=\"description\" content=\"Gold Nose Studs | Discover nose rings and studs in the UK. Pick this beautifully crafted nose stud made in white gold &amp; diamond.\" \/>\n<meta name=\"robots\" content=\"index, follow, max-snippet:-1, max-image-preview:large, max-video-preview:-1\" \/>\n<link rel=\"canonical\" href=\"https:\/\/www.purejewels.com\/de\/produkt-2\/indischer-gold-nasenstecker-uk-33273\/\" \/>\n<meta property=\"og:locale\" content=\"de_DE\" \/>\n<meta property=\"og:type\" content=\"article\" \/>\n<meta property=\"og:title\" content=\"Thin Nose ring | Stylish Nose studs at PureJewels UK\" \/>\n<meta property=\"og:description\" content=\"Gold Nose Studs | Discover nose rings and studs in the UK. Pick this beautifully crafted nose stud made in white gold &amp; diamond.\" \/>\n<meta property=\"og:url\" content=\"https:\/\/www.purejewels.com\/de\/produkt-2\/indischer-gold-nasenstecker-uk-33273\/\" \/>\n<meta property=\"og:site_name\" content=\"PureJewels UK\" \/>\n<meta property=\"article:modified_time\" content=\"2026-02-02T22:08:13+00:00\" \/>\n<meta property=\"og:image\" content=\"https:\/\/static.purejewels.com\/wp-content\/uploads\/2020\/09\/33273.jpg\" \/>\n\t<meta property=\"og:image:width\" content=\"1000\" \/>\n\t<meta property=\"og:image:height\" content=\"1000\" \/>\n\t<meta property=\"og:image:type\" content=\"image\/jpeg\" \/>\n<meta name=\"twitter:card\" content=\"summary_large_image\" \/>\n<meta name=\"twitter:label1\" content=\"Gesch\u00e4tzte Lesezeit\" \/>\n\t<meta name=\"twitter:data1\" content=\"1\u00a0Minute\" \/>\n<script type=\"application\/ld+json\" class=\"yoast-schema-graph\">{\"@context\":\"https:\\\/\\\/schema.org\",\"@graph\":[{\"@type\":[\"WebPage\",\"ItemPage\"],\"@id\":\"https:\\\/\\\/www.purejewels.com\\\/product\\\/indian-gold-nose-stud-uk-33273\\\/\",\"url\":\"https:\\\/\\\/www.purejewels.com\\\/product\\\/indian-gold-nose-stud-uk-33273\\\/\",\"name\":\"Thin Nose ring | Stylish Nose studs at PureJewels UK\",\"isPartOf\":{\"@id\":\"https:\\\/\\\/www.purejewels.com\\\/#website\"},\"primaryImageOfPage\":{\"@id\":\"https:\\\/\\\/www.purejewels.com\\\/product\\\/indian-gold-nose-stud-uk-33273\\\/#primaryimage\"},\"image\":{\"@id\":\"https:\\\/\\\/www.purejewels.com\\\/product\\\/indian-gold-nose-stud-uk-33273\\\/#primaryimage\"},\"thumbnailUrl\":\"https:\\\/\\\/static.purejewels.com\\\/wp-content\\\/uploads\\\/2020\\\/09\\\/33273.jpg\",\"datePublished\":\"2020-09-29T11:15:20+00:00\",\"dateModified\":\"2026-02-02T22:08:13+00:00\",\"description\":\"Gold Nose Studs | Discover nose rings and studs in the UK. Pick this beautifully crafted nose stud made in white gold & diamond.\",\"breadcrumb\":{\"@id\":\"https:\\\/\\\/www.purejewels.com\\\/product\\\/indian-gold-nose-stud-uk-33273\\\/#breadcrumb\"},\"inLanguage\":\"de\",\"potentialAction\":[{\"@type\":\"ReadAction\",\"target\":[\"https:\\\/\\\/www.purejewels.com\\\/product\\\/indian-gold-nose-stud-uk-33273\\\/\"]}]},{\"@type\":\"ImageObject\",\"inLanguage\":\"de\",\"@id\":\"https:\\\/\\\/www.purejewels.com\\\/product\\\/indian-gold-nose-stud-uk-33273\\\/#primaryimage\",\"url\":\"https:\\\/\\\/static.purejewels.com\\\/wp-content\\\/uploads\\\/2020\\\/09\\\/33273.jpg\",\"contentUrl\":\"https:\\\/\\\/static.purejewels.com\\\/wp-content\\\/uploads\\\/2020\\\/09\\\/33273.jpg\",\"width\":1000,\"height\":1000,\"caption\":\"18ct Gold | CZ Stone Nose Stud | 5.9mm Thick\"},{\"@type\":\"BreadcrumbList\",\"@id\":\"https:\\\/\\\/www.purejewels.com\\\/product\\\/indian-gold-nose-stud-uk-33273\\\/#breadcrumb\",\"itemListElement\":[{\"@type\":\"ListItem\",\"position\":1,\"name\":\"Home\",\"item\":\"https:\\\/\\\/www.purejewels.com\\\/\"},{\"@type\":\"ListItem\",\"position\":2,\"name\":\"Shop\",\"item\":\"https:\\\/\\\/www.purejewels.com\\\/shop\\\/\"},{\"@type\":\"ListItem\",\"position\":3,\"name\":\"18ct Gold | CZ Stone Nose Stud | 5.9mm Thick\"}]},{\"@type\":\"WebSite\",\"@id\":\"https:\\\/\\\/www.purejewels.com\\\/#website\",\"url\":\"https:\\\/\\\/www.purejewels.com\\\/\",\"name\":\"PureJewels UK\",\"description\":\"Share the Love\",\"publisher\":{\"@id\":\"https:\\\/\\\/www.purejewels.com\\\/#organization\"},\"potentialAction\":[{\"@type\":\"SearchAction\",\"target\":{\"@type\":\"EntryPoint\",\"urlTemplate\":\"https:\\\/\\\/www.purejewels.com\\\/?s={search_term_string}\"},\"query-input\":{\"@type\":\"PropertyValueSpecification\",\"valueRequired\":true,\"valueName\":\"search_term_string\"}}],\"inLanguage\":\"de\"},{\"@type\":\"Organization\",\"@id\":\"https:\\\/\\\/www.purejewels.com\\\/#organization\",\"name\":\"PureJewels UK\",\"url\":\"https:\\\/\\\/www.purejewels.com\\\/\",\"logo\":{\"@type\":\"ImageObject\",\"inLanguage\":\"de\",\"@id\":\"https:\\\/\\\/www.purejewels.com\\\/#\\\/schema\\\/logo\\\/image\\\/\",\"url\":\"https:\\\/\\\/static.purejewels.com\\\/wp-content\\\/uploads\\\/2020\\\/11\\\/Logo-PJ-New-1.png\",\"contentUrl\":\"https:\\\/\\\/static.purejewels.com\\\/wp-content\\\/uploads\\\/2020\\\/11\\\/Logo-PJ-New-1.png\",\"width\":150,\"height\":80,\"caption\":\"PureJewels UK\"},\"image\":{\"@id\":\"https:\\\/\\\/www.purejewels.com\\\/#\\\/schema\\\/logo\\\/image\\\/\"}}]}<\/script>\n<!-- \/ Yoast SEO plugin. -->","yoast_head_json":{"title":"D\u00fcnner Nasenring | Stilvolle Nasenstecker bei PureJewels UK","description":"Nasenstecker aus Gold | Entdecken Sie Nasenringe und Nasenstecker in Gro\u00dfbritannien. W\u00e4hlen Sie diesen wundersch\u00f6n gearbeiteten Nasenstecker aus Wei\u00dfgold und Diamant.","robots":{"index":"index","follow":"follow","max-snippet":"max-snippet:-1","max-image-preview":"max-image-preview:large","max-video-preview":"max-video-preview:-1"},"canonical":"https:\/\/www.purejewels.com\/de\/produkt-2\/indischer-gold-nasenstecker-uk-33273\/","og_locale":"de_DE","og_type":"article","og_title":"Thin Nose ring | Stylish Nose studs at PureJewels UK","og_description":"Gold Nose Studs | Discover nose rings and studs in the UK. Pick this beautifully crafted nose stud made in white gold & diamond.","og_url":"https:\/\/www.purejewels.com\/de\/produkt-2\/indischer-gold-nasenstecker-uk-33273\/","og_site_name":"PureJewels UK","article_modified_time":"2026-02-02T22:08:13+00:00","og_image":[{"width":1000,"height":1000,"url":"https:\/\/static.purejewels.com\/wp-content\/uploads\/2020\/09\/33273.jpg","type":"image\/jpeg"}],"twitter_card":"summary_large_image","twitter_misc":{"Gesch\u00e4tzte Lesezeit":"1\u00a0Minute"},"schema":{"@context":"https:\/\/schema.org","@graph":[{"@type":["WebPage","ItemPage"],"@id":"https:\/\/www.purejewels.com\/product\/indian-gold-nose-stud-uk-33273\/","url":"https:\/\/www.purejewels.com\/product\/indian-gold-nose-stud-uk-33273\/","name":"D\u00fcnner Nasenring | Stilvolle Nasenstecker bei PureJewels UK","isPartOf":{"@id":"https:\/\/www.purejewels.com\/#website"},"primaryImageOfPage":{"@id":"https:\/\/www.purejewels.com\/product\/indian-gold-nose-stud-uk-33273\/#primaryimage"},"image":{"@id":"https:\/\/www.purejewels.com\/product\/indian-gold-nose-stud-uk-33273\/#primaryimage"},"thumbnailUrl":"https:\/\/static.purejewels.com\/wp-content\/uploads\/2020\/09\/33273.jpg","datePublished":"2020-09-29T11:15:20+00:00","dateModified":"2026-02-02T22:08:13+00:00","description":"Nasenstecker aus Gold | Entdecken Sie Nasenringe und Nasenstecker in Gro\u00dfbritannien. W\u00e4hlen Sie diesen wundersch\u00f6n gearbeiteten Nasenstecker aus Wei\u00dfgold und Diamant.","breadcrumb":{"@id":"https:\/\/www.purejewels.com\/product\/indian-gold-nose-stud-uk-33273\/#breadcrumb"},"inLanguage":"de","potentialAction":[{"@type":"ReadAction","target":["https:\/\/www.purejewels.com\/product\/indian-gold-nose-stud-uk-33273\/"]}]},{"@type":"ImageObject","inLanguage":"de","@id":"https:\/\/www.purejewels.com\/product\/indian-gold-nose-stud-uk-33273\/#primaryimage","url":"https:\/\/static.purejewels.com\/wp-content\/uploads\/2020\/09\/33273.jpg","contentUrl":"https:\/\/static.purejewels.com\/wp-content\/uploads\/2020\/09\/33273.jpg","width":1000,"height":1000,"caption":"18ct Gold | CZ Stone Nose Stud | 5.9mm Thick"},{"@type":"BreadcrumbList","@id":"https:\/\/www.purejewels.com\/product\/indian-gold-nose-stud-uk-33273\/#breadcrumb","itemListElement":[{"@type":"ListItem","position":1,"name":"Home","item":"https:\/\/www.purejewels.com\/"},{"@type":"ListItem","position":2,"name":"Shop","item":"https:\/\/www.purejewels.com\/shop\/"},{"@type":"ListItem","position":3,"name":"18ct Gold | CZ Stone Nose Stud | 5.9mm Thick"}]},{"@type":"WebSite","@id":"https:\/\/www.purejewels.com\/#website","url":"https:\/\/www.purejewels.com\/","name":"PureJewels UK","description":"Teile die Liebe","publisher":{"@id":"https:\/\/www.purejewels.com\/#organization"},"potentialAction":[{"@type":"SearchAction","target":{"@type":"EntryPoint","urlTemplate":"https:\/\/www.purejewels.com\/?s={search_term_string}"},"query-input":{"@type":"PropertyValueSpecification","valueRequired":true,"valueName":"search_term_string"}}],"inLanguage":"de"},{"@type":"Organization","@id":"https:\/\/www.purejewels.com\/#organization","name":"PureJewels UK","url":"https:\/\/www.purejewels.com\/","logo":{"@type":"ImageObject","inLanguage":"de","@id":"https:\/\/www.purejewels.com\/#\/schema\/logo\/image\/","url":"https:\/\/static.purejewels.com\/wp-content\/uploads\/2020\/11\/Logo-PJ-New-1.png","contentUrl":"https:\/\/static.purejewels.com\/wp-content\/uploads\/2020\/11\/Logo-PJ-New-1.png","width":150,"height":80,"caption":"PureJewels UK"},"image":{"@id":"https:\/\/www.purejewels.com\/#\/schema\/logo\/image\/"}}]}},"_links":{"self":[{"href":"https:\/\/www.purejewels.com\/de\/wp-json\/wp\/v2\/product\/317710","targetHints":{"allow":["GET"]}}],"collection":[{"href":"https:\/\/www.purejewels.com\/de\/wp-json\/wp\/v2\/product"}],"about":[{"href":"https:\/\/www.purejewels.com\/de\/wp-json\/wp\/v2\/types\/product"}],"replies":[{"embeddable":true,"href":"https:\/\/www.purejewels.com\/de\/wp-json\/wp\/v2\/comments?post=317710"}],"version-history":[{"count":3,"href":"https:\/\/www.purejewels.com\/de\/wp-json\/wp\/v2\/product\/317710\/revisions"}],"predecessor-version":[{"id":420321,"href":"https:\/\/www.purejewels.com\/de\/wp-json\/wp\/v2\/product\/317710\/revisions\/420321"}],"wp:featuredmedia":[{"embeddable":true,"href":"https:\/\/www.purejewels.com\/de\/wp-json\/wp\/v2\/media\/345483"}],"wp:attachment":[{"href":"https:\/\/www.purejewels.com\/de\/wp-json\/wp\/v2\/media?parent=317710"}],"wp:term":[{"taxonomy":"product_brand","embeddable":true,"href":"https:\/\/www.purejewels.com\/de\/wp-json\/wp\/v2\/product_brand?post=317710"},{"taxonomy":"product_cat","embeddable":true,"href":"https:\/\/www.purejewels.com\/de\/wp-json\/wp\/v2\/product_cat?post=317710"},{"taxonomy":"product_tag","embeddable":true,"href":"https:\/\/www.purejewels.com\/de\/wp-json\/wp\/v2\/product_tag?post=317710"}],"curies":[{"name":"wp","href":"https:\/\/api.w.org\/{rel}","templated":true}]}}