{"id":317716,"date":"2020-09-29T13:17:08","date_gmt":"2020-09-29T12:17:08","guid":{"rendered":"https:\/\/www.purejewels.com\/product\/18ct-yellow-gold-nose-pin-0-3gm\/"},"modified":"2025-11-20T06:11:08","modified_gmt":"2025-11-20T06:11:08","slug":"gold-nasenstecker-de-33274","status":"publish","type":"product","link":"https:\/\/www.purejewels.com\/de\/product\/gold-nose-stud-uk-33274\/","title":{"rendered":"22 Karat Gold CZ Blossom Nasenstecker | Schraubverschluss-Design"},"content":{"rendered":"<p>Verleihen Sie Ihrem Alltag einen Hauch von Eleganz mit dem 22 Karat Gold CZ Blossom Nose Pin, einem strahlenden Schmuckst\u00fcck, das traditionellen Charme mit einer modernen Silhouette verbindet. Dieser zarte Nasenstecker aus reinem 22 Karat Gold ist mit einer kreisf\u00f6rmigen Bl\u00fcte aus brillanten Zirkoniasteinen verziert, die so angeordnet sind, dass sie einem funkelnden Blumenstrau\u00df \u00e4hneln. Der sichere Schraubverschluss sorgt f\u00fcr ganzt\u00e4gigen Tragekomfort und sicheren Halt, egal ob zu besonderen Anl\u00e4ssen oder im Alltag.<\/p>","protected":false},"excerpt":{"rendered":"<ul>\n<li>Gold Nose Pin Uk<\/li>\n<li>Nasenstecker aus 18 Karat Gelbgold mit CZ-Steinen<\/li>\n<li>Kommt mit Screw Back<\/li>\n<li>Abmessungen:\n<ul>\n<li>L\u00e4nge des Stiels: 6 mm (ca.)<\/li>\n<li>Durchmesser der Fassung: 5,3 mm (ca.)<\/li>\n<li>Schaftdicke: 0,6 mm (ca.)<\/li>\n<li>Rohrdicke: 0,9 mm (ca.)<\/li>\n<\/ul>\n<\/li>\n<li>Gewicht 0,3 grm<\/li>\n<li>SKU. 33274<\/li>\n<li>Goldnasenschmuck in der Green Street f\u00fcr den t\u00e4glichen Gebrauch.<\/li>\n<li>Mit Pr\u00e4sentationsbox<\/li>\n<li>Kostenlose Lieferung in ganz UK<\/li>\n<li>Alle Preise inklusive Mehrwertsteuer<\/li>\n<li>\"Kontaktieren Sie uns\/Live-Chat mit uns f\u00fcr ein Video des Produkts\".<\/li>\n<\/ul>","protected":false},"featured_media":317718,"comment_status":"closed","ping_status":"closed","template":"","meta":{"_eb_attr":"","_crsspst_to_jayantr4sg-hostcom":false},"product_brand":[],"product_cat":[1711,1463],"product_tag":[],"class_list":{"0":"post-317716","1":"product","2":"type-product","3":"status-publish","4":"has-post-thumbnail","6":"product_cat-gold-nose-studs","7":"product_cat-gold-nose-pins","9":"first","10":"outofstock","11":"taxable","12":"shipping-taxable","13":"product-type-simple","14":"add-to-wishlist-before_image"},"yoast_head":"<!-- This site is optimized with the Yoast SEO plugin v27.3 - https:\/\/yoast.com\/product\/yoast-seo-wordpress\/ -->\n<title>22ct Gold CZ Blossom Nose Pin | PureJewels UK<\/title>\n<meta name=\"description\" content=\"Chic and timeless 22ct gold nose pin with a blossom-inspired CZ cluster. Screw-back design for secure wear. Perfect for daily elegance and gifting.\" \/>\n<meta name=\"robots\" content=\"index, follow, max-snippet:-1, max-image-preview:large, max-video-preview:-1\" \/>\n<link rel=\"canonical\" href=\"https:\/\/www.purejewels.com\/de\/produkt-2\/gold-nasenstecker-de-33274\/\" \/>\n<meta property=\"og:locale\" content=\"de_DE\" \/>\n<meta property=\"og:type\" content=\"article\" \/>\n<meta property=\"og:title\" content=\"22ct Gold CZ Blossom Nose Pin | PureJewels UK\" \/>\n<meta property=\"og:description\" content=\"Chic and timeless 22ct gold nose pin with a blossom-inspired CZ cluster. Screw-back design for secure wear. Perfect for daily elegance and gifting.\" \/>\n<meta property=\"og:url\" content=\"https:\/\/www.purejewels.com\/de\/produkt-2\/gold-nasenstecker-de-33274\/\" \/>\n<meta property=\"og:site_name\" content=\"PureJewels UK\" \/>\n<meta property=\"article:modified_time\" content=\"2025-11-20T06:11:08+00:00\" \/>\n<meta property=\"og:image\" content=\"https:\/\/www.purejewels.com\/wp-content\/uploads\/2020\/09\/image186809115.jpg\" \/>\n\t<meta property=\"og:image:width\" content=\"1000\" \/>\n\t<meta property=\"og:image:height\" content=\"1000\" \/>\n\t<meta property=\"og:image:type\" content=\"image\/jpeg\" \/>\n<meta name=\"twitter:card\" content=\"summary_large_image\" \/>\n<meta name=\"twitter:label1\" content=\"Gesch\u00e4tzte Lesezeit\" \/>\n\t<meta name=\"twitter:data1\" content=\"1\u00a0Minute\" \/>\n<script type=\"application\/ld+json\" class=\"yoast-schema-graph\">{\"@context\":\"https:\\\/\\\/schema.org\",\"@graph\":[{\"@type\":[\"WebPage\",\"ItemPage\"],\"@id\":\"https:\\\/\\\/www.purejewels.com\\\/product\\\/gold-nose-stud-uk-33274\\\/\",\"url\":\"https:\\\/\\\/www.purejewels.com\\\/product\\\/gold-nose-stud-uk-33274\\\/\",\"name\":\"22ct Gold CZ Blossom Nose Pin | PureJewels UK\",\"isPartOf\":{\"@id\":\"https:\\\/\\\/www.purejewels.com\\\/#website\"},\"primaryImageOfPage\":{\"@id\":\"https:\\\/\\\/www.purejewels.com\\\/product\\\/gold-nose-stud-uk-33274\\\/#primaryimage\"},\"image\":{\"@id\":\"https:\\\/\\\/www.purejewels.com\\\/product\\\/gold-nose-stud-uk-33274\\\/#primaryimage\"},\"thumbnailUrl\":\"https:\\\/\\\/static.purejewels.com\\\/wp-content\\\/uploads\\\/2020\\\/09\\\/image186809115.jpg\",\"datePublished\":\"2020-09-29T12:17:08+00:00\",\"dateModified\":\"2025-11-20T06:11:08+00:00\",\"description\":\"Chic and timeless 22ct gold nose pin with a blossom-inspired CZ cluster. Screw-back design for secure wear. Perfect for daily elegance and gifting.\",\"breadcrumb\":{\"@id\":\"https:\\\/\\\/www.purejewels.com\\\/product\\\/gold-nose-stud-uk-33274\\\/#breadcrumb\"},\"inLanguage\":\"de\",\"potentialAction\":[{\"@type\":\"ReadAction\",\"target\":[\"https:\\\/\\\/www.purejewels.com\\\/product\\\/gold-nose-stud-uk-33274\\\/\"]}]},{\"@type\":\"ImageObject\",\"inLanguage\":\"de\",\"@id\":\"https:\\\/\\\/www.purejewels.com\\\/product\\\/gold-nose-stud-uk-33274\\\/#primaryimage\",\"url\":\"https:\\\/\\\/static.purejewels.com\\\/wp-content\\\/uploads\\\/2020\\\/09\\\/image186809115.jpg\",\"contentUrl\":\"https:\\\/\\\/static.purejewels.com\\\/wp-content\\\/uploads\\\/2020\\\/09\\\/image186809115.jpg\",\"width\":1000,\"height\":1000,\"caption\":\"18ct Yellow Gold White CZ Stone with Screw Back Nose Pin YGNP065\"},{\"@type\":\"BreadcrumbList\",\"@id\":\"https:\\\/\\\/www.purejewels.com\\\/product\\\/gold-nose-stud-uk-33274\\\/#breadcrumb\",\"itemListElement\":[{\"@type\":\"ListItem\",\"position\":1,\"name\":\"Home\",\"item\":\"https:\\\/\\\/www.purejewels.com\\\/\"},{\"@type\":\"ListItem\",\"position\":2,\"name\":\"Shop\",\"item\":\"https:\\\/\\\/www.purejewels.com\\\/shop\\\/\"},{\"@type\":\"ListItem\",\"position\":3,\"name\":\"22ct Gold CZ Blossom Nose Pin | Screw Back Design\"}]},{\"@type\":\"WebSite\",\"@id\":\"https:\\\/\\\/www.purejewels.com\\\/#website\",\"url\":\"https:\\\/\\\/www.purejewels.com\\\/\",\"name\":\"PureJewels UK\",\"description\":\"Share the Love\",\"publisher\":{\"@id\":\"https:\\\/\\\/www.purejewels.com\\\/#organization\"},\"potentialAction\":[{\"@type\":\"SearchAction\",\"target\":{\"@type\":\"EntryPoint\",\"urlTemplate\":\"https:\\\/\\\/www.purejewels.com\\\/?s={search_term_string}\"},\"query-input\":{\"@type\":\"PropertyValueSpecification\",\"valueRequired\":true,\"valueName\":\"search_term_string\"}}],\"inLanguage\":\"de\"},{\"@type\":\"Organization\",\"@id\":\"https:\\\/\\\/www.purejewels.com\\\/#organization\",\"name\":\"PureJewels UK\",\"url\":\"https:\\\/\\\/www.purejewels.com\\\/\",\"logo\":{\"@type\":\"ImageObject\",\"inLanguage\":\"de\",\"@id\":\"https:\\\/\\\/www.purejewels.com\\\/#\\\/schema\\\/logo\\\/image\\\/\",\"url\":\"https:\\\/\\\/static.purejewels.com\\\/wp-content\\\/uploads\\\/2020\\\/11\\\/Logo-PJ-New-1.png\",\"contentUrl\":\"https:\\\/\\\/static.purejewels.com\\\/wp-content\\\/uploads\\\/2020\\\/11\\\/Logo-PJ-New-1.png\",\"width\":150,\"height\":80,\"caption\":\"PureJewels UK\"},\"image\":{\"@id\":\"https:\\\/\\\/www.purejewels.com\\\/#\\\/schema\\\/logo\\\/image\\\/\"}}]}<\/script>\n<!-- \/ Yoast SEO plugin. -->","yoast_head_json":{"title":"22 Karat Gold CZ Blossom Nasenstecker | PureJewels UK","description":"Schicker und zeitloser Nasenstecker aus 22 Karat Gold mit einem von Bl\u00fcten inspirierten CZ-Cluster. Schraubverschluss f\u00fcr sicheren Halt. Perfekt f\u00fcr t\u00e4gliche Eleganz und als Geschenk.","robots":{"index":"index","follow":"follow","max-snippet":"max-snippet:-1","max-image-preview":"max-image-preview:large","max-video-preview":"max-video-preview:-1"},"canonical":"https:\/\/www.purejewels.com\/de\/produkt-2\/gold-nasenstecker-de-33274\/","og_locale":"de_DE","og_type":"article","og_title":"22ct Gold CZ Blossom Nose Pin | PureJewels UK","og_description":"Chic and timeless 22ct gold nose pin with a blossom-inspired CZ cluster. Screw-back design for secure wear. Perfect for daily elegance and gifting.","og_url":"https:\/\/www.purejewels.com\/de\/produkt-2\/gold-nasenstecker-de-33274\/","og_site_name":"PureJewels UK","article_modified_time":"2025-11-20T06:11:08+00:00","og_image":[{"width":1000,"height":1000,"url":"https:\/\/www.purejewels.com\/wp-content\/uploads\/2020\/09\/image186809115.jpg","type":"image\/jpeg"}],"twitter_card":"summary_large_image","twitter_misc":{"Gesch\u00e4tzte Lesezeit":"1\u00a0Minute"},"schema":{"@context":"https:\/\/schema.org","@graph":[{"@type":["WebPage","ItemPage"],"@id":"https:\/\/www.purejewels.com\/product\/gold-nose-stud-uk-33274\/","url":"https:\/\/www.purejewels.com\/product\/gold-nose-stud-uk-33274\/","name":"22 Karat Gold CZ Blossom Nasenstecker | PureJewels UK","isPartOf":{"@id":"https:\/\/www.purejewels.com\/#website"},"primaryImageOfPage":{"@id":"https:\/\/www.purejewels.com\/product\/gold-nose-stud-uk-33274\/#primaryimage"},"image":{"@id":"https:\/\/www.purejewels.com\/product\/gold-nose-stud-uk-33274\/#primaryimage"},"thumbnailUrl":"https:\/\/static.purejewels.com\/wp-content\/uploads\/2020\/09\/image186809115.jpg","datePublished":"2020-09-29T12:17:08+00:00","dateModified":"2025-11-20T06:11:08+00:00","description":"Schicker und zeitloser Nasenstecker aus 22 Karat Gold mit einem von Bl\u00fcten inspirierten CZ-Cluster. Schraubverschluss f\u00fcr sicheren Halt. Perfekt f\u00fcr t\u00e4gliche Eleganz und als Geschenk.","breadcrumb":{"@id":"https:\/\/www.purejewels.com\/product\/gold-nose-stud-uk-33274\/#breadcrumb"},"inLanguage":"de","potentialAction":[{"@type":"ReadAction","target":["https:\/\/www.purejewels.com\/product\/gold-nose-stud-uk-33274\/"]}]},{"@type":"ImageObject","inLanguage":"de","@id":"https:\/\/www.purejewels.com\/product\/gold-nose-stud-uk-33274\/#primaryimage","url":"https:\/\/static.purejewels.com\/wp-content\/uploads\/2020\/09\/image186809115.jpg","contentUrl":"https:\/\/static.purejewels.com\/wp-content\/uploads\/2020\/09\/image186809115.jpg","width":1000,"height":1000,"caption":"18ct Yellow Gold White CZ Stone with Screw Back Nose Pin YGNP065"},{"@type":"BreadcrumbList","@id":"https:\/\/www.purejewels.com\/product\/gold-nose-stud-uk-33274\/#breadcrumb","itemListElement":[{"@type":"ListItem","position":1,"name":"Home","item":"https:\/\/www.purejewels.com\/"},{"@type":"ListItem","position":2,"name":"Shop","item":"https:\/\/www.purejewels.com\/shop\/"},{"@type":"ListItem","position":3,"name":"22ct Gold CZ Blossom Nose Pin | Screw Back Design"}]},{"@type":"WebSite","@id":"https:\/\/www.purejewels.com\/#website","url":"https:\/\/www.purejewels.com\/","name":"PureJewels UK","description":"Teile die Liebe","publisher":{"@id":"https:\/\/www.purejewels.com\/#organization"},"potentialAction":[{"@type":"SearchAction","target":{"@type":"EntryPoint","urlTemplate":"https:\/\/www.purejewels.com\/?s={search_term_string}"},"query-input":{"@type":"PropertyValueSpecification","valueRequired":true,"valueName":"search_term_string"}}],"inLanguage":"de"},{"@type":"Organization","@id":"https:\/\/www.purejewels.com\/#organization","name":"PureJewels UK","url":"https:\/\/www.purejewels.com\/","logo":{"@type":"ImageObject","inLanguage":"de","@id":"https:\/\/www.purejewels.com\/#\/schema\/logo\/image\/","url":"https:\/\/static.purejewels.com\/wp-content\/uploads\/2020\/11\/Logo-PJ-New-1.png","contentUrl":"https:\/\/static.purejewels.com\/wp-content\/uploads\/2020\/11\/Logo-PJ-New-1.png","width":150,"height":80,"caption":"PureJewels UK"},"image":{"@id":"https:\/\/www.purejewels.com\/#\/schema\/logo\/image\/"}}]}},"_links":{"self":[{"href":"https:\/\/www.purejewels.com\/de\/wp-json\/wp\/v2\/product\/317716","targetHints":{"allow":["GET"]}}],"collection":[{"href":"https:\/\/www.purejewels.com\/de\/wp-json\/wp\/v2\/product"}],"about":[{"href":"https:\/\/www.purejewels.com\/de\/wp-json\/wp\/v2\/types\/product"}],"replies":[{"embeddable":true,"href":"https:\/\/www.purejewels.com\/de\/wp-json\/wp\/v2\/comments?post=317716"}],"version-history":[{"count":2,"href":"https:\/\/www.purejewels.com\/de\/wp-json\/wp\/v2\/product\/317716\/revisions"}],"predecessor-version":[{"id":421493,"href":"https:\/\/www.purejewels.com\/de\/wp-json\/wp\/v2\/product\/317716\/revisions\/421493"}],"wp:featuredmedia":[{"embeddable":true,"href":"https:\/\/www.purejewels.com\/de\/wp-json\/wp\/v2\/media\/317718"}],"wp:attachment":[{"href":"https:\/\/www.purejewels.com\/de\/wp-json\/wp\/v2\/media?parent=317716"}],"wp:term":[{"taxonomy":"product_brand","embeddable":true,"href":"https:\/\/www.purejewels.com\/de\/wp-json\/wp\/v2\/product_brand?post=317716"},{"taxonomy":"product_cat","embeddable":true,"href":"https:\/\/www.purejewels.com\/de\/wp-json\/wp\/v2\/product_cat?post=317716"},{"taxonomy":"product_tag","embeddable":true,"href":"https:\/\/www.purejewels.com\/de\/wp-json\/wp\/v2\/product_tag?post=317716"}],"curies":[{"name":"wp","href":"https:\/\/api.w.org\/{rel}","templated":true}]}}