{"id":317729,"date":"2020-09-30T05:49:59","date_gmt":"2020-09-30T04:49:59","guid":{"rendered":"https:\/\/www.purejewels.com\/product\/18ct-yellow-gold-nose-pin-0-2gm\/"},"modified":"2021-12-20T14:34:24","modified_gmt":"2021-12-20T14:34:24","slug":"nasenstecker-aus-18-karat-gelbgold-33277","status":"publish","type":"product","link":"https:\/\/www.purejewels.com\/de\/product\/18ct-yellow-gold-nose-pin-33277\/","title":{"rendered":"18ct Gelbgold Nasenpin"},"content":{"rendered":"<p><strong>Gestaltung<\/strong><\/p>\n<p>In der indischen Kultur gibt es eine reiche Vielfalt an Ornamenten, die speziell f\u00fcr verschiedene Teile des menschlichen K\u00f6rpers entworfen wurden, und jedes von ihnen hat eine entsprechende Bedeutung. Genauso ist es in den indischen Traditionen, <a href=\"https:\/\/www.purejewels.com\/de\/product-category\/22ct-gold-jewellery\/nose-jewellery\/gold-nose-pins\/\">Nasenstifte<\/a> stellen den Ursprung der Geburt dar, stehen f\u00fcr die Weiblichkeit und vermitteln ein Gef\u00fchl von Eleganz. Genau wie <a href=\"https:\/\/www.purejewels.com\/de\/how-to-measure-bangle-size-2\/\">Armreifen<\/a>, a <em><a href=\"https:\/\/www.purejewels.com\/de\/product-category\/22ct-gold-jewellery\/gold-mangalsutras\/\">mangalsutra<\/a> <\/em>oder eine<em> Bindi, Nase<\/em> Das Piercing ist ebenso Teil der reichen indischen Traditionen.<\/p>\n<p><strong>Inspiration<\/strong><\/p>\n<p>Diese <strong>goldener Nasenstecker<\/strong> wurde aus reichem Gelbgold mit 18 Karat Reinheit gefertigt. Es ist minimal, modern mit einem Hauch von Vergangenheit. Das Design dieser Anstecknadel ist von der Witterung eines Vogels inspiriert und beginnt mit dem Element, das in Form einer kleinen Version einer Feder herausgeschnitzt wurde. Das kleine, massive Federelement ist mit kubischen Zirkonsteinen besetzt, die wie Diamanten gl\u00e4nzen und dieser Sch\u00f6nheit die perfekte Portion Glanz verleihen. Das Element wurde auf der R\u00fcckseite mit Hilfe eines Stiels verl\u00e4ngert, so dass diese Kugel leicht und m\u00fchelos zu tragen und zu stylen ist.<\/p>\n<p><strong>Stil<\/strong><\/p>\n<p>Wenn Sie nach einem <strong>kleiner Nasenstecker<\/strong> f\u00fcr sich selbst oder jemand anderen, k\u00f6nnen Sie sich auf die <a href=\"https:\/\/www.purejewels.com\/de\/product\/22ct-gold-yellow-gold-nose-ring-for-ladies-43553\/\">Nasenring<\/a> Gr\u00f6\u00dfentabelle oder kontaktieren Sie uns direkt \u00fcber das Chat-Feld, das in der unteren rechten Ecke Ihres Bildschirms erscheint. Es hat die richtige Menge an Bling und sieht wundersch\u00f6n, w\u00e4hrend das Hinzuf\u00fcgen einer Kante, um Ihren Look und kann gestylt werden und jeden Tag getragen, wie man nicht braucht einen Anlass, um diese Sch\u00f6nheit zur Schau stellen.<\/p>","protected":false},"excerpt":{"rendered":"<ul>\n<li>Gold Nose Pin Uk<\/li>\n<li>Nasenstecker aus 18 Karat Gelbgold mit CZ-Steinen<\/li>\n<li>Kommt mit Screw Back<\/li>\n<li>Abmessungen:\n<ul>\n<li>L\u00e4nge des Stiels: 6 mm (ca.)<\/li>\n<li>Durchmesser der Fassung: 6,5 mm (ca.)<\/li>\n<li>Schaftdicke: 0,6 mm (ca.)<\/li>\n<li>Rohrdicke: 0,9 mm (ca.)<\/li>\n<\/ul>\n<\/li>\n<li>Gewicht 0,2 grm<\/li>\n<li>SKU. 33277<\/li>\n<li>Goldnasenschmuck in der Green Street f\u00fcr den t\u00e4glichen Gebrauch.<\/li>\n<li>Mit Pr\u00e4sentationsbox<\/li>\n<li>Kostenlose Lieferung in ganz UK<\/li>\n<li>Alle Preise inklusive Mehrwertsteuer<\/li>\n<li>\"Kontaktieren Sie uns\/Live-Chat mit uns f\u00fcr ein Video des Produkts\".<\/li>\n<\/ul>","protected":false},"featured_media":317731,"comment_status":"closed","ping_status":"closed","template":"","meta":{"_eb_attr":"","_crsspst_to_jayantr4sg-hostcom":false},"product_brand":[],"product_cat":[1711,1463,1574],"product_tag":[],"class_list":{"0":"post-317729","1":"product","2":"type-product","3":"status-publish","4":"has-post-thumbnail","6":"product_cat-gold-nose-studs","7":"product_cat-gold-nose-pins","8":"product_cat-womens-jewellery","10":"first","11":"outofstock","12":"taxable","13":"shipping-taxable","14":"product-type-simple","15":"add-to-wishlist-before_image"},"yoast_head":"<!-- This site is optimized with the Yoast SEO plugin v27.3 - https:\/\/yoast.com\/product\/yoast-seo-wordpress\/ -->\n<title>Gold Nose Studs | Shop Thin Nose Pins | Purejewels UK<\/title>\n<meta name=\"description\" content=\"white gold nose ring at Purejewels. white gold nose ring. Buy unique nose ring jewelry at PureJewels UK. Free delivery over \u00a3100.\" \/>\n<meta name=\"robots\" content=\"index, follow, max-snippet:-1, max-image-preview:large, max-video-preview:-1\" \/>\n<link rel=\"canonical\" href=\"https:\/\/www.purejewels.com\/de\/produkt-2\/nasenstecker-aus-18-karat-gelbgold-33277\/\" \/>\n<meta property=\"og:locale\" content=\"de_DE\" \/>\n<meta property=\"og:type\" content=\"article\" \/>\n<meta property=\"og:title\" content=\"Gold Nose Studs | Shop Thin Nose Pins | Purejewels UK\" \/>\n<meta property=\"og:description\" content=\"white gold nose ring at Purejewels. white gold nose ring. Buy unique nose ring jewelry at PureJewels UK. Free delivery over \u00a3100.\" \/>\n<meta property=\"og:url\" content=\"https:\/\/www.purejewels.com\/de\/produkt-2\/nasenstecker-aus-18-karat-gelbgold-33277\/\" \/>\n<meta property=\"og:site_name\" content=\"PureJewels UK\" \/>\n<meta property=\"article:modified_time\" content=\"2021-12-20T14:34:24+00:00\" \/>\n<meta property=\"og:image\" content=\"https:\/\/www.purejewels.com\/wp-content\/uploads\/2020\/09\/image186858125.jpg\" \/>\n\t<meta property=\"og:image:width\" content=\"1000\" \/>\n\t<meta property=\"og:image:height\" content=\"1000\" \/>\n\t<meta property=\"og:image:type\" content=\"image\/jpeg\" \/>\n<meta name=\"twitter:card\" content=\"summary_large_image\" \/>\n<meta name=\"twitter:label1\" content=\"Gesch\u00e4tzte Lesezeit\" \/>\n\t<meta name=\"twitter:data1\" content=\"2\u00a0Minuten\" \/>\n<script type=\"application\/ld+json\" class=\"yoast-schema-graph\">{\"@context\":\"https:\\\/\\\/schema.org\",\"@graph\":[{\"@type\":[\"WebPage\",\"ItemPage\"],\"@id\":\"https:\\\/\\\/www.purejewels.com\\\/product\\\/18ct-yellow-gold-nose-pin-33277\\\/\",\"url\":\"https:\\\/\\\/www.purejewels.com\\\/product\\\/18ct-yellow-gold-nose-pin-33277\\\/\",\"name\":\"Gold Nose Studs | Shop Thin Nose Pins | Purejewels UK\",\"isPartOf\":{\"@id\":\"https:\\\/\\\/www.purejewels.com\\\/#website\"},\"primaryImageOfPage\":{\"@id\":\"https:\\\/\\\/www.purejewels.com\\\/product\\\/18ct-yellow-gold-nose-pin-33277\\\/#primaryimage\"},\"image\":{\"@id\":\"https:\\\/\\\/www.purejewels.com\\\/product\\\/18ct-yellow-gold-nose-pin-33277\\\/#primaryimage\"},\"thumbnailUrl\":\"https:\\\/\\\/static.purejewels.com\\\/wp-content\\\/uploads\\\/2020\\\/09\\\/image186858125.jpg\",\"datePublished\":\"2020-09-30T04:49:59+00:00\",\"dateModified\":\"2021-12-20T14:34:24+00:00\",\"description\":\"white gold nose ring at Purejewels. white gold nose ring. Buy unique nose ring jewelry at PureJewels UK. Free delivery over \u00a3100.\",\"breadcrumb\":{\"@id\":\"https:\\\/\\\/www.purejewels.com\\\/product\\\/18ct-yellow-gold-nose-pin-33277\\\/#breadcrumb\"},\"inLanguage\":\"de\",\"potentialAction\":[{\"@type\":\"ReadAction\",\"target\":[\"https:\\\/\\\/www.purejewels.com\\\/product\\\/18ct-yellow-gold-nose-pin-33277\\\/\"]}]},{\"@type\":\"ImageObject\",\"inLanguage\":\"de\",\"@id\":\"https:\\\/\\\/www.purejewels.com\\\/product\\\/18ct-yellow-gold-nose-pin-33277\\\/#primaryimage\",\"url\":\"https:\\\/\\\/static.purejewels.com\\\/wp-content\\\/uploads\\\/2020\\\/09\\\/image186858125.jpg\",\"contentUrl\":\"https:\\\/\\\/static.purejewels.com\\\/wp-content\\\/uploads\\\/2020\\\/09\\\/image186858125.jpg\",\"width\":1000,\"height\":1000,\"caption\":\"18ct Yellow Gold White CZ Stone with Screw Back Nose Pin YGNP068\"},{\"@type\":\"BreadcrumbList\",\"@id\":\"https:\\\/\\\/www.purejewels.com\\\/product\\\/18ct-yellow-gold-nose-pin-33277\\\/#breadcrumb\",\"itemListElement\":[{\"@type\":\"ListItem\",\"position\":1,\"name\":\"Home\",\"item\":\"https:\\\/\\\/www.purejewels.com\\\/\"},{\"@type\":\"ListItem\",\"position\":2,\"name\":\"Shop\",\"item\":\"https:\\\/\\\/www.purejewels.com\\\/shop\\\/\"},{\"@type\":\"ListItem\",\"position\":3,\"name\":\"18ct Yellow Gold Nose Pin\"}]},{\"@type\":\"WebSite\",\"@id\":\"https:\\\/\\\/www.purejewels.com\\\/#website\",\"url\":\"https:\\\/\\\/www.purejewels.com\\\/\",\"name\":\"PureJewels UK\",\"description\":\"Share the Love\",\"publisher\":{\"@id\":\"https:\\\/\\\/www.purejewels.com\\\/#organization\"},\"potentialAction\":[{\"@type\":\"SearchAction\",\"target\":{\"@type\":\"EntryPoint\",\"urlTemplate\":\"https:\\\/\\\/www.purejewels.com\\\/?s={search_term_string}\"},\"query-input\":{\"@type\":\"PropertyValueSpecification\",\"valueRequired\":true,\"valueName\":\"search_term_string\"}}],\"inLanguage\":\"de\"},{\"@type\":\"Organization\",\"@id\":\"https:\\\/\\\/www.purejewels.com\\\/#organization\",\"name\":\"PureJewels UK\",\"url\":\"https:\\\/\\\/www.purejewels.com\\\/\",\"logo\":{\"@type\":\"ImageObject\",\"inLanguage\":\"de\",\"@id\":\"https:\\\/\\\/www.purejewels.com\\\/#\\\/schema\\\/logo\\\/image\\\/\",\"url\":\"https:\\\/\\\/static.purejewels.com\\\/wp-content\\\/uploads\\\/2020\\\/11\\\/Logo-PJ-New-1.png\",\"contentUrl\":\"https:\\\/\\\/static.purejewels.com\\\/wp-content\\\/uploads\\\/2020\\\/11\\\/Logo-PJ-New-1.png\",\"width\":150,\"height\":80,\"caption\":\"PureJewels UK\"},\"image\":{\"@id\":\"https:\\\/\\\/www.purejewels.com\\\/#\\\/schema\\\/logo\\\/image\\\/\"}}]}<\/script>\n<!-- \/ Yoast SEO plugin. -->","yoast_head_json":{"title":"Gold Nose Studs | Shop D\u00fcnne Nasenpins | Purejewels UK","description":"Nasenring aus Wei\u00dfgold bei Purejewels. Nasenring aus Wei\u00dfgold. Kaufen Sie einzigartigen Nasenring-Schmuck bei PureJewels UK. Kostenlose Lieferung \u00fcber \u00a3100.","robots":{"index":"index","follow":"follow","max-snippet":"max-snippet:-1","max-image-preview":"max-image-preview:large","max-video-preview":"max-video-preview:-1"},"canonical":"https:\/\/www.purejewels.com\/de\/produkt-2\/nasenstecker-aus-18-karat-gelbgold-33277\/","og_locale":"de_DE","og_type":"article","og_title":"Gold Nose Studs | Shop Thin Nose Pins | Purejewels UK","og_description":"white gold nose ring at Purejewels. white gold nose ring. Buy unique nose ring jewelry at PureJewels UK. Free delivery over \u00a3100.","og_url":"https:\/\/www.purejewels.com\/de\/produkt-2\/nasenstecker-aus-18-karat-gelbgold-33277\/","og_site_name":"PureJewels UK","article_modified_time":"2021-12-20T14:34:24+00:00","og_image":[{"width":1000,"height":1000,"url":"https:\/\/www.purejewels.com\/wp-content\/uploads\/2020\/09\/image186858125.jpg","type":"image\/jpeg"}],"twitter_card":"summary_large_image","twitter_misc":{"Gesch\u00e4tzte Lesezeit":"2\u00a0Minuten"},"schema":{"@context":"https:\/\/schema.org","@graph":[{"@type":["WebPage","ItemPage"],"@id":"https:\/\/www.purejewels.com\/product\/18ct-yellow-gold-nose-pin-33277\/","url":"https:\/\/www.purejewels.com\/product\/18ct-yellow-gold-nose-pin-33277\/","name":"Gold Nose Studs | Shop D\u00fcnne Nasenpins | Purejewels UK","isPartOf":{"@id":"https:\/\/www.purejewels.com\/#website"},"primaryImageOfPage":{"@id":"https:\/\/www.purejewels.com\/product\/18ct-yellow-gold-nose-pin-33277\/#primaryimage"},"image":{"@id":"https:\/\/www.purejewels.com\/product\/18ct-yellow-gold-nose-pin-33277\/#primaryimage"},"thumbnailUrl":"https:\/\/static.purejewels.com\/wp-content\/uploads\/2020\/09\/image186858125.jpg","datePublished":"2020-09-30T04:49:59+00:00","dateModified":"2021-12-20T14:34:24+00:00","description":"Nasenring aus Wei\u00dfgold bei Purejewels. Nasenring aus Wei\u00dfgold. Kaufen Sie einzigartigen Nasenring-Schmuck bei PureJewels UK. Kostenlose Lieferung \u00fcber \u00a3100.","breadcrumb":{"@id":"https:\/\/www.purejewels.com\/product\/18ct-yellow-gold-nose-pin-33277\/#breadcrumb"},"inLanguage":"de","potentialAction":[{"@type":"ReadAction","target":["https:\/\/www.purejewels.com\/product\/18ct-yellow-gold-nose-pin-33277\/"]}]},{"@type":"ImageObject","inLanguage":"de","@id":"https:\/\/www.purejewels.com\/product\/18ct-yellow-gold-nose-pin-33277\/#primaryimage","url":"https:\/\/static.purejewels.com\/wp-content\/uploads\/2020\/09\/image186858125.jpg","contentUrl":"https:\/\/static.purejewels.com\/wp-content\/uploads\/2020\/09\/image186858125.jpg","width":1000,"height":1000,"caption":"18ct Yellow Gold White CZ Stone with Screw Back Nose Pin YGNP068"},{"@type":"BreadcrumbList","@id":"https:\/\/www.purejewels.com\/product\/18ct-yellow-gold-nose-pin-33277\/#breadcrumb","itemListElement":[{"@type":"ListItem","position":1,"name":"Home","item":"https:\/\/www.purejewels.com\/"},{"@type":"ListItem","position":2,"name":"Shop","item":"https:\/\/www.purejewels.com\/shop\/"},{"@type":"ListItem","position":3,"name":"18ct Yellow Gold Nose Pin"}]},{"@type":"WebSite","@id":"https:\/\/www.purejewels.com\/#website","url":"https:\/\/www.purejewels.com\/","name":"PureJewels UK","description":"Teile die Liebe","publisher":{"@id":"https:\/\/www.purejewels.com\/#organization"},"potentialAction":[{"@type":"SearchAction","target":{"@type":"EntryPoint","urlTemplate":"https:\/\/www.purejewels.com\/?s={search_term_string}"},"query-input":{"@type":"PropertyValueSpecification","valueRequired":true,"valueName":"search_term_string"}}],"inLanguage":"de"},{"@type":"Organization","@id":"https:\/\/www.purejewels.com\/#organization","name":"PureJewels UK","url":"https:\/\/www.purejewels.com\/","logo":{"@type":"ImageObject","inLanguage":"de","@id":"https:\/\/www.purejewels.com\/#\/schema\/logo\/image\/","url":"https:\/\/static.purejewels.com\/wp-content\/uploads\/2020\/11\/Logo-PJ-New-1.png","contentUrl":"https:\/\/static.purejewels.com\/wp-content\/uploads\/2020\/11\/Logo-PJ-New-1.png","width":150,"height":80,"caption":"PureJewels UK"},"image":{"@id":"https:\/\/www.purejewels.com\/#\/schema\/logo\/image\/"}}]}},"_links":{"self":[{"href":"https:\/\/www.purejewels.com\/de\/wp-json\/wp\/v2\/product\/317729","targetHints":{"allow":["GET"]}}],"collection":[{"href":"https:\/\/www.purejewels.com\/de\/wp-json\/wp\/v2\/product"}],"about":[{"href":"https:\/\/www.purejewels.com\/de\/wp-json\/wp\/v2\/types\/product"}],"replies":[{"embeddable":true,"href":"https:\/\/www.purejewels.com\/de\/wp-json\/wp\/v2\/comments?post=317729"}],"version-history":[{"count":0,"href":"https:\/\/www.purejewels.com\/de\/wp-json\/wp\/v2\/product\/317729\/revisions"}],"wp:featuredmedia":[{"embeddable":true,"href":"https:\/\/www.purejewels.com\/de\/wp-json\/wp\/v2\/media\/317731"}],"wp:attachment":[{"href":"https:\/\/www.purejewels.com\/de\/wp-json\/wp\/v2\/media?parent=317729"}],"wp:term":[{"taxonomy":"product_brand","embeddable":true,"href":"https:\/\/www.purejewels.com\/de\/wp-json\/wp\/v2\/product_brand?post=317729"},{"taxonomy":"product_cat","embeddable":true,"href":"https:\/\/www.purejewels.com\/de\/wp-json\/wp\/v2\/product_cat?post=317729"},{"taxonomy":"product_tag","embeddable":true,"href":"https:\/\/www.purejewels.com\/de\/wp-json\/wp\/v2\/product_tag?post=317729"}],"curies":[{"name":"wp","href":"https:\/\/api.w.org\/{rel}","templated":true}]}}