{"id":317799,"date":"2020-10-02T14:31:36","date_gmt":"2020-10-02T13:31:36","guid":{"rendered":"https:\/\/www.purejewels.com\/product\/baroque-artemisia-sterling-silver-earring-nge001\/"},"modified":"2025-09-03T08:36:40","modified_gmt":"2025-09-03T07:36:40","slug":"barocke-artemisia-ohrringe-aus-sterlingsilber-nge001","status":"publish","type":"product","link":"https:\/\/www.purejewels.com\/de\/product\/baroque-artemisia-sterling-silver-earring-nge001\/","title":{"rendered":"Artemisia Sterling Silber Perlenohrring"},"content":{"rendered":"<p>Zart und Statement zugleich, so beschreiben wir diese wundersch\u00f6ne Sterling-Silberperle <a href=\"https:\/\/www.purejewels.com\/de\/product\/22ct-gold-ladies-stud-earring-with-rhodium-finish-46497\/\">Ohrring<\/a> aus der Kollektion The National Gallery von Purejewels. Einige majest\u00e4tische St\u00fccke in \u00e4hnlichen Stilen wurden von Purejewels entworfen und gefertigt, um in der prestigetr\u00e4chtigen National Gallery ausgestellt zu werden - daher der Name unserer Kollektion.<\/p>\n<p>Dieses kunstvolle Paar ist eine interessante Interpretation des klassischen Reifs. Unser Paar aus reinem Silber <a href=\"https:\/\/www.purejewels.com\/de\/product\/22kt-gold-daily-wear-hoop-earring-41670\/\">Reif-Ohrringe<\/a> beginnt mit einer kreisf\u00f6rmigen balee\u00e4hnlichen Struktur, die in Handarbeit aus Sterlingsilber gefertigt und rhodiniert wurde. Der Reif ist mit goldenen Vermeil-Bl\u00e4ttern versehen, die einen sch\u00f6nen Kontrast zur rhodinierten Oberfl\u00e4che bilden. Das Design ist zum Ende hin geschwungen und endet elegant mit einer S\u00fc\u00dfwasserperle, die zart baumelt.<\/p>\n<p>Betrachten Sie es als ein glamour\u00f6ses Geschenk f\u00fcr jemanden, der alles K\u00fcnstlerische liebt, oder sogar f\u00fcr Sie selbst, wenn Sie ein Sammler und Bewunderer sind. Unser <a href=\"https:\/\/www.purejewels.com\/de\/product\/22ct-gold-jali-filigree-ring-jali-collection-31926\/\">22ct<\/a> Der gelbvergoldete, schwarz rhodinierte Artemisia-Ring aus Sterlingsilber mit S\u00fc\u00dfwasserperle ist einfach ikonisch und damit ein unverzichtbares St\u00fcck unserer Kollektion f\u00fcr die National Gallery.<\/p>","protected":false},"excerpt":{"rendered":"<ul>\n<li>Artemisia Sterling Silber Perlenohrring<\/li>\n<li>Aus der Sammlung der Nationalgalerie<\/li>\n<li>Mit schwarzer Rhodium-Beschichtung und Gold-Vermeilung<\/li>\n<\/ul>","protected":false},"featured_media":317804,"comment_status":"closed","ping_status":"closed","template":"","meta":{"_eb_attr":"","_crsspst_to_jayantr4sg-hostcom":false},"product_brand":[],"product_cat":[1791,1559,1254,1579,5342,3562,5456,5351,1575,1574],"product_tag":[66],"class_list":{"0":"post-317799","1":"product","2":"type-product","3":"status-publish","4":"has-post-thumbnail","6":"product_cat-anniversary-gifts","7":"product_cat-birthday-gifts","8":"product_cat-gold-earrings","9":"product_cat-hoop-earrings","10":"product_cat-jewellery-under-250","11":"product_cat-national-gallery-collection","12":"product_cat-pearl-collection","13":"product_cat-silver","14":"product_cat-teenage-jewellery","15":"product_cat-womens-jewellery","16":"product_tag-earrings","18":"first","19":"instock","20":"taxable","21":"shipping-taxable","22":"purchasable","23":"product-type-simple","24":"add-to-wishlist-before_image"},"yoast_head":"<!-- This site is optimized with the Yoast SEO plugin v27.3 - https:\/\/yoast.com\/product\/yoast-seo-wordpress\/ -->\n<title>Artemisia Sterling Silver Hoop Pearl Earring (SLERCHNG001)<\/title>\n<meta name=\"description\" content=\"Purejewels - Specialists in Diamond, Platinum, 22ct 22kt gold. Artemisia Sterling Silver Hoop Pearl Earring \u00a3195.00.00\" \/>\n<meta name=\"robots\" content=\"index, follow, max-snippet:-1, max-image-preview:large, max-video-preview:-1\" \/>\n<link rel=\"canonical\" href=\"https:\/\/www.purejewels.com\/de\/produkt-2\/barocke-artemisia-ohrringe-aus-sterlingsilber-nge001\/\" \/>\n<meta property=\"og:locale\" content=\"de_DE\" \/>\n<meta property=\"og:type\" content=\"article\" \/>\n<meta property=\"og:title\" content=\"Artemisia Sterling Silver Hoop Pearl Earring (SLERCHNG001)\" \/>\n<meta property=\"og:description\" content=\"Purejewels - Specialists in Diamond, Platinum, 22ct 22kt gold. Artemisia Sterling Silver Hoop Pearl Earring \u00a3195.00.00\" \/>\n<meta property=\"og:url\" content=\"https:\/\/www.purejewels.com\/de\/produkt-2\/barocke-artemisia-ohrringe-aus-sterlingsilber-nge001\/\" \/>\n<meta property=\"og:site_name\" content=\"PureJewels UK\" \/>\n<meta property=\"article:modified_time\" content=\"2025-09-03T07:36:40+00:00\" \/>\n<meta property=\"og:image\" content=\"https:\/\/www.purejewels.com\/wp-content\/uploads\/2020\/10\/image186976431.jpg\" \/>\n\t<meta property=\"og:image:width\" content=\"456\" \/>\n\t<meta property=\"og:image:height\" content=\"596\" \/>\n\t<meta property=\"og:image:type\" content=\"image\/jpeg\" \/>\n<meta name=\"twitter:card\" content=\"summary_large_image\" \/>\n<meta name=\"twitter:label1\" content=\"Gesch\u00e4tzte Lesezeit\" \/>\n\t<meta name=\"twitter:data1\" content=\"1\u00a0Minute\" \/>\n<script type=\"application\/ld+json\" class=\"yoast-schema-graph\">{\"@context\":\"https:\\\/\\\/schema.org\",\"@graph\":[{\"@type\":[\"WebPage\",\"ItemPage\"],\"@id\":\"https:\\\/\\\/www.purejewels.com\\\/product\\\/baroque-artemisia-sterling-silver-earring-nge001\\\/\",\"url\":\"https:\\\/\\\/www.purejewels.com\\\/product\\\/baroque-artemisia-sterling-silver-earring-nge001\\\/\",\"name\":\"Artemisia Sterling Silver Hoop Pearl Earring (SLERCHNG001)\",\"isPartOf\":{\"@id\":\"https:\\\/\\\/www.purejewels.com\\\/#website\"},\"primaryImageOfPage\":{\"@id\":\"https:\\\/\\\/www.purejewels.com\\\/product\\\/baroque-artemisia-sterling-silver-earring-nge001\\\/#primaryimage\"},\"image\":{\"@id\":\"https:\\\/\\\/www.purejewels.com\\\/product\\\/baroque-artemisia-sterling-silver-earring-nge001\\\/#primaryimage\"},\"thumbnailUrl\":\"https:\\\/\\\/static.purejewels.com\\\/wp-content\\\/uploads\\\/2020\\\/10\\\/image186976431.jpg\",\"datePublished\":\"2020-10-02T13:31:36+00:00\",\"dateModified\":\"2025-09-03T07:36:40+00:00\",\"description\":\"Purejewels - Specialists in Diamond, Platinum, 22ct 22kt gold. Artemisia Sterling Silver Hoop Pearl Earring \u00a3195.00.00\",\"breadcrumb\":{\"@id\":\"https:\\\/\\\/www.purejewels.com\\\/product\\\/baroque-artemisia-sterling-silver-earring-nge001\\\/#breadcrumb\"},\"inLanguage\":\"de\",\"potentialAction\":[{\"@type\":\"ReadAction\",\"target\":[\"https:\\\/\\\/www.purejewels.com\\\/product\\\/baroque-artemisia-sterling-silver-earring-nge001\\\/\"]}]},{\"@type\":\"ImageObject\",\"inLanguage\":\"de\",\"@id\":\"https:\\\/\\\/www.purejewels.com\\\/product\\\/baroque-artemisia-sterling-silver-earring-nge001\\\/#primaryimage\",\"url\":\"https:\\\/\\\/static.purejewels.com\\\/wp-content\\\/uploads\\\/2020\\\/10\\\/image186976431.jpg\",\"contentUrl\":\"https:\\\/\\\/static.purejewels.com\\\/wp-content\\\/uploads\\\/2020\\\/10\\\/image186976431.jpg\",\"width\":456,\"height\":596,\"caption\":\"silver pearl jewellery\"},{\"@type\":\"BreadcrumbList\",\"@id\":\"https:\\\/\\\/www.purejewels.com\\\/product\\\/baroque-artemisia-sterling-silver-earring-nge001\\\/#breadcrumb\",\"itemListElement\":[{\"@type\":\"ListItem\",\"position\":1,\"name\":\"Home\",\"item\":\"https:\\\/\\\/www.purejewels.com\\\/\"},{\"@type\":\"ListItem\",\"position\":2,\"name\":\"Shop\",\"item\":\"https:\\\/\\\/www.purejewels.com\\\/shop\\\/\"},{\"@type\":\"ListItem\",\"position\":3,\"name\":\"Artemisia Sterling Silver Hoop Pearl Earring\"}]},{\"@type\":\"WebSite\",\"@id\":\"https:\\\/\\\/www.purejewels.com\\\/#website\",\"url\":\"https:\\\/\\\/www.purejewels.com\\\/\",\"name\":\"PureJewels UK\",\"description\":\"Share the Love\",\"publisher\":{\"@id\":\"https:\\\/\\\/www.purejewels.com\\\/#organization\"},\"potentialAction\":[{\"@type\":\"SearchAction\",\"target\":{\"@type\":\"EntryPoint\",\"urlTemplate\":\"https:\\\/\\\/www.purejewels.com\\\/?s={search_term_string}\"},\"query-input\":{\"@type\":\"PropertyValueSpecification\",\"valueRequired\":true,\"valueName\":\"search_term_string\"}}],\"inLanguage\":\"de\"},{\"@type\":\"Organization\",\"@id\":\"https:\\\/\\\/www.purejewels.com\\\/#organization\",\"name\":\"PureJewels UK\",\"url\":\"https:\\\/\\\/www.purejewels.com\\\/\",\"logo\":{\"@type\":\"ImageObject\",\"inLanguage\":\"de\",\"@id\":\"https:\\\/\\\/www.purejewels.com\\\/#\\\/schema\\\/logo\\\/image\\\/\",\"url\":\"https:\\\/\\\/static.purejewels.com\\\/wp-content\\\/uploads\\\/2020\\\/11\\\/Logo-PJ-New-1.png\",\"contentUrl\":\"https:\\\/\\\/static.purejewels.com\\\/wp-content\\\/uploads\\\/2020\\\/11\\\/Logo-PJ-New-1.png\",\"width\":150,\"height\":80,\"caption\":\"PureJewels UK\"},\"image\":{\"@id\":\"https:\\\/\\\/www.purejewels.com\\\/#\\\/schema\\\/logo\\\/image\\\/\"}}]}<\/script>\n<!-- \/ Yoast SEO plugin. -->","yoast_head_json":{"title":"Artemisia Sterling Silber Perlenohrring (SLERCHNG001)","description":"Purejewels - Spezialist f\u00fcr Diamanten, Platin, 22ct 22kt Gold. Artemisia Sterling Silber Hoop Perlenohrring \u00a3195.00.00","robots":{"index":"index","follow":"follow","max-snippet":"max-snippet:-1","max-image-preview":"max-image-preview:large","max-video-preview":"max-video-preview:-1"},"canonical":"https:\/\/www.purejewels.com\/de\/produkt-2\/barocke-artemisia-ohrringe-aus-sterlingsilber-nge001\/","og_locale":"de_DE","og_type":"article","og_title":"Artemisia Sterling Silver Hoop Pearl Earring (SLERCHNG001)","og_description":"Purejewels - Specialists in Diamond, Platinum, 22ct 22kt gold. Artemisia Sterling Silver Hoop Pearl Earring \u00a3195.00.00","og_url":"https:\/\/www.purejewels.com\/de\/produkt-2\/barocke-artemisia-ohrringe-aus-sterlingsilber-nge001\/","og_site_name":"PureJewels UK","article_modified_time":"2025-09-03T07:36:40+00:00","og_image":[{"width":456,"height":596,"url":"https:\/\/www.purejewels.com\/wp-content\/uploads\/2020\/10\/image186976431.jpg","type":"image\/jpeg"}],"twitter_card":"summary_large_image","twitter_misc":{"Gesch\u00e4tzte Lesezeit":"1\u00a0Minute"},"schema":{"@context":"https:\/\/schema.org","@graph":[{"@type":["WebPage","ItemPage"],"@id":"https:\/\/www.purejewels.com\/product\/baroque-artemisia-sterling-silver-earring-nge001\/","url":"https:\/\/www.purejewels.com\/product\/baroque-artemisia-sterling-silver-earring-nge001\/","name":"Artemisia Sterling Silber Perlenohrring (SLERCHNG001)","isPartOf":{"@id":"https:\/\/www.purejewels.com\/#website"},"primaryImageOfPage":{"@id":"https:\/\/www.purejewels.com\/product\/baroque-artemisia-sterling-silver-earring-nge001\/#primaryimage"},"image":{"@id":"https:\/\/www.purejewels.com\/product\/baroque-artemisia-sterling-silver-earring-nge001\/#primaryimage"},"thumbnailUrl":"https:\/\/static.purejewels.com\/wp-content\/uploads\/2020\/10\/image186976431.jpg","datePublished":"2020-10-02T13:31:36+00:00","dateModified":"2025-09-03T07:36:40+00:00","description":"Purejewels - Spezialist f\u00fcr Diamanten, Platin, 22ct 22kt Gold. Artemisia Sterling Silber Hoop Perlenohrring \u00a3195.00.00","breadcrumb":{"@id":"https:\/\/www.purejewels.com\/product\/baroque-artemisia-sterling-silver-earring-nge001\/#breadcrumb"},"inLanguage":"de","potentialAction":[{"@type":"ReadAction","target":["https:\/\/www.purejewels.com\/product\/baroque-artemisia-sterling-silver-earring-nge001\/"]}]},{"@type":"ImageObject","inLanguage":"de","@id":"https:\/\/www.purejewels.com\/product\/baroque-artemisia-sterling-silver-earring-nge001\/#primaryimage","url":"https:\/\/static.purejewels.com\/wp-content\/uploads\/2020\/10\/image186976431.jpg","contentUrl":"https:\/\/static.purejewels.com\/wp-content\/uploads\/2020\/10\/image186976431.jpg","width":456,"height":596,"caption":"silver pearl jewellery"},{"@type":"BreadcrumbList","@id":"https:\/\/www.purejewels.com\/product\/baroque-artemisia-sterling-silver-earring-nge001\/#breadcrumb","itemListElement":[{"@type":"ListItem","position":1,"name":"Home","item":"https:\/\/www.purejewels.com\/"},{"@type":"ListItem","position":2,"name":"Shop","item":"https:\/\/www.purejewels.com\/shop\/"},{"@type":"ListItem","position":3,"name":"Artemisia Sterling Silver Hoop Pearl Earring"}]},{"@type":"WebSite","@id":"https:\/\/www.purejewels.com\/#website","url":"https:\/\/www.purejewels.com\/","name":"PureJewels UK","description":"Teile die Liebe","publisher":{"@id":"https:\/\/www.purejewels.com\/#organization"},"potentialAction":[{"@type":"SearchAction","target":{"@type":"EntryPoint","urlTemplate":"https:\/\/www.purejewels.com\/?s={search_term_string}"},"query-input":{"@type":"PropertyValueSpecification","valueRequired":true,"valueName":"search_term_string"}}],"inLanguage":"de"},{"@type":"Organization","@id":"https:\/\/www.purejewels.com\/#organization","name":"PureJewels UK","url":"https:\/\/www.purejewels.com\/","logo":{"@type":"ImageObject","inLanguage":"de","@id":"https:\/\/www.purejewels.com\/#\/schema\/logo\/image\/","url":"https:\/\/static.purejewels.com\/wp-content\/uploads\/2020\/11\/Logo-PJ-New-1.png","contentUrl":"https:\/\/static.purejewels.com\/wp-content\/uploads\/2020\/11\/Logo-PJ-New-1.png","width":150,"height":80,"caption":"PureJewels UK"},"image":{"@id":"https:\/\/www.purejewels.com\/#\/schema\/logo\/image\/"}}]}},"_links":{"self":[{"href":"https:\/\/www.purejewels.com\/de\/wp-json\/wp\/v2\/product\/317799","targetHints":{"allow":["GET"]}}],"collection":[{"href":"https:\/\/www.purejewels.com\/de\/wp-json\/wp\/v2\/product"}],"about":[{"href":"https:\/\/www.purejewels.com\/de\/wp-json\/wp\/v2\/types\/product"}],"replies":[{"embeddable":true,"href":"https:\/\/www.purejewels.com\/de\/wp-json\/wp\/v2\/comments?post=317799"}],"version-history":[{"count":2,"href":"https:\/\/www.purejewels.com\/de\/wp-json\/wp\/v2\/product\/317799\/revisions"}],"predecessor-version":[{"id":363739,"href":"https:\/\/www.purejewels.com\/de\/wp-json\/wp\/v2\/product\/317799\/revisions\/363739"}],"wp:featuredmedia":[{"embeddable":true,"href":"https:\/\/www.purejewels.com\/de\/wp-json\/wp\/v2\/media\/317804"}],"wp:attachment":[{"href":"https:\/\/www.purejewels.com\/de\/wp-json\/wp\/v2\/media?parent=317799"}],"wp:term":[{"taxonomy":"product_brand","embeddable":true,"href":"https:\/\/www.purejewels.com\/de\/wp-json\/wp\/v2\/product_brand?post=317799"},{"taxonomy":"product_cat","embeddable":true,"href":"https:\/\/www.purejewels.com\/de\/wp-json\/wp\/v2\/product_cat?post=317799"},{"taxonomy":"product_tag","embeddable":true,"href":"https:\/\/www.purejewels.com\/de\/wp-json\/wp\/v2\/product_tag?post=317799"}],"curies":[{"name":"wp","href":"https:\/\/api.w.org\/{rel}","templated":true}]}}