{"id":317813,"date":"2020-10-02T15:01:01","date_gmt":"2020-10-02T14:01:01","guid":{"rendered":"https:\/\/www.purejewels.com\/product\/baroque-artemisia-sterling-silver-garnet-necklace\/"},"modified":"2026-04-22T12:00:56","modified_gmt":"2026-04-22T11:00:56","slug":"barocke-artemisia-granat-halskette-aus-sterlingsilber","status":"publish","type":"product","link":"https:\/\/www.purejewels.com\/de\/product\/baroque-artemisia-sterling-silver-garnet-necklace\/","title":{"rendered":"Artemisia Sterling Silber Granat Tropfen Halskette"},"content":{"rendered":"<p>Minimalistisch und k\u00fchn zugleich - so beschreiben wir diese wundersch\u00f6ne Granat-Halskette aus der The National Gallery Collection von Purejewels. Einige kunstvolle und majest\u00e4tisch wirkende St\u00fccke in \u00e4hnlichem Stil wurden von unserem Team entworfen, gefertigt und zusammengestellt, um in der renommierten National Gallery ausgestellt zu werden.<\/p>\n<p>Dieser Silber- und Granat-Anh\u00e4nger aus unserer Kollektion ist so konstruiert, dass er sich k\u00fchn an Ihren sch\u00f6nen Hals schmiegt. Er beginnt mit einer rhodinierten Kette, die zart von beiden Enden herabf\u00e4llt und den Anh\u00e4nger \u00e4sthetisch h\u00e4lt. Der Anh\u00e4nger hat ein birnenf\u00f6rmiges Element, das in Handarbeit aus Sterlingsilber gefertigt und zus\u00e4tzlich rhodiniert wurde. Dieses birnenf\u00f6rmige Element wurde weiter verziert mit <a href=\"https:\/\/www.purejewels.com\/de\/product-category\/22ct-gold-jewellery\/\">22 Karat<\/a> Mit einem Hauch von Wildheit umschlie\u00dfen die Bl\u00e4tter aus Gold Vermeil einen dunklen Rhodium-Tropfen, der mit einem reichen Granat und einer exquisiten kleinen Perle hervorgehoben wird, was diese Artemisia Sterling Silber Granat-Halskette luxuri\u00f6s, elegant und m\u00fchelos zu stylen macht, w\u00e4hrend sie sich von allen anderen Granaten abhebt <a href=\"https:\/\/www.purejewels.com\/de\/product-category\/22ct-gold-jewellery\/gold-necklaces\/\">Halsketten<\/a> auf die Sie vielleicht gesto\u00dfen sind.<\/p>\n<p><span data-sheets-root=\"1\">Lassen Sie sich von der luxuri\u00f6sen Sch\u00f6nheit der Artemisia Sterling Silver and Garnet Pendant Necklace verzaubern. Dieses exquisite St\u00fcck zeigt wilde Bl\u00e4tter aus vergoldetem Vermeil, die einen dunklen Rhodium-Tropfen umarmen, akzentuiert mit einem atemberaubenden Granat und einer zarten S\u00fc\u00dfwasserperle. Der Kontrast zwischen 22-kar\u00e4tigem Gelbgold und schwarzem, rhodiniertem Sterlingsilber sorgt f\u00fcr einen auff\u00e4lligen und eleganten Look, der die Blicke auf sich zieht.<\/span><\/p>\n<p>Als Teil der National Gallery Collection ist diese Halskette von der Kunstfertigkeit und Sch\u00f6nheit der Gem\u00e4lde in der Galerie inspiriert. Die schwarze Rhodium-Beschichtung und die Gold-Vermeilung verleihen diesem zeitlosen Schmuckst\u00fcck einen modernen und einzigartigen Touch und machen es zu einer perfekten Erg\u00e4nzung f\u00fcr jede Schmucksammlung.<\/p>\n<p>Mit kostenloser Lieferung, sicheren Online-Zahlungen und einer 30-Tage-Geld-zur\u00fcck-Garantie k\u00f6nnen Sie mit Vertrauen einkaufen. G\u00f6nnen Sie sich oder einer geliebten Person die Artemisia Sterling Silber Granat Halskette und verleihen Sie jedem Outfit einen Hauch von Raffinesse und Stil.<\/p>","protected":false},"excerpt":{"rendered":"<p><strong>Artemisia Sterling Silber und Granat Anh\u00e4nger Halskette <\/strong><\/p>\n<p>Wilde Bl\u00e4tter aus vergoldetem Vermeil verschlingen einen dunklen Rhodiumtropfen, der mit einem reichen Granat und einer exquisiten kleinen Perle hervorgehoben wird. 22 Karat Gelbgold Vermeil, schwarz rhodiniertes Sterlingsilber, Granat, S\u00fc\u00dfwasserperle.<\/p>\n<p>&nbsp;<\/p>\n<ul>\n<li>Artemisia Granat-Halskette aus Sterlingsilber.<\/li>\n<li>Aus der Sammlung der Nationalgalerie<\/li>\n<li>Mit schwarzer Rhodium-Beschichtung und Gold-Vermeilung<\/li>\n<\/ul>","protected":false},"featured_media":317818,"comment_status":"closed","ping_status":"closed","template":"","meta":{"_eb_attr":"","_crsspst_to_jayantr4sg-hostcom":false},"product_brand":[],"product_cat":[1791,1559,1253,5902,3562,1778,5351,1574],"product_tag":[],"class_list":{"0":"post-317813","1":"product","2":"type-product","3":"status-publish","4":"has-post-thumbnail","6":"product_cat-anniversary-gifts","7":"product_cat-birthday-gifts","8":"product_cat-gold-necklaces","9":"product_cat-lariat-necklace","10":"product_cat-national-gallery-collection","11":"product_cat-short-necklaces","12":"product_cat-silver","13":"product_cat-womens-jewellery","15":"first","16":"instock","17":"taxable","18":"shipping-taxable","19":"purchasable","20":"product-type-simple","21":"add-to-wishlist-before_image"},"yoast_head":"<!-- This site is optimized with the Yoast SEO plugin v27.5 - https:\/\/yoast.com\/product\/yoast-seo-wordpress\/ -->\n<title>Artemisia Sterling Silver Garnet Necklace | PureJewels<\/title>\n<meta name=\"description\" content=\"View Artemisia Sterling Silver and Garnet Pendant Necklace, from The National Gallery Collection, With Black Rhodium Plating and Gold Vermeil.\" \/>\n<meta name=\"robots\" content=\"index, follow, max-snippet:-1, max-image-preview:large, max-video-preview:-1\" \/>\n<link rel=\"canonical\" href=\"https:\/\/www.purejewels.com\/de\/produkt-2\/barocke-artemisia-granat-halskette-aus-sterlingsilber\/\" \/>\n<meta property=\"og:locale\" content=\"de_DE\" \/>\n<meta property=\"og:type\" content=\"article\" \/>\n<meta property=\"og:title\" content=\"Artemisia Sterling Silver Garnet Necklace | PureJewels\" \/>\n<meta property=\"og:description\" content=\"View Artemisia Sterling Silver and Garnet Pendant Necklace, from The National Gallery Collection, With Black Rhodium Plating and Gold Vermeil.\" \/>\n<meta property=\"og:url\" content=\"https:\/\/www.purejewels.com\/de\/produkt-2\/barocke-artemisia-granat-halskette-aus-sterlingsilber\/\" \/>\n<meta property=\"og:site_name\" content=\"PureJewels UK\" \/>\n<meta property=\"article:modified_time\" content=\"2026-04-22T11:00:56+00:00\" \/>\n<meta property=\"og:image\" content=\"https:\/\/static.purejewels.com\/wp-content\/uploads\/2020\/10\/image186979473.jpg\" \/>\n\t<meta property=\"og:image:width\" content=\"1000\" \/>\n\t<meta property=\"og:image:height\" content=\"1000\" \/>\n\t<meta property=\"og:image:type\" content=\"image\/jpeg\" \/>\n<meta name=\"twitter:card\" content=\"summary_large_image\" \/>\n<meta name=\"twitter:label1\" content=\"Gesch\u00e4tzte Lesezeit\" \/>\n\t<meta name=\"twitter:data1\" content=\"2\u00a0Minuten\" \/>\n<script type=\"application\/ld+json\" class=\"yoast-schema-graph\">{\"@context\":\"https:\\\/\\\/schema.org\",\"@graph\":[{\"@type\":[\"WebPage\",\"ItemPage\"],\"@id\":\"https:\\\/\\\/www.purejewels.com\\\/product\\\/baroque-artemisia-sterling-silver-garnet-necklace\\\/\",\"url\":\"https:\\\/\\\/www.purejewels.com\\\/product\\\/baroque-artemisia-sterling-silver-garnet-necklace\\\/\",\"name\":\"Artemisia Sterling Silver Garnet Necklace | PureJewels\",\"isPartOf\":{\"@id\":\"https:\\\/\\\/www.purejewels.com\\\/#website\"},\"primaryImageOfPage\":{\"@id\":\"https:\\\/\\\/www.purejewels.com\\\/product\\\/baroque-artemisia-sterling-silver-garnet-necklace\\\/#primaryimage\"},\"image\":{\"@id\":\"https:\\\/\\\/www.purejewels.com\\\/product\\\/baroque-artemisia-sterling-silver-garnet-necklace\\\/#primaryimage\"},\"thumbnailUrl\":\"https:\\\/\\\/static.purejewels.com\\\/wp-content\\\/uploads\\\/2020\\\/10\\\/image186979473.jpg\",\"datePublished\":\"2020-10-02T14:01:01+00:00\",\"dateModified\":\"2026-04-22T11:00:56+00:00\",\"description\":\"View Artemisia Sterling Silver and Garnet Pendant Necklace, from The National Gallery Collection, With Black Rhodium Plating and Gold Vermeil.\",\"breadcrumb\":{\"@id\":\"https:\\\/\\\/www.purejewels.com\\\/product\\\/baroque-artemisia-sterling-silver-garnet-necklace\\\/#breadcrumb\"},\"inLanguage\":\"de\",\"potentialAction\":[{\"@type\":\"ReadAction\",\"target\":[\"https:\\\/\\\/www.purejewels.com\\\/product\\\/baroque-artemisia-sterling-silver-garnet-necklace\\\/\"]}]},{\"@type\":\"ImageObject\",\"inLanguage\":\"de\",\"@id\":\"https:\\\/\\\/www.purejewels.com\\\/product\\\/baroque-artemisia-sterling-silver-garnet-necklace\\\/#primaryimage\",\"url\":\"https:\\\/\\\/static.purejewels.com\\\/wp-content\\\/uploads\\\/2020\\\/10\\\/image186979473.jpg\",\"contentUrl\":\"https:\\\/\\\/static.purejewels.com\\\/wp-content\\\/uploads\\\/2020\\\/10\\\/image186979473.jpg\",\"width\":1000,\"height\":1000,\"caption\":\"Baroque Artemisia Sterling Silver Garnet Necklace NGN001\"},{\"@type\":\"BreadcrumbList\",\"@id\":\"https:\\\/\\\/www.purejewels.com\\\/product\\\/baroque-artemisia-sterling-silver-garnet-necklace\\\/#breadcrumb\",\"itemListElement\":[{\"@type\":\"ListItem\",\"position\":1,\"name\":\"Home\",\"item\":\"https:\\\/\\\/www.purejewels.com\\\/\"},{\"@type\":\"ListItem\",\"position\":2,\"name\":\"Shop\",\"item\":\"https:\\\/\\\/www.purejewels.com\\\/shop\\\/\"},{\"@type\":\"ListItem\",\"position\":3,\"name\":\"Artemisia Sterling Silver Garnet Drop Necklace\"}]},{\"@type\":\"WebSite\",\"@id\":\"https:\\\/\\\/www.purejewels.com\\\/#website\",\"url\":\"https:\\\/\\\/www.purejewels.com\\\/\",\"name\":\"PureJewels UK\",\"description\":\"Share the Love\",\"publisher\":{\"@id\":\"https:\\\/\\\/www.purejewels.com\\\/#organization\"},\"potentialAction\":[{\"@type\":\"SearchAction\",\"target\":{\"@type\":\"EntryPoint\",\"urlTemplate\":\"https:\\\/\\\/www.purejewels.com\\\/?s={search_term_string}\"},\"query-input\":{\"@type\":\"PropertyValueSpecification\",\"valueRequired\":true,\"valueName\":\"search_term_string\"}}],\"inLanguage\":\"de\"},{\"@type\":\"Organization\",\"@id\":\"https:\\\/\\\/www.purejewels.com\\\/#organization\",\"name\":\"PureJewels UK\",\"url\":\"https:\\\/\\\/www.purejewels.com\\\/\",\"logo\":{\"@type\":\"ImageObject\",\"inLanguage\":\"de\",\"@id\":\"https:\\\/\\\/www.purejewels.com\\\/#\\\/schema\\\/logo\\\/image\\\/\",\"url\":\"https:\\\/\\\/static.purejewels.com\\\/wp-content\\\/uploads\\\/2020\\\/11\\\/Logo-PJ-New-1.png\",\"contentUrl\":\"https:\\\/\\\/static.purejewels.com\\\/wp-content\\\/uploads\\\/2020\\\/11\\\/Logo-PJ-New-1.png\",\"width\":150,\"height\":80,\"caption\":\"PureJewels UK\"},\"image\":{\"@id\":\"https:\\\/\\\/www.purejewels.com\\\/#\\\/schema\\\/logo\\\/image\\\/\"}}]}<\/script>\n<!-- \/ Yoast SEO plugin. -->","yoast_head_json":{"title":"Artemisia Sterling Silber Granat Halskette | PureJewels","description":"View Artemisia Sterling Silber und Granat Anh\u00e4nger Halskette, aus der Sammlung der National Gallery, mit schwarzer Rhodium-Beschichtung und Gold Vermeil.","robots":{"index":"index","follow":"follow","max-snippet":"max-snippet:-1","max-image-preview":"max-image-preview:large","max-video-preview":"max-video-preview:-1"},"canonical":"https:\/\/www.purejewels.com\/de\/produkt-2\/barocke-artemisia-granat-halskette-aus-sterlingsilber\/","og_locale":"de_DE","og_type":"article","og_title":"Artemisia Sterling Silver Garnet Necklace | PureJewels","og_description":"View Artemisia Sterling Silver and Garnet Pendant Necklace, from The National Gallery Collection, With Black Rhodium Plating and Gold Vermeil.","og_url":"https:\/\/www.purejewels.com\/de\/produkt-2\/barocke-artemisia-granat-halskette-aus-sterlingsilber\/","og_site_name":"PureJewels UK","article_modified_time":"2026-04-22T11:00:56+00:00","og_image":[{"width":1000,"height":1000,"url":"https:\/\/static.purejewels.com\/wp-content\/uploads\/2020\/10\/image186979473.jpg","type":"image\/jpeg"}],"twitter_card":"summary_large_image","twitter_misc":{"Gesch\u00e4tzte Lesezeit":"2\u00a0Minuten"},"schema":{"@context":"https:\/\/schema.org","@graph":[{"@type":["WebPage","ItemPage"],"@id":"https:\/\/www.purejewels.com\/product\/baroque-artemisia-sterling-silver-garnet-necklace\/","url":"https:\/\/www.purejewels.com\/product\/baroque-artemisia-sterling-silver-garnet-necklace\/","name":"Artemisia Sterling Silber Granat Halskette | PureJewels","isPartOf":{"@id":"https:\/\/www.purejewels.com\/#website"},"primaryImageOfPage":{"@id":"https:\/\/www.purejewels.com\/product\/baroque-artemisia-sterling-silver-garnet-necklace\/#primaryimage"},"image":{"@id":"https:\/\/www.purejewels.com\/product\/baroque-artemisia-sterling-silver-garnet-necklace\/#primaryimage"},"thumbnailUrl":"https:\/\/static.purejewels.com\/wp-content\/uploads\/2020\/10\/image186979473.jpg","datePublished":"2020-10-02T14:01:01+00:00","dateModified":"2026-04-22T11:00:56+00:00","description":"View Artemisia Sterling Silber und Granat Anh\u00e4nger Halskette, aus der Sammlung der National Gallery, mit schwarzer Rhodium-Beschichtung und Gold Vermeil.","breadcrumb":{"@id":"https:\/\/www.purejewels.com\/product\/baroque-artemisia-sterling-silver-garnet-necklace\/#breadcrumb"},"inLanguage":"de","potentialAction":[{"@type":"ReadAction","target":["https:\/\/www.purejewels.com\/product\/baroque-artemisia-sterling-silver-garnet-necklace\/"]}]},{"@type":"ImageObject","inLanguage":"de","@id":"https:\/\/www.purejewels.com\/product\/baroque-artemisia-sterling-silver-garnet-necklace\/#primaryimage","url":"https:\/\/static.purejewels.com\/wp-content\/uploads\/2020\/10\/image186979473.jpg","contentUrl":"https:\/\/static.purejewels.com\/wp-content\/uploads\/2020\/10\/image186979473.jpg","width":1000,"height":1000,"caption":"Baroque Artemisia Sterling Silver Garnet Necklace NGN001"},{"@type":"BreadcrumbList","@id":"https:\/\/www.purejewels.com\/product\/baroque-artemisia-sterling-silver-garnet-necklace\/#breadcrumb","itemListElement":[{"@type":"ListItem","position":1,"name":"Home","item":"https:\/\/www.purejewels.com\/"},{"@type":"ListItem","position":2,"name":"Shop","item":"https:\/\/www.purejewels.com\/shop\/"},{"@type":"ListItem","position":3,"name":"Artemisia Sterling Silver Garnet Drop Necklace"}]},{"@type":"WebSite","@id":"https:\/\/www.purejewels.com\/#website","url":"https:\/\/www.purejewels.com\/","name":"PureJewels UK","description":"Teile die Liebe","publisher":{"@id":"https:\/\/www.purejewels.com\/#organization"},"potentialAction":[{"@type":"SearchAction","target":{"@type":"EntryPoint","urlTemplate":"https:\/\/www.purejewels.com\/?s={search_term_string}"},"query-input":{"@type":"PropertyValueSpecification","valueRequired":true,"valueName":"search_term_string"}}],"inLanguage":"de"},{"@type":"Organization","@id":"https:\/\/www.purejewels.com\/#organization","name":"PureJewels UK","url":"https:\/\/www.purejewels.com\/","logo":{"@type":"ImageObject","inLanguage":"de","@id":"https:\/\/www.purejewels.com\/#\/schema\/logo\/image\/","url":"https:\/\/static.purejewels.com\/wp-content\/uploads\/2020\/11\/Logo-PJ-New-1.png","contentUrl":"https:\/\/static.purejewels.com\/wp-content\/uploads\/2020\/11\/Logo-PJ-New-1.png","width":150,"height":80,"caption":"PureJewels UK"},"image":{"@id":"https:\/\/www.purejewels.com\/#\/schema\/logo\/image\/"}}]}},"_links":{"self":[{"href":"https:\/\/www.purejewels.com\/de\/wp-json\/wp\/v2\/product\/317813","targetHints":{"allow":["GET"]}}],"collection":[{"href":"https:\/\/www.purejewels.com\/de\/wp-json\/wp\/v2\/product"}],"about":[{"href":"https:\/\/www.purejewels.com\/de\/wp-json\/wp\/v2\/types\/product"}],"replies":[{"embeddable":true,"href":"https:\/\/www.purejewels.com\/de\/wp-json\/wp\/v2\/comments?post=317813"}],"version-history":[{"count":4,"href":"https:\/\/www.purejewels.com\/de\/wp-json\/wp\/v2\/product\/317813\/revisions"}],"predecessor-version":[{"id":428872,"href":"https:\/\/www.purejewels.com\/de\/wp-json\/wp\/v2\/product\/317813\/revisions\/428872"}],"wp:featuredmedia":[{"embeddable":true,"href":"https:\/\/www.purejewels.com\/de\/wp-json\/wp\/v2\/media\/317818"}],"wp:attachment":[{"href":"https:\/\/www.purejewels.com\/de\/wp-json\/wp\/v2\/media?parent=317813"}],"wp:term":[{"taxonomy":"product_brand","embeddable":true,"href":"https:\/\/www.purejewels.com\/de\/wp-json\/wp\/v2\/product_brand?post=317813"},{"taxonomy":"product_cat","embeddable":true,"href":"https:\/\/www.purejewels.com\/de\/wp-json\/wp\/v2\/product_cat?post=317813"},{"taxonomy":"product_tag","embeddable":true,"href":"https:\/\/www.purejewels.com\/de\/wp-json\/wp\/v2\/product_tag?post=317813"}],"curies":[{"name":"wp","href":"https:\/\/api.w.org\/{rel}","templated":true}]}}