{"id":317948,"date":"2020-10-12T08:34:53","date_gmt":"2020-10-12T07:34:53","guid":{"rendered":"https:\/\/www.purejewels.com\/?post_type=product&#038;p=317948"},"modified":"2026-01-06T09:51:25","modified_gmt":"2026-01-06T09:51:25","slug":"kinderarmband-aus-22-karat-gold-48425","status":"publish","type":"product","link":"https:\/\/www.purejewels.com\/de\/product\/22-carat-gold-kids-bracelet\/","title":{"rendered":"22 Karat Gold Kinderarmband"},"content":{"rendered":"<p>Sie suchen das perfekte Schmuckst\u00fcck f\u00fcr Ihr Kind? Dann ist unser Kinderarmband aus 22 Karat Gold genau das Richtige f\u00fcr Sie. Dieser gepunzte Goldschmuck f\u00fcr Kinder ist nicht nur wundersch\u00f6n, sondern auch langlebig und damit die ideale Wahl f\u00fcr Kinder jeden Alters.<\/p>\n<p>Mit einer ungef\u00e4hren L\u00e4nge von 5,5 Zoll und einem Gewicht von 2,5 Gramm ist dieses Armband perfekt f\u00fcr Kleinkinder und Neugeborene geeignet. Jedes Armband ist vom London Assay Office gepunzt, um seine Echtheit und Qualit\u00e4t zu gew\u00e4hrleisten.<\/p>\n<p>Egal, ob Sie f\u00fcr einen besonderen Anlass oder einfach nur so einkaufen, dieses goldene Baby-Armband wird in einer Pr\u00e4sentationsbox geliefert und ist somit das perfekte Geschenk. Und dank der kostenlosen Lieferung und der sicheren Online-Zahlung k\u00f6nnen Sie beruhigt einkaufen.<\/p>\n<p>Warten Sie nicht, bestellen Sie Ihr Kinderarmband aus 22 Karat Gold noch heute und schenken Sie Ihrem Kind ein Schmuckst\u00fcck, das es f\u00fcr immer in Ehren halten wird. Kontaktieren Sie uns, um \u00e4hnliche Mania Armb\u00e4nder in unserem Upton Park Jewellery Shop in London, UK, zu entdecken.<\/p>","protected":false},"excerpt":{"rendered":"<ul>\n<li>Goldschmuck f\u00fcr Kinder, 22 Karat, mit Feingehaltsstempel<\/li>\n<li>Geeignet f\u00fcr Kinder, Kinder, Kind, S\u00e4ugling, Neugeborenes<\/li>\n<li>Ungef\u00e4hre L\u00e4nge: 5,5 Zoll<\/li>\n<li>Gewicht : 2,5 g<\/li>\n<li>SKU 33116<\/li>\n<li>Alle Preise inklusive Mehrwertsteuer<\/li>\n<li>Alle unsere Produkte sind vom London Assay Office gestempelt.<\/li>\n<li>All baby gold bracelet Kommt mit Geschenkbox<\/li>\n<li>Lieferung inklusive<\/li>\n<li>Kontaktieren Sie uns \/ chatten Sie mit uns, um \u00e4hnliche Mania Armb\u00e4nder bei Upton park Jewellery shops, London , UK zu entdecken<\/li>\n<\/ul>","protected":false},"featured_media":318084,"comment_status":"closed","ping_status":"closed","template":"","meta":{"_eb_attr":"","_crsspst_to_jayantr4sg-hostcom":true},"product_brand":[],"product_cat":[1576,1324,1436],"product_tag":[],"class_list":{"0":"post-317948","1":"product","2":"type-product","3":"status-publish","4":"has-post-thumbnail","6":"product_cat-childrens-jewellery","7":"product_cat-gold-bracelet","8":"product_cat-kids-bracelet-kada","10":"first","11":"outofstock","12":"taxable","13":"shipping-taxable","14":"product-type-simple","15":"add-to-wishlist-before_image"},"yoast_head":"<!-- This site is optimized with the Yoast SEO plugin v27.3 - https:\/\/yoast.com\/product\/yoast-seo-wordpress\/ -->\n<title>22ct Gold Baby Bracelet | 22ct Hallmarked kids\u2019 Gold Jewellery<\/title>\n<meta name=\"description\" content=\"Our 22ct gold baby bracelets are the perfect gift for any special occasion. They are a beautiful way to show your love and affection for your little one.\" \/>\n<meta name=\"robots\" content=\"index, follow, max-snippet:-1, max-image-preview:large, max-video-preview:-1\" \/>\n<link rel=\"canonical\" href=\"https:\/\/www.purejewels.com\/de\/produkt-2\/kinderarmband-aus-22-karat-gold-48425\/\" \/>\n<meta property=\"og:locale\" content=\"de_DE\" \/>\n<meta property=\"og:type\" content=\"article\" \/>\n<meta property=\"og:title\" content=\"22ct Gold Baby Bracelet | 22ct Hallmarked kids\u2019 Gold Jewellery\" \/>\n<meta property=\"og:description\" content=\"Our 22ct gold baby bracelets are the perfect gift for any special occasion. They are a beautiful way to show your love and affection for your little one.\" \/>\n<meta property=\"og:url\" content=\"https:\/\/www.purejewels.com\/de\/produkt-2\/kinderarmband-aus-22-karat-gold-48425\/\" \/>\n<meta property=\"og:site_name\" content=\"PureJewels UK\" \/>\n<meta property=\"article:modified_time\" content=\"2026-01-06T09:51:25+00:00\" \/>\n<meta property=\"og:image\" content=\"https:\/\/www.purejewels.com\/wp-content\/uploads\/2020\/10\/image187423191.jpg\" \/>\n\t<meta property=\"og:image:width\" content=\"1000\" \/>\n\t<meta property=\"og:image:height\" content=\"1000\" \/>\n\t<meta property=\"og:image:type\" content=\"image\/jpeg\" \/>\n<meta name=\"twitter:card\" content=\"summary_large_image\" \/>\n<meta name=\"twitter:label1\" content=\"Gesch\u00e4tzte Lesezeit\" \/>\n\t<meta name=\"twitter:data1\" content=\"1\u00a0Minute\" \/>\n<script type=\"application\/ld+json\" class=\"yoast-schema-graph\">{\"@context\":\"https:\\\/\\\/schema.org\",\"@graph\":[{\"@type\":[\"WebPage\",\"ItemPage\"],\"@id\":\"https:\\\/\\\/www.purejewels.com\\\/product\\\/22-carat-gold-kids-bracelet\\\/\",\"url\":\"https:\\\/\\\/www.purejewels.com\\\/product\\\/22-carat-gold-kids-bracelet\\\/\",\"name\":\"22ct Gold Baby Bracelet | 22ct Hallmarked kids\u2019 Gold Jewellery\",\"isPartOf\":{\"@id\":\"https:\\\/\\\/www.purejewels.com\\\/#website\"},\"primaryImageOfPage\":{\"@id\":\"https:\\\/\\\/www.purejewels.com\\\/product\\\/22-carat-gold-kids-bracelet\\\/#primaryimage\"},\"image\":{\"@id\":\"https:\\\/\\\/www.purejewels.com\\\/product\\\/22-carat-gold-kids-bracelet\\\/#primaryimage\"},\"thumbnailUrl\":\"https:\\\/\\\/static.purejewels.com\\\/wp-content\\\/uploads\\\/2020\\\/10\\\/image187423191.jpg\",\"datePublished\":\"2020-10-12T07:34:53+00:00\",\"dateModified\":\"2026-01-06T09:51:25+00:00\",\"description\":\"Our 22ct gold baby bracelets are the perfect gift for any special occasion. They are a beautiful way to show your love and affection for your little one.\",\"breadcrumb\":{\"@id\":\"https:\\\/\\\/www.purejewels.com\\\/product\\\/22-carat-gold-kids-bracelet\\\/#breadcrumb\"},\"inLanguage\":\"de\",\"potentialAction\":[{\"@type\":\"ReadAction\",\"target\":[\"https:\\\/\\\/www.purejewels.com\\\/product\\\/22-carat-gold-kids-bracelet\\\/\"]}]},{\"@type\":\"ImageObject\",\"inLanguage\":\"de\",\"@id\":\"https:\\\/\\\/www.purejewels.com\\\/product\\\/22-carat-gold-kids-bracelet\\\/#primaryimage\",\"url\":\"https:\\\/\\\/static.purejewels.com\\\/wp-content\\\/uploads\\\/2020\\\/10\\\/image187423191.jpg\",\"contentUrl\":\"https:\\\/\\\/static.purejewels.com\\\/wp-content\\\/uploads\\\/2020\\\/10\\\/image187423191.jpg\",\"width\":1000,\"height\":1000,\"caption\":\"22ct Gold Light Black Beads Baby Bracelet YGBT019\"},{\"@type\":\"BreadcrumbList\",\"@id\":\"https:\\\/\\\/www.purejewels.com\\\/product\\\/22-carat-gold-kids-bracelet\\\/#breadcrumb\",\"itemListElement\":[{\"@type\":\"ListItem\",\"position\":1,\"name\":\"Home\",\"item\":\"https:\\\/\\\/www.purejewels.com\\\/\"},{\"@type\":\"ListItem\",\"position\":2,\"name\":\"Shop\",\"item\":\"https:\\\/\\\/www.purejewels.com\\\/shop\\\/\"},{\"@type\":\"ListItem\",\"position\":3,\"name\":\"22 carat Gold Kids Bracelet\"}]},{\"@type\":\"WebSite\",\"@id\":\"https:\\\/\\\/www.purejewels.com\\\/#website\",\"url\":\"https:\\\/\\\/www.purejewels.com\\\/\",\"name\":\"PureJewels UK\",\"description\":\"Share the Love\",\"publisher\":{\"@id\":\"https:\\\/\\\/www.purejewels.com\\\/#organization\"},\"potentialAction\":[{\"@type\":\"SearchAction\",\"target\":{\"@type\":\"EntryPoint\",\"urlTemplate\":\"https:\\\/\\\/www.purejewels.com\\\/?s={search_term_string}\"},\"query-input\":{\"@type\":\"PropertyValueSpecification\",\"valueRequired\":true,\"valueName\":\"search_term_string\"}}],\"inLanguage\":\"de\"},{\"@type\":\"Organization\",\"@id\":\"https:\\\/\\\/www.purejewels.com\\\/#organization\",\"name\":\"PureJewels UK\",\"url\":\"https:\\\/\\\/www.purejewels.com\\\/\",\"logo\":{\"@type\":\"ImageObject\",\"inLanguage\":\"de\",\"@id\":\"https:\\\/\\\/www.purejewels.com\\\/#\\\/schema\\\/logo\\\/image\\\/\",\"url\":\"https:\\\/\\\/static.purejewels.com\\\/wp-content\\\/uploads\\\/2020\\\/11\\\/Logo-PJ-New-1.png\",\"contentUrl\":\"https:\\\/\\\/static.purejewels.com\\\/wp-content\\\/uploads\\\/2020\\\/11\\\/Logo-PJ-New-1.png\",\"width\":150,\"height\":80,\"caption\":\"PureJewels UK\"},\"image\":{\"@id\":\"https:\\\/\\\/www.purejewels.com\\\/#\\\/schema\\\/logo\\\/image\\\/\"}}]}<\/script>\n<!-- \/ Yoast SEO plugin. -->","yoast_head_json":{"title":"22ct Gold Baby-Armband | 22ct Goldschmuck f\u00fcr Kinder mit Punzierung","description":"Unsere Babyarmb\u00e4nder aus 22 Karat Gold sind das perfekte Geschenk f\u00fcr jeden besonderen Anlass. Sie sind ein sch\u00f6ner Weg, um Ihre Liebe und Zuneigung f\u00fcr Ihr Kind zu zeigen.","robots":{"index":"index","follow":"follow","max-snippet":"max-snippet:-1","max-image-preview":"max-image-preview:large","max-video-preview":"max-video-preview:-1"},"canonical":"https:\/\/www.purejewels.com\/de\/produkt-2\/kinderarmband-aus-22-karat-gold-48425\/","og_locale":"de_DE","og_type":"article","og_title":"22ct Gold Baby Bracelet | 22ct Hallmarked kids\u2019 Gold Jewellery","og_description":"Our 22ct gold baby bracelets are the perfect gift for any special occasion. They are a beautiful way to show your love and affection for your little one.","og_url":"https:\/\/www.purejewels.com\/de\/produkt-2\/kinderarmband-aus-22-karat-gold-48425\/","og_site_name":"PureJewels UK","article_modified_time":"2026-01-06T09:51:25+00:00","og_image":[{"width":1000,"height":1000,"url":"https:\/\/www.purejewels.com\/wp-content\/uploads\/2020\/10\/image187423191.jpg","type":"image\/jpeg"}],"twitter_card":"summary_large_image","twitter_misc":{"Gesch\u00e4tzte Lesezeit":"1\u00a0Minute"},"schema":{"@context":"https:\/\/schema.org","@graph":[{"@type":["WebPage","ItemPage"],"@id":"https:\/\/www.purejewels.com\/product\/22-carat-gold-kids-bracelet\/","url":"https:\/\/www.purejewels.com\/product\/22-carat-gold-kids-bracelet\/","name":"22ct Gold Baby-Armband | 22ct Goldschmuck f\u00fcr Kinder mit Punzierung","isPartOf":{"@id":"https:\/\/www.purejewels.com\/#website"},"primaryImageOfPage":{"@id":"https:\/\/www.purejewels.com\/product\/22-carat-gold-kids-bracelet\/#primaryimage"},"image":{"@id":"https:\/\/www.purejewels.com\/product\/22-carat-gold-kids-bracelet\/#primaryimage"},"thumbnailUrl":"https:\/\/static.purejewels.com\/wp-content\/uploads\/2020\/10\/image187423191.jpg","datePublished":"2020-10-12T07:34:53+00:00","dateModified":"2026-01-06T09:51:25+00:00","description":"Unsere Babyarmb\u00e4nder aus 22 Karat Gold sind das perfekte Geschenk f\u00fcr jeden besonderen Anlass. Sie sind ein sch\u00f6ner Weg, um Ihre Liebe und Zuneigung f\u00fcr Ihr Kind zu zeigen.","breadcrumb":{"@id":"https:\/\/www.purejewels.com\/product\/22-carat-gold-kids-bracelet\/#breadcrumb"},"inLanguage":"de","potentialAction":[{"@type":"ReadAction","target":["https:\/\/www.purejewels.com\/product\/22-carat-gold-kids-bracelet\/"]}]},{"@type":"ImageObject","inLanguage":"de","@id":"https:\/\/www.purejewels.com\/product\/22-carat-gold-kids-bracelet\/#primaryimage","url":"https:\/\/static.purejewels.com\/wp-content\/uploads\/2020\/10\/image187423191.jpg","contentUrl":"https:\/\/static.purejewels.com\/wp-content\/uploads\/2020\/10\/image187423191.jpg","width":1000,"height":1000,"caption":"22ct Gold Light Black Beads Baby Bracelet YGBT019"},{"@type":"BreadcrumbList","@id":"https:\/\/www.purejewels.com\/product\/22-carat-gold-kids-bracelet\/#breadcrumb","itemListElement":[{"@type":"ListItem","position":1,"name":"Home","item":"https:\/\/www.purejewels.com\/"},{"@type":"ListItem","position":2,"name":"Shop","item":"https:\/\/www.purejewels.com\/shop\/"},{"@type":"ListItem","position":3,"name":"22 carat Gold Kids Bracelet"}]},{"@type":"WebSite","@id":"https:\/\/www.purejewels.com\/#website","url":"https:\/\/www.purejewels.com\/","name":"PureJewels UK","description":"Teile die Liebe","publisher":{"@id":"https:\/\/www.purejewels.com\/#organization"},"potentialAction":[{"@type":"SearchAction","target":{"@type":"EntryPoint","urlTemplate":"https:\/\/www.purejewels.com\/?s={search_term_string}"},"query-input":{"@type":"PropertyValueSpecification","valueRequired":true,"valueName":"search_term_string"}}],"inLanguage":"de"},{"@type":"Organization","@id":"https:\/\/www.purejewels.com\/#organization","name":"PureJewels UK","url":"https:\/\/www.purejewels.com\/","logo":{"@type":"ImageObject","inLanguage":"de","@id":"https:\/\/www.purejewels.com\/#\/schema\/logo\/image\/","url":"https:\/\/static.purejewels.com\/wp-content\/uploads\/2020\/11\/Logo-PJ-New-1.png","contentUrl":"https:\/\/static.purejewels.com\/wp-content\/uploads\/2020\/11\/Logo-PJ-New-1.png","width":150,"height":80,"caption":"PureJewels UK"},"image":{"@id":"https:\/\/www.purejewels.com\/#\/schema\/logo\/image\/"}}]}},"_links":{"self":[{"href":"https:\/\/www.purejewels.com\/de\/wp-json\/wp\/v2\/product\/317948","targetHints":{"allow":["GET"]}}],"collection":[{"href":"https:\/\/www.purejewels.com\/de\/wp-json\/wp\/v2\/product"}],"about":[{"href":"https:\/\/www.purejewels.com\/de\/wp-json\/wp\/v2\/types\/product"}],"replies":[{"embeddable":true,"href":"https:\/\/www.purejewels.com\/de\/wp-json\/wp\/v2\/comments?post=317948"}],"version-history":[{"count":2,"href":"https:\/\/www.purejewels.com\/de\/wp-json\/wp\/v2\/product\/317948\/revisions"}],"predecessor-version":[{"id":420719,"href":"https:\/\/www.purejewels.com\/de\/wp-json\/wp\/v2\/product\/317948\/revisions\/420719"}],"wp:featuredmedia":[{"embeddable":true,"href":"https:\/\/www.purejewels.com\/de\/wp-json\/wp\/v2\/media\/318084"}],"wp:attachment":[{"href":"https:\/\/www.purejewels.com\/de\/wp-json\/wp\/v2\/media?parent=317948"}],"wp:term":[{"taxonomy":"product_brand","embeddable":true,"href":"https:\/\/www.purejewels.com\/de\/wp-json\/wp\/v2\/product_brand?post=317948"},{"taxonomy":"product_cat","embeddable":true,"href":"https:\/\/www.purejewels.com\/de\/wp-json\/wp\/v2\/product_cat?post=317948"},{"taxonomy":"product_tag","embeddable":true,"href":"https:\/\/www.purejewels.com\/de\/wp-json\/wp\/v2\/product_tag?post=317948"}],"curies":[{"name":"wp","href":"https:\/\/api.w.org\/{rel}","templated":true}]}}