{"id":317960,"date":"2020-10-12T11:22:24","date_gmt":"2020-10-12T10:22:24","guid":{"rendered":"https:\/\/www.purejewels.com\/product\/22ct-gold-pendant-1gm\/"},"modified":"2026-01-08T08:10:10","modified_gmt":"2026-01-08T08:10:10","slug":"22ct-gold-runder-anhanger","status":"publish","type":"product","link":"https:\/\/www.purejewels.com\/de\/product\/22ct-gold-round-pendant\/","title":{"rendered":"22ct Gold Runde Form Jali Anh\u00e4nger"},"content":{"rendered":"<p>Dieser Anh\u00e4nger pr\u00e4sentiert die traditionelle Jali-Kunst in einer wundersch\u00f6n gearbeiteten runden Form. Die detaillierten Schliffe lassen das Licht durch das Design hindurch und sorgen f\u00fcr ein luftiges, anmutiges Erscheinungsbild, w\u00e4hrend sie gleichzeitig eine reiche goldene Pr\u00e4senz beibehalten.<\/p>\n<p>Der aus hochreinem 22-kar\u00e4tigem Gold gefertigte Anh\u00e4nger hat einen warmen Schimmer, der durch eine glatte, polierte Oberfl\u00e4che erg\u00e4nzt wird. Die runde Form verleiht ihm Ausgewogenheit und Symmetrie und macht ihn sowohl f\u00fcr den Alltag als auch f\u00fcr besondere Anl\u00e4sse geeignet.<\/p>\n<p>Dieses vielseitig einsetzbare Schmuckst\u00fcck l\u00e4sst sich m\u00fchelos mit einer Vielzahl von Ketten und Outfits kombinieren. Die feine Handwerkskunst unterstreicht die fachm\u00e4nnische Verarbeitung und f\u00fchrt zu einem Anh\u00e4nger, der ein traditionelles Design mit einem modernen Touch widerspiegelt.<\/p>","protected":false},"excerpt":{"rendered":"<p>Ein runder Goldanh\u00e4nger aus 22-kar\u00e4tigem Gold mit komplizierten Jalischliffen, die ihm Tiefe, Struktur und raffinierten Charme verleihen.<\/p>\n<ul>\n<li>22ct Gold Runde Form Anh\u00e4nger<\/li>\n<li>Gold-Anh\u00e4nger UK<\/li>\n<li>Gewicht. 0,9 gm<\/li>\n<li>SKU. 33348<\/li>\n<li>Kette nicht enthalten<\/li>\n<li>Die auf dem Bild gezeigte Kette ist eine <strong>Spiga-Kette<\/strong><\/li>\n<li>Alle unsere Produkte sind vom London Assay Office gestempelt.<\/li>\n<li>Mit Pr\u00e4sentationsbox<\/li>\n<li>Lieferung inbegriffen<\/li>\n<li>Alle Preise inklusive Mehrwertsteuer<\/li>\n<li>Kontaktieren Sie uns \/ Live-Chat mit uns zu sehen, Video von Schmuck Geschenke<\/li>\n<\/ul>","protected":false},"featured_media":317962,"comment_status":"closed","ping_status":"closed","template":"","meta":{"_eb_attr":"","_crsspst_to_jayantr4sg-hostcom":true},"product_brand":[],"product_cat":[1576,1770,1255,5343,1769,1767],"product_tag":[],"class_list":{"0":"post-317960","1":"product","2":"type-product","3":"status-publish","4":"has-post-thumbnail","6":"product_cat-childrens-jewellery","7":"product_cat-fancy-pendants","8":"product_cat-gold-pendants","9":"product_cat-jewellery-under-550","10":"product_cat-kids-pendants","11":"product_cat-ladies-pendants","13":"first","14":"outofstock","15":"taxable","16":"shipping-taxable","17":"product-type-simple","18":"add-to-wishlist-before_image"},"yoast_head":"<!-- This site is optimized with the Yoast SEO plugin v27.3 - https:\/\/yoast.com\/product\/yoast-seo-wordpress\/ -->\n<title>22ct Gold Round Jali Pendant | Intricate Cutwork Design in UK<\/title>\n<meta name=\"description\" content=\"Discover a 22ct gold pendant crafted in a round jali pattern with fine cutwork detailing. A lightweight design that blends traditional artistry with modern style.\" \/>\n<meta name=\"robots\" content=\"index, follow, max-snippet:-1, max-image-preview:large, max-video-preview:-1\" \/>\n<link rel=\"canonical\" href=\"https:\/\/www.purejewels.com\/de\/produkt-2\/22ct-gold-runder-anhanger\/\" \/>\n<meta property=\"og:locale\" content=\"de_DE\" \/>\n<meta property=\"og:type\" content=\"article\" \/>\n<meta property=\"og:title\" content=\"22ct Gold Round Jali Pendant | Intricate Cutwork Design in UK\" \/>\n<meta property=\"og:description\" content=\"Discover a 22ct gold pendant crafted in a round jali pattern with fine cutwork detailing. A lightweight design that blends traditional artistry with modern style.\" \/>\n<meta property=\"og:url\" content=\"https:\/\/www.purejewels.com\/de\/produkt-2\/22ct-gold-runder-anhanger\/\" \/>\n<meta property=\"og:site_name\" content=\"PureJewels UK\" \/>\n<meta property=\"article:modified_time\" content=\"2026-01-08T08:10:10+00:00\" \/>\n<meta property=\"og:image\" content=\"https:\/\/static.purejewels.com\/wp-content\/uploads\/2020\/10\/image187320831.jpg\" \/>\n\t<meta property=\"og:image:width\" content=\"1000\" \/>\n\t<meta property=\"og:image:height\" content=\"1000\" \/>\n\t<meta property=\"og:image:type\" content=\"image\/jpeg\" \/>\n<meta name=\"twitter:card\" content=\"summary_large_image\" \/>\n<meta name=\"twitter:label1\" content=\"Gesch\u00e4tzte Lesezeit\" \/>\n\t<meta name=\"twitter:data1\" content=\"1\u00a0Minute\" \/>\n<script type=\"application\/ld+json\" class=\"yoast-schema-graph\">{\"@context\":\"https:\\\/\\\/schema.org\",\"@graph\":[{\"@type\":[\"WebPage\",\"ItemPage\"],\"@id\":\"https:\\\/\\\/www.purejewels.com\\\/product\\\/22ct-gold-round-pendant\\\/\",\"url\":\"https:\\\/\\\/www.purejewels.com\\\/product\\\/22ct-gold-round-pendant\\\/\",\"name\":\"22ct Gold Round Jali Pendant | Intricate Cutwork Design in UK\",\"isPartOf\":{\"@id\":\"https:\\\/\\\/www.purejewels.com\\\/#website\"},\"primaryImageOfPage\":{\"@id\":\"https:\\\/\\\/www.purejewels.com\\\/product\\\/22ct-gold-round-pendant\\\/#primaryimage\"},\"image\":{\"@id\":\"https:\\\/\\\/www.purejewels.com\\\/product\\\/22ct-gold-round-pendant\\\/#primaryimage\"},\"thumbnailUrl\":\"https:\\\/\\\/static.purejewels.com\\\/wp-content\\\/uploads\\\/2020\\\/10\\\/image187320831.jpg\",\"datePublished\":\"2020-10-12T10:22:24+00:00\",\"dateModified\":\"2026-01-08T08:10:10+00:00\",\"description\":\"Discover a 22ct gold pendant crafted in a round jali pattern with fine cutwork detailing. A lightweight design that blends traditional artistry with modern style.\",\"breadcrumb\":{\"@id\":\"https:\\\/\\\/www.purejewels.com\\\/product\\\/22ct-gold-round-pendant\\\/#breadcrumb\"},\"inLanguage\":\"de\",\"potentialAction\":[{\"@type\":\"ReadAction\",\"target\":[\"https:\\\/\\\/www.purejewels.com\\\/product\\\/22ct-gold-round-pendant\\\/\"]}]},{\"@type\":\"ImageObject\",\"inLanguage\":\"de\",\"@id\":\"https:\\\/\\\/www.purejewels.com\\\/product\\\/22ct-gold-round-pendant\\\/#primaryimage\",\"url\":\"https:\\\/\\\/static.purejewels.com\\\/wp-content\\\/uploads\\\/2020\\\/10\\\/image187320831.jpg\",\"contentUrl\":\"https:\\\/\\\/static.purejewels.com\\\/wp-content\\\/uploads\\\/2020\\\/10\\\/image187320831.jpg\",\"width\":1000,\"height\":1000,\"caption\":\"22ct Gold Light Round Shaped Pendant YGPN315\"},{\"@type\":\"BreadcrumbList\",\"@id\":\"https:\\\/\\\/www.purejewels.com\\\/product\\\/22ct-gold-round-pendant\\\/#breadcrumb\",\"itemListElement\":[{\"@type\":\"ListItem\",\"position\":1,\"name\":\"Home\",\"item\":\"https:\\\/\\\/www.purejewels.com\\\/\"},{\"@type\":\"ListItem\",\"position\":2,\"name\":\"Shop\",\"item\":\"https:\\\/\\\/www.purejewels.com\\\/shop\\\/\"},{\"@type\":\"ListItem\",\"position\":3,\"name\":\"22ct Gold Round Shaped Jali Pendant\"}]},{\"@type\":\"WebSite\",\"@id\":\"https:\\\/\\\/www.purejewels.com\\\/#website\",\"url\":\"https:\\\/\\\/www.purejewels.com\\\/\",\"name\":\"PureJewels UK\",\"description\":\"Share the Love\",\"publisher\":{\"@id\":\"https:\\\/\\\/www.purejewels.com\\\/#organization\"},\"potentialAction\":[{\"@type\":\"SearchAction\",\"target\":{\"@type\":\"EntryPoint\",\"urlTemplate\":\"https:\\\/\\\/www.purejewels.com\\\/?s={search_term_string}\"},\"query-input\":{\"@type\":\"PropertyValueSpecification\",\"valueRequired\":true,\"valueName\":\"search_term_string\"}}],\"inLanguage\":\"de\"},{\"@type\":\"Organization\",\"@id\":\"https:\\\/\\\/www.purejewels.com\\\/#organization\",\"name\":\"PureJewels UK\",\"url\":\"https:\\\/\\\/www.purejewels.com\\\/\",\"logo\":{\"@type\":\"ImageObject\",\"inLanguage\":\"de\",\"@id\":\"https:\\\/\\\/www.purejewels.com\\\/#\\\/schema\\\/logo\\\/image\\\/\",\"url\":\"https:\\\/\\\/static.purejewels.com\\\/wp-content\\\/uploads\\\/2020\\\/11\\\/Logo-PJ-New-1.png\",\"contentUrl\":\"https:\\\/\\\/static.purejewels.com\\\/wp-content\\\/uploads\\\/2020\\\/11\\\/Logo-PJ-New-1.png\",\"width\":150,\"height\":80,\"caption\":\"PureJewels UK\"},\"image\":{\"@id\":\"https:\\\/\\\/www.purejewels.com\\\/#\\\/schema\\\/logo\\\/image\\\/\"}}]}<\/script>\n<!-- \/ Yoast SEO plugin. -->","yoast_head_json":{"title":"22ct Gold Runde Jali Anh\u00e4nger | Intricate Cutwork Design in Gro\u00dfbritannien","description":"Entdecken Sie einen Anh\u00e4nger aus 22-kar\u00e4tigem Gold, der in einem runden Jali-Muster mit feinen, geschliffenen Details gefertigt ist. Ein leichtes Design, das traditionelle Kunstfertigkeit mit modernem Stil verbindet.","robots":{"index":"index","follow":"follow","max-snippet":"max-snippet:-1","max-image-preview":"max-image-preview:large","max-video-preview":"max-video-preview:-1"},"canonical":"https:\/\/www.purejewels.com\/de\/produkt-2\/22ct-gold-runder-anhanger\/","og_locale":"de_DE","og_type":"article","og_title":"22ct Gold Round Jali Pendant | Intricate Cutwork Design in UK","og_description":"Discover a 22ct gold pendant crafted in a round jali pattern with fine cutwork detailing. A lightweight design that blends traditional artistry with modern style.","og_url":"https:\/\/www.purejewels.com\/de\/produkt-2\/22ct-gold-runder-anhanger\/","og_site_name":"PureJewels UK","article_modified_time":"2026-01-08T08:10:10+00:00","og_image":[{"width":1000,"height":1000,"url":"https:\/\/static.purejewels.com\/wp-content\/uploads\/2020\/10\/image187320831.jpg","type":"image\/jpeg"}],"twitter_card":"summary_large_image","twitter_misc":{"Gesch\u00e4tzte Lesezeit":"1\u00a0Minute"},"schema":{"@context":"https:\/\/schema.org","@graph":[{"@type":["WebPage","ItemPage"],"@id":"https:\/\/www.purejewels.com\/product\/22ct-gold-round-pendant\/","url":"https:\/\/www.purejewels.com\/product\/22ct-gold-round-pendant\/","name":"22ct Gold Runde Jali Anh\u00e4nger | Intricate Cutwork Design in Gro\u00dfbritannien","isPartOf":{"@id":"https:\/\/www.purejewels.com\/#website"},"primaryImageOfPage":{"@id":"https:\/\/www.purejewels.com\/product\/22ct-gold-round-pendant\/#primaryimage"},"image":{"@id":"https:\/\/www.purejewels.com\/product\/22ct-gold-round-pendant\/#primaryimage"},"thumbnailUrl":"https:\/\/static.purejewels.com\/wp-content\/uploads\/2020\/10\/image187320831.jpg","datePublished":"2020-10-12T10:22:24+00:00","dateModified":"2026-01-08T08:10:10+00:00","description":"Entdecken Sie einen Anh\u00e4nger aus 22-kar\u00e4tigem Gold, der in einem runden Jali-Muster mit feinen, geschliffenen Details gefertigt ist. Ein leichtes Design, das traditionelle Kunstfertigkeit mit modernem Stil verbindet.","breadcrumb":{"@id":"https:\/\/www.purejewels.com\/product\/22ct-gold-round-pendant\/#breadcrumb"},"inLanguage":"de","potentialAction":[{"@type":"ReadAction","target":["https:\/\/www.purejewels.com\/product\/22ct-gold-round-pendant\/"]}]},{"@type":"ImageObject","inLanguage":"de","@id":"https:\/\/www.purejewels.com\/product\/22ct-gold-round-pendant\/#primaryimage","url":"https:\/\/static.purejewels.com\/wp-content\/uploads\/2020\/10\/image187320831.jpg","contentUrl":"https:\/\/static.purejewels.com\/wp-content\/uploads\/2020\/10\/image187320831.jpg","width":1000,"height":1000,"caption":"22ct Gold Light Round Shaped Pendant YGPN315"},{"@type":"BreadcrumbList","@id":"https:\/\/www.purejewels.com\/product\/22ct-gold-round-pendant\/#breadcrumb","itemListElement":[{"@type":"ListItem","position":1,"name":"Home","item":"https:\/\/www.purejewels.com\/"},{"@type":"ListItem","position":2,"name":"Shop","item":"https:\/\/www.purejewels.com\/shop\/"},{"@type":"ListItem","position":3,"name":"22ct Gold Round Shaped Jali Pendant"}]},{"@type":"WebSite","@id":"https:\/\/www.purejewels.com\/#website","url":"https:\/\/www.purejewels.com\/","name":"PureJewels UK","description":"Teile die Liebe","publisher":{"@id":"https:\/\/www.purejewels.com\/#organization"},"potentialAction":[{"@type":"SearchAction","target":{"@type":"EntryPoint","urlTemplate":"https:\/\/www.purejewels.com\/?s={search_term_string}"},"query-input":{"@type":"PropertyValueSpecification","valueRequired":true,"valueName":"search_term_string"}}],"inLanguage":"de"},{"@type":"Organization","@id":"https:\/\/www.purejewels.com\/#organization","name":"PureJewels UK","url":"https:\/\/www.purejewels.com\/","logo":{"@type":"ImageObject","inLanguage":"de","@id":"https:\/\/www.purejewels.com\/#\/schema\/logo\/image\/","url":"https:\/\/static.purejewels.com\/wp-content\/uploads\/2020\/11\/Logo-PJ-New-1.png","contentUrl":"https:\/\/static.purejewels.com\/wp-content\/uploads\/2020\/11\/Logo-PJ-New-1.png","width":150,"height":80,"caption":"PureJewels UK"},"image":{"@id":"https:\/\/www.purejewels.com\/#\/schema\/logo\/image\/"}}]}},"_links":{"self":[{"href":"https:\/\/www.purejewels.com\/de\/wp-json\/wp\/v2\/product\/317960","targetHints":{"allow":["GET"]}}],"collection":[{"href":"https:\/\/www.purejewels.com\/de\/wp-json\/wp\/v2\/product"}],"about":[{"href":"https:\/\/www.purejewels.com\/de\/wp-json\/wp\/v2\/types\/product"}],"replies":[{"embeddable":true,"href":"https:\/\/www.purejewels.com\/de\/wp-json\/wp\/v2\/comments?post=317960"}],"version-history":[{"count":3,"href":"https:\/\/www.purejewels.com\/de\/wp-json\/wp\/v2\/product\/317960\/revisions"}],"predecessor-version":[{"id":424338,"href":"https:\/\/www.purejewels.com\/de\/wp-json\/wp\/v2\/product\/317960\/revisions\/424338"}],"wp:featuredmedia":[{"embeddable":true,"href":"https:\/\/www.purejewels.com\/de\/wp-json\/wp\/v2\/media\/317962"}],"wp:attachment":[{"href":"https:\/\/www.purejewels.com\/de\/wp-json\/wp\/v2\/media?parent=317960"}],"wp:term":[{"taxonomy":"product_brand","embeddable":true,"href":"https:\/\/www.purejewels.com\/de\/wp-json\/wp\/v2\/product_brand?post=317960"},{"taxonomy":"product_cat","embeddable":true,"href":"https:\/\/www.purejewels.com\/de\/wp-json\/wp\/v2\/product_cat?post=317960"},{"taxonomy":"product_tag","embeddable":true,"href":"https:\/\/www.purejewels.com\/de\/wp-json\/wp\/v2\/product_tag?post=317960"}],"curies":[{"name":"wp","href":"https:\/\/api.w.org\/{rel}","templated":true}]}}