{"id":317993,"date":"2020-10-13T09:10:20","date_gmt":"2020-10-13T08:10:20","guid":{"rendered":"https:\/\/www.purejewels.com\/product\/22ct-gold-ladies-bracelet-5-7gm\/"},"modified":"2026-01-06T09:44:14","modified_gmt":"2026-01-06T09:44:14","slug":"22-karat-gold-damenarmband-33342","status":"publish","type":"product","link":"https:\/\/www.purejewels.com\/de\/product\/22-carat-gold-ladies-bracelet-33342\/","title":{"rendered":"22 Karat Gold-Mehrstrang-Kettenarmband"},"content":{"rendered":"<p>Dieses mehrstr\u00e4ngige Armband aus 22 Karat Gold ist ein raffinierter Ausdruck von Schlichtheit und Handwerkskunst. Das Armband aus leuchtendem Gelbgold besteht aus eng miteinander verbundenen, feinen Ketten, die sich zu einer weichen, flie\u00dfenden Silhouette um das Handgelenk verbinden.<\/p>\n<p>Die polierte Oberfl\u00e4che unterstreicht die nat\u00fcrliche W\u00e4rme von 22-kar\u00e4tigem Gold, w\u00e4hrend der stromlinienf\u00f6rmige Verschluss sowohl Sicherheit als auch Tragekomfort gew\u00e4hrleistet. Das Armband ist leicht und dennoch elegant und so gestaltet, dass es bequem sitzt und sich bei jeder Bewegung anmutig mitbewegt.<\/p>\n<p>Dieses vielseitige Schmuckst\u00fcck kann ganz einfach solo getragen werden, um einen dezenten, eleganten Look zu erzielen, oder mit anderen Goldarmb\u00e4ndern kombiniert werden, um einen ausdrucksst\u00e4rkeren Look zu erzielen. Es eignet sich ideal f\u00fcr den Alltag oder als liebevolles Geschenk und ist eine zeitlose Erg\u00e4nzung f\u00fcr jede Goldschmuckkollektion.<\/p>","protected":false},"excerpt":{"rendered":"<p>Ein zartes Armband aus 22 Karat Gold mit fein verflochtenen Mehrstrangketten und einem glatten, sicheren Verschluss.<\/p>\n<ul>\n<li>22ct Gold Armb\u00e4nder Indisch<\/li>\n<li>Lovely Daily, Armband f\u00fcr den B\u00fcrogebrauch<\/li>\n<li>Wt. 5,7 g<\/li>\n<li>L\u00e4nge 7 Zoll<\/li>\n<li><span id=\"urn:enhancement-60289049\" class=\"textannotation\">SKU<\/span>. 33342<\/li>\n<li>Alle\u00a0<span id=\"urn:enhancement-2f0e4369\" class=\"textannotation\">Preise<\/span>\u00a0einschlie\u00dflich Mehrwertsteuer<\/li>\n<li>Alle unsere Produkte sind von London gepunzt\u00a0<span id=\"urn:enhancement-3647d2d7\" class=\"textannotation\">Pr\u00fcfstelle<\/span><\/li>\n<li>Kommt mit\u00a0<span id=\"urn:enhancement-51f253dc\" class=\"textannotation\">Pr\u00e4sentation<\/span>\u00a0Box<\/li>\n<li>Lieferung inbegriffen<\/li>\n<li>Kontaktieren Sie uns \/ Live-Chat mit uns f\u00fcr Video von Indian\u00a0<span id=\"urn:enhancement-af98c0a0\" class=\"textannotation\">Gold<\/span>\u00a0<span id=\"urn:enhancement-8408aebd\" class=\"textannotation\">Armband<\/span>\u00a0Designs f\u00fcr Damen<\/li>\n<\/ul>","protected":false},"featured_media":317995,"comment_status":"closed","ping_status":"closed","template":"","meta":{"_eb_attr":"","_crsspst_to_jayantr4sg-hostcom":true},"product_brand":[],"product_cat":[1791,1559,1324,1627,1570,1575,1574],"product_tag":[],"class_list":{"0":"post-317993","1":"product","2":"type-product","3":"status-publish","4":"has-post-thumbnail","6":"product_cat-anniversary-gifts","7":"product_cat-birthday-gifts","8":"product_cat-gold-bracelet","9":"product_cat-ladies-bracelet","10":"product_cat-mothers-day-gifts","11":"product_cat-teenage-jewellery","12":"product_cat-womens-jewellery","14":"first","15":"outofstock","16":"taxable","17":"shipping-taxable","18":"product-type-simple","19":"add-to-wishlist-before_image"},"yoast_head":"<!-- This site is optimized with the Yoast SEO plugin v27.4 - https:\/\/yoast.com\/product\/yoast-seo-wordpress\/ -->\n<title>22ct Gold Multi-Strand Bracelet | Elegant Indian Gold Jewellery<\/title>\n<meta name=\"description\" content=\"Graceful 22ct gold multi-strand bracelet with a polished finish and secure clasp. A timeless gold piece designed for everyday elegance.\" \/>\n<meta name=\"robots\" content=\"index, follow, max-snippet:-1, max-image-preview:large, max-video-preview:-1\" \/>\n<link rel=\"canonical\" href=\"https:\/\/www.purejewels.com\/de\/produkt-2\/22-karat-gold-damenarmband-33342\/\" \/>\n<meta property=\"og:locale\" content=\"de_DE\" \/>\n<meta property=\"og:type\" content=\"article\" \/>\n<meta property=\"og:title\" content=\"22ct Gold Multi-Strand Bracelet | Elegant Indian Gold Jewellery\" \/>\n<meta property=\"og:description\" content=\"Graceful 22ct gold multi-strand bracelet with a polished finish and secure clasp. A timeless gold piece designed for everyday elegance.\" \/>\n<meta property=\"og:url\" content=\"https:\/\/www.purejewels.com\/de\/produkt-2\/22-karat-gold-damenarmband-33342\/\" \/>\n<meta property=\"og:site_name\" content=\"PureJewels UK\" \/>\n<meta property=\"article:modified_time\" content=\"2026-01-06T09:44:14+00:00\" \/>\n<meta property=\"og:image\" content=\"https:\/\/static.purejewels.com\/wp-content\/uploads\/2020\/10\/image187351669.jpg\" \/>\n\t<meta property=\"og:image:width\" content=\"1000\" \/>\n\t<meta property=\"og:image:height\" content=\"1000\" \/>\n\t<meta property=\"og:image:type\" content=\"image\/jpeg\" \/>\n<meta name=\"twitter:card\" content=\"summary_large_image\" \/>\n<meta name=\"twitter:label1\" content=\"Gesch\u00e4tzte Lesezeit\" \/>\n\t<meta name=\"twitter:data1\" content=\"1\u00a0Minute\" \/>\n<script type=\"application\/ld+json\" class=\"yoast-schema-graph\">{\"@context\":\"https:\\\/\\\/schema.org\",\"@graph\":[{\"@type\":[\"WebPage\",\"ItemPage\"],\"@id\":\"https:\\\/\\\/www.purejewels.com\\\/product\\\/22-carat-gold-ladies-bracelet-33342\\\/\",\"url\":\"https:\\\/\\\/www.purejewels.com\\\/product\\\/22-carat-gold-ladies-bracelet-33342\\\/\",\"name\":\"22ct Gold Multi-Strand Bracelet | Elegant Indian Gold Jewellery\",\"isPartOf\":{\"@id\":\"https:\\\/\\\/www.purejewels.com\\\/#website\"},\"primaryImageOfPage\":{\"@id\":\"https:\\\/\\\/www.purejewels.com\\\/product\\\/22-carat-gold-ladies-bracelet-33342\\\/#primaryimage\"},\"image\":{\"@id\":\"https:\\\/\\\/www.purejewels.com\\\/product\\\/22-carat-gold-ladies-bracelet-33342\\\/#primaryimage\"},\"thumbnailUrl\":\"https:\\\/\\\/static.purejewels.com\\\/wp-content\\\/uploads\\\/2020\\\/10\\\/image187351669.jpg\",\"datePublished\":\"2020-10-13T08:10:20+00:00\",\"dateModified\":\"2026-01-06T09:44:14+00:00\",\"description\":\"Graceful 22ct gold multi-strand bracelet with a polished finish and secure clasp. A timeless gold piece designed for everyday elegance.\",\"breadcrumb\":{\"@id\":\"https:\\\/\\\/www.purejewels.com\\\/product\\\/22-carat-gold-ladies-bracelet-33342\\\/#breadcrumb\"},\"inLanguage\":\"de\",\"potentialAction\":[{\"@type\":\"ReadAction\",\"target\":[\"https:\\\/\\\/www.purejewels.com\\\/product\\\/22-carat-gold-ladies-bracelet-33342\\\/\"]}]},{\"@type\":\"ImageObject\",\"inLanguage\":\"de\",\"@id\":\"https:\\\/\\\/www.purejewels.com\\\/product\\\/22-carat-gold-ladies-bracelet-33342\\\/#primaryimage\",\"url\":\"https:\\\/\\\/static.purejewels.com\\\/wp-content\\\/uploads\\\/2020\\\/10\\\/image187351669.jpg\",\"contentUrl\":\"https:\\\/\\\/static.purejewels.com\\\/wp-content\\\/uploads\\\/2020\\\/10\\\/image187351669.jpg\",\"width\":1000,\"height\":1000,\"caption\":\"22ct Gold Medium Flat Patta Ladies Bracelet YGBR023\"},{\"@type\":\"BreadcrumbList\",\"@id\":\"https:\\\/\\\/www.purejewels.com\\\/product\\\/22-carat-gold-ladies-bracelet-33342\\\/#breadcrumb\",\"itemListElement\":[{\"@type\":\"ListItem\",\"position\":1,\"name\":\"Home\",\"item\":\"https:\\\/\\\/www.purejewels.com\\\/\"},{\"@type\":\"ListItem\",\"position\":2,\"name\":\"Shop\",\"item\":\"https:\\\/\\\/www.purejewels.com\\\/shop\\\/\"},{\"@type\":\"ListItem\",\"position\":3,\"name\":\"22ct Gold Multi-Strand Chain Bracelet\"}]},{\"@type\":\"WebSite\",\"@id\":\"https:\\\/\\\/www.purejewels.com\\\/#website\",\"url\":\"https:\\\/\\\/www.purejewels.com\\\/\",\"name\":\"PureJewels UK\",\"description\":\"Share the Love\",\"publisher\":{\"@id\":\"https:\\\/\\\/www.purejewels.com\\\/#organization\"},\"potentialAction\":[{\"@type\":\"SearchAction\",\"target\":{\"@type\":\"EntryPoint\",\"urlTemplate\":\"https:\\\/\\\/www.purejewels.com\\\/?s={search_term_string}\"},\"query-input\":{\"@type\":\"PropertyValueSpecification\",\"valueRequired\":true,\"valueName\":\"search_term_string\"}}],\"inLanguage\":\"de\"},{\"@type\":\"Organization\",\"@id\":\"https:\\\/\\\/www.purejewels.com\\\/#organization\",\"name\":\"PureJewels UK\",\"url\":\"https:\\\/\\\/www.purejewels.com\\\/\",\"logo\":{\"@type\":\"ImageObject\",\"inLanguage\":\"de\",\"@id\":\"https:\\\/\\\/www.purejewels.com\\\/#\\\/schema\\\/logo\\\/image\\\/\",\"url\":\"https:\\\/\\\/static.purejewels.com\\\/wp-content\\\/uploads\\\/2020\\\/11\\\/Logo-PJ-New-1.png\",\"contentUrl\":\"https:\\\/\\\/static.purejewels.com\\\/wp-content\\\/uploads\\\/2020\\\/11\\\/Logo-PJ-New-1.png\",\"width\":150,\"height\":80,\"caption\":\"PureJewels UK\"},\"image\":{\"@id\":\"https:\\\/\\\/www.purejewels.com\\\/#\\\/schema\\\/logo\\\/image\\\/\"}}]}<\/script>\n<!-- \/ Yoast SEO plugin. -->","yoast_head_json":{"title":"22 Karat Gold-Mehrstrangarmband | Eleganter indischer Goldschmuck","description":"Anmutiges mehrstr\u00e4ngiges Armband aus 22 Karat Gold mit polierter Oberfl\u00e4che und sicherem Verschluss. Ein zeitloses Goldschmuckst\u00fcck f\u00fcr elegante Alltagslooks.","robots":{"index":"index","follow":"follow","max-snippet":"max-snippet:-1","max-image-preview":"max-image-preview:large","max-video-preview":"max-video-preview:-1"},"canonical":"https:\/\/www.purejewels.com\/de\/produkt-2\/22-karat-gold-damenarmband-33342\/","og_locale":"de_DE","og_type":"article","og_title":"22ct Gold Multi-Strand Bracelet | Elegant Indian Gold Jewellery","og_description":"Graceful 22ct gold multi-strand bracelet with a polished finish and secure clasp. A timeless gold piece designed for everyday elegance.","og_url":"https:\/\/www.purejewels.com\/de\/produkt-2\/22-karat-gold-damenarmband-33342\/","og_site_name":"PureJewels UK","article_modified_time":"2026-01-06T09:44:14+00:00","og_image":[{"width":1000,"height":1000,"url":"https:\/\/static.purejewels.com\/wp-content\/uploads\/2020\/10\/image187351669.jpg","type":"image\/jpeg"}],"twitter_card":"summary_large_image","twitter_misc":{"Gesch\u00e4tzte Lesezeit":"1\u00a0Minute"},"schema":{"@context":"https:\/\/schema.org","@graph":[{"@type":["WebPage","ItemPage"],"@id":"https:\/\/www.purejewels.com\/product\/22-carat-gold-ladies-bracelet-33342\/","url":"https:\/\/www.purejewels.com\/product\/22-carat-gold-ladies-bracelet-33342\/","name":"22 Karat Gold-Mehrstrangarmband | Eleganter indischer Goldschmuck","isPartOf":{"@id":"https:\/\/www.purejewels.com\/#website"},"primaryImageOfPage":{"@id":"https:\/\/www.purejewels.com\/product\/22-carat-gold-ladies-bracelet-33342\/#primaryimage"},"image":{"@id":"https:\/\/www.purejewels.com\/product\/22-carat-gold-ladies-bracelet-33342\/#primaryimage"},"thumbnailUrl":"https:\/\/static.purejewels.com\/wp-content\/uploads\/2020\/10\/image187351669.jpg","datePublished":"2020-10-13T08:10:20+00:00","dateModified":"2026-01-06T09:44:14+00:00","description":"Anmutiges mehrstr\u00e4ngiges Armband aus 22 Karat Gold mit polierter Oberfl\u00e4che und sicherem Verschluss. Ein zeitloses Goldschmuckst\u00fcck f\u00fcr elegante Alltagslooks.","breadcrumb":{"@id":"https:\/\/www.purejewels.com\/product\/22-carat-gold-ladies-bracelet-33342\/#breadcrumb"},"inLanguage":"de","potentialAction":[{"@type":"ReadAction","target":["https:\/\/www.purejewels.com\/product\/22-carat-gold-ladies-bracelet-33342\/"]}]},{"@type":"ImageObject","inLanguage":"de","@id":"https:\/\/www.purejewels.com\/product\/22-carat-gold-ladies-bracelet-33342\/#primaryimage","url":"https:\/\/static.purejewels.com\/wp-content\/uploads\/2020\/10\/image187351669.jpg","contentUrl":"https:\/\/static.purejewels.com\/wp-content\/uploads\/2020\/10\/image187351669.jpg","width":1000,"height":1000,"caption":"22ct Gold Medium Flat Patta Ladies Bracelet YGBR023"},{"@type":"BreadcrumbList","@id":"https:\/\/www.purejewels.com\/product\/22-carat-gold-ladies-bracelet-33342\/#breadcrumb","itemListElement":[{"@type":"ListItem","position":1,"name":"Home","item":"https:\/\/www.purejewels.com\/"},{"@type":"ListItem","position":2,"name":"Shop","item":"https:\/\/www.purejewels.com\/shop\/"},{"@type":"ListItem","position":3,"name":"22ct Gold Multi-Strand Chain Bracelet"}]},{"@type":"WebSite","@id":"https:\/\/www.purejewels.com\/#website","url":"https:\/\/www.purejewels.com\/","name":"PureJewels UK","description":"Teile die Liebe","publisher":{"@id":"https:\/\/www.purejewels.com\/#organization"},"potentialAction":[{"@type":"SearchAction","target":{"@type":"EntryPoint","urlTemplate":"https:\/\/www.purejewels.com\/?s={search_term_string}"},"query-input":{"@type":"PropertyValueSpecification","valueRequired":true,"valueName":"search_term_string"}}],"inLanguage":"de"},{"@type":"Organization","@id":"https:\/\/www.purejewels.com\/#organization","name":"PureJewels UK","url":"https:\/\/www.purejewels.com\/","logo":{"@type":"ImageObject","inLanguage":"de","@id":"https:\/\/www.purejewels.com\/#\/schema\/logo\/image\/","url":"https:\/\/static.purejewels.com\/wp-content\/uploads\/2020\/11\/Logo-PJ-New-1.png","contentUrl":"https:\/\/static.purejewels.com\/wp-content\/uploads\/2020\/11\/Logo-PJ-New-1.png","width":150,"height":80,"caption":"PureJewels UK"},"image":{"@id":"https:\/\/www.purejewels.com\/#\/schema\/logo\/image\/"}}]}},"_links":{"self":[{"href":"https:\/\/www.purejewels.com\/de\/wp-json\/wp\/v2\/product\/317993","targetHints":{"allow":["GET"]}}],"collection":[{"href":"https:\/\/www.purejewels.com\/de\/wp-json\/wp\/v2\/product"}],"about":[{"href":"https:\/\/www.purejewels.com\/de\/wp-json\/wp\/v2\/types\/product"}],"replies":[{"embeddable":true,"href":"https:\/\/www.purejewels.com\/de\/wp-json\/wp\/v2\/comments?post=317993"}],"version-history":[{"count":3,"href":"https:\/\/www.purejewels.com\/de\/wp-json\/wp\/v2\/product\/317993\/revisions"}],"predecessor-version":[{"id":424150,"href":"https:\/\/www.purejewels.com\/de\/wp-json\/wp\/v2\/product\/317993\/revisions\/424150"}],"wp:featuredmedia":[{"embeddable":true,"href":"https:\/\/www.purejewels.com\/de\/wp-json\/wp\/v2\/media\/317995"}],"wp:attachment":[{"href":"https:\/\/www.purejewels.com\/de\/wp-json\/wp\/v2\/media?parent=317993"}],"wp:term":[{"taxonomy":"product_brand","embeddable":true,"href":"https:\/\/www.purejewels.com\/de\/wp-json\/wp\/v2\/product_brand?post=317993"},{"taxonomy":"product_cat","embeddable":true,"href":"https:\/\/www.purejewels.com\/de\/wp-json\/wp\/v2\/product_cat?post=317993"},{"taxonomy":"product_tag","embeddable":true,"href":"https:\/\/www.purejewels.com\/de\/wp-json\/wp\/v2\/product_tag?post=317993"}],"curies":[{"name":"wp","href":"https:\/\/api.w.org\/{rel}","templated":true}]}}