{"id":318202,"date":"2020-10-15T09:23:32","date_gmt":"2020-10-15T08:23:32","guid":{"rendered":"https:\/\/www.purejewels.com\/product\/22ct-gold-mangalsutra-4-6-gm\/"},"modified":"2026-03-31T11:14:30","modified_gmt":"2026-03-31T10:14:30","slug":"22-karat-gold-mangalsutra-31895","status":"publish","type":"product","link":"https:\/\/www.purejewels.com\/de\/product\/22ct-gold-mangalsutra-31895\/","title":{"rendered":"Mangalsutra aus 22 Karat Gold mit verschn\u00f6rkelten Goldsteckern"},"content":{"rendered":"<p>Dieses Design kombiniert feine schwarze Perlenstr\u00e4nge mit modellierten goldenen Verbindungselementen, die entlang des Dekollet\u00e9s Charakter und Details einbringen. In der Mitte befindet sich eine Reihe von polierten Goldperlen, die eine sanfte Kurve bilden, die die Komposition ausbalanciert. Das Zusammenspiel von traditionellen schwarzen Perlen und dekorativen Goldformen verleiht dem St\u00fcck eine unverwechselbare, aber dezente Pr\u00e4senz.<\/p>","protected":false},"excerpt":{"rendered":"<ul>\n<li>22ct Indisch&nbsp;<span id=\"urn:enhancement-8fe9ef2f\" class=\"textannotation\">Gold<\/span>&nbsp;<span id=\"urn:enhancement-a7e73aed\" class=\"textannotation\">Mangalsutra<\/span><\/li>\n<li><span id=\"urn:enhancement-9fb49e6b\" class=\"textannotation\">Gewicht<\/span>: 4.6 gm<\/li>\n<li><span id=\"urn:enhancement-da21df27\" class=\"textannotation\">L\u00e4nge<\/span>: 15&nbsp;<span id=\"urn:enhancement-4df06e9a\" class=\"textannotation\">Zoll<\/span><\/li>\n<li><span id=\"urn:enhancement-42f50d9\" class=\"textannotation\">SKU<\/span>. 31895<\/li>\n<li>Alle&nbsp;<span id=\"urn:enhancement-7aa16939\" class=\"textannotation\">Preise<\/span>&nbsp;einschlie\u00dfen.&nbsp;<span id=\"urn:enhancement-aa7eb6aa\" class=\"textannotation\">MEHRWERTSTEUER<\/span><\/li>\n<li>22ct&nbsp;<span id=\"urn:enhancement-4166acaf\" class=\"textannotation\">Gold<\/span>&nbsp;Gekennzeichnet durch&nbsp;<span id=\"urn:enhancement-3907948a\" class=\"textannotation\">London<\/span>&nbsp;<span id=\"urn:enhancement-93bf9ff9\" class=\"textannotation\">Pr\u00fcfstelle<\/span><\/li>\n<li>Mit Pr\u00e4sentationsbox<\/li>\n<li>Lieferung inbegriffen<\/li>\n<li>Live&nbsp;<span id=\"urn:enhancement-16692379\" class=\"textannotation\">Chat<\/span>&nbsp;mit uns f\u00fcr&nbsp;<span id=\"urn:enhancement-301651ba\" class=\"textannotation\">Verf\u00fcgbarkeit<\/span>&nbsp;und weitere Bilder von \u00e4hnlichen Entw\u00fcrfen, die derzeit in&nbsp;<span id=\"urn:enhancement-973de0cb\" class=\"textannotation\">Aktie<\/span><\/li>\n<\/ul>","protected":false},"featured_media":318204,"comment_status":"closed","ping_status":"closed","template":"","meta":{"_eb_attr":"","_crsspst_to_jayantr4sg-hostcom":false},"product_brand":[],"product_cat":[1791,1559,1775,1793,3628,1284,1776,1574],"product_tag":[],"class_list":{"0":"post-318202","1":"product","2":"type-product","3":"status-publish","4":"has-post-thumbnail","6":"product_cat-anniversary-gifts","7":"product_cat-birthday-gifts","8":"product_cat-daily-wear-mangalsutras","9":"product_cat-diwali-gifts","10":"product_cat-glow-collections","11":"product_cat-gold-mangalsutras","12":"product_cat-occasional-wear-mangalsutras","13":"product_cat-womens-jewellery","15":"first","16":"outofstock","17":"taxable","18":"shipping-taxable","19":"product-type-simple","20":"add-to-wishlist-before_image"},"yoast_head":"<!-- This site is optimized with the Yoast SEO plugin v27.3 - https:\/\/yoast.com\/product\/yoast-seo-wordpress\/ -->\n<title>22ct Gold Mangalsutra with Black Beads &amp; Gold Motifs | UK<\/title>\n<meta name=\"description\" content=\"Shop a 22ct gold mangalsutra with black bead chain and ornate gold connectors. Hallmarked in the UK for assured purity.\" \/>\n<meta name=\"robots\" content=\"index, follow, max-snippet:-1, max-image-preview:large, max-video-preview:-1\" \/>\n<link rel=\"canonical\" href=\"https:\/\/www.purejewels.com\/de\/produkt-2\/22-karat-gold-mangalsutra-31895\/\" \/>\n<meta property=\"og:locale\" content=\"de_DE\" \/>\n<meta property=\"og:type\" content=\"article\" \/>\n<meta property=\"og:title\" content=\"22ct Gold Mangalsutra with Black Beads &amp; Gold Motifs | UK\" \/>\n<meta property=\"og:description\" content=\"Shop a 22ct gold mangalsutra with black bead chain and ornate gold connectors. Hallmarked in the UK for assured purity.\" \/>\n<meta property=\"og:url\" content=\"https:\/\/www.purejewels.com\/de\/produkt-2\/22-karat-gold-mangalsutra-31895\/\" \/>\n<meta property=\"og:site_name\" content=\"PureJewels UK\" \/>\n<meta property=\"article:modified_time\" content=\"2026-03-31T10:14:30+00:00\" \/>\n<meta property=\"og:image\" content=\"https:\/\/static.purejewels.com\/wp-content\/uploads\/2020\/10\/image187463412.jpg\" \/>\n\t<meta property=\"og:image:width\" content=\"1000\" \/>\n\t<meta property=\"og:image:height\" content=\"1000\" \/>\n\t<meta property=\"og:image:type\" content=\"image\/jpeg\" \/>\n<meta name=\"twitter:card\" content=\"summary_large_image\" \/>\n<meta name=\"twitter:label1\" content=\"Gesch\u00e4tzte Lesezeit\" \/>\n\t<meta name=\"twitter:data1\" content=\"1\u00a0Minute\" \/>\n<script type=\"application\/ld+json\" class=\"yoast-schema-graph\">{\"@context\":\"https:\\\/\\\/schema.org\",\"@graph\":[{\"@type\":[\"WebPage\",\"ItemPage\"],\"@id\":\"https:\\\/\\\/www.purejewels.com\\\/product\\\/22ct-gold-mangalsutra-31895\\\/\",\"url\":\"https:\\\/\\\/www.purejewels.com\\\/product\\\/22ct-gold-mangalsutra-31895\\\/\",\"name\":\"22ct Gold Mangalsutra with Black Beads & Gold Motifs | UK\",\"isPartOf\":{\"@id\":\"https:\\\/\\\/www.purejewels.com\\\/#website\"},\"primaryImageOfPage\":{\"@id\":\"https:\\\/\\\/www.purejewels.com\\\/product\\\/22ct-gold-mangalsutra-31895\\\/#primaryimage\"},\"image\":{\"@id\":\"https:\\\/\\\/www.purejewels.com\\\/product\\\/22ct-gold-mangalsutra-31895\\\/#primaryimage\"},\"thumbnailUrl\":\"https:\\\/\\\/static.purejewels.com\\\/wp-content\\\/uploads\\\/2020\\\/10\\\/image187463412.jpg\",\"datePublished\":\"2020-10-15T08:23:32+00:00\",\"dateModified\":\"2026-03-31T10:14:30+00:00\",\"description\":\"Shop a 22ct gold mangalsutra with black bead chain and ornate gold connectors. Hallmarked in the UK for assured purity.\",\"breadcrumb\":{\"@id\":\"https:\\\/\\\/www.purejewels.com\\\/product\\\/22ct-gold-mangalsutra-31895\\\/#breadcrumb\"},\"inLanguage\":\"de\",\"potentialAction\":[{\"@type\":\"ReadAction\",\"target\":[\"https:\\\/\\\/www.purejewels.com\\\/product\\\/22ct-gold-mangalsutra-31895\\\/\"]}]},{\"@type\":\"ImageObject\",\"inLanguage\":\"de\",\"@id\":\"https:\\\/\\\/www.purejewels.com\\\/product\\\/22ct-gold-mangalsutra-31895\\\/#primaryimage\",\"url\":\"https:\\\/\\\/static.purejewels.com\\\/wp-content\\\/uploads\\\/2020\\\/10\\\/image187463412.jpg\",\"contentUrl\":\"https:\\\/\\\/static.purejewels.com\\\/wp-content\\\/uploads\\\/2020\\\/10\\\/image187463412.jpg\",\"width\":1000,\"height\":1000,\"caption\":\"22ct Gold Mangalsutra Single line Chain YGMG105\"},{\"@type\":\"BreadcrumbList\",\"@id\":\"https:\\\/\\\/www.purejewels.com\\\/product\\\/22ct-gold-mangalsutra-31895\\\/#breadcrumb\",\"itemListElement\":[{\"@type\":\"ListItem\",\"position\":1,\"name\":\"Home\",\"item\":\"https:\\\/\\\/www.purejewels.com\\\/\"},{\"@type\":\"ListItem\",\"position\":2,\"name\":\"Shop\",\"item\":\"https:\\\/\\\/www.purejewels.com\\\/shop\\\/\"},{\"@type\":\"ListItem\",\"position\":3,\"name\":\"22ct Gold Mangalsutra with Ornate Gold Connectors\"}]},{\"@type\":\"WebSite\",\"@id\":\"https:\\\/\\\/www.purejewels.com\\\/#website\",\"url\":\"https:\\\/\\\/www.purejewels.com\\\/\",\"name\":\"PureJewels UK\",\"description\":\"Share the Love\",\"publisher\":{\"@id\":\"https:\\\/\\\/www.purejewels.com\\\/#organization\"},\"potentialAction\":[{\"@type\":\"SearchAction\",\"target\":{\"@type\":\"EntryPoint\",\"urlTemplate\":\"https:\\\/\\\/www.purejewels.com\\\/?s={search_term_string}\"},\"query-input\":{\"@type\":\"PropertyValueSpecification\",\"valueRequired\":true,\"valueName\":\"search_term_string\"}}],\"inLanguage\":\"de\"},{\"@type\":\"Organization\",\"@id\":\"https:\\\/\\\/www.purejewels.com\\\/#organization\",\"name\":\"PureJewels UK\",\"url\":\"https:\\\/\\\/www.purejewels.com\\\/\",\"logo\":{\"@type\":\"ImageObject\",\"inLanguage\":\"de\",\"@id\":\"https:\\\/\\\/www.purejewels.com\\\/#\\\/schema\\\/logo\\\/image\\\/\",\"url\":\"https:\\\/\\\/static.purejewels.com\\\/wp-content\\\/uploads\\\/2020\\\/11\\\/Logo-PJ-New-1.png\",\"contentUrl\":\"https:\\\/\\\/static.purejewels.com\\\/wp-content\\\/uploads\\\/2020\\\/11\\\/Logo-PJ-New-1.png\",\"width\":150,\"height\":80,\"caption\":\"PureJewels UK\"},\"image\":{\"@id\":\"https:\\\/\\\/www.purejewels.com\\\/#\\\/schema\\\/logo\\\/image\\\/\"}}]}<\/script>\n<!-- \/ Yoast SEO plugin. -->","yoast_head_json":{"title":"22ct Gold Mangalsutra mit schwarzen Perlen &amp; Goldmotiven | UK","description":"Kaufen Sie eine Mangalsutra aus 22 Karat Gold mit schwarzer Perlenkette und verschn\u00f6rkelten Goldanschl\u00fcssen. Gepunzt in Gro\u00dfbritannien f\u00fcr gesicherte Reinheit.","robots":{"index":"index","follow":"follow","max-snippet":"max-snippet:-1","max-image-preview":"max-image-preview:large","max-video-preview":"max-video-preview:-1"},"canonical":"https:\/\/www.purejewels.com\/de\/produkt-2\/22-karat-gold-mangalsutra-31895\/","og_locale":"de_DE","og_type":"article","og_title":"22ct Gold Mangalsutra with Black Beads & Gold Motifs | UK","og_description":"Shop a 22ct gold mangalsutra with black bead chain and ornate gold connectors. Hallmarked in the UK for assured purity.","og_url":"https:\/\/www.purejewels.com\/de\/produkt-2\/22-karat-gold-mangalsutra-31895\/","og_site_name":"PureJewels UK","article_modified_time":"2026-03-31T10:14:30+00:00","og_image":[{"width":1000,"height":1000,"url":"https:\/\/static.purejewels.com\/wp-content\/uploads\/2020\/10\/image187463412.jpg","type":"image\/jpeg"}],"twitter_card":"summary_large_image","twitter_misc":{"Gesch\u00e4tzte Lesezeit":"1\u00a0Minute"},"schema":{"@context":"https:\/\/schema.org","@graph":[{"@type":["WebPage","ItemPage"],"@id":"https:\/\/www.purejewels.com\/product\/22ct-gold-mangalsutra-31895\/","url":"https:\/\/www.purejewels.com\/product\/22ct-gold-mangalsutra-31895\/","name":"22ct Gold Mangalsutra mit schwarzen Perlen &amp; Goldmotiven | UK","isPartOf":{"@id":"https:\/\/www.purejewels.com\/#website"},"primaryImageOfPage":{"@id":"https:\/\/www.purejewels.com\/product\/22ct-gold-mangalsutra-31895\/#primaryimage"},"image":{"@id":"https:\/\/www.purejewels.com\/product\/22ct-gold-mangalsutra-31895\/#primaryimage"},"thumbnailUrl":"https:\/\/static.purejewels.com\/wp-content\/uploads\/2020\/10\/image187463412.jpg","datePublished":"2020-10-15T08:23:32+00:00","dateModified":"2026-03-31T10:14:30+00:00","description":"Kaufen Sie eine Mangalsutra aus 22 Karat Gold mit schwarzer Perlenkette und verschn\u00f6rkelten Goldanschl\u00fcssen. Gepunzt in Gro\u00dfbritannien f\u00fcr gesicherte Reinheit.","breadcrumb":{"@id":"https:\/\/www.purejewels.com\/product\/22ct-gold-mangalsutra-31895\/#breadcrumb"},"inLanguage":"de","potentialAction":[{"@type":"ReadAction","target":["https:\/\/www.purejewels.com\/product\/22ct-gold-mangalsutra-31895\/"]}]},{"@type":"ImageObject","inLanguage":"de","@id":"https:\/\/www.purejewels.com\/product\/22ct-gold-mangalsutra-31895\/#primaryimage","url":"https:\/\/static.purejewels.com\/wp-content\/uploads\/2020\/10\/image187463412.jpg","contentUrl":"https:\/\/static.purejewels.com\/wp-content\/uploads\/2020\/10\/image187463412.jpg","width":1000,"height":1000,"caption":"22ct Gold Mangalsutra Single line Chain YGMG105"},{"@type":"BreadcrumbList","@id":"https:\/\/www.purejewels.com\/product\/22ct-gold-mangalsutra-31895\/#breadcrumb","itemListElement":[{"@type":"ListItem","position":1,"name":"Home","item":"https:\/\/www.purejewels.com\/"},{"@type":"ListItem","position":2,"name":"Shop","item":"https:\/\/www.purejewels.com\/shop\/"},{"@type":"ListItem","position":3,"name":"22ct Gold Mangalsutra with Ornate Gold Connectors"}]},{"@type":"WebSite","@id":"https:\/\/www.purejewels.com\/#website","url":"https:\/\/www.purejewels.com\/","name":"PureJewels UK","description":"Teile die Liebe","publisher":{"@id":"https:\/\/www.purejewels.com\/#organization"},"potentialAction":[{"@type":"SearchAction","target":{"@type":"EntryPoint","urlTemplate":"https:\/\/www.purejewels.com\/?s={search_term_string}"},"query-input":{"@type":"PropertyValueSpecification","valueRequired":true,"valueName":"search_term_string"}}],"inLanguage":"de"},{"@type":"Organization","@id":"https:\/\/www.purejewels.com\/#organization","name":"PureJewels UK","url":"https:\/\/www.purejewels.com\/","logo":{"@type":"ImageObject","inLanguage":"de","@id":"https:\/\/www.purejewels.com\/#\/schema\/logo\/image\/","url":"https:\/\/static.purejewels.com\/wp-content\/uploads\/2020\/11\/Logo-PJ-New-1.png","contentUrl":"https:\/\/static.purejewels.com\/wp-content\/uploads\/2020\/11\/Logo-PJ-New-1.png","width":150,"height":80,"caption":"PureJewels UK"},"image":{"@id":"https:\/\/www.purejewels.com\/#\/schema\/logo\/image\/"}}]}},"_links":{"self":[{"href":"https:\/\/www.purejewels.com\/de\/wp-json\/wp\/v2\/product\/318202","targetHints":{"allow":["GET"]}}],"collection":[{"href":"https:\/\/www.purejewels.com\/de\/wp-json\/wp\/v2\/product"}],"about":[{"href":"https:\/\/www.purejewels.com\/de\/wp-json\/wp\/v2\/types\/product"}],"replies":[{"embeddable":true,"href":"https:\/\/www.purejewels.com\/de\/wp-json\/wp\/v2\/comments?post=318202"}],"version-history":[{"count":1,"href":"https:\/\/www.purejewels.com\/de\/wp-json\/wp\/v2\/product\/318202\/revisions"}],"predecessor-version":[{"id":427917,"href":"https:\/\/www.purejewels.com\/de\/wp-json\/wp\/v2\/product\/318202\/revisions\/427917"}],"wp:featuredmedia":[{"embeddable":true,"href":"https:\/\/www.purejewels.com\/de\/wp-json\/wp\/v2\/media\/318204"}],"wp:attachment":[{"href":"https:\/\/www.purejewels.com\/de\/wp-json\/wp\/v2\/media?parent=318202"}],"wp:term":[{"taxonomy":"product_brand","embeddable":true,"href":"https:\/\/www.purejewels.com\/de\/wp-json\/wp\/v2\/product_brand?post=318202"},{"taxonomy":"product_cat","embeddable":true,"href":"https:\/\/www.purejewels.com\/de\/wp-json\/wp\/v2\/product_cat?post=318202"},{"taxonomy":"product_tag","embeddable":true,"href":"https:\/\/www.purejewels.com\/de\/wp-json\/wp\/v2\/product_tag?post=318202"}],"curies":[{"name":"wp","href":"https:\/\/api.w.org\/{rel}","templated":true}]}}