{"id":318291,"date":"2020-10-19T09:00:26","date_gmt":"2020-10-19T08:00:26","guid":{"rendered":"https:\/\/www.purejewels.com\/product\/22ct-gold-ring-2-5gm\/"},"modified":"2021-11-21T18:47:35","modified_gmt":"2021-11-21T18:47:35","slug":"ring-aus-22-karat-gold-33221","status":"publish","type":"product","link":"https:\/\/www.purejewels.com\/de\/product\/22-carat-gold-ring-33221\/","title":{"rendered":"22 Karat Gold Ring"},"content":{"rendered":"<p>Die Errungenschaften von heute sollten mit kleinen Gesten markiert werden. Sie wirken motivierend und halten Sie auf dem Weg des Wachstums. Und nicht nur das: Sie werden zu pers\u00f6nlichen Erbst\u00fccken, wenn Sie in der Zukunft auf Ihre vergangenen Leistungen zur\u00fcckblicken. Wenn Sie also auf der Suche nach einer Geste sind, mit der Sie sich selbst oder Ihre\/n Partner\/in verw\u00f6hnen k\u00f6nnen, k\u00f6nnte dies genau das Richtige sein.<\/p>\n<p>Diese 22 K <a href=\"https:\/\/www.purejewels.com\/de\/product\/22ct-gold-ladies-ring-size-k1-2-46827\/\">Goldring<\/a> von Purejewels ist immergr\u00fcn und elegant. Die 22 K Ring wurde fein von Hand in 22K Gelbgold gefertigt, gleichm\u00e4\u00dfig poliert und poliert alle um seine Oberfl\u00e4chen zusammen mit allen Seiten um die Spannzange. Danach wurde die Spannzange sch\u00f6n und allm\u00e4hlich aus dem Schaft herausgearbeitet. Die Mitte des Bandes ist mit einem fein geschliffenen Zirkonia besetzt, der einen fast identischen Reiz wie ein nat\u00fcrlicher Diamant hat.<\/p>\n<p>Dieser elegante Ring aus 22-kar\u00e4tigem Gold f\u00fcr Damen passt zu all Ihren Looks und wird zu einem Teil Ihres Alltags, und was noch wichtiger ist, er wird ein Teil von Ihnen. Lassen Sie diesen Ring heute ein Teil Ihrer Gegenwart und Zukunft werden, w\u00e4hrend er Sie immer mit Ihrem j\u00fcngeren Selbst in Verbindung h\u00e4lt.<\/p>","protected":false},"excerpt":{"rendered":"<ul>\n<li>22ct\u00a0<span id=\"urn:enhancement-3ce44e1c\" class=\"textannotation disambiguated wl-thing\">Indischer Goldring<\/span>\u00a0Besetzt mit Cz-Steinen<\/li>\n<li><span id=\"urn:enhancement-27a9b57d\" class=\"textannotation disambiguated wl-thing\">Gewicht 2,5<\/span><\/li>\n<li><span id=\"urn:enhancement-3ca7a330\" class=\"textannotation\">Ringgr\u00f6\u00dfe<\/span> ist L 1\/2<\/li>\n<li>Sku 33221<\/li>\n<li>Gepunzt von London Assay Office<\/li>\n<li>Mit Pr\u00e4sentationsbox<\/li>\n<li>Lieferung inbegriffen<\/li>\n<li>Alle Preise inklusive Mehrwertsteuer<\/li>\n<li>Live-Chat mit uns f\u00fcr die Verf\u00fcgbarkeit und mehr Bilder von \u00e4hnlichen Designs derzeit auf Lager<\/li>\n<\/ul>","protected":false},"featured_media":318293,"comment_status":"closed","ping_status":"closed","template":"","meta":{"_eb_attr":"","_crsspst_to_jayantr4sg-hostcom":false},"product_brand":[],"product_cat":[1791,1559,1235,1783,1786,1574],"product_tag":[],"class_list":{"0":"post-318291","1":"product","2":"type-product","3":"status-publish","4":"has-post-thumbnail","6":"product_cat-anniversary-gifts","7":"product_cat-birthday-gifts","8":"product_cat-gold-rings","9":"product_cat-ladies-rings","10":"product_cat-occasional-wear-rings","11":"product_cat-womens-jewellery","13":"first","14":"outofstock","15":"taxable","16":"shipping-taxable","17":"product-type-simple","18":"add-to-wishlist-before_image"},"yoast_head":"<!-- This site is optimized with the Yoast SEO plugin v27.3 - https:\/\/yoast.com\/product\/yoast-seo-wordpress\/ -->\n<title>Shop this stunning 22ct Gold Ring with CZ Stone at PureJewes UK<\/title>\n<meta name=\"description\" content=\"Explore a simple &amp; elegant collection of 22ct yellow gold rings in the UK. Buy this beautiful CZ Stone-studded gold ring. Fast delivery &amp; easy returns.\" \/>\n<meta name=\"robots\" content=\"index, follow, max-snippet:-1, max-image-preview:large, max-video-preview:-1\" \/>\n<link rel=\"canonical\" href=\"https:\/\/www.purejewels.com\/de\/produkt-2\/ring-aus-22-karat-gold-33221\/\" \/>\n<meta property=\"og:locale\" content=\"de_DE\" \/>\n<meta property=\"og:type\" content=\"article\" \/>\n<meta property=\"og:title\" content=\"Shop this stunning 22ct Gold Ring with CZ Stone at PureJewes UK\" \/>\n<meta property=\"og:description\" content=\"Explore a simple &amp; elegant collection of 22ct yellow gold rings in the UK. Buy this beautiful CZ Stone-studded gold ring. Fast delivery &amp; easy returns.\" \/>\n<meta property=\"og:url\" content=\"https:\/\/www.purejewels.com\/de\/produkt-2\/ring-aus-22-karat-gold-33221\/\" \/>\n<meta property=\"og:site_name\" content=\"PureJewels UK\" \/>\n<meta property=\"article:modified_time\" content=\"2021-11-21T18:47:35+00:00\" \/>\n<meta property=\"og:image\" content=\"https:\/\/www.purejewels.com\/wp-content\/uploads\/2020\/10\/image187688648.jpg\" \/>\n\t<meta property=\"og:image:width\" content=\"1000\" \/>\n\t<meta property=\"og:image:height\" content=\"1000\" \/>\n\t<meta property=\"og:image:type\" content=\"image\/jpeg\" \/>\n<meta name=\"twitter:card\" content=\"summary_large_image\" \/>\n<meta name=\"twitter:label1\" content=\"Gesch\u00e4tzte Lesezeit\" \/>\n\t<meta name=\"twitter:data1\" content=\"1\u00a0Minute\" \/>\n<script type=\"application\/ld+json\" class=\"yoast-schema-graph\">{\"@context\":\"https:\\\/\\\/schema.org\",\"@graph\":[{\"@type\":[\"WebPage\",\"ItemPage\"],\"@id\":\"https:\\\/\\\/www.purejewels.com\\\/product\\\/22-carat-gold-ring-33221\\\/\",\"url\":\"https:\\\/\\\/www.purejewels.com\\\/product\\\/22-carat-gold-ring-33221\\\/\",\"name\":\"Shop this stunning 22ct Gold Ring with CZ Stone at PureJewes UK\",\"isPartOf\":{\"@id\":\"https:\\\/\\\/www.purejewels.com\\\/#website\"},\"primaryImageOfPage\":{\"@id\":\"https:\\\/\\\/www.purejewels.com\\\/product\\\/22-carat-gold-ring-33221\\\/#primaryimage\"},\"image\":{\"@id\":\"https:\\\/\\\/www.purejewels.com\\\/product\\\/22-carat-gold-ring-33221\\\/#primaryimage\"},\"thumbnailUrl\":\"https:\\\/\\\/static.purejewels.com\\\/wp-content\\\/uploads\\\/2020\\\/10\\\/image187688648.jpg\",\"datePublished\":\"2020-10-19T08:00:26+00:00\",\"dateModified\":\"2021-11-21T18:47:35+00:00\",\"description\":\"Explore a simple & elegant collection of 22ct yellow gold rings in the UK. Buy this beautiful CZ Stone-studded gold ring. Fast delivery & easy returns.\",\"breadcrumb\":{\"@id\":\"https:\\\/\\\/www.purejewels.com\\\/product\\\/22-carat-gold-ring-33221\\\/#breadcrumb\"},\"inLanguage\":\"de\",\"potentialAction\":[{\"@type\":\"ReadAction\",\"target\":[\"https:\\\/\\\/www.purejewels.com\\\/product\\\/22-carat-gold-ring-33221\\\/\"]}]},{\"@type\":\"ImageObject\",\"inLanguage\":\"de\",\"@id\":\"https:\\\/\\\/www.purejewels.com\\\/product\\\/22-carat-gold-ring-33221\\\/#primaryimage\",\"url\":\"https:\\\/\\\/static.purejewels.com\\\/wp-content\\\/uploads\\\/2020\\\/10\\\/image187688648.jpg\",\"contentUrl\":\"https:\\\/\\\/static.purejewels.com\\\/wp-content\\\/uploads\\\/2020\\\/10\\\/image187688648.jpg\",\"width\":1000,\"height\":1000,\"caption\":\"22ct Gold Light Single Stone (Round Shape) Ring YGLR250\"},{\"@type\":\"BreadcrumbList\",\"@id\":\"https:\\\/\\\/www.purejewels.com\\\/product\\\/22-carat-gold-ring-33221\\\/#breadcrumb\",\"itemListElement\":[{\"@type\":\"ListItem\",\"position\":1,\"name\":\"Home\",\"item\":\"https:\\\/\\\/www.purejewels.com\\\/\"},{\"@type\":\"ListItem\",\"position\":2,\"name\":\"Shop\",\"item\":\"https:\\\/\\\/www.purejewels.com\\\/shop\\\/\"},{\"@type\":\"ListItem\",\"position\":3,\"name\":\"22 carat Gold Ring\"}]},{\"@type\":\"WebSite\",\"@id\":\"https:\\\/\\\/www.purejewels.com\\\/#website\",\"url\":\"https:\\\/\\\/www.purejewels.com\\\/\",\"name\":\"PureJewels UK\",\"description\":\"Share the Love\",\"publisher\":{\"@id\":\"https:\\\/\\\/www.purejewels.com\\\/#organization\"},\"potentialAction\":[{\"@type\":\"SearchAction\",\"target\":{\"@type\":\"EntryPoint\",\"urlTemplate\":\"https:\\\/\\\/www.purejewels.com\\\/?s={search_term_string}\"},\"query-input\":{\"@type\":\"PropertyValueSpecification\",\"valueRequired\":true,\"valueName\":\"search_term_string\"}}],\"inLanguage\":\"de\"},{\"@type\":\"Organization\",\"@id\":\"https:\\\/\\\/www.purejewels.com\\\/#organization\",\"name\":\"PureJewels UK\",\"url\":\"https:\\\/\\\/www.purejewels.com\\\/\",\"logo\":{\"@type\":\"ImageObject\",\"inLanguage\":\"de\",\"@id\":\"https:\\\/\\\/www.purejewels.com\\\/#\\\/schema\\\/logo\\\/image\\\/\",\"url\":\"https:\\\/\\\/static.purejewels.com\\\/wp-content\\\/uploads\\\/2020\\\/11\\\/Logo-PJ-New-1.png\",\"contentUrl\":\"https:\\\/\\\/static.purejewels.com\\\/wp-content\\\/uploads\\\/2020\\\/11\\\/Logo-PJ-New-1.png\",\"width\":150,\"height\":80,\"caption\":\"PureJewels UK\"},\"image\":{\"@id\":\"https:\\\/\\\/www.purejewels.com\\\/#\\\/schema\\\/logo\\\/image\\\/\"}}]}<\/script>\n<!-- \/ Yoast SEO plugin. -->","yoast_head_json":{"title":"Kaufen Sie diesen atemberaubenden 22ct Gold Ring mit CZ Stein bei PureJewes UK","description":"Entdecken Sie eine schlichte und elegante Kollektion von Ringen aus 22 Karat Gelbgold in Gro\u00dfbritannien. Kaufen Sie diesen sch\u00f6nen, mit CZ-Steinen besetzten Goldring. Schnelle Lieferung &amp; einfache R\u00fcckgabe.","robots":{"index":"index","follow":"follow","max-snippet":"max-snippet:-1","max-image-preview":"max-image-preview:large","max-video-preview":"max-video-preview:-1"},"canonical":"https:\/\/www.purejewels.com\/de\/produkt-2\/ring-aus-22-karat-gold-33221\/","og_locale":"de_DE","og_type":"article","og_title":"Shop this stunning 22ct Gold Ring with CZ Stone at PureJewes UK","og_description":"Explore a simple & elegant collection of 22ct yellow gold rings in the UK. Buy this beautiful CZ Stone-studded gold ring. Fast delivery & easy returns.","og_url":"https:\/\/www.purejewels.com\/de\/produkt-2\/ring-aus-22-karat-gold-33221\/","og_site_name":"PureJewels UK","article_modified_time":"2021-11-21T18:47:35+00:00","og_image":[{"width":1000,"height":1000,"url":"https:\/\/www.purejewels.com\/wp-content\/uploads\/2020\/10\/image187688648.jpg","type":"image\/jpeg"}],"twitter_card":"summary_large_image","twitter_misc":{"Gesch\u00e4tzte Lesezeit":"1\u00a0Minute"},"schema":{"@context":"https:\/\/schema.org","@graph":[{"@type":["WebPage","ItemPage"],"@id":"https:\/\/www.purejewels.com\/product\/22-carat-gold-ring-33221\/","url":"https:\/\/www.purejewels.com\/product\/22-carat-gold-ring-33221\/","name":"Kaufen Sie diesen atemberaubenden 22ct Gold Ring mit CZ Stein bei PureJewes UK","isPartOf":{"@id":"https:\/\/www.purejewels.com\/#website"},"primaryImageOfPage":{"@id":"https:\/\/www.purejewels.com\/product\/22-carat-gold-ring-33221\/#primaryimage"},"image":{"@id":"https:\/\/www.purejewels.com\/product\/22-carat-gold-ring-33221\/#primaryimage"},"thumbnailUrl":"https:\/\/static.purejewels.com\/wp-content\/uploads\/2020\/10\/image187688648.jpg","datePublished":"2020-10-19T08:00:26+00:00","dateModified":"2021-11-21T18:47:35+00:00","description":"Entdecken Sie eine schlichte und elegante Kollektion von Ringen aus 22 Karat Gelbgold in Gro\u00dfbritannien. Kaufen Sie diesen sch\u00f6nen, mit CZ-Steinen besetzten Goldring. Schnelle Lieferung &amp; einfache R\u00fcckgabe.","breadcrumb":{"@id":"https:\/\/www.purejewels.com\/product\/22-carat-gold-ring-33221\/#breadcrumb"},"inLanguage":"de","potentialAction":[{"@type":"ReadAction","target":["https:\/\/www.purejewels.com\/product\/22-carat-gold-ring-33221\/"]}]},{"@type":"ImageObject","inLanguage":"de","@id":"https:\/\/www.purejewels.com\/product\/22-carat-gold-ring-33221\/#primaryimage","url":"https:\/\/static.purejewels.com\/wp-content\/uploads\/2020\/10\/image187688648.jpg","contentUrl":"https:\/\/static.purejewels.com\/wp-content\/uploads\/2020\/10\/image187688648.jpg","width":1000,"height":1000,"caption":"22ct Gold Light Single Stone (Round Shape) Ring YGLR250"},{"@type":"BreadcrumbList","@id":"https:\/\/www.purejewels.com\/product\/22-carat-gold-ring-33221\/#breadcrumb","itemListElement":[{"@type":"ListItem","position":1,"name":"Home","item":"https:\/\/www.purejewels.com\/"},{"@type":"ListItem","position":2,"name":"Shop","item":"https:\/\/www.purejewels.com\/shop\/"},{"@type":"ListItem","position":3,"name":"22 carat Gold Ring"}]},{"@type":"WebSite","@id":"https:\/\/www.purejewels.com\/#website","url":"https:\/\/www.purejewels.com\/","name":"PureJewels UK","description":"Teile die Liebe","publisher":{"@id":"https:\/\/www.purejewels.com\/#organization"},"potentialAction":[{"@type":"SearchAction","target":{"@type":"EntryPoint","urlTemplate":"https:\/\/www.purejewels.com\/?s={search_term_string}"},"query-input":{"@type":"PropertyValueSpecification","valueRequired":true,"valueName":"search_term_string"}}],"inLanguage":"de"},{"@type":"Organization","@id":"https:\/\/www.purejewels.com\/#organization","name":"PureJewels UK","url":"https:\/\/www.purejewels.com\/","logo":{"@type":"ImageObject","inLanguage":"de","@id":"https:\/\/www.purejewels.com\/#\/schema\/logo\/image\/","url":"https:\/\/static.purejewels.com\/wp-content\/uploads\/2020\/11\/Logo-PJ-New-1.png","contentUrl":"https:\/\/static.purejewels.com\/wp-content\/uploads\/2020\/11\/Logo-PJ-New-1.png","width":150,"height":80,"caption":"PureJewels UK"},"image":{"@id":"https:\/\/www.purejewels.com\/#\/schema\/logo\/image\/"}}]}},"_links":{"self":[{"href":"https:\/\/www.purejewels.com\/de\/wp-json\/wp\/v2\/product\/318291","targetHints":{"allow":["GET"]}}],"collection":[{"href":"https:\/\/www.purejewels.com\/de\/wp-json\/wp\/v2\/product"}],"about":[{"href":"https:\/\/www.purejewels.com\/de\/wp-json\/wp\/v2\/types\/product"}],"replies":[{"embeddable":true,"href":"https:\/\/www.purejewels.com\/de\/wp-json\/wp\/v2\/comments?post=318291"}],"version-history":[{"count":0,"href":"https:\/\/www.purejewels.com\/de\/wp-json\/wp\/v2\/product\/318291\/revisions"}],"wp:featuredmedia":[{"embeddable":true,"href":"https:\/\/www.purejewels.com\/de\/wp-json\/wp\/v2\/media\/318293"}],"wp:attachment":[{"href":"https:\/\/www.purejewels.com\/de\/wp-json\/wp\/v2\/media?parent=318291"}],"wp:term":[{"taxonomy":"product_brand","embeddable":true,"href":"https:\/\/www.purejewels.com\/de\/wp-json\/wp\/v2\/product_brand?post=318291"},{"taxonomy":"product_cat","embeddable":true,"href":"https:\/\/www.purejewels.com\/de\/wp-json\/wp\/v2\/product_cat?post=318291"},{"taxonomy":"product_tag","embeddable":true,"href":"https:\/\/www.purejewels.com\/de\/wp-json\/wp\/v2\/product_tag?post=318291"}],"curies":[{"name":"wp","href":"https:\/\/api.w.org\/{rel}","templated":true}]}}