{"id":318355,"date":"2020-10-20T05:54:31","date_gmt":"2020-10-20T04:54:31","guid":{"rendered":"https:\/\/www.purejewels.com\/product\/jali-collection-22ct-gold-ring-3-3gm\/"},"modified":"2026-01-07T06:43:30","modified_gmt":"2026-01-07T06:43:30","slug":"jali-22ct-gold-spiralformiger-filigraner-ring-33365","status":"publish","type":"product","link":"https:\/\/www.purejewels.com\/de\/product\/jali-22ct-gold-spiral-filigree-ring-33365\/","title":{"rendered":"Jali 22ct Gold Spirale Filigraner Ring"},"content":{"rendered":"<p>Wir stellen den exquisiten Jali 22ct Gold Spiral Filigree Ring vor, ein atemberaubendes St\u00fcck aus unserer Jali Filigree Kollektion. Dieser komplizierte Ring verf\u00fcgt \u00fcber ein wundersch\u00f6nes filigranes Design, gefertigt aus 22 Karat Gold f\u00fcr ein luxuri\u00f6ses Finish. Das spiralf\u00f6rmige Design verleiht diesem Schmuckst\u00fcck einen Hauch von Eleganz und Raffinesse und macht es zum perfekten Accessoire f\u00fcr jeden Anlass.<\/p>\n<p>Dieser Ring ist in der Gr\u00f6\u00dfe L1\/2 erh\u00e4ltlich und wiegt 3,3 Gramm, was ihn zu einer bequemen und leichten Option f\u00fcr das t\u00e4gliche Tragen macht. Jeder Ring ist vom London Assay Office gepunzt, um seine Echtheit und Qualit\u00e4t zu gew\u00e4hrleisten. Der Ring wird in einer sch\u00f6nen Pr\u00e4sentationsbox geliefert und ist somit ein ideales Geschenk f\u00fcr einen lieben Menschen.<\/p>\n<p>Kaufen Sie im Vertrauen darauf ein, dass Ihr Kauf gesch\u00fctzt und sicher ist. Verpassen Sie nicht diesen atemberaubenden Jali 22ct Gold Spiral Filigree Ring - bestellen Sie ihn noch heute!<\/p>","protected":false},"excerpt":{"rendered":"<ul>\n<li>22ct Gold Damenring mit filigranem Design<\/li>\n<li>Ring Gr\u00f6\u00dfe. L 1\/2<\/li>\n<li>Ring-Gewicht 3,3 g.<\/li>\n<li>SKU.  33365<\/li>\n<li>22ct Gold gestempelt von London Assay Office<\/li>\n<li>Mit Pr\u00e4sentationsbox<\/li>\n<li>Lieferung inbegriffen<\/li>\n<li>Alle Preise inklusive Mehrwertsteuer<\/li>\n<li>Live-Chat mit uns f\u00fcr die Verf\u00fcgbarkeit und mehr Bilder von \u00e4hnlichen Designs derzeit auf Lager<\/li>\n<\/ul>","protected":false},"featured_media":318357,"comment_status":"closed","ping_status":"closed","template":"","meta":{"_eb_attr":"","_crsspst_to_jayantr4sg-hostcom":true},"product_brand":[],"product_cat":[1785,252,1783,1574],"product_tag":[],"class_list":{"0":"post-318355","1":"product","2":"type-product","3":"status-publish","4":"has-post-thumbnail","6":"product_cat-daily-wear-rings","7":"product_cat-jali-collections","8":"product_cat-ladies-rings","9":"product_cat-womens-jewellery","11":"first","12":"outofstock","13":"sale","14":"taxable","15":"shipping-taxable","16":"product-type-simple","17":"add-to-wishlist-before_image"},"yoast_head":"<!-- This site is optimized with the Yoast SEO plugin v27.3 - https:\/\/yoast.com\/product\/yoast-seo-wordpress\/ -->\n<title>Jali 22ct Gold Spiral Filigree Ring | Size L1\/2 | PureJewels UK<\/title>\n<meta name=\"description\" content=\"Order your Jali 22ct gold spiral filigree ring in size L1\/2 today and add a touch of luxury to your look! Free delivery across UK.\" \/>\n<meta name=\"robots\" content=\"index, follow, max-snippet:-1, max-image-preview:large, max-video-preview:-1\" \/>\n<link rel=\"canonical\" href=\"https:\/\/www.purejewels.com\/de\/produkt-2\/jali-22ct-gold-spiralformiger-filigraner-ring-33365\/\" \/>\n<meta property=\"og:locale\" content=\"de_DE\" \/>\n<meta property=\"og:type\" content=\"article\" \/>\n<meta property=\"og:title\" content=\"Jali 22ct Gold Spiral Filigree Ring | Size L1\/2 | PureJewels UK\" \/>\n<meta property=\"og:description\" content=\"Order your Jali 22ct gold spiral filigree ring in size L1\/2 today and add a touch of luxury to your look! Free delivery across UK.\" \/>\n<meta property=\"og:url\" content=\"https:\/\/www.purejewels.com\/de\/produkt-2\/jali-22ct-gold-spiralformiger-filigraner-ring-33365\/\" \/>\n<meta property=\"og:site_name\" content=\"PureJewels UK\" \/>\n<meta property=\"article:modified_time\" content=\"2026-01-07T06:43:30+00:00\" \/>\n<meta property=\"og:image\" content=\"https:\/\/www.purejewels.com\/wp-content\/uploads\/2020\/10\/image187765824.jpg\" \/>\n\t<meta property=\"og:image:width\" content=\"1000\" \/>\n\t<meta property=\"og:image:height\" content=\"1000\" \/>\n\t<meta property=\"og:image:type\" content=\"image\/jpeg\" \/>\n<meta name=\"twitter:card\" content=\"summary_large_image\" \/>\n<meta name=\"twitter:label1\" content=\"Gesch\u00e4tzte Lesezeit\" \/>\n\t<meta name=\"twitter:data1\" content=\"1\u00a0Minute\" \/>\n<script type=\"application\/ld+json\" class=\"yoast-schema-graph\">{\"@context\":\"https:\\\/\\\/schema.org\",\"@graph\":[{\"@type\":[\"WebPage\",\"ItemPage\"],\"@id\":\"https:\\\/\\\/www.purejewels.com\\\/product\\\/jali-22ct-gold-spiral-filigree-ring-33365\\\/\",\"url\":\"https:\\\/\\\/www.purejewels.com\\\/product\\\/jali-22ct-gold-spiral-filigree-ring-33365\\\/\",\"name\":\"Jali 22ct Gold Spiral Filigree Ring | Size L1\\\/2 | PureJewels UK\",\"isPartOf\":{\"@id\":\"https:\\\/\\\/www.purejewels.com\\\/#website\"},\"primaryImageOfPage\":{\"@id\":\"https:\\\/\\\/www.purejewels.com\\\/product\\\/jali-22ct-gold-spiral-filigree-ring-33365\\\/#primaryimage\"},\"image\":{\"@id\":\"https:\\\/\\\/www.purejewels.com\\\/product\\\/jali-22ct-gold-spiral-filigree-ring-33365\\\/#primaryimage\"},\"thumbnailUrl\":\"https:\\\/\\\/static.purejewels.com\\\/wp-content\\\/uploads\\\/2020\\\/10\\\/image187765824.jpg\",\"datePublished\":\"2020-10-20T04:54:31+00:00\",\"dateModified\":\"2026-01-07T06:43:30+00:00\",\"description\":\"Order your Jali 22ct gold spiral filigree ring in size L1\\\/2 today and add a touch of luxury to your look! Free delivery across UK.\",\"breadcrumb\":{\"@id\":\"https:\\\/\\\/www.purejewels.com\\\/product\\\/jali-22ct-gold-spiral-filigree-ring-33365\\\/#breadcrumb\"},\"inLanguage\":\"de\",\"potentialAction\":[{\"@type\":\"ReadAction\",\"target\":[\"https:\\\/\\\/www.purejewels.com\\\/product\\\/jali-22ct-gold-spiral-filigree-ring-33365\\\/\"]}]},{\"@type\":\"ImageObject\",\"inLanguage\":\"de\",\"@id\":\"https:\\\/\\\/www.purejewels.com\\\/product\\\/jali-22ct-gold-spiral-filigree-ring-33365\\\/#primaryimage\",\"url\":\"https:\\\/\\\/static.purejewels.com\\\/wp-content\\\/uploads\\\/2020\\\/10\\\/image187765824.jpg\",\"contentUrl\":\"https:\\\/\\\/static.purejewels.com\\\/wp-content\\\/uploads\\\/2020\\\/10\\\/image187765824.jpg\",\"width\":1000,\"height\":1000,\"caption\":\"Jali 22ct Light Spiral Filigree Ring JLRG632\"},{\"@type\":\"BreadcrumbList\",\"@id\":\"https:\\\/\\\/www.purejewels.com\\\/product\\\/jali-22ct-gold-spiral-filigree-ring-33365\\\/#breadcrumb\",\"itemListElement\":[{\"@type\":\"ListItem\",\"position\":1,\"name\":\"Home\",\"item\":\"https:\\\/\\\/www.purejewels.com\\\/\"},{\"@type\":\"ListItem\",\"position\":2,\"name\":\"Shop\",\"item\":\"https:\\\/\\\/www.purejewels.com\\\/shop\\\/\"},{\"@type\":\"ListItem\",\"position\":3,\"name\":\"Jali 22ct Gold Spiral Filigree Ring\"}]},{\"@type\":\"WebSite\",\"@id\":\"https:\\\/\\\/www.purejewels.com\\\/#website\",\"url\":\"https:\\\/\\\/www.purejewels.com\\\/\",\"name\":\"PureJewels UK\",\"description\":\"Share the Love\",\"publisher\":{\"@id\":\"https:\\\/\\\/www.purejewels.com\\\/#organization\"},\"potentialAction\":[{\"@type\":\"SearchAction\",\"target\":{\"@type\":\"EntryPoint\",\"urlTemplate\":\"https:\\\/\\\/www.purejewels.com\\\/?s={search_term_string}\"},\"query-input\":{\"@type\":\"PropertyValueSpecification\",\"valueRequired\":true,\"valueName\":\"search_term_string\"}}],\"inLanguage\":\"de\"},{\"@type\":\"Organization\",\"@id\":\"https:\\\/\\\/www.purejewels.com\\\/#organization\",\"name\":\"PureJewels UK\",\"url\":\"https:\\\/\\\/www.purejewels.com\\\/\",\"logo\":{\"@type\":\"ImageObject\",\"inLanguage\":\"de\",\"@id\":\"https:\\\/\\\/www.purejewels.com\\\/#\\\/schema\\\/logo\\\/image\\\/\",\"url\":\"https:\\\/\\\/static.purejewels.com\\\/wp-content\\\/uploads\\\/2020\\\/11\\\/Logo-PJ-New-1.png\",\"contentUrl\":\"https:\\\/\\\/static.purejewels.com\\\/wp-content\\\/uploads\\\/2020\\\/11\\\/Logo-PJ-New-1.png\",\"width\":150,\"height\":80,\"caption\":\"PureJewels UK\"},\"image\":{\"@id\":\"https:\\\/\\\/www.purejewels.com\\\/#\\\/schema\\\/logo\\\/image\\\/\"}}]}<\/script>\n<!-- \/ Yoast SEO plugin. -->","yoast_head_json":{"title":"Jali 22ct Gold Spirale Filigran Ring | Gr\u00f6\u00dfe L1\/2 | PureJewels UK","description":"Bestellen Sie noch heute Ihren filigranen Jali-Ring aus 22 Karat Gold in der Gr\u00f6\u00dfe L1\/2 und verleihen Sie Ihrem Look einen Hauch von Luxus! Kostenlose Lieferung in ganz Gro\u00dfbritannien.","robots":{"index":"index","follow":"follow","max-snippet":"max-snippet:-1","max-image-preview":"max-image-preview:large","max-video-preview":"max-video-preview:-1"},"canonical":"https:\/\/www.purejewels.com\/de\/produkt-2\/jali-22ct-gold-spiralformiger-filigraner-ring-33365\/","og_locale":"de_DE","og_type":"article","og_title":"Jali 22ct Gold Spiral Filigree Ring | Size L1\/2 | PureJewels UK","og_description":"Order your Jali 22ct gold spiral filigree ring in size L1\/2 today and add a touch of luxury to your look! Free delivery across UK.","og_url":"https:\/\/www.purejewels.com\/de\/produkt-2\/jali-22ct-gold-spiralformiger-filigraner-ring-33365\/","og_site_name":"PureJewels UK","article_modified_time":"2026-01-07T06:43:30+00:00","og_image":[{"width":1000,"height":1000,"url":"https:\/\/www.purejewels.com\/wp-content\/uploads\/2020\/10\/image187765824.jpg","type":"image\/jpeg"}],"twitter_card":"summary_large_image","twitter_misc":{"Gesch\u00e4tzte Lesezeit":"1\u00a0Minute"},"schema":{"@context":"https:\/\/schema.org","@graph":[{"@type":["WebPage","ItemPage"],"@id":"https:\/\/www.purejewels.com\/product\/jali-22ct-gold-spiral-filigree-ring-33365\/","url":"https:\/\/www.purejewels.com\/product\/jali-22ct-gold-spiral-filigree-ring-33365\/","name":"Jali 22ct Gold Spirale Filigran Ring | Gr\u00f6\u00dfe L1\/2 | PureJewels UK","isPartOf":{"@id":"https:\/\/www.purejewels.com\/#website"},"primaryImageOfPage":{"@id":"https:\/\/www.purejewels.com\/product\/jali-22ct-gold-spiral-filigree-ring-33365\/#primaryimage"},"image":{"@id":"https:\/\/www.purejewels.com\/product\/jali-22ct-gold-spiral-filigree-ring-33365\/#primaryimage"},"thumbnailUrl":"https:\/\/static.purejewels.com\/wp-content\/uploads\/2020\/10\/image187765824.jpg","datePublished":"2020-10-20T04:54:31+00:00","dateModified":"2026-01-07T06:43:30+00:00","description":"Bestellen Sie noch heute Ihren filigranen Jali-Ring aus 22 Karat Gold in der Gr\u00f6\u00dfe L1\/2 und verleihen Sie Ihrem Look einen Hauch von Luxus! Kostenlose Lieferung in ganz Gro\u00dfbritannien.","breadcrumb":{"@id":"https:\/\/www.purejewels.com\/product\/jali-22ct-gold-spiral-filigree-ring-33365\/#breadcrumb"},"inLanguage":"de","potentialAction":[{"@type":"ReadAction","target":["https:\/\/www.purejewels.com\/product\/jali-22ct-gold-spiral-filigree-ring-33365\/"]}]},{"@type":"ImageObject","inLanguage":"de","@id":"https:\/\/www.purejewels.com\/product\/jali-22ct-gold-spiral-filigree-ring-33365\/#primaryimage","url":"https:\/\/static.purejewels.com\/wp-content\/uploads\/2020\/10\/image187765824.jpg","contentUrl":"https:\/\/static.purejewels.com\/wp-content\/uploads\/2020\/10\/image187765824.jpg","width":1000,"height":1000,"caption":"Jali 22ct Light Spiral Filigree Ring JLRG632"},{"@type":"BreadcrumbList","@id":"https:\/\/www.purejewels.com\/product\/jali-22ct-gold-spiral-filigree-ring-33365\/#breadcrumb","itemListElement":[{"@type":"ListItem","position":1,"name":"Home","item":"https:\/\/www.purejewels.com\/"},{"@type":"ListItem","position":2,"name":"Shop","item":"https:\/\/www.purejewels.com\/shop\/"},{"@type":"ListItem","position":3,"name":"Jali 22ct Gold Spiral Filigree Ring"}]},{"@type":"WebSite","@id":"https:\/\/www.purejewels.com\/#website","url":"https:\/\/www.purejewels.com\/","name":"PureJewels UK","description":"Teile die Liebe","publisher":{"@id":"https:\/\/www.purejewels.com\/#organization"},"potentialAction":[{"@type":"SearchAction","target":{"@type":"EntryPoint","urlTemplate":"https:\/\/www.purejewels.com\/?s={search_term_string}"},"query-input":{"@type":"PropertyValueSpecification","valueRequired":true,"valueName":"search_term_string"}}],"inLanguage":"de"},{"@type":"Organization","@id":"https:\/\/www.purejewels.com\/#organization","name":"PureJewels UK","url":"https:\/\/www.purejewels.com\/","logo":{"@type":"ImageObject","inLanguage":"de","@id":"https:\/\/www.purejewels.com\/#\/schema\/logo\/image\/","url":"https:\/\/static.purejewels.com\/wp-content\/uploads\/2020\/11\/Logo-PJ-New-1.png","contentUrl":"https:\/\/static.purejewels.com\/wp-content\/uploads\/2020\/11\/Logo-PJ-New-1.png","width":150,"height":80,"caption":"PureJewels UK"},"image":{"@id":"https:\/\/www.purejewels.com\/#\/schema\/logo\/image\/"}}]}},"_links":{"self":[{"href":"https:\/\/www.purejewels.com\/de\/wp-json\/wp\/v2\/product\/318355","targetHints":{"allow":["GET"]}}],"collection":[{"href":"https:\/\/www.purejewels.com\/de\/wp-json\/wp\/v2\/product"}],"about":[{"href":"https:\/\/www.purejewels.com\/de\/wp-json\/wp\/v2\/types\/product"}],"replies":[{"embeddable":true,"href":"https:\/\/www.purejewels.com\/de\/wp-json\/wp\/v2\/comments?post=318355"}],"version-history":[{"count":3,"href":"https:\/\/www.purejewels.com\/de\/wp-json\/wp\/v2\/product\/318355\/revisions"}],"predecessor-version":[{"id":420445,"href":"https:\/\/www.purejewels.com\/de\/wp-json\/wp\/v2\/product\/318355\/revisions\/420445"}],"wp:featuredmedia":[{"embeddable":true,"href":"https:\/\/www.purejewels.com\/de\/wp-json\/wp\/v2\/media\/318357"}],"wp:attachment":[{"href":"https:\/\/www.purejewels.com\/de\/wp-json\/wp\/v2\/media?parent=318355"}],"wp:term":[{"taxonomy":"product_brand","embeddable":true,"href":"https:\/\/www.purejewels.com\/de\/wp-json\/wp\/v2\/product_brand?post=318355"},{"taxonomy":"product_cat","embeddable":true,"href":"https:\/\/www.purejewels.com\/de\/wp-json\/wp\/v2\/product_cat?post=318355"},{"taxonomy":"product_tag","embeddable":true,"href":"https:\/\/www.purejewels.com\/de\/wp-json\/wp\/v2\/product_tag?post=318355"}],"curies":[{"name":"wp","href":"https:\/\/api.w.org\/{rel}","templated":true}]}}