{"id":318393,"date":"2020-10-20T09:30:19","date_gmt":"2020-10-20T08:30:19","guid":{"rendered":"https:\/\/www.purejewels.com\/product\/jali-collection-22ct-gold-bangle-17-5gm\/"},"modified":"2026-01-23T10:39:39","modified_gmt":"2026-01-23T10:39:39","slug":"jali-collection-22-kt-gold-armreif-17-5gm","status":"publish","type":"product","link":"https:\/\/www.purejewels.com\/de\/product\/jali-collection-22ct-gold-bangle-17-5gm\/","title":{"rendered":"22ct Gold Jali Kada mit gemei\u00dfelten Zentrum Detail"},"content":{"rendered":"<p>Gestaltung<\/p>\n<p>Diese Kada zeichnet sich durch ihr durchgehendes Jali-Gitterwerk aus, das ein rhythmisches Wechselspiel von Licht und Textur auf der goldenen Oberfl\u00e4che erzeugt. Ein skulpturales zentrales Detail verankert das Design und verleiht ihm Tiefe und Ausgewogenheit, w\u00e4hrend es gleichzeitig ein klares, symmetrisches Profil beibeh\u00e4lt. Das durchbrochene Muster sorgt f\u00fcr visuelle Leichtigkeit, so dass sich die Form am Handgelenk raffiniert und doch substanziell anf\u00fchlt.<\/p>\n<p>Handwerkliches K\u00f6nnen<\/p>\n<p>Die Kada ist aus 22-kar\u00e4tigem Gold handgefertigt und zeigt traditionelle Jali-Techniken, die mit Pr\u00e4zision und Zur\u00fcckhaltung ausgef\u00fchrt werden. Jedes perforierte Detail ist sorgf\u00e4ltig geformt, um Konsistenz, St\u00e4rke und visuelle Harmonie zu erreichen. Um die nat\u00fcrliche W\u00e4rme des Goldes zu unterstreichen, ist das Armband in Gro\u00dfbritannien mit einem Feingehaltssiegel versehen, das das Engagement von PureJewels f\u00fcr Handwerkskunst und Authentizit\u00e4t widerspiegelt.<\/p>\n<p>Styling &amp; Geschenkartikel<\/p>\n<p>Dieses vielseitig einsetzbare Jali Kada l\u00e4sst sich m\u00fchelos mit traditionellen und modernen Ensembles kombinieren. Tragen Sie es als alleinstehendes Statement f\u00fcr die Eleganz des Alltags oder kombinieren Sie es mit feineren Armreifen f\u00fcr festliche Anl\u00e4sse. Als bedeutungsvolles Geschenk f\u00fcr Hochzeiten, Jahrestage und Meilensteine bietet dieses St\u00fcck einen dauerhaften Stil, der in der traditionellen Handwerkskunst verwurzelt ist.<\/p>","protected":false},"excerpt":{"rendered":"<ul>\n<li>22ct Gold Kada aus unserer Jali Kollektion<\/li>\n<li>Gr\u00f6\u00dfe: 2,6 Zoll Innendurchmesser. Bitte fragen Sie nach weiteren Gr\u00f6\u00dfen<\/li>\n<li>Wt. 17,5 g<\/li>\n<li>SKU 33382<\/li>\n<li>Bitte beachten Sie, dass der hier angegebene Preis f\u00fcr ein einzelnes Kada gilt (bitte chatten Sie mit uns, um ein Paar zu kaufen)<\/li>\n<li>Alle Preise inklusive Mehrwertsteuer<\/li>\n<li>Alle unsere Produkte sind vom London Assay Office gestempelt.<\/li>\n<li>Alle Sets werden mit Pr\u00e4sentationsbox geliefert<\/li>\n<li>Lieferung inbegriffen<\/li>\n<li>Live-Chat mit uns f\u00fcr die Verf\u00fcgbarkeit und mehr Bilder von \u00e4hnlichen Designs derzeit auf Lager<\/li>\n<\/ul>","protected":false},"featured_media":318395,"comment_status":"closed","ping_status":"closed","template":"","meta":{"_eb_attr":"","_crsspst_to_jayantr4sg-hostcom":false},"product_brand":[],"product_cat":[1233],"product_tag":[],"class_list":{"0":"post-318393","1":"product","2":"type-product","3":"status-publish","4":"has-post-thumbnail","6":"product_cat-gold-bangles","8":"first","9":"outofstock","10":"sale","11":"taxable","12":"shipping-taxable","13":"product-type-simple","14":"add-to-wishlist-before_image"},"yoast_head":"<!-- This site is optimized with the Yoast SEO plugin v27.3 - https:\/\/yoast.com\/product\/yoast-seo-wordpress\/ -->\n<title>22ct Gold Jali Kada with Sculpted Centre Detail - PureJewels UK<\/title>\n<meta name=\"description\" content=\"Shop the 22ct Gold Jali Kada from PureJewels. Featuring intricate jali latticework and a sculpted central motif, this handcrafted bracelet is hallmarked in the UK.\" \/>\n<meta name=\"robots\" content=\"index, follow, max-snippet:-1, max-image-preview:large, max-video-preview:-1\" \/>\n<link rel=\"canonical\" href=\"https:\/\/www.purejewels.com\/de\/produkt-2\/jali-collection-22-kt-gold-armreif-17-5gm\/\" \/>\n<meta property=\"og:locale\" content=\"de_DE\" \/>\n<meta property=\"og:type\" content=\"article\" \/>\n<meta property=\"og:title\" content=\"22ct Gold Jali Kada with Sculpted Centre Detail - PureJewels UK\" \/>\n<meta property=\"og:description\" content=\"Shop the 22ct Gold Jali Kada from PureJewels. Featuring intricate jali latticework and a sculpted central motif, this handcrafted bracelet is hallmarked in the UK.\" \/>\n<meta property=\"og:url\" content=\"https:\/\/www.purejewels.com\/de\/produkt-2\/jali-collection-22-kt-gold-armreif-17-5gm\/\" \/>\n<meta property=\"og:site_name\" content=\"PureJewels UK\" \/>\n<meta property=\"article:modified_time\" content=\"2026-01-23T10:39:39+00:00\" \/>\n<meta property=\"og:image\" content=\"https:\/\/static.purejewels.com\/wp-content\/uploads\/2020\/10\/image187778180.jpg\" \/>\n\t<meta property=\"og:image:width\" content=\"1000\" \/>\n\t<meta property=\"og:image:height\" content=\"1000\" \/>\n\t<meta property=\"og:image:type\" content=\"image\/jpeg\" \/>\n<meta name=\"twitter:card\" content=\"summary_large_image\" \/>\n<meta name=\"twitter:label1\" content=\"Gesch\u00e4tzte Lesezeit\" \/>\n\t<meta name=\"twitter:data1\" content=\"1\u00a0Minute\" \/>\n<script type=\"application\/ld+json\" class=\"yoast-schema-graph\">{\"@context\":\"https:\\\/\\\/schema.org\",\"@graph\":[{\"@type\":[\"WebPage\",\"ItemPage\"],\"@id\":\"https:\\\/\\\/www.purejewels.com\\\/product\\\/jali-collection-22ct-gold-bangle-17-5gm\\\/\",\"url\":\"https:\\\/\\\/www.purejewels.com\\\/product\\\/jali-collection-22ct-gold-bangle-17-5gm\\\/\",\"name\":\"22ct Gold Jali Kada with Sculpted Centre Detail - PureJewels UK\",\"isPartOf\":{\"@id\":\"https:\\\/\\\/www.purejewels.com\\\/#website\"},\"primaryImageOfPage\":{\"@id\":\"https:\\\/\\\/www.purejewels.com\\\/product\\\/jali-collection-22ct-gold-bangle-17-5gm\\\/#primaryimage\"},\"image\":{\"@id\":\"https:\\\/\\\/www.purejewels.com\\\/product\\\/jali-collection-22ct-gold-bangle-17-5gm\\\/#primaryimage\"},\"thumbnailUrl\":\"https:\\\/\\\/static.purejewels.com\\\/wp-content\\\/uploads\\\/2020\\\/10\\\/image187778180.jpg\",\"datePublished\":\"2020-10-20T08:30:19+00:00\",\"dateModified\":\"2026-01-23T10:39:39+00:00\",\"description\":\"Shop the 22ct Gold Jali Kada from PureJewels. Featuring intricate jali latticework and a sculpted central motif, this handcrafted bracelet is hallmarked in the UK.\",\"breadcrumb\":{\"@id\":\"https:\\\/\\\/www.purejewels.com\\\/product\\\/jali-collection-22ct-gold-bangle-17-5gm\\\/#breadcrumb\"},\"inLanguage\":\"de\",\"potentialAction\":[{\"@type\":\"ReadAction\",\"target\":[\"https:\\\/\\\/www.purejewels.com\\\/product\\\/jali-collection-22ct-gold-bangle-17-5gm\\\/\"]}]},{\"@type\":\"ImageObject\",\"inLanguage\":\"de\",\"@id\":\"https:\\\/\\\/www.purejewels.com\\\/product\\\/jali-collection-22ct-gold-bangle-17-5gm\\\/#primaryimage\",\"url\":\"https:\\\/\\\/static.purejewels.com\\\/wp-content\\\/uploads\\\/2020\\\/10\\\/image187778180.jpg\",\"contentUrl\":\"https:\\\/\\\/static.purejewels.com\\\/wp-content\\\/uploads\\\/2020\\\/10\\\/image187778180.jpg\",\"width\":1000,\"height\":1000,\"caption\":\"Jali Collection 22ct Gold Bangle with Screw JLBG645\"},{\"@type\":\"BreadcrumbList\",\"@id\":\"https:\\\/\\\/www.purejewels.com\\\/product\\\/jali-collection-22ct-gold-bangle-17-5gm\\\/#breadcrumb\",\"itemListElement\":[{\"@type\":\"ListItem\",\"position\":1,\"name\":\"Home\",\"item\":\"https:\\\/\\\/www.purejewels.com\\\/\"},{\"@type\":\"ListItem\",\"position\":2,\"name\":\"Shop\",\"item\":\"https:\\\/\\\/www.purejewels.com\\\/shop\\\/\"},{\"@type\":\"ListItem\",\"position\":3,\"name\":\"22ct Gold Jali Kada with Sculpted Centre Detail\"}]},{\"@type\":\"WebSite\",\"@id\":\"https:\\\/\\\/www.purejewels.com\\\/#website\",\"url\":\"https:\\\/\\\/www.purejewels.com\\\/\",\"name\":\"PureJewels UK\",\"description\":\"Share the Love\",\"publisher\":{\"@id\":\"https:\\\/\\\/www.purejewels.com\\\/#organization\"},\"potentialAction\":[{\"@type\":\"SearchAction\",\"target\":{\"@type\":\"EntryPoint\",\"urlTemplate\":\"https:\\\/\\\/www.purejewels.com\\\/?s={search_term_string}\"},\"query-input\":{\"@type\":\"PropertyValueSpecification\",\"valueRequired\":true,\"valueName\":\"search_term_string\"}}],\"inLanguage\":\"de\"},{\"@type\":\"Organization\",\"@id\":\"https:\\\/\\\/www.purejewels.com\\\/#organization\",\"name\":\"PureJewels UK\",\"url\":\"https:\\\/\\\/www.purejewels.com\\\/\",\"logo\":{\"@type\":\"ImageObject\",\"inLanguage\":\"de\",\"@id\":\"https:\\\/\\\/www.purejewels.com\\\/#\\\/schema\\\/logo\\\/image\\\/\",\"url\":\"https:\\\/\\\/static.purejewels.com\\\/wp-content\\\/uploads\\\/2020\\\/11\\\/Logo-PJ-New-1.png\",\"contentUrl\":\"https:\\\/\\\/static.purejewels.com\\\/wp-content\\\/uploads\\\/2020\\\/11\\\/Logo-PJ-New-1.png\",\"width\":150,\"height\":80,\"caption\":\"PureJewels UK\"},\"image\":{\"@id\":\"https:\\\/\\\/www.purejewels.com\\\/#\\\/schema\\\/logo\\\/image\\\/\"}}]}<\/script>\n<!-- \/ Yoast SEO plugin. -->","yoast_head_json":{"title":"22ct Gold Jali Kada mit Sculpted Zentrum Detail - PureJewels UK","description":"Kaufen Sie das 22ct Gold Jali Kada von PureJewels. Mit komplizierten Jali Gitterwerk und eine skulpturale zentrale Motiv, ist dieses handgefertigte Armband in Gro\u00dfbritannien gestempelt.","robots":{"index":"index","follow":"follow","max-snippet":"max-snippet:-1","max-image-preview":"max-image-preview:large","max-video-preview":"max-video-preview:-1"},"canonical":"https:\/\/www.purejewels.com\/de\/produkt-2\/jali-collection-22-kt-gold-armreif-17-5gm\/","og_locale":"de_DE","og_type":"article","og_title":"22ct Gold Jali Kada with Sculpted Centre Detail - PureJewels UK","og_description":"Shop the 22ct Gold Jali Kada from PureJewels. Featuring intricate jali latticework and a sculpted central motif, this handcrafted bracelet is hallmarked in the UK.","og_url":"https:\/\/www.purejewels.com\/de\/produkt-2\/jali-collection-22-kt-gold-armreif-17-5gm\/","og_site_name":"PureJewels UK","article_modified_time":"2026-01-23T10:39:39+00:00","og_image":[{"width":1000,"height":1000,"url":"https:\/\/static.purejewels.com\/wp-content\/uploads\/2020\/10\/image187778180.jpg","type":"image\/jpeg"}],"twitter_card":"summary_large_image","twitter_misc":{"Gesch\u00e4tzte Lesezeit":"1\u00a0Minute"},"schema":{"@context":"https:\/\/schema.org","@graph":[{"@type":["WebPage","ItemPage"],"@id":"https:\/\/www.purejewels.com\/product\/jali-collection-22ct-gold-bangle-17-5gm\/","url":"https:\/\/www.purejewels.com\/product\/jali-collection-22ct-gold-bangle-17-5gm\/","name":"22ct Gold Jali Kada mit Sculpted Zentrum Detail - PureJewels UK","isPartOf":{"@id":"https:\/\/www.purejewels.com\/#website"},"primaryImageOfPage":{"@id":"https:\/\/www.purejewels.com\/product\/jali-collection-22ct-gold-bangle-17-5gm\/#primaryimage"},"image":{"@id":"https:\/\/www.purejewels.com\/product\/jali-collection-22ct-gold-bangle-17-5gm\/#primaryimage"},"thumbnailUrl":"https:\/\/static.purejewels.com\/wp-content\/uploads\/2020\/10\/image187778180.jpg","datePublished":"2020-10-20T08:30:19+00:00","dateModified":"2026-01-23T10:39:39+00:00","description":"Kaufen Sie das 22ct Gold Jali Kada von PureJewels. Mit komplizierten Jali Gitterwerk und eine skulpturale zentrale Motiv, ist dieses handgefertigte Armband in Gro\u00dfbritannien gestempelt.","breadcrumb":{"@id":"https:\/\/www.purejewels.com\/product\/jali-collection-22ct-gold-bangle-17-5gm\/#breadcrumb"},"inLanguage":"de","potentialAction":[{"@type":"ReadAction","target":["https:\/\/www.purejewels.com\/product\/jali-collection-22ct-gold-bangle-17-5gm\/"]}]},{"@type":"ImageObject","inLanguage":"de","@id":"https:\/\/www.purejewels.com\/product\/jali-collection-22ct-gold-bangle-17-5gm\/#primaryimage","url":"https:\/\/static.purejewels.com\/wp-content\/uploads\/2020\/10\/image187778180.jpg","contentUrl":"https:\/\/static.purejewels.com\/wp-content\/uploads\/2020\/10\/image187778180.jpg","width":1000,"height":1000,"caption":"Jali Collection 22ct Gold Bangle with Screw JLBG645"},{"@type":"BreadcrumbList","@id":"https:\/\/www.purejewels.com\/product\/jali-collection-22ct-gold-bangle-17-5gm\/#breadcrumb","itemListElement":[{"@type":"ListItem","position":1,"name":"Home","item":"https:\/\/www.purejewels.com\/"},{"@type":"ListItem","position":2,"name":"Shop","item":"https:\/\/www.purejewels.com\/shop\/"},{"@type":"ListItem","position":3,"name":"22ct Gold Jali Kada with Sculpted Centre Detail"}]},{"@type":"WebSite","@id":"https:\/\/www.purejewels.com\/#website","url":"https:\/\/www.purejewels.com\/","name":"PureJewels UK","description":"Teile die Liebe","publisher":{"@id":"https:\/\/www.purejewels.com\/#organization"},"potentialAction":[{"@type":"SearchAction","target":{"@type":"EntryPoint","urlTemplate":"https:\/\/www.purejewels.com\/?s={search_term_string}"},"query-input":{"@type":"PropertyValueSpecification","valueRequired":true,"valueName":"search_term_string"}}],"inLanguage":"de"},{"@type":"Organization","@id":"https:\/\/www.purejewels.com\/#organization","name":"PureJewels UK","url":"https:\/\/www.purejewels.com\/","logo":{"@type":"ImageObject","inLanguage":"de","@id":"https:\/\/www.purejewels.com\/#\/schema\/logo\/image\/","url":"https:\/\/static.purejewels.com\/wp-content\/uploads\/2020\/11\/Logo-PJ-New-1.png","contentUrl":"https:\/\/static.purejewels.com\/wp-content\/uploads\/2020\/11\/Logo-PJ-New-1.png","width":150,"height":80,"caption":"PureJewels UK"},"image":{"@id":"https:\/\/www.purejewels.com\/#\/schema\/logo\/image\/"}}]}},"_links":{"self":[{"href":"https:\/\/www.purejewels.com\/de\/wp-json\/wp\/v2\/product\/318393","targetHints":{"allow":["GET"]}}],"collection":[{"href":"https:\/\/www.purejewels.com\/de\/wp-json\/wp\/v2\/product"}],"about":[{"href":"https:\/\/www.purejewels.com\/de\/wp-json\/wp\/v2\/types\/product"}],"replies":[{"embeddable":true,"href":"https:\/\/www.purejewels.com\/de\/wp-json\/wp\/v2\/comments?post=318393"}],"version-history":[{"count":2,"href":"https:\/\/www.purejewels.com\/de\/wp-json\/wp\/v2\/product\/318393\/revisions"}],"predecessor-version":[{"id":425184,"href":"https:\/\/www.purejewels.com\/de\/wp-json\/wp\/v2\/product\/318393\/revisions\/425184"}],"wp:featuredmedia":[{"embeddable":true,"href":"https:\/\/www.purejewels.com\/de\/wp-json\/wp\/v2\/media\/318395"}],"wp:attachment":[{"href":"https:\/\/www.purejewels.com\/de\/wp-json\/wp\/v2\/media?parent=318393"}],"wp:term":[{"taxonomy":"product_brand","embeddable":true,"href":"https:\/\/www.purejewels.com\/de\/wp-json\/wp\/v2\/product_brand?post=318393"},{"taxonomy":"product_cat","embeddable":true,"href":"https:\/\/www.purejewels.com\/de\/wp-json\/wp\/v2\/product_cat?post=318393"},{"taxonomy":"product_tag","embeddable":true,"href":"https:\/\/www.purejewels.com\/de\/wp-json\/wp\/v2\/product_tag?post=318393"}],"curies":[{"name":"wp","href":"https:\/\/api.w.org\/{rel}","templated":true}]}}