{"id":318449,"date":"2020-10-21T08:32:22","date_gmt":"2020-10-21T07:32:22","guid":{"rendered":"https:\/\/www.purejewels.com\/product\/jali-collection-22ct-gold-earring-2-5gm\/"},"modified":"2026-01-08T13:28:33","modified_gmt":"2026-01-08T13:28:33","slug":"filigraner-ohrstecker-aus-22kt-gelbgold-32975","status":"publish","type":"product","link":"https:\/\/www.purejewels.com\/de\/product\/22kt-yellow-gold-filigree-stud-earring-32975\/","title":{"rendered":"Klassische 22kt Gold Seilarbeit Floral Ohrstecker"},"content":{"rendered":"<h4 data-start=\"695\" data-end=\"720\"><strong data-start=\"700\" data-end=\"718\">Designkonzept<\/strong><\/h4>\n<p data-start=\"721\" data-end=\"1058\">Die <strong data-start=\"725\" data-end=\"777\">Klassische 22kt Gold Seilarbeit Floral Ohrstecker<\/strong> sind eine Hommage an dauerhafte indische Designtraditionen. Inspiriert vom anmutigsten Motiv der Natur - der Blume - erbl\u00fcht jeder Ohrring mit zarten, seilartig strukturierten Bl\u00fctenbl\u00e4ttern, die von einer hochglanzpolierten Kuppel zentriert und mit feiner Goldperlenarbeit umrahmt werden. Das Design steht f\u00fcr Harmonie, Weiblichkeit und St\u00e4rke.<\/p>\n<h4 data-start=\"1060\" data-end=\"1084\"><strong data-start=\"1065\" data-end=\"1082\">Handwerkliches K\u00f6nnen<\/strong><\/h4>\n<p data-start=\"1085\" data-end=\"1402\">Diese aus reinem 22-kar\u00e4tigem Gelbgold gefertigten Ohrringe zeigen detaillierte Seilarbeit und filigrane Kunstfertigkeit. Die dreidimensionale Schichtung und die pr\u00e4zisionspolierten Akzente spiegeln geschickte Handarbeit wider. Die leichten, aber dennoch kunstvollen Ohrstecker sind gestempelt und f\u00fcr einen dauerhaften Tragekomfort mit sicherem Stift- und Schraubverschluss konzipiert.<\/p>\n<h4 data-start=\"1404\" data-end=\"1428\"><strong data-start=\"1409\" data-end=\"1426\">Styling-Ideen<\/strong><\/h4>\n<p data-start=\"1429\" data-end=\"1708\">Ideal f\u00fcr traditionelle Anl\u00e4sse, Poojas oder schlichte Eleganz im Alltag. Kombinieren Sie sie mit einer goldenen Halskette oder Armreifen f\u00fcr einen klassischen Look, oder tragen Sie sie einzeln, um ihre filigrane Sch\u00f6nheit zu betonen. Eine sch\u00f6ne Geschenkoption f\u00fcr Hochzeiten, Geburtstage oder zeitlose Andenken.<\/p>","protected":false},"excerpt":{"rendered":"<p>Diese floralen Ohrstecker aus 22-kar\u00e4tigem Gold zeichnen sich durch ein bl\u00fchendes Design mit exquisiten Kordeldetails aus. Sie wurden mit Pr\u00e4zision gefertigt und verleihen Ihrer Schmucksammlung einen zeitlosen Touch.<\/p>\n<ul>\n<li>Filigraner Ohrstecker aus 22Kt Gelbgold<\/li>\n<li>Feiner handgefertigter filigraner Ohrstecker<\/li>\n<li>Blume in Form<\/li>\n<li>Gewicht: 2,5 g<\/li>\n<li>10,6 mm Durchmesser<\/li>\n<li>SKU. 32975<\/li>\n<li>Alle Preise inklusive Mehrwertsteuer<\/li>\n<li>Alle unsere Produkte sind vom London Assay Office gestempelt.<\/li>\n<li>Kommt mit Pr\u00e4sentation Box<\/li>\n<li>Lieferung inbegriffen<\/li>\n<li>Kontaktieren Sie uns \/ chatten Sie mit uns, um ein Video des Produkts zu sehen<\/li>\n<\/ul>","protected":false},"featured_media":318450,"comment_status":"closed","ping_status":"closed","template":"","meta":{"_eb_attr":"","_crsspst_to_jayantr4sg-hostcom":true},"product_brand":[],"product_cat":[1791,1559,1576,1254,252,1577,1574],"product_tag":[],"class_list":{"0":"post-318449","1":"product","2":"type-product","3":"status-publish","4":"has-post-thumbnail","6":"product_cat-anniversary-gifts","7":"product_cat-birthday-gifts","8":"product_cat-childrens-jewellery","9":"product_cat-gold-earrings","10":"product_cat-jali-collections","11":"product_cat-stud-earrings","12":"product_cat-womens-jewellery","14":"first","15":"outofstock","16":"taxable","17":"shipping-taxable","18":"product-type-simple","19":"add-to-wishlist-before_image"},"yoast_head":"<!-- This site is optimized with the Yoast SEO plugin v27.3 - https:\/\/yoast.com\/product\/yoast-seo-wordpress\/ -->\n<title>Timeless 22kt Gold Floral Stud Earrings with Rope Detailing<\/title>\n<meta name=\"description\" content=\"Adorn yourself with classic 22kt gold floral stud earrings featuring intricate rope work. A perfect blend of tradition, craftsmanship, and everyday elegance.\" \/>\n<meta name=\"robots\" content=\"index, follow, max-snippet:-1, max-image-preview:large, max-video-preview:-1\" \/>\n<link rel=\"canonical\" href=\"https:\/\/www.purejewels.com\/de\/produkt-2\/filigraner-ohrstecker-aus-22kt-gelbgold-32975\/\" \/>\n<meta property=\"og:locale\" content=\"de_DE\" \/>\n<meta property=\"og:type\" content=\"article\" \/>\n<meta property=\"og:title\" content=\"Timeless 22kt Gold Floral Stud Earrings with Rope Detailing\" \/>\n<meta property=\"og:description\" content=\"Adorn yourself with classic 22kt gold floral stud earrings featuring intricate rope work. A perfect blend of tradition, craftsmanship, and everyday elegance.\" \/>\n<meta property=\"og:url\" content=\"https:\/\/www.purejewels.com\/de\/produkt-2\/filigraner-ohrstecker-aus-22kt-gelbgold-32975\/\" \/>\n<meta property=\"og:site_name\" content=\"PureJewels UK\" \/>\n<meta property=\"article:modified_time\" content=\"2026-01-08T13:28:33+00:00\" \/>\n<meta property=\"og:image\" content=\"https:\/\/static.purejewels.com\/wp-content\/uploads\/2020\/10\/image187964015.jpg\" \/>\n\t<meta property=\"og:image:width\" content=\"1000\" \/>\n\t<meta property=\"og:image:height\" content=\"1000\" \/>\n\t<meta property=\"og:image:type\" content=\"image\/jpeg\" \/>\n<meta name=\"twitter:card\" content=\"summary_large_image\" \/>\n<meta name=\"twitter:label1\" content=\"Gesch\u00e4tzte Lesezeit\" \/>\n\t<meta name=\"twitter:data1\" content=\"1\u00a0Minute\" \/>\n<script type=\"application\/ld+json\" class=\"yoast-schema-graph\">{\"@context\":\"https:\\\/\\\/schema.org\",\"@graph\":[{\"@type\":[\"WebPage\",\"ItemPage\"],\"@id\":\"https:\\\/\\\/www.purejewels.com\\\/product\\\/22kt-yellow-gold-filigree-stud-earring-32975\\\/\",\"url\":\"https:\\\/\\\/www.purejewels.com\\\/product\\\/22kt-yellow-gold-filigree-stud-earring-32975\\\/\",\"name\":\"Timeless 22kt Gold Floral Stud Earrings with Rope Detailing\",\"isPartOf\":{\"@id\":\"https:\\\/\\\/www.purejewels.com\\\/#website\"},\"primaryImageOfPage\":{\"@id\":\"https:\\\/\\\/www.purejewels.com\\\/product\\\/22kt-yellow-gold-filigree-stud-earring-32975\\\/#primaryimage\"},\"image\":{\"@id\":\"https:\\\/\\\/www.purejewels.com\\\/product\\\/22kt-yellow-gold-filigree-stud-earring-32975\\\/#primaryimage\"},\"thumbnailUrl\":\"https:\\\/\\\/static.purejewels.com\\\/wp-content\\\/uploads\\\/2020\\\/10\\\/image187964015.jpg\",\"datePublished\":\"2020-10-21T07:32:22+00:00\",\"dateModified\":\"2026-01-08T13:28:33+00:00\",\"description\":\"Adorn yourself with classic 22kt gold floral stud earrings featuring intricate rope work. A perfect blend of tradition, craftsmanship, and everyday elegance.\",\"breadcrumb\":{\"@id\":\"https:\\\/\\\/www.purejewels.com\\\/product\\\/22kt-yellow-gold-filigree-stud-earring-32975\\\/#breadcrumb\"},\"inLanguage\":\"de\",\"potentialAction\":[{\"@type\":\"ReadAction\",\"target\":[\"https:\\\/\\\/www.purejewels.com\\\/product\\\/22kt-yellow-gold-filigree-stud-earring-32975\\\/\"]}]},{\"@type\":\"ImageObject\",\"inLanguage\":\"de\",\"@id\":\"https:\\\/\\\/www.purejewels.com\\\/product\\\/22kt-yellow-gold-filigree-stud-earring-32975\\\/#primaryimage\",\"url\":\"https:\\\/\\\/static.purejewels.com\\\/wp-content\\\/uploads\\\/2020\\\/10\\\/image187964015.jpg\",\"contentUrl\":\"https:\\\/\\\/static.purejewels.com\\\/wp-content\\\/uploads\\\/2020\\\/10\\\/image187964015.jpg\",\"width\":1000,\"height\":1000,\"caption\":\"Jali 22ct light Round Shape Jali Stud 5-10 mm Earring JLER337\"},{\"@type\":\"BreadcrumbList\",\"@id\":\"https:\\\/\\\/www.purejewels.com\\\/product\\\/22kt-yellow-gold-filigree-stud-earring-32975\\\/#breadcrumb\",\"itemListElement\":[{\"@type\":\"ListItem\",\"position\":1,\"name\":\"Home\",\"item\":\"https:\\\/\\\/www.purejewels.com\\\/\"},{\"@type\":\"ListItem\",\"position\":2,\"name\":\"Shop\",\"item\":\"https:\\\/\\\/www.purejewels.com\\\/shop\\\/\"},{\"@type\":\"ListItem\",\"position\":3,\"name\":\"Classic 22kt Gold Rope Work Floral Stud Earrings\"}]},{\"@type\":\"WebSite\",\"@id\":\"https:\\\/\\\/www.purejewels.com\\\/#website\",\"url\":\"https:\\\/\\\/www.purejewels.com\\\/\",\"name\":\"PureJewels UK\",\"description\":\"Share the Love\",\"publisher\":{\"@id\":\"https:\\\/\\\/www.purejewels.com\\\/#organization\"},\"potentialAction\":[{\"@type\":\"SearchAction\",\"target\":{\"@type\":\"EntryPoint\",\"urlTemplate\":\"https:\\\/\\\/www.purejewels.com\\\/?s={search_term_string}\"},\"query-input\":{\"@type\":\"PropertyValueSpecification\",\"valueRequired\":true,\"valueName\":\"search_term_string\"}}],\"inLanguage\":\"de\"},{\"@type\":\"Organization\",\"@id\":\"https:\\\/\\\/www.purejewels.com\\\/#organization\",\"name\":\"PureJewels UK\",\"url\":\"https:\\\/\\\/www.purejewels.com\\\/\",\"logo\":{\"@type\":\"ImageObject\",\"inLanguage\":\"de\",\"@id\":\"https:\\\/\\\/www.purejewels.com\\\/#\\\/schema\\\/logo\\\/image\\\/\",\"url\":\"https:\\\/\\\/static.purejewels.com\\\/wp-content\\\/uploads\\\/2020\\\/11\\\/Logo-PJ-New-1.png\",\"contentUrl\":\"https:\\\/\\\/static.purejewels.com\\\/wp-content\\\/uploads\\\/2020\\\/11\\\/Logo-PJ-New-1.png\",\"width\":150,\"height\":80,\"caption\":\"PureJewels UK\"},\"image\":{\"@id\":\"https:\\\/\\\/www.purejewels.com\\\/#\\\/schema\\\/logo\\\/image\\\/\"}}]}<\/script>\n<!-- \/ Yoast SEO plugin. -->","yoast_head_json":{"title":"Zeitlose florale Ohrstecker aus 22kt Gold mit Kordelverzierung","description":"Schm\u00fccken Sie sich mit den klassischen floralen Ohrsteckern aus 22-kar\u00e4tigem Gold mit aufw\u00e4ndiger Seilarbeit. Eine perfekte Mischung aus Tradition, Handwerkskunst und allt\u00e4glicher Eleganz.","robots":{"index":"index","follow":"follow","max-snippet":"max-snippet:-1","max-image-preview":"max-image-preview:large","max-video-preview":"max-video-preview:-1"},"canonical":"https:\/\/www.purejewels.com\/de\/produkt-2\/filigraner-ohrstecker-aus-22kt-gelbgold-32975\/","og_locale":"de_DE","og_type":"article","og_title":"Timeless 22kt Gold Floral Stud Earrings with Rope Detailing","og_description":"Adorn yourself with classic 22kt gold floral stud earrings featuring intricate rope work. A perfect blend of tradition, craftsmanship, and everyday elegance.","og_url":"https:\/\/www.purejewels.com\/de\/produkt-2\/filigraner-ohrstecker-aus-22kt-gelbgold-32975\/","og_site_name":"PureJewels UK","article_modified_time":"2026-01-08T13:28:33+00:00","og_image":[{"width":1000,"height":1000,"url":"https:\/\/static.purejewels.com\/wp-content\/uploads\/2020\/10\/image187964015.jpg","type":"image\/jpeg"}],"twitter_card":"summary_large_image","twitter_misc":{"Gesch\u00e4tzte Lesezeit":"1\u00a0Minute"},"schema":{"@context":"https:\/\/schema.org","@graph":[{"@type":["WebPage","ItemPage"],"@id":"https:\/\/www.purejewels.com\/product\/22kt-yellow-gold-filigree-stud-earring-32975\/","url":"https:\/\/www.purejewels.com\/product\/22kt-yellow-gold-filigree-stud-earring-32975\/","name":"Zeitlose florale Ohrstecker aus 22kt Gold mit Kordelverzierung","isPartOf":{"@id":"https:\/\/www.purejewels.com\/#website"},"primaryImageOfPage":{"@id":"https:\/\/www.purejewels.com\/product\/22kt-yellow-gold-filigree-stud-earring-32975\/#primaryimage"},"image":{"@id":"https:\/\/www.purejewels.com\/product\/22kt-yellow-gold-filigree-stud-earring-32975\/#primaryimage"},"thumbnailUrl":"https:\/\/static.purejewels.com\/wp-content\/uploads\/2020\/10\/image187964015.jpg","datePublished":"2020-10-21T07:32:22+00:00","dateModified":"2026-01-08T13:28:33+00:00","description":"Schm\u00fccken Sie sich mit den klassischen floralen Ohrsteckern aus 22-kar\u00e4tigem Gold mit aufw\u00e4ndiger Seilarbeit. Eine perfekte Mischung aus Tradition, Handwerkskunst und allt\u00e4glicher Eleganz.","breadcrumb":{"@id":"https:\/\/www.purejewels.com\/product\/22kt-yellow-gold-filigree-stud-earring-32975\/#breadcrumb"},"inLanguage":"de","potentialAction":[{"@type":"ReadAction","target":["https:\/\/www.purejewels.com\/product\/22kt-yellow-gold-filigree-stud-earring-32975\/"]}]},{"@type":"ImageObject","inLanguage":"de","@id":"https:\/\/www.purejewels.com\/product\/22kt-yellow-gold-filigree-stud-earring-32975\/#primaryimage","url":"https:\/\/static.purejewels.com\/wp-content\/uploads\/2020\/10\/image187964015.jpg","contentUrl":"https:\/\/static.purejewels.com\/wp-content\/uploads\/2020\/10\/image187964015.jpg","width":1000,"height":1000,"caption":"Jali 22ct light Round Shape Jali Stud 5-10 mm Earring JLER337"},{"@type":"BreadcrumbList","@id":"https:\/\/www.purejewels.com\/product\/22kt-yellow-gold-filigree-stud-earring-32975\/#breadcrumb","itemListElement":[{"@type":"ListItem","position":1,"name":"Home","item":"https:\/\/www.purejewels.com\/"},{"@type":"ListItem","position":2,"name":"Shop","item":"https:\/\/www.purejewels.com\/shop\/"},{"@type":"ListItem","position":3,"name":"Classic 22kt Gold Rope Work Floral Stud Earrings"}]},{"@type":"WebSite","@id":"https:\/\/www.purejewels.com\/#website","url":"https:\/\/www.purejewels.com\/","name":"PureJewels UK","description":"Teile die Liebe","publisher":{"@id":"https:\/\/www.purejewels.com\/#organization"},"potentialAction":[{"@type":"SearchAction","target":{"@type":"EntryPoint","urlTemplate":"https:\/\/www.purejewels.com\/?s={search_term_string}"},"query-input":{"@type":"PropertyValueSpecification","valueRequired":true,"valueName":"search_term_string"}}],"inLanguage":"de"},{"@type":"Organization","@id":"https:\/\/www.purejewels.com\/#organization","name":"PureJewels UK","url":"https:\/\/www.purejewels.com\/","logo":{"@type":"ImageObject","inLanguage":"de","@id":"https:\/\/www.purejewels.com\/#\/schema\/logo\/image\/","url":"https:\/\/static.purejewels.com\/wp-content\/uploads\/2020\/11\/Logo-PJ-New-1.png","contentUrl":"https:\/\/static.purejewels.com\/wp-content\/uploads\/2020\/11\/Logo-PJ-New-1.png","width":150,"height":80,"caption":"PureJewels UK"},"image":{"@id":"https:\/\/www.purejewels.com\/#\/schema\/logo\/image\/"}}]}},"_links":{"self":[{"href":"https:\/\/www.purejewels.com\/de\/wp-json\/wp\/v2\/product\/318449","targetHints":{"allow":["GET"]}}],"collection":[{"href":"https:\/\/www.purejewels.com\/de\/wp-json\/wp\/v2\/product"}],"about":[{"href":"https:\/\/www.purejewels.com\/de\/wp-json\/wp\/v2\/types\/product"}],"replies":[{"embeddable":true,"href":"https:\/\/www.purejewels.com\/de\/wp-json\/wp\/v2\/comments?post=318449"}],"version-history":[{"count":3,"href":"https:\/\/www.purejewels.com\/de\/wp-json\/wp\/v2\/product\/318449\/revisions"}],"predecessor-version":[{"id":424376,"href":"https:\/\/www.purejewels.com\/de\/wp-json\/wp\/v2\/product\/318449\/revisions\/424376"}],"wp:featuredmedia":[{"embeddable":true,"href":"https:\/\/www.purejewels.com\/de\/wp-json\/wp\/v2\/media\/318450"}],"wp:attachment":[{"href":"https:\/\/www.purejewels.com\/de\/wp-json\/wp\/v2\/media?parent=318449"}],"wp:term":[{"taxonomy":"product_brand","embeddable":true,"href":"https:\/\/www.purejewels.com\/de\/wp-json\/wp\/v2\/product_brand?post=318449"},{"taxonomy":"product_cat","embeddable":true,"href":"https:\/\/www.purejewels.com\/de\/wp-json\/wp\/v2\/product_cat?post=318449"},{"taxonomy":"product_tag","embeddable":true,"href":"https:\/\/www.purejewels.com\/de\/wp-json\/wp\/v2\/product_tag?post=318449"}],"curies":[{"name":"wp","href":"https:\/\/api.w.org\/{rel}","templated":true}]}}