{"id":318518,"date":"2020-10-22T14:15:50","date_gmt":"2020-10-22T13:15:50","guid":{"rendered":"https:\/\/www.purejewels.com\/product\/22ct-gold-earring-1-5gm-2\/"},"modified":"2025-12-11T05:21:57","modified_gmt":"2025-12-11T05:21:57","slug":"22-karat-gold-ohrstecker-33199","status":"publish","type":"product","link":"https:\/\/www.purejewels.com\/de\/product\/22-carat-gold-stud-earring-33199\/","title":{"rendered":"22 Karat Gold zweifarbige Ohrstecker mit Bl\u00fctenblatt-Zirkonia"},"content":{"rendered":"<h3 data-start=\"799\" data-end=\"815\"><strong data-start=\"803\" data-end=\"813\">Gestaltung<\/strong><\/h3>\n<p data-start=\"816\" data-end=\"1205\">Diese Ohrstecker sind von zarten Bl\u00fctenbl\u00e4ttern inspiriert und in einem zweifarbigen Finish gestaltet, das warmes 22-kar\u00e4tiges Gelbgold mit k\u00fchlen Rhodium-Akzenten kombiniert. In der Mitte jedes Motivs befindet sich ein funkelnder Zirkonia-Stein, der einen leuchtenden Blickfang bildet und die nat\u00fcrliche, bl\u00fctenblatt\u00e4hnliche Silhouette unterstreicht. Das Design ist raffiniert, feminin und leicht zu tragen und bietet eine frische Interpretation klassischer Blumenschmuckst\u00fccke.<\/p>\n<h3 data-start=\"1207\" data-end=\"1230\"><strong data-start=\"1211\" data-end=\"1228\">Handwerkliches K\u00f6nnen<\/strong><\/h3>\n<p data-start=\"1231\" data-end=\"1589\">Jeder Ohrring ist fachm\u00e4nnisch aus 22 Karat Gold gefertigt und zeichnet sich durch sanft geschwungene Kurven und eine detaillierte zweifarbige Oberfl\u00e4che aus, die durch pr\u00e4zise Rhodiumbeschichtung erzielt wurde. Die Zirkoniasteine sind sicher gefasst, um Klarheit und lang anhaltenden Glanz zu gew\u00e4hrleisten. Das Paar ist in Gro\u00dfbritannien punziert und spiegelt das Bekenntnis von PureJewels zu Reinheit, sorgf\u00e4ltiger Verarbeitung und wundersch\u00f6n ausgef\u00fchrten Details wider.<\/p>\n<h3 data-start=\"1591\" data-end=\"1618\"><strong data-start=\"1595\" data-end=\"1616\">Styling &amp; Geschenkartikel<\/strong><\/h3>\n<p data-start=\"1619\" data-end=\"1966\">Diese Ohrstecker in Bl\u00fctenform lassen sich m\u00fchelos sowohl zu traditionellen als auch zu modernen Looks kombinieren. Tragen Sie sie als allt\u00e4glichen Schmuck oder kombinieren Sie sie mit zarten Halsketten und Armreifen zu einem eleganten Outfit f\u00fcr besondere Anl\u00e4sse. Ihre elegante Blumenform macht sie zu einem liebevollen Geschenk f\u00fcr Geburtstage, Jahrestage oder Feierlichkeiten, bei denen Sch\u00f6nheit und pers\u00f6nlicher Ausdruck im Vordergrund stehen.<\/p>","protected":false},"excerpt":{"rendered":"<p>Elegante zweifarbige Ohrstecker aus 22 Karat Gold in Form zarter Bl\u00fctenbl\u00e4tter, mit einem zentralen Zirkonia-Stein und dezenten Rhodium-Akzenten. Ein anmutiges Paar f\u00fcr den Alltag und als Geschenk.<\/p>\n<ul>\n<li>22ct Gold Ohrstecker<\/li>\n<li>mit Rhodium-Finish und Cz-Stein<\/li>\n<li>Wt. 1,5 g<\/li>\n<li>SKU. 33199<\/li>\n<li>Alle Preise inklusive Mehrwertsteuer<\/li>\n<li>22ct Gold gestempelt von London Assay Office<\/li>\n<li>Mit Pr\u00e4sentationsbox<\/li>\n<li>Lieferung inbegriffen<\/li>\n<li>Live-Chat mit uns f\u00fcr die Verf\u00fcgbarkeit und mehr Bilder von \u00e4hnlichen Designs derzeit auf Lager<\/li>\n<\/ul>","protected":false},"featured_media":318613,"comment_status":"closed","ping_status":"closed","template":"","meta":{"_eb_attr":"","_crsspst_to_jayantr4sg-hostcom":true},"product_brand":[],"product_cat":[1791,1559,1576,1254,1577,1575,1574],"product_tag":[],"class_list":{"0":"post-318518","1":"product","2":"type-product","3":"status-publish","4":"has-post-thumbnail","6":"product_cat-anniversary-gifts","7":"product_cat-birthday-gifts","8":"product_cat-childrens-jewellery","9":"product_cat-gold-earrings","10":"product_cat-stud-earrings","11":"product_cat-teenage-jewellery","12":"product_cat-womens-jewellery","14":"first","15":"outofstock","16":"taxable","17":"shipping-taxable","18":"product-type-simple","19":"add-to-wishlist-before_image"},"yoast_head":"<!-- This site is optimized with the Yoast SEO plugin v27.3 - https:\/\/yoast.com\/product\/yoast-seo-wordpress\/ -->\n<title>Women\u2019s 22ct Gold Petal Stud Earrings with CZ Stones<\/title>\n<meta name=\"description\" content=\"22ct gold two-tone petal stud earrings with CZ stones. A refined floral design with rhodium highlights, hallmarked in the UK for purity.\" \/>\n<meta name=\"robots\" content=\"index, follow, max-snippet:-1, max-image-preview:large, max-video-preview:-1\" \/>\n<link rel=\"canonical\" href=\"https:\/\/www.purejewels.com\/de\/produkt-2\/22-karat-gold-ohrstecker-33199\/\" \/>\n<meta property=\"og:locale\" content=\"de_DE\" \/>\n<meta property=\"og:type\" content=\"article\" \/>\n<meta property=\"og:title\" content=\"Women\u2019s 22ct Gold Petal Stud Earrings with CZ Stones\" \/>\n<meta property=\"og:description\" content=\"22ct gold two-tone petal stud earrings with CZ stones. A refined floral design with rhodium highlights, hallmarked in the UK for purity.\" \/>\n<meta property=\"og:url\" content=\"https:\/\/www.purejewels.com\/de\/produkt-2\/22-karat-gold-ohrstecker-33199\/\" \/>\n<meta property=\"og:site_name\" content=\"PureJewels UK\" \/>\n<meta property=\"article:modified_time\" content=\"2025-12-11T05:21:57+00:00\" \/>\n<meta property=\"og:image\" content=\"https:\/\/static.purejewels.com\/wp-content\/uploads\/2020\/10\/image188335477.jpg\" \/>\n\t<meta property=\"og:image:width\" content=\"1000\" \/>\n\t<meta property=\"og:image:height\" content=\"1000\" \/>\n\t<meta property=\"og:image:type\" content=\"image\/jpeg\" \/>\n<meta name=\"twitter:card\" content=\"summary_large_image\" \/>\n<meta name=\"twitter:label1\" content=\"Gesch\u00e4tzte Lesezeit\" \/>\n\t<meta name=\"twitter:data1\" content=\"1\u00a0Minute\" \/>\n<script type=\"application\/ld+json\" class=\"yoast-schema-graph\">{\"@context\":\"https:\\\/\\\/schema.org\",\"@graph\":[{\"@type\":[\"WebPage\",\"ItemPage\"],\"@id\":\"https:\\\/\\\/www.purejewels.com\\\/product\\\/22-carat-gold-stud-earring-33199\\\/\",\"url\":\"https:\\\/\\\/www.purejewels.com\\\/product\\\/22-carat-gold-stud-earring-33199\\\/\",\"name\":\"Women\u2019s 22ct Gold Petal Stud Earrings with CZ Stones\",\"isPartOf\":{\"@id\":\"https:\\\/\\\/www.purejewels.com\\\/#website\"},\"primaryImageOfPage\":{\"@id\":\"https:\\\/\\\/www.purejewels.com\\\/product\\\/22-carat-gold-stud-earring-33199\\\/#primaryimage\"},\"image\":{\"@id\":\"https:\\\/\\\/www.purejewels.com\\\/product\\\/22-carat-gold-stud-earring-33199\\\/#primaryimage\"},\"thumbnailUrl\":\"https:\\\/\\\/static.purejewels.com\\\/wp-content\\\/uploads\\\/2020\\\/10\\\/image188335477.jpg\",\"datePublished\":\"2020-10-22T13:15:50+00:00\",\"dateModified\":\"2025-12-11T05:21:57+00:00\",\"description\":\"22ct gold two-tone petal stud earrings with CZ stones. A refined floral design with rhodium highlights, hallmarked in the UK for purity.\",\"breadcrumb\":{\"@id\":\"https:\\\/\\\/www.purejewels.com\\\/product\\\/22-carat-gold-stud-earring-33199\\\/#breadcrumb\"},\"inLanguage\":\"de\",\"potentialAction\":[{\"@type\":\"ReadAction\",\"target\":[\"https:\\\/\\\/www.purejewels.com\\\/product\\\/22-carat-gold-stud-earring-33199\\\/\"]}]},{\"@type\":\"ImageObject\",\"inLanguage\":\"de\",\"@id\":\"https:\\\/\\\/www.purejewels.com\\\/product\\\/22-carat-gold-stud-earring-33199\\\/#primaryimage\",\"url\":\"https:\\\/\\\/static.purejewels.com\\\/wp-content\\\/uploads\\\/2020\\\/10\\\/image188335477.jpg\",\"contentUrl\":\"https:\\\/\\\/static.purejewels.com\\\/wp-content\\\/uploads\\\/2020\\\/10\\\/image188335477.jpg\",\"width\":1000,\"height\":1000},{\"@type\":\"BreadcrumbList\",\"@id\":\"https:\\\/\\\/www.purejewels.com\\\/product\\\/22-carat-gold-stud-earring-33199\\\/#breadcrumb\",\"itemListElement\":[{\"@type\":\"ListItem\",\"position\":1,\"name\":\"Home\",\"item\":\"https:\\\/\\\/www.purejewels.com\\\/\"},{\"@type\":\"ListItem\",\"position\":2,\"name\":\"Shop\",\"item\":\"https:\\\/\\\/www.purejewels.com\\\/shop\\\/\"},{\"@type\":\"ListItem\",\"position\":3,\"name\":\"22ct Gold Two-Tone Petal CZ Stud Earrings\"}]},{\"@type\":\"WebSite\",\"@id\":\"https:\\\/\\\/www.purejewels.com\\\/#website\",\"url\":\"https:\\\/\\\/www.purejewels.com\\\/\",\"name\":\"PureJewels UK\",\"description\":\"Share the Love\",\"publisher\":{\"@id\":\"https:\\\/\\\/www.purejewels.com\\\/#organization\"},\"potentialAction\":[{\"@type\":\"SearchAction\",\"target\":{\"@type\":\"EntryPoint\",\"urlTemplate\":\"https:\\\/\\\/www.purejewels.com\\\/?s={search_term_string}\"},\"query-input\":{\"@type\":\"PropertyValueSpecification\",\"valueRequired\":true,\"valueName\":\"search_term_string\"}}],\"inLanguage\":\"de\"},{\"@type\":\"Organization\",\"@id\":\"https:\\\/\\\/www.purejewels.com\\\/#organization\",\"name\":\"PureJewels UK\",\"url\":\"https:\\\/\\\/www.purejewels.com\\\/\",\"logo\":{\"@type\":\"ImageObject\",\"inLanguage\":\"de\",\"@id\":\"https:\\\/\\\/www.purejewels.com\\\/#\\\/schema\\\/logo\\\/image\\\/\",\"url\":\"https:\\\/\\\/static.purejewels.com\\\/wp-content\\\/uploads\\\/2020\\\/11\\\/Logo-PJ-New-1.png\",\"contentUrl\":\"https:\\\/\\\/static.purejewels.com\\\/wp-content\\\/uploads\\\/2020\\\/11\\\/Logo-PJ-New-1.png\",\"width\":150,\"height\":80,\"caption\":\"PureJewels UK\"},\"image\":{\"@id\":\"https:\\\/\\\/www.purejewels.com\\\/#\\\/schema\\\/logo\\\/image\\\/\"}}]}<\/script>\n<!-- \/ Yoast SEO plugin. -->","yoast_head_json":{"title":"Damen-Ohrstecker aus 22 Karat Gold mit Bl\u00fctenbl\u00e4ttern und Zirkoniasteinen","description":"Zweifarbige Ohrstecker aus 22 Karat Gold mit Bl\u00fctenbl\u00e4ttern und Zirkoniasteinen. Ein raffiniertes Blumenmuster mit Rhodium-Akzenten, in Gro\u00dfbritannien mit einem Reinheitsstempel versehen.","robots":{"index":"index","follow":"follow","max-snippet":"max-snippet:-1","max-image-preview":"max-image-preview:large","max-video-preview":"max-video-preview:-1"},"canonical":"https:\/\/www.purejewels.com\/de\/produkt-2\/22-karat-gold-ohrstecker-33199\/","og_locale":"de_DE","og_type":"article","og_title":"Women\u2019s 22ct Gold Petal Stud Earrings with CZ Stones","og_description":"22ct gold two-tone petal stud earrings with CZ stones. A refined floral design with rhodium highlights, hallmarked in the UK for purity.","og_url":"https:\/\/www.purejewels.com\/de\/produkt-2\/22-karat-gold-ohrstecker-33199\/","og_site_name":"PureJewels UK","article_modified_time":"2025-12-11T05:21:57+00:00","og_image":[{"width":1000,"height":1000,"url":"https:\/\/static.purejewels.com\/wp-content\/uploads\/2020\/10\/image188335477.jpg","type":"image\/jpeg"}],"twitter_card":"summary_large_image","twitter_misc":{"Gesch\u00e4tzte Lesezeit":"1\u00a0Minute"},"schema":{"@context":"https:\/\/schema.org","@graph":[{"@type":["WebPage","ItemPage"],"@id":"https:\/\/www.purejewels.com\/product\/22-carat-gold-stud-earring-33199\/","url":"https:\/\/www.purejewels.com\/product\/22-carat-gold-stud-earring-33199\/","name":"Damen-Ohrstecker aus 22 Karat Gold mit Bl\u00fctenbl\u00e4ttern und Zirkoniasteinen","isPartOf":{"@id":"https:\/\/www.purejewels.com\/#website"},"primaryImageOfPage":{"@id":"https:\/\/www.purejewels.com\/product\/22-carat-gold-stud-earring-33199\/#primaryimage"},"image":{"@id":"https:\/\/www.purejewels.com\/product\/22-carat-gold-stud-earring-33199\/#primaryimage"},"thumbnailUrl":"https:\/\/static.purejewels.com\/wp-content\/uploads\/2020\/10\/image188335477.jpg","datePublished":"2020-10-22T13:15:50+00:00","dateModified":"2025-12-11T05:21:57+00:00","description":"Zweifarbige Ohrstecker aus 22 Karat Gold mit Bl\u00fctenbl\u00e4ttern und Zirkoniasteinen. Ein raffiniertes Blumenmuster mit Rhodium-Akzenten, in Gro\u00dfbritannien mit einem Reinheitsstempel versehen.","breadcrumb":{"@id":"https:\/\/www.purejewels.com\/product\/22-carat-gold-stud-earring-33199\/#breadcrumb"},"inLanguage":"de","potentialAction":[{"@type":"ReadAction","target":["https:\/\/www.purejewels.com\/product\/22-carat-gold-stud-earring-33199\/"]}]},{"@type":"ImageObject","inLanguage":"de","@id":"https:\/\/www.purejewels.com\/product\/22-carat-gold-stud-earring-33199\/#primaryimage","url":"https:\/\/static.purejewels.com\/wp-content\/uploads\/2020\/10\/image188335477.jpg","contentUrl":"https:\/\/static.purejewels.com\/wp-content\/uploads\/2020\/10\/image188335477.jpg","width":1000,"height":1000},{"@type":"BreadcrumbList","@id":"https:\/\/www.purejewels.com\/product\/22-carat-gold-stud-earring-33199\/#breadcrumb","itemListElement":[{"@type":"ListItem","position":1,"name":"Home","item":"https:\/\/www.purejewels.com\/"},{"@type":"ListItem","position":2,"name":"Shop","item":"https:\/\/www.purejewels.com\/shop\/"},{"@type":"ListItem","position":3,"name":"22ct Gold Two-Tone Petal CZ Stud Earrings"}]},{"@type":"WebSite","@id":"https:\/\/www.purejewels.com\/#website","url":"https:\/\/www.purejewels.com\/","name":"PureJewels UK","description":"Teile die Liebe","publisher":{"@id":"https:\/\/www.purejewels.com\/#organization"},"potentialAction":[{"@type":"SearchAction","target":{"@type":"EntryPoint","urlTemplate":"https:\/\/www.purejewels.com\/?s={search_term_string}"},"query-input":{"@type":"PropertyValueSpecification","valueRequired":true,"valueName":"search_term_string"}}],"inLanguage":"de"},{"@type":"Organization","@id":"https:\/\/www.purejewels.com\/#organization","name":"PureJewels UK","url":"https:\/\/www.purejewels.com\/","logo":{"@type":"ImageObject","inLanguage":"de","@id":"https:\/\/www.purejewels.com\/#\/schema\/logo\/image\/","url":"https:\/\/static.purejewels.com\/wp-content\/uploads\/2020\/11\/Logo-PJ-New-1.png","contentUrl":"https:\/\/static.purejewels.com\/wp-content\/uploads\/2020\/11\/Logo-PJ-New-1.png","width":150,"height":80,"caption":"PureJewels UK"},"image":{"@id":"https:\/\/www.purejewels.com\/#\/schema\/logo\/image\/"}}]}},"_links":{"self":[{"href":"https:\/\/www.purejewels.com\/de\/wp-json\/wp\/v2\/product\/318518","targetHints":{"allow":["GET"]}}],"collection":[{"href":"https:\/\/www.purejewels.com\/de\/wp-json\/wp\/v2\/product"}],"about":[{"href":"https:\/\/www.purejewels.com\/de\/wp-json\/wp\/v2\/types\/product"}],"replies":[{"embeddable":true,"href":"https:\/\/www.purejewels.com\/de\/wp-json\/wp\/v2\/comments?post=318518"}],"version-history":[{"count":3,"href":"https:\/\/www.purejewels.com\/de\/wp-json\/wp\/v2\/product\/318518\/revisions"}],"predecessor-version":[{"id":422936,"href":"https:\/\/www.purejewels.com\/de\/wp-json\/wp\/v2\/product\/318518\/revisions\/422936"}],"wp:featuredmedia":[{"embeddable":true,"href":"https:\/\/www.purejewels.com\/de\/wp-json\/wp\/v2\/media\/318613"}],"wp:attachment":[{"href":"https:\/\/www.purejewels.com\/de\/wp-json\/wp\/v2\/media?parent=318518"}],"wp:term":[{"taxonomy":"product_brand","embeddable":true,"href":"https:\/\/www.purejewels.com\/de\/wp-json\/wp\/v2\/product_brand?post=318518"},{"taxonomy":"product_cat","embeddable":true,"href":"https:\/\/www.purejewels.com\/de\/wp-json\/wp\/v2\/product_cat?post=318518"},{"taxonomy":"product_tag","embeddable":true,"href":"https:\/\/www.purejewels.com\/de\/wp-json\/wp\/v2\/product_tag?post=318518"}],"curies":[{"name":"wp","href":"https:\/\/api.w.org\/{rel}","templated":true}]}}