{"id":318520,"date":"2020-10-22T14:19:07","date_gmt":"2020-10-22T13:19:07","guid":{"rendered":"https:\/\/www.purejewels.com\/product\/22ct-gold-pendant-1-2gm\/"},"modified":"2025-12-17T11:29:17","modified_gmt":"2025-12-17T11:29:17","slug":"22-karat-gold-anhanger-33202","status":"publish","type":"product","link":"https:\/\/www.purejewels.com\/de\/product\/22-carat-gold-pendant-33202\/","title":{"rendered":"22 Karat Goldanh\u00e4nger mit Rhodiumbeschichtung und Zirkonia-Stein"},"content":{"rendered":"<p>Verleihen Sie Ihrem Alltag Eleganz mit diesem exquisiten Anh\u00e4nger aus 22 Karat Gold, der sorgf\u00e4ltig gefertigt wurde, um zeitlosen Charme mit einem modernen Touch zu vereinen. Dieses zarte Design zeichnet sich durch ein Blumenmotiv aus, das durch einen brillanten Zirkonia-Stein (CZ) in der Mitte akzentuiert wird und Ihrem Dekollet\u00e9 einen strahlenden Glanz verleiht. Die zweifarbige Oberfl\u00e4che, die sattes Gelbgold mit einem raffinierten Rhodium-Akzent kombiniert, verst\u00e4rkt den Kontrast und l\u00e4sst das Blumenmotiv besonders gut zur Geltung kommen.<\/p>\n<p><strong>Design &amp; Handwerkskunst:<\/strong><\/p>\n<p>Jedes Element dieses Anh\u00e4ngers spiegelt sorgf\u00e4ltige Handwerkskunst wider \u2013 von den sanft geschwungenen Blattdetails bis hin zu den polierten Bl\u00fctenblattr\u00e4ndern. Die mit Rhodium veredelte Blume ist kunstvoll geschwungen, um ihr ein nat\u00fcrliches, anmutiges Aussehen zu verleihen, w\u00e4hrend das sie umgebende Gold sie in einer flie\u00dfenden, femininen Silhouette umh\u00fcllt.<\/p>\n<p><strong>Stil &amp; Tragbarkeit:<\/strong><\/p>\n<p>Dieser Anh\u00e4nger ist perfekt f\u00fcr alle, die zarten Schmuck mit raffinierter \u00c4sthetik sch\u00e4tzen. Er verleiht sowohl Alltagsoutfits als auch besonderen Anl\u00e4ssen eine subtile Note. Sein leichtes Design sorgt f\u00fcr Tragekomfort, w\u00e4hrend sein strahlender Glanz sowohl zu traditionellen als auch zu modernen Garderoben passt.<\/p>","protected":false},"excerpt":{"rendered":"<p>Dieser elegante Anh\u00e4nger aus 22 Karat Gold besticht durch sein florales Design, das durch eine Rhodiumbeschichtung und einen funkelnden Zirkonia-Stein (CZ) hervorgehoben wird. Eine perfekte Balance zwischen Tradition und modernem Charme.<\/p>\n<ul>\n<li>22 Karat Gold-Anh\u00e4nger<\/li>\n<li>mit Rhodium-Finish und CZ-Stein<\/li>\n<li>Wt. 1.1 gms<\/li>\n<li>SKU. 33202<\/li>\n<li>Kette nicht enthalten<\/li>\n<li>Alle Preise inklusive Mehrwertsteuer<\/li>\n<li>Alle unsere Produkte sind vom London Assay Office gestempelt.<\/li>\n<li>Alle Sets werden mit Pr\u00e4sentationsbox geliefert<\/li>\n<li>Kostenlose Lieferung in ganz UK<\/li>\n<li>Kontaktieren Sie uns\/Chat mit uns, um 22 Karat Goldschmuck online zu entdecken<\/li>\n<\/ul>","protected":false},"featured_media":318614,"comment_status":"closed","ping_status":"closed","template":"","meta":{"_eb_attr":"","_crsspst_to_jayantr4sg-hostcom":true},"product_brand":[],"product_cat":[1559,1576,1255,1769,1767,1575],"product_tag":[1546,63],"class_list":{"0":"post-318520","1":"product","2":"type-product","3":"status-publish","4":"has-post-thumbnail","6":"product_cat-birthday-gifts","7":"product_cat-childrens-jewellery","8":"product_cat-gold-pendants","9":"product_cat-kids-pendants","10":"product_cat-ladies-pendants","11":"product_cat-teenage-jewellery","12":"product_tag-children","13":"product_tag-gold","15":"first","16":"outofstock","17":"taxable","18":"shipping-taxable","19":"product-type-simple","20":"add-to-wishlist-before_image"},"yoast_head":"<!-- This site is optimized with the Yoast SEO plugin v27.3 - https:\/\/yoast.com\/product\/yoast-seo-wordpress\/ -->\n<title>22ct Gold Pendant with Rhodium Finish &amp; CZ \u2013 PureJewels UK<\/title>\n<meta name=\"description\" content=\"Discover timeless elegance with this 22 carat gold pendant featuring a rhodium finish and dazzling CZ stone. Perfect for everyday wear or special occasions.\" \/>\n<meta name=\"robots\" content=\"index, follow, max-snippet:-1, max-image-preview:large, max-video-preview:-1\" \/>\n<link rel=\"canonical\" href=\"https:\/\/www.purejewels.com\/de\/produkt-2\/22-karat-gold-anhanger-33202\/\" \/>\n<meta property=\"og:locale\" content=\"de_DE\" \/>\n<meta property=\"og:type\" content=\"article\" \/>\n<meta property=\"og:title\" content=\"22ct Gold Pendant with Rhodium Finish &amp; CZ \u2013 PureJewels UK\" \/>\n<meta property=\"og:description\" content=\"Discover timeless elegance with this 22 carat gold pendant featuring a rhodium finish and dazzling CZ stone. Perfect for everyday wear or special occasions.\" \/>\n<meta property=\"og:url\" content=\"https:\/\/www.purejewels.com\/de\/produkt-2\/22-karat-gold-anhanger-33202\/\" \/>\n<meta property=\"og:site_name\" content=\"PureJewels UK\" \/>\n<meta property=\"article:modified_time\" content=\"2025-12-17T11:29:17+00:00\" \/>\n<meta property=\"og:image\" content=\"https:\/\/static.purejewels.com\/wp-content\/uploads\/2020\/10\/image188335873.jpg\" \/>\n\t<meta property=\"og:image:width\" content=\"1000\" \/>\n\t<meta property=\"og:image:height\" content=\"1000\" \/>\n\t<meta property=\"og:image:type\" content=\"image\/jpeg\" \/>\n<meta name=\"twitter:card\" content=\"summary_large_image\" \/>\n<meta name=\"twitter:label1\" content=\"Gesch\u00e4tzte Lesezeit\" \/>\n\t<meta name=\"twitter:data1\" content=\"1\u00a0Minute\" \/>\n<script type=\"application\/ld+json\" class=\"yoast-schema-graph\">{\"@context\":\"https:\\\/\\\/schema.org\",\"@graph\":[{\"@type\":[\"WebPage\",\"ItemPage\"],\"@id\":\"https:\\\/\\\/www.purejewels.com\\\/product\\\/22-carat-gold-pendant-33202\\\/\",\"url\":\"https:\\\/\\\/www.purejewels.com\\\/product\\\/22-carat-gold-pendant-33202\\\/\",\"name\":\"22ct Gold Pendant with Rhodium Finish & CZ \u2013 PureJewels UK\",\"isPartOf\":{\"@id\":\"https:\\\/\\\/www.purejewels.com\\\/#website\"},\"primaryImageOfPage\":{\"@id\":\"https:\\\/\\\/www.purejewels.com\\\/product\\\/22-carat-gold-pendant-33202\\\/#primaryimage\"},\"image\":{\"@id\":\"https:\\\/\\\/www.purejewels.com\\\/product\\\/22-carat-gold-pendant-33202\\\/#primaryimage\"},\"thumbnailUrl\":\"https:\\\/\\\/static.purejewels.com\\\/wp-content\\\/uploads\\\/2020\\\/10\\\/image188335873.jpg\",\"datePublished\":\"2020-10-22T13:19:07+00:00\",\"dateModified\":\"2025-12-17T11:29:17+00:00\",\"description\":\"Discover timeless elegance with this 22 carat gold pendant featuring a rhodium finish and dazzling CZ stone. Perfect for everyday wear or special occasions.\",\"breadcrumb\":{\"@id\":\"https:\\\/\\\/www.purejewels.com\\\/product\\\/22-carat-gold-pendant-33202\\\/#breadcrumb\"},\"inLanguage\":\"de\",\"potentialAction\":[{\"@type\":\"ReadAction\",\"target\":[\"https:\\\/\\\/www.purejewels.com\\\/product\\\/22-carat-gold-pendant-33202\\\/\"]}]},{\"@type\":\"ImageObject\",\"inLanguage\":\"de\",\"@id\":\"https:\\\/\\\/www.purejewels.com\\\/product\\\/22-carat-gold-pendant-33202\\\/#primaryimage\",\"url\":\"https:\\\/\\\/static.purejewels.com\\\/wp-content\\\/uploads\\\/2020\\\/10\\\/image188335873.jpg\",\"contentUrl\":\"https:\\\/\\\/static.purejewels.com\\\/wp-content\\\/uploads\\\/2020\\\/10\\\/image188335873.jpg\",\"width\":1000,\"height\":1000},{\"@type\":\"BreadcrumbList\",\"@id\":\"https:\\\/\\\/www.purejewels.com\\\/product\\\/22-carat-gold-pendant-33202\\\/#breadcrumb\",\"itemListElement\":[{\"@type\":\"ListItem\",\"position\":1,\"name\":\"Home\",\"item\":\"https:\\\/\\\/www.purejewels.com\\\/\"},{\"@type\":\"ListItem\",\"position\":2,\"name\":\"Shop\",\"item\":\"https:\\\/\\\/www.purejewels.com\\\/shop\\\/\"},{\"@type\":\"ListItem\",\"position\":3,\"name\":\"22ct Gold Pendant with Rhodium Finish &#038; CZ Stone\"}]},{\"@type\":\"WebSite\",\"@id\":\"https:\\\/\\\/www.purejewels.com\\\/#website\",\"url\":\"https:\\\/\\\/www.purejewels.com\\\/\",\"name\":\"PureJewels UK\",\"description\":\"Share the Love\",\"publisher\":{\"@id\":\"https:\\\/\\\/www.purejewels.com\\\/#organization\"},\"potentialAction\":[{\"@type\":\"SearchAction\",\"target\":{\"@type\":\"EntryPoint\",\"urlTemplate\":\"https:\\\/\\\/www.purejewels.com\\\/?s={search_term_string}\"},\"query-input\":{\"@type\":\"PropertyValueSpecification\",\"valueRequired\":true,\"valueName\":\"search_term_string\"}}],\"inLanguage\":\"de\"},{\"@type\":\"Organization\",\"@id\":\"https:\\\/\\\/www.purejewels.com\\\/#organization\",\"name\":\"PureJewels UK\",\"url\":\"https:\\\/\\\/www.purejewels.com\\\/\",\"logo\":{\"@type\":\"ImageObject\",\"inLanguage\":\"de\",\"@id\":\"https:\\\/\\\/www.purejewels.com\\\/#\\\/schema\\\/logo\\\/image\\\/\",\"url\":\"https:\\\/\\\/static.purejewels.com\\\/wp-content\\\/uploads\\\/2020\\\/11\\\/Logo-PJ-New-1.png\",\"contentUrl\":\"https:\\\/\\\/static.purejewels.com\\\/wp-content\\\/uploads\\\/2020\\\/11\\\/Logo-PJ-New-1.png\",\"width\":150,\"height\":80,\"caption\":\"PureJewels UK\"},\"image\":{\"@id\":\"https:\\\/\\\/www.purejewels.com\\\/#\\\/schema\\\/logo\\\/image\\\/\"}}]}<\/script>\n<!-- \/ Yoast SEO plugin. -->","yoast_head_json":{"title":"22 Karat Goldanh\u00e4nger mit Rhodiumbeschichtung und Zirkonia \u2013 PureJewels UK","description":"Entdecken Sie zeitlose Eleganz mit diesem Anh\u00e4nger aus 22 Karat Gold mit Rhodium-Finish und funkelndem Zirkonia-Stein. Perfekt f\u00fcr den Alltag oder besondere Anl\u00e4sse.","robots":{"index":"index","follow":"follow","max-snippet":"max-snippet:-1","max-image-preview":"max-image-preview:large","max-video-preview":"max-video-preview:-1"},"canonical":"https:\/\/www.purejewels.com\/de\/produkt-2\/22-karat-gold-anhanger-33202\/","og_locale":"de_DE","og_type":"article","og_title":"22ct Gold Pendant with Rhodium Finish & CZ \u2013 PureJewels UK","og_description":"Discover timeless elegance with this 22 carat gold pendant featuring a rhodium finish and dazzling CZ stone. Perfect for everyday wear or special occasions.","og_url":"https:\/\/www.purejewels.com\/de\/produkt-2\/22-karat-gold-anhanger-33202\/","og_site_name":"PureJewels UK","article_modified_time":"2025-12-17T11:29:17+00:00","og_image":[{"width":1000,"height":1000,"url":"https:\/\/static.purejewels.com\/wp-content\/uploads\/2020\/10\/image188335873.jpg","type":"image\/jpeg"}],"twitter_card":"summary_large_image","twitter_misc":{"Gesch\u00e4tzte Lesezeit":"1\u00a0Minute"},"schema":{"@context":"https:\/\/schema.org","@graph":[{"@type":["WebPage","ItemPage"],"@id":"https:\/\/www.purejewels.com\/product\/22-carat-gold-pendant-33202\/","url":"https:\/\/www.purejewels.com\/product\/22-carat-gold-pendant-33202\/","name":"22 Karat Goldanh\u00e4nger mit Rhodiumbeschichtung und Zirkonia \u2013 PureJewels UK","isPartOf":{"@id":"https:\/\/www.purejewels.com\/#website"},"primaryImageOfPage":{"@id":"https:\/\/www.purejewels.com\/product\/22-carat-gold-pendant-33202\/#primaryimage"},"image":{"@id":"https:\/\/www.purejewels.com\/product\/22-carat-gold-pendant-33202\/#primaryimage"},"thumbnailUrl":"https:\/\/static.purejewels.com\/wp-content\/uploads\/2020\/10\/image188335873.jpg","datePublished":"2020-10-22T13:19:07+00:00","dateModified":"2025-12-17T11:29:17+00:00","description":"Entdecken Sie zeitlose Eleganz mit diesem Anh\u00e4nger aus 22 Karat Gold mit Rhodium-Finish und funkelndem Zirkonia-Stein. Perfekt f\u00fcr den Alltag oder besondere Anl\u00e4sse.","breadcrumb":{"@id":"https:\/\/www.purejewels.com\/product\/22-carat-gold-pendant-33202\/#breadcrumb"},"inLanguage":"de","potentialAction":[{"@type":"ReadAction","target":["https:\/\/www.purejewels.com\/product\/22-carat-gold-pendant-33202\/"]}]},{"@type":"ImageObject","inLanguage":"de","@id":"https:\/\/www.purejewels.com\/product\/22-carat-gold-pendant-33202\/#primaryimage","url":"https:\/\/static.purejewels.com\/wp-content\/uploads\/2020\/10\/image188335873.jpg","contentUrl":"https:\/\/static.purejewels.com\/wp-content\/uploads\/2020\/10\/image188335873.jpg","width":1000,"height":1000},{"@type":"BreadcrumbList","@id":"https:\/\/www.purejewels.com\/product\/22-carat-gold-pendant-33202\/#breadcrumb","itemListElement":[{"@type":"ListItem","position":1,"name":"Home","item":"https:\/\/www.purejewels.com\/"},{"@type":"ListItem","position":2,"name":"Shop","item":"https:\/\/www.purejewels.com\/shop\/"},{"@type":"ListItem","position":3,"name":"22ct Gold Pendant with Rhodium Finish &#038; CZ Stone"}]},{"@type":"WebSite","@id":"https:\/\/www.purejewels.com\/#website","url":"https:\/\/www.purejewels.com\/","name":"PureJewels UK","description":"Teile die Liebe","publisher":{"@id":"https:\/\/www.purejewels.com\/#organization"},"potentialAction":[{"@type":"SearchAction","target":{"@type":"EntryPoint","urlTemplate":"https:\/\/www.purejewels.com\/?s={search_term_string}"},"query-input":{"@type":"PropertyValueSpecification","valueRequired":true,"valueName":"search_term_string"}}],"inLanguage":"de"},{"@type":"Organization","@id":"https:\/\/www.purejewels.com\/#organization","name":"PureJewels UK","url":"https:\/\/www.purejewels.com\/","logo":{"@type":"ImageObject","inLanguage":"de","@id":"https:\/\/www.purejewels.com\/#\/schema\/logo\/image\/","url":"https:\/\/static.purejewels.com\/wp-content\/uploads\/2020\/11\/Logo-PJ-New-1.png","contentUrl":"https:\/\/static.purejewels.com\/wp-content\/uploads\/2020\/11\/Logo-PJ-New-1.png","width":150,"height":80,"caption":"PureJewels UK"},"image":{"@id":"https:\/\/www.purejewels.com\/#\/schema\/logo\/image\/"}}]}},"_links":{"self":[{"href":"https:\/\/www.purejewels.com\/de\/wp-json\/wp\/v2\/product\/318520","targetHints":{"allow":["GET"]}}],"collection":[{"href":"https:\/\/www.purejewels.com\/de\/wp-json\/wp\/v2\/product"}],"about":[{"href":"https:\/\/www.purejewels.com\/de\/wp-json\/wp\/v2\/types\/product"}],"replies":[{"embeddable":true,"href":"https:\/\/www.purejewels.com\/de\/wp-json\/wp\/v2\/comments?post=318520"}],"version-history":[{"count":3,"href":"https:\/\/www.purejewels.com\/de\/wp-json\/wp\/v2\/product\/318520\/revisions"}],"predecessor-version":[{"id":423309,"href":"https:\/\/www.purejewels.com\/de\/wp-json\/wp\/v2\/product\/318520\/revisions\/423309"}],"wp:featuredmedia":[{"embeddable":true,"href":"https:\/\/www.purejewels.com\/de\/wp-json\/wp\/v2\/media\/318614"}],"wp:attachment":[{"href":"https:\/\/www.purejewels.com\/de\/wp-json\/wp\/v2\/media?parent=318520"}],"wp:term":[{"taxonomy":"product_brand","embeddable":true,"href":"https:\/\/www.purejewels.com\/de\/wp-json\/wp\/v2\/product_brand?post=318520"},{"taxonomy":"product_cat","embeddable":true,"href":"https:\/\/www.purejewels.com\/de\/wp-json\/wp\/v2\/product_cat?post=318520"},{"taxonomy":"product_tag","embeddable":true,"href":"https:\/\/www.purejewels.com\/de\/wp-json\/wp\/v2\/product_tag?post=318520"}],"curies":[{"name":"wp","href":"https:\/\/api.w.org\/{rel}","templated":true}]}}