{"id":318536,"date":"2020-10-23T07:10:00","date_gmt":"2020-10-23T06:10:00","guid":{"rendered":"https:\/\/www.purejewels.com\/product\/22ct-gold-earring-2-6gm-2\/"},"modified":"2025-12-22T12:03:36","modified_gmt":"2025-12-22T12:03:36","slug":"ohrstecker-aus-22-karat-gold-mit-zirkonia-33209","status":"publish","type":"product","link":"https:\/\/www.purejewels.com\/de\/product\/22ct-gold-cubic-zirconia-stud-earring-33209\/","title":{"rendered":"22 Karat Gold Sunburst Ohrstecker mit Zirkonia"},"content":{"rendered":"<p><strong>Entwurf:<\/strong><br \/>\nInspiriert vom Strahlen der Sonne, zeichnen sich diese Ohrringe durch ein goldenes Sonnenstrahlenmuster in der Mitte aus, das Energie und W\u00e4rme symbolisiert. Der zentrale Stein wird von einem funkelnden Halo aus hochwertigen Zirkonia-Steinen umrahmt, wodurch ein luxuri\u00f6ser und auff\u00e4lliger Effekt entsteht.<\/p>\n<p><strong>Handwerkliches K\u00f6nnen:<\/strong><br \/>\nJeder Ohrstecker ist aus hochwertigem 22-kar\u00e4tigem Gold handgefertigt und mit sorgf\u00e4ltig gearbeiteten, in Krappenfassungen gesetzten Zirkoniasteinen versehen, die f\u00fcr maximalen Glanz sorgen. Die polierte R\u00fcckseite und der sichere Push-Back-Verschluss garantieren sowohl Sch\u00f6nheit als auch Tragekomfort.<\/p>\n<p><strong>Stil:<\/strong><br \/>\nDiese Ohrringe sind eine raffinierte Mischung aus Klassik und Moderne und eignen sich sowohl f\u00fcr formelle Anl\u00e4sse als auch f\u00fcr den eleganten Alltag. Ob zu ethnischer Kleidung oder modernen Outfits \u2013 sie verleihen Ihrem Look einen eleganten Glanz.<\/p>","protected":false},"excerpt":{"rendered":"<p>Diese Ohrringe aus 22 Karat Gold mit Sonnenstrahlenmotiv zeichnen sich durch ein strahlendes Design mit einem funkelnden Stein in der Mitte aus, der von einem Kranz aus Zirkonia umgeben ist und f\u00fcr einen zeitlosen, eleganten Look sorgt.<\/p>\n<ul>\n<li>22ct Gold Ohrstecker<\/li>\n<li>mit Cz-Steinen<\/li>\n<li>Wt. 2.6 gms<\/li>\n<li>SKU. 33209<\/li>\n<li>Alle Preise inklusive Mehrwertsteuer<\/li>\n<li>22ct Gold gestempelt von London Assay Office<\/li>\n<li>Mit Pr\u00e4sentationsbox<\/li>\n<li>Lieferung inbegriffen<\/li>\n<li>Live-Chat mit uns f\u00fcr die Verf\u00fcgbarkeit und mehr Bilder von \u00e4hnlichen Designs derzeit auf Lager<\/li>\n<\/ul>","protected":false},"featured_media":318538,"comment_status":"closed","ping_status":"closed","template":"","meta":{"_eb_attr":"","_crsspst_to_jayantr4sg-hostcom":true},"product_brand":[],"product_cat":[1791,1559,1793,1254,1577,1575],"product_tag":[],"class_list":{"0":"post-318536","1":"product","2":"type-product","3":"status-publish","4":"has-post-thumbnail","6":"product_cat-anniversary-gifts","7":"product_cat-birthday-gifts","8":"product_cat-diwali-gifts","9":"product_cat-gold-earrings","10":"product_cat-stud-earrings","11":"product_cat-teenage-jewellery","13":"first","14":"outofstock","15":"taxable","16":"shipping-taxable","17":"product-type-simple","18":"add-to-wishlist-before_image"},"yoast_head":"<!-- This site is optimized with the Yoast SEO plugin v27.3 - https:\/\/yoast.com\/product\/yoast-seo-wordpress\/ -->\n<title>22ct Gold Sunburst CZ Earrings | Round Stud Earrings for Women<\/title>\n<meta name=\"description\" content=\"Radiate elegance with 22ct gold sunburst stud earrings, accented by a brilliant halo of cubic zirconia. Perfect for everyday glamour or special occasions.\" \/>\n<meta name=\"robots\" content=\"index, follow, max-snippet:-1, max-image-preview:large, max-video-preview:-1\" \/>\n<link rel=\"canonical\" href=\"https:\/\/www.purejewels.com\/de\/produkt-2\/ohrstecker-aus-22-karat-gold-mit-zirkonia-33209\/\" \/>\n<meta property=\"og:locale\" content=\"de_DE\" \/>\n<meta property=\"og:type\" content=\"article\" \/>\n<meta property=\"og:title\" content=\"22ct Gold Sunburst CZ Earrings | Round Stud Earrings for Women\" \/>\n<meta property=\"og:description\" content=\"Radiate elegance with 22ct gold sunburst stud earrings, accented by a brilliant halo of cubic zirconia. Perfect for everyday glamour or special occasions.\" \/>\n<meta property=\"og:url\" content=\"https:\/\/www.purejewels.com\/de\/produkt-2\/ohrstecker-aus-22-karat-gold-mit-zirkonia-33209\/\" \/>\n<meta property=\"og:site_name\" content=\"PureJewels UK\" \/>\n<meta property=\"article:modified_time\" content=\"2025-12-22T12:03:36+00:00\" \/>\n<meta property=\"og:image\" content=\"https:\/\/static.purejewels.com\/wp-content\/uploads\/2020\/10\/image188278535.jpg\" \/>\n\t<meta property=\"og:image:width\" content=\"1000\" \/>\n\t<meta property=\"og:image:height\" content=\"1000\" \/>\n\t<meta property=\"og:image:type\" content=\"image\/jpeg\" \/>\n<meta name=\"twitter:card\" content=\"summary_large_image\" \/>\n<meta name=\"twitter:label1\" content=\"Gesch\u00e4tzte Lesezeit\" \/>\n\t<meta name=\"twitter:data1\" content=\"1\u00a0Minute\" \/>\n<script type=\"application\/ld+json\" class=\"yoast-schema-graph\">{\"@context\":\"https:\\\/\\\/schema.org\",\"@graph\":[{\"@type\":[\"WebPage\",\"ItemPage\"],\"@id\":\"https:\\\/\\\/www.purejewels.com\\\/product\\\/22ct-gold-cubic-zirconia-stud-earring-33209\\\/\",\"url\":\"https:\\\/\\\/www.purejewels.com\\\/product\\\/22ct-gold-cubic-zirconia-stud-earring-33209\\\/\",\"name\":\"22ct Gold Sunburst CZ Earrings | Round Stud Earrings for Women\",\"isPartOf\":{\"@id\":\"https:\\\/\\\/www.purejewels.com\\\/#website\"},\"primaryImageOfPage\":{\"@id\":\"https:\\\/\\\/www.purejewels.com\\\/product\\\/22ct-gold-cubic-zirconia-stud-earring-33209\\\/#primaryimage\"},\"image\":{\"@id\":\"https:\\\/\\\/www.purejewels.com\\\/product\\\/22ct-gold-cubic-zirconia-stud-earring-33209\\\/#primaryimage\"},\"thumbnailUrl\":\"https:\\\/\\\/static.purejewels.com\\\/wp-content\\\/uploads\\\/2020\\\/10\\\/image188278535.jpg\",\"datePublished\":\"2020-10-23T06:10:00+00:00\",\"dateModified\":\"2025-12-22T12:03:36+00:00\",\"description\":\"Radiate elegance with 22ct gold sunburst stud earrings, accented by a brilliant halo of cubic zirconia. Perfect for everyday glamour or special occasions.\",\"breadcrumb\":{\"@id\":\"https:\\\/\\\/www.purejewels.com\\\/product\\\/22ct-gold-cubic-zirconia-stud-earring-33209\\\/#breadcrumb\"},\"inLanguage\":\"de\",\"potentialAction\":[{\"@type\":\"ReadAction\",\"target\":[\"https:\\\/\\\/www.purejewels.com\\\/product\\\/22ct-gold-cubic-zirconia-stud-earring-33209\\\/\"]}]},{\"@type\":\"ImageObject\",\"inLanguage\":\"de\",\"@id\":\"https:\\\/\\\/www.purejewels.com\\\/product\\\/22ct-gold-cubic-zirconia-stud-earring-33209\\\/#primaryimage\",\"url\":\"https:\\\/\\\/static.purejewels.com\\\/wp-content\\\/uploads\\\/2020\\\/10\\\/image188278535.jpg\",\"contentUrl\":\"https:\\\/\\\/static.purejewels.com\\\/wp-content\\\/uploads\\\/2020\\\/10\\\/image188278535.jpg\",\"width\":1000,\"height\":1000},{\"@type\":\"BreadcrumbList\",\"@id\":\"https:\\\/\\\/www.purejewels.com\\\/product\\\/22ct-gold-cubic-zirconia-stud-earring-33209\\\/#breadcrumb\",\"itemListElement\":[{\"@type\":\"ListItem\",\"position\":1,\"name\":\"Home\",\"item\":\"https:\\\/\\\/www.purejewels.com\\\/\"},{\"@type\":\"ListItem\",\"position\":2,\"name\":\"Shop\",\"item\":\"https:\\\/\\\/www.purejewels.com\\\/shop\\\/\"},{\"@type\":\"ListItem\",\"position\":3,\"name\":\"22ct Gold Sunburst Stud Earrings with CZ\"}]},{\"@type\":\"WebSite\",\"@id\":\"https:\\\/\\\/www.purejewels.com\\\/#website\",\"url\":\"https:\\\/\\\/www.purejewels.com\\\/\",\"name\":\"PureJewels UK\",\"description\":\"Share the Love\",\"publisher\":{\"@id\":\"https:\\\/\\\/www.purejewels.com\\\/#organization\"},\"potentialAction\":[{\"@type\":\"SearchAction\",\"target\":{\"@type\":\"EntryPoint\",\"urlTemplate\":\"https:\\\/\\\/www.purejewels.com\\\/?s={search_term_string}\"},\"query-input\":{\"@type\":\"PropertyValueSpecification\",\"valueRequired\":true,\"valueName\":\"search_term_string\"}}],\"inLanguage\":\"de\"},{\"@type\":\"Organization\",\"@id\":\"https:\\\/\\\/www.purejewels.com\\\/#organization\",\"name\":\"PureJewels UK\",\"url\":\"https:\\\/\\\/www.purejewels.com\\\/\",\"logo\":{\"@type\":\"ImageObject\",\"inLanguage\":\"de\",\"@id\":\"https:\\\/\\\/www.purejewels.com\\\/#\\\/schema\\\/logo\\\/image\\\/\",\"url\":\"https:\\\/\\\/static.purejewels.com\\\/wp-content\\\/uploads\\\/2020\\\/11\\\/Logo-PJ-New-1.png\",\"contentUrl\":\"https:\\\/\\\/static.purejewels.com\\\/wp-content\\\/uploads\\\/2020\\\/11\\\/Logo-PJ-New-1.png\",\"width\":150,\"height\":80,\"caption\":\"PureJewels UK\"},\"image\":{\"@id\":\"https:\\\/\\\/www.purejewels.com\\\/#\\\/schema\\\/logo\\\/image\\\/\"}}]}<\/script>\n<!-- \/ Yoast SEO plugin. -->","yoast_head_json":{"title":"22 Karat Gold Sunburst CZ Ohrringe | Runde Ohrstecker f\u00fcr Damen","description":"Strahlen Sie Eleganz aus mit diesen Ohrsteckern mit 22-kar\u00e4tigem Gold und Sonnenstrahlenmotiv, die durch einen brillanten Halo aus Zirkonia akzentuiert werden. Perfekt f\u00fcr den glamour\u00f6sen Alltag oder besondere Anl\u00e4sse.","robots":{"index":"index","follow":"follow","max-snippet":"max-snippet:-1","max-image-preview":"max-image-preview:large","max-video-preview":"max-video-preview:-1"},"canonical":"https:\/\/www.purejewels.com\/de\/produkt-2\/ohrstecker-aus-22-karat-gold-mit-zirkonia-33209\/","og_locale":"de_DE","og_type":"article","og_title":"22ct Gold Sunburst CZ Earrings | Round Stud Earrings for Women","og_description":"Radiate elegance with 22ct gold sunburst stud earrings, accented by a brilliant halo of cubic zirconia. Perfect for everyday glamour or special occasions.","og_url":"https:\/\/www.purejewels.com\/de\/produkt-2\/ohrstecker-aus-22-karat-gold-mit-zirkonia-33209\/","og_site_name":"PureJewels UK","article_modified_time":"2025-12-22T12:03:36+00:00","og_image":[{"width":1000,"height":1000,"url":"https:\/\/static.purejewels.com\/wp-content\/uploads\/2020\/10\/image188278535.jpg","type":"image\/jpeg"}],"twitter_card":"summary_large_image","twitter_misc":{"Gesch\u00e4tzte Lesezeit":"1\u00a0Minute"},"schema":{"@context":"https:\/\/schema.org","@graph":[{"@type":["WebPage","ItemPage"],"@id":"https:\/\/www.purejewels.com\/product\/22ct-gold-cubic-zirconia-stud-earring-33209\/","url":"https:\/\/www.purejewels.com\/product\/22ct-gold-cubic-zirconia-stud-earring-33209\/","name":"22 Karat Gold Sunburst CZ Ohrringe | Runde Ohrstecker f\u00fcr Damen","isPartOf":{"@id":"https:\/\/www.purejewels.com\/#website"},"primaryImageOfPage":{"@id":"https:\/\/www.purejewels.com\/product\/22ct-gold-cubic-zirconia-stud-earring-33209\/#primaryimage"},"image":{"@id":"https:\/\/www.purejewels.com\/product\/22ct-gold-cubic-zirconia-stud-earring-33209\/#primaryimage"},"thumbnailUrl":"https:\/\/static.purejewels.com\/wp-content\/uploads\/2020\/10\/image188278535.jpg","datePublished":"2020-10-23T06:10:00+00:00","dateModified":"2025-12-22T12:03:36+00:00","description":"Strahlen Sie Eleganz aus mit diesen Ohrsteckern mit 22-kar\u00e4tigem Gold und Sonnenstrahlenmotiv, die durch einen brillanten Halo aus Zirkonia akzentuiert werden. Perfekt f\u00fcr den glamour\u00f6sen Alltag oder besondere Anl\u00e4sse.","breadcrumb":{"@id":"https:\/\/www.purejewels.com\/product\/22ct-gold-cubic-zirconia-stud-earring-33209\/#breadcrumb"},"inLanguage":"de","potentialAction":[{"@type":"ReadAction","target":["https:\/\/www.purejewels.com\/product\/22ct-gold-cubic-zirconia-stud-earring-33209\/"]}]},{"@type":"ImageObject","inLanguage":"de","@id":"https:\/\/www.purejewels.com\/product\/22ct-gold-cubic-zirconia-stud-earring-33209\/#primaryimage","url":"https:\/\/static.purejewels.com\/wp-content\/uploads\/2020\/10\/image188278535.jpg","contentUrl":"https:\/\/static.purejewels.com\/wp-content\/uploads\/2020\/10\/image188278535.jpg","width":1000,"height":1000},{"@type":"BreadcrumbList","@id":"https:\/\/www.purejewels.com\/product\/22ct-gold-cubic-zirconia-stud-earring-33209\/#breadcrumb","itemListElement":[{"@type":"ListItem","position":1,"name":"Home","item":"https:\/\/www.purejewels.com\/"},{"@type":"ListItem","position":2,"name":"Shop","item":"https:\/\/www.purejewels.com\/shop\/"},{"@type":"ListItem","position":3,"name":"22ct Gold Sunburst Stud Earrings with CZ"}]},{"@type":"WebSite","@id":"https:\/\/www.purejewels.com\/#website","url":"https:\/\/www.purejewels.com\/","name":"PureJewels UK","description":"Teile die Liebe","publisher":{"@id":"https:\/\/www.purejewels.com\/#organization"},"potentialAction":[{"@type":"SearchAction","target":{"@type":"EntryPoint","urlTemplate":"https:\/\/www.purejewels.com\/?s={search_term_string}"},"query-input":{"@type":"PropertyValueSpecification","valueRequired":true,"valueName":"search_term_string"}}],"inLanguage":"de"},{"@type":"Organization","@id":"https:\/\/www.purejewels.com\/#organization","name":"PureJewels UK","url":"https:\/\/www.purejewels.com\/","logo":{"@type":"ImageObject","inLanguage":"de","@id":"https:\/\/www.purejewels.com\/#\/schema\/logo\/image\/","url":"https:\/\/static.purejewels.com\/wp-content\/uploads\/2020\/11\/Logo-PJ-New-1.png","contentUrl":"https:\/\/static.purejewels.com\/wp-content\/uploads\/2020\/11\/Logo-PJ-New-1.png","width":150,"height":80,"caption":"PureJewels UK"},"image":{"@id":"https:\/\/www.purejewels.com\/#\/schema\/logo\/image\/"}}]}},"_links":{"self":[{"href":"https:\/\/www.purejewels.com\/de\/wp-json\/wp\/v2\/product\/318536","targetHints":{"allow":["GET"]}}],"collection":[{"href":"https:\/\/www.purejewels.com\/de\/wp-json\/wp\/v2\/product"}],"about":[{"href":"https:\/\/www.purejewels.com\/de\/wp-json\/wp\/v2\/types\/product"}],"replies":[{"embeddable":true,"href":"https:\/\/www.purejewels.com\/de\/wp-json\/wp\/v2\/comments?post=318536"}],"version-history":[{"count":3,"href":"https:\/\/www.purejewels.com\/de\/wp-json\/wp\/v2\/product\/318536\/revisions"}],"predecessor-version":[{"id":423688,"href":"https:\/\/www.purejewels.com\/de\/wp-json\/wp\/v2\/product\/318536\/revisions\/423688"}],"wp:featuredmedia":[{"embeddable":true,"href":"https:\/\/www.purejewels.com\/de\/wp-json\/wp\/v2\/media\/318538"}],"wp:attachment":[{"href":"https:\/\/www.purejewels.com\/de\/wp-json\/wp\/v2\/media?parent=318536"}],"wp:term":[{"taxonomy":"product_brand","embeddable":true,"href":"https:\/\/www.purejewels.com\/de\/wp-json\/wp\/v2\/product_brand?post=318536"},{"taxonomy":"product_cat","embeddable":true,"href":"https:\/\/www.purejewels.com\/de\/wp-json\/wp\/v2\/product_cat?post=318536"},{"taxonomy":"product_tag","embeddable":true,"href":"https:\/\/www.purejewels.com\/de\/wp-json\/wp\/v2\/product_tag?post=318536"}],"curies":[{"name":"wp","href":"https:\/\/api.w.org\/{rel}","templated":true}]}}