{"id":318545,"date":"2020-10-23T08:58:42","date_gmt":"2020-10-23T07:58:42","guid":{"rendered":"https:\/\/www.purejewels.com\/product\/22ct-gold-earring-2-9gm-2\/"},"modified":"2025-12-23T11:21:23","modified_gmt":"2025-12-23T11:21:23","slug":"22-karat-gold-ohrring-33231","status":"publish","type":"product","link":"https:\/\/www.purejewels.com\/de\/product\/22ct-gold-earring-33231\/","title":{"rendered":"22 Karat Gold Ohrringe mit Rhodium-Finish"},"content":{"rendered":"<p><strong>Gestaltung<\/strong><\/p>\n<p>Diese unverwechselbaren Ohrstecker zeichnen sich durch eine skulpturale Silhouette mit flie\u00dfenden Kurven und filigranen Durchbruchdetails aus. Das Design kombiniert die W\u00e4rme von 22 Karat Gold mit einem auff\u00e4lligen Akzent aus Rhodium in der Mitte und schafft so einen raffinierten Zweifarbkontrast. Die weich konturierte Form verleiht Tiefe und Dimension und bietet eine moderne Interpretation zeitloser Eleganz.<\/p>\n<p><strong>Handwerkliches K\u00f6nnen<\/strong><\/p>\n<p>Jeder Ohrring ist fachm\u00e4nnisch aus strahlendem 22-kar\u00e4tigem Gold gefertigt und spiegelt das Bekenntnis von PureJewels zu Pr\u00e4zision und feiner Handwerkskunst wider. Die durchbrochenen Details sind sorgf\u00e4ltig geformt, um Ausgewogenheit und Leichtigkeit zu gew\u00e4hrleisten, w\u00e4hrend die Rhodiumbeschichtung ausgew\u00e4hlte Elemente hervorhebt und f\u00fcr zus\u00e4tzliche Definition und Raffinesse sorgt. Diese Ohrstecker sind hochglanzpoliert und bieten sowohl Komfort als auch langlebige Qualit\u00e4t.<\/p>\n<p><strong>Stil<\/strong><\/p>\n<p>Diese eleganten und modernen Ohrstecker aus 22 Karat Gold mit Rhodiumbeschichtung eignen sich ideal f\u00fcr den Alltag oder f\u00fcr zur\u00fcckhaltende Anl\u00e4sse. Ihre skulpturale Form l\u00e4sst sich m\u00fchelos mit traditionellen und modernen Outfits kombinieren und macht sie zu einer vielseitigen Erg\u00e4nzung jeder Schmuckkollektion. Ein raffiniertes Statement-St\u00fcck, das daf\u00fcr geschaffen ist, \u00fcber Jahre hinweg getragen und gesch\u00e4tzt zu werden.<\/p>","protected":false},"excerpt":{"rendered":"<p>Skulpturale Ohrstecker aus 22 Karat Gold mit aufwendigen durchbrochenen Details und einem polierten Rhodium-Finish.<\/p>\n<ul>\n<li>22ct Gold Ohrstecker<\/li>\n<li>mit Rhodium-Finish<\/li>\n<li>Wt. 2.9 gms<\/li>\n<li>SKU. 33231<\/li>\n<li>Alle Preise inklusive Mehrwertsteuer<\/li>\n<li>22ct Gold gestempelt von London Assay Office<\/li>\n<li>Mit Pr\u00e4sentationsbox<\/li>\n<li>Lieferung inbegriffen<\/li>\n<li>Live-Chat mit uns f\u00fcr die Verf\u00fcgbarkeit und mehr Bilder von \u00e4hnlichen Designs derzeit auf Lager<\/li>\n<\/ul>","protected":false},"featured_media":318552,"comment_status":"closed","ping_status":"closed","template":"","meta":{"_eb_attr":"","_crsspst_to_jayantr4sg-hostcom":true},"product_brand":[],"product_cat":[1254],"product_tag":[],"class_list":{"0":"post-318545","1":"product","2":"type-product","3":"status-publish","4":"has-post-thumbnail","6":"product_cat-gold-earrings","8":"first","9":"outofstock","10":"taxable","11":"shipping-taxable","12":"product-type-simple","13":"add-to-wishlist-before_image"},"yoast_head":"<!-- This site is optimized with the Yoast SEO plugin v27.3 - https:\/\/yoast.com\/product\/yoast-seo-wordpress\/ -->\n<title>22ct Gold Sculpted Earrings with Rhodium Finish | PureJewels UK<\/title>\n<meta name=\"description\" content=\"Elegant 22ct gold stud earrings with sculpted openwork detailing and a refined rhodium finish. Contemporary elegance by PureJewels London.\" \/>\n<meta name=\"robots\" content=\"index, follow, max-snippet:-1, max-image-preview:large, max-video-preview:-1\" \/>\n<link rel=\"canonical\" href=\"https:\/\/www.purejewels.com\/de\/produkt-2\/22-karat-gold-ohrring-33231\/\" \/>\n<meta property=\"og:locale\" content=\"de_DE\" \/>\n<meta property=\"og:type\" content=\"article\" \/>\n<meta property=\"og:title\" content=\"22ct Gold Sculpted Earrings with Rhodium Finish | PureJewels UK\" \/>\n<meta property=\"og:description\" content=\"Elegant 22ct gold stud earrings with sculpted openwork detailing and a refined rhodium finish. Contemporary elegance by PureJewels London.\" \/>\n<meta property=\"og:url\" content=\"https:\/\/www.purejewels.com\/de\/produkt-2\/22-karat-gold-ohrring-33231\/\" \/>\n<meta property=\"og:site_name\" content=\"PureJewels UK\" \/>\n<meta property=\"article:modified_time\" content=\"2025-12-23T11:21:23+00:00\" \/>\n<meta property=\"og:image\" content=\"https:\/\/static.purejewels.com\/wp-content\/uploads\/2020\/10\/image188293702.jpg\" \/>\n\t<meta property=\"og:image:width\" content=\"1000\" \/>\n\t<meta property=\"og:image:height\" content=\"1000\" \/>\n\t<meta property=\"og:image:type\" content=\"image\/jpeg\" \/>\n<meta name=\"twitter:card\" content=\"summary_large_image\" \/>\n<meta name=\"twitter:label1\" content=\"Gesch\u00e4tzte Lesezeit\" \/>\n\t<meta name=\"twitter:data1\" content=\"1\u00a0Minute\" \/>\n<script type=\"application\/ld+json\" class=\"yoast-schema-graph\">{\"@context\":\"https:\\\/\\\/schema.org\",\"@graph\":[{\"@type\":[\"WebPage\",\"ItemPage\"],\"@id\":\"https:\\\/\\\/www.purejewels.com\\\/product\\\/22ct-gold-earring-33231\\\/\",\"url\":\"https:\\\/\\\/www.purejewels.com\\\/product\\\/22ct-gold-earring-33231\\\/\",\"name\":\"22ct Gold Sculpted Earrings with Rhodium Finish | PureJewels UK\",\"isPartOf\":{\"@id\":\"https:\\\/\\\/www.purejewels.com\\\/#website\"},\"primaryImageOfPage\":{\"@id\":\"https:\\\/\\\/www.purejewels.com\\\/product\\\/22ct-gold-earring-33231\\\/#primaryimage\"},\"image\":{\"@id\":\"https:\\\/\\\/www.purejewels.com\\\/product\\\/22ct-gold-earring-33231\\\/#primaryimage\"},\"thumbnailUrl\":\"https:\\\/\\\/static.purejewels.com\\\/wp-content\\\/uploads\\\/2020\\\/10\\\/image188293702.jpg\",\"datePublished\":\"2020-10-23T07:58:42+00:00\",\"dateModified\":\"2025-12-23T11:21:23+00:00\",\"description\":\"Elegant 22ct gold stud earrings with sculpted openwork detailing and a refined rhodium finish. Contemporary elegance by PureJewels London.\",\"breadcrumb\":{\"@id\":\"https:\\\/\\\/www.purejewels.com\\\/product\\\/22ct-gold-earring-33231\\\/#breadcrumb\"},\"inLanguage\":\"de\",\"potentialAction\":[{\"@type\":\"ReadAction\",\"target\":[\"https:\\\/\\\/www.purejewels.com\\\/product\\\/22ct-gold-earring-33231\\\/\"]}]},{\"@type\":\"ImageObject\",\"inLanguage\":\"de\",\"@id\":\"https:\\\/\\\/www.purejewels.com\\\/product\\\/22ct-gold-earring-33231\\\/#primaryimage\",\"url\":\"https:\\\/\\\/static.purejewels.com\\\/wp-content\\\/uploads\\\/2020\\\/10\\\/image188293702.jpg\",\"contentUrl\":\"https:\\\/\\\/static.purejewels.com\\\/wp-content\\\/uploads\\\/2020\\\/10\\\/image188293702.jpg\",\"width\":1000,\"height\":1000},{\"@type\":\"BreadcrumbList\",\"@id\":\"https:\\\/\\\/www.purejewels.com\\\/product\\\/22ct-gold-earring-33231\\\/#breadcrumb\",\"itemListElement\":[{\"@type\":\"ListItem\",\"position\":1,\"name\":\"Home\",\"item\":\"https:\\\/\\\/www.purejewels.com\\\/\"},{\"@type\":\"ListItem\",\"position\":2,\"name\":\"Shop\",\"item\":\"https:\\\/\\\/www.purejewels.com\\\/shop\\\/\"},{\"@type\":\"ListItem\",\"position\":3,\"name\":\"22ct Gold Sculpted Earrings with Rhodium Finish\"}]},{\"@type\":\"WebSite\",\"@id\":\"https:\\\/\\\/www.purejewels.com\\\/#website\",\"url\":\"https:\\\/\\\/www.purejewels.com\\\/\",\"name\":\"PureJewels UK\",\"description\":\"Share the Love\",\"publisher\":{\"@id\":\"https:\\\/\\\/www.purejewels.com\\\/#organization\"},\"potentialAction\":[{\"@type\":\"SearchAction\",\"target\":{\"@type\":\"EntryPoint\",\"urlTemplate\":\"https:\\\/\\\/www.purejewels.com\\\/?s={search_term_string}\"},\"query-input\":{\"@type\":\"PropertyValueSpecification\",\"valueRequired\":true,\"valueName\":\"search_term_string\"}}],\"inLanguage\":\"de\"},{\"@type\":\"Organization\",\"@id\":\"https:\\\/\\\/www.purejewels.com\\\/#organization\",\"name\":\"PureJewels UK\",\"url\":\"https:\\\/\\\/www.purejewels.com\\\/\",\"logo\":{\"@type\":\"ImageObject\",\"inLanguage\":\"de\",\"@id\":\"https:\\\/\\\/www.purejewels.com\\\/#\\\/schema\\\/logo\\\/image\\\/\",\"url\":\"https:\\\/\\\/static.purejewels.com\\\/wp-content\\\/uploads\\\/2020\\\/11\\\/Logo-PJ-New-1.png\",\"contentUrl\":\"https:\\\/\\\/static.purejewels.com\\\/wp-content\\\/uploads\\\/2020\\\/11\\\/Logo-PJ-New-1.png\",\"width\":150,\"height\":80,\"caption\":\"PureJewels UK\"},\"image\":{\"@id\":\"https:\\\/\\\/www.purejewels.com\\\/#\\\/schema\\\/logo\\\/image\\\/\"}}]}<\/script>\n<!-- \/ Yoast SEO plugin. -->","yoast_head_json":{"title":"22 Karat Gold Ohrringe mit Rhodium-Finish | PureJewels UK","description":"Elegante Ohrstecker aus 22 Karat Gold mit skulpturalen Durchbruchdetails und raffinierter Rhodiumbeschichtung. Zeitgen\u00f6ssische Eleganz von PureJewels London.","robots":{"index":"index","follow":"follow","max-snippet":"max-snippet:-1","max-image-preview":"max-image-preview:large","max-video-preview":"max-video-preview:-1"},"canonical":"https:\/\/www.purejewels.com\/de\/produkt-2\/22-karat-gold-ohrring-33231\/","og_locale":"de_DE","og_type":"article","og_title":"22ct Gold Sculpted Earrings with Rhodium Finish | PureJewels UK","og_description":"Elegant 22ct gold stud earrings with sculpted openwork detailing and a refined rhodium finish. Contemporary elegance by PureJewels London.","og_url":"https:\/\/www.purejewels.com\/de\/produkt-2\/22-karat-gold-ohrring-33231\/","og_site_name":"PureJewels UK","article_modified_time":"2025-12-23T11:21:23+00:00","og_image":[{"width":1000,"height":1000,"url":"https:\/\/static.purejewels.com\/wp-content\/uploads\/2020\/10\/image188293702.jpg","type":"image\/jpeg"}],"twitter_card":"summary_large_image","twitter_misc":{"Gesch\u00e4tzte Lesezeit":"1\u00a0Minute"},"schema":{"@context":"https:\/\/schema.org","@graph":[{"@type":["WebPage","ItemPage"],"@id":"https:\/\/www.purejewels.com\/product\/22ct-gold-earring-33231\/","url":"https:\/\/www.purejewels.com\/product\/22ct-gold-earring-33231\/","name":"22 Karat Gold Ohrringe mit Rhodium-Finish | PureJewels UK","isPartOf":{"@id":"https:\/\/www.purejewels.com\/#website"},"primaryImageOfPage":{"@id":"https:\/\/www.purejewels.com\/product\/22ct-gold-earring-33231\/#primaryimage"},"image":{"@id":"https:\/\/www.purejewels.com\/product\/22ct-gold-earring-33231\/#primaryimage"},"thumbnailUrl":"https:\/\/static.purejewels.com\/wp-content\/uploads\/2020\/10\/image188293702.jpg","datePublished":"2020-10-23T07:58:42+00:00","dateModified":"2025-12-23T11:21:23+00:00","description":"Elegante Ohrstecker aus 22 Karat Gold mit skulpturalen Durchbruchdetails und raffinierter Rhodiumbeschichtung. Zeitgen\u00f6ssische Eleganz von PureJewels London.","breadcrumb":{"@id":"https:\/\/www.purejewels.com\/product\/22ct-gold-earring-33231\/#breadcrumb"},"inLanguage":"de","potentialAction":[{"@type":"ReadAction","target":["https:\/\/www.purejewels.com\/product\/22ct-gold-earring-33231\/"]}]},{"@type":"ImageObject","inLanguage":"de","@id":"https:\/\/www.purejewels.com\/product\/22ct-gold-earring-33231\/#primaryimage","url":"https:\/\/static.purejewels.com\/wp-content\/uploads\/2020\/10\/image188293702.jpg","contentUrl":"https:\/\/static.purejewels.com\/wp-content\/uploads\/2020\/10\/image188293702.jpg","width":1000,"height":1000},{"@type":"BreadcrumbList","@id":"https:\/\/www.purejewels.com\/product\/22ct-gold-earring-33231\/#breadcrumb","itemListElement":[{"@type":"ListItem","position":1,"name":"Home","item":"https:\/\/www.purejewels.com\/"},{"@type":"ListItem","position":2,"name":"Shop","item":"https:\/\/www.purejewels.com\/shop\/"},{"@type":"ListItem","position":3,"name":"22ct Gold Sculpted Earrings with Rhodium Finish"}]},{"@type":"WebSite","@id":"https:\/\/www.purejewels.com\/#website","url":"https:\/\/www.purejewels.com\/","name":"PureJewels UK","description":"Teile die Liebe","publisher":{"@id":"https:\/\/www.purejewels.com\/#organization"},"potentialAction":[{"@type":"SearchAction","target":{"@type":"EntryPoint","urlTemplate":"https:\/\/www.purejewels.com\/?s={search_term_string}"},"query-input":{"@type":"PropertyValueSpecification","valueRequired":true,"valueName":"search_term_string"}}],"inLanguage":"de"},{"@type":"Organization","@id":"https:\/\/www.purejewels.com\/#organization","name":"PureJewels UK","url":"https:\/\/www.purejewels.com\/","logo":{"@type":"ImageObject","inLanguage":"de","@id":"https:\/\/www.purejewels.com\/#\/schema\/logo\/image\/","url":"https:\/\/static.purejewels.com\/wp-content\/uploads\/2020\/11\/Logo-PJ-New-1.png","contentUrl":"https:\/\/static.purejewels.com\/wp-content\/uploads\/2020\/11\/Logo-PJ-New-1.png","width":150,"height":80,"caption":"PureJewels UK"},"image":{"@id":"https:\/\/www.purejewels.com\/#\/schema\/logo\/image\/"}}]}},"_links":{"self":[{"href":"https:\/\/www.purejewels.com\/de\/wp-json\/wp\/v2\/product\/318545","targetHints":{"allow":["GET"]}}],"collection":[{"href":"https:\/\/www.purejewels.com\/de\/wp-json\/wp\/v2\/product"}],"about":[{"href":"https:\/\/www.purejewels.com\/de\/wp-json\/wp\/v2\/types\/product"}],"replies":[{"embeddable":true,"href":"https:\/\/www.purejewels.com\/de\/wp-json\/wp\/v2\/comments?post=318545"}],"version-history":[{"count":4,"href":"https:\/\/www.purejewels.com\/de\/wp-json\/wp\/v2\/product\/318545\/revisions"}],"predecessor-version":[{"id":423766,"href":"https:\/\/www.purejewels.com\/de\/wp-json\/wp\/v2\/product\/318545\/revisions\/423766"}],"wp:featuredmedia":[{"embeddable":true,"href":"https:\/\/www.purejewels.com\/de\/wp-json\/wp\/v2\/media\/318552"}],"wp:attachment":[{"href":"https:\/\/www.purejewels.com\/de\/wp-json\/wp\/v2\/media?parent=318545"}],"wp:term":[{"taxonomy":"product_brand","embeddable":true,"href":"https:\/\/www.purejewels.com\/de\/wp-json\/wp\/v2\/product_brand?post=318545"},{"taxonomy":"product_cat","embeddable":true,"href":"https:\/\/www.purejewels.com\/de\/wp-json\/wp\/v2\/product_cat?post=318545"},{"taxonomy":"product_tag","embeddable":true,"href":"https:\/\/www.purejewels.com\/de\/wp-json\/wp\/v2\/product_tag?post=318545"}],"curies":[{"name":"wp","href":"https:\/\/api.w.org\/{rel}","templated":true}]}}