{"id":318693,"date":"2020-10-29T11:42:16","date_gmt":"2020-10-29T11:42:16","guid":{"rendered":"https:\/\/www.purejewels.com\/product\/baroque-artemisia-sterling-silver-necklace-ngn004\/"},"modified":"2021-11-03T19:25:43","modified_gmt":"2021-11-03T19:25:43","slug":"barocke-artemisia-halskette-aus-sterlingsilber-ngn004","status":"publish","type":"product","link":"https:\/\/www.purejewels.com\/de\/product\/baroque-artemisia-sterling-silver-necklace-ngn004\/","title":{"rendered":"Artemisia Sterling Silber Halskette NGN004"},"content":{"rendered":"<ul>\n<li>Artemisia <a href=\"https:\/\/www.purejewels.com\/de\/product\/silver-ganesh-coin-20g-vibrant-color-edition\/\">Sterling Silber<\/a> Granat-Halskette<\/li>\n<li>Aus der Sammlung der Nationalgalerie<\/li>\n<li>Mit schwarzer Rhodium-Beschichtung und Gold-Vermeilung<\/li>\n<\/ul>","protected":false},"excerpt":{"rendered":"<p>Artemisia T-Bar-Halskette aus Sterlingsilber und Perlen.<\/p>\n<p>Die Halskette mit dem auff\u00e4lligen T-Steg ist mit zarten S\u00fc\u00dfwasserperlen aufgereiht und mit Granaten akzentuiert. Das Ergebnis ist ein atemberaubendes Schmuckst\u00fcck, das sowohl Kunst als auch Weiblichkeit verk\u00f6rpert. 22 Karat Gelbgold Vermeil, schwarz rhodiniertes Sterlingsilber, Granate, S\u00fc\u00dfwasserperlen.<\/p>\n<ul>\n<li>Artemisia Granat-Halskette aus Sterlingsilber<\/li>\n<li>Aus der Sammlung der Nationalgalerie<\/li>\n<li>Mit schwarzer Rhodium-Beschichtung und Gold-Vermeilung<\/li>\n<\/ul>","protected":false},"featured_media":318694,"comment_status":"closed","ping_status":"closed","template":"","meta":{"_eb_attr":"","_crsspst_to_jayantr4sg-hostcom":false},"product_brand":[],"product_cat":[1791,1559,1253,3562,1778,1569],"product_tag":[],"class_list":{"0":"post-318693","1":"product","2":"type-product","3":"status-publish","4":"has-post-thumbnail","6":"product_cat-anniversary-gifts","7":"product_cat-birthday-gifts","8":"product_cat-gold-necklaces","9":"product_cat-national-gallery-collection","10":"product_cat-short-necklaces","11":"product_cat-valentine-day-gifts","13":"first","14":"outofstock","15":"taxable","16":"shipping-taxable","17":"product-type-simple","18":"add-to-wishlist-before_image"},"yoast_head":"<!-- This site is optimized with the Yoast SEO plugin v27.3 - https:\/\/yoast.com\/product\/yoast-seo-wordpress\/ -->\n<title>Artemisia Silver Garnet Necklace | National Gallery Collection<\/title>\n<meta name=\"description\" content=\"Browse Artemisia Sterling Silver Garnet Necklace From The National Gallery Collection With Black Rhodium Plating and Gold Vermeil\" \/>\n<meta name=\"robots\" content=\"index, follow, max-snippet:-1, max-image-preview:large, max-video-preview:-1\" \/>\n<link rel=\"canonical\" href=\"https:\/\/www.purejewels.com\/de\/produkt-2\/barocke-artemisia-halskette-aus-sterlingsilber-ngn004\/\" \/>\n<meta property=\"og:locale\" content=\"de_DE\" \/>\n<meta property=\"og:type\" content=\"article\" \/>\n<meta property=\"og:title\" content=\"Artemisia Silver Garnet Necklace | National Gallery Collection\" \/>\n<meta property=\"og:description\" content=\"Browse Artemisia Sterling Silver Garnet Necklace From The National Gallery Collection With Black Rhodium Plating and Gold Vermeil\" \/>\n<meta property=\"og:url\" content=\"https:\/\/www.purejewels.com\/de\/produkt-2\/barocke-artemisia-halskette-aus-sterlingsilber-ngn004\/\" \/>\n<meta property=\"og:site_name\" content=\"PureJewels UK\" \/>\n<meta property=\"article:modified_time\" content=\"2021-11-03T19:25:43+00:00\" \/>\n<meta property=\"og:image\" content=\"https:\/\/www.purejewels.com\/wp-content\/uploads\/2020\/10\/image189149463.jpg\" \/>\n\t<meta property=\"og:image:width\" content=\"1000\" \/>\n\t<meta property=\"og:image:height\" content=\"1000\" \/>\n\t<meta property=\"og:image:type\" content=\"image\/jpeg\" \/>\n<meta name=\"twitter:card\" content=\"summary_large_image\" \/>\n<script type=\"application\/ld+json\" class=\"yoast-schema-graph\">{\"@context\":\"https:\\\/\\\/schema.org\",\"@graph\":[{\"@type\":[\"WebPage\",\"ItemPage\"],\"@id\":\"https:\\\/\\\/www.purejewels.com\\\/product\\\/baroque-artemisia-sterling-silver-necklace-ngn004\\\/\",\"url\":\"https:\\\/\\\/www.purejewels.com\\\/product\\\/baroque-artemisia-sterling-silver-necklace-ngn004\\\/\",\"name\":\"Artemisia Silver Garnet Necklace | National Gallery Collection\",\"isPartOf\":{\"@id\":\"https:\\\/\\\/www.purejewels.com\\\/#website\"},\"primaryImageOfPage\":{\"@id\":\"https:\\\/\\\/www.purejewels.com\\\/product\\\/baroque-artemisia-sterling-silver-necklace-ngn004\\\/#primaryimage\"},\"image\":{\"@id\":\"https:\\\/\\\/www.purejewels.com\\\/product\\\/baroque-artemisia-sterling-silver-necklace-ngn004\\\/#primaryimage\"},\"thumbnailUrl\":\"https:\\\/\\\/static.purejewels.com\\\/wp-content\\\/uploads\\\/2020\\\/10\\\/image189149463.jpg\",\"datePublished\":\"2020-10-29T11:42:16+00:00\",\"dateModified\":\"2021-11-03T19:25:43+00:00\",\"description\":\"Browse Artemisia Sterling Silver Garnet Necklace From The National Gallery Collection With Black Rhodium Plating and Gold Vermeil\",\"breadcrumb\":{\"@id\":\"https:\\\/\\\/www.purejewels.com\\\/product\\\/baroque-artemisia-sterling-silver-necklace-ngn004\\\/#breadcrumb\"},\"inLanguage\":\"de\",\"potentialAction\":[{\"@type\":\"ReadAction\",\"target\":[\"https:\\\/\\\/www.purejewels.com\\\/product\\\/baroque-artemisia-sterling-silver-necklace-ngn004\\\/\"]}]},{\"@type\":\"ImageObject\",\"inLanguage\":\"de\",\"@id\":\"https:\\\/\\\/www.purejewels.com\\\/product\\\/baroque-artemisia-sterling-silver-necklace-ngn004\\\/#primaryimage\",\"url\":\"https:\\\/\\\/static.purejewels.com\\\/wp-content\\\/uploads\\\/2020\\\/10\\\/image189149463.jpg\",\"contentUrl\":\"https:\\\/\\\/static.purejewels.com\\\/wp-content\\\/uploads\\\/2020\\\/10\\\/image189149463.jpg\",\"width\":1000,\"height\":1000},{\"@type\":\"BreadcrumbList\",\"@id\":\"https:\\\/\\\/www.purejewels.com\\\/product\\\/baroque-artemisia-sterling-silver-necklace-ngn004\\\/#breadcrumb\",\"itemListElement\":[{\"@type\":\"ListItem\",\"position\":1,\"name\":\"Home\",\"item\":\"https:\\\/\\\/www.purejewels.com\\\/\"},{\"@type\":\"ListItem\",\"position\":2,\"name\":\"Shop\",\"item\":\"https:\\\/\\\/www.purejewels.com\\\/shop\\\/\"},{\"@type\":\"ListItem\",\"position\":3,\"name\":\"Artemisia Sterling Silver Necklace NGN004\"}]},{\"@type\":\"WebSite\",\"@id\":\"https:\\\/\\\/www.purejewels.com\\\/#website\",\"url\":\"https:\\\/\\\/www.purejewels.com\\\/\",\"name\":\"PureJewels UK\",\"description\":\"Share the Love\",\"publisher\":{\"@id\":\"https:\\\/\\\/www.purejewels.com\\\/#organization\"},\"potentialAction\":[{\"@type\":\"SearchAction\",\"target\":{\"@type\":\"EntryPoint\",\"urlTemplate\":\"https:\\\/\\\/www.purejewels.com\\\/?s={search_term_string}\"},\"query-input\":{\"@type\":\"PropertyValueSpecification\",\"valueRequired\":true,\"valueName\":\"search_term_string\"}}],\"inLanguage\":\"de\"},{\"@type\":\"Organization\",\"@id\":\"https:\\\/\\\/www.purejewels.com\\\/#organization\",\"name\":\"PureJewels UK\",\"url\":\"https:\\\/\\\/www.purejewels.com\\\/\",\"logo\":{\"@type\":\"ImageObject\",\"inLanguage\":\"de\",\"@id\":\"https:\\\/\\\/www.purejewels.com\\\/#\\\/schema\\\/logo\\\/image\\\/\",\"url\":\"https:\\\/\\\/static.purejewels.com\\\/wp-content\\\/uploads\\\/2020\\\/11\\\/Logo-PJ-New-1.png\",\"contentUrl\":\"https:\\\/\\\/static.purejewels.com\\\/wp-content\\\/uploads\\\/2020\\\/11\\\/Logo-PJ-New-1.png\",\"width\":150,\"height\":80,\"caption\":\"PureJewels UK\"},\"image\":{\"@id\":\"https:\\\/\\\/www.purejewels.com\\\/#\\\/schema\\\/logo\\\/image\\\/\"}}]}<\/script>\n<!-- \/ Yoast SEO plugin. -->","yoast_head_json":{"title":"Artemisia Silber-Granat-Halskette | Sammlung der Nationalgalerie","description":"Durchsuchen Sie Artemisia Sterling Silber Granat Halskette aus der National Gallery Collection mit schwarzer Rhodium-Beschichtung und Gold Vermeil","robots":{"index":"index","follow":"follow","max-snippet":"max-snippet:-1","max-image-preview":"max-image-preview:large","max-video-preview":"max-video-preview:-1"},"canonical":"https:\/\/www.purejewels.com\/de\/produkt-2\/barocke-artemisia-halskette-aus-sterlingsilber-ngn004\/","og_locale":"de_DE","og_type":"article","og_title":"Artemisia Silver Garnet Necklace | National Gallery Collection","og_description":"Browse Artemisia Sterling Silver Garnet Necklace From The National Gallery Collection With Black Rhodium Plating and Gold Vermeil","og_url":"https:\/\/www.purejewels.com\/de\/produkt-2\/barocke-artemisia-halskette-aus-sterlingsilber-ngn004\/","og_site_name":"PureJewels UK","article_modified_time":"2021-11-03T19:25:43+00:00","og_image":[{"width":1000,"height":1000,"url":"https:\/\/www.purejewels.com\/wp-content\/uploads\/2020\/10\/image189149463.jpg","type":"image\/jpeg"}],"twitter_card":"summary_large_image","schema":{"@context":"https:\/\/schema.org","@graph":[{"@type":["WebPage","ItemPage"],"@id":"https:\/\/www.purejewels.com\/product\/baroque-artemisia-sterling-silver-necklace-ngn004\/","url":"https:\/\/www.purejewels.com\/product\/baroque-artemisia-sterling-silver-necklace-ngn004\/","name":"Artemisia Silber-Granat-Halskette | Sammlung der Nationalgalerie","isPartOf":{"@id":"https:\/\/www.purejewels.com\/#website"},"primaryImageOfPage":{"@id":"https:\/\/www.purejewels.com\/product\/baroque-artemisia-sterling-silver-necklace-ngn004\/#primaryimage"},"image":{"@id":"https:\/\/www.purejewels.com\/product\/baroque-artemisia-sterling-silver-necklace-ngn004\/#primaryimage"},"thumbnailUrl":"https:\/\/static.purejewels.com\/wp-content\/uploads\/2020\/10\/image189149463.jpg","datePublished":"2020-10-29T11:42:16+00:00","dateModified":"2021-11-03T19:25:43+00:00","description":"Durchsuchen Sie Artemisia Sterling Silber Granat Halskette aus der National Gallery Collection mit schwarzer Rhodium-Beschichtung und Gold Vermeil","breadcrumb":{"@id":"https:\/\/www.purejewels.com\/product\/baroque-artemisia-sterling-silver-necklace-ngn004\/#breadcrumb"},"inLanguage":"de","potentialAction":[{"@type":"ReadAction","target":["https:\/\/www.purejewels.com\/product\/baroque-artemisia-sterling-silver-necklace-ngn004\/"]}]},{"@type":"ImageObject","inLanguage":"de","@id":"https:\/\/www.purejewels.com\/product\/baroque-artemisia-sterling-silver-necklace-ngn004\/#primaryimage","url":"https:\/\/static.purejewels.com\/wp-content\/uploads\/2020\/10\/image189149463.jpg","contentUrl":"https:\/\/static.purejewels.com\/wp-content\/uploads\/2020\/10\/image189149463.jpg","width":1000,"height":1000},{"@type":"BreadcrumbList","@id":"https:\/\/www.purejewels.com\/product\/baroque-artemisia-sterling-silver-necklace-ngn004\/#breadcrumb","itemListElement":[{"@type":"ListItem","position":1,"name":"Home","item":"https:\/\/www.purejewels.com\/"},{"@type":"ListItem","position":2,"name":"Shop","item":"https:\/\/www.purejewels.com\/shop\/"},{"@type":"ListItem","position":3,"name":"Artemisia Sterling Silver Necklace NGN004"}]},{"@type":"WebSite","@id":"https:\/\/www.purejewels.com\/#website","url":"https:\/\/www.purejewels.com\/","name":"PureJewels UK","description":"Teile die Liebe","publisher":{"@id":"https:\/\/www.purejewels.com\/#organization"},"potentialAction":[{"@type":"SearchAction","target":{"@type":"EntryPoint","urlTemplate":"https:\/\/www.purejewels.com\/?s={search_term_string}"},"query-input":{"@type":"PropertyValueSpecification","valueRequired":true,"valueName":"search_term_string"}}],"inLanguage":"de"},{"@type":"Organization","@id":"https:\/\/www.purejewels.com\/#organization","name":"PureJewels UK","url":"https:\/\/www.purejewels.com\/","logo":{"@type":"ImageObject","inLanguage":"de","@id":"https:\/\/www.purejewels.com\/#\/schema\/logo\/image\/","url":"https:\/\/static.purejewels.com\/wp-content\/uploads\/2020\/11\/Logo-PJ-New-1.png","contentUrl":"https:\/\/static.purejewels.com\/wp-content\/uploads\/2020\/11\/Logo-PJ-New-1.png","width":150,"height":80,"caption":"PureJewels UK"},"image":{"@id":"https:\/\/www.purejewels.com\/#\/schema\/logo\/image\/"}}]}},"_links":{"self":[{"href":"https:\/\/www.purejewels.com\/de\/wp-json\/wp\/v2\/product\/318693","targetHints":{"allow":["GET"]}}],"collection":[{"href":"https:\/\/www.purejewels.com\/de\/wp-json\/wp\/v2\/product"}],"about":[{"href":"https:\/\/www.purejewels.com\/de\/wp-json\/wp\/v2\/types\/product"}],"replies":[{"embeddable":true,"href":"https:\/\/www.purejewels.com\/de\/wp-json\/wp\/v2\/comments?post=318693"}],"version-history":[{"count":0,"href":"https:\/\/www.purejewels.com\/de\/wp-json\/wp\/v2\/product\/318693\/revisions"}],"wp:featuredmedia":[{"embeddable":true,"href":"https:\/\/www.purejewels.com\/de\/wp-json\/wp\/v2\/media\/318694"}],"wp:attachment":[{"href":"https:\/\/www.purejewels.com\/de\/wp-json\/wp\/v2\/media?parent=318693"}],"wp:term":[{"taxonomy":"product_brand","embeddable":true,"href":"https:\/\/www.purejewels.com\/de\/wp-json\/wp\/v2\/product_brand?post=318693"},{"taxonomy":"product_cat","embeddable":true,"href":"https:\/\/www.purejewels.com\/de\/wp-json\/wp\/v2\/product_cat?post=318693"},{"taxonomy":"product_tag","embeddable":true,"href":"https:\/\/www.purejewels.com\/de\/wp-json\/wp\/v2\/product_tag?post=318693"}],"curies":[{"name":"wp","href":"https:\/\/api.w.org\/{rel}","templated":true}]}}